{"id":75023,"date":"2020-12-04T18:01:27","date_gmt":"2020-12-04T17:01:27","guid":{"rendered":"https:\/\/svetslik.si\/hilfe-bei-der-raumintegration\/"},"modified":"2024-07-14T15:27:57","modified_gmt":"2024-07-14T13:27:57","slug":"hilfe-bei-der-raumintegration","status":"publish","type":"page","link":"https:\/\/svetslik.si\/de\/hilfe-bei-der-raumintegration\/","title":{"rendered":"Visualisierung des Gem\u00e4ldes an der Wand"},"content":{"rendered":"<div class=\"wpb-content-wrapper\">[vc_row et_full_width=&#8221;true&#8221; et_row_padding=&#8221;true&#8221; css=&#8221;.vc_custom_1580673315753{padding-top: 8vh !important;padding-bottom: 8vh !important;background-color: #f6f6f6 !important;}&#8221;][vc_column css=&#8221;.vc_custom_1638288335457{background-color: #f6f6f6 !important;}&#8221;][vc_row_inner][vc_column_inner][vc_column_text animation=&#8221;animation bottom-to-top&#8221; css=&#8221;.vc_custom_1638288379492{margin-bottom: 0px !important;}&#8221;]\n<div style=\"text-align: center;\">\n<h5 class=\"fancy-tag light-color\">Hilfe beim Kauf<\/h5>\n<\/div>\n<h1 style=\"text-align: center;\">Computervisualisierung eines Gem\u00e4ldes an Ihrer Wand<\/h1>\n[\/vc_column_text][\/vc_column_inner][\/vc_row_inner][vc_row_inner et_column_align=&#8221;align-center&#8221;][vc_column_inner animation=&#8221;animation bottom-to-top&#8221; offset=&#8221;vc_col-lg-9&#8243;][vc_empty_space]\t<div class=\"et-image-234 et-image     et_image_link\">\n\t\t<div class=\"et-image-inner \">\n\t\t\t\t\t\t\t<div class=\"et-image-thumb \">\n\t\t\t\t\t<img decoding=\"async\" width=\"600\" height=\"450\" src=\"https:\/\/svetslik.si\/wp-content\/uploads\/2023\/06\/gemalde-visualisierung.webp\" class=\"attachment-full\" alt=\"Visualisierung von Gem\u00e4lden\" title=\"Visualisierung von Gem\u00e4lden\" srcset=\"https:\/\/svetslik.si\/wp-content\/uploads\/2023\/06\/gemalde-visualisierung.webp 600w, https:\/\/svetslik.si\/wp-content\/uploads\/2023\/06\/gemalde-visualisierung-300x225.webp 300w, https:\/\/svetslik.si\/wp-content\/uploads\/2023\/06\/gemalde-visualisierung-150x113.webp 150w\" sizes=\"(max-width: 600px) 100vw, 600px\" \/>\t\t\t\t<\/div>\n\t\t\t\t\t\t\t\t\t\t\t<\/div>\n\t<\/div>\n  [vc_empty_space][\/vc_column_inner][\/vc_row_inner][vc_row_inner content_placement=&#8221;middle&#8221;][vc_column_inner animation=&#8221;animation bottom-to-top&#8221;][vc_column_text css=&#8221;.vc_custom_1638432073337{margin-bottom: 0px !important;}&#8221;]\n<div style=\"text-align: center;\"><\/div>\n<p style=\"text-align: center;\">Sie k\u00f6nnen sich nicht vorstellen, wie das Gem\u00e4lde in Ihrem Raum aussehen wird?<\/p>\n<p style=\"text-align: center;\">Wir platzieren das Bild digital auf ein Foto Ihres Raums oder Ihrer Wand.<\/p>\n<p style=\"text-align: center;\">Schreiben Sie uns an info@svetslik.si und senden Sie uns ein Foto Ihres Raums sowie eine Auswahl der Bilder, die wir platzieren sollen.<\/p>\n[\/vc_column_text][vc_empty_space][\/vc_column_inner][\/vc_row_inner][vc_row_inner et_max_width=&#8221;&#8221; et_column_align=&#8221;align-right&#8221; content_placement=&#8221;middle&#8221;][vc_column_inner animation=&#8221;animation bottom-to-top&#8221;]\t<div id=\"et-icon-holder-184\" class=\"et-icon-holder row center- lg-block-grid-1 md-block-grid-1 block-grid-1 \">\n\t\t\r\n\t<div id=\"et-iconbox-362\" class=\"et-iconbox layout-centered icon-style-simple bottom-spacing-none icon-color- text-color- animation bottom-to-top \"> \r\n\t\t<div class=\"et-icon-inner\">\r\n\t\t\t\t\t\t<figure class=\"et-feature-icon\">\r\n\t\t\t\t\t\t\t\t<span class=\"pe-7f-chat\"><\/span>\r\n\t\t\t\t\t\t\t<\/figure>\r\n\t\t\t\t\t\t<div class=\"et-feature-content\"> \r\n\t\t\t\t\t\t\t\t\t\t\t\t\t\t\t\t\t<h4 class=\"title\">Kontaktieren Sie uns<\/h4>\r\n\t\t\t\t\t\t\t\t\t\t\t\t<div class=\"wpb_text_column\"><p><a href=\"mailto:info@svetslik.si\">info@svetslik.si<\/a><\/p>\n<\/div>\r\n\t\t\t<\/div>\r\n\t\t<\/div>\r\n\t<\/div>\r\n\r\n\t\t<\/div>\n\t[\/vc_column_inner][\/vc_row_inner][vc_row_inner et_column_align=&#8221;align-center&#8221; content_placement=&#8221;middle&#8221;][vc_column_inner animation=&#8221;animation bottom-to-top&#8221; offset=&#8221;vc_col-lg-9&#8243;][vc_empty_space]\t<div id=\"et-image-slider-945\" class=\"et-image-slider slick slick-slider slick-dotted slick-dots-centered centered  overflow-visible \" data-adaptive-height=\"false\" variable-width=\"true\" data-pagination=\"true\" data-navigation=\"true\" data-center=\"true\" data-fade=\"\" data-columns=\"1\" data-infinite=\"true\" data-autoplay=\"true\" data-autoplay-speed=\"\" data-pause=\"\">\n\t\t\n\t\t\t\t\t<div class=\"gallery-item\">\n\t\t\t\t\t\t\t\t\t\t\t\t\t<div class=\"et-image-inner\">\n\t\t\t\t\t\t\t\t<div class=\"et_image_slider-wrapper\"><img decoding=\"async\" width=\"1024\" height=\"768\" src=\"https:\/\/svetslik.si\/wp-content\/uploads\/2023\/03\/stenske-slike-vizualizacija-1024x768.jpg\" class=\"et_image_slider-img attachment-large\" alt=\"Wandbilder - Visualisierung\" title=\"Wandbilder - Visualisierung\" srcset=\"https:\/\/svetslik.si\/wp-content\/uploads\/2023\/03\/stenske-slike-vizualizacija-1024x768.jpg 1024w, https:\/\/svetslik.si\/wp-content\/uploads\/2023\/03\/stenske-slike-vizualizacija-scaled-600x450.jpg 600w, https:\/\/svetslik.si\/wp-content\/uploads\/2023\/03\/stenske-slike-vizualizacija-scaled-1200x900.jpg 1200w, https:\/\/svetslik.si\/wp-content\/uploads\/2023\/03\/stenske-slike-vizualizacija-300x225.jpg 300w, https:\/\/svetslik.si\/wp-content\/uploads\/2023\/03\/stenske-slike-vizualizacija-768x576.jpg 768w, https:\/\/svetslik.si\/wp-content\/uploads\/2023\/03\/stenske-slike-vizualizacija-1536x1152.jpg 1536w, https:\/\/svetslik.si\/wp-content\/uploads\/2023\/03\/stenske-slike-vizualizacija-2048x1536.jpg 2048w, https:\/\/svetslik.si\/wp-content\/uploads\/2023\/03\/stenske-slike-vizualizacija-16x12.jpg 16w, https:\/\/svetslik.si\/wp-content\/uploads\/2023\/03\/stenske-slike-vizualizacija-150x113.jpg 150w\" sizes=\"(max-width: 1024px) 100vw, 1024px\" \/><\/div>\t\t\t\t\t\t\t\t\t\t\t\t\t\t\t\t\t\t\t\t\t\t\t<\/div>\n\t\t\t\t\t\t\t\t\t\t\t<\/div>\n\t\t\t\t\n\t\t\t\t\n\t\t\t\t\t<div class=\"gallery-item\">\n\t\t\t\t\t\t\t\t\t\t\t\t\t<div class=\"et-image-inner\">\n\t\t\t\t\t\t\t\t<div class=\"et_image_slider-wrapper\"><img decoding=\"async\" width=\"1024\" height=\"768\" src=\"https:\/\/svetslik.si\/wp-content\/uploads\/2023\/03\/stenske-slike-vizualizacija1-1024x768.jpg\" class=\"et_image_slider-img attachment-large\" alt=\"Wandbilder - Visualisierung\" title=\"Wandbilder - Visualisierung\" srcset=\"https:\/\/svetslik.si\/wp-content\/uploads\/2023\/03\/stenske-slike-vizualizacija1-1024x768.jpg 1024w, https:\/\/svetslik.si\/wp-content\/uploads\/2023\/03\/stenske-slike-vizualizacija1-scaled-600x450.jpg 600w, https:\/\/svetslik.si\/wp-content\/uploads\/2023\/03\/stenske-slike-vizualizacija1-scaled-1200x900.jpg 1200w, https:\/\/svetslik.si\/wp-content\/uploads\/2023\/03\/stenske-slike-vizualizacija1-300x225.jpg 300w, https:\/\/svetslik.si\/wp-content\/uploads\/2023\/03\/stenske-slike-vizualizacija1-768x576.jpg 768w, https:\/\/svetslik.si\/wp-content\/uploads\/2023\/03\/stenske-slike-vizualizacija1-1536x1152.jpg 1536w, https:\/\/svetslik.si\/wp-content\/uploads\/2023\/03\/stenske-slike-vizualizacija1-2048x1536.jpg 2048w, https:\/\/svetslik.si\/wp-content\/uploads\/2023\/03\/stenske-slike-vizualizacija1-16x12.jpg 16w, https:\/\/svetslik.si\/wp-content\/uploads\/2023\/03\/stenske-slike-vizualizacija1-150x113.jpg 150w\" sizes=\"(max-width: 1024px) 100vw, 1024px\" \/><\/div>\t\t\t\t\t\t\t\t\t\t\t\t\t\t\t\t\t\t\t\t\t\t\t<\/div>\n\t\t\t\t\t\t\t\t\t\t\t<\/div>\n\t\t\t\t\n\t\t\t\t\n\t\t\t\t\t<div class=\"gallery-item\">\n\t\t\t\t\t\t\t\t\t\t\t\t\t<div class=\"et-image-inner\">\n\t\t\t\t\t\t\t\t<div class=\"et_image_slider-wrapper\"><img decoding=\"async\" width=\"1024\" height=\"768\" src=\"https:\/\/svetslik.si\/wp-content\/uploads\/2023\/03\/stenske-slike-vizualizacija2-1024x768.jpg\" class=\"et_image_slider-img attachment-large\" alt=\"Wandbilder - Visualisierung\" title=\"stenske slike - vizualizacija2\" srcset=\"https:\/\/svetslik.si\/wp-content\/uploads\/2023\/03\/stenske-slike-vizualizacija2-1024x768.jpg 1024w, https:\/\/svetslik.si\/wp-content\/uploads\/2023\/03\/stenske-slike-vizualizacija2-scaled-600x450.jpg 600w, https:\/\/svetslik.si\/wp-content\/uploads\/2023\/03\/stenske-slike-vizualizacija2-scaled-1200x900.jpg 1200w, https:\/\/svetslik.si\/wp-content\/uploads\/2023\/03\/stenske-slike-vizualizacija2-300x225.jpg 300w, https:\/\/svetslik.si\/wp-content\/uploads\/2023\/03\/stenske-slike-vizualizacija2-768x576.jpg 768w, https:\/\/svetslik.si\/wp-content\/uploads\/2023\/03\/stenske-slike-vizualizacija2-1536x1152.jpg 1536w, https:\/\/svetslik.si\/wp-content\/uploads\/2023\/03\/stenske-slike-vizualizacija2-2048x1536.jpg 2048w, https:\/\/svetslik.si\/wp-content\/uploads\/2023\/03\/stenske-slike-vizualizacija2-16x12.jpg 16w, https:\/\/svetslik.si\/wp-content\/uploads\/2023\/03\/stenske-slike-vizualizacija2-150x113.jpg 150w\" sizes=\"(max-width: 1024px) 100vw, 1024px\" \/><\/div>\t\t\t\t\t\t\t\t\t\t\t\t\t\t\t\t\t\t\t\t\t\t\t<\/div>\n\t\t\t\t\t\t\t\t\t\t\t<\/div>\n\t\t\t\t\n\t\t\t\t\n\t\t\t\t\t<div class=\"gallery-item\">\n\t\t\t\t\t\t\t\t\t\t\t\t\t<div class=\"et-image-inner\">\n\t\t\t\t\t\t\t\t<div class=\"et_image_slider-wrapper\"><img decoding=\"async\" width=\"1024\" height=\"768\" src=\"https:\/\/svetslik.si\/wp-content\/uploads\/2023\/03\/stenske-slike-vizualizacija3-1024x768.jpg\" class=\"et_image_slider-img attachment-large\" alt=\"Wandbilder - Visualisierung\" title=\"Wandbilder - Visualisierung\" srcset=\"https:\/\/svetslik.si\/wp-content\/uploads\/2023\/03\/stenske-slike-vizualizacija3-1024x768.jpg 1024w, https:\/\/svetslik.si\/wp-content\/uploads\/2023\/03\/stenske-slike-vizualizacija3-scaled-600x450.jpg 600w, https:\/\/svetslik.si\/wp-content\/uploads\/2023\/03\/stenske-slike-vizualizacija3-scaled-1200x900.jpg 1200w, https:\/\/svetslik.si\/wp-content\/uploads\/2023\/03\/stenske-slike-vizualizacija3-300x225.jpg 300w, https:\/\/svetslik.si\/wp-content\/uploads\/2023\/03\/stenske-slike-vizualizacija3-768x576.jpg 768w, https:\/\/svetslik.si\/wp-content\/uploads\/2023\/03\/stenske-slike-vizualizacija3-1536x1152.jpg 1536w, https:\/\/svetslik.si\/wp-content\/uploads\/2023\/03\/stenske-slike-vizualizacija3-2048x1536.jpg 2048w, https:\/\/svetslik.si\/wp-content\/uploads\/2023\/03\/stenske-slike-vizualizacija3-16x12.jpg 16w, https:\/\/svetslik.si\/wp-content\/uploads\/2023\/03\/stenske-slike-vizualizacija3-150x113.jpg 150w\" sizes=\"(max-width: 1024px) 100vw, 1024px\" \/><\/div>\t\t\t\t\t\t\t\t\t\t\t\t\t\t\t\t\t\t\t\t\t\t\t<\/div>\n\t\t\t\t\t\t\t\t\t\t\t<\/div>\n\t\t\t\t\n\t\t\t\t\n\t\t\t\t\t<div class=\"gallery-item\">\n\t\t\t\t\t\t\t\t\t\t\t\t\t<div class=\"et-image-inner\">\n\t\t\t\t\t\t\t\t<div class=\"et_image_slider-wrapper\"><img decoding=\"async\" width=\"1024\" height=\"768\" src=\"https:\/\/svetslik.si\/wp-content\/uploads\/2023\/03\/stenske-slike-vizualizacija4-1024x768.jpg\" class=\"et_image_slider-img attachment-large\" alt=\"Wandbilder - Visualisierung\" title=\"Wandbilder - Visualisierung\" srcset=\"https:\/\/svetslik.si\/wp-content\/uploads\/2023\/03\/stenske-slike-vizualizacija4-1024x768.jpg 1024w, https:\/\/svetslik.si\/wp-content\/uploads\/2023\/03\/stenske-slike-vizualizacija4-scaled-600x450.jpg 600w, https:\/\/svetslik.si\/wp-content\/uploads\/2023\/03\/stenske-slike-vizualizacija4-scaled-1200x900.jpg 1200w, https:\/\/svetslik.si\/wp-content\/uploads\/2023\/03\/stenske-slike-vizualizacija4-300x225.jpg 300w, https:\/\/svetslik.si\/wp-content\/uploads\/2023\/03\/stenske-slike-vizualizacija4-768x576.jpg 768w, https:\/\/svetslik.si\/wp-content\/uploads\/2023\/03\/stenske-slike-vizualizacija4-1536x1152.jpg 1536w, https:\/\/svetslik.si\/wp-content\/uploads\/2023\/03\/stenske-slike-vizualizacija4-2048x1536.jpg 2048w, https:\/\/svetslik.si\/wp-content\/uploads\/2023\/03\/stenske-slike-vizualizacija4-16x12.jpg 16w, https:\/\/svetslik.si\/wp-content\/uploads\/2023\/03\/stenske-slike-vizualizacija4-150x113.jpg 150w\" sizes=\"(max-width: 1024px) 100vw, 1024px\" \/><\/div>\t\t\t\t\t\t\t\t\t\t\t\t\t\t\t\t\t\t\t\t\t\t\t<\/div>\n\t\t\t\t\t\t\t\t\t\t\t<\/div>\n\t\t\t\t\n\t\t\t\t\n\t\t\t\t\t<div class=\"gallery-item\">\n\t\t\t\t\t\t\t\t\t\t\t\t\t<div class=\"et-image-inner\">\n\t\t\t\t\t\t\t\t<div class=\"et_image_slider-wrapper\"><img decoding=\"async\" width=\"1024\" height=\"768\" src=\"https:\/\/svetslik.si\/wp-content\/uploads\/2023\/03\/stenske-slike-vizualizacija5-1024x768.jpg\" class=\"et_image_slider-img attachment-large\" alt=\"Wandbilder - Visualisierung\" title=\"Wandbilder - Visualisierung\" srcset=\"https:\/\/svetslik.si\/wp-content\/uploads\/2023\/03\/stenske-slike-vizualizacija5-1024x768.jpg 1024w, https:\/\/svetslik.si\/wp-content\/uploads\/2023\/03\/stenske-slike-vizualizacija5-scaled-600x450.jpg 600w, https:\/\/svetslik.si\/wp-content\/uploads\/2023\/03\/stenske-slike-vizualizacija5-scaled-1200x900.jpg 1200w, https:\/\/svetslik.si\/wp-content\/uploads\/2023\/03\/stenske-slike-vizualizacija5-300x225.jpg 300w, https:\/\/svetslik.si\/wp-content\/uploads\/2023\/03\/stenske-slike-vizualizacija5-768x576.jpg 768w, https:\/\/svetslik.si\/wp-content\/uploads\/2023\/03\/stenske-slike-vizualizacija5-1536x1152.jpg 1536w, https:\/\/svetslik.si\/wp-content\/uploads\/2023\/03\/stenske-slike-vizualizacija5-2048x1536.jpg 2048w, https:\/\/svetslik.si\/wp-content\/uploads\/2023\/03\/stenske-slike-vizualizacija5-16x12.jpg 16w, https:\/\/svetslik.si\/wp-content\/uploads\/2023\/03\/stenske-slike-vizualizacija5-150x113.jpg 150w\" sizes=\"(max-width: 1024px) 100vw, 1024px\" \/><\/div>\t\t\t\t\t\t\t\t\t\t\t\t\t\t\t\t\t\t\t\t\t\t\t<\/div>\n\t\t\t\t\t\t\t\t\t\t\t<\/div>\n\t\t\t\t\n\t\t\t\t\n\t\t\t\t\t<div class=\"gallery-item\">\n\t\t\t\t\t\t\t\t\t\t\t\t\t<div class=\"et-image-inner\">\n\t\t\t\t\t\t\t\t<div class=\"et_image_slider-wrapper\"><img decoding=\"async\" width=\"1024\" height=\"768\" src=\"https:\/\/svetslik.si\/wp-content\/uploads\/2023\/03\/stenske-slike-vizualizacija6-1024x768.jpg\" class=\"et_image_slider-img attachment-large\" alt=\"Wandbilder - Visualisierung\" title=\"Wandbilder - Visualisierung\" srcset=\"https:\/\/svetslik.si\/wp-content\/uploads\/2023\/03\/stenske-slike-vizualizacija6-1024x768.jpg 1024w, https:\/\/svetslik.si\/wp-content\/uploads\/2023\/03\/stenske-slike-vizualizacija6-scaled-600x450.jpg 600w, https:\/\/svetslik.si\/wp-content\/uploads\/2023\/03\/stenske-slike-vizualizacija6-scaled-1200x900.jpg 1200w, https:\/\/svetslik.si\/wp-content\/uploads\/2023\/03\/stenske-slike-vizualizacija6-300x225.jpg 300w, https:\/\/svetslik.si\/wp-content\/uploads\/2023\/03\/stenske-slike-vizualizacija6-768x576.jpg 768w, https:\/\/svetslik.si\/wp-content\/uploads\/2023\/03\/stenske-slike-vizualizacija6-1536x1152.jpg 1536w, https:\/\/svetslik.si\/wp-content\/uploads\/2023\/03\/stenske-slike-vizualizacija6-2048x1536.jpg 2048w, https:\/\/svetslik.si\/wp-content\/uploads\/2023\/03\/stenske-slike-vizualizacija6-16x12.jpg 16w, https:\/\/svetslik.si\/wp-content\/uploads\/2023\/03\/stenske-slike-vizualizacija6-150x113.jpg 150w\" sizes=\"(max-width: 1024px) 100vw, 1024px\" \/><\/div>\t\t\t\t\t\t\t\t\t\t\t\t\t\t\t\t\t\t\t\t\t\t\t<\/div>\n\t\t\t\t\t\t\t\t\t\t\t<\/div>\n\t\t\t\t\n\t\t\t\t\n\t\t\t\t\t<div class=\"gallery-item\">\n\t\t\t\t\t\t\t\t\t\t\t\t\t<div class=\"et-image-inner\">\n\t\t\t\t\t\t\t\t<div class=\"et_image_slider-wrapper\"><img decoding=\"async\" width=\"1024\" height=\"768\" src=\"https:\/\/svetslik.si\/wp-content\/uploads\/2023\/03\/stenske-slike-vizualizacija7-1024x768.jpg\" class=\"et_image_slider-img attachment-large\" alt=\"Wandbilder - Visualisierung\" title=\"Wandbilder - Visualisierung\" srcset=\"https:\/\/svetslik.si\/wp-content\/uploads\/2023\/03\/stenske-slike-vizualizacija7-1024x768.jpg 1024w, https:\/\/svetslik.si\/wp-content\/uploads\/2023\/03\/stenske-slike-vizualizacija7-scaled-600x450.jpg 600w, https:\/\/svetslik.si\/wp-content\/uploads\/2023\/03\/stenske-slike-vizualizacija7-scaled-1200x900.jpg 1200w, https:\/\/svetslik.si\/wp-content\/uploads\/2023\/03\/stenske-slike-vizualizacija7-300x225.jpg 300w, https:\/\/svetslik.si\/wp-content\/uploads\/2023\/03\/stenske-slike-vizualizacija7-768x576.jpg 768w, https:\/\/svetslik.si\/wp-content\/uploads\/2023\/03\/stenske-slike-vizualizacija7-1536x1152.jpg 1536w, https:\/\/svetslik.si\/wp-content\/uploads\/2023\/03\/stenske-slike-vizualizacija7-2048x1536.jpg 2048w, https:\/\/svetslik.si\/wp-content\/uploads\/2023\/03\/stenske-slike-vizualizacija7-16x12.jpg 16w, https:\/\/svetslik.si\/wp-content\/uploads\/2023\/03\/stenske-slike-vizualizacija7-150x113.jpg 150w\" sizes=\"(max-width: 1024px) 100vw, 1024px\" \/><\/div>\t\t\t\t\t\t\t\t\t\t\t\t\t\t\t\t\t\t\t\t\t\t\t<\/div>\n\t\t\t\t\t\t\t\t\t\t\t<\/div>\n\t\t\t\t\n\t\t\t\t\t<\/div>\n\t[vc_empty_space][\/vc_column_inner][\/vc_row_inner][\/vc_column][\/vc_row]\n<\/div>","protected":false},"excerpt":{"rendered":"<p>[vc_row et_full_width=&#8221;true&#8221; et_row_padding=&#8221;true&#8221; css=&#8221;.vc_custom_1580673315753{padding-top: 8vh !important;padding-bottom: 8vh !important;background-color: #f6f6f6 !important;}&#8221;][vc_column css=&#8221;.vc_custom_1638288335457{background-color: #f6f6f6 !important;}&#8221;][vc_row_inner][vc_column_inner][vc_column_text animation=&#8221;animation bottom-to-top&#8221; css=&#8221;.vc_custom_1638288379492{margin-bottom: 0px !important;}&#8221;] Hilfe beim Kauf Computervisualisierung eines Gem\u00e4ldes an Ihrer Wand [\/vc_column_text][\/vc_column_inner][\/vc_row_inner][vc_row_inner et_column_align=&#8221;align-center&#8221;][vc_column_inner animation=&#8221;animation bottom-to-top&#8221; offset=&#8221;vc_col-lg-9&#8243;][vc_empty_space][vc_empty_space][\/vc_column_inner][\/vc_row_inner][vc_row_inner content_placement=&#8221;middle&#8221;][vc_column_inner animation=&#8221;animation bottom-to-top&#8221;][vc_column_text css=&#8221;.vc_custom_1638432073337{margin-bottom: 0px !important;}&#8221;] Sie k\u00f6nnen sich nicht vorstellen, wie das Gem\u00e4lde in Ihrem Raum aussehen [&hellip;]<\/p>\n","protected":false},"author":1,"featured_media":0,"parent":0,"menu_order":0,"comment_status":"closed","ping_status":"closed","template":"","meta":{"_acf_changed":false,"footnotes":""},"class_list":["post-75023","page","type-page","status-publish","hentry"],"acf":[],"yoast_head":"<!-- This site is optimized with the Yoast SEO Premium plugin v26.0 (Yoast SEO v27.2) - https:\/\/yoast.com\/product\/yoast-seo-premium-wordpress\/ -->\n<title>Visualisierung des Gem\u00e4ldes an der Wand - SVETSLIK.SI<\/title>\n<meta name=\"description\" content=\"Vor dem Kauf k\u00f6nnen wir Ihnen helfen, das Kunstwerk digital in Ihren Raum einzuf\u00fcgen. So k\u00f6nnen Sie sicher sein, dass Sie das richtige Bild und die richtige Gr\u00f6\u00dfe ausgew\u00e4hlt haben.\" \/>\n<meta name=\"robots\" content=\"index, follow, max-snippet:-1, max-image-preview:large, max-video-preview:-1\" \/>\n<link rel=\"canonical\" href=\"https:\/\/svetslik.si\/de\/hilfe-bei-der-raumintegration\/\" \/>\n<meta property=\"og:locale\" content=\"de_DE\" \/>\n<meta property=\"og:type\" content=\"article\" \/>\n<meta property=\"og:title\" content=\"Visualisierung des Gem\u00e4ldes an der Wand - SVETSLIK.SI\" \/>\n<meta property=\"og:description\" content=\"100% ro\u010dno naslikane slike na platnu, reprodukcije znanih slikarjev in umetni\u0161ke slike po naro\u010dilu.\" \/>\n<meta property=\"og:url\" content=\"https:\/\/svetslik.si\/de\/hilfe-bei-der-raumintegration\/\" \/>\n<meta property=\"og:site_name\" content=\"SVETSLIK.SI\" \/>\n<meta property=\"article:publisher\" content=\"https:\/\/www.facebook.com\/svetslik.si\" \/>\n<meta property=\"article:modified_time\" content=\"2024-07-14T13:27:57+00:00\" \/>\n<meta property=\"og:image\" content=\"https:\/\/svetslik.si\/wp-content\/uploads\/2023\/01\/svetslik.si_.jpg\" \/>\n\t<meta property=\"og:image:width\" content=\"1736\" \/>\n\t<meta property=\"og:image:height\" content=\"570\" \/>\n\t<meta property=\"og:image:type\" content=\"image\/jpeg\" \/>\n<meta name=\"twitter:card\" content=\"summary_large_image\" \/>\n<meta name=\"twitter:site\" content=\"@svetslik\" \/>\n<meta name=\"twitter:label1\" content=\"Gesch\u00e4tzte Lesezeit\" \/>\n\t<meta name=\"twitter:data1\" content=\"1\u00a0Minute\" \/>\n<script type=\"application\/ld+json\" class=\"yoast-schema-graph\">{\"@context\":\"https:\/\/schema.org\",\"@graph\":[{\"@type\":\"WebPage\",\"@id\":\"https:\/\/svetslik.si\/de\/hilfe-bei-der-raumintegration\/\",\"url\":\"https:\/\/svetslik.si\/de\/hilfe-bei-der-raumintegration\/\",\"name\":\"Visualisierung des Gem\u00e4ldes an der Wand - SVETSLIK.SI\",\"isPartOf\":{\"@id\":\"https:\/\/svetslik.si\/de\/#website\"},\"datePublished\":\"2020-12-04T17:01:27+00:00\",\"dateModified\":\"2024-07-14T13:27:57+00:00\",\"description\":\"Vor dem Kauf k\u00f6nnen wir Ihnen helfen, das Kunstwerk digital in Ihren Raum einzuf\u00fcgen. So k\u00f6nnen Sie sicher sein, dass Sie das richtige Bild und die richtige Gr\u00f6\u00dfe ausgew\u00e4hlt haben.\",\"breadcrumb\":{\"@id\":\"https:\/\/svetslik.si\/de\/hilfe-bei-der-raumintegration\/#breadcrumb\"},\"inLanguage\":\"de\",\"potentialAction\":[{\"@type\":\"ReadAction\",\"target\":[\"https:\/\/svetslik.si\/de\/hilfe-bei-der-raumintegration\/\"]}]},{\"@type\":\"BreadcrumbList\",\"@id\":\"https:\/\/svetslik.si\/de\/hilfe-bei-der-raumintegration\/#breadcrumb\",\"itemListElement\":[{\"@type\":\"ListItem\",\"position\":1,\"name\":\"Wandkunst und Gem\u00e4lde auf Leinwand\",\"item\":\"https:\/\/svetslik.si\/de\/\"},{\"@type\":\"ListItem\",\"position\":2,\"name\":\"Visualisierung des Gem\u00e4ldes an der Wand\"}]},{\"@type\":\"WebSite\",\"@id\":\"https:\/\/svetslik.si\/de\/#website\",\"url\":\"https:\/\/svetslik.si\/de\/\",\"name\":\"SVETSLIK.SI\",\"description\":\"100% handgemalte Reproduktionen von Gem\u00e4lden ber\u00fchmter Maler und Gem\u00e4lde auf Leinwand.\",\"publisher\":{\"@id\":\"https:\/\/svetslik.si\/de\/#organization\"},\"potentialAction\":[{\"@type\":\"SearchAction\",\"target\":{\"@type\":\"EntryPoint\",\"urlTemplate\":\"https:\/\/svetslik.si\/de\/?s={search_term_string}\"},\"query-input\":{\"@type\":\"PropertyValueSpecification\",\"valueRequired\":true,\"valueName\":\"search_term_string\"}}],\"inLanguage\":\"de\"},{\"@type\":\"Organization\",\"@id\":\"https:\/\/svetslik.si\/de\/#organization\",\"name\":\"SvetSlik.si\",\"url\":\"https:\/\/svetslik.si\/de\/\",\"logo\":{\"@type\":\"ImageObject\",\"inLanguage\":\"de\",\"@id\":\"https:\/\/svetslik.si\/de\/#\/schema\/logo\/image\/\",\"url\":\"https:\/\/svetslik.si\/wp-content\/uploads\/2020\/12\/logo-512.png\",\"contentUrl\":\"https:\/\/svetslik.si\/wp-content\/uploads\/2020\/12\/logo-512.png\",\"width\":512,\"height\":512,\"caption\":\"SvetSlik.si\"},\"image\":{\"@id\":\"https:\/\/svetslik.si\/de\/#\/schema\/logo\/image\/\"},\"sameAs\":[\"https:\/\/www.facebook.com\/svetslik.si\",\"https:\/\/x.com\/svetslik\",\"https:\/\/www.instagram.com\/svetslik.si\/\",\"https:\/\/www.linkedin.com\/company\/svetslik-si\"]}]}<\/script>\n<!-- \/ Yoast SEO Premium plugin. -->","yoast_head_json":{"title":"Visualisierung des Gem\u00e4ldes an der Wand - SVETSLIK.SI","description":"Vor dem Kauf k\u00f6nnen wir Ihnen helfen, das Kunstwerk digital in Ihren Raum einzuf\u00fcgen. So k\u00f6nnen Sie sicher sein, dass Sie das richtige Bild und die richtige Gr\u00f6\u00dfe ausgew\u00e4hlt haben.","robots":{"index":"index","follow":"follow","max-snippet":"max-snippet:-1","max-image-preview":"max-image-preview:large","max-video-preview":"max-video-preview:-1"},"canonical":"https:\/\/svetslik.si\/de\/hilfe-bei-der-raumintegration\/","og_locale":"de_DE","og_type":"article","og_title":"Visualisierung des Gem\u00e4ldes an der Wand - SVETSLIK.SI","og_description":"100% ro\u010dno naslikane slike na platnu, reprodukcije znanih slikarjev in umetni\u0161ke slike po naro\u010dilu.","og_url":"https:\/\/svetslik.si\/de\/hilfe-bei-der-raumintegration\/","og_site_name":"SVETSLIK.SI","article_publisher":"https:\/\/www.facebook.com\/svetslik.si","article_modified_time":"2024-07-14T13:27:57+00:00","og_image":[{"width":1736,"height":570,"url":"https:\/\/svetslik.si\/wp-content\/uploads\/2023\/01\/svetslik.si_.jpg","type":"image\/jpeg"}],"twitter_card":"summary_large_image","twitter_site":"@svetslik","twitter_misc":{"Gesch\u00e4tzte Lesezeit":"1\u00a0Minute"},"schema":{"@context":"https:\/\/schema.org","@graph":[{"@type":"WebPage","@id":"https:\/\/svetslik.si\/de\/hilfe-bei-der-raumintegration\/","url":"https:\/\/svetslik.si\/de\/hilfe-bei-der-raumintegration\/","name":"Visualisierung des Gem\u00e4ldes an der Wand - SVETSLIK.SI","isPartOf":{"@id":"https:\/\/svetslik.si\/de\/#website"},"datePublished":"2020-12-04T17:01:27+00:00","dateModified":"2024-07-14T13:27:57+00:00","description":"Vor dem Kauf k\u00f6nnen wir Ihnen helfen, das Kunstwerk digital in Ihren Raum einzuf\u00fcgen. So k\u00f6nnen Sie sicher sein, dass Sie das richtige Bild und die richtige Gr\u00f6\u00dfe ausgew\u00e4hlt haben.","breadcrumb":{"@id":"https:\/\/svetslik.si\/de\/hilfe-bei-der-raumintegration\/#breadcrumb"},"inLanguage":"de","potentialAction":[{"@type":"ReadAction","target":["https:\/\/svetslik.si\/de\/hilfe-bei-der-raumintegration\/"]}]},{"@type":"BreadcrumbList","@id":"https:\/\/svetslik.si\/de\/hilfe-bei-der-raumintegration\/#breadcrumb","itemListElement":[{"@type":"ListItem","position":1,"name":"Wandkunst und Gem\u00e4lde auf Leinwand","item":"https:\/\/svetslik.si\/de\/"},{"@type":"ListItem","position":2,"name":"Visualisierung des Gem\u00e4ldes an der Wand"}]},{"@type":"WebSite","@id":"https:\/\/svetslik.si\/de\/#website","url":"https:\/\/svetslik.si\/de\/","name":"SVETSLIK.SI","description":"100% handgemalte Reproduktionen von Gem\u00e4lden ber\u00fchmter Maler und Gem\u00e4lde auf Leinwand.","publisher":{"@id":"https:\/\/svetslik.si\/de\/#organization"},"potentialAction":[{"@type":"SearchAction","target":{"@type":"EntryPoint","urlTemplate":"https:\/\/svetslik.si\/de\/?s={search_term_string}"},"query-input":{"@type":"PropertyValueSpecification","valueRequired":true,"valueName":"search_term_string"}}],"inLanguage":"de"},{"@type":"Organization","@id":"https:\/\/svetslik.si\/de\/#organization","name":"SvetSlik.si","url":"https:\/\/svetslik.si\/de\/","logo":{"@type":"ImageObject","inLanguage":"de","@id":"https:\/\/svetslik.si\/de\/#\/schema\/logo\/image\/","url":"https:\/\/svetslik.si\/wp-content\/uploads\/2020\/12\/logo-512.png","contentUrl":"https:\/\/svetslik.si\/wp-content\/uploads\/2020\/12\/logo-512.png","width":512,"height":512,"caption":"SvetSlik.si"},"image":{"@id":"https:\/\/svetslik.si\/de\/#\/schema\/logo\/image\/"},"sameAs":["https:\/\/www.facebook.com\/svetslik.si","https:\/\/x.com\/svetslik","https:\/\/www.instagram.com\/svetslik.si\/","https:\/\/www.linkedin.com\/company\/svetslik-si"]}]}},"jetpack_sharing_enabled":true,"_links":{"self":[{"href":"https:\/\/svetslik.si\/de\/wp-json\/wp\/v2\/pages\/75023","targetHints":{"allow":["GET"]}}],"collection":[{"href":"https:\/\/svetslik.si\/de\/wp-json\/wp\/v2\/pages"}],"about":[{"href":"https:\/\/svetslik.si\/de\/wp-json\/wp\/v2\/types\/page"}],"author":[{"embeddable":true,"href":"https:\/\/svetslik.si\/de\/wp-json\/wp\/v2\/users\/1"}],"replies":[{"embeddable":true,"href":"https:\/\/svetslik.si\/de\/wp-json\/wp\/v2\/comments?post=75023"}],"version-history":[{"count":0,"href":"https:\/\/svetslik.si\/de\/wp-json\/wp\/v2\/pages\/75023\/revisions"}],"wp:attachment":[{"href":"https:\/\/svetslik.si\/de\/wp-json\/wp\/v2\/media?parent=75023"}],"curies":[{"name":"wp","href":"https:\/\/api.w.org\/{rel}","templated":true}]}}