{"id":101182,"date":"2023-09-17T10:40:48","date_gmt":"2023-09-17T08:40:48","guid":{"rendered":"https:\/\/svetslik.si\/unkategorisiert\/egon-schiele-town-among-greenery-the-old-city-iii\/"},"modified":"2023-09-17T17:22:16","modified_gmt":"2023-09-17T15:22:16","slug":"egon-schiele-town-among-greenery-the-old-city-iii","status":"publish","type":"product","link":"https:\/\/svetslik.si\/de\/egon-schiele-de\/egon-schiele-town-among-greenery-the-old-city-iii\/","title":{"rendered":"Egon Schiele &#8211; Town among Greenery (The Old City III)"},"content":{"rendered":"<div class=\"wpb-content-wrapper\">[vc_row][vc_column][vc_column_text]\n<h1 style=\"text-align: left;\">Egon Schiele &#8211; Town among Greenery (The Old City III)<\/h1>\n[\/vc_column_text][\/vc_column][\/vc_row]\n<\/div>","protected":false},"excerpt":{"rendered":"<p>[vc_row][vc_column][vc_column_text] Egon Schiele &#8211; Town among Greenery (The Old City III) [\/vc_column_text][\/vc_column][\/vc_row]<\/p>\n","protected":false},"featured_media":99712,"template":"","meta":{"_acf_changed":false},"product_brand":[],"product_cat":[12178],"product_tag":[],"class_list":{"0":"post-101182","1":"product","2":"type-product","3":"status-publish","4":"has-post-thumbnail","6":"product_cat-egon-schiele-de","7":"pa_dimenzija-100-x-80-cm-de","8":"pa_dimenzija-110-x-90-cm-de","9":"pa_dimenzija-120-x-95-de","10":"pa_dimenzija-130-x-105-cm-de","11":"pa_dimenzija-140-x-115-cm-de","12":"pa_dimenzija-40-x-30-cm-de","13":"pa_dimenzija-50-x-40-cm-de","14":"pa_dimenzija-60-x-50-cm-de","15":"pa_dimenzija-70-x-55-cm-de","16":"pa_dimenzija-80-x-65-cm-de","17":"pa_dimenzija-90-x-70-cm-de","18":"pa_oblika-horizontal-de","19":"pa_okvir-ohne-rahmen","20":"pa_podokvir-ja","21":"pa_podokvir-nein","23":"first","24":"onbackorder","25":"purchasable","26":"product-type-variable"},"acf":[],"yoast_head":"<!-- This site is optimized with the Yoast SEO Premium plugin v26.0 (Yoast SEO v27.2) - https:\/\/yoast.com\/product\/yoast-seo-premium-wordpress\/ -->\n<title>Egon Schiele - Town among Greenery (The Old City III) - SVETSLIK.SI - 100 % handbemalt<\/title>\n<meta name=\"description\" content=\"Egon Schiele - Town among Greenery (The Old City III) - \u2013 100 % handgemalte Leinwandkunst. Verkauf von Reproduktionen ber\u00fchmter Maler, Anfertigung von Gem\u00e4lden auf Bestellung und Einrahmung.\" \/>\n<meta name=\"robots\" content=\"index, follow, max-snippet:-1, max-image-preview:large, max-video-preview:-1\" \/>\n<link rel=\"canonical\" href=\"https:\/\/svetslik.si\/de\/egon-schiele-de\/egon-schiele-town-among-greenery-the-old-city-iii\/\" \/>\n<meta property=\"og:locale\" content=\"de_DE\" \/>\n<meta property=\"og:type\" content=\"article\" \/>\n<meta property=\"og:title\" content=\"Egon Schiele - Town among Greenery (The Old City III)\" \/>\n<meta property=\"og:description\" content=\"100% ro\u010dno naslikane slike na platnu, reprodukcije znanih slikarjev in umetni\u0161ke slike po naro\u010dilu.\" \/>\n<meta property=\"og:url\" content=\"https:\/\/svetslik.si\/de\/egon-schiele-de\/egon-schiele-town-among-greenery-the-old-city-iii\/\" \/>\n<meta property=\"og:site_name\" content=\"SVETSLIK.SI\" \/>\n<meta property=\"article:publisher\" content=\"https:\/\/www.facebook.com\/svetslik.si\" \/>\n<meta property=\"article:modified_time\" content=\"2023-09-17T15:22:16+00:00\" \/>\n<meta property=\"og:image\" content=\"https:\/\/svetslik.si\/wp-content\/uploads\/2023\/09\/Egon-Schiele-Town-among-Greenery-The-Old-City-III.jpg\" \/>\n\t<meta property=\"og:image:width\" content=\"1500\" \/>\n\t<meta property=\"og:image:height\" content=\"1194\" \/>\n\t<meta property=\"og:image:type\" content=\"image\/jpeg\" \/>\n<meta name=\"twitter:card\" content=\"summary_large_image\" \/>\n<meta name=\"twitter:site\" content=\"@svetslik\" \/>\n<meta name=\"twitter:label1\" content=\"Verf\u00fcgbarkeit\" \/>\n\t<meta name=\"twitter:data1\" content=\"bei Nachbestellung\" \/>\n<script type=\"application\/ld+json\" class=\"yoast-schema-graph\">{\"@context\":\"https:\/\/schema.org\",\"@graph\":[{\"@type\":[\"WebPage\",\"ItemPage\"],\"@id\":\"https:\/\/svetslik.si\/de\/egon-schiele-de\/egon-schiele-town-among-greenery-the-old-city-iii\/\",\"url\":\"https:\/\/svetslik.si\/de\/egon-schiele-de\/egon-schiele-town-among-greenery-the-old-city-iii\/\",\"name\":\"Egon Schiele - Town among Greenery (The Old City III) - SVETSLIK.SI - 100 % handbemalt\",\"isPartOf\":{\"@id\":\"https:\/\/svetslik.si\/de\/#website\"},\"primaryImageOfPage\":{\"@id\":\"https:\/\/svetslik.si\/de\/egon-schiele-de\/egon-schiele-town-among-greenery-the-old-city-iii\/#primaryimage\"},\"image\":{\"@id\":\"https:\/\/svetslik.si\/de\/egon-schiele-de\/egon-schiele-town-among-greenery-the-old-city-iii\/#primaryimage\"},\"thumbnailUrl\":\"https:\/\/svetslik.si\/wp-content\/uploads\/2023\/09\/Egon-Schiele-Town-among-Greenery-The-Old-City-III.jpg\",\"datePublished\":\"2023-09-17T08:40:48+00:00\",\"dateModified\":\"2023-09-17T15:22:16+00:00\",\"description\":\"Egon Schiele - Town among Greenery (The Old City III) - \u2013 100 % handgemalte Leinwandkunst. Verkauf von Reproduktionen ber\u00fchmter Maler, Anfertigung von Gem\u00e4lden auf Bestellung und Einrahmung.\",\"breadcrumb\":{\"@id\":\"https:\/\/svetslik.si\/de\/egon-schiele-de\/egon-schiele-town-among-greenery-the-old-city-iii\/#breadcrumb\"},\"inLanguage\":\"de\",\"potentialAction\":[{\"@type\":\"ReadAction\",\"target\":[\"https:\/\/svetslik.si\/de\/egon-schiele-de\/egon-schiele-town-among-greenery-the-old-city-iii\/\"]}]},{\"@type\":\"ImageObject\",\"inLanguage\":\"de\",\"@id\":\"https:\/\/svetslik.si\/de\/egon-schiele-de\/egon-schiele-town-among-greenery-the-old-city-iii\/#primaryimage\",\"url\":\"https:\/\/svetslik.si\/wp-content\/uploads\/2023\/09\/Egon-Schiele-Town-among-Greenery-The-Old-City-III.jpg\",\"contentUrl\":\"https:\/\/svetslik.si\/wp-content\/uploads\/2023\/09\/Egon-Schiele-Town-among-Greenery-The-Old-City-III.jpg\",\"width\":1500,\"height\":1194,\"caption\":\"Egon Schiele Town among Greenery (The Old City III)\"},{\"@type\":\"BreadcrumbList\",\"@id\":\"https:\/\/svetslik.si\/de\/egon-schiele-de\/egon-schiele-town-among-greenery-the-old-city-iii\/#breadcrumb\",\"itemListElement\":[{\"@type\":\"ListItem\",\"position\":1,\"name\":\"Wandkunst und Gem\u00e4lde auf Leinwand\",\"item\":\"https:\/\/svetslik.si\/de\/\"},{\"@type\":\"ListItem\",\"position\":2,\"name\":\"Verkauf von Gem\u00e4lden\",\"item\":\"https:\/\/svetslik.si\/prodaja-slik\/\"},{\"@type\":\"ListItem\",\"position\":3,\"name\":\"Egon Schiele &#8211; Town among Greenery (The Old City III)\"}]},{\"@type\":\"WebSite\",\"@id\":\"https:\/\/svetslik.si\/de\/#website\",\"url\":\"https:\/\/svetslik.si\/de\/\",\"name\":\"SVETSLIK.SI\",\"description\":\"100% handgemalte Reproduktionen von Gem\u00e4lden ber\u00fchmter Maler und Gem\u00e4lde auf Leinwand.\",\"publisher\":{\"@id\":\"https:\/\/svetslik.si\/de\/#organization\"},\"potentialAction\":[{\"@type\":\"SearchAction\",\"target\":{\"@type\":\"EntryPoint\",\"urlTemplate\":\"https:\/\/svetslik.si\/de\/?s={search_term_string}\"},\"query-input\":{\"@type\":\"PropertyValueSpecification\",\"valueRequired\":true,\"valueName\":\"search_term_string\"}}],\"inLanguage\":\"de\"},{\"@type\":\"Organization\",\"@id\":\"https:\/\/svetslik.si\/de\/#organization\",\"name\":\"SvetSlik.si\",\"url\":\"https:\/\/svetslik.si\/de\/\",\"logo\":{\"@type\":\"ImageObject\",\"inLanguage\":\"de\",\"@id\":\"https:\/\/svetslik.si\/de\/#\/schema\/logo\/image\/\",\"url\":\"https:\/\/svetslik.si\/wp-content\/uploads\/2020\/12\/logo-512.png\",\"contentUrl\":\"https:\/\/svetslik.si\/wp-content\/uploads\/2020\/12\/logo-512.png\",\"width\":512,\"height\":512,\"caption\":\"SvetSlik.si\"},\"image\":{\"@id\":\"https:\/\/svetslik.si\/de\/#\/schema\/logo\/image\/\"},\"sameAs\":[\"https:\/\/www.facebook.com\/svetslik.si\",\"https:\/\/x.com\/svetslik\",\"https:\/\/www.instagram.com\/svetslik.si\/\",\"https:\/\/www.linkedin.com\/company\/svetslik-si\"]}]}<\/script>\n<meta property=\"og:availability\" content=\"backorder\" \/>\n<meta property=\"product:availability\" content=\"available for order\" \/>\n<meta property=\"product:retailer_item_id\" content=\"252_10-2\" \/>\n<meta property=\"product:condition\" content=\"new\" \/>\n<!-- \/ Yoast SEO Premium plugin. -->","yoast_head_json":{"title":"Egon Schiele - Town among Greenery (The Old City III) - SVETSLIK.SI - 100 % handbemalt","description":"Egon Schiele - Town among Greenery (The Old City III) - \u2013 100 % handgemalte Leinwandkunst. Verkauf von Reproduktionen ber\u00fchmter Maler, Anfertigung von Gem\u00e4lden auf Bestellung und Einrahmung.","robots":{"index":"index","follow":"follow","max-snippet":"max-snippet:-1","max-image-preview":"max-image-preview:large","max-video-preview":"max-video-preview:-1"},"canonical":"https:\/\/svetslik.si\/de\/egon-schiele-de\/egon-schiele-town-among-greenery-the-old-city-iii\/","og_locale":"de_DE","og_type":"article","og_title":"Egon Schiele - Town among Greenery (The Old City III)","og_description":"100% ro\u010dno naslikane slike na platnu, reprodukcije znanih slikarjev in umetni\u0161ke slike po naro\u010dilu.","og_url":"https:\/\/svetslik.si\/de\/egon-schiele-de\/egon-schiele-town-among-greenery-the-old-city-iii\/","og_site_name":"SVETSLIK.SI","article_publisher":"https:\/\/www.facebook.com\/svetslik.si","article_modified_time":"2023-09-17T15:22:16+00:00","og_image":[{"width":1500,"height":1194,"url":"https:\/\/svetslik.si\/wp-content\/uploads\/2023\/09\/Egon-Schiele-Town-among-Greenery-The-Old-City-III.jpg","type":"image\/jpeg"}],"twitter_card":"summary_large_image","twitter_site":"@svetslik","twitter_misc":{"Verf\u00fcgbarkeit":"bei Nachbestellung"},"schema":{"@context":"https:\/\/schema.org","@graph":[{"@type":["WebPage","ItemPage"],"@id":"https:\/\/svetslik.si\/de\/egon-schiele-de\/egon-schiele-town-among-greenery-the-old-city-iii\/","url":"https:\/\/svetslik.si\/de\/egon-schiele-de\/egon-schiele-town-among-greenery-the-old-city-iii\/","name":"Egon Schiele - Town among Greenery (The Old City III) - SVETSLIK.SI - 100 % handbemalt","isPartOf":{"@id":"https:\/\/svetslik.si\/de\/#website"},"primaryImageOfPage":{"@id":"https:\/\/svetslik.si\/de\/egon-schiele-de\/egon-schiele-town-among-greenery-the-old-city-iii\/#primaryimage"},"image":{"@id":"https:\/\/svetslik.si\/de\/egon-schiele-de\/egon-schiele-town-among-greenery-the-old-city-iii\/#primaryimage"},"thumbnailUrl":"https:\/\/svetslik.si\/wp-content\/uploads\/2023\/09\/Egon-Schiele-Town-among-Greenery-The-Old-City-III.jpg","datePublished":"2023-09-17T08:40:48+00:00","dateModified":"2023-09-17T15:22:16+00:00","description":"Egon Schiele - Town among Greenery (The Old City III) - \u2013 100 % handgemalte Leinwandkunst. Verkauf von Reproduktionen ber\u00fchmter Maler, Anfertigung von Gem\u00e4lden auf Bestellung und Einrahmung.","breadcrumb":{"@id":"https:\/\/svetslik.si\/de\/egon-schiele-de\/egon-schiele-town-among-greenery-the-old-city-iii\/#breadcrumb"},"inLanguage":"de","potentialAction":[{"@type":"ReadAction","target":["https:\/\/svetslik.si\/de\/egon-schiele-de\/egon-schiele-town-among-greenery-the-old-city-iii\/"]}]},{"@type":"ImageObject","inLanguage":"de","@id":"https:\/\/svetslik.si\/de\/egon-schiele-de\/egon-schiele-town-among-greenery-the-old-city-iii\/#primaryimage","url":"https:\/\/svetslik.si\/wp-content\/uploads\/2023\/09\/Egon-Schiele-Town-among-Greenery-The-Old-City-III.jpg","contentUrl":"https:\/\/svetslik.si\/wp-content\/uploads\/2023\/09\/Egon-Schiele-Town-among-Greenery-The-Old-City-III.jpg","width":1500,"height":1194,"caption":"Egon Schiele Town among Greenery (The Old City III)"},{"@type":"BreadcrumbList","@id":"https:\/\/svetslik.si\/de\/egon-schiele-de\/egon-schiele-town-among-greenery-the-old-city-iii\/#breadcrumb","itemListElement":[{"@type":"ListItem","position":1,"name":"Wandkunst und Gem\u00e4lde auf Leinwand","item":"https:\/\/svetslik.si\/de\/"},{"@type":"ListItem","position":2,"name":"Verkauf von Gem\u00e4lden","item":"https:\/\/svetslik.si\/prodaja-slik\/"},{"@type":"ListItem","position":3,"name":"Egon Schiele &#8211; Town among Greenery (The Old City III)"}]},{"@type":"WebSite","@id":"https:\/\/svetslik.si\/de\/#website","url":"https:\/\/svetslik.si\/de\/","name":"SVETSLIK.SI","description":"100% handgemalte Reproduktionen von Gem\u00e4lden ber\u00fchmter Maler und Gem\u00e4lde auf Leinwand.","publisher":{"@id":"https:\/\/svetslik.si\/de\/#organization"},"potentialAction":[{"@type":"SearchAction","target":{"@type":"EntryPoint","urlTemplate":"https:\/\/svetslik.si\/de\/?s={search_term_string}"},"query-input":{"@type":"PropertyValueSpecification","valueRequired":true,"valueName":"search_term_string"}}],"inLanguage":"de"},{"@type":"Organization","@id":"https:\/\/svetslik.si\/de\/#organization","name":"SvetSlik.si","url":"https:\/\/svetslik.si\/de\/","logo":{"@type":"ImageObject","inLanguage":"de","@id":"https:\/\/svetslik.si\/de\/#\/schema\/logo\/image\/","url":"https:\/\/svetslik.si\/wp-content\/uploads\/2020\/12\/logo-512.png","contentUrl":"https:\/\/svetslik.si\/wp-content\/uploads\/2020\/12\/logo-512.png","width":512,"height":512,"caption":"SvetSlik.si"},"image":{"@id":"https:\/\/svetslik.si\/de\/#\/schema\/logo\/image\/"},"sameAs":["https:\/\/www.facebook.com\/svetslik.si","https:\/\/x.com\/svetslik","https:\/\/www.instagram.com\/svetslik.si\/","https:\/\/www.linkedin.com\/company\/svetslik-si"]}]},"og_availability":"backorder","product_availability":"available for order","product_retailer_item_id":"252_10-2","product_condition":"new"},"jetpack_sharing_enabled":true,"_links":{"self":[{"href":"https:\/\/svetslik.si\/de\/wp-json\/wp\/v2\/product\/101182","targetHints":{"allow":["GET"]}}],"collection":[{"href":"https:\/\/svetslik.si\/de\/wp-json\/wp\/v2\/product"}],"about":[{"href":"https:\/\/svetslik.si\/de\/wp-json\/wp\/v2\/types\/product"}],"wp:featuredmedia":[{"embeddable":true,"href":"https:\/\/svetslik.si\/de\/wp-json\/wp\/v2\/media\/99712"}],"wp:attachment":[{"href":"https:\/\/svetslik.si\/de\/wp-json\/wp\/v2\/media?parent=101182"}],"wp:term":[{"taxonomy":"product_brand","embeddable":true,"href":"https:\/\/svetslik.si\/de\/wp-json\/wp\/v2\/product_brand?post=101182"},{"taxonomy":"product_cat","embeddable":true,"href":"https:\/\/svetslik.si\/de\/wp-json\/wp\/v2\/product_cat?post=101182"},{"taxonomy":"product_tag","embeddable":true,"href":"https:\/\/svetslik.si\/de\/wp-json\/wp\/v2\/product_tag?post=101182"}],"curies":[{"name":"wp","href":"https:\/\/api.w.org\/{rel}","templated":true}]}}