{"id":104361,"date":"2023-11-30T07:36:34","date_gmt":"2023-11-30T06:36:34","guid":{"rendered":"https:\/\/svetslik.si\/?post_type=product&#038;p=104361"},"modified":"2025-03-17T21:59:00","modified_gmt":"2025-03-17T20:59:00","slug":"leinwandbilder-e236","status":"publish","type":"product","link":"https:\/\/svetslik.si\/de\/leinwandbilder-einteilige\/leinwandbilder-e236\/","title":{"rendered":"Leinwandbilder &#8211; E236"},"content":{"rendered":"<div class=\"wpb-content-wrapper\">[vc_row css=&#8221;.vc_custom_1661405884285{margin-bottom: 10px !important;}&#8221;][vc_column]\t<div class=\"et-image-225 et-image     et_image_link\">\n\t\t<div class=\"et-image-inner \">\n\t\t\t\t\t\t\t<div class=\"et-image-thumb \">\n\t\t\t\t\t<img decoding=\"async\" width=\"750\" height=\"1000\" src=\"https:\/\/svetslik.si\/wp-content\/uploads\/2023\/11\/stensle-slike-E326-2.jpg\" class=\"attachment-full\" alt=\"Wandbilder - E326-2: Kreative Wandgestaltung - E326-2\" title=\"Wandbilder - E326-2\" srcset=\"https:\/\/svetslik.si\/wp-content\/uploads\/2023\/11\/stensle-slike-E326-2.jpg 750w, https:\/\/svetslik.si\/wp-content\/uploads\/2023\/11\/stensle-slike-E326-2-600x800.jpg 600w, https:\/\/svetslik.si\/wp-content\/uploads\/2023\/11\/stensle-slike-E326-2-225x300.jpg 225w, https:\/\/svetslik.si\/wp-content\/uploads\/2023\/11\/stensle-slike-E326-2-113x150.jpg 113w\" sizes=\"(max-width: 750px) 100vw, 750px\" \/>\t\t\t\t<\/div>\n\t\t\t\t\t\t\t\t\t\t\t<\/div>\n\t<\/div>\n  [\/vc_column][\/vc_row][vc_row css=&#8221;.vc_custom_1661405884285{margin-bottom: 10px !important;}&#8221;][vc_column]\t<div class=\"et-image-780 et-image     et_image_link\">\n\t\t<div class=\"et-image-inner \">\n\t\t\t\t\t\t\t<div class=\"et-image-thumb \">\n\t\t\t\t\t<img decoding=\"async\" width=\"750\" height=\"1000\" src=\"https:\/\/svetslik.si\/wp-content\/uploads\/2023\/11\/stensle-slike-E326-1.jpg\" class=\"attachment-full\" alt=\"Wandbilder - E326-1: Abstrakte Kunst auf Leinwand - E326-1\" title=\"Wandbilder - E326-1\" srcset=\"https:\/\/svetslik.si\/wp-content\/uploads\/2023\/11\/stensle-slike-E326-1.jpg 750w, https:\/\/svetslik.si\/wp-content\/uploads\/2023\/11\/stensle-slike-E326-1-600x800.jpg 600w, https:\/\/svetslik.si\/wp-content\/uploads\/2023\/11\/stensle-slike-E326-1-225x300.jpg 225w, https:\/\/svetslik.si\/wp-content\/uploads\/2023\/11\/stensle-slike-E326-1-113x150.jpg 113w\" sizes=\"(max-width: 750px) 100vw, 750px\" \/>\t\t\t\t<\/div>\n\t\t\t\t\t\t\t\t\t\t\t<\/div>\n\t<\/div>\n  [\/vc_column][\/vc_row][vc_row css=&#8221;.vc_custom_1661405884285{margin-bottom: 10px !important;}&#8221;][vc_column]\t<div class=\"et-image-176 et-image     et_image_link\">\n\t\t<div class=\"et-image-inner \">\n\t\t\t\t\t\t\t<div class=\"et-image-thumb \">\n\t\t\t\t\t<img decoding=\"async\" width=\"1500\" height=\"2014\" src=\"https:\/\/svetslik.si\/wp-content\/uploads\/2023\/11\/Stenske-slike-\u2013-E236-slike-na-platnu.jpg\" class=\"attachment-full\" alt=\"Leinwandbilder - E236\" title=\"Leinwandbilder - E236\" srcset=\"https:\/\/svetslik.si\/wp-content\/uploads\/2023\/11\/Stenske-slike-\u2013-E236-slike-na-platnu.jpg 1500w, https:\/\/svetslik.si\/wp-content\/uploads\/2023\/11\/Stenske-slike-\u2013-E236-slike-na-platnu-600x806.jpg 600w, https:\/\/svetslik.si\/wp-content\/uploads\/2023\/11\/Stenske-slike-\u2013-E236-slike-na-platnu-1200x1611.jpg 1200w, https:\/\/svetslik.si\/wp-content\/uploads\/2023\/11\/Stenske-slike-\u2013-E236-slike-na-platnu-223x300.jpg 223w, https:\/\/svetslik.si\/wp-content\/uploads\/2023\/11\/Stenske-slike-\u2013-E236-slike-na-platnu-763x1024.jpg 763w, https:\/\/svetslik.si\/wp-content\/uploads\/2023\/11\/Stenske-slike-\u2013-E236-slike-na-platnu-768x1031.jpg 768w, https:\/\/svetslik.si\/wp-content\/uploads\/2023\/11\/Stenske-slike-\u2013-E236-slike-na-platnu-1144x1536.jpg 1144w, https:\/\/svetslik.si\/wp-content\/uploads\/2023\/11\/Stenske-slike-\u2013-E236-slike-na-platnu-112x150.jpg 112w\" sizes=\"(max-width: 1500px) 100vw, 1500px\" \/>\t\t\t\t<\/div>\n\t\t\t\t\t\t\t\t\t\t\t<\/div>\n\t<\/div>\n  [\/vc_column][\/vc_row][vc_row css=&#8221;.vc_custom_1661405884285{margin-bottom: 10px !important;}&#8221;][vc_column]\t<div class=\"et-image-625 et-image     et_image_link\">\n\t\t<div class=\"et-image-inner \">\n\t\t\t\t\t\t\t<div class=\"et-image-thumb \">\n\t\t\t\t\t<img decoding=\"async\" width=\"1447\" height=\"2560\" src=\"https:\/\/svetslik.si\/wp-content\/uploads\/2023\/11\/Stenske-slike-\u2013-E236-slike-na-platnu-2-scaled.jpg\" class=\"attachment-full\" alt=\"Leinwandbilder - E236\" title=\"Leinwandbilder - E236\" srcset=\"https:\/\/svetslik.si\/wp-content\/uploads\/2023\/11\/Stenske-slike-\u2013-E236-slike-na-platnu-2-scaled.jpg 1447w, https:\/\/svetslik.si\/wp-content\/uploads\/2023\/11\/Stenske-slike-\u2013-E236-slike-na-platnu-2-scaled-600x1062.jpg 600w, https:\/\/svetslik.si\/wp-content\/uploads\/2023\/11\/Stenske-slike-\u2013-E236-slike-na-platnu-2-scaled-1200x2123.jpg 1200w, https:\/\/svetslik.si\/wp-content\/uploads\/2023\/11\/Stenske-slike-\u2013-E236-slike-na-platnu-2-170x300.jpg 170w, https:\/\/svetslik.si\/wp-content\/uploads\/2023\/11\/Stenske-slike-\u2013-E236-slike-na-platnu-2-579x1024.jpg 579w, https:\/\/svetslik.si\/wp-content\/uploads\/2023\/11\/Stenske-slike-\u2013-E236-slike-na-platnu-2-768x1359.jpg 768w, https:\/\/svetslik.si\/wp-content\/uploads\/2023\/11\/Stenske-slike-\u2013-E236-slike-na-platnu-2-868x1536.jpg 868w, https:\/\/svetslik.si\/wp-content\/uploads\/2023\/11\/Stenske-slike-\u2013-E236-slike-na-platnu-2-1157x2048.jpg 1157w, https:\/\/svetslik.si\/wp-content\/uploads\/2023\/11\/Stenske-slike-\u2013-E236-slike-na-platnu-2-85x150.jpg 85w\" sizes=\"(max-width: 1447px) 100vw, 1447px\" \/>\t\t\t\t<\/div>\n\t\t\t\t\t\t\t\t\t\t\t<\/div>\n\t<\/div>\n  [\/vc_column][\/vc_row][vc_row css=&#8221;.vc_custom_1661405884285{margin-bottom: 10px !important;}&#8221;][vc_column]\t<div class=\"et-image-334 et-image     et_image_link\">\n\t\t<div class=\"et-image-inner \">\n\t\t\t\t\t\t\t<div class=\"et-image-thumb \">\n\t\t\t\t\t<img decoding=\"async\" width=\"1444\" height=\"2560\" src=\"https:\/\/svetslik.si\/wp-content\/uploads\/2023\/11\/Stenske-slike-\u2013-E236-slike-na-platnu-3-scaled.jpg\" class=\"attachment-full\" alt=\"Leinwandbilder - E236\" title=\"Leinwandbilder - E236\" srcset=\"https:\/\/svetslik.si\/wp-content\/uploads\/2023\/11\/Stenske-slike-\u2013-E236-slike-na-platnu-3-scaled.jpg 1444w, https:\/\/svetslik.si\/wp-content\/uploads\/2023\/11\/Stenske-slike-\u2013-E236-slike-na-platnu-3-scaled-600x1064.jpg 600w, https:\/\/svetslik.si\/wp-content\/uploads\/2023\/11\/Stenske-slike-\u2013-E236-slike-na-platnu-3-scaled-1200x2127.jpg 1200w, https:\/\/svetslik.si\/wp-content\/uploads\/2023\/11\/Stenske-slike-\u2013-E236-slike-na-platnu-3-169x300.jpg 169w, https:\/\/svetslik.si\/wp-content\/uploads\/2023\/11\/Stenske-slike-\u2013-E236-slike-na-platnu-3-577x1024.jpg 577w, https:\/\/svetslik.si\/wp-content\/uploads\/2023\/11\/Stenske-slike-\u2013-E236-slike-na-platnu-3-768x1362.jpg 768w, https:\/\/svetslik.si\/wp-content\/uploads\/2023\/11\/Stenske-slike-\u2013-E236-slike-na-platnu-3-866x1536.jpg 866w, https:\/\/svetslik.si\/wp-content\/uploads\/2023\/11\/Stenske-slike-\u2013-E236-slike-na-platnu-3-1155x2048.jpg 1155w, https:\/\/svetslik.si\/wp-content\/uploads\/2023\/11\/Stenske-slike-\u2013-E236-slike-na-platnu-3-85x150.jpg 85w\" sizes=\"(max-width: 1444px) 100vw, 1444px\" \/>\t\t\t\t<\/div>\n\t\t\t\t\t\t\t\t\t\t\t<\/div>\n\t<\/div>\n  [\/vc_column][\/vc_row][vc_row css=&#8221;.vc_custom_1661405884285{margin-bottom: 10px !important;}&#8221;][vc_column]\t<div class=\"et-image-574 et-image     et_image_link\">\n\t\t<div class=\"et-image-inner \">\n\t\t\t\t\t\t\t<div class=\"et-image-thumb \">\n\t\t\t\t\t<img decoding=\"async\" width=\"1500\" height=\"1343\" src=\"https:\/\/svetslik.si\/wp-content\/uploads\/2023\/11\/Stenske-slike-\u2013-E236-slike-na-platnu-5.jpg\" class=\"attachment-full\" alt=\"Leinwandbilder - E236\" title=\"Leinwandbilder - E236\" srcset=\"https:\/\/svetslik.si\/wp-content\/uploads\/2023\/11\/Stenske-slike-\u2013-E236-slike-na-platnu-5.jpg 1500w, https:\/\/svetslik.si\/wp-content\/uploads\/2023\/11\/Stenske-slike-\u2013-E236-slike-na-platnu-5-600x537.jpg 600w, https:\/\/svetslik.si\/wp-content\/uploads\/2023\/11\/Stenske-slike-\u2013-E236-slike-na-platnu-5-1200x1074.jpg 1200w, https:\/\/svetslik.si\/wp-content\/uploads\/2023\/11\/Stenske-slike-\u2013-E236-slike-na-platnu-5-300x269.jpg 300w, https:\/\/svetslik.si\/wp-content\/uploads\/2023\/11\/Stenske-slike-\u2013-E236-slike-na-platnu-5-1024x917.jpg 1024w, https:\/\/svetslik.si\/wp-content\/uploads\/2023\/11\/Stenske-slike-\u2013-E236-slike-na-platnu-5-768x688.jpg 768w, https:\/\/svetslik.si\/wp-content\/uploads\/2023\/11\/Stenske-slike-\u2013-E236-slike-na-platnu-5-150x134.jpg 150w\" sizes=\"(max-width: 1500px) 100vw, 1500px\" \/>\t\t\t\t<\/div>\n\t\t\t\t\t\t\t\t\t\t\t<\/div>\n\t<\/div>\n  [\/vc_column][\/vc_row][vc_row css=&#8221;.vc_custom_1661405884285{margin-bottom: 10px !important;}&#8221;][vc_column]\t<div class=\"et-image-113 et-image     et_image_link\">\n\t\t<div class=\"et-image-inner \">\n\t\t\t\t\t\t\t<div class=\"et-image-thumb \">\n\t\t\t\t\t<img decoding=\"async\" width=\"1500\" height=\"1125\" src=\"https:\/\/svetslik.si\/wp-content\/uploads\/2023\/11\/Stenske-slike-\u2013-E236-slike-na-platnu-7.jpg\" class=\"attachment-full\" alt=\"Leinwandbilder - E236\" title=\"Leinwandbilder - E236\" srcset=\"https:\/\/svetslik.si\/wp-content\/uploads\/2023\/11\/Stenske-slike-\u2013-E236-slike-na-platnu-7.jpg 1500w, https:\/\/svetslik.si\/wp-content\/uploads\/2023\/11\/Stenske-slike-\u2013-E236-slike-na-platnu-7-600x450.jpg 600w, https:\/\/svetslik.si\/wp-content\/uploads\/2023\/11\/Stenske-slike-\u2013-E236-slike-na-platnu-7-1200x900.jpg 1200w, https:\/\/svetslik.si\/wp-content\/uploads\/2023\/11\/Stenske-slike-\u2013-E236-slike-na-platnu-7-300x225.jpg 300w, https:\/\/svetslik.si\/wp-content\/uploads\/2023\/11\/Stenske-slike-\u2013-E236-slike-na-platnu-7-1024x768.jpg 1024w, https:\/\/svetslik.si\/wp-content\/uploads\/2023\/11\/Stenske-slike-\u2013-E236-slike-na-platnu-7-768x576.jpg 768w, https:\/\/svetslik.si\/wp-content\/uploads\/2023\/11\/Stenske-slike-\u2013-E236-slike-na-platnu-7-150x113.jpg 150w\" sizes=\"(max-width: 1500px) 100vw, 1500px\" \/>\t\t\t\t<\/div>\n\t\t\t\t\t\t\t\t\t\t\t<\/div>\n\t<\/div>\n  [\/vc_column][\/vc_row]\n<\/div>","protected":false},"excerpt":{"rendered":"<p>[vc_row css=&#8221;.vc_custom_1661405884285{margin-bottom: 10px !important;}&#8221;][vc_column][\/vc_column][\/vc_row][vc_row css=&#8221;.vc_custom_1661405884285{margin-bottom: 10px !important;}&#8221;][vc_column][\/vc_column][\/vc_row][vc_row css=&#8221;.vc_custom_1661405884285{margin-bottom: 10px !important;}&#8221;][vc_column][\/vc_column][\/vc_row][vc_row css=&#8221;.vc_custom_1661405884285{margin-bottom: 10px !important;}&#8221;][vc_column][\/vc_column][\/vc_row][vc_row css=&#8221;.vc_custom_1661405884285{margin-bottom: 10px !important;}&#8221;][vc_column][\/vc_column][\/vc_row][vc_row css=&#8221;.vc_custom_1661405884285{margin-bottom: 10px !important;}&#8221;][vc_column][\/vc_column][\/vc_row][vc_row css=&#8221;.vc_custom_1661405884285{margin-bottom: 10px !important;}&#8221;][vc_column][\/vc_column][\/vc_row]<\/p>\n","protected":false},"featured_media":104353,"template":"","meta":{"_acf_changed":false},"product_brand":[],"product_cat":[8471],"product_tag":[8477,8485,8522,8523,8524,8774,9135,8499,9133,8510,9134,8775],"class_list":{"0":"post-104361","1":"product","2":"type-product","3":"status-publish","4":"has-post-thumbnail","6":"product_cat-leinwandbilder-einteilige","7":"product_tag-abstrakte-gemaelde-de","8":"product_tag-dekorative-gemaelde","9":"product_tag-gemaelde-auf-leinwand","10":"product_tag-gemaelde-fuer-das-wohnzimmer","11":"product_tag-gemaelde-fuer-die-wand","12":"product_tag-gemalde-fur-wohnzimmer-3","13":"product_tag-kunst-gemalde","14":"product_tag-moderne-gemalde-de","15":"product_tag-online-galerie","16":"product_tag-verkauf-von-gemaelden","17":"product_tag-wanddekoration","18":"product_tag-wandgemalde-1","19":"pa_dimenzija-100-cm-x-139-cm-de","20":"pa_dimenzija-110-cm-x-153-cm-de","21":"pa_dimenzija-120-cm-x-167-cm-de","22":"pa_dimenzija-130-cm-x-181-cm-de","23":"pa_dimenzija-140-cm-x-195-cm-de","24":"pa_dimenzija-150-cm-x-209-cm-de","25":"pa_dimenzija-160-cm-x-223-cm-de","26":"pa_dimenzija-170-cm-x-237-cm-de","27":"pa_dimenzija-180-cm-x-251-cm-de","28":"pa_dimenzija-200-cm-x-279-cm-de","29":"pa_dimenzija-40-cm-x-55-cm-de","30":"pa_dimenzija-50-cm-x-69-cm-de","31":"pa_dimenzija-60-cm-x-83-cm-de","32":"pa_dimenzija-70-cm-x-97-cm-de","33":"pa_dimenzija-80-cm-x-111-cm-de","34":"pa_dimenzija-90-cm-x-125-cm-de","35":"pa_oblika-vertikal","36":"pa_okvir-ohne-rahmen","37":"pa_podokvir-ja","38":"pa_podokvir-nein","40":"first","41":"onbackorder","42":"purchasable","43":"product-type-variable","44":"has-default-attributes"},"acf":[],"yoast_head":"<!-- This site is optimized with the Yoast SEO Premium plugin v26.0 (Yoast SEO v27.2) - https:\/\/yoast.com\/product\/yoast-seo-premium-wordpress\/ -->\n<title>Leinwandbilder - E236 - SVETSLIK.SI - 100% handgemalt<\/title>\n<meta name=\"description\" content=\"Leinwandbilder - E236 - 100% handgemalte Gem\u00e4lde - Verkauf von Reproduktionen ber\u00fchmter Gem\u00e4lde und abstrakter Kunst - Wandbilder f\u00fcr das Wohnzimmer\" \/>\n<meta name=\"robots\" content=\"index, follow, max-snippet:-1, max-image-preview:large, max-video-preview:-1\" \/>\n<link rel=\"canonical\" href=\"https:\/\/svetslik.si\/de\/leinwandbilder-einteilige\/leinwandbilder-e236\/\" \/>\n<meta property=\"og:locale\" content=\"de_DE\" \/>\n<meta property=\"og:type\" content=\"article\" \/>\n<meta property=\"og:title\" content=\"Leinwandbilder - E236\" \/>\n<meta property=\"og:description\" content=\"100% ro\u010dno naslikane slike na platnu, reprodukcije znanih slikarjev in umetni\u0161ke slike po naro\u010dilu.\" \/>\n<meta property=\"og:url\" content=\"https:\/\/svetslik.si\/de\/leinwandbilder-einteilige\/leinwandbilder-e236\/\" \/>\n<meta property=\"og:site_name\" content=\"SVETSLIK.SI\" \/>\n<meta property=\"article:publisher\" content=\"https:\/\/www.facebook.com\/svetslik.si\" \/>\n<meta property=\"article:modified_time\" content=\"2025-03-17T20:59:00+00:00\" \/>\n<meta property=\"og:image\" content=\"https:\/\/svetslik.si\/wp-content\/uploads\/2023\/11\/stensle-slike-E326.jpg\" \/>\n\t<meta property=\"og:image:width\" content=\"750\" \/>\n\t<meta property=\"og:image:height\" content=\"1000\" \/>\n\t<meta property=\"og:image:type\" content=\"image\/jpeg\" \/>\n<meta name=\"twitter:card\" content=\"summary_large_image\" \/>\n<meta name=\"twitter:site\" content=\"@svetslik\" \/>\n<meta name=\"twitter:label1\" content=\"Verf\u00fcgbarkeit\" \/>\n\t<meta name=\"twitter:data1\" content=\"bei Nachbestellung\" \/>\n<script type=\"application\/ld+json\" class=\"yoast-schema-graph\">{\"@context\":\"https:\/\/schema.org\",\"@graph\":[{\"@type\":[\"WebPage\",\"ItemPage\"],\"@id\":\"https:\/\/svetslik.si\/de\/leinwandbilder-einteilige\/leinwandbilder-e236\/\",\"url\":\"https:\/\/svetslik.si\/de\/leinwandbilder-einteilige\/leinwandbilder-e236\/\",\"name\":\"Leinwandbilder - E236 - SVETSLIK.SI - 100% handgemalt\",\"isPartOf\":{\"@id\":\"https:\/\/svetslik.si\/de\/#website\"},\"primaryImageOfPage\":{\"@id\":\"https:\/\/svetslik.si\/de\/leinwandbilder-einteilige\/leinwandbilder-e236\/#primaryimage\"},\"image\":{\"@id\":\"https:\/\/svetslik.si\/de\/leinwandbilder-einteilige\/leinwandbilder-e236\/#primaryimage\"},\"thumbnailUrl\":\"https:\/\/svetslik.si\/wp-content\/uploads\/2023\/11\/stensle-slike-E326.jpg\",\"datePublished\":\"2023-11-30T06:36:34+00:00\",\"dateModified\":\"2025-03-17T20:59:00+00:00\",\"description\":\"Leinwandbilder - E236 - 100% handgemalte Gem\u00e4lde - Verkauf von Reproduktionen ber\u00fchmter Gem\u00e4lde und abstrakter Kunst - Wandbilder f\u00fcr das Wohnzimmer\",\"breadcrumb\":{\"@id\":\"https:\/\/svetslik.si\/de\/leinwandbilder-einteilige\/leinwandbilder-e236\/#breadcrumb\"},\"inLanguage\":\"de\",\"potentialAction\":[{\"@type\":\"ReadAction\",\"target\":[\"https:\/\/svetslik.si\/de\/leinwandbilder-einteilige\/leinwandbilder-e236\/\"]}]},{\"@type\":\"ImageObject\",\"inLanguage\":\"de\",\"@id\":\"https:\/\/svetslik.si\/de\/leinwandbilder-einteilige\/leinwandbilder-e236\/#primaryimage\",\"url\":\"https:\/\/svetslik.si\/wp-content\/uploads\/2023\/11\/stensle-slike-E326.jpg\",\"contentUrl\":\"https:\/\/svetslik.si\/wp-content\/uploads\/2023\/11\/stensle-slike-E326.jpg\",\"width\":750,\"height\":1000,\"caption\":\"Wandbilder - E326: Erleben Sie die Sch\u00f6nheit von Wandbildern E326. Kunst, die Ihr Zuhause in ein inspirierendes Ambiente verwandelt.\"},{\"@type\":\"BreadcrumbList\",\"@id\":\"https:\/\/svetslik.si\/de\/leinwandbilder-einteilige\/leinwandbilder-e236\/#breadcrumb\",\"itemListElement\":[{\"@type\":\"ListItem\",\"position\":1,\"name\":\"Wandkunst und Gem\u00e4lde auf Leinwand\",\"item\":\"https:\/\/svetslik.si\/de\/\"},{\"@type\":\"ListItem\",\"position\":2,\"name\":\"Verkauf von Gem\u00e4lden\",\"item\":\"https:\/\/svetslik.si\/prodaja-slik\/\"},{\"@type\":\"ListItem\",\"position\":3,\"name\":\"Leinwandbilder &#8211; E236\"}]},{\"@type\":\"WebSite\",\"@id\":\"https:\/\/svetslik.si\/de\/#website\",\"url\":\"https:\/\/svetslik.si\/de\/\",\"name\":\"SVETSLIK.SI\",\"description\":\"100% handgemalte Reproduktionen von Gem\u00e4lden ber\u00fchmter Maler und Gem\u00e4lde auf Leinwand.\",\"publisher\":{\"@id\":\"https:\/\/svetslik.si\/de\/#organization\"},\"potentialAction\":[{\"@type\":\"SearchAction\",\"target\":{\"@type\":\"EntryPoint\",\"urlTemplate\":\"https:\/\/svetslik.si\/de\/?s={search_term_string}\"},\"query-input\":{\"@type\":\"PropertyValueSpecification\",\"valueRequired\":true,\"valueName\":\"search_term_string\"}}],\"inLanguage\":\"de\"},{\"@type\":\"Organization\",\"@id\":\"https:\/\/svetslik.si\/de\/#organization\",\"name\":\"SvetSlik.si\",\"url\":\"https:\/\/svetslik.si\/de\/\",\"logo\":{\"@type\":\"ImageObject\",\"inLanguage\":\"de\",\"@id\":\"https:\/\/svetslik.si\/de\/#\/schema\/logo\/image\/\",\"url\":\"https:\/\/svetslik.si\/wp-content\/uploads\/2020\/12\/logo-512.png\",\"contentUrl\":\"https:\/\/svetslik.si\/wp-content\/uploads\/2020\/12\/logo-512.png\",\"width\":512,\"height\":512,\"caption\":\"SvetSlik.si\"},\"image\":{\"@id\":\"https:\/\/svetslik.si\/de\/#\/schema\/logo\/image\/\"},\"sameAs\":[\"https:\/\/www.facebook.com\/svetslik.si\",\"https:\/\/x.com\/svetslik\",\"https:\/\/www.instagram.com\/svetslik.si\/\",\"https:\/\/www.linkedin.com\/company\/svetslik-si\"]}]}<\/script>\n<meta property=\"og:availability\" content=\"backorder\" \/>\n<meta property=\"product:availability\" content=\"available for order\" \/>\n<meta property=\"product:retailer_item_id\" content=\"1130_11-4-4-2-1-1\" \/>\n<meta property=\"product:condition\" content=\"new\" \/>\n<!-- \/ Yoast SEO Premium plugin. -->","yoast_head_json":{"title":"Leinwandbilder - E236 - SVETSLIK.SI - 100% handgemalt","description":"Leinwandbilder - E236 - 100% handgemalte Gem\u00e4lde - Verkauf von Reproduktionen ber\u00fchmter Gem\u00e4lde und abstrakter Kunst - Wandbilder f\u00fcr das Wohnzimmer","robots":{"index":"index","follow":"follow","max-snippet":"max-snippet:-1","max-image-preview":"max-image-preview:large","max-video-preview":"max-video-preview:-1"},"canonical":"https:\/\/svetslik.si\/de\/leinwandbilder-einteilige\/leinwandbilder-e236\/","og_locale":"de_DE","og_type":"article","og_title":"Leinwandbilder - E236","og_description":"100% ro\u010dno naslikane slike na platnu, reprodukcije znanih slikarjev in umetni\u0161ke slike po naro\u010dilu.","og_url":"https:\/\/svetslik.si\/de\/leinwandbilder-einteilige\/leinwandbilder-e236\/","og_site_name":"SVETSLIK.SI","article_publisher":"https:\/\/www.facebook.com\/svetslik.si","article_modified_time":"2025-03-17T20:59:00+00:00","og_image":[{"width":750,"height":1000,"url":"https:\/\/svetslik.si\/wp-content\/uploads\/2023\/11\/stensle-slike-E326.jpg","type":"image\/jpeg"}],"twitter_card":"summary_large_image","twitter_site":"@svetslik","twitter_misc":{"Verf\u00fcgbarkeit":"bei Nachbestellung"},"schema":{"@context":"https:\/\/schema.org","@graph":[{"@type":["WebPage","ItemPage"],"@id":"https:\/\/svetslik.si\/de\/leinwandbilder-einteilige\/leinwandbilder-e236\/","url":"https:\/\/svetslik.si\/de\/leinwandbilder-einteilige\/leinwandbilder-e236\/","name":"Leinwandbilder - E236 - SVETSLIK.SI - 100% handgemalt","isPartOf":{"@id":"https:\/\/svetslik.si\/de\/#website"},"primaryImageOfPage":{"@id":"https:\/\/svetslik.si\/de\/leinwandbilder-einteilige\/leinwandbilder-e236\/#primaryimage"},"image":{"@id":"https:\/\/svetslik.si\/de\/leinwandbilder-einteilige\/leinwandbilder-e236\/#primaryimage"},"thumbnailUrl":"https:\/\/svetslik.si\/wp-content\/uploads\/2023\/11\/stensle-slike-E326.jpg","datePublished":"2023-11-30T06:36:34+00:00","dateModified":"2025-03-17T20:59:00+00:00","description":"Leinwandbilder - E236 - 100% handgemalte Gem\u00e4lde - Verkauf von Reproduktionen ber\u00fchmter Gem\u00e4lde und abstrakter Kunst - Wandbilder f\u00fcr das Wohnzimmer","breadcrumb":{"@id":"https:\/\/svetslik.si\/de\/leinwandbilder-einteilige\/leinwandbilder-e236\/#breadcrumb"},"inLanguage":"de","potentialAction":[{"@type":"ReadAction","target":["https:\/\/svetslik.si\/de\/leinwandbilder-einteilige\/leinwandbilder-e236\/"]}]},{"@type":"ImageObject","inLanguage":"de","@id":"https:\/\/svetslik.si\/de\/leinwandbilder-einteilige\/leinwandbilder-e236\/#primaryimage","url":"https:\/\/svetslik.si\/wp-content\/uploads\/2023\/11\/stensle-slike-E326.jpg","contentUrl":"https:\/\/svetslik.si\/wp-content\/uploads\/2023\/11\/stensle-slike-E326.jpg","width":750,"height":1000,"caption":"Wandbilder - E326: Erleben Sie die Sch\u00f6nheit von Wandbildern E326. Kunst, die Ihr Zuhause in ein inspirierendes Ambiente verwandelt."},{"@type":"BreadcrumbList","@id":"https:\/\/svetslik.si\/de\/leinwandbilder-einteilige\/leinwandbilder-e236\/#breadcrumb","itemListElement":[{"@type":"ListItem","position":1,"name":"Wandkunst und Gem\u00e4lde auf Leinwand","item":"https:\/\/svetslik.si\/de\/"},{"@type":"ListItem","position":2,"name":"Verkauf von Gem\u00e4lden","item":"https:\/\/svetslik.si\/prodaja-slik\/"},{"@type":"ListItem","position":3,"name":"Leinwandbilder &#8211; E236"}]},{"@type":"WebSite","@id":"https:\/\/svetslik.si\/de\/#website","url":"https:\/\/svetslik.si\/de\/","name":"SVETSLIK.SI","description":"100% handgemalte Reproduktionen von Gem\u00e4lden ber\u00fchmter Maler und Gem\u00e4lde auf Leinwand.","publisher":{"@id":"https:\/\/svetslik.si\/de\/#organization"},"potentialAction":[{"@type":"SearchAction","target":{"@type":"EntryPoint","urlTemplate":"https:\/\/svetslik.si\/de\/?s={search_term_string}"},"query-input":{"@type":"PropertyValueSpecification","valueRequired":true,"valueName":"search_term_string"}}],"inLanguage":"de"},{"@type":"Organization","@id":"https:\/\/svetslik.si\/de\/#organization","name":"SvetSlik.si","url":"https:\/\/svetslik.si\/de\/","logo":{"@type":"ImageObject","inLanguage":"de","@id":"https:\/\/svetslik.si\/de\/#\/schema\/logo\/image\/","url":"https:\/\/svetslik.si\/wp-content\/uploads\/2020\/12\/logo-512.png","contentUrl":"https:\/\/svetslik.si\/wp-content\/uploads\/2020\/12\/logo-512.png","width":512,"height":512,"caption":"SvetSlik.si"},"image":{"@id":"https:\/\/svetslik.si\/de\/#\/schema\/logo\/image\/"},"sameAs":["https:\/\/www.facebook.com\/svetslik.si","https:\/\/x.com\/svetslik","https:\/\/www.instagram.com\/svetslik.si\/","https:\/\/www.linkedin.com\/company\/svetslik-si"]}]},"og_availability":"backorder","product_availability":"available for order","product_retailer_item_id":"1130_11-4-4-2-1-1","product_condition":"new"},"jetpack_sharing_enabled":true,"_links":{"self":[{"href":"https:\/\/svetslik.si\/de\/wp-json\/wp\/v2\/product\/104361","targetHints":{"allow":["GET"]}}],"collection":[{"href":"https:\/\/svetslik.si\/de\/wp-json\/wp\/v2\/product"}],"about":[{"href":"https:\/\/svetslik.si\/de\/wp-json\/wp\/v2\/types\/product"}],"wp:featuredmedia":[{"embeddable":true,"href":"https:\/\/svetslik.si\/de\/wp-json\/wp\/v2\/media\/104353"}],"wp:attachment":[{"href":"https:\/\/svetslik.si\/de\/wp-json\/wp\/v2\/media?parent=104361"}],"wp:term":[{"taxonomy":"product_brand","embeddable":true,"href":"https:\/\/svetslik.si\/de\/wp-json\/wp\/v2\/product_brand?post=104361"},{"taxonomy":"product_cat","embeddable":true,"href":"https:\/\/svetslik.si\/de\/wp-json\/wp\/v2\/product_cat?post=104361"},{"taxonomy":"product_tag","embeddable":true,"href":"https:\/\/svetslik.si\/de\/wp-json\/wp\/v2\/product_tag?post=104361"}],"curies":[{"name":"wp","href":"https:\/\/api.w.org\/{rel}","templated":true}]}}