{"id":112372,"date":"2025-07-21T15:04:36","date_gmt":"2025-07-21T13:04:36","guid":{"rendered":"https:\/\/svetslik.si\/?post_type=product&#038;p=112372"},"modified":"2025-09-08T12:56:20","modified_gmt":"2025-09-08T10:56:20","slug":"salvador-dali-soft-construction-with-boiled-beans-premonition-of-civil-war-copy","status":"publish","type":"product","link":"https:\/\/svetslik.si\/de\/salvador-dali-de\/salvador-dali-soft-construction-with-boiled-beans-premonition-of-civil-war-copy\/","title":{"rendered":"Salvador Dali \u2013 The Anthropomorphic Cabinet"},"content":{"rendered":"<div class=\"wpb-content-wrapper\">[vc_row css=&#8221;.vc_custom_1757328752398{margin-bottom: 10px !important;}&#8221;][vc_column]\t<div class=\"et-image-796 et-image     et_image_link\">\n\t\t<div class=\"et-image-inner \">\n\t\t\t\t\t\t\t<div class=\"et-image-thumb \">\n\t\t\t\t\t<img decoding=\"async\" width=\"1500\" height=\"1100\" src=\"https:\/\/svetslik.si\/wp-content\/uploads\/2025\/07\/Salvador-Dali-\u2013-The-Anthropomorphic-Cabinet-reprodukcija-slike-na-platnu-2.jpg\" class=\"attachment-full\" alt=\"Salvador Dali \u2013 The Anthropomorphic Cabinet - reprodukcija slike na platnu\" title=\"Salvador Dali \u2013 The Anthropomorphic Cabinet\" srcset=\"https:\/\/svetslik.si\/wp-content\/uploads\/2025\/07\/Salvador-Dali-\u2013-The-Anthropomorphic-Cabinet-reprodukcija-slike-na-platnu-2.jpg 1500w, https:\/\/svetslik.si\/wp-content\/uploads\/2025\/07\/Salvador-Dali-\u2013-The-Anthropomorphic-Cabinet-reprodukcija-slike-na-platnu-2-600x440.jpg 600w, https:\/\/svetslik.si\/wp-content\/uploads\/2025\/07\/Salvador-Dali-\u2013-The-Anthropomorphic-Cabinet-reprodukcija-slike-na-platnu-2-1200x880.jpg 1200w, https:\/\/svetslik.si\/wp-content\/uploads\/2025\/07\/Salvador-Dali-\u2013-The-Anthropomorphic-Cabinet-reprodukcija-slike-na-platnu-2-300x220.jpg 300w, https:\/\/svetslik.si\/wp-content\/uploads\/2025\/07\/Salvador-Dali-\u2013-The-Anthropomorphic-Cabinet-reprodukcija-slike-na-platnu-2-1024x751.jpg 1024w, https:\/\/svetslik.si\/wp-content\/uploads\/2025\/07\/Salvador-Dali-\u2013-The-Anthropomorphic-Cabinet-reprodukcija-slike-na-platnu-2-768x563.jpg 768w, https:\/\/svetslik.si\/wp-content\/uploads\/2025\/07\/Salvador-Dali-\u2013-The-Anthropomorphic-Cabinet-reprodukcija-slike-na-platnu-2-150x110.jpg 150w\" sizes=\"(max-width: 1500px) 100vw, 1500px\" \/>\t\t\t\t<\/div>\n\t\t\t\t\t\t\t\t\t\t\t<\/div>\n\t<\/div>\n  [\/vc_column][\/vc_row][vc_row css=&#8221;.vc_custom_1757328752398{margin-bottom: 10px !important;}&#8221;][vc_column]\t<div class=\"et-image-83 et-image     et_image_link\">\n\t\t<div class=\"et-image-inner \">\n\t\t\t\t\t\t\t<div class=\"et-image-thumb \">\n\t\t\t\t\t<img decoding=\"async\" width=\"1500\" height=\"1297\" src=\"https:\/\/svetslik.si\/wp-content\/uploads\/2025\/07\/Salvador-Dali-\u2013-The-Anthropomorphic-Cabinet-reprodukcija-slike-na-platnu.jpg\" class=\"attachment-full\" alt=\"Salvador Dali \u2013 The Anthropomorphic Cabinet - reprodukcija slike na platnu\" title=\"Salvador Dali \u2013 The Anthropomorphic Cabinet\" srcset=\"https:\/\/svetslik.si\/wp-content\/uploads\/2025\/07\/Salvador-Dali-\u2013-The-Anthropomorphic-Cabinet-reprodukcija-slike-na-platnu.jpg 1500w, https:\/\/svetslik.si\/wp-content\/uploads\/2025\/07\/Salvador-Dali-\u2013-The-Anthropomorphic-Cabinet-reprodukcija-slike-na-platnu-600x519.jpg 600w, https:\/\/svetslik.si\/wp-content\/uploads\/2025\/07\/Salvador-Dali-\u2013-The-Anthropomorphic-Cabinet-reprodukcija-slike-na-platnu-1200x1038.jpg 1200w, https:\/\/svetslik.si\/wp-content\/uploads\/2025\/07\/Salvador-Dali-\u2013-The-Anthropomorphic-Cabinet-reprodukcija-slike-na-platnu-300x259.jpg 300w, https:\/\/svetslik.si\/wp-content\/uploads\/2025\/07\/Salvador-Dali-\u2013-The-Anthropomorphic-Cabinet-reprodukcija-slike-na-platnu-1024x885.jpg 1024w, https:\/\/svetslik.si\/wp-content\/uploads\/2025\/07\/Salvador-Dali-\u2013-The-Anthropomorphic-Cabinet-reprodukcija-slike-na-platnu-768x664.jpg 768w, https:\/\/svetslik.si\/wp-content\/uploads\/2025\/07\/Salvador-Dali-\u2013-The-Anthropomorphic-Cabinet-reprodukcija-slike-na-platnu-150x130.jpg 150w\" sizes=\"(max-width: 1500px) 100vw, 1500px\" \/>\t\t\t\t<\/div>\n\t\t\t\t\t\t\t\t\t\t\t<\/div>\n\t<\/div>\n  [\/vc_column][\/vc_row][vc_row css=&#8221;.vc_custom_1757328752398{margin-bottom: 10px !important;}&#8221;][vc_column]\t<div class=\"et-image-695 et-image     et_image_link\">\n\t\t<div class=\"et-image-inner \">\n\t\t\t\t\t\t\t<div class=\"et-image-thumb \">\n\t\t\t\t\t<img decoding=\"async\" width=\"1500\" height=\"1125\" src=\"https:\/\/svetslik.si\/wp-content\/uploads\/2025\/07\/Salvador-Dali-\u2013-The-Anthropomorphic-Cabinet-reprodukcija-slike-na-platnu-3.jpg\" class=\"attachment-full\" alt=\"Salvador Dali \u2013 The Anthropomorphic Cabinet\" title=\"Salvador Dali \u2013 The Anthropomorphic Cabinet\" srcset=\"https:\/\/svetslik.si\/wp-content\/uploads\/2025\/07\/Salvador-Dali-\u2013-The-Anthropomorphic-Cabinet-reprodukcija-slike-na-platnu-3.jpg 1500w, https:\/\/svetslik.si\/wp-content\/uploads\/2025\/07\/Salvador-Dali-\u2013-The-Anthropomorphic-Cabinet-reprodukcija-slike-na-platnu-3-600x450.jpg 600w, https:\/\/svetslik.si\/wp-content\/uploads\/2025\/07\/Salvador-Dali-\u2013-The-Anthropomorphic-Cabinet-reprodukcija-slike-na-platnu-3-1200x900.jpg 1200w, https:\/\/svetslik.si\/wp-content\/uploads\/2025\/07\/Salvador-Dali-\u2013-The-Anthropomorphic-Cabinet-reprodukcija-slike-na-platnu-3-300x225.jpg 300w, https:\/\/svetslik.si\/wp-content\/uploads\/2025\/07\/Salvador-Dali-\u2013-The-Anthropomorphic-Cabinet-reprodukcija-slike-na-platnu-3-1024x768.jpg 1024w, https:\/\/svetslik.si\/wp-content\/uploads\/2025\/07\/Salvador-Dali-\u2013-The-Anthropomorphic-Cabinet-reprodukcija-slike-na-platnu-3-768x576.jpg 768w, https:\/\/svetslik.si\/wp-content\/uploads\/2025\/07\/Salvador-Dali-\u2013-The-Anthropomorphic-Cabinet-reprodukcija-slike-na-platnu-3-150x113.jpg 150w\" sizes=\"(max-width: 1500px) 100vw, 1500px\" \/>\t\t\t\t<\/div>\n\t\t\t\t\t\t\t\t\t\t\t<\/div>\n\t<\/div>\n  [\/vc_column][\/vc_row][vc_row][vc_column][vc_column_text]\n<h1>Salvador Dali \u2013 The Anthropomorphic Cabinet<\/h1>\n<\/div>","protected":false},"excerpt":{"rendered":"<p>[vc_row css=&#8221;.vc_custom_1757328752398{margin-bottom: 10px !important;}&#8221;][vc_column][\/vc_column][\/vc_row][vc_row css=&#8221;.vc_custom_1757328752398{margin-bottom: 10px !important;}&#8221;][vc_column][\/vc_column][\/vc_row][vc_row css=&#8221;.vc_custom_1757328752398{margin-bottom: 10px !important;}&#8221;][vc_column][\/vc_column][\/vc_row][vc_row][vc_column][vc_column_text] Salvador Dali \u2013 The Anthropomorphic Cabinet<\/p>\n","protected":false},"featured_media":112357,"template":"","meta":{"_acf_changed":false},"product_brand":[],"product_cat":[8452],"product_tag":[8482,8521,8513,8514,8519],"class_list":{"0":"post-112372","1":"product","2":"type-product","3":"status-publish","4":"has-post-thumbnail","6":"product_cat-salvador-dali-de","7":"product_tag-dali-de","8":"product_tag-maler","9":"product_tag-reproduktion","10":"product_tag-reproduktionen","11":"product_tag-salvador-dali-de","12":"pa_dimenzija-104-x-60-cm","13":"pa_dimenzija-122-x-70-cm","14":"pa_dimenzija-139-x-80-cm","15":"pa_dimenzija-157-x-90-cm","16":"pa_dimenzija-44-x-25-cm","17":"pa_dimenzija-87-x-50-cm","18":"pa_oblika-vertikal","19":"pa_okvir-ohne-rahmen","20":"pa_podokvir-ja","21":"pa_podokvir-nein","23":"first","24":"onbackorder","25":"purchasable","26":"product-type-variable","27":"has-default-attributes"},"acf":[],"yoast_head":"<!-- This site is optimized with the Yoast SEO Premium plugin v26.0 (Yoast SEO v27.2) - https:\/\/yoast.com\/product\/yoast-seo-premium-wordpress\/ -->\n<title>Salvador Dali \u2013 The Anthropomorphic Cabinet - SVETSLIK.SI - 100% handgemalt<\/title>\n<meta name=\"description\" content=\"Salvador Dali \u2013 The Anthropomorphic Cabinet - 100% handgemalte Gem\u00e4lde - Verkauf von Reproduktionen ber\u00fchmter Gem\u00e4lde und abstrakter Kunst - Wandbilder f\u00fcr das Wohnzimmer\" \/>\n<meta name=\"robots\" content=\"index, follow, max-snippet:-1, max-image-preview:large, max-video-preview:-1\" \/>\n<link rel=\"canonical\" href=\"https:\/\/svetslik.si\/de\/salvador-dali-de\/salvador-dali-soft-construction-with-boiled-beans-premonition-of-civil-war-copy\/\" \/>\n<meta property=\"og:locale\" content=\"de_DE\" \/>\n<meta property=\"og:type\" content=\"article\" \/>\n<meta property=\"og:title\" content=\"Salvador Dali \u2013 The Anthropomorphic Cabinet\" \/>\n<meta property=\"og:description\" content=\"100% ro\u010dno naslikane slike na platnu, reprodukcije znanih slikarjev in umetni\u0161ke slike po naro\u010dilu.\" \/>\n<meta property=\"og:url\" content=\"https:\/\/svetslik.si\/de\/salvador-dali-de\/salvador-dali-soft-construction-with-boiled-beans-premonition-of-civil-war-copy\/\" \/>\n<meta property=\"og:site_name\" content=\"SVETSLIK.SI\" \/>\n<meta property=\"article:publisher\" content=\"https:\/\/www.facebook.com\/svetslik.si\" \/>\n<meta property=\"article:modified_time\" content=\"2025-09-08T10:56:20+00:00\" \/>\n<meta property=\"og:image\" content=\"https:\/\/svetslik.si\/wp-content\/uploads\/2025\/07\/the-anthropomorphic-cabinet.jpg\" \/>\n\t<meta property=\"og:image:width\" content=\"1024\" \/>\n\t<meta property=\"og:image:height\" content=\"588\" \/>\n\t<meta property=\"og:image:type\" content=\"image\/jpeg\" \/>\n<meta name=\"twitter:card\" content=\"summary_large_image\" \/>\n<meta name=\"twitter:site\" content=\"@svetslik\" \/>\n<meta name=\"twitter:label1\" content=\"Verf\u00fcgbarkeit\" \/>\n\t<meta name=\"twitter:data1\" content=\"bei Nachbestellung\" \/>\n<script type=\"application\/ld+json\" class=\"yoast-schema-graph\">{\"@context\":\"https:\/\/schema.org\",\"@graph\":[{\"@type\":[\"WebPage\",\"ItemPage\"],\"@id\":\"https:\/\/svetslik.si\/de\/salvador-dali-de\/salvador-dali-soft-construction-with-boiled-beans-premonition-of-civil-war-copy\/\",\"url\":\"https:\/\/svetslik.si\/de\/salvador-dali-de\/salvador-dali-soft-construction-with-boiled-beans-premonition-of-civil-war-copy\/\",\"name\":\"Salvador Dali \u2013 The Anthropomorphic Cabinet - SVETSLIK.SI - 100% handgemalt\",\"isPartOf\":{\"@id\":\"https:\/\/svetslik.si\/de\/#website\"},\"primaryImageOfPage\":{\"@id\":\"https:\/\/svetslik.si\/de\/salvador-dali-de\/salvador-dali-soft-construction-with-boiled-beans-premonition-of-civil-war-copy\/#primaryimage\"},\"image\":{\"@id\":\"https:\/\/svetslik.si\/de\/salvador-dali-de\/salvador-dali-soft-construction-with-boiled-beans-premonition-of-civil-war-copy\/#primaryimage\"},\"thumbnailUrl\":\"https:\/\/svetslik.si\/wp-content\/uploads\/2025\/07\/the-anthropomorphic-cabinet.jpg\",\"datePublished\":\"2025-07-21T13:04:36+00:00\",\"dateModified\":\"2025-09-08T10:56:20+00:00\",\"description\":\"Salvador Dali \u2013 The Anthropomorphic Cabinet - 100% handgemalte Gem\u00e4lde - Verkauf von Reproduktionen ber\u00fchmter Gem\u00e4lde und abstrakter Kunst - Wandbilder f\u00fcr das Wohnzimmer\",\"breadcrumb\":{\"@id\":\"https:\/\/svetslik.si\/de\/salvador-dali-de\/salvador-dali-soft-construction-with-boiled-beans-premonition-of-civil-war-copy\/#breadcrumb\"},\"inLanguage\":\"de\",\"potentialAction\":[{\"@type\":\"ReadAction\",\"target\":[\"https:\/\/svetslik.si\/de\/salvador-dali-de\/salvador-dali-soft-construction-with-boiled-beans-premonition-of-civil-war-copy\/\"]}]},{\"@type\":\"ImageObject\",\"inLanguage\":\"de\",\"@id\":\"https:\/\/svetslik.si\/de\/salvador-dali-de\/salvador-dali-soft-construction-with-boiled-beans-premonition-of-civil-war-copy\/#primaryimage\",\"url\":\"https:\/\/svetslik.si\/wp-content\/uploads\/2025\/07\/the-anthropomorphic-cabinet.jpg\",\"contentUrl\":\"https:\/\/svetslik.si\/wp-content\/uploads\/2025\/07\/the-anthropomorphic-cabinet.jpg\",\"width\":1024,\"height\":588},{\"@type\":\"BreadcrumbList\",\"@id\":\"https:\/\/svetslik.si\/de\/salvador-dali-de\/salvador-dali-soft-construction-with-boiled-beans-premonition-of-civil-war-copy\/#breadcrumb\",\"itemListElement\":[{\"@type\":\"ListItem\",\"position\":1,\"name\":\"Wandkunst und Gem\u00e4lde auf Leinwand\",\"item\":\"https:\/\/svetslik.si\/de\/\"},{\"@type\":\"ListItem\",\"position\":2,\"name\":\"Verkauf von Gem\u00e4lden\",\"item\":\"https:\/\/svetslik.si\/prodaja-slik\/\"},{\"@type\":\"ListItem\",\"position\":3,\"name\":\"Salvador Dali \u2013 The Anthropomorphic Cabinet\"}]},{\"@type\":\"WebSite\",\"@id\":\"https:\/\/svetslik.si\/de\/#website\",\"url\":\"https:\/\/svetslik.si\/de\/\",\"name\":\"SVETSLIK.SI\",\"description\":\"100% handgemalte Reproduktionen von Gem\u00e4lden ber\u00fchmter Maler und Gem\u00e4lde auf Leinwand.\",\"publisher\":{\"@id\":\"https:\/\/svetslik.si\/de\/#organization\"},\"potentialAction\":[{\"@type\":\"SearchAction\",\"target\":{\"@type\":\"EntryPoint\",\"urlTemplate\":\"https:\/\/svetslik.si\/de\/?s={search_term_string}\"},\"query-input\":{\"@type\":\"PropertyValueSpecification\",\"valueRequired\":true,\"valueName\":\"search_term_string\"}}],\"inLanguage\":\"de\"},{\"@type\":\"Organization\",\"@id\":\"https:\/\/svetslik.si\/de\/#organization\",\"name\":\"SvetSlik.si\",\"url\":\"https:\/\/svetslik.si\/de\/\",\"logo\":{\"@type\":\"ImageObject\",\"inLanguage\":\"de\",\"@id\":\"https:\/\/svetslik.si\/de\/#\/schema\/logo\/image\/\",\"url\":\"https:\/\/svetslik.si\/wp-content\/uploads\/2020\/12\/logo-512.png\",\"contentUrl\":\"https:\/\/svetslik.si\/wp-content\/uploads\/2020\/12\/logo-512.png\",\"width\":512,\"height\":512,\"caption\":\"SvetSlik.si\"},\"image\":{\"@id\":\"https:\/\/svetslik.si\/de\/#\/schema\/logo\/image\/\"},\"sameAs\":[\"https:\/\/www.facebook.com\/svetslik.si\",\"https:\/\/x.com\/svetslik\",\"https:\/\/www.instagram.com\/svetslik.si\/\",\"https:\/\/www.linkedin.com\/company\/svetslik-si\"]}]}<\/script>\n<meta property=\"og:availability\" content=\"backorder\" \/>\n<meta property=\"product:availability\" content=\"available for order\" \/>\n<meta property=\"product:retailer_item_id\" content=\"440__-1\" \/>\n<meta property=\"product:condition\" content=\"new\" \/>\n<!-- \/ Yoast SEO Premium plugin. -->","yoast_head_json":{"title":"Salvador Dali \u2013 The Anthropomorphic Cabinet - SVETSLIK.SI - 100% handgemalt","description":"Salvador Dali \u2013 The Anthropomorphic Cabinet - 100% handgemalte Gem\u00e4lde - Verkauf von Reproduktionen ber\u00fchmter Gem\u00e4lde und abstrakter Kunst - Wandbilder f\u00fcr das Wohnzimmer","robots":{"index":"index","follow":"follow","max-snippet":"max-snippet:-1","max-image-preview":"max-image-preview:large","max-video-preview":"max-video-preview:-1"},"canonical":"https:\/\/svetslik.si\/de\/salvador-dali-de\/salvador-dali-soft-construction-with-boiled-beans-premonition-of-civil-war-copy\/","og_locale":"de_DE","og_type":"article","og_title":"Salvador Dali \u2013 The Anthropomorphic Cabinet","og_description":"100% ro\u010dno naslikane slike na platnu, reprodukcije znanih slikarjev in umetni\u0161ke slike po naro\u010dilu.","og_url":"https:\/\/svetslik.si\/de\/salvador-dali-de\/salvador-dali-soft-construction-with-boiled-beans-premonition-of-civil-war-copy\/","og_site_name":"SVETSLIK.SI","article_publisher":"https:\/\/www.facebook.com\/svetslik.si","article_modified_time":"2025-09-08T10:56:20+00:00","og_image":[{"width":1024,"height":588,"url":"https:\/\/svetslik.si\/wp-content\/uploads\/2025\/07\/the-anthropomorphic-cabinet.jpg","type":"image\/jpeg"}],"twitter_card":"summary_large_image","twitter_site":"@svetslik","twitter_misc":{"Verf\u00fcgbarkeit":"bei Nachbestellung"},"schema":{"@context":"https:\/\/schema.org","@graph":[{"@type":["WebPage","ItemPage"],"@id":"https:\/\/svetslik.si\/de\/salvador-dali-de\/salvador-dali-soft-construction-with-boiled-beans-premonition-of-civil-war-copy\/","url":"https:\/\/svetslik.si\/de\/salvador-dali-de\/salvador-dali-soft-construction-with-boiled-beans-premonition-of-civil-war-copy\/","name":"Salvador Dali \u2013 The Anthropomorphic Cabinet - SVETSLIK.SI - 100% handgemalt","isPartOf":{"@id":"https:\/\/svetslik.si\/de\/#website"},"primaryImageOfPage":{"@id":"https:\/\/svetslik.si\/de\/salvador-dali-de\/salvador-dali-soft-construction-with-boiled-beans-premonition-of-civil-war-copy\/#primaryimage"},"image":{"@id":"https:\/\/svetslik.si\/de\/salvador-dali-de\/salvador-dali-soft-construction-with-boiled-beans-premonition-of-civil-war-copy\/#primaryimage"},"thumbnailUrl":"https:\/\/svetslik.si\/wp-content\/uploads\/2025\/07\/the-anthropomorphic-cabinet.jpg","datePublished":"2025-07-21T13:04:36+00:00","dateModified":"2025-09-08T10:56:20+00:00","description":"Salvador Dali \u2013 The Anthropomorphic Cabinet - 100% handgemalte Gem\u00e4lde - Verkauf von Reproduktionen ber\u00fchmter Gem\u00e4lde und abstrakter Kunst - Wandbilder f\u00fcr das Wohnzimmer","breadcrumb":{"@id":"https:\/\/svetslik.si\/de\/salvador-dali-de\/salvador-dali-soft-construction-with-boiled-beans-premonition-of-civil-war-copy\/#breadcrumb"},"inLanguage":"de","potentialAction":[{"@type":"ReadAction","target":["https:\/\/svetslik.si\/de\/salvador-dali-de\/salvador-dali-soft-construction-with-boiled-beans-premonition-of-civil-war-copy\/"]}]},{"@type":"ImageObject","inLanguage":"de","@id":"https:\/\/svetslik.si\/de\/salvador-dali-de\/salvador-dali-soft-construction-with-boiled-beans-premonition-of-civil-war-copy\/#primaryimage","url":"https:\/\/svetslik.si\/wp-content\/uploads\/2025\/07\/the-anthropomorphic-cabinet.jpg","contentUrl":"https:\/\/svetslik.si\/wp-content\/uploads\/2025\/07\/the-anthropomorphic-cabinet.jpg","width":1024,"height":588},{"@type":"BreadcrumbList","@id":"https:\/\/svetslik.si\/de\/salvador-dali-de\/salvador-dali-soft-construction-with-boiled-beans-premonition-of-civil-war-copy\/#breadcrumb","itemListElement":[{"@type":"ListItem","position":1,"name":"Wandkunst und Gem\u00e4lde auf Leinwand","item":"https:\/\/svetslik.si\/de\/"},{"@type":"ListItem","position":2,"name":"Verkauf von Gem\u00e4lden","item":"https:\/\/svetslik.si\/prodaja-slik\/"},{"@type":"ListItem","position":3,"name":"Salvador Dali \u2013 The Anthropomorphic Cabinet"}]},{"@type":"WebSite","@id":"https:\/\/svetslik.si\/de\/#website","url":"https:\/\/svetslik.si\/de\/","name":"SVETSLIK.SI","description":"100% handgemalte Reproduktionen von Gem\u00e4lden ber\u00fchmter Maler und Gem\u00e4lde auf Leinwand.","publisher":{"@id":"https:\/\/svetslik.si\/de\/#organization"},"potentialAction":[{"@type":"SearchAction","target":{"@type":"EntryPoint","urlTemplate":"https:\/\/svetslik.si\/de\/?s={search_term_string}"},"query-input":{"@type":"PropertyValueSpecification","valueRequired":true,"valueName":"search_term_string"}}],"inLanguage":"de"},{"@type":"Organization","@id":"https:\/\/svetslik.si\/de\/#organization","name":"SvetSlik.si","url":"https:\/\/svetslik.si\/de\/","logo":{"@type":"ImageObject","inLanguage":"de","@id":"https:\/\/svetslik.si\/de\/#\/schema\/logo\/image\/","url":"https:\/\/svetslik.si\/wp-content\/uploads\/2020\/12\/logo-512.png","contentUrl":"https:\/\/svetslik.si\/wp-content\/uploads\/2020\/12\/logo-512.png","width":512,"height":512,"caption":"SvetSlik.si"},"image":{"@id":"https:\/\/svetslik.si\/de\/#\/schema\/logo\/image\/"},"sameAs":["https:\/\/www.facebook.com\/svetslik.si","https:\/\/x.com\/svetslik","https:\/\/www.instagram.com\/svetslik.si\/","https:\/\/www.linkedin.com\/company\/svetslik-si"]}]},"og_availability":"backorder","product_availability":"available for order","product_retailer_item_id":"440__-1","product_condition":"new"},"jetpack_sharing_enabled":true,"_links":{"self":[{"href":"https:\/\/svetslik.si\/de\/wp-json\/wp\/v2\/product\/112372","targetHints":{"allow":["GET"]}}],"collection":[{"href":"https:\/\/svetslik.si\/de\/wp-json\/wp\/v2\/product"}],"about":[{"href":"https:\/\/svetslik.si\/de\/wp-json\/wp\/v2\/types\/product"}],"wp:featuredmedia":[{"embeddable":true,"href":"https:\/\/svetslik.si\/de\/wp-json\/wp\/v2\/media\/112357"}],"wp:attachment":[{"href":"https:\/\/svetslik.si\/de\/wp-json\/wp\/v2\/media?parent=112372"}],"wp:term":[{"taxonomy":"product_brand","embeddable":true,"href":"https:\/\/svetslik.si\/de\/wp-json\/wp\/v2\/product_brand?post=112372"},{"taxonomy":"product_cat","embeddable":true,"href":"https:\/\/svetslik.si\/de\/wp-json\/wp\/v2\/product_cat?post=112372"},{"taxonomy":"product_tag","embeddable":true,"href":"https:\/\/svetslik.si\/de\/wp-json\/wp\/v2\/product_tag?post=112372"}],"curies":[{"name":"wp","href":"https:\/\/api.w.org\/{rel}","templated":true}]}}