{"id":116024,"date":"2026-03-05T11:52:34","date_gmt":"2026-03-05T10:52:34","guid":{"rendered":"https:\/\/svetslik.si\/?post_type=product&#038;p=116024"},"modified":"2026-03-21T11:15:53","modified_gmt":"2026-03-21T10:15:53","slug":"abstrakte-kunst-gemaelde-e417","status":"publish","type":"product","link":"https:\/\/svetslik.si\/de\/leinwandbilder-einteilige\/abstrakte-kunst-gemaelde-e417\/","title":{"rendered":"Abstrakte Kunst Gem\u00e4lde &#8211; E417"},"content":{"rendered":"<div class=\"wpb-content-wrapper\">[vc_row css=&#8221;.vc_custom_1774087966169{margin-bottom: 10px !important;}&#8221;][vc_column]\t<div class=\"et-image-180 et-image     et_image_link\">\n\t\t<div class=\"et-image-inner \">\n\t\t\t\t\t\t\t<div class=\"et-image-thumb \">\n\t\t\t\t\t<img decoding=\"async\" width=\"1893\" height=\"560\" src=\"https:\/\/svetslik.si\/wp-content\/uploads\/2026\/03\/Gemini_Generated_Image_izr8x2izr8x2izr8.png\" class=\"attachment-full\" alt=\"Abstrakte Kunst Gem\u00e4lde - E417\" title=\"Abstrakte Kunst Gem\u00e4lde - E417\" srcset=\"https:\/\/svetslik.si\/wp-content\/uploads\/2026\/03\/Gemini_Generated_Image_izr8x2izr8x2izr8.png 1893w, https:\/\/svetslik.si\/wp-content\/uploads\/2026\/03\/Gemini_Generated_Image_izr8x2izr8x2izr8-300x89.png 300w, https:\/\/svetslik.si\/wp-content\/uploads\/2026\/03\/Gemini_Generated_Image_izr8x2izr8x2izr8-1024x303.png 1024w, https:\/\/svetslik.si\/wp-content\/uploads\/2026\/03\/Gemini_Generated_Image_izr8x2izr8x2izr8-768x227.png 768w, https:\/\/svetslik.si\/wp-content\/uploads\/2026\/03\/Gemini_Generated_Image_izr8x2izr8x2izr8-1536x454.png 1536w, https:\/\/svetslik.si\/wp-content\/uploads\/2026\/03\/Gemini_Generated_Image_izr8x2izr8x2izr8-150x44.png 150w, https:\/\/svetslik.si\/wp-content\/uploads\/2026\/03\/Gemini_Generated_Image_izr8x2izr8x2izr8-600x177.png 600w, https:\/\/svetslik.si\/wp-content\/uploads\/2026\/03\/Gemini_Generated_Image_izr8x2izr8x2izr8-1200x355.png 1200w\" sizes=\"(max-width: 1893px) 100vw, 1893px\" \/>\t\t\t\t<\/div>\n\t\t\t\t\t\t\t\t\t\t\t<\/div>\n\t<\/div>\n  [\/vc_column][\/vc_row][vc_row css=&#8221;.vc_custom_1774087966169{margin-bottom: 10px !important;}&#8221;][vc_column]\t<div class=\"et-image-589 et-image     et_image_link\">\n\t\t<div class=\"et-image-inner \">\n\t\t\t\t\t\t\t<div class=\"et-image-thumb \">\n\t\t\t\t\t<img decoding=\"async\" width=\"1500\" height=\"846\" src=\"https:\/\/svetslik.si\/wp-content\/uploads\/2026\/03\/Moderna-slika-\u2013-E417.jpg\" class=\"attachment-full\" alt=\"Abstrakte Kunst Gem\u00e4lde - E417\" title=\"Abstrakte Kunst Gem\u00e4lde - E417\" srcset=\"https:\/\/svetslik.si\/wp-content\/uploads\/2026\/03\/Moderna-slika-\u2013-E417.jpg 1500w, https:\/\/svetslik.si\/wp-content\/uploads\/2026\/03\/Moderna-slika-\u2013-E417-300x169.jpg 300w, https:\/\/svetslik.si\/wp-content\/uploads\/2026\/03\/Moderna-slika-\u2013-E417-1024x578.jpg 1024w, https:\/\/svetslik.si\/wp-content\/uploads\/2026\/03\/Moderna-slika-\u2013-E417-768x433.jpg 768w, https:\/\/svetslik.si\/wp-content\/uploads\/2026\/03\/Moderna-slika-\u2013-E417-150x85.jpg 150w, https:\/\/svetslik.si\/wp-content\/uploads\/2026\/03\/Moderna-slika-\u2013-E417-600x338.jpg 600w, https:\/\/svetslik.si\/wp-content\/uploads\/2026\/03\/Moderna-slika-\u2013-E417-1200x677.jpg 1200w\" sizes=\"(max-width: 1500px) 100vw, 1500px\" \/>\t\t\t\t<\/div>\n\t\t\t\t\t\t\t\t\t\t\t<\/div>\n\t<\/div>\n  [\/vc_column][\/vc_row][vc_row css=&#8221;.vc_custom_1774087966169{margin-bottom: 10px !important;}&#8221;][vc_column]\t<div class=\"et-image-839 et-image     et_image_link\">\n\t\t<div class=\"et-image-inner \">\n\t\t\t\t\t\t\t<div class=\"et-image-thumb \">\n\t\t\t\t\t<img decoding=\"async\" width=\"1500\" height=\"1234\" src=\"https:\/\/svetslik.si\/wp-content\/uploads\/2026\/03\/Moderna-slika-\u2013-E417.webp\" class=\"attachment-full\" alt=\"Abstrakte Kunst Gem\u00e4lde - E417\" title=\"Abstrakte Kunst Gem\u00e4lde - E417\" srcset=\"https:\/\/svetslik.si\/wp-content\/uploads\/2026\/03\/Moderna-slika-\u2013-E417.webp 1500w, https:\/\/svetslik.si\/wp-content\/uploads\/2026\/03\/Moderna-slika-\u2013-E417-300x247.webp 300w, https:\/\/svetslik.si\/wp-content\/uploads\/2026\/03\/Moderna-slika-\u2013-E417-1024x842.webp 1024w, https:\/\/svetslik.si\/wp-content\/uploads\/2026\/03\/Moderna-slika-\u2013-E417-768x632.webp 768w, https:\/\/svetslik.si\/wp-content\/uploads\/2026\/03\/Moderna-slika-\u2013-E417-150x123.webp 150w, https:\/\/svetslik.si\/wp-content\/uploads\/2026\/03\/Moderna-slika-\u2013-E417-600x494.webp 600w, https:\/\/svetslik.si\/wp-content\/uploads\/2026\/03\/Moderna-slika-\u2013-E417-1200x987.webp 1200w\" sizes=\"(max-width: 1500px) 100vw, 1500px\" \/>\t\t\t\t<\/div>\n\t\t\t\t\t\t\t\t\t\t\t<\/div>\n\t<\/div>\n  [\/vc_column][\/vc_row][vc_row css=&#8221;.vc_custom_1774087966169{margin-bottom: 10px !important;}&#8221;][vc_column]\t<div class=\"et-image-540 et-image     et_image_link\">\n\t\t<div class=\"et-image-inner \">\n\t\t\t\t\t\t\t<div class=\"et-image-thumb \">\n\t\t\t\t\t<img decoding=\"async\" width=\"1500\" height=\"1136\" src=\"https:\/\/svetslik.si\/wp-content\/uploads\/2026\/03\/Moderna-slika-\u2013-E417c.webp\" class=\"attachment-full\" alt=\"Abstrakte Kunst Gem\u00e4lde - E417\" title=\"Abstrakte Kunst Gem\u00e4lde - E417\" srcset=\"https:\/\/svetslik.si\/wp-content\/uploads\/2026\/03\/Moderna-slika-\u2013-E417c.webp 1500w, https:\/\/svetslik.si\/wp-content\/uploads\/2026\/03\/Moderna-slika-\u2013-E417c-300x227.webp 300w, https:\/\/svetslik.si\/wp-content\/uploads\/2026\/03\/Moderna-slika-\u2013-E417c-1024x776.webp 1024w, https:\/\/svetslik.si\/wp-content\/uploads\/2026\/03\/Moderna-slika-\u2013-E417c-768x582.webp 768w, https:\/\/svetslik.si\/wp-content\/uploads\/2026\/03\/Moderna-slika-\u2013-E417c-150x114.webp 150w, https:\/\/svetslik.si\/wp-content\/uploads\/2026\/03\/Moderna-slika-\u2013-E417c-600x454.webp 600w, https:\/\/svetslik.si\/wp-content\/uploads\/2026\/03\/Moderna-slika-\u2013-E417c-1200x909.webp 1200w\" sizes=\"(max-width: 1500px) 100vw, 1500px\" \/>\t\t\t\t<\/div>\n\t\t\t\t\t\t\t\t\t\t\t<\/div>\n\t<\/div>\n  [\/vc_column][\/vc_row][vc_row css=&#8221;.vc_custom_1774087966169{margin-bottom: 10px !important;}&#8221;][vc_column]\t<div class=\"et-image-376 et-image     et_image_link\">\n\t\t<div class=\"et-image-inner \">\n\t\t\t\t\t\t\t<div class=\"et-image-thumb \">\n\t\t\t\t\t<img decoding=\"async\" width=\"1500\" height=\"1125\" src=\"https:\/\/svetslik.si\/wp-content\/uploads\/2026\/03\/Moderna-slika-\u2013-E417v.webp\" class=\"attachment-full\" alt=\"Abstrakte Kunst Gem\u00e4lde - E417\" title=\"Abstrakte Kunst Gem\u00e4lde - E417\" srcset=\"https:\/\/svetslik.si\/wp-content\/uploads\/2026\/03\/Moderna-slika-\u2013-E417v.webp 1500w, https:\/\/svetslik.si\/wp-content\/uploads\/2026\/03\/Moderna-slika-\u2013-E417v-300x225.webp 300w, https:\/\/svetslik.si\/wp-content\/uploads\/2026\/03\/Moderna-slika-\u2013-E417v-1024x768.webp 1024w, https:\/\/svetslik.si\/wp-content\/uploads\/2026\/03\/Moderna-slika-\u2013-E417v-768x576.webp 768w, https:\/\/svetslik.si\/wp-content\/uploads\/2026\/03\/Moderna-slika-\u2013-E417v-150x113.webp 150w, https:\/\/svetslik.si\/wp-content\/uploads\/2026\/03\/Moderna-slika-\u2013-E417v-600x450.webp 600w, https:\/\/svetslik.si\/wp-content\/uploads\/2026\/03\/Moderna-slika-\u2013-E417v-1200x900.webp 1200w\" sizes=\"(max-width: 1500px) 100vw, 1500px\" \/>\t\t\t\t<\/div>\n\t\t\t\t\t\t\t\t\t\t\t<\/div>\n\t<\/div>\n  [\/vc_column][\/vc_row]\n<\/div>","protected":false},"excerpt":{"rendered":"<p>[vc_row css=&#8221;.vc_custom_1774087966169{margin-bottom: 10px !important;}&#8221;][vc_column][\/vc_column][\/vc_row][vc_row css=&#8221;.vc_custom_1774087966169{margin-bottom: 10px !important;}&#8221;][vc_column][\/vc_column][\/vc_row][vc_row css=&#8221;.vc_custom_1774087966169{margin-bottom: 10px !important;}&#8221;][vc_column][\/vc_column][\/vc_row][vc_row css=&#8221;.vc_custom_1774087966169{margin-bottom: 10px !important;}&#8221;][vc_column][\/vc_column][\/vc_row][vc_row css=&#8221;.vc_custom_1774087966169{margin-bottom: 10px !important;}&#8221;][vc_column][\/vc_column][\/vc_row]<\/p>\n","protected":false},"featured_media":116061,"template":"","meta":{"_acf_changed":false},"product_brand":[],"product_cat":[8471],"product_tag":[8477,8485,8522,8523,8524,8774,9135,8499,9133,8510,9134,8775],"class_list":{"0":"post-116024","1":"product","2":"type-product","3":"status-publish","4":"has-post-thumbnail","6":"product_cat-leinwandbilder-einteilige","7":"product_tag-abstrakte-gemaelde-de","8":"product_tag-dekorative-gemaelde","9":"product_tag-gemaelde-auf-leinwand","10":"product_tag-gemaelde-fuer-das-wohnzimmer","11":"product_tag-gemaelde-fuer-die-wand","12":"product_tag-gemalde-fur-wohnzimmer-3","13":"product_tag-kunst-gemalde","14":"product_tag-moderne-gemalde-de","15":"product_tag-online-galerie","16":"product_tag-verkauf-von-gemaelden","17":"product_tag-wanddekoration","18":"product_tag-wandgemalde-1","19":"pa_dimenzija-120-x-40-cm-de","20":"pa_dimenzija-150-x-50-cm-de","21":"pa_dimenzija-210-x-70-cm-de","22":"pa_dimenzija-60-x-20-cm-de","23":"pa_dimenzija-90-x-270-cm-de","24":"pa_dimenzija-90-x-30-cm-de","25":"pa_oblika-horizontal-de","26":"pa_okvir-ohne-rahmen","27":"pa_podokvir-ja","28":"pa_podokvir-nein","30":"first","31":"onbackorder","32":"purchasable","33":"product-type-variable","34":"has-default-attributes"},"acf":[],"yoast_head":"<!-- This site is optimized with the Yoast SEO Premium plugin v26.0 (Yoast SEO v27.2) - https:\/\/yoast.com\/product\/yoast-seo-premium-wordpress\/ -->\n<title>Abstrakte Kunst Gem\u00e4lde - E417 - SVETSLIK.SI - 100% handgemalt<\/title>\n<meta name=\"description\" content=\"Abstrakte Kunst Gem\u00e4lde - E417 - 100% handgemalte Leinwandbilder. Verkauf von abstrakter Kunst, modernen Gem\u00e4lden, Reproduktionen bekannter Maler, individuelle Anfertigung von Gem\u00e4lden und Bilderrahmung.\" \/>\n<meta name=\"robots\" content=\"index, follow, max-snippet:-1, max-image-preview:large, max-video-preview:-1\" \/>\n<link rel=\"canonical\" href=\"https:\/\/svetslik.si\/de\/leinwandbilder-einteilige\/abstrakte-kunst-gemaelde-e417\/\" \/>\n<meta property=\"og:locale\" content=\"de_DE\" \/>\n<meta property=\"og:type\" content=\"article\" \/>\n<meta property=\"og:title\" content=\"Abstrakte Kunst Gem\u00e4lde - E417\" \/>\n<meta property=\"og:description\" content=\"100% ro\u010dno naslikane slike na platnu, reprodukcije znanih slikarjev in umetni\u0161ke slike po naro\u010dilu.\" \/>\n<meta property=\"og:url\" content=\"https:\/\/svetslik.si\/de\/leinwandbilder-einteilige\/abstrakte-kunst-gemaelde-e417\/\" \/>\n<meta property=\"og:site_name\" content=\"SVETSLIK.SI\" \/>\n<meta property=\"article:publisher\" content=\"https:\/\/www.facebook.com\/svetslik.si\" \/>\n<meta property=\"article:modified_time\" content=\"2026-03-21T10:15:53+00:00\" \/>\n<meta property=\"og:image\" content=\"https:\/\/svetslik.si\/wp-content\/uploads\/2026\/03\/Gemini_Generated_Image_n8cn5sn8cn5sn8cn-1024x304.png\" \/>\n\t<meta property=\"og:image:width\" content=\"1024\" \/>\n\t<meta property=\"og:image:height\" content=\"304\" \/>\n\t<meta property=\"og:image:type\" content=\"image\/png\" \/>\n<meta name=\"twitter:card\" content=\"summary_large_image\" \/>\n<meta name=\"twitter:site\" content=\"@svetslik\" \/>\n<meta name=\"twitter:label1\" content=\"Verf\u00fcgbarkeit\" \/>\n\t<meta name=\"twitter:data1\" content=\"bei Nachbestellung\" \/>\n<script type=\"application\/ld+json\" class=\"yoast-schema-graph\">{\"@context\":\"https:\/\/schema.org\",\"@graph\":[{\"@type\":[\"WebPage\",\"ItemPage\"],\"@id\":\"https:\/\/svetslik.si\/de\/leinwandbilder-einteilige\/abstrakte-kunst-gemaelde-e417\/\",\"url\":\"https:\/\/svetslik.si\/de\/leinwandbilder-einteilige\/abstrakte-kunst-gemaelde-e417\/\",\"name\":\"Abstrakte Kunst Gem\u00e4lde - E417 - SVETSLIK.SI - 100% handgemalt\",\"isPartOf\":{\"@id\":\"https:\/\/svetslik.si\/de\/#website\"},\"primaryImageOfPage\":{\"@id\":\"https:\/\/svetslik.si\/de\/leinwandbilder-einteilige\/abstrakte-kunst-gemaelde-e417\/#primaryimage\"},\"image\":{\"@id\":\"https:\/\/svetslik.si\/de\/leinwandbilder-einteilige\/abstrakte-kunst-gemaelde-e417\/#primaryimage\"},\"thumbnailUrl\":\"https:\/\/svetslik.si\/wp-content\/uploads\/2026\/03\/Gemini_Generated_Image_n8cn5sn8cn5sn8cn.png\",\"datePublished\":\"2026-03-05T10:52:34+00:00\",\"dateModified\":\"2026-03-21T10:15:53+00:00\",\"description\":\"Abstrakte Kunst Gem\u00e4lde - E417 - 100% handgemalte Leinwandbilder. Verkauf von abstrakter Kunst, modernen Gem\u00e4lden, Reproduktionen bekannter Maler, individuelle Anfertigung von Gem\u00e4lden und Bilderrahmung.\",\"breadcrumb\":{\"@id\":\"https:\/\/svetslik.si\/de\/leinwandbilder-einteilige\/abstrakte-kunst-gemaelde-e417\/#breadcrumb\"},\"inLanguage\":\"de\",\"potentialAction\":[{\"@type\":\"ReadAction\",\"target\":[\"https:\/\/svetslik.si\/de\/leinwandbilder-einteilige\/abstrakte-kunst-gemaelde-e417\/\"]}]},{\"@type\":\"ImageObject\",\"inLanguage\":\"de\",\"@id\":\"https:\/\/svetslik.si\/de\/leinwandbilder-einteilige\/abstrakte-kunst-gemaelde-e417\/#primaryimage\",\"url\":\"https:\/\/svetslik.si\/wp-content\/uploads\/2026\/03\/Gemini_Generated_Image_n8cn5sn8cn5sn8cn.png\",\"contentUrl\":\"https:\/\/svetslik.si\/wp-content\/uploads\/2026\/03\/Gemini_Generated_Image_n8cn5sn8cn5sn8cn.png\",\"width\":1888,\"height\":560,\"caption\":\"Abstrakte Kunst Gem\u00e4lde - E417\"},{\"@type\":\"BreadcrumbList\",\"@id\":\"https:\/\/svetslik.si\/de\/leinwandbilder-einteilige\/abstrakte-kunst-gemaelde-e417\/#breadcrumb\",\"itemListElement\":[{\"@type\":\"ListItem\",\"position\":1,\"name\":\"Wandkunst und Gem\u00e4lde auf Leinwand\",\"item\":\"https:\/\/svetslik.si\/de\/\"},{\"@type\":\"ListItem\",\"position\":2,\"name\":\"Verkauf von Gem\u00e4lden\",\"item\":\"https:\/\/svetslik.si\/prodaja-slik\/\"},{\"@type\":\"ListItem\",\"position\":3,\"name\":\"Abstrakte Kunst Gem\u00e4lde &#8211; E417\"}]},{\"@type\":\"WebSite\",\"@id\":\"https:\/\/svetslik.si\/de\/#website\",\"url\":\"https:\/\/svetslik.si\/de\/\",\"name\":\"SVETSLIK.SI\",\"description\":\"100% handgemalte Reproduktionen von Gem\u00e4lden ber\u00fchmter Maler und Gem\u00e4lde auf Leinwand.\",\"publisher\":{\"@id\":\"https:\/\/svetslik.si\/de\/#organization\"},\"potentialAction\":[{\"@type\":\"SearchAction\",\"target\":{\"@type\":\"EntryPoint\",\"urlTemplate\":\"https:\/\/svetslik.si\/de\/?s={search_term_string}\"},\"query-input\":{\"@type\":\"PropertyValueSpecification\",\"valueRequired\":true,\"valueName\":\"search_term_string\"}}],\"inLanguage\":\"de\"},{\"@type\":\"Organization\",\"@id\":\"https:\/\/svetslik.si\/de\/#organization\",\"name\":\"SvetSlik.si\",\"url\":\"https:\/\/svetslik.si\/de\/\",\"logo\":{\"@type\":\"ImageObject\",\"inLanguage\":\"de\",\"@id\":\"https:\/\/svetslik.si\/de\/#\/schema\/logo\/image\/\",\"url\":\"https:\/\/svetslik.si\/wp-content\/uploads\/2020\/12\/logo-512.png\",\"contentUrl\":\"https:\/\/svetslik.si\/wp-content\/uploads\/2020\/12\/logo-512.png\",\"width\":512,\"height\":512,\"caption\":\"SvetSlik.si\"},\"image\":{\"@id\":\"https:\/\/svetslik.si\/de\/#\/schema\/logo\/image\/\"},\"sameAs\":[\"https:\/\/www.facebook.com\/svetslik.si\",\"https:\/\/x.com\/svetslik\",\"https:\/\/www.instagram.com\/svetslik.si\/\",\"https:\/\/www.linkedin.com\/company\/svetslik-si\"]}]}<\/script>\n<meta property=\"og:availability\" content=\"backorder\" \/>\n<meta property=\"product:availability\" content=\"available for order\" \/>\n<meta property=\"product:retailer_item_id\" content=\"1017__-1-4\" \/>\n<meta property=\"product:condition\" content=\"new\" \/>\n<!-- \/ Yoast SEO Premium plugin. -->","yoast_head_json":{"title":"Abstrakte Kunst Gem\u00e4lde - E417 - SVETSLIK.SI - 100% handgemalt","description":"Abstrakte Kunst Gem\u00e4lde - E417 - 100% handgemalte Leinwandbilder. Verkauf von abstrakter Kunst, modernen Gem\u00e4lden, Reproduktionen bekannter Maler, individuelle Anfertigung von Gem\u00e4lden und Bilderrahmung.","robots":{"index":"index","follow":"follow","max-snippet":"max-snippet:-1","max-image-preview":"max-image-preview:large","max-video-preview":"max-video-preview:-1"},"canonical":"https:\/\/svetslik.si\/de\/leinwandbilder-einteilige\/abstrakte-kunst-gemaelde-e417\/","og_locale":"de_DE","og_type":"article","og_title":"Abstrakte Kunst Gem\u00e4lde - E417","og_description":"100% ro\u010dno naslikane slike na platnu, reprodukcije znanih slikarjev in umetni\u0161ke slike po naro\u010dilu.","og_url":"https:\/\/svetslik.si\/de\/leinwandbilder-einteilige\/abstrakte-kunst-gemaelde-e417\/","og_site_name":"SVETSLIK.SI","article_publisher":"https:\/\/www.facebook.com\/svetslik.si","article_modified_time":"2026-03-21T10:15:53+00:00","og_image":[{"width":1024,"height":304,"url":"https:\/\/svetslik.si\/wp-content\/uploads\/2026\/03\/Gemini_Generated_Image_n8cn5sn8cn5sn8cn-1024x304.png","type":"image\/png"}],"twitter_card":"summary_large_image","twitter_site":"@svetslik","twitter_misc":{"Verf\u00fcgbarkeit":"bei Nachbestellung"},"schema":{"@context":"https:\/\/schema.org","@graph":[{"@type":["WebPage","ItemPage"],"@id":"https:\/\/svetslik.si\/de\/leinwandbilder-einteilige\/abstrakte-kunst-gemaelde-e417\/","url":"https:\/\/svetslik.si\/de\/leinwandbilder-einteilige\/abstrakte-kunst-gemaelde-e417\/","name":"Abstrakte Kunst Gem\u00e4lde - E417 - SVETSLIK.SI - 100% handgemalt","isPartOf":{"@id":"https:\/\/svetslik.si\/de\/#website"},"primaryImageOfPage":{"@id":"https:\/\/svetslik.si\/de\/leinwandbilder-einteilige\/abstrakte-kunst-gemaelde-e417\/#primaryimage"},"image":{"@id":"https:\/\/svetslik.si\/de\/leinwandbilder-einteilige\/abstrakte-kunst-gemaelde-e417\/#primaryimage"},"thumbnailUrl":"https:\/\/svetslik.si\/wp-content\/uploads\/2026\/03\/Gemini_Generated_Image_n8cn5sn8cn5sn8cn.png","datePublished":"2026-03-05T10:52:34+00:00","dateModified":"2026-03-21T10:15:53+00:00","description":"Abstrakte Kunst Gem\u00e4lde - E417 - 100% handgemalte Leinwandbilder. Verkauf von abstrakter Kunst, modernen Gem\u00e4lden, Reproduktionen bekannter Maler, individuelle Anfertigung von Gem\u00e4lden und Bilderrahmung.","breadcrumb":{"@id":"https:\/\/svetslik.si\/de\/leinwandbilder-einteilige\/abstrakte-kunst-gemaelde-e417\/#breadcrumb"},"inLanguage":"de","potentialAction":[{"@type":"ReadAction","target":["https:\/\/svetslik.si\/de\/leinwandbilder-einteilige\/abstrakte-kunst-gemaelde-e417\/"]}]},{"@type":"ImageObject","inLanguage":"de","@id":"https:\/\/svetslik.si\/de\/leinwandbilder-einteilige\/abstrakte-kunst-gemaelde-e417\/#primaryimage","url":"https:\/\/svetslik.si\/wp-content\/uploads\/2026\/03\/Gemini_Generated_Image_n8cn5sn8cn5sn8cn.png","contentUrl":"https:\/\/svetslik.si\/wp-content\/uploads\/2026\/03\/Gemini_Generated_Image_n8cn5sn8cn5sn8cn.png","width":1888,"height":560,"caption":"Abstrakte Kunst Gem\u00e4lde - E417"},{"@type":"BreadcrumbList","@id":"https:\/\/svetslik.si\/de\/leinwandbilder-einteilige\/abstrakte-kunst-gemaelde-e417\/#breadcrumb","itemListElement":[{"@type":"ListItem","position":1,"name":"Wandkunst und Gem\u00e4lde auf Leinwand","item":"https:\/\/svetslik.si\/de\/"},{"@type":"ListItem","position":2,"name":"Verkauf von Gem\u00e4lden","item":"https:\/\/svetslik.si\/prodaja-slik\/"},{"@type":"ListItem","position":3,"name":"Abstrakte Kunst Gem\u00e4lde &#8211; E417"}]},{"@type":"WebSite","@id":"https:\/\/svetslik.si\/de\/#website","url":"https:\/\/svetslik.si\/de\/","name":"SVETSLIK.SI","description":"100% handgemalte Reproduktionen von Gem\u00e4lden ber\u00fchmter Maler und Gem\u00e4lde auf Leinwand.","publisher":{"@id":"https:\/\/svetslik.si\/de\/#organization"},"potentialAction":[{"@type":"SearchAction","target":{"@type":"EntryPoint","urlTemplate":"https:\/\/svetslik.si\/de\/?s={search_term_string}"},"query-input":{"@type":"PropertyValueSpecification","valueRequired":true,"valueName":"search_term_string"}}],"inLanguage":"de"},{"@type":"Organization","@id":"https:\/\/svetslik.si\/de\/#organization","name":"SvetSlik.si","url":"https:\/\/svetslik.si\/de\/","logo":{"@type":"ImageObject","inLanguage":"de","@id":"https:\/\/svetslik.si\/de\/#\/schema\/logo\/image\/","url":"https:\/\/svetslik.si\/wp-content\/uploads\/2020\/12\/logo-512.png","contentUrl":"https:\/\/svetslik.si\/wp-content\/uploads\/2020\/12\/logo-512.png","width":512,"height":512,"caption":"SvetSlik.si"},"image":{"@id":"https:\/\/svetslik.si\/de\/#\/schema\/logo\/image\/"},"sameAs":["https:\/\/www.facebook.com\/svetslik.si","https:\/\/x.com\/svetslik","https:\/\/www.instagram.com\/svetslik.si\/","https:\/\/www.linkedin.com\/company\/svetslik-si"]}]},"og_availability":"backorder","product_availability":"available for order","product_retailer_item_id":"1017__-1-4","product_condition":"new"},"jetpack_sharing_enabled":true,"_links":{"self":[{"href":"https:\/\/svetslik.si\/de\/wp-json\/wp\/v2\/product\/116024","targetHints":{"allow":["GET"]}}],"collection":[{"href":"https:\/\/svetslik.si\/de\/wp-json\/wp\/v2\/product"}],"about":[{"href":"https:\/\/svetslik.si\/de\/wp-json\/wp\/v2\/types\/product"}],"wp:featuredmedia":[{"embeddable":true,"href":"https:\/\/svetslik.si\/de\/wp-json\/wp\/v2\/media\/116061"}],"wp:attachment":[{"href":"https:\/\/svetslik.si\/de\/wp-json\/wp\/v2\/media?parent=116024"}],"wp:term":[{"taxonomy":"product_brand","embeddable":true,"href":"https:\/\/svetslik.si\/de\/wp-json\/wp\/v2\/product_brand?post=116024"},{"taxonomy":"product_cat","embeddable":true,"href":"https:\/\/svetslik.si\/de\/wp-json\/wp\/v2\/product_cat?post=116024"},{"taxonomy":"product_tag","embeddable":true,"href":"https:\/\/svetslik.si\/de\/wp-json\/wp\/v2\/product_tag?post=116024"}],"curies":[{"name":"wp","href":"https:\/\/api.w.org\/{rel}","templated":true}]}}