{"id":16931,"date":"2023-03-02T09:06:18","date_gmt":"2023-03-02T08:06:18","guid":{"rendered":"https:\/\/svetslik.si\/?post_type=product&#038;p=16931"},"modified":"2026-03-22T18:12:45","modified_gmt":"2026-03-22T17:12:45","slug":"slika-na-platnu-drevored-na-ljubljanskem-gradu","status":"publish","type":"product","link":"https:\/\/svetslik.si\/de\/slike-po-narocilu\/slika-na-platnu-drevored-na-ljubljanskem-gradu\/","title":{"rendered":"slika na platnu &#8211; drevored na Ljubljanskem gradu"},"content":{"rendered":"","protected":false},"excerpt":{"rendered":"","protected":false},"featured_media":16940,"template":"","meta":{"_acf_changed":false},"product_brand":[],"product_cat":[1186],"product_tag":[1742,1752,1741,1747,1740,1743,1751,1744,1749,1750,1739,1748],"class_list":{"0":"post-16931","1":"product","2":"type-product","3":"status-publish","4":"has-post-thumbnail","6":"product_cat-slike-po-narocilu","7":"product_tag-abstraktne-slike","8":"product_tag-dekorativne-slike","9":"product_tag-moderne-slike","10":"product_tag-prodaja-slik","11":"product_tag-slike-na-platnu","12":"product_tag-slike-za-dnevno-sobo","13":"product_tag-slike-za-na-steno","14":"product_tag-slike-za-v-dnevno-sobo","15":"product_tag-spletna-galerija","16":"product_tag-stenska-dekoracija","17":"product_tag-stenske-slike","18":"product_tag-umetniske-slike","19":"pa_dimenzija-70-x-50-cm","20":"pa_oblika-vodoravna","21":"pa_okvir-brez-okvirja","22":"pa_podokvir-da","23":"pa_podokvir-ne","25":"first","26":"onbackorder","27":"purchasable","28":"product-type-variable","29":"has-default-attributes"},"acf":[],"yoast_head":"<!-- This site is optimized with the Yoast SEO Premium plugin v26.0 (Yoast SEO v27.2) - https:\/\/yoast.com\/product\/yoast-seo-premium-wordpress\/ -->\n<title>slika na platnu - drevored na Ljubljanskem gradu - SVETSLIK.SI - 100% ro\u010dno naslikano<\/title>\n<meta name=\"description\" content=\"slika na platnu - drevored na Ljubljanskem gradu - 100 % ro\u010dno naslikane umetni\u0161ke stenske slike na platnu. Prodaja slik - reprodukcije slik znanih slikarjev, izdelava slik po naro\u010dilu in okvirjanje slik.\" \/>\n<meta name=\"robots\" content=\"index, follow, max-snippet:-1, max-image-preview:large, max-video-preview:-1\" \/>\n<link rel=\"canonical\" href=\"https:\/\/svetslik.si\/de\/slike-po-narocilu\/slika-na-platnu-drevored-na-ljubljanskem-gradu\/\" \/>\n<meta property=\"og:locale\" content=\"de_DE\" \/>\n<meta property=\"og:type\" content=\"article\" \/>\n<meta property=\"og:title\" content=\"slika na platnu - drevored na Ljubljanskem gradu\" \/>\n<meta property=\"og:description\" content=\"100% ro\u010dno naslikane slike na platnu, reprodukcije znanih slikarjev in umetni\u0161ke slike po naro\u010dilu.\" \/>\n<meta property=\"og:url\" content=\"https:\/\/svetslik.si\/de\/slike-po-narocilu\/slika-na-platnu-drevored-na-ljubljanskem-gradu\/\" \/>\n<meta property=\"og:site_name\" content=\"SVETSLIK.SI\" \/>\n<meta property=\"article:publisher\" content=\"https:\/\/www.facebook.com\/svetslik.si\" \/>\n<meta property=\"article:modified_time\" content=\"2026-03-22T17:12:45+00:00\" \/>\n<meta property=\"og:image\" content=\"https:\/\/svetslik.si\/wp-content\/uploads\/2023\/03\/slika-na-platnu-drevored-na-Ljubljanskem-gradu.jpg\" \/>\n\t<meta property=\"og:image:width\" content=\"1000\" \/>\n\t<meta property=\"og:image:height\" content=\"713\" \/>\n\t<meta property=\"og:image:type\" content=\"image\/jpeg\" \/>\n<meta name=\"twitter:card\" content=\"summary_large_image\" \/>\n<meta name=\"twitter:site\" content=\"@svetslik\" \/>\n<meta name=\"twitter:label1\" content=\"Verf\u00fcgbarkeit\" \/>\n\t<meta name=\"twitter:data1\" content=\"bei Nachbestellung\" \/>\n<script type=\"application\/ld+json\" class=\"yoast-schema-graph\">{\"@context\":\"https:\/\/schema.org\",\"@graph\":[{\"@type\":[\"WebPage\",\"ItemPage\"],\"@id\":\"https:\/\/svetslik.si\/de\/slike-po-narocilu\/slika-na-platnu-drevored-na-ljubljanskem-gradu\/\",\"url\":\"https:\/\/svetslik.si\/de\/slike-po-narocilu\/slika-na-platnu-drevored-na-ljubljanskem-gradu\/\",\"name\":\"slika na platnu - drevored na Ljubljanskem gradu - SVETSLIK.SI - 100% ro\u010dno naslikano\",\"isPartOf\":{\"@id\":\"https:\/\/svetslik.si\/de\/#website\"},\"primaryImageOfPage\":{\"@id\":\"https:\/\/svetslik.si\/de\/slike-po-narocilu\/slika-na-platnu-drevored-na-ljubljanskem-gradu\/#primaryimage\"},\"image\":{\"@id\":\"https:\/\/svetslik.si\/de\/slike-po-narocilu\/slika-na-platnu-drevored-na-ljubljanskem-gradu\/#primaryimage\"},\"thumbnailUrl\":\"https:\/\/svetslik.si\/wp-content\/uploads\/2023\/03\/slika-na-platnu-drevored-na-Ljubljanskem-gradu.jpg\",\"datePublished\":\"2023-03-02T08:06:18+00:00\",\"dateModified\":\"2026-03-22T17:12:45+00:00\",\"description\":\"slika na platnu - drevored na Ljubljanskem gradu - 100 % ro\u010dno naslikane umetni\u0161ke stenske slike na platnu. Prodaja slik - reprodukcije slik znanih slikarjev, izdelava slik po naro\u010dilu in okvirjanje slik.\",\"breadcrumb\":{\"@id\":\"https:\/\/svetslik.si\/de\/slike-po-narocilu\/slika-na-platnu-drevored-na-ljubljanskem-gradu\/#breadcrumb\"},\"inLanguage\":\"de\",\"potentialAction\":[{\"@type\":\"ReadAction\",\"target\":[\"https:\/\/svetslik.si\/de\/slike-po-narocilu\/slika-na-platnu-drevored-na-ljubljanskem-gradu\/\"]}]},{\"@type\":\"ImageObject\",\"inLanguage\":\"de\",\"@id\":\"https:\/\/svetslik.si\/de\/slike-po-narocilu\/slika-na-platnu-drevored-na-ljubljanskem-gradu\/#primaryimage\",\"url\":\"https:\/\/svetslik.si\/wp-content\/uploads\/2023\/03\/slika-na-platnu-drevored-na-Ljubljanskem-gradu.jpg\",\"contentUrl\":\"https:\/\/svetslik.si\/wp-content\/uploads\/2023\/03\/slika-na-platnu-drevored-na-Ljubljanskem-gradu.jpg\",\"width\":1000,\"height\":713,\"caption\":\"Drevored na Ljubljanskem gradu\"},{\"@type\":\"BreadcrumbList\",\"@id\":\"https:\/\/svetslik.si\/de\/slike-po-narocilu\/slika-na-platnu-drevored-na-ljubljanskem-gradu\/#breadcrumb\",\"itemListElement\":[{\"@type\":\"ListItem\",\"position\":1,\"name\":\"Wandkunst und Gem\u00e4lde auf Leinwand\",\"item\":\"https:\/\/svetslik.si\/de\/\"},{\"@type\":\"ListItem\",\"position\":2,\"name\":\"Verkauf von Gem\u00e4lden\",\"item\":\"https:\/\/svetslik.si\/prodaja-slik\/\"},{\"@type\":\"ListItem\",\"position\":3,\"name\":\"slika na platnu &#8211; drevored na Ljubljanskem gradu\"}]},{\"@type\":\"WebSite\",\"@id\":\"https:\/\/svetslik.si\/de\/#website\",\"url\":\"https:\/\/svetslik.si\/de\/\",\"name\":\"SVETSLIK.SI\",\"description\":\"100% handgemalte Reproduktionen von Gem\u00e4lden ber\u00fchmter Maler und Gem\u00e4lde auf Leinwand.\",\"publisher\":{\"@id\":\"https:\/\/svetslik.si\/de\/#organization\"},\"potentialAction\":[{\"@type\":\"SearchAction\",\"target\":{\"@type\":\"EntryPoint\",\"urlTemplate\":\"https:\/\/svetslik.si\/de\/?s={search_term_string}\"},\"query-input\":{\"@type\":\"PropertyValueSpecification\",\"valueRequired\":true,\"valueName\":\"search_term_string\"}}],\"inLanguage\":\"de\"},{\"@type\":\"Organization\",\"@id\":\"https:\/\/svetslik.si\/de\/#organization\",\"name\":\"SvetSlik.si\",\"url\":\"https:\/\/svetslik.si\/de\/\",\"logo\":{\"@type\":\"ImageObject\",\"inLanguage\":\"de\",\"@id\":\"https:\/\/svetslik.si\/de\/#\/schema\/logo\/image\/\",\"url\":\"https:\/\/svetslik.si\/wp-content\/uploads\/2020\/12\/logo-512.png\",\"contentUrl\":\"https:\/\/svetslik.si\/wp-content\/uploads\/2020\/12\/logo-512.png\",\"width\":512,\"height\":512,\"caption\":\"SvetSlik.si\"},\"image\":{\"@id\":\"https:\/\/svetslik.si\/de\/#\/schema\/logo\/image\/\"},\"sameAs\":[\"https:\/\/www.facebook.com\/svetslik.si\",\"https:\/\/x.com\/svetslik\",\"https:\/\/www.instagram.com\/svetslik.si\/\",\"https:\/\/www.linkedin.com\/company\/svetslik-si\"]}]}<\/script>\n<meta property=\"og:availability\" content=\"backorder\" \/>\n<meta property=\"product:availability\" content=\"available for order\" \/>\n<meta property=\"product:retailer_item_id\" content=\"1131__-2\" \/>\n<meta property=\"product:condition\" content=\"new\" \/>\n<!-- \/ Yoast SEO Premium plugin. -->","yoast_head_json":{"title":"slika na platnu - drevored na Ljubljanskem gradu - SVETSLIK.SI - 100% ro\u010dno naslikano","description":"slika na platnu - drevored na Ljubljanskem gradu - 100 % ro\u010dno naslikane umetni\u0161ke stenske slike na platnu. Prodaja slik - reprodukcije slik znanih slikarjev, izdelava slik po naro\u010dilu in okvirjanje slik.","robots":{"index":"index","follow":"follow","max-snippet":"max-snippet:-1","max-image-preview":"max-image-preview:large","max-video-preview":"max-video-preview:-1"},"canonical":"https:\/\/svetslik.si\/de\/slike-po-narocilu\/slika-na-platnu-drevored-na-ljubljanskem-gradu\/","og_locale":"de_DE","og_type":"article","og_title":"slika na platnu - drevored na Ljubljanskem gradu","og_description":"100% ro\u010dno naslikane slike na platnu, reprodukcije znanih slikarjev in umetni\u0161ke slike po naro\u010dilu.","og_url":"https:\/\/svetslik.si\/de\/slike-po-narocilu\/slika-na-platnu-drevored-na-ljubljanskem-gradu\/","og_site_name":"SVETSLIK.SI","article_publisher":"https:\/\/www.facebook.com\/svetslik.si","article_modified_time":"2026-03-22T17:12:45+00:00","og_image":[{"width":1000,"height":713,"url":"https:\/\/svetslik.si\/wp-content\/uploads\/2023\/03\/slika-na-platnu-drevored-na-Ljubljanskem-gradu.jpg","type":"image\/jpeg"}],"twitter_card":"summary_large_image","twitter_site":"@svetslik","twitter_misc":{"Verf\u00fcgbarkeit":"bei Nachbestellung"},"schema":{"@context":"https:\/\/schema.org","@graph":[{"@type":["WebPage","ItemPage"],"@id":"https:\/\/svetslik.si\/de\/slike-po-narocilu\/slika-na-platnu-drevored-na-ljubljanskem-gradu\/","url":"https:\/\/svetslik.si\/de\/slike-po-narocilu\/slika-na-platnu-drevored-na-ljubljanskem-gradu\/","name":"slika na platnu - drevored na Ljubljanskem gradu - SVETSLIK.SI - 100% ro\u010dno naslikano","isPartOf":{"@id":"https:\/\/svetslik.si\/de\/#website"},"primaryImageOfPage":{"@id":"https:\/\/svetslik.si\/de\/slike-po-narocilu\/slika-na-platnu-drevored-na-ljubljanskem-gradu\/#primaryimage"},"image":{"@id":"https:\/\/svetslik.si\/de\/slike-po-narocilu\/slika-na-platnu-drevored-na-ljubljanskem-gradu\/#primaryimage"},"thumbnailUrl":"https:\/\/svetslik.si\/wp-content\/uploads\/2023\/03\/slika-na-platnu-drevored-na-Ljubljanskem-gradu.jpg","datePublished":"2023-03-02T08:06:18+00:00","dateModified":"2026-03-22T17:12:45+00:00","description":"slika na platnu - drevored na Ljubljanskem gradu - 100 % ro\u010dno naslikane umetni\u0161ke stenske slike na platnu. Prodaja slik - reprodukcije slik znanih slikarjev, izdelava slik po naro\u010dilu in okvirjanje slik.","breadcrumb":{"@id":"https:\/\/svetslik.si\/de\/slike-po-narocilu\/slika-na-platnu-drevored-na-ljubljanskem-gradu\/#breadcrumb"},"inLanguage":"de","potentialAction":[{"@type":"ReadAction","target":["https:\/\/svetslik.si\/de\/slike-po-narocilu\/slika-na-platnu-drevored-na-ljubljanskem-gradu\/"]}]},{"@type":"ImageObject","inLanguage":"de","@id":"https:\/\/svetslik.si\/de\/slike-po-narocilu\/slika-na-platnu-drevored-na-ljubljanskem-gradu\/#primaryimage","url":"https:\/\/svetslik.si\/wp-content\/uploads\/2023\/03\/slika-na-platnu-drevored-na-Ljubljanskem-gradu.jpg","contentUrl":"https:\/\/svetslik.si\/wp-content\/uploads\/2023\/03\/slika-na-platnu-drevored-na-Ljubljanskem-gradu.jpg","width":1000,"height":713,"caption":"Drevored na Ljubljanskem gradu"},{"@type":"BreadcrumbList","@id":"https:\/\/svetslik.si\/de\/slike-po-narocilu\/slika-na-platnu-drevored-na-ljubljanskem-gradu\/#breadcrumb","itemListElement":[{"@type":"ListItem","position":1,"name":"Wandkunst und Gem\u00e4lde auf Leinwand","item":"https:\/\/svetslik.si\/de\/"},{"@type":"ListItem","position":2,"name":"Verkauf von Gem\u00e4lden","item":"https:\/\/svetslik.si\/prodaja-slik\/"},{"@type":"ListItem","position":3,"name":"slika na platnu &#8211; drevored na Ljubljanskem gradu"}]},{"@type":"WebSite","@id":"https:\/\/svetslik.si\/de\/#website","url":"https:\/\/svetslik.si\/de\/","name":"SVETSLIK.SI","description":"100% handgemalte Reproduktionen von Gem\u00e4lden ber\u00fchmter Maler und Gem\u00e4lde auf Leinwand.","publisher":{"@id":"https:\/\/svetslik.si\/de\/#organization"},"potentialAction":[{"@type":"SearchAction","target":{"@type":"EntryPoint","urlTemplate":"https:\/\/svetslik.si\/de\/?s={search_term_string}"},"query-input":{"@type":"PropertyValueSpecification","valueRequired":true,"valueName":"search_term_string"}}],"inLanguage":"de"},{"@type":"Organization","@id":"https:\/\/svetslik.si\/de\/#organization","name":"SvetSlik.si","url":"https:\/\/svetslik.si\/de\/","logo":{"@type":"ImageObject","inLanguage":"de","@id":"https:\/\/svetslik.si\/de\/#\/schema\/logo\/image\/","url":"https:\/\/svetslik.si\/wp-content\/uploads\/2020\/12\/logo-512.png","contentUrl":"https:\/\/svetslik.si\/wp-content\/uploads\/2020\/12\/logo-512.png","width":512,"height":512,"caption":"SvetSlik.si"},"image":{"@id":"https:\/\/svetslik.si\/de\/#\/schema\/logo\/image\/"},"sameAs":["https:\/\/www.facebook.com\/svetslik.si","https:\/\/x.com\/svetslik","https:\/\/www.instagram.com\/svetslik.si\/","https:\/\/www.linkedin.com\/company\/svetslik-si"]}]},"og_availability":"backorder","product_availability":"available for order","product_retailer_item_id":"1131__-2","product_condition":"new"},"jetpack_sharing_enabled":true,"_links":{"self":[{"href":"https:\/\/svetslik.si\/de\/wp-json\/wp\/v2\/product\/16931","targetHints":{"allow":["GET"]}}],"collection":[{"href":"https:\/\/svetslik.si\/de\/wp-json\/wp\/v2\/product"}],"about":[{"href":"https:\/\/svetslik.si\/de\/wp-json\/wp\/v2\/types\/product"}],"wp:featuredmedia":[{"embeddable":true,"href":"https:\/\/svetslik.si\/de\/wp-json\/wp\/v2\/media\/16940"}],"wp:attachment":[{"href":"https:\/\/svetslik.si\/de\/wp-json\/wp\/v2\/media?parent=16931"}],"wp:term":[{"taxonomy":"product_brand","embeddable":true,"href":"https:\/\/svetslik.si\/de\/wp-json\/wp\/v2\/product_brand?post=16931"},{"taxonomy":"product_cat","embeddable":true,"href":"https:\/\/svetslik.si\/de\/wp-json\/wp\/v2\/product_cat?post=16931"},{"taxonomy":"product_tag","embeddable":true,"href":"https:\/\/svetslik.si\/de\/wp-json\/wp\/v2\/product_tag?post=16931"}],"curies":[{"name":"wp","href":"https:\/\/api.w.org\/{rel}","templated":true}]}}