{"id":5036,"date":"2021-09-02T17:47:35","date_gmt":"2021-09-02T15:47:35","guid":{"rendered":"https:\/\/svetslik.erzo.eu\/product\/jesensko-sonce\/"},"modified":"2026-03-22T19:40:43","modified_gmt":"2026-03-22T18:40:43","slug":"jesensko-sonce","status":"publish","type":"product","link":"https:\/\/svetslik.si\/de\/ig1\/jesensko-sonce\/","title":{"rendered":"Jesensko sonce"},"content":{"rendered":"<p>\n&nbsp;<\/p>\n<table border=\"0\" cellpadding=\"0\" cellspacing=\"0\" style=\"width: 673px\" width=\"673\" x_str=\"\">\n<tbody>\n<tr height=\"21\">\n<td height=\"21\" style=\"width: 180px; height: 21px\">\nLeto nastanka:<\/td>\n<td style=\"width: 493px\" x_num=\"\">\n1908<\/td>\n<\/tr>\n<tr height=\"21\">\n<td height=\"21\" style=\"width: 180px; height: 21px\">\nOriginalna velikost:<\/td>\n<td style=\"width: 493px\">\n60 cm x 70 cm<\/td>\n<\/tr>\n<tr height=\"21\">\n<td height=\"21\" style=\"width: 180px; height: 21px\">\nSlikarski slog:<\/td>\n<td style=\"width: 493px\">\nSlovenska moderna<\/td>\n<\/tr>\n<tr height=\"21\">\n<td height=\"21\" style=\"width: 180px; height: 21px\">\nOriginalna tehnika:<\/td>\n<td>\nOlje na platnu<\/td>\n<\/tr>\n<tr height=\"21\">\n<td height=\"21\" style=\"width: 180px; height: 21px\">\nNahaja se:<\/td>\n<td>\nNarodna galerija Ljubljana<\/td>\n<\/tr>\n<\/tbody>\n<colgroup>\n<col \/>\n<col \/>\n<\/colgroup>\n<\/table>\n<p>\n&nbsp;<\/p>\n<div>\nPo letu 1906 se na Groharjevih slikah spet okrepi simbolisti\u010dna nota. Slikar se ponovno osredoto\u010di na slikanje figur, kompozicijo svojih olj na platnu pa osredi\u0161\u010di ob navpi\u010dni osi, zaradi \u010desar se zdi, da naslikani predmeti zadihajo kot \u017eivi organizmi.<\/div>\n<div>\n&nbsp;<\/div>\n<div>\nNa slikah iz tega obdobja izpraznjeno sredi\u0161\u010de in svetlobni u\u010dinki v prvi vrsti podpirajo barvni spektakel v tolik\u0161ni meri, da oko prevzame \u017ee sama materialnost barvne povr\u0161ine, analogije z naravo pa so bolj posledica vztrajnosti navade in ne toliko spontane hierarhije do\u017eivljanja slike.<\/div>\n<div>\n&nbsp;<\/div>\n","protected":false},"excerpt":{"rendered":"<p>&nbsp; Leto nastanka: 1908 Originalna velikost: 60 cm x 70 cm Slikarski slog: Slovenska moderna Originalna tehnika: Olje na platnu Nahaja se: Narodna galerija Ljubljana &nbsp; Po letu 1906 se na Groharjevih slikah spet okrepi simbolisti\u010dna nota. Slikar se ponovno osredoto\u010di na slikanje figur, kompozicijo svojih olj na platnu pa [&hellip;]<\/p>\n","protected":false},"featured_media":2978,"template":"","meta":{"_acf_changed":false},"product_brand":[],"product_cat":[165],"product_tag":[],"class_list":{"0":"post-5036","1":"product","2":"type-product","3":"status-publish","4":"has-post-thumbnail","6":"product_cat-ig1","7":"pa_dimenzija-110-x-130-cm","8":"pa_dimenzija-130-x-150-cm","9":"pa_dimenzija-40-x-50-cm","10":"pa_dimenzija-50-x-60-cm","11":"pa_dimenzija-60-x-70-cm","12":"pa_dimenzija-70-x-80-cm","13":"pa_dimenzija-80-x-90-cm","14":"pa_dimenzija-90-x-110-cm","15":"pa_oblika-pokoncna","16":"pa_okvir-brez-okvirja","17":"pa_podokvir-da","18":"pa_podokvir-ne","20":"first","21":"onbackorder","22":"purchasable","23":"product-type-variable","24":"has-default-attributes"},"acf":[],"yoast_head":"<!-- This site is optimized with the Yoast SEO Premium plugin v26.0 (Yoast SEO v27.2) - https:\/\/yoast.com\/product\/yoast-seo-premium-wordpress\/ -->\n<title>Jesensko sonce - SVETSLIK.SI<\/title>\n<meta name=\"description\" content=\"Jesensko sonce hand-painted reproduction of a painting by ig1% painter. Wall art, paintings on canvas, modern paintings, abstract paintings and custom painted paintings by order.\" \/>\n<meta name=\"robots\" content=\"index, follow, max-snippet:-1, max-image-preview:large, max-video-preview:-1\" \/>\n<link rel=\"canonical\" href=\"https:\/\/svetslik.si\/de\/ig1\/jesensko-sonce\/\" \/>\n<meta property=\"og:locale\" content=\"de_DE\" \/>\n<meta property=\"og:type\" content=\"article\" \/>\n<meta property=\"og:title\" content=\"Jesensko sonce\" \/>\n<meta property=\"og:description\" content=\"100% ro\u010dno naslikane slike na platnu, reprodukcije znanih slikarjev in umetni\u0161ke slike po naro\u010dilu.\" \/>\n<meta property=\"og:url\" content=\"https:\/\/svetslik.si\/de\/ig1\/jesensko-sonce\/\" \/>\n<meta property=\"og:site_name\" content=\"SVETSLIK.SI\" \/>\n<meta property=\"article:publisher\" content=\"https:\/\/www.facebook.com\/svetslik.si\" \/>\n<meta property=\"article:modified_time\" content=\"2026-03-22T18:40:43+00:00\" \/>\n<meta property=\"og:image\" content=\"https:\/\/svetslik.si\/wp-content\/uploads\/2021\/08\/image_Jesensko-sonce_680.jpg\" \/>\n\t<meta property=\"og:image:width\" content=\"1380\" \/>\n\t<meta property=\"og:image:height\" content=\"1600\" \/>\n\t<meta property=\"og:image:type\" content=\"image\/jpeg\" \/>\n<meta name=\"twitter:card\" content=\"summary_large_image\" \/>\n<meta name=\"twitter:site\" content=\"@svetslik\" \/>\n<meta name=\"twitter:label1\" content=\"Verf\u00fcgbarkeit\" \/>\n\t<meta name=\"twitter:data1\" content=\"bei Nachbestellung\" \/>\n<script type=\"application\/ld+json\" class=\"yoast-schema-graph\">{\"@context\":\"https:\/\/schema.org\",\"@graph\":[{\"@type\":[\"WebPage\",\"ItemPage\"],\"@id\":\"https:\/\/svetslik.si\/de\/ig1\/jesensko-sonce\/\",\"url\":\"https:\/\/svetslik.si\/de\/ig1\/jesensko-sonce\/\",\"name\":\"Jesensko sonce - SVETSLIK.SI\",\"isPartOf\":{\"@id\":\"https:\/\/svetslik.si\/de\/#website\"},\"primaryImageOfPage\":{\"@id\":\"https:\/\/svetslik.si\/de\/ig1\/jesensko-sonce\/#primaryimage\"},\"image\":{\"@id\":\"https:\/\/svetslik.si\/de\/ig1\/jesensko-sonce\/#primaryimage\"},\"thumbnailUrl\":\"https:\/\/svetslik.si\/wp-content\/uploads\/2021\/08\/image_Jesensko-sonce_680.jpg\",\"datePublished\":\"2021-09-02T15:47:35+00:00\",\"dateModified\":\"2026-03-22T18:40:43+00:00\",\"description\":\"Jesensko sonce hand-painted reproduction of a painting by ig1% painter. Wall art, paintings on canvas, modern paintings, abstract paintings and custom painted paintings by order.\",\"breadcrumb\":{\"@id\":\"https:\/\/svetslik.si\/de\/ig1\/jesensko-sonce\/#breadcrumb\"},\"inLanguage\":\"de\",\"potentialAction\":[{\"@type\":\"ReadAction\",\"target\":[\"https:\/\/svetslik.si\/de\/ig1\/jesensko-sonce\/\"]}]},{\"@type\":\"ImageObject\",\"inLanguage\":\"de\",\"@id\":\"https:\/\/svetslik.si\/de\/ig1\/jesensko-sonce\/#primaryimage\",\"url\":\"https:\/\/svetslik.si\/wp-content\/uploads\/2021\/08\/image_Jesensko-sonce_680.jpg\",\"contentUrl\":\"https:\/\/svetslik.si\/wp-content\/uploads\/2021\/08\/image_Jesensko-sonce_680.jpg\",\"width\":1380,\"height\":1600,\"caption\":\"4 T\"},{\"@type\":\"BreadcrumbList\",\"@id\":\"https:\/\/svetslik.si\/de\/ig1\/jesensko-sonce\/#breadcrumb\",\"itemListElement\":[{\"@type\":\"ListItem\",\"position\":1,\"name\":\"Wandkunst und Gem\u00e4lde auf Leinwand\",\"item\":\"https:\/\/svetslik.si\/de\/\"},{\"@type\":\"ListItem\",\"position\":2,\"name\":\"Verkauf von Gem\u00e4lden\",\"item\":\"https:\/\/svetslik.si\/prodaja-slik\/\"},{\"@type\":\"ListItem\",\"position\":3,\"name\":\"Jesensko sonce\"}]},{\"@type\":\"WebSite\",\"@id\":\"https:\/\/svetslik.si\/de\/#website\",\"url\":\"https:\/\/svetslik.si\/de\/\",\"name\":\"SVETSLIK.SI\",\"description\":\"100% handgemalte Reproduktionen von Gem\u00e4lden ber\u00fchmter Maler und Gem\u00e4lde auf Leinwand.\",\"publisher\":{\"@id\":\"https:\/\/svetslik.si\/de\/#organization\"},\"potentialAction\":[{\"@type\":\"SearchAction\",\"target\":{\"@type\":\"EntryPoint\",\"urlTemplate\":\"https:\/\/svetslik.si\/de\/?s={search_term_string}\"},\"query-input\":{\"@type\":\"PropertyValueSpecification\",\"valueRequired\":true,\"valueName\":\"search_term_string\"}}],\"inLanguage\":\"de\"},{\"@type\":\"Organization\",\"@id\":\"https:\/\/svetslik.si\/de\/#organization\",\"name\":\"SvetSlik.si\",\"url\":\"https:\/\/svetslik.si\/de\/\",\"logo\":{\"@type\":\"ImageObject\",\"inLanguage\":\"de\",\"@id\":\"https:\/\/svetslik.si\/de\/#\/schema\/logo\/image\/\",\"url\":\"https:\/\/svetslik.si\/wp-content\/uploads\/2020\/12\/logo-512.png\",\"contentUrl\":\"https:\/\/svetslik.si\/wp-content\/uploads\/2020\/12\/logo-512.png\",\"width\":512,\"height\":512,\"caption\":\"SvetSlik.si\"},\"image\":{\"@id\":\"https:\/\/svetslik.si\/de\/#\/schema\/logo\/image\/\"},\"sameAs\":[\"https:\/\/www.facebook.com\/svetslik.si\",\"https:\/\/x.com\/svetslik\",\"https:\/\/www.instagram.com\/svetslik.si\/\",\"https:\/\/www.linkedin.com\/company\/svetslik-si\"]}]}<\/script>\n<meta property=\"og:availability\" content=\"backorder\" \/>\n<meta property=\"product:availability\" content=\"available for order\" \/>\n<meta property=\"product:retailer_item_id\" content=\"173__\" \/>\n<meta property=\"product:condition\" content=\"new\" \/>\n<!-- \/ Yoast SEO Premium plugin. -->","yoast_head_json":{"title":"Jesensko sonce - SVETSLIK.SI","description":"Jesensko sonce hand-painted reproduction of a painting by ig1% painter. Wall art, paintings on canvas, modern paintings, abstract paintings and custom painted paintings by order.","robots":{"index":"index","follow":"follow","max-snippet":"max-snippet:-1","max-image-preview":"max-image-preview:large","max-video-preview":"max-video-preview:-1"},"canonical":"https:\/\/svetslik.si\/de\/ig1\/jesensko-sonce\/","og_locale":"de_DE","og_type":"article","og_title":"Jesensko sonce","og_description":"100% ro\u010dno naslikane slike na platnu, reprodukcije znanih slikarjev in umetni\u0161ke slike po naro\u010dilu.","og_url":"https:\/\/svetslik.si\/de\/ig1\/jesensko-sonce\/","og_site_name":"SVETSLIK.SI","article_publisher":"https:\/\/www.facebook.com\/svetslik.si","article_modified_time":"2026-03-22T18:40:43+00:00","og_image":[{"width":1380,"height":1600,"url":"https:\/\/svetslik.si\/wp-content\/uploads\/2021\/08\/image_Jesensko-sonce_680.jpg","type":"image\/jpeg"}],"twitter_card":"summary_large_image","twitter_site":"@svetslik","twitter_misc":{"Verf\u00fcgbarkeit":"bei Nachbestellung"},"schema":{"@context":"https:\/\/schema.org","@graph":[{"@type":["WebPage","ItemPage"],"@id":"https:\/\/svetslik.si\/de\/ig1\/jesensko-sonce\/","url":"https:\/\/svetslik.si\/de\/ig1\/jesensko-sonce\/","name":"Jesensko sonce - SVETSLIK.SI","isPartOf":{"@id":"https:\/\/svetslik.si\/de\/#website"},"primaryImageOfPage":{"@id":"https:\/\/svetslik.si\/de\/ig1\/jesensko-sonce\/#primaryimage"},"image":{"@id":"https:\/\/svetslik.si\/de\/ig1\/jesensko-sonce\/#primaryimage"},"thumbnailUrl":"https:\/\/svetslik.si\/wp-content\/uploads\/2021\/08\/image_Jesensko-sonce_680.jpg","datePublished":"2021-09-02T15:47:35+00:00","dateModified":"2026-03-22T18:40:43+00:00","description":"Jesensko sonce hand-painted reproduction of a painting by ig1% painter. Wall art, paintings on canvas, modern paintings, abstract paintings and custom painted paintings by order.","breadcrumb":{"@id":"https:\/\/svetslik.si\/de\/ig1\/jesensko-sonce\/#breadcrumb"},"inLanguage":"de","potentialAction":[{"@type":"ReadAction","target":["https:\/\/svetslik.si\/de\/ig1\/jesensko-sonce\/"]}]},{"@type":"ImageObject","inLanguage":"de","@id":"https:\/\/svetslik.si\/de\/ig1\/jesensko-sonce\/#primaryimage","url":"https:\/\/svetslik.si\/wp-content\/uploads\/2021\/08\/image_Jesensko-sonce_680.jpg","contentUrl":"https:\/\/svetslik.si\/wp-content\/uploads\/2021\/08\/image_Jesensko-sonce_680.jpg","width":1380,"height":1600,"caption":"4 T"},{"@type":"BreadcrumbList","@id":"https:\/\/svetslik.si\/de\/ig1\/jesensko-sonce\/#breadcrumb","itemListElement":[{"@type":"ListItem","position":1,"name":"Wandkunst und Gem\u00e4lde auf Leinwand","item":"https:\/\/svetslik.si\/de\/"},{"@type":"ListItem","position":2,"name":"Verkauf von Gem\u00e4lden","item":"https:\/\/svetslik.si\/prodaja-slik\/"},{"@type":"ListItem","position":3,"name":"Jesensko sonce"}]},{"@type":"WebSite","@id":"https:\/\/svetslik.si\/de\/#website","url":"https:\/\/svetslik.si\/de\/","name":"SVETSLIK.SI","description":"100% handgemalte Reproduktionen von Gem\u00e4lden ber\u00fchmter Maler und Gem\u00e4lde auf Leinwand.","publisher":{"@id":"https:\/\/svetslik.si\/de\/#organization"},"potentialAction":[{"@type":"SearchAction","target":{"@type":"EntryPoint","urlTemplate":"https:\/\/svetslik.si\/de\/?s={search_term_string}"},"query-input":{"@type":"PropertyValueSpecification","valueRequired":true,"valueName":"search_term_string"}}],"inLanguage":"de"},{"@type":"Organization","@id":"https:\/\/svetslik.si\/de\/#organization","name":"SvetSlik.si","url":"https:\/\/svetslik.si\/de\/","logo":{"@type":"ImageObject","inLanguage":"de","@id":"https:\/\/svetslik.si\/de\/#\/schema\/logo\/image\/","url":"https:\/\/svetslik.si\/wp-content\/uploads\/2020\/12\/logo-512.png","contentUrl":"https:\/\/svetslik.si\/wp-content\/uploads\/2020\/12\/logo-512.png","width":512,"height":512,"caption":"SvetSlik.si"},"image":{"@id":"https:\/\/svetslik.si\/de\/#\/schema\/logo\/image\/"},"sameAs":["https:\/\/www.facebook.com\/svetslik.si","https:\/\/x.com\/svetslik","https:\/\/www.instagram.com\/svetslik.si\/","https:\/\/www.linkedin.com\/company\/svetslik-si"]}]},"og_availability":"backorder","product_availability":"available for order","product_retailer_item_id":"173__","product_condition":"new"},"jetpack_sharing_enabled":true,"_links":{"self":[{"href":"https:\/\/svetslik.si\/de\/wp-json\/wp\/v2\/product\/5036","targetHints":{"allow":["GET"]}}],"collection":[{"href":"https:\/\/svetslik.si\/de\/wp-json\/wp\/v2\/product"}],"about":[{"href":"https:\/\/svetslik.si\/de\/wp-json\/wp\/v2\/types\/product"}],"wp:featuredmedia":[{"embeddable":true,"href":"https:\/\/svetslik.si\/de\/wp-json\/wp\/v2\/media\/2978"}],"wp:attachment":[{"href":"https:\/\/svetslik.si\/de\/wp-json\/wp\/v2\/media?parent=5036"}],"wp:term":[{"taxonomy":"product_brand","embeddable":true,"href":"https:\/\/svetslik.si\/de\/wp-json\/wp\/v2\/product_brand?post=5036"},{"taxonomy":"product_cat","embeddable":true,"href":"https:\/\/svetslik.si\/de\/wp-json\/wp\/v2\/product_cat?post=5036"},{"taxonomy":"product_tag","embeddable":true,"href":"https:\/\/svetslik.si\/de\/wp-json\/wp\/v2\/product_tag?post=5036"}],"curies":[{"name":"wp","href":"https:\/\/api.w.org\/{rel}","templated":true}]}}