{"id":65876,"date":"2021-09-02T17:41:52","date_gmt":"2021-09-02T15:41:52","guid":{"rendered":"https:\/\/svetslik.si\/unkategorisiert\/the-kiss-detail\/"},"modified":"2025-01-22T13:48:29","modified_gmt":"2025-01-22T12:48:29","slug":"the-kiss-detail","status":"publish","type":"product","link":"https:\/\/svetslik.si\/de\/gustav-klimt-de\/the-kiss-detail\/","title":{"rendered":"Gustav Klimt &#8211; The Kiss (detail) &#8211; Der Kuss"},"content":{"rendered":"<div class=\"wpb-content-wrapper\">[vc_row css=&#8221;.vc_custom_1737549908160{margin-bottom: 10px !important;}&#8221;][vc_column]\t<div class=\"et-image-621 et-image  full   et_image_link\">\n\t\t<div class=\"et-image-inner \">\n\t\t\t\t\t\t\t<div class=\"et-image-thumb \">\n\t\t\t\t\t<img decoding=\"async\" width=\"1000\" height=\"946\" src=\"https:\/\/svetslik.si\/wp-content\/uploads\/2021\/09\/Gustav-Klimt-\u2013-The-Kiss-detail-\u2013-Poljub-reprodukcija-slike-na-platnu.jpg\" class=\"attachment-full\" alt=\"Gustav Klimt - The Kiss (detail) - Der Kuss\" title=\"Gustav Klimt - The Kiss (detail) - Der Kuss\" srcset=\"https:\/\/svetslik.si\/wp-content\/uploads\/2021\/09\/Gustav-Klimt-\u2013-The-Kiss-detail-\u2013-Poljub-reprodukcija-slike-na-platnu.jpg 1000w, https:\/\/svetslik.si\/wp-content\/uploads\/2021\/09\/Gustav-Klimt-\u2013-The-Kiss-detail-\u2013-Poljub-reprodukcija-slike-na-platnu-600x568.jpg 600w, https:\/\/svetslik.si\/wp-content\/uploads\/2021\/09\/Gustav-Klimt-\u2013-The-Kiss-detail-\u2013-Poljub-reprodukcija-slike-na-platnu-300x284.jpg 300w, https:\/\/svetslik.si\/wp-content\/uploads\/2021\/09\/Gustav-Klimt-\u2013-The-Kiss-detail-\u2013-Poljub-reprodukcija-slike-na-platnu-768x727.jpg 768w, https:\/\/svetslik.si\/wp-content\/uploads\/2021\/09\/Gustav-Klimt-\u2013-The-Kiss-detail-\u2013-Poljub-reprodukcija-slike-na-platnu-150x142.jpg 150w, https:\/\/svetslik.si\/wp-content\/uploads\/2021\/09\/Gustav-Klimt-\u2013-The-Kiss-detail-\u2013-Poljub-reprodukcija-slike-na-platnu-900x851.jpg 900w\" sizes=\"(max-width: 1000px) 100vw, 1000px\" \/>\t\t\t\t<\/div>\n\t\t\t\t\t\t\t\t\t\t\t<\/div>\n\t<\/div>\n  [\/vc_column][\/vc_row][vc_row css=&#8221;.vc_custom_1737549908160{margin-bottom: 10px !important;}&#8221;][vc_column]\t<div class=\"et-image-254 et-image  full   et_image_link\">\n\t\t<div class=\"et-image-inner \">\n\t\t\t\t\t\t\t<div class=\"et-image-thumb \">\n\t\t\t\t\t<img decoding=\"async\" width=\"1000\" height=\"1189\" src=\"https:\/\/svetslik.si\/wp-content\/uploads\/2021\/09\/Gustav-Klimt-\u2013-The-Kiss-detail-\u2013-Poljub-reprodukcija-slike-na-platnu-4.jpg\" class=\"attachment-full\" alt=\"Gustav Klimt - The Kiss (detail) - Der Kuss\" title=\"Gustav Klimt - The Kiss (detail) - Der Kuss\" srcset=\"https:\/\/svetslik.si\/wp-content\/uploads\/2021\/09\/Gustav-Klimt-\u2013-The-Kiss-detail-\u2013-Poljub-reprodukcija-slike-na-platnu-4.jpg 1000w, https:\/\/svetslik.si\/wp-content\/uploads\/2021\/09\/Gustav-Klimt-\u2013-The-Kiss-detail-\u2013-Poljub-reprodukcija-slike-na-platnu-4-600x713.jpg 600w, https:\/\/svetslik.si\/wp-content\/uploads\/2021\/09\/Gustav-Klimt-\u2013-The-Kiss-detail-\u2013-Poljub-reprodukcija-slike-na-platnu-4-252x300.jpg 252w, https:\/\/svetslik.si\/wp-content\/uploads\/2021\/09\/Gustav-Klimt-\u2013-The-Kiss-detail-\u2013-Poljub-reprodukcija-slike-na-platnu-4-861x1024.jpg 861w, https:\/\/svetslik.si\/wp-content\/uploads\/2021\/09\/Gustav-Klimt-\u2013-The-Kiss-detail-\u2013-Poljub-reprodukcija-slike-na-platnu-4-768x913.jpg 768w, https:\/\/svetslik.si\/wp-content\/uploads\/2021\/09\/Gustav-Klimt-\u2013-The-Kiss-detail-\u2013-Poljub-reprodukcija-slike-na-platnu-4-126x150.jpg 126w, https:\/\/svetslik.si\/wp-content\/uploads\/2021\/09\/Gustav-Klimt-\u2013-The-Kiss-detail-\u2013-Poljub-reprodukcija-slike-na-platnu-4-900x1070.jpg 900w\" sizes=\"(max-width: 1000px) 100vw, 1000px\" \/>\t\t\t\t<\/div>\n\t\t\t\t\t\t\t\t\t\t\t<\/div>\n\t<\/div>\n  [\/vc_column][\/vc_row][vc_row css=&#8221;.vc_custom_1737549908160{margin-bottom: 10px !important;}&#8221;][vc_column]\t<div class=\"et-image-309 et-image  full   et_image_link\">\n\t\t<div class=\"et-image-inner \">\n\t\t\t\t\t\t\t<div class=\"et-image-thumb \">\n\t\t\t\t\t<img decoding=\"async\" width=\"1000\" height=\"750\" src=\"https:\/\/svetslik.si\/wp-content\/uploads\/2021\/09\/Gustav-Klimt-\u2013-The-Kiss-detail-\u2013-Poljub-reprodukcija-slike-na-platnu-3.jpg\" class=\"attachment-full\" alt=\"Gustav Klimt - The Kiss (detail) - Der Kuss\" title=\"Gustav Klimt - The Kiss (detail) - Der Kuss\" srcset=\"https:\/\/svetslik.si\/wp-content\/uploads\/2021\/09\/Gustav-Klimt-\u2013-The-Kiss-detail-\u2013-Poljub-reprodukcija-slike-na-platnu-3.jpg 1000w, https:\/\/svetslik.si\/wp-content\/uploads\/2021\/09\/Gustav-Klimt-\u2013-The-Kiss-detail-\u2013-Poljub-reprodukcija-slike-na-platnu-3-600x450.jpg 600w, https:\/\/svetslik.si\/wp-content\/uploads\/2021\/09\/Gustav-Klimt-\u2013-The-Kiss-detail-\u2013-Poljub-reprodukcija-slike-na-platnu-3-300x225.jpg 300w, https:\/\/svetslik.si\/wp-content\/uploads\/2021\/09\/Gustav-Klimt-\u2013-The-Kiss-detail-\u2013-Poljub-reprodukcija-slike-na-platnu-3-768x576.jpg 768w, https:\/\/svetslik.si\/wp-content\/uploads\/2021\/09\/Gustav-Klimt-\u2013-The-Kiss-detail-\u2013-Poljub-reprodukcija-slike-na-platnu-3-150x113.jpg 150w, https:\/\/svetslik.si\/wp-content\/uploads\/2021\/09\/Gustav-Klimt-\u2013-The-Kiss-detail-\u2013-Poljub-reprodukcija-slike-na-platnu-3-900x675.jpg 900w\" sizes=\"(max-width: 1000px) 100vw, 1000px\" \/>\t\t\t\t<\/div>\n\t\t\t\t\t\t\t\t\t\t\t<\/div>\n\t<\/div>\n  [\/vc_column][\/vc_row][vc_row css=&#8221;.vc_custom_1737549908160{margin-bottom: 10px !important;}&#8221;][vc_column]\t<div class=\"et-image-662 et-image  full   et_image_link\">\n\t\t<div class=\"et-image-inner \">\n\t\t\t\t\t\t\t<div class=\"et-image-thumb \">\n\t\t\t\t\t<img decoding=\"async\" width=\"1000\" height=\"750\" src=\"https:\/\/svetslik.si\/wp-content\/uploads\/2021\/09\/Gustav-Klimt-\u2013-The-Kiss-detail-\u2013-Poljub-reprodukcija-slike-na-platnu-1.jpg\" class=\"attachment-full\" alt=\"Gustav Klimt - The Kiss (detail) - Der Kuss\" title=\"Gustav Klimt - The Kiss (detail) - Der Kuss\" srcset=\"https:\/\/svetslik.si\/wp-content\/uploads\/2021\/09\/Gustav-Klimt-\u2013-The-Kiss-detail-\u2013-Poljub-reprodukcija-slike-na-platnu-1.jpg 1000w, https:\/\/svetslik.si\/wp-content\/uploads\/2021\/09\/Gustav-Klimt-\u2013-The-Kiss-detail-\u2013-Poljub-reprodukcija-slike-na-platnu-1-600x450.jpg 600w, https:\/\/svetslik.si\/wp-content\/uploads\/2021\/09\/Gustav-Klimt-\u2013-The-Kiss-detail-\u2013-Poljub-reprodukcija-slike-na-platnu-1-300x225.jpg 300w, https:\/\/svetslik.si\/wp-content\/uploads\/2021\/09\/Gustav-Klimt-\u2013-The-Kiss-detail-\u2013-Poljub-reprodukcija-slike-na-platnu-1-768x576.jpg 768w, https:\/\/svetslik.si\/wp-content\/uploads\/2021\/09\/Gustav-Klimt-\u2013-The-Kiss-detail-\u2013-Poljub-reprodukcija-slike-na-platnu-1-150x113.jpg 150w, https:\/\/svetslik.si\/wp-content\/uploads\/2021\/09\/Gustav-Klimt-\u2013-The-Kiss-detail-\u2013-Poljub-reprodukcija-slike-na-platnu-1-900x675.jpg 900w\" sizes=\"(max-width: 1000px) 100vw, 1000px\" \/>\t\t\t\t<\/div>\n\t\t\t\t\t\t\t\t\t\t\t<\/div>\n\t<\/div>\n  [\/vc_column][\/vc_row][vc_row][vc_column][vc_column_text]\n<h1>Gustav Klimt \u2013 Der Kuss (Detail)<\/h1>\n<p>&nbsp;<\/p>\n<table id=\"imageinfo\" border=\"0\" width=\"96%\" cellpadding=\"2\">\n<tbody>\n<tr>\n<td width=\"120\">Erstellungsjahr:<\/td>\n<td>1907-1908<\/td>\n<\/tr>\n<tr>\n<td>Originalgr\u00f6\u00dfe:<\/td>\n<td>180 x 180 cm<\/td>\n<\/tr>\n<tr>\n<td>Malstil:<\/td>\n<td>Sezession<\/td>\n<\/tr>\n<tr>\n<td>Originaltechnik:<\/td>\n<td>\u00d6l auf Leinwand \u2013 Malerei auf Leinwand<\/td>\n<\/tr>\n<tr>\n<td>Standort:<\/td>\n<td>Museum f\u00fcr Angewandte Kunst, Wien<\/td>\n<\/tr>\n<\/tbody>\n<\/table>\n<p>Wandgem\u00e4lde auf Leinwand von Gustav Klimt \u2013 <i><em>Der Kuss<\/em><\/i>, eine sinnliche Darstellung des Wirbels der Liebe, der den H\u00f6hepunkt von Klimts goldener Periode darstellt, in die er zur\u00fcckkehrte Das Handwerk seines Vaters aufl\u00f6ste und sich der byzantinischen zweidimensionalen und anorganisch starren Sakralkunst zuwandte, gilt heute als das ber\u00fchmteste Werk dieses K\u00fcnstlers. Das Gem\u00e4lde wird von geistiger und literarischer Symbolik dominiert, die Linie ist streng, stilisiert, w\u00e4hrend die Farbe haupts\u00e4chlich eine dekorative Rolle spielt. \u00d6l auf Leinwand <em>Der Kuss<\/em> war auch das zentrale Exponat der <em>Kunstchau<\/em>, einer Ausstellung mit H\u00f6hepunkten des Wiener Jugendstils im Jahr 1908.<\/p>\n[\/vc_column_text][\/vc_column][\/vc_row][vc_row css=&#8221;.vc_custom_1640166708552{margin-bottom: 20px !important;}&#8221;][vc_column]\t<div class=\"et-image-267 et-image  full   et_image_link\">\n\t\t<div class=\"et-image-inner \">\n\t\t\t\t\t\t\t<div class=\"et-image-thumb \">\n\t\t\t\t\t<img decoding=\"async\" width=\"2560\" height=\"1465\" src=\"https:\/\/svetslik.si\/wp-content\/uploads\/2021\/09\/Gustav-Klimt-the-kiss-poljub-slika-na-platnu-6-scaled.jpg\" class=\"attachment-full\" alt=\"Gustav Klimt - The Kiss (detail) (Der Kuss - Detail) - Gem\u00e4lde, Liebe, Jugendstil, Symbolismus\" title=\"Gustav Klimt - The Kiss (detail) (Der Kuss - Detail) - Gem\u00e4lde, Liebe, Jugendstil, Symbolismus\" srcset=\"https:\/\/svetslik.si\/wp-content\/uploads\/2021\/09\/Gustav-Klimt-the-kiss-poljub-slika-na-platnu-6-scaled.jpg 2560w, https:\/\/svetslik.si\/wp-content\/uploads\/2021\/09\/Gustav-Klimt-the-kiss-poljub-slika-na-platnu-6-600x343.jpg 600w, https:\/\/svetslik.si\/wp-content\/uploads\/2021\/09\/Gustav-Klimt-the-kiss-poljub-slika-na-platnu-6-scaled-1200x687.jpg 1200w, https:\/\/svetslik.si\/wp-content\/uploads\/2021\/09\/Gustav-Klimt-the-kiss-poljub-slika-na-platnu-6-300x172.jpg 300w, https:\/\/svetslik.si\/wp-content\/uploads\/2021\/09\/Gustav-Klimt-the-kiss-poljub-slika-na-platnu-6-1024x586.jpg 1024w, https:\/\/svetslik.si\/wp-content\/uploads\/2021\/09\/Gustav-Klimt-the-kiss-poljub-slika-na-platnu-6-768x439.jpg 768w, https:\/\/svetslik.si\/wp-content\/uploads\/2021\/09\/Gustav-Klimt-the-kiss-poljub-slika-na-platnu-6-1536x879.jpg 1536w, https:\/\/svetslik.si\/wp-content\/uploads\/2021\/09\/Gustav-Klimt-the-kiss-poljub-slika-na-platnu-6-2048x1172.jpg 2048w, https:\/\/svetslik.si\/wp-content\/uploads\/2021\/09\/Gustav-Klimt-the-kiss-poljub-slika-na-platnu-6-150x86.jpg 150w, https:\/\/svetslik.si\/wp-content\/uploads\/2021\/09\/Gustav-Klimt-the-kiss-poljub-slika-na-platnu-6-1320x755.jpg 1320w, https:\/\/svetslik.si\/wp-content\/uploads\/2021\/09\/Gustav-Klimt-the-kiss-poljub-slika-na-platnu-6-900x515.jpg 900w\" sizes=\"(max-width: 2560px) 100vw, 2560px\" \/>\t\t\t\t<\/div>\n\t\t\t\t\t\t\t\t\t\t\t<\/div>\n\t<\/div>\n  [\/vc_column][\/vc_row]\n<\/div>","protected":false},"excerpt":{"rendered":"<p>[vc_row css=&#8221;.vc_custom_1737549908160{margin-bottom: 10px !important;}&#8221;][vc_column][\/vc_column][\/vc_row][vc_row css=&#8221;.vc_custom_1737549908160{margin-bottom: 10px !important;}&#8221;][vc_column][\/vc_column][\/vc_row][vc_row css=&#8221;.vc_custom_1737549908160{margin-bottom: 10px !important;}&#8221;][vc_column][\/vc_column][\/vc_row][vc_row css=&#8221;.vc_custom_1737549908160{margin-bottom: 10px !important;}&#8221;][vc_column][\/vc_column][\/vc_row][vc_row][vc_column][vc_column_text] Gustav Klimt \u2013 Der Kuss (Detail) &nbsp; Erstellungsjahr: 1907-1908 Originalgr\u00f6\u00dfe: 180 x 180 cm Malstil: Sezession Originaltechnik: \u00d6l auf Leinwand \u2013 Malerei auf Leinwand Standort: Museum f\u00fcr Angewandte Kunst, Wien Wandgem\u00e4lde auf Leinwand von Gustav Klimt \u2013 [&hellip;]<\/p>\n","protected":false},"featured_media":65875,"template":"","meta":{"_acf_changed":false},"product_brand":[],"product_cat":[8461],"product_tag":[8489,8493,8494,8521,8513,8514],"class_list":{"0":"post-65876","1":"product","2":"type-product","3":"status-publish","4":"has-post-thumbnail","6":"product_cat-gustav-klimt-de","7":"product_tag-gustav-klimt-de","8":"product_tag-klimt-de","9":"product_tag-klimt-kuss","10":"product_tag-maler","11":"product_tag-reproduktion","12":"product_tag-reproduktionen","13":"pa_dimenzija-120-x-120-cm-de","14":"pa_dimenzija-150-x-150-cm-de","15":"pa_dimenzija-40-x-40-cm-de","16":"pa_dimenzija-50-x-50-cm-de","17":"pa_dimenzija-60-x-70-cm-de","18":"pa_dimenzija-70-x-70-cm-de","19":"pa_dimenzija-80-x-80-cm-de","20":"pa_dimenzija-90-x-90-cm-de","21":"pa_oblika-quadrat","22":"pa_okvir-ohne-rahmen","23":"pa_podokvir-ja","24":"pa_podokvir-nein","26":"first","27":"instock","28":"purchasable","29":"product-type-variable","30":"has-default-attributes"},"acf":[],"yoast_head":"<!-- This site is optimized with the Yoast SEO Premium plugin v26.0 (Yoast SEO v27.2) - https:\/\/yoast.com\/product\/yoast-seo-premium-wordpress\/ -->\n<title>Gustav Klimt - The Kiss (detail) - Der Kuss - SVETSLIK.SI - 100% handgemalt<\/title>\n<meta name=\"description\" content=\"Gustav Klimt - The Kiss (detail) - Der Kuss - 100% handgemalte Gem\u00e4lde - Verkauf von Reproduktionen ber\u00fchmter Gem\u00e4lde und abstrakter Kunst - Wandbilder f\u00fcr das Wohnzimmer\" \/>\n<meta name=\"robots\" content=\"index, follow, max-snippet:-1, max-image-preview:large, max-video-preview:-1\" \/>\n<link rel=\"canonical\" href=\"https:\/\/svetslik.si\/de\/gustav-klimt-de\/the-kiss-detail\/\" \/>\n<meta property=\"og:locale\" content=\"de_DE\" \/>\n<meta property=\"og:type\" content=\"article\" \/>\n<meta property=\"og:title\" content=\"Gustav Klimt - The Kiss (detail) - Der Kuss\" \/>\n<meta property=\"og:description\" content=\"100% ro\u010dno naslikane slike na platnu, reprodukcije znanih slikarjev in umetni\u0161ke slike po naro\u010dilu.\" \/>\n<meta property=\"og:url\" content=\"https:\/\/svetslik.si\/de\/gustav-klimt-de\/the-kiss-detail\/\" \/>\n<meta property=\"og:site_name\" content=\"SVETSLIK.SI\" \/>\n<meta property=\"article:publisher\" content=\"https:\/\/www.facebook.com\/svetslik.si\" \/>\n<meta property=\"article:modified_time\" content=\"2025-01-22T12:48:29+00:00\" \/>\n<meta property=\"og:image\" content=\"https:\/\/svetslik.si\/wp-content\/uploads\/2021\/08\/image_The-Kiss-detail-Gustav-Klimt-reprodukcija_680.jpg\" \/>\n\t<meta property=\"og:image:width\" content=\"1200\" \/>\n\t<meta property=\"og:image:height\" content=\"1167\" \/>\n\t<meta property=\"og:image:type\" content=\"image\/jpeg\" \/>\n<meta name=\"twitter:card\" content=\"summary_large_image\" \/>\n<meta name=\"twitter:site\" content=\"@svetslik\" \/>\n<meta name=\"twitter:label1\" content=\"Verf\u00fcgbarkeit\" \/>\n\t<meta name=\"twitter:data1\" content=\"Auf Lager\" \/>\n<script type=\"application\/ld+json\" class=\"yoast-schema-graph\">{\"@context\":\"https:\/\/schema.org\",\"@graph\":[{\"@type\":[\"WebPage\",\"ItemPage\"],\"@id\":\"https:\/\/svetslik.si\/de\/gustav-klimt-de\/the-kiss-detail\/\",\"url\":\"https:\/\/svetslik.si\/de\/gustav-klimt-de\/the-kiss-detail\/\",\"name\":\"Gustav Klimt - The Kiss (detail) - Der Kuss - SVETSLIK.SI - 100% handgemalt\",\"isPartOf\":{\"@id\":\"https:\/\/svetslik.si\/de\/#website\"},\"primaryImageOfPage\":{\"@id\":\"https:\/\/svetslik.si\/de\/gustav-klimt-de\/the-kiss-detail\/#primaryimage\"},\"image\":{\"@id\":\"https:\/\/svetslik.si\/de\/gustav-klimt-de\/the-kiss-detail\/#primaryimage\"},\"thumbnailUrl\":\"https:\/\/svetslik.si\/wp-content\/uploads\/2021\/08\/image_The-Kiss-detail-Gustav-Klimt-reprodukcija_680.jpg\",\"datePublished\":\"2021-09-02T15:41:52+00:00\",\"dateModified\":\"2025-01-22T12:48:29+00:00\",\"description\":\"Gustav Klimt - The Kiss (detail) - Der Kuss - 100% handgemalte Gem\u00e4lde - Verkauf von Reproduktionen ber\u00fchmter Gem\u00e4lde und abstrakter Kunst - Wandbilder f\u00fcr das Wohnzimmer\",\"breadcrumb\":{\"@id\":\"https:\/\/svetslik.si\/de\/gustav-klimt-de\/the-kiss-detail\/#breadcrumb\"},\"inLanguage\":\"de\",\"potentialAction\":[{\"@type\":\"ReadAction\",\"target\":[\"https:\/\/svetslik.si\/de\/gustav-klimt-de\/the-kiss-detail\/\"]}]},{\"@type\":\"ImageObject\",\"inLanguage\":\"de\",\"@id\":\"https:\/\/svetslik.si\/de\/gustav-klimt-de\/the-kiss-detail\/#primaryimage\",\"url\":\"https:\/\/svetslik.si\/wp-content\/uploads\/2021\/08\/image_The-Kiss-detail-Gustav-Klimt-reprodukcija_680.jpg\",\"contentUrl\":\"https:\/\/svetslik.si\/wp-content\/uploads\/2021\/08\/image_The-Kiss-detail-Gustav-Klimt-reprodukcija_680.jpg\",\"width\":1200,\"height\":1167,\"caption\":\"Gustav Klimt - Detail des Kusses - Reproduktionen bekannter Maler, moderne Gem\u00e4lde, Wandbilder, Kunstwerke f\u00fcr die Wand.\"},{\"@type\":\"BreadcrumbList\",\"@id\":\"https:\/\/svetslik.si\/de\/gustav-klimt-de\/the-kiss-detail\/#breadcrumb\",\"itemListElement\":[{\"@type\":\"ListItem\",\"position\":1,\"name\":\"Wandkunst und Gem\u00e4lde auf Leinwand\",\"item\":\"https:\/\/svetslik.si\/de\/\"},{\"@type\":\"ListItem\",\"position\":2,\"name\":\"Verkauf von Gem\u00e4lden\",\"item\":\"https:\/\/svetslik.si\/prodaja-slik\/\"},{\"@type\":\"ListItem\",\"position\":3,\"name\":\"Gustav Klimt &#8211; The Kiss (detail) &#8211; Der Kuss\"}]},{\"@type\":\"WebSite\",\"@id\":\"https:\/\/svetslik.si\/de\/#website\",\"url\":\"https:\/\/svetslik.si\/de\/\",\"name\":\"SVETSLIK.SI\",\"description\":\"100% handgemalte Reproduktionen von Gem\u00e4lden ber\u00fchmter Maler und Gem\u00e4lde auf Leinwand.\",\"publisher\":{\"@id\":\"https:\/\/svetslik.si\/de\/#organization\"},\"potentialAction\":[{\"@type\":\"SearchAction\",\"target\":{\"@type\":\"EntryPoint\",\"urlTemplate\":\"https:\/\/svetslik.si\/de\/?s={search_term_string}\"},\"query-input\":{\"@type\":\"PropertyValueSpecification\",\"valueRequired\":true,\"valueName\":\"search_term_string\"}}],\"inLanguage\":\"de\"},{\"@type\":\"Organization\",\"@id\":\"https:\/\/svetslik.si\/de\/#organization\",\"name\":\"SvetSlik.si\",\"url\":\"https:\/\/svetslik.si\/de\/\",\"logo\":{\"@type\":\"ImageObject\",\"inLanguage\":\"de\",\"@id\":\"https:\/\/svetslik.si\/de\/#\/schema\/logo\/image\/\",\"url\":\"https:\/\/svetslik.si\/wp-content\/uploads\/2020\/12\/logo-512.png\",\"contentUrl\":\"https:\/\/svetslik.si\/wp-content\/uploads\/2020\/12\/logo-512.png\",\"width\":512,\"height\":512,\"caption\":\"SvetSlik.si\"},\"image\":{\"@id\":\"https:\/\/svetslik.si\/de\/#\/schema\/logo\/image\/\"},\"sameAs\":[\"https:\/\/www.facebook.com\/svetslik.si\",\"https:\/\/x.com\/svetslik\",\"https:\/\/www.instagram.com\/svetslik.si\/\",\"https:\/\/www.linkedin.com\/company\/svetslik-si\"]}]}<\/script>\n<meta property=\"og:availability\" content=\"instock\" \/>\n<meta property=\"product:availability\" content=\"instock\" \/>\n<meta property=\"product:retailer_item_id\" content=\"17__\" \/>\n<meta property=\"product:condition\" content=\"new\" \/>\n<!-- \/ Yoast SEO Premium plugin. -->","yoast_head_json":{"title":"Gustav Klimt - The Kiss (detail) - Der Kuss - SVETSLIK.SI - 100% handgemalt","description":"Gustav Klimt - The Kiss (detail) - Der Kuss - 100% handgemalte Gem\u00e4lde - Verkauf von Reproduktionen ber\u00fchmter Gem\u00e4lde und abstrakter Kunst - Wandbilder f\u00fcr das Wohnzimmer","robots":{"index":"index","follow":"follow","max-snippet":"max-snippet:-1","max-image-preview":"max-image-preview:large","max-video-preview":"max-video-preview:-1"},"canonical":"https:\/\/svetslik.si\/de\/gustav-klimt-de\/the-kiss-detail\/","og_locale":"de_DE","og_type":"article","og_title":"Gustav Klimt - The Kiss (detail) - Der Kuss","og_description":"100% ro\u010dno naslikane slike na platnu, reprodukcije znanih slikarjev in umetni\u0161ke slike po naro\u010dilu.","og_url":"https:\/\/svetslik.si\/de\/gustav-klimt-de\/the-kiss-detail\/","og_site_name":"SVETSLIK.SI","article_publisher":"https:\/\/www.facebook.com\/svetslik.si","article_modified_time":"2025-01-22T12:48:29+00:00","og_image":[{"width":1200,"height":1167,"url":"https:\/\/svetslik.si\/wp-content\/uploads\/2021\/08\/image_The-Kiss-detail-Gustav-Klimt-reprodukcija_680.jpg","type":"image\/jpeg"}],"twitter_card":"summary_large_image","twitter_site":"@svetslik","twitter_misc":{"Verf\u00fcgbarkeit":"Auf Lager"},"schema":{"@context":"https:\/\/schema.org","@graph":[{"@type":["WebPage","ItemPage"],"@id":"https:\/\/svetslik.si\/de\/gustav-klimt-de\/the-kiss-detail\/","url":"https:\/\/svetslik.si\/de\/gustav-klimt-de\/the-kiss-detail\/","name":"Gustav Klimt - The Kiss (detail) - Der Kuss - SVETSLIK.SI - 100% handgemalt","isPartOf":{"@id":"https:\/\/svetslik.si\/de\/#website"},"primaryImageOfPage":{"@id":"https:\/\/svetslik.si\/de\/gustav-klimt-de\/the-kiss-detail\/#primaryimage"},"image":{"@id":"https:\/\/svetslik.si\/de\/gustav-klimt-de\/the-kiss-detail\/#primaryimage"},"thumbnailUrl":"https:\/\/svetslik.si\/wp-content\/uploads\/2021\/08\/image_The-Kiss-detail-Gustav-Klimt-reprodukcija_680.jpg","datePublished":"2021-09-02T15:41:52+00:00","dateModified":"2025-01-22T12:48:29+00:00","description":"Gustav Klimt - The Kiss (detail) - Der Kuss - 100% handgemalte Gem\u00e4lde - Verkauf von Reproduktionen ber\u00fchmter Gem\u00e4lde und abstrakter Kunst - Wandbilder f\u00fcr das Wohnzimmer","breadcrumb":{"@id":"https:\/\/svetslik.si\/de\/gustav-klimt-de\/the-kiss-detail\/#breadcrumb"},"inLanguage":"de","potentialAction":[{"@type":"ReadAction","target":["https:\/\/svetslik.si\/de\/gustav-klimt-de\/the-kiss-detail\/"]}]},{"@type":"ImageObject","inLanguage":"de","@id":"https:\/\/svetslik.si\/de\/gustav-klimt-de\/the-kiss-detail\/#primaryimage","url":"https:\/\/svetslik.si\/wp-content\/uploads\/2021\/08\/image_The-Kiss-detail-Gustav-Klimt-reprodukcija_680.jpg","contentUrl":"https:\/\/svetslik.si\/wp-content\/uploads\/2021\/08\/image_The-Kiss-detail-Gustav-Klimt-reprodukcija_680.jpg","width":1200,"height":1167,"caption":"Gustav Klimt - Detail des Kusses - Reproduktionen bekannter Maler, moderne Gem\u00e4lde, Wandbilder, Kunstwerke f\u00fcr die Wand."},{"@type":"BreadcrumbList","@id":"https:\/\/svetslik.si\/de\/gustav-klimt-de\/the-kiss-detail\/#breadcrumb","itemListElement":[{"@type":"ListItem","position":1,"name":"Wandkunst und Gem\u00e4lde auf Leinwand","item":"https:\/\/svetslik.si\/de\/"},{"@type":"ListItem","position":2,"name":"Verkauf von Gem\u00e4lden","item":"https:\/\/svetslik.si\/prodaja-slik\/"},{"@type":"ListItem","position":3,"name":"Gustav Klimt &#8211; The Kiss (detail) &#8211; Der Kuss"}]},{"@type":"WebSite","@id":"https:\/\/svetslik.si\/de\/#website","url":"https:\/\/svetslik.si\/de\/","name":"SVETSLIK.SI","description":"100% handgemalte Reproduktionen von Gem\u00e4lden ber\u00fchmter Maler und Gem\u00e4lde auf Leinwand.","publisher":{"@id":"https:\/\/svetslik.si\/de\/#organization"},"potentialAction":[{"@type":"SearchAction","target":{"@type":"EntryPoint","urlTemplate":"https:\/\/svetslik.si\/de\/?s={search_term_string}"},"query-input":{"@type":"PropertyValueSpecification","valueRequired":true,"valueName":"search_term_string"}}],"inLanguage":"de"},{"@type":"Organization","@id":"https:\/\/svetslik.si\/de\/#organization","name":"SvetSlik.si","url":"https:\/\/svetslik.si\/de\/","logo":{"@type":"ImageObject","inLanguage":"de","@id":"https:\/\/svetslik.si\/de\/#\/schema\/logo\/image\/","url":"https:\/\/svetslik.si\/wp-content\/uploads\/2020\/12\/logo-512.png","contentUrl":"https:\/\/svetslik.si\/wp-content\/uploads\/2020\/12\/logo-512.png","width":512,"height":512,"caption":"SvetSlik.si"},"image":{"@id":"https:\/\/svetslik.si\/de\/#\/schema\/logo\/image\/"},"sameAs":["https:\/\/www.facebook.com\/svetslik.si","https:\/\/x.com\/svetslik","https:\/\/www.instagram.com\/svetslik.si\/","https:\/\/www.linkedin.com\/company\/svetslik-si"]}]},"og_availability":"instock","product_availability":"instock","product_retailer_item_id":"17__","product_condition":"new"},"jetpack_sharing_enabled":true,"_links":{"self":[{"href":"https:\/\/svetslik.si\/de\/wp-json\/wp\/v2\/product\/65876","targetHints":{"allow":["GET"]}}],"collection":[{"href":"https:\/\/svetslik.si\/de\/wp-json\/wp\/v2\/product"}],"about":[{"href":"https:\/\/svetslik.si\/de\/wp-json\/wp\/v2\/types\/product"}],"wp:featuredmedia":[{"embeddable":true,"href":"https:\/\/svetslik.si\/de\/wp-json\/wp\/v2\/media\/65875"}],"wp:attachment":[{"href":"https:\/\/svetslik.si\/de\/wp-json\/wp\/v2\/media?parent=65876"}],"wp:term":[{"taxonomy":"product_brand","embeddable":true,"href":"https:\/\/svetslik.si\/de\/wp-json\/wp\/v2\/product_brand?post=65876"},{"taxonomy":"product_cat","embeddable":true,"href":"https:\/\/svetslik.si\/de\/wp-json\/wp\/v2\/product_cat?post=65876"},{"taxonomy":"product_tag","embeddable":true,"href":"https:\/\/svetslik.si\/de\/wp-json\/wp\/v2\/product_tag?post=65876"}],"curies":[{"name":"wp","href":"https:\/\/api.w.org\/{rel}","templated":true}]}}