{"id":65927,"date":"2021-09-02T17:41:58","date_gmt":"2021-09-02T15:41:58","guid":{"rendered":"https:\/\/svetslik.si\/unkategorisiert\/danae\/"},"modified":"2024-07-04T16:29:30","modified_gmt":"2024-07-04T14:29:30","slug":"danae","status":"publish","type":"product","link":"https:\/\/svetslik.si\/de\/gustav-klimt-de\/danae\/","title":{"rendered":"Gustav Klimt &#8211; Danae"},"content":{"rendered":"<h1>Gustav Klimt \u2013 Danae<\/h1>\n<p>&nbsp;<\/p>\n<table id=\"imageinfo\" border=\"0\" width=\"96%\" cellpadding=\"2\">\n<tbody>\n<tr>\n<td width=\"120\">Erstellungsjahr:<\/td>\n<td>1907-1908<\/td>\n<\/tr>\n<tr>\n<td>Originalgr\u00f6\u00dfe:<\/td>\n<td>77 x 83 cm<\/td>\n<\/tr>\n<tr>\n<td>Malstil:<\/td>\n<td>Sezession<\/td>\n<\/tr>\n<tr>\n<td>Originaltechnik:<\/td>\n<td>\u00d6l auf Leinwand<\/td>\n<\/tr>\n<tr>\n<td>Standort:<\/td>\n<td>Nationalgalerie f\u00fcr moderne Kunst (GNAM), Rom<\/td>\n<\/tr>\n<\/tbody>\n<\/table>\n<p>Danae war eine legend\u00e4re Prinzessin von Argos. Aufgrund einer Prophezeiung, dass er von seinem Enkel get\u00f6tet werden w\u00fcrde, sperrte ihr Vater Akrisius sie in einem unterirdischen Kerker aus Bronze ein, weit weg von m\u00e4nnlichen Verehrern. Zeus, der Danae liebte, kam in Form eines goldenen Regens durch das Dach zur Prinzessin. Der goldene Regen fiel auf Danajas Scho\u00df und sie wurde schwanger und gebar einen Sohn. Als Acrisius von seinem Enkel erfuhr, schloss er sie und das Kind in einer Truhe ein und \u00fcberlie\u00df sie dem Meer. Am Ende wurden Danae und ihr Sohn Perseus gerettet.<\/p>\n<p>In seinem sinnlichen Portr\u00e4t von <em>Danae<\/em> zeigt Klimt die gefangene Prinzessin in liebevoller Umarmung mit Zeus. Wie in der Legende wird Zeus als amorpher Goldregen dargestellt.<\/p>\n<p>Das Gem\u00e4lde Danae von Gustav Klimt ist ein Meisterwerk der Jugendstilbewegung und eines der ber\u00fchmtesten und bekanntesten Werke des \u00f6sterreichischen Malers. Das Gem\u00e4lde ist eine Darstellung des griechischen Mythos von Danae, einer sterblichen Frau, die von Zeus in Form von goldenem Regen geschw\u00e4ngert wurde.<\/p>\n<p>\u201eDanae ist ein \u00d6lgem\u00e4lde auf Leinwand mit einer Gr\u00f6\u00dfe von etwa 150 cm x 150 cm. Es zeigt Danae, eine sch\u00f6ne Frau, die auf einer Couch liegt, umgeben von goldenem Regen. Das Gem\u00e4lde zeichnet sich durch einen k\u00fchnen Einsatz von Farben und ein einzigartiges Gef\u00fchl f\u00fcr Bewegung und Emotionen aus. Das Die Frau ist in Gold- und Wei\u00dft\u00f6nen gemalt, wobei der Hintergrund in Blau- und Lilat\u00f6nen gehalten ist, was dem Gem\u00e4lde ein Gef\u00fchl von Tiefe und Bewegung verleiht. Dieses Gem\u00e4lde weist auch die Verwendung von Blattgold auf, das Klimt in vielen seiner Werke verwendete.<\/p>\n<p>Das Gem\u00e4lde ist eine Darstellung des griechischen Mythos von Danae, einer sterblichen Frau, die von Zeus in Form von goldenem Regen geschw\u00e4ngert wurde. Im Mythos sperrte ihr Vater, K\u00f6nig Acrisius, Danae in einem Turm ein, damit sie keinen Sohn zur Welt bringen konnte, der die Prophezeiung erf\u00fcllen w\u00fcrde, dass Acrisius von seinem Enkel get\u00f6tet werden w\u00fcrde. Doch Zeus kam in Form eines goldenen Regens zu ihr und schw\u00e4ngerte sie. Der goldene Regen im Bild stellt den Besuch Gottes und des geborenen Kindes Perseus dar. Der Hintergrund mit komplizierten geometrischen Mustern repr\u00e4sentiert Harmonie und Ordnung im Universum. Das Gem\u00e4lde ruft die Gef\u00fchle von Sch\u00f6nheit, Sinnlichkeit und G\u00f6ttlichkeit hervor, die f\u00fcr Klimts Kunst charakteristisch sind.<\/p>\n<p>Klimts Gem\u00e4lde \u201eDanae\u201c ist ein Meisterwerk der Jugendstilbewegung und gilt als eines der ikonischsten Werke des K\u00fcnstlers. Es ist eine Darstellung des griechischen Mythos von Danae, einer sterblichen Frau, die von Zeus in Form von goldenem Regen geschw\u00e4ngert wurde und ein Symbol f\u00fcr die Kraft der Liebe und Lust ist. Das Gem\u00e4lde ist ein Muss f\u00fcr Kunstliebhaber und eine tolle Erg\u00e4nzung f\u00fcr jede Kunstsammlung.<\/p>\n<p>Kurz gesagt, das Gem\u00e4lde \u201eDanae\u201c von Gustav Klimt ist ein Meisterwerk der Jugendstilbewegung und eines der ber\u00fchmtesten und bekanntesten Werke des \u00f6sterreichischen Malers. Es ist eine Darstellung des griechischen Mythos von Danae, einer sterblichen Frau, die von Zeus in Form von goldenem Regen geschw\u00e4ngert wurde und ein Symbol f\u00fcr die Kraft der Liebe und Lust ist. Das Gem\u00e4lde weckt Gef\u00fchle von Sch\u00f6nheit, Sinnlichkeit und G\u00f6ttlichkeit und macht es zu einem kraftvollen und anregenden Werk. Die Verwendung von Blattgold und komplizierten geometrischen Mustern im Hintergrund verleihen dem Bild ein einzigartiges und auff\u00e4lliges Element und machen das Bild wirklich zu etwas Besonderem. Malerei ist eine gro\u00dfartige M\u00f6glichkeit, jedem Raum einen Hauch von Sch\u00f6nheit, Sinnlichkeit und G\u00f6ttlichkeit zu verleihen, was sie zu einer gro\u00dfartigen Erg\u00e4nzung jeder Kunstsammlung macht.<\/p>\n","protected":false},"excerpt":{"rendered":"<p>Gustav Klimt \u2013 Danae &nbsp; Erstellungsjahr: 1907-1908 Originalgr\u00f6\u00dfe: 77 x 83 cm Malstil: Sezession Originaltechnik: \u00d6l auf Leinwand Standort: Nationalgalerie f\u00fcr moderne Kunst (GNAM), Rom Danae war eine legend\u00e4re Prinzessin von Argos. Aufgrund einer Prophezeiung, dass er von seinem Enkel get\u00f6tet werden w\u00fcrde, sperrte ihr Vater Akrisius sie in einem [&hellip;]<\/p>\n","protected":false},"featured_media":64377,"template":"","meta":{"_acf_changed":false},"product_brand":[],"product_cat":[8461],"product_tag":[8489,8493,8521,8513,8514],"class_list":{"0":"post-65927","1":"product","2":"type-product","3":"status-publish","4":"has-post-thumbnail","6":"product_cat-gustav-klimt-de","7":"product_tag-gustav-klimt-de","8":"product_tag-klimt-de","9":"product_tag-maler","10":"product_tag-reproduktion","11":"product_tag-reproduktionen","12":"pa_dimenzija-100-x-100-cm","13":"pa_dimenzija-120-x-120-cm","14":"pa_dimenzija-150-x-150-cm","15":"pa_dimenzija-50-x-50-cm","16":"pa_dimenzija-60-x-60-cm","17":"pa_dimenzija-80-x-80-cm","18":"pa_dimenzija-83-x-77-cm","19":"pa_dimenzija-90-x-90-cm","20":"pa_oblika-quadrat","21":"pa_okvir-ohne-rahmen","22":"pa_podokvir-ja","23":"pa_podokvir-nein","25":"first","26":"onbackorder","27":"purchasable","28":"product-type-variable","29":"has-default-attributes"},"acf":[],"yoast_head":"<!-- This site is optimized with the Yoast SEO Premium plugin v26.0 (Yoast SEO v27.2) - https:\/\/yoast.com\/product\/yoast-seo-premium-wordpress\/ -->\n<title>Gustav Klimt - Danae - SVETSLIK.SI - 100% handgemalt<\/title>\n<meta name=\"description\" content=\"Gustav Klimt - Danae - 100% handgemalte Gem\u00e4lde - Verkauf von Reproduktionen ber\u00fchmter Gem\u00e4lde und abstrakter Kunst - Wandbilder f\u00fcr das Wohnzimmer\" \/>\n<meta name=\"robots\" content=\"index, follow, max-snippet:-1, max-image-preview:large, max-video-preview:-1\" \/>\n<link rel=\"canonical\" href=\"https:\/\/svetslik.si\/de\/gustav-klimt-de\/danae\/\" \/>\n<meta property=\"og:locale\" content=\"de_DE\" \/>\n<meta property=\"og:type\" content=\"article\" \/>\n<meta property=\"og:title\" content=\"Gustav Klimt - Danae\" \/>\n<meta property=\"og:description\" content=\"100% ro\u010dno naslikane slike na platnu, reprodukcije znanih slikarjev in umetni\u0161ke slike po naro\u010dilu.\" \/>\n<meta property=\"og:url\" content=\"https:\/\/svetslik.si\/de\/gustav-klimt-de\/danae\/\" \/>\n<meta property=\"og:site_name\" content=\"SVETSLIK.SI\" \/>\n<meta property=\"article:publisher\" content=\"https:\/\/www.facebook.com\/svetslik.si\" \/>\n<meta property=\"article:modified_time\" content=\"2024-07-04T14:29:30+00:00\" \/>\n<meta property=\"og:image\" content=\"https:\/\/svetslik.si\/wp-content\/uploads\/2021\/09\/image_Danae-Gustav-Klimt_680.jpg\" \/>\n\t<meta property=\"og:image:width\" content=\"2024\" \/>\n\t<meta property=\"og:image:height\" content=\"1960\" \/>\n\t<meta property=\"og:image:type\" content=\"image\/jpeg\" \/>\n<meta name=\"twitter:card\" content=\"summary_large_image\" \/>\n<meta name=\"twitter:site\" content=\"@svetslik\" \/>\n<meta name=\"twitter:label1\" content=\"Verf\u00fcgbarkeit\" \/>\n\t<meta name=\"twitter:data1\" content=\"bei Nachbestellung\" \/>\n<script type=\"application\/ld+json\" class=\"yoast-schema-graph\">{\"@context\":\"https:\/\/schema.org\",\"@graph\":[{\"@type\":[\"WebPage\",\"ItemPage\"],\"@id\":\"https:\/\/svetslik.si\/de\/gustav-klimt-de\/danae\/\",\"url\":\"https:\/\/svetslik.si\/de\/gustav-klimt-de\/danae\/\",\"name\":\"Gustav Klimt - Danae - SVETSLIK.SI - 100% handgemalt\",\"isPartOf\":{\"@id\":\"https:\/\/svetslik.si\/de\/#website\"},\"primaryImageOfPage\":{\"@id\":\"https:\/\/svetslik.si\/de\/gustav-klimt-de\/danae\/#primaryimage\"},\"image\":{\"@id\":\"https:\/\/svetslik.si\/de\/gustav-klimt-de\/danae\/#primaryimage\"},\"thumbnailUrl\":\"https:\/\/svetslik.si\/wp-content\/uploads\/2021\/09\/image_Danae-Gustav-Klimt_680.jpg\",\"datePublished\":\"2021-09-02T15:41:58+00:00\",\"dateModified\":\"2024-07-04T14:29:30+00:00\",\"description\":\"Gustav Klimt - Danae - 100% handgemalte Gem\u00e4lde - Verkauf von Reproduktionen ber\u00fchmter Gem\u00e4lde und abstrakter Kunst - Wandbilder f\u00fcr das Wohnzimmer\",\"breadcrumb\":{\"@id\":\"https:\/\/svetslik.si\/de\/gustav-klimt-de\/danae\/#breadcrumb\"},\"inLanguage\":\"de\",\"potentialAction\":[{\"@type\":\"ReadAction\",\"target\":[\"https:\/\/svetslik.si\/de\/gustav-klimt-de\/danae\/\"]}]},{\"@type\":\"ImageObject\",\"inLanguage\":\"de\",\"@id\":\"https:\/\/svetslik.si\/de\/gustav-klimt-de\/danae\/#primaryimage\",\"url\":\"https:\/\/svetslik.si\/wp-content\/uploads\/2021\/09\/image_Danae-Gustav-Klimt_680.jpg\",\"contentUrl\":\"https:\/\/svetslik.si\/wp-content\/uploads\/2021\/09\/image_Danae-Gustav-Klimt_680.jpg\",\"width\":2024,\"height\":1960,\"caption\":\"Danae-Gustav-Klimt Reproduktionen ber\u00fchmter Maler, moderne Wandgem\u00e4lde, Wandkunst\"},{\"@type\":\"BreadcrumbList\",\"@id\":\"https:\/\/svetslik.si\/de\/gustav-klimt-de\/danae\/#breadcrumb\",\"itemListElement\":[{\"@type\":\"ListItem\",\"position\":1,\"name\":\"Wandkunst und Gem\u00e4lde auf Leinwand\",\"item\":\"https:\/\/svetslik.si\/de\/\"},{\"@type\":\"ListItem\",\"position\":2,\"name\":\"Verkauf von Gem\u00e4lden\",\"item\":\"https:\/\/svetslik.si\/prodaja-slik\/\"},{\"@type\":\"ListItem\",\"position\":3,\"name\":\"Gustav Klimt &#8211; Danae\"}]},{\"@type\":\"WebSite\",\"@id\":\"https:\/\/svetslik.si\/de\/#website\",\"url\":\"https:\/\/svetslik.si\/de\/\",\"name\":\"SVETSLIK.SI\",\"description\":\"100% handgemalte Reproduktionen von Gem\u00e4lden ber\u00fchmter Maler und Gem\u00e4lde auf Leinwand.\",\"publisher\":{\"@id\":\"https:\/\/svetslik.si\/de\/#organization\"},\"potentialAction\":[{\"@type\":\"SearchAction\",\"target\":{\"@type\":\"EntryPoint\",\"urlTemplate\":\"https:\/\/svetslik.si\/de\/?s={search_term_string}\"},\"query-input\":{\"@type\":\"PropertyValueSpecification\",\"valueRequired\":true,\"valueName\":\"search_term_string\"}}],\"inLanguage\":\"de\"},{\"@type\":\"Organization\",\"@id\":\"https:\/\/svetslik.si\/de\/#organization\",\"name\":\"SvetSlik.si\",\"url\":\"https:\/\/svetslik.si\/de\/\",\"logo\":{\"@type\":\"ImageObject\",\"inLanguage\":\"de\",\"@id\":\"https:\/\/svetslik.si\/de\/#\/schema\/logo\/image\/\",\"url\":\"https:\/\/svetslik.si\/wp-content\/uploads\/2020\/12\/logo-512.png\",\"contentUrl\":\"https:\/\/svetslik.si\/wp-content\/uploads\/2020\/12\/logo-512.png\",\"width\":512,\"height\":512,\"caption\":\"SvetSlik.si\"},\"image\":{\"@id\":\"https:\/\/svetslik.si\/de\/#\/schema\/logo\/image\/\"},\"sameAs\":[\"https:\/\/www.facebook.com\/svetslik.si\",\"https:\/\/x.com\/svetslik\",\"https:\/\/www.instagram.com\/svetslik.si\/\",\"https:\/\/www.linkedin.com\/company\/svetslik-si\"]}]}<\/script>\n<meta property=\"og:availability\" content=\"backorder\" \/>\n<meta property=\"product:availability\" content=\"available for order\" \/>\n<meta property=\"product:retailer_item_id\" content=\"23__\" \/>\n<meta property=\"product:condition\" content=\"new\" \/>\n<!-- \/ Yoast SEO Premium plugin. -->","yoast_head_json":{"title":"Gustav Klimt - Danae - SVETSLIK.SI - 100% handgemalt","description":"Gustav Klimt - Danae - 100% handgemalte Gem\u00e4lde - Verkauf von Reproduktionen ber\u00fchmter Gem\u00e4lde und abstrakter Kunst - Wandbilder f\u00fcr das Wohnzimmer","robots":{"index":"index","follow":"follow","max-snippet":"max-snippet:-1","max-image-preview":"max-image-preview:large","max-video-preview":"max-video-preview:-1"},"canonical":"https:\/\/svetslik.si\/de\/gustav-klimt-de\/danae\/","og_locale":"de_DE","og_type":"article","og_title":"Gustav Klimt - Danae","og_description":"100% ro\u010dno naslikane slike na platnu, reprodukcije znanih slikarjev in umetni\u0161ke slike po naro\u010dilu.","og_url":"https:\/\/svetslik.si\/de\/gustav-klimt-de\/danae\/","og_site_name":"SVETSLIK.SI","article_publisher":"https:\/\/www.facebook.com\/svetslik.si","article_modified_time":"2024-07-04T14:29:30+00:00","og_image":[{"width":2024,"height":1960,"url":"https:\/\/svetslik.si\/wp-content\/uploads\/2021\/09\/image_Danae-Gustav-Klimt_680.jpg","type":"image\/jpeg"}],"twitter_card":"summary_large_image","twitter_site":"@svetslik","twitter_misc":{"Verf\u00fcgbarkeit":"bei Nachbestellung"},"schema":{"@context":"https:\/\/schema.org","@graph":[{"@type":["WebPage","ItemPage"],"@id":"https:\/\/svetslik.si\/de\/gustav-klimt-de\/danae\/","url":"https:\/\/svetslik.si\/de\/gustav-klimt-de\/danae\/","name":"Gustav Klimt - Danae - SVETSLIK.SI - 100% handgemalt","isPartOf":{"@id":"https:\/\/svetslik.si\/de\/#website"},"primaryImageOfPage":{"@id":"https:\/\/svetslik.si\/de\/gustav-klimt-de\/danae\/#primaryimage"},"image":{"@id":"https:\/\/svetslik.si\/de\/gustav-klimt-de\/danae\/#primaryimage"},"thumbnailUrl":"https:\/\/svetslik.si\/wp-content\/uploads\/2021\/09\/image_Danae-Gustav-Klimt_680.jpg","datePublished":"2021-09-02T15:41:58+00:00","dateModified":"2024-07-04T14:29:30+00:00","description":"Gustav Klimt - Danae - 100% handgemalte Gem\u00e4lde - Verkauf von Reproduktionen ber\u00fchmter Gem\u00e4lde und abstrakter Kunst - Wandbilder f\u00fcr das Wohnzimmer","breadcrumb":{"@id":"https:\/\/svetslik.si\/de\/gustav-klimt-de\/danae\/#breadcrumb"},"inLanguage":"de","potentialAction":[{"@type":"ReadAction","target":["https:\/\/svetslik.si\/de\/gustav-klimt-de\/danae\/"]}]},{"@type":"ImageObject","inLanguage":"de","@id":"https:\/\/svetslik.si\/de\/gustav-klimt-de\/danae\/#primaryimage","url":"https:\/\/svetslik.si\/wp-content\/uploads\/2021\/09\/image_Danae-Gustav-Klimt_680.jpg","contentUrl":"https:\/\/svetslik.si\/wp-content\/uploads\/2021\/09\/image_Danae-Gustav-Klimt_680.jpg","width":2024,"height":1960,"caption":"Danae-Gustav-Klimt Reproduktionen ber\u00fchmter Maler, moderne Wandgem\u00e4lde, Wandkunst"},{"@type":"BreadcrumbList","@id":"https:\/\/svetslik.si\/de\/gustav-klimt-de\/danae\/#breadcrumb","itemListElement":[{"@type":"ListItem","position":1,"name":"Wandkunst und Gem\u00e4lde auf Leinwand","item":"https:\/\/svetslik.si\/de\/"},{"@type":"ListItem","position":2,"name":"Verkauf von Gem\u00e4lden","item":"https:\/\/svetslik.si\/prodaja-slik\/"},{"@type":"ListItem","position":3,"name":"Gustav Klimt &#8211; Danae"}]},{"@type":"WebSite","@id":"https:\/\/svetslik.si\/de\/#website","url":"https:\/\/svetslik.si\/de\/","name":"SVETSLIK.SI","description":"100% handgemalte Reproduktionen von Gem\u00e4lden ber\u00fchmter Maler und Gem\u00e4lde auf Leinwand.","publisher":{"@id":"https:\/\/svetslik.si\/de\/#organization"},"potentialAction":[{"@type":"SearchAction","target":{"@type":"EntryPoint","urlTemplate":"https:\/\/svetslik.si\/de\/?s={search_term_string}"},"query-input":{"@type":"PropertyValueSpecification","valueRequired":true,"valueName":"search_term_string"}}],"inLanguage":"de"},{"@type":"Organization","@id":"https:\/\/svetslik.si\/de\/#organization","name":"SvetSlik.si","url":"https:\/\/svetslik.si\/de\/","logo":{"@type":"ImageObject","inLanguage":"de","@id":"https:\/\/svetslik.si\/de\/#\/schema\/logo\/image\/","url":"https:\/\/svetslik.si\/wp-content\/uploads\/2020\/12\/logo-512.png","contentUrl":"https:\/\/svetslik.si\/wp-content\/uploads\/2020\/12\/logo-512.png","width":512,"height":512,"caption":"SvetSlik.si"},"image":{"@id":"https:\/\/svetslik.si\/de\/#\/schema\/logo\/image\/"},"sameAs":["https:\/\/www.facebook.com\/svetslik.si","https:\/\/x.com\/svetslik","https:\/\/www.instagram.com\/svetslik.si\/","https:\/\/www.linkedin.com\/company\/svetslik-si"]}]},"og_availability":"backorder","product_availability":"available for order","product_retailer_item_id":"23__","product_condition":"new"},"jetpack_sharing_enabled":true,"_links":{"self":[{"href":"https:\/\/svetslik.si\/de\/wp-json\/wp\/v2\/product\/65927","targetHints":{"allow":["GET"]}}],"collection":[{"href":"https:\/\/svetslik.si\/de\/wp-json\/wp\/v2\/product"}],"about":[{"href":"https:\/\/svetslik.si\/de\/wp-json\/wp\/v2\/types\/product"}],"wp:featuredmedia":[{"embeddable":true,"href":"https:\/\/svetslik.si\/de\/wp-json\/wp\/v2\/media\/64377"}],"wp:attachment":[{"href":"https:\/\/svetslik.si\/de\/wp-json\/wp\/v2\/media?parent=65927"}],"wp:term":[{"taxonomy":"product_brand","embeddable":true,"href":"https:\/\/svetslik.si\/de\/wp-json\/wp\/v2\/product_brand?post=65927"},{"taxonomy":"product_cat","embeddable":true,"href":"https:\/\/svetslik.si\/de\/wp-json\/wp\/v2\/product_cat?post=65927"},{"taxonomy":"product_tag","embeddable":true,"href":"https:\/\/svetslik.si\/de\/wp-json\/wp\/v2\/product_tag?post=65927"}],"curies":[{"name":"wp","href":"https:\/\/api.w.org\/{rel}","templated":true}]}}