{"id":65936,"date":"2021-09-02T17:41:58","date_gmt":"2021-09-02T15:41:58","guid":{"rendered":"https:\/\/svetslik.si\/unkategorisiert\/mother-and-child-detail\/"},"modified":"2025-03-17T22:13:55","modified_gmt":"2025-03-17T21:13:55","slug":"mother-and-child-detail","status":"publish","type":"product","link":"https:\/\/svetslik.si\/de\/gustav-klimt-de\/mother-and-child-detail\/","title":{"rendered":"Gustav Klimt &#8211; Mother and child (detail) \u2013 Mutter und Kind"},"content":{"rendered":"<div class=\"wpb-content-wrapper\">[vc_row css=&#8221;.vc_custom_1742245667041{margin-bottom: 5px !important;}&#8221;][vc_column]\t<div class=\"et-image-746 et-image  full   et_image_link\">\n\t\t<div class=\"et-image-inner \">\n\t\t\t\t\t\t\t<div class=\"et-image-thumb \">\n\t\t\t\t\t<img decoding=\"async\" width=\"1500\" height=\"1490\" src=\"https:\/\/svetslik.si\/wp-content\/uploads\/2021\/09\/Gustav-Klimt-\u2013-Mother-and-child-detail-slike-na-platnu.jpg\" class=\"attachment-full\" alt=\"Gustav Klimt - Mother and child (detail) \u2013 Mutter und Kind\" title=\"Gustav Klimt - Mother and child (detail) \u2013 Mutter und Kind\" srcset=\"https:\/\/svetslik.si\/wp-content\/uploads\/2021\/09\/Gustav-Klimt-\u2013-Mother-and-child-detail-slike-na-platnu.jpg 1500w, https:\/\/svetslik.si\/wp-content\/uploads\/2021\/09\/Gustav-Klimt-\u2013-Mother-and-child-detail-slike-na-platnu-600x596.jpg 600w, https:\/\/svetslik.si\/wp-content\/uploads\/2021\/09\/Gustav-Klimt-\u2013-Mother-and-child-detail-slike-na-platnu-100x100.jpg 100w, https:\/\/svetslik.si\/wp-content\/uploads\/2021\/09\/Gustav-Klimt-\u2013-Mother-and-child-detail-slike-na-platnu-1200x1192.jpg 1200w, https:\/\/svetslik.si\/wp-content\/uploads\/2021\/09\/Gustav-Klimt-\u2013-Mother-and-child-detail-slike-na-platnu-300x298.jpg 300w, https:\/\/svetslik.si\/wp-content\/uploads\/2021\/09\/Gustav-Klimt-\u2013-Mother-and-child-detail-slike-na-platnu-1024x1017.jpg 1024w, https:\/\/svetslik.si\/wp-content\/uploads\/2021\/09\/Gustav-Klimt-\u2013-Mother-and-child-detail-slike-na-platnu-150x150.jpg 150w, https:\/\/svetslik.si\/wp-content\/uploads\/2021\/09\/Gustav-Klimt-\u2013-Mother-and-child-detail-slike-na-platnu-768x763.jpg 768w\" sizes=\"(max-width: 1500px) 100vw, 1500px\" \/>\t\t\t\t<\/div>\n\t\t\t\t\t\t\t\t\t\t\t<\/div>\n\t<\/div>\n  [\/vc_column][\/vc_row][vc_row css=&#8221;.vc_custom_1742245667041{margin-bottom: 5px !important;}&#8221;][vc_column]\t<div class=\"et-image-348 et-image  full   et_image_link\">\n\t\t<div class=\"et-image-inner \">\n\t\t\t\t\t\t\t<div class=\"et-image-thumb \">\n\t\t\t\t\t<img decoding=\"async\" width=\"1500\" height=\"2055\" src=\"https:\/\/svetslik.si\/wp-content\/uploads\/2021\/09\/Gustav-Klimt-\u2013-Mother-and-child-detail-slike-na-platnu-3.jpg\" class=\"attachment-full\" alt=\"Gustav Klimt - Mother and child (detail) \u2013 Mutter und Kind\" title=\"Gustav Klimt - Mother and child (detail) \u2013 Mutter und Kind\" srcset=\"https:\/\/svetslik.si\/wp-content\/uploads\/2021\/09\/Gustav-Klimt-\u2013-Mother-and-child-detail-slike-na-platnu-3.jpg 1500w, https:\/\/svetslik.si\/wp-content\/uploads\/2021\/09\/Gustav-Klimt-\u2013-Mother-and-child-detail-slike-na-platnu-3-600x822.jpg 600w, https:\/\/svetslik.si\/wp-content\/uploads\/2021\/09\/Gustav-Klimt-\u2013-Mother-and-child-detail-slike-na-platnu-3-1200x1644.jpg 1200w, https:\/\/svetslik.si\/wp-content\/uploads\/2021\/09\/Gustav-Klimt-\u2013-Mother-and-child-detail-slike-na-platnu-3-219x300.jpg 219w, https:\/\/svetslik.si\/wp-content\/uploads\/2021\/09\/Gustav-Klimt-\u2013-Mother-and-child-detail-slike-na-platnu-3-747x1024.jpg 747w, https:\/\/svetslik.si\/wp-content\/uploads\/2021\/09\/Gustav-Klimt-\u2013-Mother-and-child-detail-slike-na-platnu-3-768x1052.jpg 768w, https:\/\/svetslik.si\/wp-content\/uploads\/2021\/09\/Gustav-Klimt-\u2013-Mother-and-child-detail-slike-na-platnu-3-1121x1536.jpg 1121w, https:\/\/svetslik.si\/wp-content\/uploads\/2021\/09\/Gustav-Klimt-\u2013-Mother-and-child-detail-slike-na-platnu-3-1495x2048.jpg 1495w, https:\/\/svetslik.si\/wp-content\/uploads\/2021\/09\/Gustav-Klimt-\u2013-Mother-and-child-detail-slike-na-platnu-3-109x150.jpg 109w\" sizes=\"(max-width: 1500px) 100vw, 1500px\" \/>\t\t\t\t<\/div>\n\t\t\t\t\t\t\t\t\t\t\t<\/div>\n\t<\/div>\n  [\/vc_column][\/vc_row][vc_row css=&#8221;.vc_custom_1742245667041{margin-bottom: 5px !important;}&#8221;][vc_column]\t<div class=\"et-image-324 et-image  full   et_image_link\">\n\t\t<div class=\"et-image-inner \">\n\t\t\t\t\t\t\t<div class=\"et-image-thumb \">\n\t\t\t\t\t<img decoding=\"async\" width=\"1500\" height=\"1974\" src=\"https:\/\/svetslik.si\/wp-content\/uploads\/2021\/09\/Gustav-Klimt-\u2013-Mother-and-child-detail-slike-na-platnu-2.jpg\" class=\"attachment-full\" alt=\"Gustav Klimt - Mother and child (detail) \u2013 Mutter und Kind\" title=\"Gustav Klimt - Mother and child (detail) \u2013 Mutter und Kind\" srcset=\"https:\/\/svetslik.si\/wp-content\/uploads\/2021\/09\/Gustav-Klimt-\u2013-Mother-and-child-detail-slike-na-platnu-2.jpg 1500w, https:\/\/svetslik.si\/wp-content\/uploads\/2021\/09\/Gustav-Klimt-\u2013-Mother-and-child-detail-slike-na-platnu-2-600x790.jpg 600w, https:\/\/svetslik.si\/wp-content\/uploads\/2021\/09\/Gustav-Klimt-\u2013-Mother-and-child-detail-slike-na-platnu-2-1200x1579.jpg 1200w, https:\/\/svetslik.si\/wp-content\/uploads\/2021\/09\/Gustav-Klimt-\u2013-Mother-and-child-detail-slike-na-platnu-2-228x300.jpg 228w, https:\/\/svetslik.si\/wp-content\/uploads\/2021\/09\/Gustav-Klimt-\u2013-Mother-and-child-detail-slike-na-platnu-2-778x1024.jpg 778w, https:\/\/svetslik.si\/wp-content\/uploads\/2021\/09\/Gustav-Klimt-\u2013-Mother-and-child-detail-slike-na-platnu-2-768x1011.jpg 768w, https:\/\/svetslik.si\/wp-content\/uploads\/2021\/09\/Gustav-Klimt-\u2013-Mother-and-child-detail-slike-na-platnu-2-1167x1536.jpg 1167w, https:\/\/svetslik.si\/wp-content\/uploads\/2021\/09\/Gustav-Klimt-\u2013-Mother-and-child-detail-slike-na-platnu-2-114x150.jpg 114w\" sizes=\"(max-width: 1500px) 100vw, 1500px\" \/>\t\t\t\t<\/div>\n\t\t\t\t\t\t\t\t\t\t\t<\/div>\n\t<\/div>\n  [\/vc_column][\/vc_row][vc_row css=&#8221;.vc_custom_1742245667041{margin-bottom: 5px !important;}&#8221;][vc_column]\t<div class=\"et-image-931 et-image  full   et_image_link\">\n\t\t<div class=\"et-image-inner \">\n\t\t\t\t\t\t\t<div class=\"et-image-thumb \">\n\t\t\t\t\t<img decoding=\"async\" width=\"1500\" height=\"1125\" src=\"https:\/\/svetslik.si\/wp-content\/uploads\/2021\/09\/Gustav-Klimt-\u2013-Mother-and-child-detail-slike-na-platnu-4.jpg\" class=\"attachment-full\" alt=\"Gustav Klimt - Mother and child (detail) \u2013 Mutter und Kind\" title=\"Gustav Klimt - Mother and child (detail) \u2013 Mutter und Kind\" srcset=\"https:\/\/svetslik.si\/wp-content\/uploads\/2021\/09\/Gustav-Klimt-\u2013-Mother-and-child-detail-slike-na-platnu-4.jpg 1500w, https:\/\/svetslik.si\/wp-content\/uploads\/2021\/09\/Gustav-Klimt-\u2013-Mother-and-child-detail-slike-na-platnu-4-600x450.jpg 600w, https:\/\/svetslik.si\/wp-content\/uploads\/2021\/09\/Gustav-Klimt-\u2013-Mother-and-child-detail-slike-na-platnu-4-1200x900.jpg 1200w, https:\/\/svetslik.si\/wp-content\/uploads\/2021\/09\/Gustav-Klimt-\u2013-Mother-and-child-detail-slike-na-platnu-4-300x225.jpg 300w, https:\/\/svetslik.si\/wp-content\/uploads\/2021\/09\/Gustav-Klimt-\u2013-Mother-and-child-detail-slike-na-platnu-4-1024x768.jpg 1024w, https:\/\/svetslik.si\/wp-content\/uploads\/2021\/09\/Gustav-Klimt-\u2013-Mother-and-child-detail-slike-na-platnu-4-768x576.jpg 768w, https:\/\/svetslik.si\/wp-content\/uploads\/2021\/09\/Gustav-Klimt-\u2013-Mother-and-child-detail-slike-na-platnu-4-150x113.jpg 150w\" sizes=\"(max-width: 1500px) 100vw, 1500px\" \/>\t\t\t\t<\/div>\n\t\t\t\t\t\t\t\t\t\t\t<\/div>\n\t<\/div>\n  [\/vc_column][\/vc_row][vc_row][vc_column][vc_column_text]\n<h1>Gustav Klimt &#8211; Mutter und Kind (Ausschnitt) &#8211; Mutter und Kind<\/h1>\n<table id=\"imageinfo\" border=\"0\" width=\"96%\" cellpadding=\"2\">\n<tbody>\n<tr>\n<td width=\"120\">Erstellungsjahr:<\/td>\n<td>1905<\/td>\n<\/tr>\n<tr>\n<td>Originalgr\u00f6\u00dfe:<\/td>\n<td>178 x 198 cm<\/td>\n<\/tr>\n<tr>\n<td>Malstil:<\/td>\n<td>Sezession<\/td>\n<\/tr>\n<tr>\n<td>Originaltechnik:<\/td>\n<td>\u00d6l auf Leinwand<\/td>\n<\/tr>\n<tr>\n<td>Standort:<\/td>\n<td>Nationalgalerie f\u00fcr moderne Kunst (GNAM), Rom<\/td>\n<\/tr>\n<\/tbody>\n<\/table>\n<p>Dieses eindrucksvolle Leinwandgem\u00e4lde ist ein Ausschnitt aus dem \u00d6l auf Leinwand <em>Drei Lebensalter einer Frau<\/em> aus dem Jahr 1905. Im urspr\u00fcnglichen Wandgem\u00e4lde platzierte Klimt eine \u00e4ltere Frau als Gegengewicht auf der linken Seite des Gem\u00e4ldes zur Gesamtszene. In diesem sanften Portr\u00e4t einer schlafenden Mutter und Tochter dr\u00fcckte Klimt ein Gef\u00fchl ewiger Zufriedenheit aus. Das Konzept dieses Kunstwerks, die verwendeten Farben und Ornamente sind voller Kontraste und offenbaren uns unsere Vergangenheit und Zukunft.<\/p>\n<p>&nbsp;<\/p>\n<p>\u201eMutter und Kind\u201c, gemalt vom \u00f6sterreichischen K\u00fcnstler Gustav Klimt in den Jahren 1905\u20131907, gilt als eines der intimsten und pers\u00f6nlichsten Werke des K\u00fcnstlers. Das Gem\u00e4lde zeigt eine Mutter, die ihr Kind in einer warmen und liebevollen Umarmung h\u00e4lt, umgeben von einem Hintergrund aus \u00fcppigem Blattwerk und leuchtenden Blumen.<\/p>\n<p>Das Gem\u00e4lde ist ein hervorragendes Beispiel f\u00fcr Klimts Jugendstilstil, der durch die Verwendung kunstvoller Muster, kr\u00e4ftiger Farben und sinnlicher Themen gekennzeichnet war. Mutter und Kind sind stark stilisiert dargestellt, mit verl\u00e4ngerten Gliedma\u00dfen und vereinfachten Gesichtsz\u00fcgen, was dem Bild eine jenseitige und traumhafte Qualit\u00e4t verleiht.<\/p>\n<p>Eines der auff\u00e4lligsten Merkmale von \u201eMutter und Kind\u201c ist die Verwendung kr\u00e4ftiger Farben und komplizierter Muster. Das Gem\u00e4lde ist ein Farbgeflecht mit Mutter und Kind, Blattwerk und Blumen, die aus wirbelnden, ineinander verschlungenen Mustern bestehen. Die Verwendung von Farbe und Muster erzeugt ein Gef\u00fchl von Bewegung und Fl\u00fcssigkeit, was angesichts des Bildthemas Mutterschaft und Liebe angemessen ist.<\/p>\n<p>Die Symbolik des Gem\u00e4ldes ist ebenfalls reichhaltig. Mutter und Kind werden oft als Symbole f\u00fcr Liebe, F\u00fcrsorge und Kontinuit\u00e4t im Leben gesehen. Das \u00fcppige Blattwerk und die leuchtenden Blumen, die Mutter und Kind umgeben, k\u00f6nnten die F\u00fclle und Vitalit\u00e4t der Natur und die Bindung zwischen Mutter und Kind repr\u00e4sentieren. Die innige Haltung von Mutter und Kind k\u00f6nnte eine unzerbrechliche Verbindung zwischen ihnen darstellen.<\/p>\n<p>Das Gem\u00e4lde wurde von den Kritikern bei seiner ersten Ausstellung gut aufgenommen und ist seitdem zu einem der beliebtesten und bekanntesten Werke Klimts geworden. Es befindet sich derzeit im Museum der bildenden K\u00fcnste in Wien, \u00d6sterreich.<\/p>\n<p>Kurz gesagt ist \u201eMutter und Kind\u201c ein intimes und pers\u00f6nliches Gem\u00e4lde, das die reich verzierten Muster, kr\u00e4ftigen Farben und sinnlichen Themen zeigt, die die Markenzeichen von Gustav Klimts Jugendstil sind. Die Verwendung von Farben und Mustern im Gem\u00e4lde erzeugt ein Gef\u00fchl von Bewegung und Fl\u00fcssigkeit, w\u00e4hrend Mutter und Kind Liebe, F\u00fcrsorge und die Kontinuit\u00e4t des Lebens symbolisieren. Das Gem\u00e4lde gilt als eines der beliebtesten und bekanntesten Werke Klimts und befindet sich derzeit im Museum der bildenden K\u00fcnste in Wien, \u00d6sterreich.[\/vc_column_text][\/vc_column][\/vc_row]\n<\/div>","protected":false},"excerpt":{"rendered":"<p>[vc_row css=&#8221;.vc_custom_1742245667041{margin-bottom: 5px !important;}&#8221;][vc_column][\/vc_column][\/vc_row][vc_row css=&#8221;.vc_custom_1742245667041{margin-bottom: 5px !important;}&#8221;][vc_column][\/vc_column][\/vc_row][vc_row css=&#8221;.vc_custom_1742245667041{margin-bottom: 5px !important;}&#8221;][vc_column][\/vc_column][\/vc_row][vc_row css=&#8221;.vc_custom_1742245667041{margin-bottom: 5px !important;}&#8221;][vc_column][\/vc_column][\/vc_row][vc_row][vc_column][vc_column_text] Gustav Klimt &#8211; Mutter und Kind (Ausschnitt) &#8211; Mutter und Kind Erstellungsjahr: 1905 Originalgr\u00f6\u00dfe: 178 x 198 cm Malstil: Sezession Originaltechnik: \u00d6l auf Leinwand Standort: Nationalgalerie f\u00fcr moderne Kunst (GNAM), Rom Dieses eindrucksvolle Leinwandgem\u00e4lde ist ein Ausschnitt [&hellip;]<\/p>\n","protected":false},"featured_media":63849,"template":"","meta":{"_acf_changed":false},"product_brand":[],"product_cat":[8461],"product_tag":[8489,8493,8521,8513,8514],"class_list":{"0":"post-65936","1":"product","2":"type-product","3":"status-publish","4":"has-post-thumbnail","6":"product_cat-gustav-klimt-de","7":"product_tag-gustav-klimt-de","8":"product_tag-klimt-de","9":"product_tag-maler","10":"product_tag-reproduktion","11":"product_tag-reproduktionen","12":"pa_dimenzija-100-x-100-cm-de","13":"pa_dimenzija-120-x-120-cm-de","14":"pa_dimenzija-150-x-150-cm-de","15":"pa_dimenzija-50-x-50-cm-de","16":"pa_dimenzija-60-x-60-cm-de","17":"pa_dimenzija-80-x-80-cm-de","18":"pa_dimenzija-90-x-90-cm-de","19":"pa_oblika-vertikal","20":"pa_okvir-ohne-rahmen","21":"pa_podokvir-ja","22":"pa_podokvir-nein","24":"first","25":"onbackorder","26":"purchasable","27":"product-type-variable","28":"has-default-attributes"},"acf":[],"yoast_head":"<!-- This site is optimized with the Yoast SEO Premium plugin v26.0 (Yoast SEO v27.2) - https:\/\/yoast.com\/product\/yoast-seo-premium-wordpress\/ -->\n<title>Gustav Klimt - Mother and child (detail) \u2013 Mutter und Kind - SVETSLIK.SI - 100% handgemalt<\/title>\n<meta name=\"description\" content=\"Gustav Klimt - Mother and child (detail) \u2013 Mutter und Kind - 100% handgemalte Gem\u00e4lde - Verkauf von Reproduktionen ber\u00fchmter Gem\u00e4lde und abstrakter Kunst - Wandbilder f\u00fcr das Wohnzimmer\" \/>\n<meta name=\"robots\" content=\"index, follow, max-snippet:-1, max-image-preview:large, max-video-preview:-1\" \/>\n<link rel=\"canonical\" href=\"https:\/\/svetslik.si\/de\/gustav-klimt-de\/mother-and-child-detail\/\" \/>\n<meta property=\"og:locale\" content=\"de_DE\" \/>\n<meta property=\"og:type\" content=\"article\" \/>\n<meta property=\"og:title\" content=\"Gustav Klimt - Mother and child (detail) \u2013 Mutter und Kind\" \/>\n<meta property=\"og:description\" content=\"100% ro\u010dno naslikane slike na platnu, reprodukcije znanih slikarjev in umetni\u0161ke slike po naro\u010dilu.\" \/>\n<meta property=\"og:url\" content=\"https:\/\/svetslik.si\/de\/gustav-klimt-de\/mother-and-child-detail\/\" \/>\n<meta property=\"og:site_name\" content=\"SVETSLIK.SI\" \/>\n<meta property=\"article:publisher\" content=\"https:\/\/www.facebook.com\/svetslik.si\" \/>\n<meta property=\"article:modified_time\" content=\"2025-03-17T21:13:55+00:00\" \/>\n<meta property=\"og:image\" content=\"https:\/\/svetslik.si\/wp-content\/uploads\/2021\/08\/image_Mother-and-child-detail-Gustav-Klimt_680.jpg\" \/>\n\t<meta property=\"og:image:width\" content=\"1033\" \/>\n\t<meta property=\"og:image:height\" content=\"1274\" \/>\n\t<meta property=\"og:image:type\" content=\"image\/jpeg\" \/>\n<meta name=\"twitter:card\" content=\"summary_large_image\" \/>\n<meta name=\"twitter:site\" content=\"@svetslik\" \/>\n<meta name=\"twitter:label1\" content=\"Verf\u00fcgbarkeit\" \/>\n\t<meta name=\"twitter:data1\" content=\"bei Nachbestellung\" \/>\n<script type=\"application\/ld+json\" class=\"yoast-schema-graph\">{\"@context\":\"https:\/\/schema.org\",\"@graph\":[{\"@type\":[\"WebPage\",\"ItemPage\"],\"@id\":\"https:\/\/svetslik.si\/de\/gustav-klimt-de\/mother-and-child-detail\/\",\"url\":\"https:\/\/svetslik.si\/de\/gustav-klimt-de\/mother-and-child-detail\/\",\"name\":\"Gustav Klimt - Mother and child (detail) \u2013 Mutter und Kind - SVETSLIK.SI - 100% handgemalt\",\"isPartOf\":{\"@id\":\"https:\/\/svetslik.si\/de\/#website\"},\"primaryImageOfPage\":{\"@id\":\"https:\/\/svetslik.si\/de\/gustav-klimt-de\/mother-and-child-detail\/#primaryimage\"},\"image\":{\"@id\":\"https:\/\/svetslik.si\/de\/gustav-klimt-de\/mother-and-child-detail\/#primaryimage\"},\"thumbnailUrl\":\"https:\/\/svetslik.si\/wp-content\/uploads\/2021\/08\/image_Mother-and-child-detail-Gustav-Klimt_680.jpg\",\"datePublished\":\"2021-09-02T15:41:58+00:00\",\"dateModified\":\"2025-03-17T21:13:55+00:00\",\"description\":\"Gustav Klimt - Mother and child (detail) \u2013 Mutter und Kind - 100% handgemalte Gem\u00e4lde - Verkauf von Reproduktionen ber\u00fchmter Gem\u00e4lde und abstrakter Kunst - Wandbilder f\u00fcr das Wohnzimmer\",\"breadcrumb\":{\"@id\":\"https:\/\/svetslik.si\/de\/gustav-klimt-de\/mother-and-child-detail\/#breadcrumb\"},\"inLanguage\":\"de\",\"potentialAction\":[{\"@type\":\"ReadAction\",\"target\":[\"https:\/\/svetslik.si\/de\/gustav-klimt-de\/mother-and-child-detail\/\"]}]},{\"@type\":\"ImageObject\",\"inLanguage\":\"de\",\"@id\":\"https:\/\/svetslik.si\/de\/gustav-klimt-de\/mother-and-child-detail\/#primaryimage\",\"url\":\"https:\/\/svetslik.si\/wp-content\/uploads\/2021\/08\/image_Mother-and-child-detail-Gustav-Klimt_680.jpg\",\"contentUrl\":\"https:\/\/svetslik.si\/wp-content\/uploads\/2021\/08\/image_Mother-and-child-detail-Gustav-Klimt_680.jpg\",\"width\":1033,\"height\":1274,\"caption\":\"Gustav Klimt - Mother and child (detail) (Mutter und Kind - Detail) - Gem\u00e4lde, Leinwandbilder, Reproduktion\"},{\"@type\":\"BreadcrumbList\",\"@id\":\"https:\/\/svetslik.si\/de\/gustav-klimt-de\/mother-and-child-detail\/#breadcrumb\",\"itemListElement\":[{\"@type\":\"ListItem\",\"position\":1,\"name\":\"Wandkunst und Gem\u00e4lde auf Leinwand\",\"item\":\"https:\/\/svetslik.si\/de\/\"},{\"@type\":\"ListItem\",\"position\":2,\"name\":\"Verkauf von Gem\u00e4lden\",\"item\":\"https:\/\/svetslik.si\/prodaja-slik\/\"},{\"@type\":\"ListItem\",\"position\":3,\"name\":\"Gustav Klimt &#8211; Mother and child (detail) \u2013 Mutter und Kind\"}]},{\"@type\":\"WebSite\",\"@id\":\"https:\/\/svetslik.si\/de\/#website\",\"url\":\"https:\/\/svetslik.si\/de\/\",\"name\":\"SVETSLIK.SI\",\"description\":\"100% handgemalte Reproduktionen von Gem\u00e4lden ber\u00fchmter Maler und Gem\u00e4lde auf Leinwand.\",\"publisher\":{\"@id\":\"https:\/\/svetslik.si\/de\/#organization\"},\"potentialAction\":[{\"@type\":\"SearchAction\",\"target\":{\"@type\":\"EntryPoint\",\"urlTemplate\":\"https:\/\/svetslik.si\/de\/?s={search_term_string}\"},\"query-input\":{\"@type\":\"PropertyValueSpecification\",\"valueRequired\":true,\"valueName\":\"search_term_string\"}}],\"inLanguage\":\"de\"},{\"@type\":\"Organization\",\"@id\":\"https:\/\/svetslik.si\/de\/#organization\",\"name\":\"SvetSlik.si\",\"url\":\"https:\/\/svetslik.si\/de\/\",\"logo\":{\"@type\":\"ImageObject\",\"inLanguage\":\"de\",\"@id\":\"https:\/\/svetslik.si\/de\/#\/schema\/logo\/image\/\",\"url\":\"https:\/\/svetslik.si\/wp-content\/uploads\/2020\/12\/logo-512.png\",\"contentUrl\":\"https:\/\/svetslik.si\/wp-content\/uploads\/2020\/12\/logo-512.png\",\"width\":512,\"height\":512,\"caption\":\"SvetSlik.si\"},\"image\":{\"@id\":\"https:\/\/svetslik.si\/de\/#\/schema\/logo\/image\/\"},\"sameAs\":[\"https:\/\/www.facebook.com\/svetslik.si\",\"https:\/\/x.com\/svetslik\",\"https:\/\/www.instagram.com\/svetslik.si\/\",\"https:\/\/www.linkedin.com\/company\/svetslik-si\"]}]}<\/script>\n<meta property=\"og:availability\" content=\"backorder\" \/>\n<meta property=\"product:availability\" content=\"available for order\" \/>\n<meta property=\"product:retailer_item_id\" content=\"24__\" \/>\n<meta property=\"product:condition\" content=\"new\" \/>\n<!-- \/ Yoast SEO Premium plugin. -->","yoast_head_json":{"title":"Gustav Klimt - Mother and child (detail) \u2013 Mutter und Kind - SVETSLIK.SI - 100% handgemalt","description":"Gustav Klimt - Mother and child (detail) \u2013 Mutter und Kind - 100% handgemalte Gem\u00e4lde - Verkauf von Reproduktionen ber\u00fchmter Gem\u00e4lde und abstrakter Kunst - Wandbilder f\u00fcr das Wohnzimmer","robots":{"index":"index","follow":"follow","max-snippet":"max-snippet:-1","max-image-preview":"max-image-preview:large","max-video-preview":"max-video-preview:-1"},"canonical":"https:\/\/svetslik.si\/de\/gustav-klimt-de\/mother-and-child-detail\/","og_locale":"de_DE","og_type":"article","og_title":"Gustav Klimt - Mother and child (detail) \u2013 Mutter und Kind","og_description":"100% ro\u010dno naslikane slike na platnu, reprodukcije znanih slikarjev in umetni\u0161ke slike po naro\u010dilu.","og_url":"https:\/\/svetslik.si\/de\/gustav-klimt-de\/mother-and-child-detail\/","og_site_name":"SVETSLIK.SI","article_publisher":"https:\/\/www.facebook.com\/svetslik.si","article_modified_time":"2025-03-17T21:13:55+00:00","og_image":[{"width":1033,"height":1274,"url":"https:\/\/svetslik.si\/wp-content\/uploads\/2021\/08\/image_Mother-and-child-detail-Gustav-Klimt_680.jpg","type":"image\/jpeg"}],"twitter_card":"summary_large_image","twitter_site":"@svetslik","twitter_misc":{"Verf\u00fcgbarkeit":"bei Nachbestellung"},"schema":{"@context":"https:\/\/schema.org","@graph":[{"@type":["WebPage","ItemPage"],"@id":"https:\/\/svetslik.si\/de\/gustav-klimt-de\/mother-and-child-detail\/","url":"https:\/\/svetslik.si\/de\/gustav-klimt-de\/mother-and-child-detail\/","name":"Gustav Klimt - Mother and child (detail) \u2013 Mutter und Kind - SVETSLIK.SI - 100% handgemalt","isPartOf":{"@id":"https:\/\/svetslik.si\/de\/#website"},"primaryImageOfPage":{"@id":"https:\/\/svetslik.si\/de\/gustav-klimt-de\/mother-and-child-detail\/#primaryimage"},"image":{"@id":"https:\/\/svetslik.si\/de\/gustav-klimt-de\/mother-and-child-detail\/#primaryimage"},"thumbnailUrl":"https:\/\/svetslik.si\/wp-content\/uploads\/2021\/08\/image_Mother-and-child-detail-Gustav-Klimt_680.jpg","datePublished":"2021-09-02T15:41:58+00:00","dateModified":"2025-03-17T21:13:55+00:00","description":"Gustav Klimt - Mother and child (detail) \u2013 Mutter und Kind - 100% handgemalte Gem\u00e4lde - Verkauf von Reproduktionen ber\u00fchmter Gem\u00e4lde und abstrakter Kunst - Wandbilder f\u00fcr das Wohnzimmer","breadcrumb":{"@id":"https:\/\/svetslik.si\/de\/gustav-klimt-de\/mother-and-child-detail\/#breadcrumb"},"inLanguage":"de","potentialAction":[{"@type":"ReadAction","target":["https:\/\/svetslik.si\/de\/gustav-klimt-de\/mother-and-child-detail\/"]}]},{"@type":"ImageObject","inLanguage":"de","@id":"https:\/\/svetslik.si\/de\/gustav-klimt-de\/mother-and-child-detail\/#primaryimage","url":"https:\/\/svetslik.si\/wp-content\/uploads\/2021\/08\/image_Mother-and-child-detail-Gustav-Klimt_680.jpg","contentUrl":"https:\/\/svetslik.si\/wp-content\/uploads\/2021\/08\/image_Mother-and-child-detail-Gustav-Klimt_680.jpg","width":1033,"height":1274,"caption":"Gustav Klimt - Mother and child (detail) (Mutter und Kind - Detail) - Gem\u00e4lde, Leinwandbilder, Reproduktion"},{"@type":"BreadcrumbList","@id":"https:\/\/svetslik.si\/de\/gustav-klimt-de\/mother-and-child-detail\/#breadcrumb","itemListElement":[{"@type":"ListItem","position":1,"name":"Wandkunst und Gem\u00e4lde auf Leinwand","item":"https:\/\/svetslik.si\/de\/"},{"@type":"ListItem","position":2,"name":"Verkauf von Gem\u00e4lden","item":"https:\/\/svetslik.si\/prodaja-slik\/"},{"@type":"ListItem","position":3,"name":"Gustav Klimt &#8211; Mother and child (detail) \u2013 Mutter und Kind"}]},{"@type":"WebSite","@id":"https:\/\/svetslik.si\/de\/#website","url":"https:\/\/svetslik.si\/de\/","name":"SVETSLIK.SI","description":"100% handgemalte Reproduktionen von Gem\u00e4lden ber\u00fchmter Maler und Gem\u00e4lde auf Leinwand.","publisher":{"@id":"https:\/\/svetslik.si\/de\/#organization"},"potentialAction":[{"@type":"SearchAction","target":{"@type":"EntryPoint","urlTemplate":"https:\/\/svetslik.si\/de\/?s={search_term_string}"},"query-input":{"@type":"PropertyValueSpecification","valueRequired":true,"valueName":"search_term_string"}}],"inLanguage":"de"},{"@type":"Organization","@id":"https:\/\/svetslik.si\/de\/#organization","name":"SvetSlik.si","url":"https:\/\/svetslik.si\/de\/","logo":{"@type":"ImageObject","inLanguage":"de","@id":"https:\/\/svetslik.si\/de\/#\/schema\/logo\/image\/","url":"https:\/\/svetslik.si\/wp-content\/uploads\/2020\/12\/logo-512.png","contentUrl":"https:\/\/svetslik.si\/wp-content\/uploads\/2020\/12\/logo-512.png","width":512,"height":512,"caption":"SvetSlik.si"},"image":{"@id":"https:\/\/svetslik.si\/de\/#\/schema\/logo\/image\/"},"sameAs":["https:\/\/www.facebook.com\/svetslik.si","https:\/\/x.com\/svetslik","https:\/\/www.instagram.com\/svetslik.si\/","https:\/\/www.linkedin.com\/company\/svetslik-si"]}]},"og_availability":"backorder","product_availability":"available for order","product_retailer_item_id":"24__","product_condition":"new"},"jetpack_sharing_enabled":true,"_links":{"self":[{"href":"https:\/\/svetslik.si\/de\/wp-json\/wp\/v2\/product\/65936","targetHints":{"allow":["GET"]}}],"collection":[{"href":"https:\/\/svetslik.si\/de\/wp-json\/wp\/v2\/product"}],"about":[{"href":"https:\/\/svetslik.si\/de\/wp-json\/wp\/v2\/types\/product"}],"wp:featuredmedia":[{"embeddable":true,"href":"https:\/\/svetslik.si\/de\/wp-json\/wp\/v2\/media\/63849"}],"wp:attachment":[{"href":"https:\/\/svetslik.si\/de\/wp-json\/wp\/v2\/media?parent=65936"}],"wp:term":[{"taxonomy":"product_brand","embeddable":true,"href":"https:\/\/svetslik.si\/de\/wp-json\/wp\/v2\/product_brand?post=65936"},{"taxonomy":"product_cat","embeddable":true,"href":"https:\/\/svetslik.si\/de\/wp-json\/wp\/v2\/product_cat?post=65936"},{"taxonomy":"product_tag","embeddable":true,"href":"https:\/\/svetslik.si\/de\/wp-json\/wp\/v2\/product_tag?post=65936"}],"curies":[{"name":"wp","href":"https:\/\/api.w.org\/{rel}","templated":true}]}}