{"id":66075,"date":"2021-09-02T17:42:21","date_gmt":"2021-09-02T15:42:21","guid":{"rendered":"https:\/\/svetslik.si\/unkategorisiert\/fishing-boats-at-sea\/"},"modified":"2025-01-04T14:04:00","modified_gmt":"2025-01-04T13:04:00","slug":"fishing-boats-at-sea","status":"publish","type":"product","link":"https:\/\/svetslik.si\/de\/vincent-van-gogh-de\/fishing-boats-at-sea\/","title":{"rendered":"Vincent van Gogh &#8211; Fishing boats at sea"},"content":{"rendered":"<div class=\"wpb-content-wrapper\">[vc_row css=&#8221;.vc_custom_1735995708877{margin-bottom: 10px !important;}&#8221;][vc_column]\t<div class=\"et-image-466 et-image     et_image_link\">\n\t\t<div class=\"et-image-inner \">\n\t\t\t\t\t\t\t<div class=\"et-image-thumb \">\n\t\t\t\t\t<img decoding=\"async\" width=\"1000\" height=\"887\" src=\"https:\/\/svetslik.si\/wp-content\/uploads\/2021\/09\/Vincent-van-Gogh-\u2013-Fishing-boats-at-sea-reprodukcija-slike-na-platnu-5.jpg\" class=\"attachment-full\" alt=\"Vincent van Gogh - Fishing boats at sea\" title=\"Vincent van Gogh - Fishing boats at sea\" srcset=\"https:\/\/svetslik.si\/wp-content\/uploads\/2021\/09\/Vincent-van-Gogh-\u2013-Fishing-boats-at-sea-reprodukcija-slike-na-platnu-5.jpg 1000w, https:\/\/svetslik.si\/wp-content\/uploads\/2021\/09\/Vincent-van-Gogh-\u2013-Fishing-boats-at-sea-reprodukcija-slike-na-platnu-5-600x532.jpg 600w, https:\/\/svetslik.si\/wp-content\/uploads\/2021\/09\/Vincent-van-Gogh-\u2013-Fishing-boats-at-sea-reprodukcija-slike-na-platnu-5-300x266.jpg 300w, https:\/\/svetslik.si\/wp-content\/uploads\/2021\/09\/Vincent-van-Gogh-\u2013-Fishing-boats-at-sea-reprodukcija-slike-na-platnu-5-768x681.jpg 768w, https:\/\/svetslik.si\/wp-content\/uploads\/2021\/09\/Vincent-van-Gogh-\u2013-Fishing-boats-at-sea-reprodukcija-slike-na-platnu-5-150x133.jpg 150w, https:\/\/svetslik.si\/wp-content\/uploads\/2021\/09\/Vincent-van-Gogh-\u2013-Fishing-boats-at-sea-reprodukcija-slike-na-platnu-5-900x798.jpg 900w\" sizes=\"(max-width: 1000px) 100vw, 1000px\" \/>\t\t\t\t<\/div>\n\t\t\t\t\t\t\t\t\t\t\t<\/div>\n\t<\/div>\n  [\/vc_column][\/vc_row][vc_row css=&#8221;.vc_custom_1735995708877{margin-bottom: 10px !important;}&#8221;][vc_column]\t<div class=\"et-image-571 et-image     et_image_link\">\n\t\t<div class=\"et-image-inner \">\n\t\t\t\t\t\t\t<div class=\"et-image-thumb \">\n\t\t\t\t\t<img decoding=\"async\" width=\"1000\" height=\"1152\" src=\"https:\/\/svetslik.si\/wp-content\/uploads\/2021\/09\/Vincent-van-Gogh-\u2013-Fishing-boats-at-sea-reprodukcija-slike-na-platnu-3.jpg\" class=\"attachment-full\" alt=\"Vincent van Gogh - Fishing boats at sea\" title=\"Vincent van Gogh - Fishing boats at sea\" srcset=\"https:\/\/svetslik.si\/wp-content\/uploads\/2021\/09\/Vincent-van-Gogh-\u2013-Fishing-boats-at-sea-reprodukcija-slike-na-platnu-3.jpg 1000w, https:\/\/svetslik.si\/wp-content\/uploads\/2021\/09\/Vincent-van-Gogh-\u2013-Fishing-boats-at-sea-reprodukcija-slike-na-platnu-3-600x691.jpg 600w, https:\/\/svetslik.si\/wp-content\/uploads\/2021\/09\/Vincent-van-Gogh-\u2013-Fishing-boats-at-sea-reprodukcija-slike-na-platnu-3-260x300.jpg 260w, https:\/\/svetslik.si\/wp-content\/uploads\/2021\/09\/Vincent-van-Gogh-\u2013-Fishing-boats-at-sea-reprodukcija-slike-na-platnu-3-889x1024.jpg 889w, https:\/\/svetslik.si\/wp-content\/uploads\/2021\/09\/Vincent-van-Gogh-\u2013-Fishing-boats-at-sea-reprodukcija-slike-na-platnu-3-768x885.jpg 768w, https:\/\/svetslik.si\/wp-content\/uploads\/2021\/09\/Vincent-van-Gogh-\u2013-Fishing-boats-at-sea-reprodukcija-slike-na-platnu-3-130x150.jpg 130w, https:\/\/svetslik.si\/wp-content\/uploads\/2021\/09\/Vincent-van-Gogh-\u2013-Fishing-boats-at-sea-reprodukcija-slike-na-platnu-3-900x1037.jpg 900w\" sizes=\"(max-width: 1000px) 100vw, 1000px\" \/>\t\t\t\t<\/div>\n\t\t\t\t\t\t\t\t\t\t\t<\/div>\n\t<\/div>\n  [\/vc_column][\/vc_row][vc_row css=&#8221;.vc_custom_1735995708877{margin-bottom: 10px !important;}&#8221;][vc_column]\t<div class=\"et-image-672 et-image     et_image_link\">\n\t\t<div class=\"et-image-inner \">\n\t\t\t\t\t\t\t<div class=\"et-image-thumb \">\n\t\t\t\t\t<img decoding=\"async\" width=\"1000\" height=\"1033\" src=\"https:\/\/svetslik.si\/wp-content\/uploads\/2021\/09\/Vincent-van-Gogh-\u2013-Fishing-boats-at-sea-reprodukcija-slike-na-platnu-2.jpg\" class=\"attachment-full\" alt=\"Vincent van Gogh - Fishing boats at sea\" title=\"Vincent van Gogh - Fishing boats at sea\" srcset=\"https:\/\/svetslik.si\/wp-content\/uploads\/2021\/09\/Vincent-van-Gogh-\u2013-Fishing-boats-at-sea-reprodukcija-slike-na-platnu-2.jpg 1000w, https:\/\/svetslik.si\/wp-content\/uploads\/2021\/09\/Vincent-van-Gogh-\u2013-Fishing-boats-at-sea-reprodukcija-slike-na-platnu-2-600x620.jpg 600w, https:\/\/svetslik.si\/wp-content\/uploads\/2021\/09\/Vincent-van-Gogh-\u2013-Fishing-boats-at-sea-reprodukcija-slike-na-platnu-2-290x300.jpg 290w, https:\/\/svetslik.si\/wp-content\/uploads\/2021\/09\/Vincent-van-Gogh-\u2013-Fishing-boats-at-sea-reprodukcija-slike-na-platnu-2-991x1024.jpg 991w, https:\/\/svetslik.si\/wp-content\/uploads\/2021\/09\/Vincent-van-Gogh-\u2013-Fishing-boats-at-sea-reprodukcija-slike-na-platnu-2-768x793.jpg 768w, https:\/\/svetslik.si\/wp-content\/uploads\/2021\/09\/Vincent-van-Gogh-\u2013-Fishing-boats-at-sea-reprodukcija-slike-na-platnu-2-145x150.jpg 145w, https:\/\/svetslik.si\/wp-content\/uploads\/2021\/09\/Vincent-van-Gogh-\u2013-Fishing-boats-at-sea-reprodukcija-slike-na-platnu-2-900x930.jpg 900w\" sizes=\"(max-width: 1000px) 100vw, 1000px\" \/>\t\t\t\t<\/div>\n\t\t\t\t\t\t\t\t\t\t\t<\/div>\n\t<\/div>\n  [\/vc_column][\/vc_row][vc_row css=&#8221;.vc_custom_1735995708877{margin-bottom: 10px !important;}&#8221;][vc_column]\t<div class=\"et-image-864 et-image     et_image_link\">\n\t\t<div class=\"et-image-inner \">\n\t\t\t\t\t\t\t<div class=\"et-image-thumb \">\n\t\t\t\t\t<img decoding=\"async\" width=\"1000\" height=\"750\" src=\"https:\/\/svetslik.si\/wp-content\/uploads\/2021\/09\/Vincent-van-Gogh-\u2013-Fishing-boats-at-sea-reprodukcija-slike-na-platnu.jpg\" class=\"attachment-full\" alt=\"Vincent van Gogh - Fishing boats at sea\" title=\"Vincent van Gogh - Fishing boats at sea\" srcset=\"https:\/\/svetslik.si\/wp-content\/uploads\/2021\/09\/Vincent-van-Gogh-\u2013-Fishing-boats-at-sea-reprodukcija-slike-na-platnu.jpg 1000w, https:\/\/svetslik.si\/wp-content\/uploads\/2021\/09\/Vincent-van-Gogh-\u2013-Fishing-boats-at-sea-reprodukcija-slike-na-platnu-600x450.jpg 600w, https:\/\/svetslik.si\/wp-content\/uploads\/2021\/09\/Vincent-van-Gogh-\u2013-Fishing-boats-at-sea-reprodukcija-slike-na-platnu-300x225.jpg 300w, https:\/\/svetslik.si\/wp-content\/uploads\/2021\/09\/Vincent-van-Gogh-\u2013-Fishing-boats-at-sea-reprodukcija-slike-na-platnu-768x576.jpg 768w, https:\/\/svetslik.si\/wp-content\/uploads\/2021\/09\/Vincent-van-Gogh-\u2013-Fishing-boats-at-sea-reprodukcija-slike-na-platnu-150x113.jpg 150w, https:\/\/svetslik.si\/wp-content\/uploads\/2021\/09\/Vincent-van-Gogh-\u2013-Fishing-boats-at-sea-reprodukcija-slike-na-platnu-900x675.jpg 900w\" sizes=\"(max-width: 1000px) 100vw, 1000px\" \/>\t\t\t\t<\/div>\n\t\t\t\t\t\t\t\t\t\t\t<\/div>\n\t<\/div>\n  [\/vc_column][\/vc_row][vc_row][vc_column][vc_column_text]\n<h1>Vincent Van Gogh \u2013 Fischerboote auf See<\/h1>\n<table id=\"imageinfo\" border=\"0\" width=\"96%\" cellpadding=\"2\">\n<tbody>\n<tr>\n<td width=\"120\">Erstellungsjahr:<\/td>\n<td>1888<\/td>\n<\/tr>\n<tr>\n<td>Originalgr\u00f6\u00dfe:<\/td>\n<td>44 x 53 cm<\/td>\n<\/tr>\n<tr>\n<td>Malstil:<\/td>\n<td>Postimpressionismus<\/td>\n<\/tr>\n<tr>\n<td>Originaltechnik:<\/td>\n<td>\u00d6l auf Leinwand<\/td>\n<\/tr>\n<tr>\n<td>Standort:<\/td>\n<td>Puschkin-Museum der Sch\u00f6nen K\u00fcnste, Moskau<\/td>\n<\/tr>\n<\/tbody>\n<\/table>\n<p>Das \u00d6l auf Leinwand <em>Fischerboote auf See<\/em> entstand 1888 w\u00e4hrend van Goghs Aufenthalt in Arles, als er die K\u00fcstenstadt am Mittelmeer eine Woche lang besuchte. Sp\u00e4ter fertigte er nach dem Original auch Skizzen des Gem\u00e4ldes an, die er an seine Freunde und seinen Bruder schickte, weil er auf diese Weise seine neuen Kreationen mit ihnen teilte.<\/p>\n<p>\u201eFischerboote auf See\u201c ist ein Gem\u00e4lde des niederl\u00e4ndischen K\u00fcnstlers Vincent van Gogh aus dem Jahr 1887. Dieses Gem\u00e4lde gilt als eines von Van Goghs fr\u00fchen Werken und zeigt sein K\u00f6nnen, die Kraft und Sch\u00f6nheit der Natur einzufangen. Das Gem\u00e4lde zeigt eine Szene von Fischerbooten auf See mit einem st\u00fcrmischen Himmel oben und einer felsigen K\u00fcste unten. Das Gem\u00e4lde ist weithin f\u00fcr seine kr\u00e4ftigen Pinselstriche, seine Emotionalit\u00e4t und seine starke Symbolik bekannt.<\/p>\n<p>Die Komposition des Gem\u00e4ldes ist dynamisch, da die Fischerboote die Mitte der Leinwand einnehmen, w\u00e4hrend das Meer und der Himmel den Rest des Raums einnehmen. Bemerkenswert ist auch die Verwendung von Farbe in dem Gem\u00e4lde, da Van Gogh kr\u00e4ftige, kontrastierende Farben verwendet, die ein Gef\u00fchl von Bewegung und Energie erzeugen. Fischerboote sind in Blau- und Wei\u00dft\u00f6nen dargestellt und vermitteln ein Gef\u00fchl von Frieden und Ruhe. Das Meer ist in Blau- und Gr\u00fcnt\u00f6nen dargestellt, was ein Gef\u00fchl von Kraft und Energie vermittelt. Der Himmel ist in Orange-, Gelb- und Lilat\u00f6nen dargestellt, was ein Gef\u00fchl von Dramatik und Emotion erzeugt. Die Pinselstriche im Gem\u00e4lde sind dicht und sichtbar und verleihen dem Gem\u00e4lde ein Gef\u00fchl von Bewegung und Energie.<\/p>\n<p>Auch die Symbolik im Bild ist reichhaltig, denn die Fischerboote stellen den Kampf des Menschen gegen die Natur dar, das Meer die Kraft der Natur und der st\u00fcrmische Himmel die Fl\u00fcchtigkeit des Lebens. Das Gem\u00e4lde soll Van Goghs damaligen emotionalen Zustand darstellen. Das Gem\u00e4lde entstand, als Van Gogh in Den Haag (Niederlande) lebte, und soll die Sehnsucht des K\u00fcnstlers widerspiegeln, sich mit der Natur und den nat\u00fcrlichen Zyklen des Lebens zu verbinden.<\/p>\n<p>Das Gem\u00e4lde \u201eFischerboote auf See\u201c gilt als eines der fr\u00fchen Werke Van Goghs und befindet sich im Van Gogh Museum in Amsterdam, Niederlande. Es handelt sich um ein wichtiges Werk des Postimpressionismus, das noch immer sowohl von Amateuren als auch von Experten bewundert und studiert wird. Die kraftvolle Bildsprache, Emotionalit\u00e4t und reiche Symbolik machen das Gem\u00e4lde zu einem Muss f\u00fcr jeden Kunstliebhaber und jeden, der sich f\u00fcr das Werk von Vincent van Gogh interessiert.<\/p>\n<\/div>","protected":false},"excerpt":{"rendered":"<p>[vc_row css=&#8221;.vc_custom_1735995708877{margin-bottom: 10px !important;}&#8221;][vc_column][\/vc_column][\/vc_row][vc_row css=&#8221;.vc_custom_1735995708877{margin-bottom: 10px !important;}&#8221;][vc_column][\/vc_column][\/vc_row][vc_row css=&#8221;.vc_custom_1735995708877{margin-bottom: 10px !important;}&#8221;][vc_column][\/vc_column][\/vc_row][vc_row css=&#8221;.vc_custom_1735995708877{margin-bottom: 10px !important;}&#8221;][vc_column][\/vc_column][\/vc_row][vc_row][vc_column][vc_column_text] Vincent Van Gogh \u2013 Fischerboote auf See Erstellungsjahr: 1888 Originalgr\u00f6\u00dfe: 44 x 53 cm Malstil: Postimpressionismus Originaltechnik: \u00d6l auf Leinwand Standort: Puschkin-Museum der Sch\u00f6nen K\u00fcnste, Moskau Das \u00d6l auf Leinwand Fischerboote auf See entstand 1888 w\u00e4hrend van [&hellip;]<\/p>\n","protected":false},"featured_media":63626,"template":"","meta":{"_acf_changed":false},"product_brand":[],"product_cat":[8468],"product_tag":[8521,8513,8514,8581],"class_list":{"0":"post-66075","1":"product","2":"type-product","3":"status-publish","4":"has-post-thumbnail","6":"product_cat-vincent-van-gogh-de","7":"product_tag-maler","8":"product_tag-reproduktion","9":"product_tag-reproduktionen","10":"product_tag-van-gogh-de","11":"pa_dimenzija-120-x-100-cm-de","12":"pa_dimenzija-150-x-120-cm-de","13":"pa_dimenzija-50-x-40-cm-de","14":"pa_dimenzija-53-x-44-cm-de","15":"pa_dimenzija-60-x-50-cm-de","16":"pa_dimenzija-70-x-60-cm-de","17":"pa_dimenzija-90-x-70-cm-de","18":"pa_oblika-horizontal-de","19":"pa_okvir-ohne-rahmen","20":"pa_podokvir-ja","21":"pa_podokvir-nein","23":"first","24":"onbackorder","25":"purchasable","26":"product-type-variable","27":"has-default-attributes"},"acf":[],"yoast_head":"<!-- This site is optimized with the Yoast SEO Premium plugin v26.0 (Yoast SEO v27.2) - https:\/\/yoast.com\/product\/yoast-seo-premium-wordpress\/ -->\n<title>Vincent van Gogh - Fishing boats at sea - SVETSLIK.SI - 100% handgemalt<\/title>\n<meta name=\"description\" content=\"Vincent van Gogh - Fishing boats at sea - 100% handgemalte Gem\u00e4lde - Verkauf von Reproduktionen ber\u00fchmter Gem\u00e4lde und abstrakter Kunst - Wandbilder f\u00fcr das Wohnzimmer\" \/>\n<meta name=\"robots\" content=\"index, follow, max-snippet:-1, max-image-preview:large, max-video-preview:-1\" \/>\n<link rel=\"canonical\" href=\"https:\/\/svetslik.si\/de\/vincent-van-gogh-de\/fishing-boats-at-sea\/\" \/>\n<meta property=\"og:locale\" content=\"de_DE\" \/>\n<meta property=\"og:type\" content=\"article\" \/>\n<meta property=\"og:title\" content=\"Vincent van Gogh - Fishing boats at sea\" \/>\n<meta property=\"og:description\" content=\"100% ro\u010dno naslikane slike na platnu, reprodukcije znanih slikarjev in umetni\u0161ke slike po naro\u010dilu.\" \/>\n<meta property=\"og:url\" content=\"https:\/\/svetslik.si\/de\/vincent-van-gogh-de\/fishing-boats-at-sea\/\" \/>\n<meta property=\"og:site_name\" content=\"SVETSLIK.SI\" \/>\n<meta property=\"article:publisher\" content=\"https:\/\/www.facebook.com\/svetslik.si\" \/>\n<meta property=\"article:modified_time\" content=\"2025-01-04T13:04:00+00:00\" \/>\n<meta property=\"og:image\" content=\"https:\/\/svetslik.si\/wp-content\/uploads\/2021\/08\/image_Fishing-boats-at-sea-Van-Gogh_680.jpg\" \/>\n\t<meta property=\"og:image:width\" content=\"1000\" \/>\n\t<meta property=\"og:image:height\" content=\"819\" \/>\n\t<meta property=\"og:image:type\" content=\"image\/jpeg\" \/>\n<meta name=\"twitter:card\" content=\"summary_large_image\" \/>\n<meta name=\"twitter:site\" content=\"@svetslik\" \/>\n<meta name=\"twitter:label1\" content=\"Verf\u00fcgbarkeit\" \/>\n\t<meta name=\"twitter:data1\" content=\"bei Nachbestellung\" \/>\n<script type=\"application\/ld+json\" class=\"yoast-schema-graph\">{\"@context\":\"https:\/\/schema.org\",\"@graph\":[{\"@type\":[\"WebPage\",\"ItemPage\"],\"@id\":\"https:\/\/svetslik.si\/de\/vincent-van-gogh-de\/fishing-boats-at-sea\/\",\"url\":\"https:\/\/svetslik.si\/de\/vincent-van-gogh-de\/fishing-boats-at-sea\/\",\"name\":\"Vincent van Gogh - Fishing boats at sea - SVETSLIK.SI - 100% handgemalt\",\"isPartOf\":{\"@id\":\"https:\/\/svetslik.si\/de\/#website\"},\"primaryImageOfPage\":{\"@id\":\"https:\/\/svetslik.si\/de\/vincent-van-gogh-de\/fishing-boats-at-sea\/#primaryimage\"},\"image\":{\"@id\":\"https:\/\/svetslik.si\/de\/vincent-van-gogh-de\/fishing-boats-at-sea\/#primaryimage\"},\"thumbnailUrl\":\"https:\/\/svetslik.si\/wp-content\/uploads\/2021\/08\/image_Fishing-boats-at-sea-Van-Gogh_680.jpg\",\"datePublished\":\"2021-09-02T15:42:21+00:00\",\"dateModified\":\"2025-01-04T13:04:00+00:00\",\"description\":\"Vincent van Gogh - Fishing boats at sea - 100% handgemalte Gem\u00e4lde - Verkauf von Reproduktionen ber\u00fchmter Gem\u00e4lde und abstrakter Kunst - Wandbilder f\u00fcr das Wohnzimmer\",\"breadcrumb\":{\"@id\":\"https:\/\/svetslik.si\/de\/vincent-van-gogh-de\/fishing-boats-at-sea\/#breadcrumb\"},\"inLanguage\":\"de\",\"potentialAction\":[{\"@type\":\"ReadAction\",\"target\":[\"https:\/\/svetslik.si\/de\/vincent-van-gogh-de\/fishing-boats-at-sea\/\"]}]},{\"@type\":\"ImageObject\",\"inLanguage\":\"de\",\"@id\":\"https:\/\/svetslik.si\/de\/vincent-van-gogh-de\/fishing-boats-at-sea\/#primaryimage\",\"url\":\"https:\/\/svetslik.si\/wp-content\/uploads\/2021\/08\/image_Fishing-boats-at-sea-Van-Gogh_680.jpg\",\"contentUrl\":\"https:\/\/svetslik.si\/wp-content\/uploads\/2021\/08\/image_Fishing-boats-at-sea-Van-Gogh_680.jpg\",\"width\":1000,\"height\":819,\"caption\":\"Fishing Boats at Sea - Fischerboote auf dem Meer (Gem\u00e4lde, Leinwandbilder) - 100% handgemalte, Reproduktionen ber\u00fchmter Gem\u00e4lde, Gem\u00e4lde kaufen, Wandbilder Wohnzimmer, ber\u00fchmtes Gem\u00e4lde, Bilderrahmen\"},{\"@type\":\"BreadcrumbList\",\"@id\":\"https:\/\/svetslik.si\/de\/vincent-van-gogh-de\/fishing-boats-at-sea\/#breadcrumb\",\"itemListElement\":[{\"@type\":\"ListItem\",\"position\":1,\"name\":\"Wandkunst und Gem\u00e4lde auf Leinwand\",\"item\":\"https:\/\/svetslik.si\/de\/\"},{\"@type\":\"ListItem\",\"position\":2,\"name\":\"Verkauf von Gem\u00e4lden\",\"item\":\"https:\/\/svetslik.si\/prodaja-slik\/\"},{\"@type\":\"ListItem\",\"position\":3,\"name\":\"Vincent van Gogh &#8211; Fishing boats at sea\"}]},{\"@type\":\"WebSite\",\"@id\":\"https:\/\/svetslik.si\/de\/#website\",\"url\":\"https:\/\/svetslik.si\/de\/\",\"name\":\"SVETSLIK.SI\",\"description\":\"100% handgemalte Reproduktionen von Gem\u00e4lden ber\u00fchmter Maler und Gem\u00e4lde auf Leinwand.\",\"publisher\":{\"@id\":\"https:\/\/svetslik.si\/de\/#organization\"},\"potentialAction\":[{\"@type\":\"SearchAction\",\"target\":{\"@type\":\"EntryPoint\",\"urlTemplate\":\"https:\/\/svetslik.si\/de\/?s={search_term_string}\"},\"query-input\":{\"@type\":\"PropertyValueSpecification\",\"valueRequired\":true,\"valueName\":\"search_term_string\"}}],\"inLanguage\":\"de\"},{\"@type\":\"Organization\",\"@id\":\"https:\/\/svetslik.si\/de\/#organization\",\"name\":\"SvetSlik.si\",\"url\":\"https:\/\/svetslik.si\/de\/\",\"logo\":{\"@type\":\"ImageObject\",\"inLanguage\":\"de\",\"@id\":\"https:\/\/svetslik.si\/de\/#\/schema\/logo\/image\/\",\"url\":\"https:\/\/svetslik.si\/wp-content\/uploads\/2020\/12\/logo-512.png\",\"contentUrl\":\"https:\/\/svetslik.si\/wp-content\/uploads\/2020\/12\/logo-512.png\",\"width\":512,\"height\":512,\"caption\":\"SvetSlik.si\"},\"image\":{\"@id\":\"https:\/\/svetslik.si\/de\/#\/schema\/logo\/image\/\"},\"sameAs\":[\"https:\/\/www.facebook.com\/svetslik.si\",\"https:\/\/x.com\/svetslik\",\"https:\/\/www.instagram.com\/svetslik.si\/\",\"https:\/\/www.linkedin.com\/company\/svetslik-si\"]}]}<\/script>\n<meta property=\"og:availability\" content=\"backorder\" \/>\n<meta property=\"product:availability\" content=\"available for order\" \/>\n<meta property=\"product:retailer_item_id\" content=\"42__\" \/>\n<meta property=\"product:condition\" content=\"new\" \/>\n<!-- \/ Yoast SEO Premium plugin. -->","yoast_head_json":{"title":"Vincent van Gogh - Fishing boats at sea - SVETSLIK.SI - 100% handgemalt","description":"Vincent van Gogh - Fishing boats at sea - 100% handgemalte Gem\u00e4lde - Verkauf von Reproduktionen ber\u00fchmter Gem\u00e4lde und abstrakter Kunst - Wandbilder f\u00fcr das Wohnzimmer","robots":{"index":"index","follow":"follow","max-snippet":"max-snippet:-1","max-image-preview":"max-image-preview:large","max-video-preview":"max-video-preview:-1"},"canonical":"https:\/\/svetslik.si\/de\/vincent-van-gogh-de\/fishing-boats-at-sea\/","og_locale":"de_DE","og_type":"article","og_title":"Vincent van Gogh - Fishing boats at sea","og_description":"100% ro\u010dno naslikane slike na platnu, reprodukcije znanih slikarjev in umetni\u0161ke slike po naro\u010dilu.","og_url":"https:\/\/svetslik.si\/de\/vincent-van-gogh-de\/fishing-boats-at-sea\/","og_site_name":"SVETSLIK.SI","article_publisher":"https:\/\/www.facebook.com\/svetslik.si","article_modified_time":"2025-01-04T13:04:00+00:00","og_image":[{"width":1000,"height":819,"url":"https:\/\/svetslik.si\/wp-content\/uploads\/2021\/08\/image_Fishing-boats-at-sea-Van-Gogh_680.jpg","type":"image\/jpeg"}],"twitter_card":"summary_large_image","twitter_site":"@svetslik","twitter_misc":{"Verf\u00fcgbarkeit":"bei Nachbestellung"},"schema":{"@context":"https:\/\/schema.org","@graph":[{"@type":["WebPage","ItemPage"],"@id":"https:\/\/svetslik.si\/de\/vincent-van-gogh-de\/fishing-boats-at-sea\/","url":"https:\/\/svetslik.si\/de\/vincent-van-gogh-de\/fishing-boats-at-sea\/","name":"Vincent van Gogh - Fishing boats at sea - SVETSLIK.SI - 100% handgemalt","isPartOf":{"@id":"https:\/\/svetslik.si\/de\/#website"},"primaryImageOfPage":{"@id":"https:\/\/svetslik.si\/de\/vincent-van-gogh-de\/fishing-boats-at-sea\/#primaryimage"},"image":{"@id":"https:\/\/svetslik.si\/de\/vincent-van-gogh-de\/fishing-boats-at-sea\/#primaryimage"},"thumbnailUrl":"https:\/\/svetslik.si\/wp-content\/uploads\/2021\/08\/image_Fishing-boats-at-sea-Van-Gogh_680.jpg","datePublished":"2021-09-02T15:42:21+00:00","dateModified":"2025-01-04T13:04:00+00:00","description":"Vincent van Gogh - Fishing boats at sea - 100% handgemalte Gem\u00e4lde - Verkauf von Reproduktionen ber\u00fchmter Gem\u00e4lde und abstrakter Kunst - Wandbilder f\u00fcr das Wohnzimmer","breadcrumb":{"@id":"https:\/\/svetslik.si\/de\/vincent-van-gogh-de\/fishing-boats-at-sea\/#breadcrumb"},"inLanguage":"de","potentialAction":[{"@type":"ReadAction","target":["https:\/\/svetslik.si\/de\/vincent-van-gogh-de\/fishing-boats-at-sea\/"]}]},{"@type":"ImageObject","inLanguage":"de","@id":"https:\/\/svetslik.si\/de\/vincent-van-gogh-de\/fishing-boats-at-sea\/#primaryimage","url":"https:\/\/svetslik.si\/wp-content\/uploads\/2021\/08\/image_Fishing-boats-at-sea-Van-Gogh_680.jpg","contentUrl":"https:\/\/svetslik.si\/wp-content\/uploads\/2021\/08\/image_Fishing-boats-at-sea-Van-Gogh_680.jpg","width":1000,"height":819,"caption":"Fishing Boats at Sea - Fischerboote auf dem Meer (Gem\u00e4lde, Leinwandbilder) - 100% handgemalte, Reproduktionen ber\u00fchmter Gem\u00e4lde, Gem\u00e4lde kaufen, Wandbilder Wohnzimmer, ber\u00fchmtes Gem\u00e4lde, Bilderrahmen"},{"@type":"BreadcrumbList","@id":"https:\/\/svetslik.si\/de\/vincent-van-gogh-de\/fishing-boats-at-sea\/#breadcrumb","itemListElement":[{"@type":"ListItem","position":1,"name":"Wandkunst und Gem\u00e4lde auf Leinwand","item":"https:\/\/svetslik.si\/de\/"},{"@type":"ListItem","position":2,"name":"Verkauf von Gem\u00e4lden","item":"https:\/\/svetslik.si\/prodaja-slik\/"},{"@type":"ListItem","position":3,"name":"Vincent van Gogh &#8211; Fishing boats at sea"}]},{"@type":"WebSite","@id":"https:\/\/svetslik.si\/de\/#website","url":"https:\/\/svetslik.si\/de\/","name":"SVETSLIK.SI","description":"100% handgemalte Reproduktionen von Gem\u00e4lden ber\u00fchmter Maler und Gem\u00e4lde auf Leinwand.","publisher":{"@id":"https:\/\/svetslik.si\/de\/#organization"},"potentialAction":[{"@type":"SearchAction","target":{"@type":"EntryPoint","urlTemplate":"https:\/\/svetslik.si\/de\/?s={search_term_string}"},"query-input":{"@type":"PropertyValueSpecification","valueRequired":true,"valueName":"search_term_string"}}],"inLanguage":"de"},{"@type":"Organization","@id":"https:\/\/svetslik.si\/de\/#organization","name":"SvetSlik.si","url":"https:\/\/svetslik.si\/de\/","logo":{"@type":"ImageObject","inLanguage":"de","@id":"https:\/\/svetslik.si\/de\/#\/schema\/logo\/image\/","url":"https:\/\/svetslik.si\/wp-content\/uploads\/2020\/12\/logo-512.png","contentUrl":"https:\/\/svetslik.si\/wp-content\/uploads\/2020\/12\/logo-512.png","width":512,"height":512,"caption":"SvetSlik.si"},"image":{"@id":"https:\/\/svetslik.si\/de\/#\/schema\/logo\/image\/"},"sameAs":["https:\/\/www.facebook.com\/svetslik.si","https:\/\/x.com\/svetslik","https:\/\/www.instagram.com\/svetslik.si\/","https:\/\/www.linkedin.com\/company\/svetslik-si"]}]},"og_availability":"backorder","product_availability":"available for order","product_retailer_item_id":"42__","product_condition":"new"},"jetpack_sharing_enabled":true,"_links":{"self":[{"href":"https:\/\/svetslik.si\/de\/wp-json\/wp\/v2\/product\/66075","targetHints":{"allow":["GET"]}}],"collection":[{"href":"https:\/\/svetslik.si\/de\/wp-json\/wp\/v2\/product"}],"about":[{"href":"https:\/\/svetslik.si\/de\/wp-json\/wp\/v2\/types\/product"}],"wp:featuredmedia":[{"embeddable":true,"href":"https:\/\/svetslik.si\/de\/wp-json\/wp\/v2\/media\/63626"}],"wp:attachment":[{"href":"https:\/\/svetslik.si\/de\/wp-json\/wp\/v2\/media?parent=66075"}],"wp:term":[{"taxonomy":"product_brand","embeddable":true,"href":"https:\/\/svetslik.si\/de\/wp-json\/wp\/v2\/product_brand?post=66075"},{"taxonomy":"product_cat","embeddable":true,"href":"https:\/\/svetslik.si\/de\/wp-json\/wp\/v2\/product_cat?post=66075"},{"taxonomy":"product_tag","embeddable":true,"href":"https:\/\/svetslik.si\/de\/wp-json\/wp\/v2\/product_tag?post=66075"}],"curies":[{"name":"wp","href":"https:\/\/api.w.org\/{rel}","templated":true}]}}