{"id":66083,"date":"2021-09-02T17:42:24","date_gmt":"2021-09-02T15:42:24","guid":{"rendered":"https:\/\/svetslik.si\/unkategorisiert\/autumn-landscape-with-four-trees\/"},"modified":"2024-07-11T13:57:02","modified_gmt":"2024-07-11T11:57:02","slug":"autumn-landscape-with-four-trees","status":"publish","type":"product","link":"https:\/\/svetslik.si\/de\/vincent-van-gogh-de\/autumn-landscape-with-four-trees\/","title":{"rendered":"Vincent van Gogh &#8211; Autumn Landscape with Four Trees"},"content":{"rendered":"<div class=\"wpb-content-wrapper\">[vc_row][vc_column][vc_column_text]\n<h1>Vincent Van Gogh \u2013 Herbstlandschaft mit vier B\u00e4umen<\/h1>\n<p>&nbsp;<\/p>\n<table style=\"width: 593px\" border=\"0\" width=\"593\" cellpadding=\"0\">\n<tbody>\n<tr>\n<td style=\"width: 155px;height: 21px\" height=\"21\">Erstellungsjahr:<\/td>\n<td style=\"width: 439px\">1885<\/td>\n<\/tr>\n<tr>\n<td style=\"width: 155px;height: 21px\" height=\"21\">Originalgr\u00f6\u00dfe:<\/td>\n<td style=\"width: 439px\">64 cm x 89 cm<\/td>\n<\/tr>\n<tr>\n<td style=\"width: 155px;height: 21px\" height=\"21\">Malstil:<\/td>\n<td style=\"width: 439px\">Postimpressionismus<\/td>\n<\/tr>\n<tr>\n<td style=\"width: 155px;height: 21px\" height=\"21\">Originaltechnik:<\/td>\n<td style=\"width: 439px\">\u00d6l auf Leinwand<\/td>\n<\/tr>\n<tr>\n<td style=\"width: 155px;height: 21px\" height=\"21\">Standort:<\/td>\n<td style=\"width: 439px\">\n<div>Kr\u00f6ller-M\u00fcller-Museum, Otterlo, Niederlande<\/div>\n<\/td>\n<\/tr>\n<\/tbody>\n<\/table>\n<p>&nbsp;<\/p>\n<div>Van Goghs Werke dr\u00fccken die Einstellung des Malers zum Impressionismus aus \u2013 dieser Malstil lie\u00df dem K\u00fcnstler nicht gen\u00fcgend Freiheit, seine Gef\u00fchle auszudr\u00fccken. Van Gogh ist bekannt f\u00fcr seinen pastosen Farbauftrag auf Leinw\u00e4nden, seine schimmernden Farben und seine lebhaften Pinselstriche.<\/div>\n<div><\/div>\n<div>Van Gogh malte das \u00d6l auf Leinwand <em>Herbstlandschaft mit vier B\u00e4umen<\/em> im November 1885, als er mit seinen Eltern in der niederl\u00e4ndischen Stadt Nuenan lebte.<\/div>\n<div><\/div>\n<div>\n<p>\u201eHerbstlandschaft mit vier B\u00e4umen\u201c ist ein Gem\u00e4lde des niederl\u00e4ndischen K\u00fcnstlers Vincent van Gogh aus dem Jahr 1888. Dieses Gem\u00e4lde gilt als eines der beeindruckendsten Werke Van Goghs und zeigt sein K\u00f6nnen, die nat\u00fcrliche Sch\u00f6nheit der Umgebung und seine pers\u00f6nlichen Gef\u00fchle einzufangen. Das Gem\u00e4lde zeigt eine Herbstlandschaft mit vier B\u00e4umen, umgeben von einem Weizenfeld. Das Gem\u00e4lde ist weithin f\u00fcr seine kr\u00e4ftigen Pinselstriche, seine Emotionalit\u00e4t und seine starke Symbolik bekannt.<\/p>\n<p>Die Komposition des Gem\u00e4ldes ist einfach, aber wirkungsvoll, da die Landschaft den gr\u00f6\u00dften Teil der Leinwand einnimmt. Bemerkenswert ist auch die Verwendung von Farbe in dem Gem\u00e4lde, da Van Gogh kr\u00e4ftige, kontrastierende Farben verwendet, die ein Gef\u00fchl von Bewegung und Energie erzeugen. Die Landschaft ist in Gelb-, Orange- und Braunt\u00f6nen dargestellt und vermittelt ein Gef\u00fchl von W\u00e4rme und Energie. Die vier B\u00e4ume sind in Gr\u00fcn- und Rott\u00f6nen gehalten und vermitteln ein Gef\u00fchl von Ruhe und Gelassenheit. Das Weizenfeld ist in Gelbt\u00f6ne geh\u00fcllt, die ein Gef\u00fchl der Hoffnung und F\u00fchrung vermitteln. Die Pinselstriche im Gem\u00e4lde sind dicht und sichtbar und verleihen dem Gem\u00e4lde ein Gef\u00fchl von Bewegung und Energie.<\/p>\n<p>Auch die Symbolik im Bild ist reichhaltig: Die Herbstlandschaft stellt die Idee von Ver\u00e4nderungen und \u00dcberg\u00e4ngen im Leben dar, die vier B\u00e4ume stehen f\u00fcr St\u00e4rke und Langlebigkeit und das Weizenfeld steht f\u00fcr Hoffnung und F\u00fclle. Das Gem\u00e4lde soll Van Goghs damaligen emotionalen Zustand darstellen. Das Gem\u00e4lde entstand, als Van Gogh in Arles, Frankreich, lebte, und soll die Sehnsucht des K\u00fcnstlers widerspiegeln, sich mit der Natur und den nat\u00fcrlichen Lebenszyklen zu verbinden.<\/p>\n<p>\u201eHerbstlandschaft mit vier B\u00e4umen gilt als eines der beeindruckendsten Werke Van Goghs und befindet sich im Van Gogh Museum in Amsterdam, Niederlande. Es ist ein wichtiges postimpressionistisches Werk, das immer noch von Amateuren und Experten gleicherma\u00dfen bewundert und studiert wird. Denn Aufgrund seiner kraftvollen Bildsprache, seiner emotionalen und reichen Symbolik ist das Gem\u00e4lde ein Muss f\u00fcr jeden Kunstliebhaber oder jeden, der sich f\u00fcr das Werk von Vincent van Gogh interessiert.<\/p>\n<\/div>\n<div><\/div>\n[\/vc_column_text][\/vc_column][\/vc_row][vc_row][vc_column]\t<div class=\"et-image-27 et-image  full   et_image_link\">\n\t\t<div class=\"et-image-inner \">\n\t\t\t\t\t\t\t<a  class=\"mfp-image et-lightbox\" data-mfp-type=\"image\" data-mfp-src=\"https:\/\/svetslik.si\/wp-content\/uploads\/2021\/09\/Vincent-Van-Gogh-\u2013-Autumn-Landscape-with-Four-Trees-scaled.jpg\"  title=\"Vincent Van Gogh \u2013 Autumn Landscape with Four Trees (Herbstlandschaft mit vier B\u00e4umen), Gem\u00e4lde, Leinwandbilder\">\n\t\t\t\t\t\t\t<div class=\"et-image-thumb \">\n\t\t\t\t\t<img decoding=\"async\" width=\"2560\" height=\"1920\" src=\"https:\/\/svetslik.si\/wp-content\/uploads\/2021\/09\/Vincent-Van-Gogh-\u2013-Autumn-Landscape-with-Four-Trees-scaled.jpg\" class=\"attachment-full\" alt=\"Vincent Van Gogh \u2013 Autumn Landscape with Four Trees (Herbstlandschaft mit vier B\u00e4umen), Gem\u00e4lde, Leinwandbilder\" title=\"Vincent Van Gogh \u2013 Autumn Landscape with Four Trees (Herbstlandschaft mit vier B\u00e4umen), Gem\u00e4lde, Leinwandbilder\" srcset=\"https:\/\/svetslik.si\/wp-content\/uploads\/2021\/09\/Vincent-Van-Gogh-\u2013-Autumn-Landscape-with-Four-Trees-scaled.jpg 2560w, https:\/\/svetslik.si\/wp-content\/uploads\/2021\/09\/Vincent-Van-Gogh-\u2013-Autumn-Landscape-with-Four-Trees-600x450.jpg 600w, https:\/\/svetslik.si\/wp-content\/uploads\/2021\/09\/Vincent-Van-Gogh-\u2013-Autumn-Landscape-with-Four-Trees-scaled-1200x900.jpg 1200w, https:\/\/svetslik.si\/wp-content\/uploads\/2021\/09\/Vincent-Van-Gogh-\u2013-Autumn-Landscape-with-Four-Trees-300x225.jpg 300w, https:\/\/svetslik.si\/wp-content\/uploads\/2021\/09\/Vincent-Van-Gogh-\u2013-Autumn-Landscape-with-Four-Trees-1024x768.jpg 1024w, https:\/\/svetslik.si\/wp-content\/uploads\/2021\/09\/Vincent-Van-Gogh-\u2013-Autumn-Landscape-with-Four-Trees-768x576.jpg 768w, https:\/\/svetslik.si\/wp-content\/uploads\/2021\/09\/Vincent-Van-Gogh-\u2013-Autumn-Landscape-with-Four-Trees-1536x1152.jpg 1536w, https:\/\/svetslik.si\/wp-content\/uploads\/2021\/09\/Vincent-Van-Gogh-\u2013-Autumn-Landscape-with-Four-Trees-2048x1536.jpg 2048w, https:\/\/svetslik.si\/wp-content\/uploads\/2021\/09\/Vincent-Van-Gogh-\u2013-Autumn-Landscape-with-Four-Trees-150x113.jpg 150w, https:\/\/svetslik.si\/wp-content\/uploads\/2021\/09\/Vincent-Van-Gogh-\u2013-Autumn-Landscape-with-Four-Trees-1320x990.jpg 1320w, https:\/\/svetslik.si\/wp-content\/uploads\/2021\/09\/Vincent-Van-Gogh-\u2013-Autumn-Landscape-with-Four-Trees-900x675.jpg 900w\" sizes=\"(max-width: 2560px) 100vw, 2560px\" \/>\t\t\t\t<\/div>\n\t\t\t\t\t\t\t<\/a>\n\t\t\t\t\t\t\t\t\t\t<div class=\"wp-caption-text\">Vincent Van Gogh \u2013 Autumn Landscape with Four Trees (Herbstlandschaft mit vier B\u00e4umen), Gem\u00e4lde, Leinwandbilder - 100% handgemalte, Reproduktionen ber\u00fchmter gem\u00e4lde, gem\u00e4lde kaufen, wandbilder wohnzimmer, ber\u00fchmtes gem\u00e4lde, \u00f6lgem\u00e4lde, bilderrahmen<\/div>\n\t\t\t\t\t\t\t\t<\/div>\n\t<\/div>\n   [\/vc_column][\/vc_row]\n<\/div>","protected":false},"excerpt":{"rendered":"<p>[vc_row][vc_column][vc_column_text] Vincent Van Gogh \u2013 Herbstlandschaft mit vier B\u00e4umen &nbsp; Erstellungsjahr: 1885 Originalgr\u00f6\u00dfe: 64 cm x 89 cm Malstil: Postimpressionismus Originaltechnik: \u00d6l auf Leinwand Standort: Kr\u00f6ller-M\u00fcller-Museum, Otterlo, Niederlande &nbsp; Van Goghs Werke dr\u00fccken die Einstellung des Malers zum Impressionismus aus \u2013 dieser Malstil lie\u00df dem K\u00fcnstler nicht gen\u00fcgend Freiheit, seine [&hellip;]<\/p>\n","protected":false},"featured_media":63387,"template":"","meta":{"_acf_changed":false},"product_brand":[],"product_cat":[8468],"product_tag":[8521,8513,8514,8581],"class_list":{"0":"post-66083","1":"product","2":"type-product","3":"status-publish","4":"has-post-thumbnail","6":"product_cat-vincent-van-gogh-de","7":"product_tag-maler","8":"product_tag-reproduktion","9":"product_tag-reproduktionen","10":"product_tag-van-gogh-de","11":"pa_dimenzija-40-x-30-cm","12":"pa_dimenzija-50-x-40-cm","13":"pa_dimenzija-60-x-40-cm","14":"pa_dimenzija-60-x-50-cm","15":"pa_dimenzija-70-x-50-cm","16":"pa_dimenzija-90-x-60-cm","17":"pa_dimenzija-91-x-64-cm","18":"pa_oblika-horizontal-de","19":"pa_okvir-ohne-rahmen","20":"pa_podokvir-ja","21":"pa_podokvir-nein","23":"first","24":"onbackorder","25":"purchasable","26":"product-type-variable","27":"has-default-attributes"},"acf":[],"yoast_head":"<!-- This site is optimized with the Yoast SEO Premium plugin v26.0 (Yoast SEO v27.2) - https:\/\/yoast.com\/product\/yoast-seo-premium-wordpress\/ -->\n<title>Vincent van Gogh - Autumn Landscape with Four Trees - SVETSLIK.SI - 100% handgemalt<\/title>\n<meta name=\"description\" content=\"Vincent van Gogh - Autumn Landscape with Four Trees - 100% handgemalte Gem\u00e4lde - Verkauf von Reproduktionen ber\u00fchmter Gem\u00e4lde und abstrakter Kunst - Wandbilder f\u00fcr das Wohnzimmer\" \/>\n<meta name=\"robots\" content=\"index, follow, max-snippet:-1, max-image-preview:large, max-video-preview:-1\" \/>\n<link rel=\"canonical\" href=\"https:\/\/svetslik.si\/de\/vincent-van-gogh-de\/autumn-landscape-with-four-trees\/\" \/>\n<meta property=\"og:locale\" content=\"de_DE\" \/>\n<meta property=\"og:type\" content=\"article\" \/>\n<meta property=\"og:title\" content=\"Vincent van Gogh - Autumn Landscape with Four Trees\" \/>\n<meta property=\"og:description\" content=\"100% ro\u010dno naslikane slike na platnu, reprodukcije znanih slikarjev in umetni\u0161ke slike po naro\u010dilu.\" \/>\n<meta property=\"og:url\" content=\"https:\/\/svetslik.si\/de\/vincent-van-gogh-de\/autumn-landscape-with-four-trees\/\" \/>\n<meta property=\"og:site_name\" content=\"SVETSLIK.SI\" \/>\n<meta property=\"article:publisher\" content=\"https:\/\/www.facebook.com\/svetslik.si\" \/>\n<meta property=\"article:modified_time\" content=\"2024-07-11T11:57:02+00:00\" \/>\n<meta property=\"og:image\" content=\"https:\/\/svetslik.si\/wp-content\/uploads\/2021\/08\/image_Autumn-Landscape-with-Four-Trees-Vincent-van-Gogh_680.jpg\" \/>\n\t<meta property=\"og:image:width\" content=\"2237\" \/>\n\t<meta property=\"og:image:height\" content=\"1759\" \/>\n\t<meta property=\"og:image:type\" content=\"image\/jpeg\" \/>\n<meta name=\"twitter:card\" content=\"summary_large_image\" \/>\n<meta name=\"twitter:site\" content=\"@svetslik\" \/>\n<meta name=\"twitter:label1\" content=\"Verf\u00fcgbarkeit\" \/>\n\t<meta name=\"twitter:data1\" content=\"bei Nachbestellung\" \/>\n<script type=\"application\/ld+json\" class=\"yoast-schema-graph\">{\"@context\":\"https:\/\/schema.org\",\"@graph\":[{\"@type\":[\"WebPage\",\"ItemPage\"],\"@id\":\"https:\/\/svetslik.si\/de\/vincent-van-gogh-de\/autumn-landscape-with-four-trees\/\",\"url\":\"https:\/\/svetslik.si\/de\/vincent-van-gogh-de\/autumn-landscape-with-four-trees\/\",\"name\":\"Vincent van Gogh - Autumn Landscape with Four Trees - SVETSLIK.SI - 100% handgemalt\",\"isPartOf\":{\"@id\":\"https:\/\/svetslik.si\/de\/#website\"},\"primaryImageOfPage\":{\"@id\":\"https:\/\/svetslik.si\/de\/vincent-van-gogh-de\/autumn-landscape-with-four-trees\/#primaryimage\"},\"image\":{\"@id\":\"https:\/\/svetslik.si\/de\/vincent-van-gogh-de\/autumn-landscape-with-four-trees\/#primaryimage\"},\"thumbnailUrl\":\"https:\/\/svetslik.si\/wp-content\/uploads\/2021\/08\/image_Autumn-Landscape-with-Four-Trees-Vincent-van-Gogh_680.jpg\",\"datePublished\":\"2021-09-02T15:42:24+00:00\",\"dateModified\":\"2024-07-11T11:57:02+00:00\",\"description\":\"Vincent van Gogh - Autumn Landscape with Four Trees - 100% handgemalte Gem\u00e4lde - Verkauf von Reproduktionen ber\u00fchmter Gem\u00e4lde und abstrakter Kunst - Wandbilder f\u00fcr das Wohnzimmer\",\"breadcrumb\":{\"@id\":\"https:\/\/svetslik.si\/de\/vincent-van-gogh-de\/autumn-landscape-with-four-trees\/#breadcrumb\"},\"inLanguage\":\"de\",\"potentialAction\":[{\"@type\":\"ReadAction\",\"target\":[\"https:\/\/svetslik.si\/de\/vincent-van-gogh-de\/autumn-landscape-with-four-trees\/\"]}]},{\"@type\":\"ImageObject\",\"inLanguage\":\"de\",\"@id\":\"https:\/\/svetslik.si\/de\/vincent-van-gogh-de\/autumn-landscape-with-four-trees\/#primaryimage\",\"url\":\"https:\/\/svetslik.si\/wp-content\/uploads\/2021\/08\/image_Autumn-Landscape-with-Four-Trees-Vincent-van-Gogh_680.jpg\",\"contentUrl\":\"https:\/\/svetslik.si\/wp-content\/uploads\/2021\/08\/image_Autumn-Landscape-with-Four-Trees-Vincent-van-Gogh_680.jpg\",\"width\":2237,\"height\":1759,\"caption\":\"Vincent Van Gogh - Autumn Landscape with Four Trees - Herbstlandschaft mit vier B\u00e4umen, Gem\u00e4lde, Leinwandbilder - 100% handgemalte, Reproduktionen ber\u00fchmter Gem\u00e4lde, Gem\u00e4lde kaufen, Wandbilder Wohnzimmer, ber\u00fchmtes Gem\u00e4lde, \u00d6lgem\u00e4lde, Bilderrahmen\"},{\"@type\":\"BreadcrumbList\",\"@id\":\"https:\/\/svetslik.si\/de\/vincent-van-gogh-de\/autumn-landscape-with-four-trees\/#breadcrumb\",\"itemListElement\":[{\"@type\":\"ListItem\",\"position\":1,\"name\":\"Wandkunst und Gem\u00e4lde auf Leinwand\",\"item\":\"https:\/\/svetslik.si\/de\/\"},{\"@type\":\"ListItem\",\"position\":2,\"name\":\"Verkauf von Gem\u00e4lden\",\"item\":\"https:\/\/svetslik.si\/prodaja-slik\/\"},{\"@type\":\"ListItem\",\"position\":3,\"name\":\"Vincent van Gogh &#8211; Autumn Landscape with Four Trees\"}]},{\"@type\":\"WebSite\",\"@id\":\"https:\/\/svetslik.si\/de\/#website\",\"url\":\"https:\/\/svetslik.si\/de\/\",\"name\":\"SVETSLIK.SI\",\"description\":\"100% handgemalte Reproduktionen von Gem\u00e4lden ber\u00fchmter Maler und Gem\u00e4lde auf Leinwand.\",\"publisher\":{\"@id\":\"https:\/\/svetslik.si\/de\/#organization\"},\"potentialAction\":[{\"@type\":\"SearchAction\",\"target\":{\"@type\":\"EntryPoint\",\"urlTemplate\":\"https:\/\/svetslik.si\/de\/?s={search_term_string}\"},\"query-input\":{\"@type\":\"PropertyValueSpecification\",\"valueRequired\":true,\"valueName\":\"search_term_string\"}}],\"inLanguage\":\"de\"},{\"@type\":\"Organization\",\"@id\":\"https:\/\/svetslik.si\/de\/#organization\",\"name\":\"SvetSlik.si\",\"url\":\"https:\/\/svetslik.si\/de\/\",\"logo\":{\"@type\":\"ImageObject\",\"inLanguage\":\"de\",\"@id\":\"https:\/\/svetslik.si\/de\/#\/schema\/logo\/image\/\",\"url\":\"https:\/\/svetslik.si\/wp-content\/uploads\/2020\/12\/logo-512.png\",\"contentUrl\":\"https:\/\/svetslik.si\/wp-content\/uploads\/2020\/12\/logo-512.png\",\"width\":512,\"height\":512,\"caption\":\"SvetSlik.si\"},\"image\":{\"@id\":\"https:\/\/svetslik.si\/de\/#\/schema\/logo\/image\/\"},\"sameAs\":[\"https:\/\/www.facebook.com\/svetslik.si\",\"https:\/\/x.com\/svetslik\",\"https:\/\/www.instagram.com\/svetslik.si\/\",\"https:\/\/www.linkedin.com\/company\/svetslik-si\"]}]}<\/script>\n<meta property=\"og:availability\" content=\"backorder\" \/>\n<meta property=\"product:availability\" content=\"available for order\" \/>\n<meta property=\"product:retailer_item_id\" content=\"43__\" \/>\n<meta property=\"product:condition\" content=\"new\" \/>\n<!-- \/ Yoast SEO Premium plugin. -->","yoast_head_json":{"title":"Vincent van Gogh - Autumn Landscape with Four Trees - SVETSLIK.SI - 100% handgemalt","description":"Vincent van Gogh - Autumn Landscape with Four Trees - 100% handgemalte Gem\u00e4lde - Verkauf von Reproduktionen ber\u00fchmter Gem\u00e4lde und abstrakter Kunst - Wandbilder f\u00fcr das Wohnzimmer","robots":{"index":"index","follow":"follow","max-snippet":"max-snippet:-1","max-image-preview":"max-image-preview:large","max-video-preview":"max-video-preview:-1"},"canonical":"https:\/\/svetslik.si\/de\/vincent-van-gogh-de\/autumn-landscape-with-four-trees\/","og_locale":"de_DE","og_type":"article","og_title":"Vincent van Gogh - Autumn Landscape with Four Trees","og_description":"100% ro\u010dno naslikane slike na platnu, reprodukcije znanih slikarjev in umetni\u0161ke slike po naro\u010dilu.","og_url":"https:\/\/svetslik.si\/de\/vincent-van-gogh-de\/autumn-landscape-with-four-trees\/","og_site_name":"SVETSLIK.SI","article_publisher":"https:\/\/www.facebook.com\/svetslik.si","article_modified_time":"2024-07-11T11:57:02+00:00","og_image":[{"width":2237,"height":1759,"url":"https:\/\/svetslik.si\/wp-content\/uploads\/2021\/08\/image_Autumn-Landscape-with-Four-Trees-Vincent-van-Gogh_680.jpg","type":"image\/jpeg"}],"twitter_card":"summary_large_image","twitter_site":"@svetslik","twitter_misc":{"Verf\u00fcgbarkeit":"bei Nachbestellung"},"schema":{"@context":"https:\/\/schema.org","@graph":[{"@type":["WebPage","ItemPage"],"@id":"https:\/\/svetslik.si\/de\/vincent-van-gogh-de\/autumn-landscape-with-four-trees\/","url":"https:\/\/svetslik.si\/de\/vincent-van-gogh-de\/autumn-landscape-with-four-trees\/","name":"Vincent van Gogh - Autumn Landscape with Four Trees - SVETSLIK.SI - 100% handgemalt","isPartOf":{"@id":"https:\/\/svetslik.si\/de\/#website"},"primaryImageOfPage":{"@id":"https:\/\/svetslik.si\/de\/vincent-van-gogh-de\/autumn-landscape-with-four-trees\/#primaryimage"},"image":{"@id":"https:\/\/svetslik.si\/de\/vincent-van-gogh-de\/autumn-landscape-with-four-trees\/#primaryimage"},"thumbnailUrl":"https:\/\/svetslik.si\/wp-content\/uploads\/2021\/08\/image_Autumn-Landscape-with-Four-Trees-Vincent-van-Gogh_680.jpg","datePublished":"2021-09-02T15:42:24+00:00","dateModified":"2024-07-11T11:57:02+00:00","description":"Vincent van Gogh - Autumn Landscape with Four Trees - 100% handgemalte Gem\u00e4lde - Verkauf von Reproduktionen ber\u00fchmter Gem\u00e4lde und abstrakter Kunst - Wandbilder f\u00fcr das Wohnzimmer","breadcrumb":{"@id":"https:\/\/svetslik.si\/de\/vincent-van-gogh-de\/autumn-landscape-with-four-trees\/#breadcrumb"},"inLanguage":"de","potentialAction":[{"@type":"ReadAction","target":["https:\/\/svetslik.si\/de\/vincent-van-gogh-de\/autumn-landscape-with-four-trees\/"]}]},{"@type":"ImageObject","inLanguage":"de","@id":"https:\/\/svetslik.si\/de\/vincent-van-gogh-de\/autumn-landscape-with-four-trees\/#primaryimage","url":"https:\/\/svetslik.si\/wp-content\/uploads\/2021\/08\/image_Autumn-Landscape-with-Four-Trees-Vincent-van-Gogh_680.jpg","contentUrl":"https:\/\/svetslik.si\/wp-content\/uploads\/2021\/08\/image_Autumn-Landscape-with-Four-Trees-Vincent-van-Gogh_680.jpg","width":2237,"height":1759,"caption":"Vincent Van Gogh - Autumn Landscape with Four Trees - Herbstlandschaft mit vier B\u00e4umen, Gem\u00e4lde, Leinwandbilder - 100% handgemalte, Reproduktionen ber\u00fchmter Gem\u00e4lde, Gem\u00e4lde kaufen, Wandbilder Wohnzimmer, ber\u00fchmtes Gem\u00e4lde, \u00d6lgem\u00e4lde, Bilderrahmen"},{"@type":"BreadcrumbList","@id":"https:\/\/svetslik.si\/de\/vincent-van-gogh-de\/autumn-landscape-with-four-trees\/#breadcrumb","itemListElement":[{"@type":"ListItem","position":1,"name":"Wandkunst und Gem\u00e4lde auf Leinwand","item":"https:\/\/svetslik.si\/de\/"},{"@type":"ListItem","position":2,"name":"Verkauf von Gem\u00e4lden","item":"https:\/\/svetslik.si\/prodaja-slik\/"},{"@type":"ListItem","position":3,"name":"Vincent van Gogh &#8211; Autumn Landscape with Four Trees"}]},{"@type":"WebSite","@id":"https:\/\/svetslik.si\/de\/#website","url":"https:\/\/svetslik.si\/de\/","name":"SVETSLIK.SI","description":"100% handgemalte Reproduktionen von Gem\u00e4lden ber\u00fchmter Maler und Gem\u00e4lde auf Leinwand.","publisher":{"@id":"https:\/\/svetslik.si\/de\/#organization"},"potentialAction":[{"@type":"SearchAction","target":{"@type":"EntryPoint","urlTemplate":"https:\/\/svetslik.si\/de\/?s={search_term_string}"},"query-input":{"@type":"PropertyValueSpecification","valueRequired":true,"valueName":"search_term_string"}}],"inLanguage":"de"},{"@type":"Organization","@id":"https:\/\/svetslik.si\/de\/#organization","name":"SvetSlik.si","url":"https:\/\/svetslik.si\/de\/","logo":{"@type":"ImageObject","inLanguage":"de","@id":"https:\/\/svetslik.si\/de\/#\/schema\/logo\/image\/","url":"https:\/\/svetslik.si\/wp-content\/uploads\/2020\/12\/logo-512.png","contentUrl":"https:\/\/svetslik.si\/wp-content\/uploads\/2020\/12\/logo-512.png","width":512,"height":512,"caption":"SvetSlik.si"},"image":{"@id":"https:\/\/svetslik.si\/de\/#\/schema\/logo\/image\/"},"sameAs":["https:\/\/www.facebook.com\/svetslik.si","https:\/\/x.com\/svetslik","https:\/\/www.instagram.com\/svetslik.si\/","https:\/\/www.linkedin.com\/company\/svetslik-si"]}]},"og_availability":"backorder","product_availability":"available for order","product_retailer_item_id":"43__","product_condition":"new"},"jetpack_sharing_enabled":true,"_links":{"self":[{"href":"https:\/\/svetslik.si\/de\/wp-json\/wp\/v2\/product\/66083","targetHints":{"allow":["GET"]}}],"collection":[{"href":"https:\/\/svetslik.si\/de\/wp-json\/wp\/v2\/product"}],"about":[{"href":"https:\/\/svetslik.si\/de\/wp-json\/wp\/v2\/types\/product"}],"wp:featuredmedia":[{"embeddable":true,"href":"https:\/\/svetslik.si\/de\/wp-json\/wp\/v2\/media\/63387"}],"wp:attachment":[{"href":"https:\/\/svetslik.si\/de\/wp-json\/wp\/v2\/media?parent=66083"}],"wp:term":[{"taxonomy":"product_brand","embeddable":true,"href":"https:\/\/svetslik.si\/de\/wp-json\/wp\/v2\/product_brand?post=66083"},{"taxonomy":"product_cat","embeddable":true,"href":"https:\/\/svetslik.si\/de\/wp-json\/wp\/v2\/product_cat?post=66083"},{"taxonomy":"product_tag","embeddable":true,"href":"https:\/\/svetslik.si\/de\/wp-json\/wp\/v2\/product_tag?post=66083"}],"curies":[{"name":"wp","href":"https:\/\/api.w.org\/{rel}","templated":true}]}}