{"id":66125,"date":"2021-09-02T17:42:32","date_gmt":"2021-09-02T15:42:32","guid":{"rendered":"https:\/\/svetslik.si\/unkategorisiert\/impression-sunrise\/"},"modified":"2024-07-04T16:30:20","modified_gmt":"2024-07-04T14:30:20","slug":"impression-sunrise","status":"publish","type":"product","link":"https:\/\/svetslik.si\/de\/claude-monet-de\/impression-sunrise\/","title":{"rendered":"Claude Monet &#8211; Impression Sunrise"},"content":{"rendered":"<div class=\"wpb-content-wrapper\">[vc_row][vc_column][vc_column_text]\n<h1>Claude Monet \u2013 Impression Sonnenaufgang<\/h1>\n<p>&nbsp;<\/p>\n<p>&nbsp;<\/p>\n<table style=\"width: 632px;\" border=\"0\" width=\"632\" cellpadding=\"0\">\n<tbody>\n<tr>\n<td style=\"width: 180px; height: 21px;\" height=\"21\">Erstellungsjahr:<\/td>\n<td style=\"width: 452px;\">1872<\/td>\n<\/tr>\n<tr>\n<td style=\"width: 180px; height: 21px;\" height=\"21\">Originalgr\u00f6\u00dfe:<\/td>\n<td style=\"width: 452px;\">63 cm x 48 cm<\/td>\n<\/tr>\n<tr>\n<td style=\"width: 180px; height: 21px;\" height=\"21\">Lackstil:<\/td>\n<td style=\"width: 452px;\">Impressionismus<\/td>\n<\/tr>\n<tr>\n<td style=\"width: 180px; height: 21px;\" height=\"21\">Originaltechnik:<\/td>\n<td>\u00d6l auf Leinwand<\/td>\n<\/tr>\n<tr>\n<td style=\"width: 180px; height: 21px;\" height=\"21\">Standort:<\/td>\n<td style=\"width: 452px;\">Museum Marmottan, Paris<\/td>\n<\/tr>\n<\/tbody>\n<colgroup>\n<col \/>\n<col \/> <\/colgroup>\n<\/table>\n<p>\u00d6l auf Leinwand <em>Impression Sunrise<\/em> ist ein typisches Beispiel f\u00fcr den damals neuen Malstil, den Impressionismus. Auf diesem Gem\u00e4lde stellte Monet den Hafen von Le Havre in Frankreich dar. <em>Impression<\/em><em>Sonnenaufgang<\/em> ist ein wichtiges Gem\u00e4lde, da die Impressionismus-Bewegung nach ihm benannt ist.<\/p>\n<p>Das \u00d6lgem\u00e4lde zeigt einen Blick auf den Sonnenaufgang \u00fcber dem Hafen von Havre durch den Nebel. Geradlinige Pinselstriche zeigen einen verschwommenen Hintergrund im Morgennebel und mehrfarbige Farben verleihen dem Wasser einen endlosen Glanz. Es zeigt wirklich den visuellen Eindruck, den der Maler durch das Licht und die Farbe der franz\u00f6sischen Hafenstadt bei Sonnenaufgang erh\u00e4lt. Als Kritiker sprengte er die Fesseln traditioneller Malmethoden und entlieh sich den Titel dieses Gem\u00e4ldes, um sich \u00fcber die Gruppe junger Maler lustig zu machen, die Monet repr\u00e4sentierte und die Innovation und Kreativit\u00e4t als \u201eImpressionismus\u201c forderten, wie diese Malschule genannt wurde. Das Gem\u00e4lde wurde auf der 1. Gemeinschaftsausstellung der Impressionisten ausgestellt, die am 25. M\u00e4rz 1874 er\u00f6ffnet wurde, und dieses Werk ist das typischste von Monets Gem\u00e4lden.<\/p>\n<p>Autor: Claude Monet (1840\u20131926), ein franz\u00f6sischer Impressionist, ist ein typischer Maler des Umgebungslichts und vollendet die meisten seiner Werke vor Ort. Um die Ver\u00e4nderungen des Sonnenlichts zu studieren, malte er dieselbe Szene mehrmals, beispielsweise in seinen Serien \u201eThe Haystacks\u201c und \u201eChurch\u201c. W\u00e4hrend des Deutsch-Franz\u00f6sischen Krieges fl\u00fcchtete er in die Niederlande und studierte japanische Ukiyo-e-Drucke, was zu einer Ver\u00e4nderung seines Malstils f\u00fchrte. In seiner sp\u00e4teren Schaffensperiode fertigte er riesige Schriftrollen mit \u201eSeerosen\u201c an, die zum gr\u00f6\u00dften Meisterwerk der impressionistischen Landschaftsmalerei wurden.<\/p>\n<p>&nbsp;<\/p>\n[\/vc_column_text][\/vc_column][\/vc_row][vc_row css=&#8221;.vc_custom_1680541229682{margin-bottom: 10px !important;}&#8221;][vc_column]\t<div class=\"et-image-326 et-image     et_image_link\">\n\t\t<div class=\"et-image-inner \">\n\t\t\t\t\t\t\t<div class=\"et-image-thumb \">\n\t\t\t\t\t<img decoding=\"async\" width=\"2560\" height=\"1996\" src=\"https:\/\/svetslik.si\/wp-content\/uploads\/2021\/09\/claude-monet-Impression-sunrise-scaled.jpg\" class=\"attachment-full\" alt=\"Claude Monet - Impression, Sonnenaufgang (Impression Sunrise) - Gem\u00e4lde, Leinwandbilder\" title=\"Claude Monet - Impression, Sonnenaufgang (Impression Sunrise) - Gem\u00e4lde, Leinwandbilder\" srcset=\"https:\/\/svetslik.si\/wp-content\/uploads\/2021\/09\/claude-monet-Impression-sunrise-scaled.jpg 2560w, https:\/\/svetslik.si\/wp-content\/uploads\/2021\/09\/claude-monet-Impression-sunrise-scaled-600x468.jpg 600w, https:\/\/svetslik.si\/wp-content\/uploads\/2021\/09\/claude-monet-Impression-sunrise-scaled-1200x936.jpg 1200w, https:\/\/svetslik.si\/wp-content\/uploads\/2021\/09\/claude-monet-Impression-sunrise-300x234.jpg 300w, https:\/\/svetslik.si\/wp-content\/uploads\/2021\/09\/claude-monet-Impression-sunrise-1024x798.jpg 1024w, https:\/\/svetslik.si\/wp-content\/uploads\/2021\/09\/claude-monet-Impression-sunrise-768x599.jpg 768w, https:\/\/svetslik.si\/wp-content\/uploads\/2021\/09\/claude-monet-Impression-sunrise-1536x1198.jpg 1536w, https:\/\/svetslik.si\/wp-content\/uploads\/2021\/09\/claude-monet-Impression-sunrise-2048x1597.jpg 2048w, https:\/\/svetslik.si\/wp-content\/uploads\/2021\/09\/claude-monet-Impression-sunrise-15x12.jpg 15w, https:\/\/svetslik.si\/wp-content\/uploads\/2021\/09\/claude-monet-Impression-sunrise-150x117.jpg 150w\" sizes=\"(max-width: 2560px) 100vw, 2560px\" \/>\t\t\t\t<\/div>\n\t\t\t\t\t\t\t\t\t\t\t<\/div>\n\t<\/div>\n  [\/vc_column][\/vc_row][vc_row css=&#8221;.vc_custom_1680541229682{margin-bottom: 10px !important;}&#8221;][vc_column]\t<div class=\"et-image-900 et-image     et_image_link\">\n\t\t<div class=\"et-image-inner \">\n\t\t\t\t\t\t\t<div class=\"et-image-thumb \">\n\t\t\t\t\t<img decoding=\"async\" width=\"1808\" height=\"2108\" src=\"https:\/\/svetslik.si\/wp-content\/uploads\/2021\/09\/claude-monet-Impression-sunrise-1.jpg\" class=\"attachment-full\" alt=\"Claude Monet - Impression, Sonnenaufgang (Impression Sunrise) - Gem\u00e4lde, Leinwandbilder\" title=\"Claude Monet - Impression, Sonnenaufgang (Impression Sunrise) - Gem\u00e4lde, Leinwandbilder\" srcset=\"https:\/\/svetslik.si\/wp-content\/uploads\/2021\/09\/claude-monet-Impression-sunrise-1.jpg 1808w, https:\/\/svetslik.si\/wp-content\/uploads\/2021\/09\/claude-monet-Impression-sunrise-1-600x700.jpg 600w, https:\/\/svetslik.si\/wp-content\/uploads\/2021\/09\/claude-monet-Impression-sunrise-1-1200x1399.jpg 1200w, https:\/\/svetslik.si\/wp-content\/uploads\/2021\/09\/claude-monet-Impression-sunrise-1-257x300.jpg 257w, https:\/\/svetslik.si\/wp-content\/uploads\/2021\/09\/claude-monet-Impression-sunrise-1-878x1024.jpg 878w, https:\/\/svetslik.si\/wp-content\/uploads\/2021\/09\/claude-monet-Impression-sunrise-1-768x895.jpg 768w, https:\/\/svetslik.si\/wp-content\/uploads\/2021\/09\/claude-monet-Impression-sunrise-1-1317x1536.jpg 1317w, https:\/\/svetslik.si\/wp-content\/uploads\/2021\/09\/claude-monet-Impression-sunrise-1-1757x2048.jpg 1757w, https:\/\/svetslik.si\/wp-content\/uploads\/2021\/09\/claude-monet-Impression-sunrise-1-10x12.jpg 10w, https:\/\/svetslik.si\/wp-content\/uploads\/2021\/09\/claude-monet-Impression-sunrise-1-129x150.jpg 129w\" sizes=\"(max-width: 1808px) 100vw, 1808px\" \/>\t\t\t\t<\/div>\n\t\t\t\t\t\t\t\t\t\t\t<\/div>\n\t<\/div>\n  [\/vc_column][\/vc_row][vc_row css=&#8221;.vc_custom_1680541229682{margin-bottom: 10px !important;}&#8221;][vc_column]\t<div class=\"et-image-125 et-image     et_image_link\">\n\t\t<div class=\"et-image-inner \">\n\t\t\t\t\t\t\t<div class=\"et-image-thumb \">\n\t\t\t\t\t<img decoding=\"async\" width=\"2560\" height=\"1441\" src=\"https:\/\/svetslik.si\/wp-content\/uploads\/2021\/09\/claude-monet-Impression-sunrise-2-scaled.jpg\" class=\"attachment-full\" alt=\"Claude Monet - Impression, Sonnenaufgang (Impression Sunrise) - Gem\u00e4lde, Leinwandbilder\" title=\"Claude Monet - Impression, Sonnenaufgang (Impression Sunrise) - Gem\u00e4lde, Leinwandbilder\" srcset=\"https:\/\/svetslik.si\/wp-content\/uploads\/2021\/09\/claude-monet-Impression-sunrise-2-scaled.jpg 2560w, https:\/\/svetslik.si\/wp-content\/uploads\/2021\/09\/claude-monet-Impression-sunrise-2-scaled-600x338.jpg 600w, https:\/\/svetslik.si\/wp-content\/uploads\/2021\/09\/claude-monet-Impression-sunrise-2-scaled-1200x675.jpg 1200w, https:\/\/svetslik.si\/wp-content\/uploads\/2021\/09\/claude-monet-Impression-sunrise-2-300x169.jpg 300w, https:\/\/svetslik.si\/wp-content\/uploads\/2021\/09\/claude-monet-Impression-sunrise-2-1024x577.jpg 1024w, https:\/\/svetslik.si\/wp-content\/uploads\/2021\/09\/claude-monet-Impression-sunrise-2-768x432.jpg 768w, https:\/\/svetslik.si\/wp-content\/uploads\/2021\/09\/claude-monet-Impression-sunrise-2-1536x865.jpg 1536w, https:\/\/svetslik.si\/wp-content\/uploads\/2021\/09\/claude-monet-Impression-sunrise-2-2048x1153.jpg 2048w, https:\/\/svetslik.si\/wp-content\/uploads\/2021\/09\/claude-monet-Impression-sunrise-2-18x10.jpg 18w, https:\/\/svetslik.si\/wp-content\/uploads\/2021\/09\/claude-monet-Impression-sunrise-2-150x84.jpg 150w\" sizes=\"(max-width: 2560px) 100vw, 2560px\" \/>\t\t\t\t<\/div>\n\t\t\t\t\t\t\t\t\t\t\t<\/div>\n\t<\/div>\n  [\/vc_column][\/vc_row][vc_row css=&#8221;.vc_custom_1680541229682{margin-bottom: 10px !important;}&#8221;][vc_column]\t<div class=\"et-image-318 et-image     et_image_link\">\n\t\t<div class=\"et-image-inner \">\n\t\t\t\t\t\t\t<div class=\"et-image-thumb \">\n\t\t\t\t\t<img decoding=\"async\" width=\"2560\" height=\"1441\" src=\"https:\/\/svetslik.si\/wp-content\/uploads\/2021\/09\/claude-monet-Impression-sunrise-3-scaled.jpg\" class=\"attachment-full\" alt=\"Claude Monet - Impression, Sonnenaufgang (Impression Sunrise) - Gem\u00e4lde, Leinwandbilder\" title=\"Claude Monet - Impression, Sonnenaufgang (Impression Sunrise) - Gem\u00e4lde, Leinwandbilder\" srcset=\"https:\/\/svetslik.si\/wp-content\/uploads\/2021\/09\/claude-monet-Impression-sunrise-3-scaled.jpg 2560w, https:\/\/svetslik.si\/wp-content\/uploads\/2021\/09\/claude-monet-Impression-sunrise-3-scaled-600x338.jpg 600w, https:\/\/svetslik.si\/wp-content\/uploads\/2021\/09\/claude-monet-Impression-sunrise-3-scaled-1200x675.jpg 1200w, https:\/\/svetslik.si\/wp-content\/uploads\/2021\/09\/claude-monet-Impression-sunrise-3-300x169.jpg 300w, https:\/\/svetslik.si\/wp-content\/uploads\/2021\/09\/claude-monet-Impression-sunrise-3-1024x577.jpg 1024w, https:\/\/svetslik.si\/wp-content\/uploads\/2021\/09\/claude-monet-Impression-sunrise-3-768x432.jpg 768w, https:\/\/svetslik.si\/wp-content\/uploads\/2021\/09\/claude-monet-Impression-sunrise-3-1536x865.jpg 1536w, https:\/\/svetslik.si\/wp-content\/uploads\/2021\/09\/claude-monet-Impression-sunrise-3-2048x1153.jpg 2048w, https:\/\/svetslik.si\/wp-content\/uploads\/2021\/09\/claude-monet-Impression-sunrise-3-18x10.jpg 18w, https:\/\/svetslik.si\/wp-content\/uploads\/2021\/09\/claude-monet-Impression-sunrise-3-150x84.jpg 150w\" sizes=\"(max-width: 2560px) 100vw, 2560px\" \/>\t\t\t\t<\/div>\n\t\t\t\t\t\t\t\t\t\t\t<\/div>\n\t<\/div>\n  [\/vc_column][\/vc_row]\n<\/div>","protected":false},"excerpt":{"rendered":"<p>[vc_row][vc_column][vc_column_text] Claude Monet \u2013 Impression Sonnenaufgang &nbsp; &nbsp; Erstellungsjahr: 1872 Originalgr\u00f6\u00dfe: 63 cm x 48 cm Lackstil: Impressionismus Originaltechnik: \u00d6l auf Leinwand Standort: Museum Marmottan, Paris \u00d6l auf Leinwand Impression Sunrise ist ein typisches Beispiel f\u00fcr den damals neuen Malstil, den Impressionismus. Auf diesem Gem\u00e4lde stellte Monet den Hafen von [&hellip;]<\/p>\n","protected":false},"featured_media":64361,"template":"","meta":{"_acf_changed":false},"product_brand":[],"product_cat":[8456],"product_tag":[8521,8501,8513,8514],"class_list":{"0":"post-66125","1":"product","2":"type-product","3":"status-publish","4":"has-post-thumbnail","6":"product_cat-claude-monet-de","7":"product_tag-maler","8":"product_tag-monet-de","9":"product_tag-reproduktion","10":"product_tag-reproduktionen","11":"pa_dimenzija-120-x-90-cm","12":"pa_dimenzija-150-x-110-cm","13":"pa_dimenzija-40-x-30-cm","14":"pa_dimenzija-50-x-40-cm","15":"pa_dimenzija-63-x-48-cm","16":"pa_dimenzija-70-x-50-cm","17":"pa_dimenzija-80-x-60-cm","18":"pa_dimenzija-90-x-70-cm","19":"pa_oblika-horizontal-de","20":"pa_okvir-ohne-rahmen","21":"pa_podokvir-ja","22":"pa_podokvir-nein","24":"first","25":"onbackorder","26":"purchasable","27":"product-type-variable","28":"has-default-attributes"},"acf":[],"yoast_head":"<!-- This site is optimized with the Yoast SEO Premium plugin v26.0 (Yoast SEO v27.2) - https:\/\/yoast.com\/product\/yoast-seo-premium-wordpress\/ -->\n<title>Claude Monet - Impression Sunrise - SVETSLIK.SI - 100% handgemalt<\/title>\n<meta name=\"description\" content=\"Claude Monet - Impression Sunrise - 100% handgemalte Gem\u00e4lde - Verkauf von Reproduktionen ber\u00fchmter Gem\u00e4lde und abstrakter Kunst - Wandbilder f\u00fcr das Wohnzimmer\" \/>\n<meta name=\"robots\" content=\"index, follow, max-snippet:-1, max-image-preview:large, max-video-preview:-1\" \/>\n<link rel=\"canonical\" href=\"https:\/\/svetslik.si\/de\/claude-monet-de\/impression-sunrise\/\" \/>\n<meta property=\"og:locale\" content=\"de_DE\" \/>\n<meta property=\"og:type\" content=\"article\" \/>\n<meta property=\"og:title\" content=\"Claude Monet - Impression Sunrise\" \/>\n<meta property=\"og:description\" content=\"100% ro\u010dno naslikane slike na platnu, reprodukcije znanih slikarjev in umetni\u0161ke slike po naro\u010dilu.\" \/>\n<meta property=\"og:url\" content=\"https:\/\/svetslik.si\/de\/claude-monet-de\/impression-sunrise\/\" \/>\n<meta property=\"og:site_name\" content=\"SVETSLIK.SI\" \/>\n<meta property=\"article:publisher\" content=\"https:\/\/www.facebook.com\/svetslik.si\" \/>\n<meta property=\"article:modified_time\" content=\"2024-07-04T14:30:20+00:00\" \/>\n<meta property=\"og:image\" content=\"https:\/\/svetslik.si\/wp-content\/uploads\/2021\/09\/Monet_-_Impression_Sunrise-scaled.jpg\" \/>\n\t<meta property=\"og:image:width\" content=\"2560\" \/>\n\t<meta property=\"og:image:height\" content=\"1986\" \/>\n\t<meta property=\"og:image:type\" content=\"image\/jpeg\" \/>\n<meta name=\"twitter:card\" content=\"summary_large_image\" \/>\n<meta name=\"twitter:site\" content=\"@svetslik\" \/>\n<meta name=\"twitter:label1\" content=\"Verf\u00fcgbarkeit\" \/>\n\t<meta name=\"twitter:data1\" content=\"bei Nachbestellung\" \/>\n<script type=\"application\/ld+json\" class=\"yoast-schema-graph\">{\"@context\":\"https:\/\/schema.org\",\"@graph\":[{\"@type\":[\"WebPage\",\"ItemPage\"],\"@id\":\"https:\/\/svetslik.si\/de\/claude-monet-de\/impression-sunrise\/\",\"url\":\"https:\/\/svetslik.si\/de\/claude-monet-de\/impression-sunrise\/\",\"name\":\"Claude Monet - Impression Sunrise - SVETSLIK.SI - 100% handgemalt\",\"isPartOf\":{\"@id\":\"https:\/\/svetslik.si\/de\/#website\"},\"primaryImageOfPage\":{\"@id\":\"https:\/\/svetslik.si\/de\/claude-monet-de\/impression-sunrise\/#primaryimage\"},\"image\":{\"@id\":\"https:\/\/svetslik.si\/de\/claude-monet-de\/impression-sunrise\/#primaryimage\"},\"thumbnailUrl\":\"https:\/\/svetslik.si\/wp-content\/uploads\/2021\/09\/Monet_-_Impression_Sunrise-scaled.jpg\",\"datePublished\":\"2021-09-02T15:42:32+00:00\",\"dateModified\":\"2024-07-04T14:30:20+00:00\",\"description\":\"Claude Monet - Impression Sunrise - 100% handgemalte Gem\u00e4lde - Verkauf von Reproduktionen ber\u00fchmter Gem\u00e4lde und abstrakter Kunst - Wandbilder f\u00fcr das Wohnzimmer\",\"breadcrumb\":{\"@id\":\"https:\/\/svetslik.si\/de\/claude-monet-de\/impression-sunrise\/#breadcrumb\"},\"inLanguage\":\"de\",\"potentialAction\":[{\"@type\":\"ReadAction\",\"target\":[\"https:\/\/svetslik.si\/de\/claude-monet-de\/impression-sunrise\/\"]}]},{\"@type\":\"ImageObject\",\"inLanguage\":\"de\",\"@id\":\"https:\/\/svetslik.si\/de\/claude-monet-de\/impression-sunrise\/#primaryimage\",\"url\":\"https:\/\/svetslik.si\/wp-content\/uploads\/2021\/09\/Monet_-_Impression_Sunrise-scaled.jpg\",\"contentUrl\":\"https:\/\/svetslik.si\/wp-content\/uploads\/2021\/09\/Monet_-_Impression_Sunrise-scaled.jpg\",\"width\":2560,\"height\":1986,\"caption\":\"Monet - Impression, Sunrise (Monet - Impression, Sonnenaufgang) Gemalde, leinwandbilder\"},{\"@type\":\"BreadcrumbList\",\"@id\":\"https:\/\/svetslik.si\/de\/claude-monet-de\/impression-sunrise\/#breadcrumb\",\"itemListElement\":[{\"@type\":\"ListItem\",\"position\":1,\"name\":\"Wandkunst und Gem\u00e4lde auf Leinwand\",\"item\":\"https:\/\/svetslik.si\/de\/\"},{\"@type\":\"ListItem\",\"position\":2,\"name\":\"Verkauf von Gem\u00e4lden\",\"item\":\"https:\/\/svetslik.si\/prodaja-slik\/\"},{\"@type\":\"ListItem\",\"position\":3,\"name\":\"Claude Monet &#8211; Impression Sunrise\"}]},{\"@type\":\"WebSite\",\"@id\":\"https:\/\/svetslik.si\/de\/#website\",\"url\":\"https:\/\/svetslik.si\/de\/\",\"name\":\"SVETSLIK.SI\",\"description\":\"100% handgemalte Reproduktionen von Gem\u00e4lden ber\u00fchmter Maler und Gem\u00e4lde auf Leinwand.\",\"publisher\":{\"@id\":\"https:\/\/svetslik.si\/de\/#organization\"},\"potentialAction\":[{\"@type\":\"SearchAction\",\"target\":{\"@type\":\"EntryPoint\",\"urlTemplate\":\"https:\/\/svetslik.si\/de\/?s={search_term_string}\"},\"query-input\":{\"@type\":\"PropertyValueSpecification\",\"valueRequired\":true,\"valueName\":\"search_term_string\"}}],\"inLanguage\":\"de\"},{\"@type\":\"Organization\",\"@id\":\"https:\/\/svetslik.si\/de\/#organization\",\"name\":\"SvetSlik.si\",\"url\":\"https:\/\/svetslik.si\/de\/\",\"logo\":{\"@type\":\"ImageObject\",\"inLanguage\":\"de\",\"@id\":\"https:\/\/svetslik.si\/de\/#\/schema\/logo\/image\/\",\"url\":\"https:\/\/svetslik.si\/wp-content\/uploads\/2020\/12\/logo-512.png\",\"contentUrl\":\"https:\/\/svetslik.si\/wp-content\/uploads\/2020\/12\/logo-512.png\",\"width\":512,\"height\":512,\"caption\":\"SvetSlik.si\"},\"image\":{\"@id\":\"https:\/\/svetslik.si\/de\/#\/schema\/logo\/image\/\"},\"sameAs\":[\"https:\/\/www.facebook.com\/svetslik.si\",\"https:\/\/x.com\/svetslik\",\"https:\/\/www.instagram.com\/svetslik.si\/\",\"https:\/\/www.linkedin.com\/company\/svetslik-si\"]}]}<\/script>\n<meta property=\"og:availability\" content=\"backorder\" \/>\n<meta property=\"product:availability\" content=\"available for order\" \/>\n<meta property=\"product:retailer_item_id\" content=\"49__\" \/>\n<meta property=\"product:condition\" content=\"new\" \/>\n<!-- \/ Yoast SEO Premium plugin. -->","yoast_head_json":{"title":"Claude Monet - Impression Sunrise - SVETSLIK.SI - 100% handgemalt","description":"Claude Monet - Impression Sunrise - 100% handgemalte Gem\u00e4lde - Verkauf von Reproduktionen ber\u00fchmter Gem\u00e4lde und abstrakter Kunst - Wandbilder f\u00fcr das Wohnzimmer","robots":{"index":"index","follow":"follow","max-snippet":"max-snippet:-1","max-image-preview":"max-image-preview:large","max-video-preview":"max-video-preview:-1"},"canonical":"https:\/\/svetslik.si\/de\/claude-monet-de\/impression-sunrise\/","og_locale":"de_DE","og_type":"article","og_title":"Claude Monet - Impression Sunrise","og_description":"100% ro\u010dno naslikane slike na platnu, reprodukcije znanih slikarjev in umetni\u0161ke slike po naro\u010dilu.","og_url":"https:\/\/svetslik.si\/de\/claude-monet-de\/impression-sunrise\/","og_site_name":"SVETSLIK.SI","article_publisher":"https:\/\/www.facebook.com\/svetslik.si","article_modified_time":"2024-07-04T14:30:20+00:00","og_image":[{"width":2560,"height":1986,"url":"https:\/\/svetslik.si\/wp-content\/uploads\/2021\/09\/Monet_-_Impression_Sunrise-scaled.jpg","type":"image\/jpeg"}],"twitter_card":"summary_large_image","twitter_site":"@svetslik","twitter_misc":{"Verf\u00fcgbarkeit":"bei Nachbestellung"},"schema":{"@context":"https:\/\/schema.org","@graph":[{"@type":["WebPage","ItemPage"],"@id":"https:\/\/svetslik.si\/de\/claude-monet-de\/impression-sunrise\/","url":"https:\/\/svetslik.si\/de\/claude-monet-de\/impression-sunrise\/","name":"Claude Monet - Impression Sunrise - SVETSLIK.SI - 100% handgemalt","isPartOf":{"@id":"https:\/\/svetslik.si\/de\/#website"},"primaryImageOfPage":{"@id":"https:\/\/svetslik.si\/de\/claude-monet-de\/impression-sunrise\/#primaryimage"},"image":{"@id":"https:\/\/svetslik.si\/de\/claude-monet-de\/impression-sunrise\/#primaryimage"},"thumbnailUrl":"https:\/\/svetslik.si\/wp-content\/uploads\/2021\/09\/Monet_-_Impression_Sunrise-scaled.jpg","datePublished":"2021-09-02T15:42:32+00:00","dateModified":"2024-07-04T14:30:20+00:00","description":"Claude Monet - Impression Sunrise - 100% handgemalte Gem\u00e4lde - Verkauf von Reproduktionen ber\u00fchmter Gem\u00e4lde und abstrakter Kunst - Wandbilder f\u00fcr das Wohnzimmer","breadcrumb":{"@id":"https:\/\/svetslik.si\/de\/claude-monet-de\/impression-sunrise\/#breadcrumb"},"inLanguage":"de","potentialAction":[{"@type":"ReadAction","target":["https:\/\/svetslik.si\/de\/claude-monet-de\/impression-sunrise\/"]}]},{"@type":"ImageObject","inLanguage":"de","@id":"https:\/\/svetslik.si\/de\/claude-monet-de\/impression-sunrise\/#primaryimage","url":"https:\/\/svetslik.si\/wp-content\/uploads\/2021\/09\/Monet_-_Impression_Sunrise-scaled.jpg","contentUrl":"https:\/\/svetslik.si\/wp-content\/uploads\/2021\/09\/Monet_-_Impression_Sunrise-scaled.jpg","width":2560,"height":1986,"caption":"Monet - Impression, Sunrise (Monet - Impression, Sonnenaufgang) Gemalde, leinwandbilder"},{"@type":"BreadcrumbList","@id":"https:\/\/svetslik.si\/de\/claude-monet-de\/impression-sunrise\/#breadcrumb","itemListElement":[{"@type":"ListItem","position":1,"name":"Wandkunst und Gem\u00e4lde auf Leinwand","item":"https:\/\/svetslik.si\/de\/"},{"@type":"ListItem","position":2,"name":"Verkauf von Gem\u00e4lden","item":"https:\/\/svetslik.si\/prodaja-slik\/"},{"@type":"ListItem","position":3,"name":"Claude Monet &#8211; Impression Sunrise"}]},{"@type":"WebSite","@id":"https:\/\/svetslik.si\/de\/#website","url":"https:\/\/svetslik.si\/de\/","name":"SVETSLIK.SI","description":"100% handgemalte Reproduktionen von Gem\u00e4lden ber\u00fchmter Maler und Gem\u00e4lde auf Leinwand.","publisher":{"@id":"https:\/\/svetslik.si\/de\/#organization"},"potentialAction":[{"@type":"SearchAction","target":{"@type":"EntryPoint","urlTemplate":"https:\/\/svetslik.si\/de\/?s={search_term_string}"},"query-input":{"@type":"PropertyValueSpecification","valueRequired":true,"valueName":"search_term_string"}}],"inLanguage":"de"},{"@type":"Organization","@id":"https:\/\/svetslik.si\/de\/#organization","name":"SvetSlik.si","url":"https:\/\/svetslik.si\/de\/","logo":{"@type":"ImageObject","inLanguage":"de","@id":"https:\/\/svetslik.si\/de\/#\/schema\/logo\/image\/","url":"https:\/\/svetslik.si\/wp-content\/uploads\/2020\/12\/logo-512.png","contentUrl":"https:\/\/svetslik.si\/wp-content\/uploads\/2020\/12\/logo-512.png","width":512,"height":512,"caption":"SvetSlik.si"},"image":{"@id":"https:\/\/svetslik.si\/de\/#\/schema\/logo\/image\/"},"sameAs":["https:\/\/www.facebook.com\/svetslik.si","https:\/\/x.com\/svetslik","https:\/\/www.instagram.com\/svetslik.si\/","https:\/\/www.linkedin.com\/company\/svetslik-si"]}]},"og_availability":"backorder","product_availability":"available for order","product_retailer_item_id":"49__","product_condition":"new"},"jetpack_sharing_enabled":true,"_links":{"self":[{"href":"https:\/\/svetslik.si\/de\/wp-json\/wp\/v2\/product\/66125","targetHints":{"allow":["GET"]}}],"collection":[{"href":"https:\/\/svetslik.si\/de\/wp-json\/wp\/v2\/product"}],"about":[{"href":"https:\/\/svetslik.si\/de\/wp-json\/wp\/v2\/types\/product"}],"wp:featuredmedia":[{"embeddable":true,"href":"https:\/\/svetslik.si\/de\/wp-json\/wp\/v2\/media\/64361"}],"wp:attachment":[{"href":"https:\/\/svetslik.si\/de\/wp-json\/wp\/v2\/media?parent=66125"}],"wp:term":[{"taxonomy":"product_brand","embeddable":true,"href":"https:\/\/svetslik.si\/de\/wp-json\/wp\/v2\/product_brand?post=66125"},{"taxonomy":"product_cat","embeddable":true,"href":"https:\/\/svetslik.si\/de\/wp-json\/wp\/v2\/product_cat?post=66125"},{"taxonomy":"product_tag","embeddable":true,"href":"https:\/\/svetslik.si\/de\/wp-json\/wp\/v2\/product_tag?post=66125"}],"curies":[{"name":"wp","href":"https:\/\/api.w.org\/{rel}","templated":true}]}}