{"id":66201,"date":"2021-09-02T17:42:48","date_gmt":"2021-09-02T15:42:48","guid":{"rendered":"https:\/\/svetslik.si\/unkategorisiert\/tiger-in-a-tropical-storm\/"},"modified":"2026-02-13T22:43:09","modified_gmt":"2026-02-13T21:43:09","slug":"tiger-in-a-tropical-storm","status":"publish","type":"product","link":"https:\/\/svetslik.si\/de\/henri-rousseau-de\/tiger-in-a-tropical-storm\/","title":{"rendered":"Henri Rousseau &#8211; Tiger\u00a0in\u00a0a\u00a0Tropical\u00a0Storm"},"content":{"rendered":"<h1>Henri Rousseau \u2013 Der Tiger und ein tropischer Sturm<\/h1>\n<p>\n&nbsp;<\/p>\n<table border=\"0\" cellpadding=\"0\" style=\"width: 673px\" width=\"673\">\n<tbody>\n<tr>\n<td height=\"21\" style=\"width: 180px;height: 21px\">\nJahr der Erstellung:<\/td>\n<td style=\"width: 493px\">\n1891<\/td>\n<\/tr>\n<tr>\n<td height=\"21\" style=\"width: 180px;height: 21px\">\nOriginalgr\u00f6\u00dfe:<\/td>\n<td style=\"width: 493px\">\n162 cm x 130 cm<\/td>\n<\/tr>\n<tr>\n<td height=\"21\" style=\"width: 180px;height: 21px\">\nMalstil:<\/td>\n<td style=\"width: 493px\">\nPostimpressionismus<\/td>\n<\/tr>\n<tr>\n<td height=\"21\" style=\"width: 180px;height: 21px\">\nOriginaltechnik:<\/td>\n<td>\n\u00d6l auf Leinwand<\/td>\n<\/tr>\n<tr>\n<td height=\"21\" style=\"width: 180px;height: 21px\">\nGefunden:<\/td>\n<td>\nDie National Gallery, London<\/td>\n<\/tr>\n<\/tbody>\n<colgroup>\n<\/colgroup>\n<\/table>\n<p>\nDas Gem\u00e4lde <em>Tiger in a Tropical Storm<\/em> war Rousseaus erstes Gem\u00e4lde in einer Serie von Dschungelbildern. Auf dem Gem\u00e4lde hat der K\u00fcnstler einen Tiger w\u00e4hrend eines Sturms dargestellt, wobei im Hintergrund des Gem\u00e4ldes Blitze hervorstechen. Ein Tiger bereitet sich w\u00e4hrend eines heftigen Regengusses auf einen Angriff vor.<\/p>\n","protected":false},"excerpt":{"rendered":"<p>Henri Rousseau \u2013 Der Tiger und ein tropischer Sturm &nbsp; Jahr der Erstellung: 1891 Originalgr\u00f6\u00dfe: 162 cm x 130 cm Malstil: Postimpressionismus Originaltechnik: \u00d6l auf Leinwand Gefunden: Die National Gallery, London Das Gem\u00e4lde Tiger in a Tropical Storm war Rousseaus erstes Gem\u00e4lde in einer Serie von Dschungelbildern. Auf dem Gem\u00e4lde [&hellip;]<\/p>\n","protected":false},"featured_media":64241,"template":"","meta":{"_acf_changed":false},"product_brand":[],"product_cat":[8462],"product_tag":[8521,8513,8514,8517],"class_list":{"0":"post-66201","1":"product","2":"type-product","3":"status-publish","4":"has-post-thumbnail","6":"product_cat-henri-rousseau-de","7":"product_tag-maler","8":"product_tag-reproduktion","9":"product_tag-reproduktionen","10":"product_tag-rousseau-de","11":"pa_dimenzija-100-x-80-cm-de","12":"pa_dimenzija-120-x-100-cm-de","13":"pa_dimenzija-140-x-110-cm-de","14":"pa_dimenzija-162-x-130-cm-de","15":"pa_dimenzija-180-x-140-cm-de","16":"pa_dimenzija-200-x-160-cm-de","17":"pa_dimenzija-70-x-60-cm-de","18":"pa_dimenzija-90-x-70-cm-de","19":"pa_oblika-horizontal-de","20":"pa_okvir-ohne-rahmen","21":"pa_podokvir-ja","22":"pa_podokvir-nein","24":"first","25":"onbackorder","26":"purchasable","27":"product-type-variable","28":"has-default-attributes"},"acf":[],"yoast_head":"<!-- This site is optimized with the Yoast SEO Premium plugin v26.0 (Yoast SEO v27.2) - https:\/\/yoast.com\/product\/yoast-seo-premium-wordpress\/ -->\n<title>Henri Rousseau - Tiger\u00a0in\u00a0a\u00a0Tropical\u00a0Storm - SVETSLIK.SI - 100% handgemalt<\/title>\n<meta name=\"description\" content=\"Henri Rousseau - Tiger\u00a0in\u00a0a\u00a0Tropical\u00a0Storm - 100% handgemalte Gem\u00e4lde - Verkauf von Reproduktionen ber\u00fchmter Gem\u00e4lde und abstrakter Kunst - Wandbilder f\u00fcr das Wohnzimmer\" \/>\n<meta name=\"robots\" content=\"index, follow, max-snippet:-1, max-image-preview:large, max-video-preview:-1\" \/>\n<link rel=\"canonical\" href=\"https:\/\/svetslik.si\/de\/henri-rousseau-de\/tiger-in-a-tropical-storm\/\" \/>\n<meta property=\"og:locale\" content=\"de_DE\" \/>\n<meta property=\"og:type\" content=\"article\" \/>\n<meta property=\"og:title\" content=\"Henri Rousseau - Tiger\u00a0in\u00a0a\u00a0Tropical\u00a0Storm\" \/>\n<meta property=\"og:description\" content=\"100% ro\u010dno naslikane slike na platnu, reprodukcije znanih slikarjev in umetni\u0161ke slike po naro\u010dilu.\" \/>\n<meta property=\"og:url\" content=\"https:\/\/svetslik.si\/de\/henri-rousseau-de\/tiger-in-a-tropical-storm\/\" \/>\n<meta property=\"og:site_name\" content=\"SVETSLIK.SI\" \/>\n<meta property=\"article:publisher\" content=\"https:\/\/www.facebook.com\/svetslik.si\" \/>\n<meta property=\"article:modified_time\" content=\"2026-02-13T21:43:09+00:00\" \/>\n<meta property=\"og:image\" content=\"https:\/\/svetslik.si\/wp-content\/uploads\/2021\/08\/image_Tiger-in-a-Tropical-Storm-Henri-Rousseau_680-scaled.jpg\" \/>\n\t<meta property=\"og:image:width\" content=\"2560\" \/>\n\t<meta property=\"og:image:height\" content=\"2045\" \/>\n\t<meta property=\"og:image:type\" content=\"image\/jpeg\" \/>\n<meta name=\"twitter:card\" content=\"summary_large_image\" \/>\n<meta name=\"twitter:site\" content=\"@svetslik\" \/>\n<meta name=\"twitter:label1\" content=\"Verf\u00fcgbarkeit\" \/>\n\t<meta name=\"twitter:data1\" content=\"bei Nachbestellung\" \/>\n<script type=\"application\/ld+json\" class=\"yoast-schema-graph\">{\"@context\":\"https:\/\/schema.org\",\"@graph\":[{\"@type\":[\"WebPage\",\"ItemPage\"],\"@id\":\"https:\/\/svetslik.si\/de\/henri-rousseau-de\/tiger-in-a-tropical-storm\/\",\"url\":\"https:\/\/svetslik.si\/de\/henri-rousseau-de\/tiger-in-a-tropical-storm\/\",\"name\":\"Henri Rousseau - Tiger\u00a0in\u00a0a\u00a0Tropical\u00a0Storm - SVETSLIK.SI - 100% handgemalt\",\"isPartOf\":{\"@id\":\"https:\/\/svetslik.si\/de\/#website\"},\"primaryImageOfPage\":{\"@id\":\"https:\/\/svetslik.si\/de\/henri-rousseau-de\/tiger-in-a-tropical-storm\/#primaryimage\"},\"image\":{\"@id\":\"https:\/\/svetslik.si\/de\/henri-rousseau-de\/tiger-in-a-tropical-storm\/#primaryimage\"},\"thumbnailUrl\":\"https:\/\/svetslik.si\/wp-content\/uploads\/2021\/08\/image_Tiger-in-a-Tropical-Storm-Henri-Rousseau_680-scaled.jpg\",\"datePublished\":\"2021-09-02T15:42:48+00:00\",\"dateModified\":\"2026-02-13T21:43:09+00:00\",\"description\":\"Henri Rousseau - Tiger\u00a0in\u00a0a\u00a0Tropical\u00a0Storm - 100% handgemalte Gem\u00e4lde - Verkauf von Reproduktionen ber\u00fchmter Gem\u00e4lde und abstrakter Kunst - Wandbilder f\u00fcr das Wohnzimmer\",\"breadcrumb\":{\"@id\":\"https:\/\/svetslik.si\/de\/henri-rousseau-de\/tiger-in-a-tropical-storm\/#breadcrumb\"},\"inLanguage\":\"de\",\"potentialAction\":[{\"@type\":\"ReadAction\",\"target\":[\"https:\/\/svetslik.si\/de\/henri-rousseau-de\/tiger-in-a-tropical-storm\/\"]}]},{\"@type\":\"ImageObject\",\"inLanguage\":\"de\",\"@id\":\"https:\/\/svetslik.si\/de\/henri-rousseau-de\/tiger-in-a-tropical-storm\/#primaryimage\",\"url\":\"https:\/\/svetslik.si\/wp-content\/uploads\/2021\/08\/image_Tiger-in-a-Tropical-Storm-Henri-Rousseau_680-scaled.jpg\",\"contentUrl\":\"https:\/\/svetslik.si\/wp-content\/uploads\/2021\/08\/image_Tiger-in-a-Tropical-Storm-Henri-Rousseau_680-scaled.jpg\",\"width\":2560,\"height\":2045,\"caption\":\"Henri Rousseau - Tiger in a Tropical Storm (Tiger im tropischen Sturm) - Gem\u00e4lde, Leinwandbilder, Reproduktion - 100% handgemalte, Reproduktionen ber\u00fchmter Gem\u00e4lde, Gem\u00e4lde kaufen, Wandbilder Wohnzimmer, ber\u00fchmtes Gem\u00e4lde, \u00d6lgem\u00e4lde, Bilderrahmen\"},{\"@type\":\"BreadcrumbList\",\"@id\":\"https:\/\/svetslik.si\/de\/henri-rousseau-de\/tiger-in-a-tropical-storm\/#breadcrumb\",\"itemListElement\":[{\"@type\":\"ListItem\",\"position\":1,\"name\":\"Wandkunst und Gem\u00e4lde auf Leinwand\",\"item\":\"https:\/\/svetslik.si\/de\/\"},{\"@type\":\"ListItem\",\"position\":2,\"name\":\"Verkauf von Gem\u00e4lden\",\"item\":\"https:\/\/svetslik.si\/prodaja-slik\/\"},{\"@type\":\"ListItem\",\"position\":3,\"name\":\"Henri Rousseau &#8211; Tiger\u00a0in\u00a0a\u00a0Tropical\u00a0Storm\"}]},{\"@type\":\"WebSite\",\"@id\":\"https:\/\/svetslik.si\/de\/#website\",\"url\":\"https:\/\/svetslik.si\/de\/\",\"name\":\"SVETSLIK.SI\",\"description\":\"100% handgemalte Reproduktionen von Gem\u00e4lden ber\u00fchmter Maler und Gem\u00e4lde auf Leinwand.\",\"publisher\":{\"@id\":\"https:\/\/svetslik.si\/de\/#organization\"},\"potentialAction\":[{\"@type\":\"SearchAction\",\"target\":{\"@type\":\"EntryPoint\",\"urlTemplate\":\"https:\/\/svetslik.si\/de\/?s={search_term_string}\"},\"query-input\":{\"@type\":\"PropertyValueSpecification\",\"valueRequired\":true,\"valueName\":\"search_term_string\"}}],\"inLanguage\":\"de\"},{\"@type\":\"Organization\",\"@id\":\"https:\/\/svetslik.si\/de\/#organization\",\"name\":\"SvetSlik.si\",\"url\":\"https:\/\/svetslik.si\/de\/\",\"logo\":{\"@type\":\"ImageObject\",\"inLanguage\":\"de\",\"@id\":\"https:\/\/svetslik.si\/de\/#\/schema\/logo\/image\/\",\"url\":\"https:\/\/svetslik.si\/wp-content\/uploads\/2020\/12\/logo-512.png\",\"contentUrl\":\"https:\/\/svetslik.si\/wp-content\/uploads\/2020\/12\/logo-512.png\",\"width\":512,\"height\":512,\"caption\":\"SvetSlik.si\"},\"image\":{\"@id\":\"https:\/\/svetslik.si\/de\/#\/schema\/logo\/image\/\"},\"sameAs\":[\"https:\/\/www.facebook.com\/svetslik.si\",\"https:\/\/x.com\/svetslik\",\"https:\/\/www.instagram.com\/svetslik.si\/\",\"https:\/\/www.linkedin.com\/company\/svetslik-si\"]}]}<\/script>\n<meta property=\"og:availability\" content=\"backorder\" \/>\n<meta property=\"product:availability\" content=\"available for order\" \/>\n<meta property=\"product:retailer_item_id\" content=\"58__\" \/>\n<meta property=\"product:condition\" content=\"new\" \/>\n<!-- \/ Yoast SEO Premium plugin. -->","yoast_head_json":{"title":"Henri Rousseau - Tiger\u00a0in\u00a0a\u00a0Tropical\u00a0Storm - SVETSLIK.SI - 100% handgemalt","description":"Henri Rousseau - Tiger\u00a0in\u00a0a\u00a0Tropical\u00a0Storm - 100% handgemalte Gem\u00e4lde - Verkauf von Reproduktionen ber\u00fchmter Gem\u00e4lde und abstrakter Kunst - Wandbilder f\u00fcr das Wohnzimmer","robots":{"index":"index","follow":"follow","max-snippet":"max-snippet:-1","max-image-preview":"max-image-preview:large","max-video-preview":"max-video-preview:-1"},"canonical":"https:\/\/svetslik.si\/de\/henri-rousseau-de\/tiger-in-a-tropical-storm\/","og_locale":"de_DE","og_type":"article","og_title":"Henri Rousseau - Tiger\u00a0in\u00a0a\u00a0Tropical\u00a0Storm","og_description":"100% ro\u010dno naslikane slike na platnu, reprodukcije znanih slikarjev in umetni\u0161ke slike po naro\u010dilu.","og_url":"https:\/\/svetslik.si\/de\/henri-rousseau-de\/tiger-in-a-tropical-storm\/","og_site_name":"SVETSLIK.SI","article_publisher":"https:\/\/www.facebook.com\/svetslik.si","article_modified_time":"2026-02-13T21:43:09+00:00","og_image":[{"width":2560,"height":2045,"url":"https:\/\/svetslik.si\/wp-content\/uploads\/2021\/08\/image_Tiger-in-a-Tropical-Storm-Henri-Rousseau_680-scaled.jpg","type":"image\/jpeg"}],"twitter_card":"summary_large_image","twitter_site":"@svetslik","twitter_misc":{"Verf\u00fcgbarkeit":"bei Nachbestellung"},"schema":{"@context":"https:\/\/schema.org","@graph":[{"@type":["WebPage","ItemPage"],"@id":"https:\/\/svetslik.si\/de\/henri-rousseau-de\/tiger-in-a-tropical-storm\/","url":"https:\/\/svetslik.si\/de\/henri-rousseau-de\/tiger-in-a-tropical-storm\/","name":"Henri Rousseau - Tiger\u00a0in\u00a0a\u00a0Tropical\u00a0Storm - SVETSLIK.SI - 100% handgemalt","isPartOf":{"@id":"https:\/\/svetslik.si\/de\/#website"},"primaryImageOfPage":{"@id":"https:\/\/svetslik.si\/de\/henri-rousseau-de\/tiger-in-a-tropical-storm\/#primaryimage"},"image":{"@id":"https:\/\/svetslik.si\/de\/henri-rousseau-de\/tiger-in-a-tropical-storm\/#primaryimage"},"thumbnailUrl":"https:\/\/svetslik.si\/wp-content\/uploads\/2021\/08\/image_Tiger-in-a-Tropical-Storm-Henri-Rousseau_680-scaled.jpg","datePublished":"2021-09-02T15:42:48+00:00","dateModified":"2026-02-13T21:43:09+00:00","description":"Henri Rousseau - Tiger\u00a0in\u00a0a\u00a0Tropical\u00a0Storm - 100% handgemalte Gem\u00e4lde - Verkauf von Reproduktionen ber\u00fchmter Gem\u00e4lde und abstrakter Kunst - Wandbilder f\u00fcr das Wohnzimmer","breadcrumb":{"@id":"https:\/\/svetslik.si\/de\/henri-rousseau-de\/tiger-in-a-tropical-storm\/#breadcrumb"},"inLanguage":"de","potentialAction":[{"@type":"ReadAction","target":["https:\/\/svetslik.si\/de\/henri-rousseau-de\/tiger-in-a-tropical-storm\/"]}]},{"@type":"ImageObject","inLanguage":"de","@id":"https:\/\/svetslik.si\/de\/henri-rousseau-de\/tiger-in-a-tropical-storm\/#primaryimage","url":"https:\/\/svetslik.si\/wp-content\/uploads\/2021\/08\/image_Tiger-in-a-Tropical-Storm-Henri-Rousseau_680-scaled.jpg","contentUrl":"https:\/\/svetslik.si\/wp-content\/uploads\/2021\/08\/image_Tiger-in-a-Tropical-Storm-Henri-Rousseau_680-scaled.jpg","width":2560,"height":2045,"caption":"Henri Rousseau - Tiger in a Tropical Storm (Tiger im tropischen Sturm) - Gem\u00e4lde, Leinwandbilder, Reproduktion - 100% handgemalte, Reproduktionen ber\u00fchmter Gem\u00e4lde, Gem\u00e4lde kaufen, Wandbilder Wohnzimmer, ber\u00fchmtes Gem\u00e4lde, \u00d6lgem\u00e4lde, Bilderrahmen"},{"@type":"BreadcrumbList","@id":"https:\/\/svetslik.si\/de\/henri-rousseau-de\/tiger-in-a-tropical-storm\/#breadcrumb","itemListElement":[{"@type":"ListItem","position":1,"name":"Wandkunst und Gem\u00e4lde auf Leinwand","item":"https:\/\/svetslik.si\/de\/"},{"@type":"ListItem","position":2,"name":"Verkauf von Gem\u00e4lden","item":"https:\/\/svetslik.si\/prodaja-slik\/"},{"@type":"ListItem","position":3,"name":"Henri Rousseau &#8211; Tiger\u00a0in\u00a0a\u00a0Tropical\u00a0Storm"}]},{"@type":"WebSite","@id":"https:\/\/svetslik.si\/de\/#website","url":"https:\/\/svetslik.si\/de\/","name":"SVETSLIK.SI","description":"100% handgemalte Reproduktionen von Gem\u00e4lden ber\u00fchmter Maler und Gem\u00e4lde auf Leinwand.","publisher":{"@id":"https:\/\/svetslik.si\/de\/#organization"},"potentialAction":[{"@type":"SearchAction","target":{"@type":"EntryPoint","urlTemplate":"https:\/\/svetslik.si\/de\/?s={search_term_string}"},"query-input":{"@type":"PropertyValueSpecification","valueRequired":true,"valueName":"search_term_string"}}],"inLanguage":"de"},{"@type":"Organization","@id":"https:\/\/svetslik.si\/de\/#organization","name":"SvetSlik.si","url":"https:\/\/svetslik.si\/de\/","logo":{"@type":"ImageObject","inLanguage":"de","@id":"https:\/\/svetslik.si\/de\/#\/schema\/logo\/image\/","url":"https:\/\/svetslik.si\/wp-content\/uploads\/2020\/12\/logo-512.png","contentUrl":"https:\/\/svetslik.si\/wp-content\/uploads\/2020\/12\/logo-512.png","width":512,"height":512,"caption":"SvetSlik.si"},"image":{"@id":"https:\/\/svetslik.si\/de\/#\/schema\/logo\/image\/"},"sameAs":["https:\/\/www.facebook.com\/svetslik.si","https:\/\/x.com\/svetslik","https:\/\/www.instagram.com\/svetslik.si\/","https:\/\/www.linkedin.com\/company\/svetslik-si"]}]},"og_availability":"backorder","product_availability":"available for order","product_retailer_item_id":"58__","product_condition":"new"},"jetpack_sharing_enabled":true,"_links":{"self":[{"href":"https:\/\/svetslik.si\/de\/wp-json\/wp\/v2\/product\/66201","targetHints":{"allow":["GET"]}}],"collection":[{"href":"https:\/\/svetslik.si\/de\/wp-json\/wp\/v2\/product"}],"about":[{"href":"https:\/\/svetslik.si\/de\/wp-json\/wp\/v2\/types\/product"}],"wp:featuredmedia":[{"embeddable":true,"href":"https:\/\/svetslik.si\/de\/wp-json\/wp\/v2\/media\/64241"}],"wp:attachment":[{"href":"https:\/\/svetslik.si\/de\/wp-json\/wp\/v2\/media?parent=66201"}],"wp:term":[{"taxonomy":"product_brand","embeddable":true,"href":"https:\/\/svetslik.si\/de\/wp-json\/wp\/v2\/product_brand?post=66201"},{"taxonomy":"product_cat","embeddable":true,"href":"https:\/\/svetslik.si\/de\/wp-json\/wp\/v2\/product_cat?post=66201"},{"taxonomy":"product_tag","embeddable":true,"href":"https:\/\/svetslik.si\/de\/wp-json\/wp\/v2\/product_tag?post=66201"}],"curies":[{"name":"wp","href":"https:\/\/api.w.org\/{rel}","templated":true}]}}