{"id":66294,"date":"2021-09-02T17:43:10","date_gmt":"2021-09-02T15:43:10","guid":{"rendered":"https:\/\/svetslik.si\/unkategorisiert\/sunday-afternoon-on-the-island-of-la-grande-jatte\/"},"modified":"2024-07-04T16:31:00","modified_gmt":"2024-07-04T14:31:00","slug":"sunday-afternoon-on-the-island-of-la-grande-jatte","status":"publish","type":"product","link":"https:\/\/svetslik.si\/de\/georges-seurat-de\/sunday-afternoon-on-the-island-of-la-grande-jatte\/","title":{"rendered":"Georges Seurat &#8211; Sunday\u00a0Afternoon\u00a0on\u00a0the\u00a0Island\u00a0of\u00a0 la\u00a0Grande\u00a0Jatte"},"content":{"rendered":"<h1>Georger Seurat \u2013 Sonntagnachmittag auf der Insel La Grande Jatte<\/h1>\n<p>\n\u00a0<\/p>\n<table border=\"0\" cellpadding=\"0\" style=\"width: 673px\" width=\"673\">\n<tbody>\n<tr>\n<td height=\"21\" style=\"width: 180px;height: 21px\">\nJahr der Erstellung:<\/td>\n<td style=\"width: 493px\">\n1884-1886<\/td>\n<\/tr>\n<tr>\n<td height=\"21\" style=\"width: 180px;height: 21px\">\nOriginalgr\u00f6\u00dfe:<\/td>\n<td style=\"width: 493px\">\n308 cm x 207,6 cm<\/td>\n<\/tr>\n<tr>\n<td height=\"21\" style=\"width: 180px;height: 21px\">\nMalstil:<\/td>\n<td style=\"width: 493px\">\nPointillismus<\/td>\n<\/tr>\n<tr>\n<td height=\"21\" style=\"width: 180px;height: 21px\">\nOriginaltechnik:<\/td>\n<td>\n\u00d6l auf Leinwand<\/td>\n<\/tr>\n<tr>\n<td height=\"21\" style=\"width: 180px;height: 21px\">\nGefunden:<\/td>\n<td>\nArt Institute of Chicago, USA<\/td>\n<\/tr>\n<\/tbody>\n<colgroup>\n<\/colgroup>\n<\/table>\n<p>\n\u00a0<\/p>\n<div>\nAuf dem ber\u00fchmtesten Gem\u00e4lde des K\u00fcnstlers, <em>Ein Sonntagnachmittag auf der Insel La Grande Jatte<\/em>, sehen wir Punkte reiner Farbe, die mit mathematischer Pr\u00e4zision nebeneinander aufgetragen werden und dann in den richtigen Farbt\u00f6nen zum Leben erwachen menschliches Auge.\u00a0<\/div>\n<div>\n\u00a0<\/div>\n<div>\nSeurat schuf das \u00d6l auf Leinwand zwei Jahre lang und achtete dabei besonders auf die Landschaft des Parks. Dies ist die epische Darstellung des K\u00fcnstlers von Parisern, die in einem Moment der Entspannung am Ufer der Seine gefangen sind.<\/div>\n<div>\n\u00a0<\/div>\n","protected":false},"excerpt":{"rendered":"<p>Georger Seurat \u2013 Sonntagnachmittag auf der Insel La Grande Jatte \u00a0 Jahr der Erstellung: 1884-1886 Originalgr\u00f6\u00dfe: 308 cm x 207,6 cm Malstil: Pointillismus Originaltechnik: \u00d6l auf Leinwand Gefunden: Art Institute of Chicago, USA \u00a0 Auf dem ber\u00fchmtesten Gem\u00e4lde des K\u00fcnstlers, Ein Sonntagnachmittag auf der Insel La Grande Jatte, sehen wir [&hellip;]<\/p>\n","protected":false},"featured_media":64108,"template":"","meta":{"_acf_changed":false},"product_brand":[],"product_cat":[8459],"product_tag":[8521,8513,8514,8520],"class_list":{"0":"post-66294","1":"product","2":"type-product","3":"status-publish","4":"has-post-thumbnail","6":"product_cat-georges-seurat-de","7":"product_tag-maler","8":"product_tag-reproduktion","9":"product_tag-reproduktionen","10":"product_tag-seurat-de","11":"pa_dimenzija-100-x-70-cm","12":"pa_dimenzija-120-x-80-cm","13":"pa_dimenzija-140-x-95-cm","14":"pa_dimenzija-160-x-110-cm","15":"pa_dimenzija-180-x-120-cm","16":"pa_dimenzija-200-x-140-cm","17":"pa_dimenzija-250-x-170-cm","18":"pa_dimenzija-308-x-208-cm","19":"pa_oblika-horizontal-de","20":"pa_okvir-ohne-rahmen","21":"pa_podokvir-ja","22":"pa_podokvir-nein","24":"first","25":"onbackorder","26":"purchasable","27":"product-type-variable","28":"has-default-attributes"},"acf":[],"yoast_head":"<!-- This site is optimized with the Yoast SEO Premium plugin v26.0 (Yoast SEO v27.5) - https:\/\/yoast.com\/product\/yoast-seo-premium-wordpress\/ -->\n<title>Georges Seurat - Sunday\u00a0Afternoon\u00a0on\u00a0the\u00a0Island\u00a0of\u00a0 la\u00a0Grande\u00a0Jatte - SVETSLIK.SI - 100% handgemalt<\/title>\n<meta name=\"description\" content=\"Georges Seurat - Sunday\u00a0Afternoon\u00a0on\u00a0the\u00a0Island\u00a0of\u00a0 la\u00a0Grande\u00a0Jatte - 100% handgemalte Gem\u00e4lde - Verkauf von Reproduktionen ber\u00fchmter Gem\u00e4lde und abstrakter Kunst - Wandbilder f\u00fcr das Wohnzimmer\" \/>\n<meta name=\"robots\" content=\"index, follow, max-snippet:-1, max-image-preview:large, max-video-preview:-1\" \/>\n<link rel=\"canonical\" href=\"https:\/\/svetslik.si\/de\/georges-seurat-de\/sunday-afternoon-on-the-island-of-la-grande-jatte\/\" \/>\n<meta property=\"og:locale\" content=\"de_DE\" \/>\n<meta property=\"og:type\" content=\"article\" \/>\n<meta property=\"og:title\" content=\"Georges Seurat - Sunday\u00a0Afternoon\u00a0on\u00a0the\u00a0Island\u00a0of\u00a0 la\u00a0Grande\u00a0Jatte\" \/>\n<meta property=\"og:description\" content=\"100% ro\u010dno naslikane slike na platnu, reprodukcije znanih slikarjev in umetni\u0161ke slike po naro\u010dilu.\" \/>\n<meta property=\"og:url\" content=\"https:\/\/svetslik.si\/de\/georges-seurat-de\/sunday-afternoon-on-the-island-of-la-grande-jatte\/\" \/>\n<meta property=\"og:site_name\" content=\"SVETSLIK.SI\" \/>\n<meta property=\"article:publisher\" content=\"https:\/\/www.facebook.com\/svetslik.si\" \/>\n<meta property=\"article:modified_time\" content=\"2024-07-04T14:31:00+00:00\" \/>\n<meta property=\"og:image\" content=\"https:\/\/svetslik.si\/wp-content\/uploads\/2021\/08\/image_Sunday-Afternoon-on-the-Island-of-la-Grande-Jatte-Georges-Seurat_680-scaled.jpg\" \/>\n\t<meta property=\"og:image:width\" content=\"2560\" \/>\n\t<meta property=\"og:image:height\" content=\"1722\" \/>\n\t<meta property=\"og:image:type\" content=\"image\/jpeg\" \/>\n<meta name=\"twitter:card\" content=\"summary_large_image\" \/>\n<meta name=\"twitter:site\" content=\"@svetslik\" \/>\n<meta name=\"twitter:label1\" content=\"Verf\u00fcgbarkeit\" \/>\n\t<meta name=\"twitter:data1\" content=\"bei Nachbestellung\" \/>\n<script type=\"application\/ld+json\" class=\"yoast-schema-graph\">{\"@context\":\"https:\\\/\\\/schema.org\",\"@graph\":[{\"@type\":[\"WebPage\",\"ItemPage\"],\"@id\":\"https:\\\/\\\/svetslik.si\\\/de\\\/georges-seurat-de\\\/sunday-afternoon-on-the-island-of-la-grande-jatte\\\/\",\"url\":\"https:\\\/\\\/svetslik.si\\\/de\\\/georges-seurat-de\\\/sunday-afternoon-on-the-island-of-la-grande-jatte\\\/\",\"name\":\"Georges Seurat - Sunday\u00a0Afternoon\u00a0on\u00a0the\u00a0Island\u00a0of\u00a0 la\u00a0Grande\u00a0Jatte - SVETSLIK.SI - 100% handgemalt\",\"isPartOf\":{\"@id\":\"https:\\\/\\\/svetslik.si\\\/de\\\/#website\"},\"primaryImageOfPage\":{\"@id\":\"https:\\\/\\\/svetslik.si\\\/de\\\/georges-seurat-de\\\/sunday-afternoon-on-the-island-of-la-grande-jatte\\\/#primaryimage\"},\"image\":{\"@id\":\"https:\\\/\\\/svetslik.si\\\/de\\\/georges-seurat-de\\\/sunday-afternoon-on-the-island-of-la-grande-jatte\\\/#primaryimage\"},\"thumbnailUrl\":\"https:\\\/\\\/svetslik.si\\\/wp-content\\\/uploads\\\/2021\\\/08\\\/image_Sunday-Afternoon-on-the-Island-of-la-Grande-Jatte-Georges-Seurat_680-scaled.jpg\",\"datePublished\":\"2021-09-02T15:43:10+00:00\",\"dateModified\":\"2024-07-04T14:31:00+00:00\",\"description\":\"Georges Seurat - Sunday\u00a0Afternoon\u00a0on\u00a0the\u00a0Island\u00a0of\u00a0 la\u00a0Grande\u00a0Jatte - 100% handgemalte Gem\u00e4lde - Verkauf von Reproduktionen ber\u00fchmter Gem\u00e4lde und abstrakter Kunst - Wandbilder f\u00fcr das Wohnzimmer\",\"breadcrumb\":{\"@id\":\"https:\\\/\\\/svetslik.si\\\/de\\\/georges-seurat-de\\\/sunday-afternoon-on-the-island-of-la-grande-jatte\\\/#breadcrumb\"},\"inLanguage\":\"de\",\"potentialAction\":[{\"@type\":\"ReadAction\",\"target\":[\"https:\\\/\\\/svetslik.si\\\/de\\\/georges-seurat-de\\\/sunday-afternoon-on-the-island-of-la-grande-jatte\\\/\"]}]},{\"@type\":\"ImageObject\",\"inLanguage\":\"de\",\"@id\":\"https:\\\/\\\/svetslik.si\\\/de\\\/georges-seurat-de\\\/sunday-afternoon-on-the-island-of-la-grande-jatte\\\/#primaryimage\",\"url\":\"https:\\\/\\\/svetslik.si\\\/wp-content\\\/uploads\\\/2021\\\/08\\\/image_Sunday-Afternoon-on-the-Island-of-la-Grande-Jatte-Georges-Seurat_680-scaled.jpg\",\"contentUrl\":\"https:\\\/\\\/svetslik.si\\\/wp-content\\\/uploads\\\/2021\\\/08\\\/image_Sunday-Afternoon-on-the-Island-of-la-Grande-Jatte-Georges-Seurat_680-scaled.jpg\",\"width\":2560,\"height\":1722,\"caption\":\"Georges Seurat - Sunday Afternoon on the Island of La Grande Jatte (Sonntagnachmittag auf der Insel La Grande Jatte) - Gem\u00e4lde, Pointillismus, Freizeitszenen, soziale Interaktion - 100% handgemalte - Reproduktionen ber\u00fchmter Gem\u00e4lde - Gem\u00e4lde kaufen - Wandbilder Wohnzimmer - Ber\u00fchmtes Gem\u00e4lde - \u00d6lgem\u00e4lde - Bilderrahmen\"},{\"@type\":\"BreadcrumbList\",\"@id\":\"https:\\\/\\\/svetslik.si\\\/de\\\/georges-seurat-de\\\/sunday-afternoon-on-the-island-of-la-grande-jatte\\\/#breadcrumb\",\"itemListElement\":[{\"@type\":\"ListItem\",\"position\":1,\"name\":\"Wandkunst und Gem\u00e4lde auf Leinwand\",\"item\":\"https:\\\/\\\/svetslik.si\\\/de\\\/\"},{\"@type\":\"ListItem\",\"position\":2,\"name\":\"Verkauf von Gem\u00e4lden\",\"item\":\"https:\\\/\\\/svetslik.si\\\/prodaja-slik\\\/\"},{\"@type\":\"ListItem\",\"position\":3,\"name\":\"Georges Seurat &#8211; Sunday\u00a0Afternoon\u00a0on\u00a0the\u00a0Island\u00a0of\u00a0 la\u00a0Grande\u00a0Jatte\"}]},{\"@type\":\"WebSite\",\"@id\":\"https:\\\/\\\/svetslik.si\\\/de\\\/#website\",\"url\":\"https:\\\/\\\/svetslik.si\\\/de\\\/\",\"name\":\"SVETSLIK.SI\",\"description\":\"100% handgemalte Reproduktionen von Gem\u00e4lden ber\u00fchmter Maler und Gem\u00e4lde auf Leinwand.\",\"publisher\":{\"@id\":\"https:\\\/\\\/svetslik.si\\\/de\\\/#organization\"},\"potentialAction\":[{\"@type\":\"SearchAction\",\"target\":{\"@type\":\"EntryPoint\",\"urlTemplate\":\"https:\\\/\\\/svetslik.si\\\/de\\\/?s={search_term_string}\"},\"query-input\":{\"@type\":\"PropertyValueSpecification\",\"valueRequired\":true,\"valueName\":\"search_term_string\"}}],\"inLanguage\":\"de\"},{\"@type\":\"Organization\",\"@id\":\"https:\\\/\\\/svetslik.si\\\/de\\\/#organization\",\"name\":\"SvetSlik.si\",\"url\":\"https:\\\/\\\/svetslik.si\\\/de\\\/\",\"logo\":{\"@type\":\"ImageObject\",\"inLanguage\":\"de\",\"@id\":\"https:\\\/\\\/svetslik.si\\\/de\\\/#\\\/schema\\\/logo\\\/image\\\/\",\"url\":\"https:\\\/\\\/svetslik.si\\\/wp-content\\\/uploads\\\/2020\\\/12\\\/logo-512.png\",\"contentUrl\":\"https:\\\/\\\/svetslik.si\\\/wp-content\\\/uploads\\\/2020\\\/12\\\/logo-512.png\",\"width\":512,\"height\":512,\"caption\":\"SvetSlik.si\"},\"image\":{\"@id\":\"https:\\\/\\\/svetslik.si\\\/de\\\/#\\\/schema\\\/logo\\\/image\\\/\"},\"sameAs\":[\"https:\\\/\\\/www.facebook.com\\\/svetslik.si\",\"https:\\\/\\\/x.com\\\/svetslik\",\"https:\\\/\\\/www.instagram.com\\\/svetslik.si\\\/\",\"https:\\\/\\\/www.linkedin.com\\\/company\\\/svetslik-si\"]}]}<\/script>\n<meta property=\"og:availability\" content=\"backorder\" \/>\n<meta property=\"product:availability\" content=\"available for order\" \/>\n<meta property=\"product:retailer_item_id\" content=\"68__\" \/>\n<meta property=\"product:condition\" content=\"new\" \/>\n<!-- \/ Yoast SEO Premium plugin. -->","yoast_head_json":{"title":"Georges Seurat - Sunday\u00a0Afternoon\u00a0on\u00a0the\u00a0Island\u00a0of\u00a0 la\u00a0Grande\u00a0Jatte - SVETSLIK.SI - 100% handgemalt","description":"Georges Seurat - Sunday\u00a0Afternoon\u00a0on\u00a0the\u00a0Island\u00a0of\u00a0 la\u00a0Grande\u00a0Jatte - 100% handgemalte Gem\u00e4lde - Verkauf von Reproduktionen ber\u00fchmter Gem\u00e4lde und abstrakter Kunst - Wandbilder f\u00fcr das Wohnzimmer","robots":{"index":"index","follow":"follow","max-snippet":"max-snippet:-1","max-image-preview":"max-image-preview:large","max-video-preview":"max-video-preview:-1"},"canonical":"https:\/\/svetslik.si\/de\/georges-seurat-de\/sunday-afternoon-on-the-island-of-la-grande-jatte\/","og_locale":"de_DE","og_type":"article","og_title":"Georges Seurat - Sunday\u00a0Afternoon\u00a0on\u00a0the\u00a0Island\u00a0of\u00a0 la\u00a0Grande\u00a0Jatte","og_description":"100% ro\u010dno naslikane slike na platnu, reprodukcije znanih slikarjev in umetni\u0161ke slike po naro\u010dilu.","og_url":"https:\/\/svetslik.si\/de\/georges-seurat-de\/sunday-afternoon-on-the-island-of-la-grande-jatte\/","og_site_name":"SVETSLIK.SI","article_publisher":"https:\/\/www.facebook.com\/svetslik.si","article_modified_time":"2024-07-04T14:31:00+00:00","og_image":[{"width":2560,"height":1722,"url":"https:\/\/svetslik.si\/wp-content\/uploads\/2021\/08\/image_Sunday-Afternoon-on-the-Island-of-la-Grande-Jatte-Georges-Seurat_680-scaled.jpg","type":"image\/jpeg"}],"twitter_card":"summary_large_image","twitter_site":"@svetslik","twitter_misc":{"Verf\u00fcgbarkeit":"bei Nachbestellung"},"schema":{"@context":"https:\/\/schema.org","@graph":[{"@type":["WebPage","ItemPage"],"@id":"https:\/\/svetslik.si\/de\/georges-seurat-de\/sunday-afternoon-on-the-island-of-la-grande-jatte\/","url":"https:\/\/svetslik.si\/de\/georges-seurat-de\/sunday-afternoon-on-the-island-of-la-grande-jatte\/","name":"Georges Seurat - Sunday\u00a0Afternoon\u00a0on\u00a0the\u00a0Island\u00a0of\u00a0 la\u00a0Grande\u00a0Jatte - SVETSLIK.SI - 100% handgemalt","isPartOf":{"@id":"https:\/\/svetslik.si\/de\/#website"},"primaryImageOfPage":{"@id":"https:\/\/svetslik.si\/de\/georges-seurat-de\/sunday-afternoon-on-the-island-of-la-grande-jatte\/#primaryimage"},"image":{"@id":"https:\/\/svetslik.si\/de\/georges-seurat-de\/sunday-afternoon-on-the-island-of-la-grande-jatte\/#primaryimage"},"thumbnailUrl":"https:\/\/svetslik.si\/wp-content\/uploads\/2021\/08\/image_Sunday-Afternoon-on-the-Island-of-la-Grande-Jatte-Georges-Seurat_680-scaled.jpg","datePublished":"2021-09-02T15:43:10+00:00","dateModified":"2024-07-04T14:31:00+00:00","description":"Georges Seurat - Sunday\u00a0Afternoon\u00a0on\u00a0the\u00a0Island\u00a0of\u00a0 la\u00a0Grande\u00a0Jatte - 100% handgemalte Gem\u00e4lde - Verkauf von Reproduktionen ber\u00fchmter Gem\u00e4lde und abstrakter Kunst - Wandbilder f\u00fcr das Wohnzimmer","breadcrumb":{"@id":"https:\/\/svetslik.si\/de\/georges-seurat-de\/sunday-afternoon-on-the-island-of-la-grande-jatte\/#breadcrumb"},"inLanguage":"de","potentialAction":[{"@type":"ReadAction","target":["https:\/\/svetslik.si\/de\/georges-seurat-de\/sunday-afternoon-on-the-island-of-la-grande-jatte\/"]}]},{"@type":"ImageObject","inLanguage":"de","@id":"https:\/\/svetslik.si\/de\/georges-seurat-de\/sunday-afternoon-on-the-island-of-la-grande-jatte\/#primaryimage","url":"https:\/\/svetslik.si\/wp-content\/uploads\/2021\/08\/image_Sunday-Afternoon-on-the-Island-of-la-Grande-Jatte-Georges-Seurat_680-scaled.jpg","contentUrl":"https:\/\/svetslik.si\/wp-content\/uploads\/2021\/08\/image_Sunday-Afternoon-on-the-Island-of-la-Grande-Jatte-Georges-Seurat_680-scaled.jpg","width":2560,"height":1722,"caption":"Georges Seurat - Sunday Afternoon on the Island of La Grande Jatte (Sonntagnachmittag auf der Insel La Grande Jatte) - Gem\u00e4lde, Pointillismus, Freizeitszenen, soziale Interaktion - 100% handgemalte - Reproduktionen ber\u00fchmter Gem\u00e4lde - Gem\u00e4lde kaufen - Wandbilder Wohnzimmer - Ber\u00fchmtes Gem\u00e4lde - \u00d6lgem\u00e4lde - Bilderrahmen"},{"@type":"BreadcrumbList","@id":"https:\/\/svetslik.si\/de\/georges-seurat-de\/sunday-afternoon-on-the-island-of-la-grande-jatte\/#breadcrumb","itemListElement":[{"@type":"ListItem","position":1,"name":"Wandkunst und Gem\u00e4lde auf Leinwand","item":"https:\/\/svetslik.si\/de\/"},{"@type":"ListItem","position":2,"name":"Verkauf von Gem\u00e4lden","item":"https:\/\/svetslik.si\/prodaja-slik\/"},{"@type":"ListItem","position":3,"name":"Georges Seurat &#8211; Sunday\u00a0Afternoon\u00a0on\u00a0the\u00a0Island\u00a0of\u00a0 la\u00a0Grande\u00a0Jatte"}]},{"@type":"WebSite","@id":"https:\/\/svetslik.si\/de\/#website","url":"https:\/\/svetslik.si\/de\/","name":"SVETSLIK.SI","description":"100% handgemalte Reproduktionen von Gem\u00e4lden ber\u00fchmter Maler und Gem\u00e4lde auf Leinwand.","publisher":{"@id":"https:\/\/svetslik.si\/de\/#organization"},"potentialAction":[{"@type":"SearchAction","target":{"@type":"EntryPoint","urlTemplate":"https:\/\/svetslik.si\/de\/?s={search_term_string}"},"query-input":{"@type":"PropertyValueSpecification","valueRequired":true,"valueName":"search_term_string"}}],"inLanguage":"de"},{"@type":"Organization","@id":"https:\/\/svetslik.si\/de\/#organization","name":"SvetSlik.si","url":"https:\/\/svetslik.si\/de\/","logo":{"@type":"ImageObject","inLanguage":"de","@id":"https:\/\/svetslik.si\/de\/#\/schema\/logo\/image\/","url":"https:\/\/svetslik.si\/wp-content\/uploads\/2020\/12\/logo-512.png","contentUrl":"https:\/\/svetslik.si\/wp-content\/uploads\/2020\/12\/logo-512.png","width":512,"height":512,"caption":"SvetSlik.si"},"image":{"@id":"https:\/\/svetslik.si\/de\/#\/schema\/logo\/image\/"},"sameAs":["https:\/\/www.facebook.com\/svetslik.si","https:\/\/x.com\/svetslik","https:\/\/www.instagram.com\/svetslik.si\/","https:\/\/www.linkedin.com\/company\/svetslik-si"]}]},"og_availability":"backorder","product_availability":"available for order","product_retailer_item_id":"68__","product_condition":"new"},"jetpack_sharing_enabled":true,"_links":{"self":[{"href":"https:\/\/svetslik.si\/de\/wp-json\/wp\/v2\/product\/66294","targetHints":{"allow":["GET"]}}],"collection":[{"href":"https:\/\/svetslik.si\/de\/wp-json\/wp\/v2\/product"}],"about":[{"href":"https:\/\/svetslik.si\/de\/wp-json\/wp\/v2\/types\/product"}],"wp:featuredmedia":[{"embeddable":true,"href":"https:\/\/svetslik.si\/de\/wp-json\/wp\/v2\/media\/64108"}],"wp:attachment":[{"href":"https:\/\/svetslik.si\/de\/wp-json\/wp\/v2\/media?parent=66294"}],"wp:term":[{"taxonomy":"product_brand","embeddable":true,"href":"https:\/\/svetslik.si\/de\/wp-json\/wp\/v2\/product_brand?post=66294"},{"taxonomy":"product_cat","embeddable":true,"href":"https:\/\/svetslik.si\/de\/wp-json\/wp\/v2\/product_cat?post=66294"},{"taxonomy":"product_tag","embeddable":true,"href":"https:\/\/svetslik.si\/de\/wp-json\/wp\/v2\/product_tag?post=66294"}],"curies":[{"name":"wp","href":"https:\/\/api.w.org\/{rel}","templated":true}]}}