{"id":66357,"date":"2021-09-02T17:43:24","date_gmt":"2021-09-02T15:43:24","guid":{"rendered":"https:\/\/svetslik.si\/unkategorisiert\/head-of-a-man\/"},"modified":"2024-07-04T16:31:20","modified_gmt":"2024-07-04T14:31:20","slug":"head-of-a-man","status":"publish","type":"product","link":"https:\/\/svetslik.si\/de\/joan-miro-de\/head-of-a-man\/","title":{"rendered":"Joan Miro &#8211; Head of a Man"},"content":{"rendered":"<h1>Joan Miro \u2013 Kopf eines Mannes<\/h1>\n<p>\n&nbsp;<\/p>\n<table border=\"0\" cellpadding=\"0\" style=\"width: 673px\" width=\"673\">\n<tbody>\n<tr>\n<td height=\"21\" style=\"width: 180px;height: 21px\">\nJahr der Erstellung:<\/td>\n<td style=\"width: 493px\">\n<div>\n<div>\n<div>\n<div>\n<div>\n1935<\/div>\n<\/div>\n<\/div>\n<\/div>\n<\/div>\n<\/td>\n<\/tr>\n<tr>\n<td height=\"21\" style=\"width: 180px;height: 21px\">\nOriginalgr\u00f6\u00dfe:<\/td>\n<td>\n74,2 cm x 104,5 cm<\/td>\n<\/tr>\n<tr>\n<td height=\"21\" style=\"width: 180px;height: 21px\">\nMalstil:<\/td>\n<td>\nSurrealismus<\/td>\n<\/tr>\n<tr>\n<td height=\"21\" style=\"width: 180px;height: 21px\">\nOriginaltechnik:<\/td>\n<td>\n<div>\n<div>\n<div>\n<div>\n<div>\n\u00d6l auf Karton<\/div>\n<\/div>\n<\/div>\n<\/div>\n<\/div>\n<\/td>\n<\/tr>\n<tr>\n<td height=\"21\" style=\"width: 180px;height: 21px\">\nGefunden:<\/td>\n<td>\n<div>\n<div>\n<div>\n<div>\n<div>\nMus\u00e9e National d&#8217;Art Moderne, Paris&nbsp;<\/div>\n<\/div>\n<\/div>\n<\/div>\n<\/div>\n<\/td>\n<\/tr>\n<\/tbody>\n<colgroup>\n<\/colgroup>\n<\/table>\n","protected":false},"excerpt":{"rendered":"<p>Joan Miro \u2013 Kopf eines Mannes &nbsp; Jahr der Erstellung: 1935 Originalgr\u00f6\u00dfe: 74,2 cm x 104,5 cm Malstil: Surrealismus Originaltechnik: \u00d6l auf Karton Gefunden: Mus\u00e9e National d&#8217;Art Moderne, Paris&nbsp;<\/p>\n","protected":false},"featured_media":63662,"template":"","meta":{"_acf_changed":false},"product_brand":[],"product_cat":[8449],"product_tag":[8521,8498,8513,8514],"class_list":{"0":"post-66357","1":"product","2":"type-product","3":"status-publish","4":"has-post-thumbnail","6":"product_cat-joan-miro-de","7":"product_tag-maler","8":"product_tag-miro-de","9":"product_tag-reproduktion","10":"product_tag-reproduktionen","11":"pa_dimenzija-120-x-170-cm","12":"pa_dimenzija-150-x-220-cm","13":"pa_dimenzija-40-x-60-cm","14":"pa_dimenzija-50-x-70-cm","15":"pa_dimenzija-60-x-90-cm","16":"pa_dimenzija-74-x-104-cm","17":"pa_dimenzija-80-x-120-cm","18":"pa_dimenzija-90-x-130-cm","19":"pa_oblika-vertikal","20":"pa_okvir-ohne-rahmen","21":"pa_podokvir-ja","22":"pa_podokvir-nein","24":"first","25":"onbackorder","26":"purchasable","27":"product-type-variable","28":"has-default-attributes"},"acf":[],"yoast_head":"<!-- This site is optimized with the Yoast SEO Premium plugin v26.0 (Yoast SEO v27.2) - https:\/\/yoast.com\/product\/yoast-seo-premium-wordpress\/ -->\n<title>Joan Miro - Head of a Man - SVETSLIK.SI - 100% handgemalt<\/title>\n<meta name=\"description\" content=\"Joan Miro - Head of a Man - 100% handgemalte Gem\u00e4lde - Verkauf von Reproduktionen ber\u00fchmter Gem\u00e4lde und abstrakter Kunst - Wandbilder f\u00fcr das Wohnzimmer\" \/>\n<meta name=\"robots\" content=\"index, follow, max-snippet:-1, max-image-preview:large, max-video-preview:-1\" \/>\n<link rel=\"canonical\" href=\"https:\/\/svetslik.si\/de\/joan-miro-de\/head-of-a-man\/\" \/>\n<meta property=\"og:locale\" content=\"de_DE\" \/>\n<meta property=\"og:type\" content=\"article\" \/>\n<meta property=\"og:title\" content=\"Joan Miro - Head of a Man\" \/>\n<meta property=\"og:description\" content=\"100% ro\u010dno naslikane slike na platnu, reprodukcije znanih slikarjev in umetni\u0161ke slike po naro\u010dilu.\" \/>\n<meta property=\"og:url\" content=\"https:\/\/svetslik.si\/de\/joan-miro-de\/head-of-a-man\/\" \/>\n<meta property=\"og:site_name\" content=\"SVETSLIK.SI\" \/>\n<meta property=\"article:publisher\" content=\"https:\/\/www.facebook.com\/svetslik.si\" \/>\n<meta property=\"article:modified_time\" content=\"2024-07-04T14:31:20+00:00\" \/>\n<meta property=\"og:image\" content=\"https:\/\/svetslik.si\/wp-content\/uploads\/2021\/08\/image_Head-of-a-Man_680.jpg\" \/>\n\t<meta property=\"og:image:width\" content=\"481\" \/>\n\t<meta property=\"og:image:height\" content=\"680\" \/>\n\t<meta property=\"og:image:type\" content=\"image\/jpeg\" \/>\n<meta name=\"twitter:card\" content=\"summary_large_image\" \/>\n<meta name=\"twitter:site\" content=\"@svetslik\" \/>\n<meta name=\"twitter:label1\" content=\"Verf\u00fcgbarkeit\" \/>\n\t<meta name=\"twitter:data1\" content=\"bei Nachbestellung\" \/>\n<script type=\"application\/ld+json\" class=\"yoast-schema-graph\">{\"@context\":\"https:\/\/schema.org\",\"@graph\":[{\"@type\":[\"WebPage\",\"ItemPage\"],\"@id\":\"https:\/\/svetslik.si\/de\/joan-miro-de\/head-of-a-man\/\",\"url\":\"https:\/\/svetslik.si\/de\/joan-miro-de\/head-of-a-man\/\",\"name\":\"Joan Miro - Head of a Man - SVETSLIK.SI - 100% handgemalt\",\"isPartOf\":{\"@id\":\"https:\/\/svetslik.si\/de\/#website\"},\"primaryImageOfPage\":{\"@id\":\"https:\/\/svetslik.si\/de\/joan-miro-de\/head-of-a-man\/#primaryimage\"},\"image\":{\"@id\":\"https:\/\/svetslik.si\/de\/joan-miro-de\/head-of-a-man\/#primaryimage\"},\"thumbnailUrl\":\"https:\/\/svetslik.si\/wp-content\/uploads\/2021\/08\/image_Head-of-a-Man_680.jpg\",\"datePublished\":\"2021-09-02T15:43:24+00:00\",\"dateModified\":\"2024-07-04T14:31:20+00:00\",\"description\":\"Joan Miro - Head of a Man - 100% handgemalte Gem\u00e4lde - Verkauf von Reproduktionen ber\u00fchmter Gem\u00e4lde und abstrakter Kunst - Wandbilder f\u00fcr das Wohnzimmer\",\"breadcrumb\":{\"@id\":\"https:\/\/svetslik.si\/de\/joan-miro-de\/head-of-a-man\/#breadcrumb\"},\"inLanguage\":\"de\",\"potentialAction\":[{\"@type\":\"ReadAction\",\"target\":[\"https:\/\/svetslik.si\/de\/joan-miro-de\/head-of-a-man\/\"]}]},{\"@type\":\"ImageObject\",\"inLanguage\":\"de\",\"@id\":\"https:\/\/svetslik.si\/de\/joan-miro-de\/head-of-a-man\/#primaryimage\",\"url\":\"https:\/\/svetslik.si\/wp-content\/uploads\/2021\/08\/image_Head-of-a-Man_680.jpg\",\"contentUrl\":\"https:\/\/svetslik.si\/wp-content\/uploads\/2021\/08\/image_Head-of-a-Man_680.jpg\",\"width\":481,\"height\":680,\"caption\":\"Joan Miro - Head of a Man (Kopf eines Mannes) Gem\u00e4lde, Leinwandbilder, Reproduktion - Entdecken Sie die abstrakte Sch\u00f6nheit von Joan Miros \\\"Head of a Man\\\" mit hochwertigen Reproduktionen dieses faszinierenden Gem\u00e4ldes. Diese Leinwandbilder erfassen die einzigartigen Formen und Linien des Originalwerks und sind eine beeindruckende Erg\u00e4nzung f\u00fcr Ihr Zuhause oder Ihren Arbeitsplatz. Lassen Sie sich von der expressiven Kunst Joan Miros inspirieren und genie\u00dfen Sie die kraftvolle Ausstrahlung dieses Werks.\"},{\"@type\":\"BreadcrumbList\",\"@id\":\"https:\/\/svetslik.si\/de\/joan-miro-de\/head-of-a-man\/#breadcrumb\",\"itemListElement\":[{\"@type\":\"ListItem\",\"position\":1,\"name\":\"Wandkunst und Gem\u00e4lde auf Leinwand\",\"item\":\"https:\/\/svetslik.si\/de\/\"},{\"@type\":\"ListItem\",\"position\":2,\"name\":\"Verkauf von Gem\u00e4lden\",\"item\":\"https:\/\/svetslik.si\/prodaja-slik\/\"},{\"@type\":\"ListItem\",\"position\":3,\"name\":\"Joan Miro &#8211; Head of a Man\"}]},{\"@type\":\"WebSite\",\"@id\":\"https:\/\/svetslik.si\/de\/#website\",\"url\":\"https:\/\/svetslik.si\/de\/\",\"name\":\"SVETSLIK.SI\",\"description\":\"100% handgemalte Reproduktionen von Gem\u00e4lden ber\u00fchmter Maler und Gem\u00e4lde auf Leinwand.\",\"publisher\":{\"@id\":\"https:\/\/svetslik.si\/de\/#organization\"},\"potentialAction\":[{\"@type\":\"SearchAction\",\"target\":{\"@type\":\"EntryPoint\",\"urlTemplate\":\"https:\/\/svetslik.si\/de\/?s={search_term_string}\"},\"query-input\":{\"@type\":\"PropertyValueSpecification\",\"valueRequired\":true,\"valueName\":\"search_term_string\"}}],\"inLanguage\":\"de\"},{\"@type\":\"Organization\",\"@id\":\"https:\/\/svetslik.si\/de\/#organization\",\"name\":\"SvetSlik.si\",\"url\":\"https:\/\/svetslik.si\/de\/\",\"logo\":{\"@type\":\"ImageObject\",\"inLanguage\":\"de\",\"@id\":\"https:\/\/svetslik.si\/de\/#\/schema\/logo\/image\/\",\"url\":\"https:\/\/svetslik.si\/wp-content\/uploads\/2020\/12\/logo-512.png\",\"contentUrl\":\"https:\/\/svetslik.si\/wp-content\/uploads\/2020\/12\/logo-512.png\",\"width\":512,\"height\":512,\"caption\":\"SvetSlik.si\"},\"image\":{\"@id\":\"https:\/\/svetslik.si\/de\/#\/schema\/logo\/image\/\"},\"sameAs\":[\"https:\/\/www.facebook.com\/svetslik.si\",\"https:\/\/x.com\/svetslik\",\"https:\/\/www.instagram.com\/svetslik.si\/\",\"https:\/\/www.linkedin.com\/company\/svetslik-si\"]}]}<\/script>\n<meta property=\"og:availability\" content=\"backorder\" \/>\n<meta property=\"product:availability\" content=\"available for order\" \/>\n<meta property=\"product:retailer_item_id\" content=\"75__\" \/>\n<meta property=\"product:condition\" content=\"new\" \/>\n<!-- \/ Yoast SEO Premium plugin. -->","yoast_head_json":{"title":"Joan Miro - Head of a Man - SVETSLIK.SI - 100% handgemalt","description":"Joan Miro - Head of a Man - 100% handgemalte Gem\u00e4lde - Verkauf von Reproduktionen ber\u00fchmter Gem\u00e4lde und abstrakter Kunst - Wandbilder f\u00fcr das Wohnzimmer","robots":{"index":"index","follow":"follow","max-snippet":"max-snippet:-1","max-image-preview":"max-image-preview:large","max-video-preview":"max-video-preview:-1"},"canonical":"https:\/\/svetslik.si\/de\/joan-miro-de\/head-of-a-man\/","og_locale":"de_DE","og_type":"article","og_title":"Joan Miro - Head of a Man","og_description":"100% ro\u010dno naslikane slike na platnu, reprodukcije znanih slikarjev in umetni\u0161ke slike po naro\u010dilu.","og_url":"https:\/\/svetslik.si\/de\/joan-miro-de\/head-of-a-man\/","og_site_name":"SVETSLIK.SI","article_publisher":"https:\/\/www.facebook.com\/svetslik.si","article_modified_time":"2024-07-04T14:31:20+00:00","og_image":[{"width":481,"height":680,"url":"https:\/\/svetslik.si\/wp-content\/uploads\/2021\/08\/image_Head-of-a-Man_680.jpg","type":"image\/jpeg"}],"twitter_card":"summary_large_image","twitter_site":"@svetslik","twitter_misc":{"Verf\u00fcgbarkeit":"bei Nachbestellung"},"schema":{"@context":"https:\/\/schema.org","@graph":[{"@type":["WebPage","ItemPage"],"@id":"https:\/\/svetslik.si\/de\/joan-miro-de\/head-of-a-man\/","url":"https:\/\/svetslik.si\/de\/joan-miro-de\/head-of-a-man\/","name":"Joan Miro - Head of a Man - SVETSLIK.SI - 100% handgemalt","isPartOf":{"@id":"https:\/\/svetslik.si\/de\/#website"},"primaryImageOfPage":{"@id":"https:\/\/svetslik.si\/de\/joan-miro-de\/head-of-a-man\/#primaryimage"},"image":{"@id":"https:\/\/svetslik.si\/de\/joan-miro-de\/head-of-a-man\/#primaryimage"},"thumbnailUrl":"https:\/\/svetslik.si\/wp-content\/uploads\/2021\/08\/image_Head-of-a-Man_680.jpg","datePublished":"2021-09-02T15:43:24+00:00","dateModified":"2024-07-04T14:31:20+00:00","description":"Joan Miro - Head of a Man - 100% handgemalte Gem\u00e4lde - Verkauf von Reproduktionen ber\u00fchmter Gem\u00e4lde und abstrakter Kunst - Wandbilder f\u00fcr das Wohnzimmer","breadcrumb":{"@id":"https:\/\/svetslik.si\/de\/joan-miro-de\/head-of-a-man\/#breadcrumb"},"inLanguage":"de","potentialAction":[{"@type":"ReadAction","target":["https:\/\/svetslik.si\/de\/joan-miro-de\/head-of-a-man\/"]}]},{"@type":"ImageObject","inLanguage":"de","@id":"https:\/\/svetslik.si\/de\/joan-miro-de\/head-of-a-man\/#primaryimage","url":"https:\/\/svetslik.si\/wp-content\/uploads\/2021\/08\/image_Head-of-a-Man_680.jpg","contentUrl":"https:\/\/svetslik.si\/wp-content\/uploads\/2021\/08\/image_Head-of-a-Man_680.jpg","width":481,"height":680,"caption":"Joan Miro - Head of a Man (Kopf eines Mannes) Gem\u00e4lde, Leinwandbilder, Reproduktion - Entdecken Sie die abstrakte Sch\u00f6nheit von Joan Miros \"Head of a Man\" mit hochwertigen Reproduktionen dieses faszinierenden Gem\u00e4ldes. Diese Leinwandbilder erfassen die einzigartigen Formen und Linien des Originalwerks und sind eine beeindruckende Erg\u00e4nzung f\u00fcr Ihr Zuhause oder Ihren Arbeitsplatz. Lassen Sie sich von der expressiven Kunst Joan Miros inspirieren und genie\u00dfen Sie die kraftvolle Ausstrahlung dieses Werks."},{"@type":"BreadcrumbList","@id":"https:\/\/svetslik.si\/de\/joan-miro-de\/head-of-a-man\/#breadcrumb","itemListElement":[{"@type":"ListItem","position":1,"name":"Wandkunst und Gem\u00e4lde auf Leinwand","item":"https:\/\/svetslik.si\/de\/"},{"@type":"ListItem","position":2,"name":"Verkauf von Gem\u00e4lden","item":"https:\/\/svetslik.si\/prodaja-slik\/"},{"@type":"ListItem","position":3,"name":"Joan Miro &#8211; Head of a Man"}]},{"@type":"WebSite","@id":"https:\/\/svetslik.si\/de\/#website","url":"https:\/\/svetslik.si\/de\/","name":"SVETSLIK.SI","description":"100% handgemalte Reproduktionen von Gem\u00e4lden ber\u00fchmter Maler und Gem\u00e4lde auf Leinwand.","publisher":{"@id":"https:\/\/svetslik.si\/de\/#organization"},"potentialAction":[{"@type":"SearchAction","target":{"@type":"EntryPoint","urlTemplate":"https:\/\/svetslik.si\/de\/?s={search_term_string}"},"query-input":{"@type":"PropertyValueSpecification","valueRequired":true,"valueName":"search_term_string"}}],"inLanguage":"de"},{"@type":"Organization","@id":"https:\/\/svetslik.si\/de\/#organization","name":"SvetSlik.si","url":"https:\/\/svetslik.si\/de\/","logo":{"@type":"ImageObject","inLanguage":"de","@id":"https:\/\/svetslik.si\/de\/#\/schema\/logo\/image\/","url":"https:\/\/svetslik.si\/wp-content\/uploads\/2020\/12\/logo-512.png","contentUrl":"https:\/\/svetslik.si\/wp-content\/uploads\/2020\/12\/logo-512.png","width":512,"height":512,"caption":"SvetSlik.si"},"image":{"@id":"https:\/\/svetslik.si\/de\/#\/schema\/logo\/image\/"},"sameAs":["https:\/\/www.facebook.com\/svetslik.si","https:\/\/x.com\/svetslik","https:\/\/www.instagram.com\/svetslik.si\/","https:\/\/www.linkedin.com\/company\/svetslik-si"]}]},"og_availability":"backorder","product_availability":"available for order","product_retailer_item_id":"75__","product_condition":"new"},"jetpack_sharing_enabled":true,"_links":{"self":[{"href":"https:\/\/svetslik.si\/de\/wp-json\/wp\/v2\/product\/66357","targetHints":{"allow":["GET"]}}],"collection":[{"href":"https:\/\/svetslik.si\/de\/wp-json\/wp\/v2\/product"}],"about":[{"href":"https:\/\/svetslik.si\/de\/wp-json\/wp\/v2\/types\/product"}],"wp:featuredmedia":[{"embeddable":true,"href":"https:\/\/svetslik.si\/de\/wp-json\/wp\/v2\/media\/63662"}],"wp:attachment":[{"href":"https:\/\/svetslik.si\/de\/wp-json\/wp\/v2\/media?parent=66357"}],"wp:term":[{"taxonomy":"product_brand","embeddable":true,"href":"https:\/\/svetslik.si\/de\/wp-json\/wp\/v2\/product_brand?post=66357"},{"taxonomy":"product_cat","embeddable":true,"href":"https:\/\/svetslik.si\/de\/wp-json\/wp\/v2\/product_cat?post=66357"},{"taxonomy":"product_tag","embeddable":true,"href":"https:\/\/svetslik.si\/de\/wp-json\/wp\/v2\/product_tag?post=66357"}],"curies":[{"name":"wp","href":"https:\/\/api.w.org\/{rel}","templated":true}]}}