{"id":66402,"date":"2021-09-02T17:43:33","date_gmt":"2021-09-02T15:43:33","guid":{"rendered":"https:\/\/svetslik.si\/unkategorisiert\/man-and-woman-in-front-of-a-pile-of-excrement\/"},"modified":"2024-07-04T16:31:29","modified_gmt":"2024-07-04T14:31:29","slug":"man-and-woman-in-front-of-a-pile-of-excrement","status":"publish","type":"product","link":"https:\/\/svetslik.si\/de\/joan-miro-de\/man-and-woman-in-front-of-a-pile-of-excrement\/","title":{"rendered":"Joan Miro &#8211; Man and Woman in Front of a Pile of Excrement"},"content":{"rendered":"<h1>Joan Miro \u2013 Mann und Frau vor einem Haufen Kot<\/h1>\n<p>\n&nbsp;<\/p>\n<table border=\"0\" cellpadding=\"0\" style=\"width: 673px\" width=\"673\">\n<tbody>\n<tr>\n<td height=\"21\" style=\"width: 180px;height: 21px\">\nJahr der Erstellung:<\/td>\n<td style=\"width: 493px\">\n<div>\n<div>\n<div>\n<div>\n<div>\n1936<\/div>\n<\/div>\n<\/div>\n<\/div>\n<\/div>\n<\/td>\n<\/tr>\n<tr>\n<td height=\"21\" style=\"width: 180px;height: 21px\">\nOriginalgr\u00f6\u00dfe:<\/td>\n<td>\n32 cm x 23,20 cm<\/td>\n<\/tr>\n<tr>\n<td height=\"21\" style=\"width: 180px;height: 21px\">\nMalstil:<\/td>\n<td>\nSurrealismus<\/td>\n<\/tr>\n<tr>\n<td height=\"21\" style=\"width: 180px;height: 21px\">\nOriginaltechnik:<\/td>\n<td>\n<div>\n<div>\n<div>\n<div>\n<div>\n\u00d6l auf Metall<\/div>\n<\/div>\n<\/div>\n<\/div>\n<\/div>\n<\/td>\n<\/tr>\n<tr>\n<td height=\"21\" style=\"width: 180px;height: 21px\">\nGefunden:<\/td>\n<td>\n<div>\n<div>\n<div>\n<div>\n<div>\nFundaci\u00f3 Joan Mir\u00f3, Barcelona<\/div>\n<\/div>\n<\/div>\n<\/div>\n<\/div>\n<\/td>\n<\/tr>\n<\/tbody>\n<colgroup>\n<\/colgroup>\n<\/table>\n","protected":false},"excerpt":{"rendered":"<p>Joan Miro \u2013 Mann und Frau vor einem Haufen Kot &nbsp; Jahr der Erstellung: 1936 Originalgr\u00f6\u00dfe: 32 cm x 23,20 cm Malstil: Surrealismus Originaltechnik: \u00d6l auf Metall Gefunden: Fundaci\u00f3 Joan Mir\u00f3, Barcelona<\/p>\n","protected":false},"featured_media":63765,"template":"","meta":{"_acf_changed":false},"product_brand":[],"product_cat":[8449],"product_tag":[8521,8498,8513,8514],"class_list":{"0":"post-66402","1":"product","2":"type-product","3":"status-publish","4":"has-post-thumbnail","6":"product_cat-joan-miro-de","7":"product_tag-maler","8":"product_tag-miro-de","9":"product_tag-reproduktion","10":"product_tag-reproduktionen","11":"pa_dimenzija-120-x-90-cm-de","12":"pa_dimenzija-150-x-110-cm-de","13":"pa_dimenzija-32-x-23-cm-de","14":"pa_dimenzija-50-x-40-cm-de","15":"pa_dimenzija-60-x-40-cm-de","16":"pa_dimenzija-70-x-50-cm-de","17":"pa_dimenzija-80-x-60-cm-de","18":"pa_dimenzija-90-x-60-cm-de","19":"pa_oblika-horizontal-de","20":"pa_okvir-ohne-rahmen","21":"pa_podokvir-ja","22":"pa_podokvir-nein","24":"first","25":"onbackorder","26":"purchasable","27":"product-type-variable","28":"has-default-attributes"},"acf":[],"yoast_head":"<!-- This site is optimized with the Yoast SEO Premium plugin v26.0 (Yoast SEO v27.2) - https:\/\/yoast.com\/product\/yoast-seo-premium-wordpress\/ -->\n<title>Joan Miro - Man and Woman in Front of a Pile of Excrement - SVETSLIK.SI - 100% handgemalt<\/title>\n<meta name=\"description\" content=\"Joan Miro - Man and Woman in Front of a Pile of Excrement - 100% handgemalte Gem\u00e4lde - Verkauf von Reproduktionen ber\u00fchmter Gem\u00e4lde und abstrakter Kunst - Wandbilder f\u00fcr das Wohnzimmer\" \/>\n<meta name=\"robots\" content=\"index, follow, max-snippet:-1, max-image-preview:large, max-video-preview:-1\" \/>\n<link rel=\"canonical\" href=\"https:\/\/svetslik.si\/de\/joan-miro-de\/man-and-woman-in-front-of-a-pile-of-excrement\/\" \/>\n<meta property=\"og:locale\" content=\"de_DE\" \/>\n<meta property=\"og:type\" content=\"article\" \/>\n<meta property=\"og:title\" content=\"Joan Miro - Man and Woman in Front of a Pile of Excrement\" \/>\n<meta property=\"og:description\" content=\"100% ro\u010dno naslikane slike na platnu, reprodukcije znanih slikarjev in umetni\u0161ke slike po naro\u010dilu.\" \/>\n<meta property=\"og:url\" content=\"https:\/\/svetslik.si\/de\/joan-miro-de\/man-and-woman-in-front-of-a-pile-of-excrement\/\" \/>\n<meta property=\"og:site_name\" content=\"SVETSLIK.SI\" \/>\n<meta property=\"article:publisher\" content=\"https:\/\/www.facebook.com\/svetslik.si\" \/>\n<meta property=\"article:modified_time\" content=\"2024-07-04T14:31:29+00:00\" \/>\n<meta property=\"og:image\" content=\"https:\/\/svetslik.si\/wp-content\/uploads\/2021\/08\/image_Man-and-Woman-in-Front-of-a-Pile-of-Excrement_680.jpg\" \/>\n\t<meta property=\"og:image:width\" content=\"1000\" \/>\n\t<meta property=\"og:image:height\" content=\"728\" \/>\n\t<meta property=\"og:image:type\" content=\"image\/jpeg\" \/>\n<meta name=\"twitter:card\" content=\"summary_large_image\" \/>\n<meta name=\"twitter:site\" content=\"@svetslik\" \/>\n<meta name=\"twitter:label1\" content=\"Verf\u00fcgbarkeit\" \/>\n\t<meta name=\"twitter:data1\" content=\"bei Nachbestellung\" \/>\n<script type=\"application\/ld+json\" class=\"yoast-schema-graph\">{\"@context\":\"https:\/\/schema.org\",\"@graph\":[{\"@type\":[\"WebPage\",\"ItemPage\"],\"@id\":\"https:\/\/svetslik.si\/de\/joan-miro-de\/man-and-woman-in-front-of-a-pile-of-excrement\/\",\"url\":\"https:\/\/svetslik.si\/de\/joan-miro-de\/man-and-woman-in-front-of-a-pile-of-excrement\/\",\"name\":\"Joan Miro - Man and Woman in Front of a Pile of Excrement - SVETSLIK.SI - 100% handgemalt\",\"isPartOf\":{\"@id\":\"https:\/\/svetslik.si\/de\/#website\"},\"primaryImageOfPage\":{\"@id\":\"https:\/\/svetslik.si\/de\/joan-miro-de\/man-and-woman-in-front-of-a-pile-of-excrement\/#primaryimage\"},\"image\":{\"@id\":\"https:\/\/svetslik.si\/de\/joan-miro-de\/man-and-woman-in-front-of-a-pile-of-excrement\/#primaryimage\"},\"thumbnailUrl\":\"https:\/\/svetslik.si\/wp-content\/uploads\/2021\/08\/image_Man-and-Woman-in-Front-of-a-Pile-of-Excrement_680.jpg\",\"datePublished\":\"2021-09-02T15:43:33+00:00\",\"dateModified\":\"2024-07-04T14:31:29+00:00\",\"description\":\"Joan Miro - Man and Woman in Front of a Pile of Excrement - 100% handgemalte Gem\u00e4lde - Verkauf von Reproduktionen ber\u00fchmter Gem\u00e4lde und abstrakter Kunst - Wandbilder f\u00fcr das Wohnzimmer\",\"breadcrumb\":{\"@id\":\"https:\/\/svetslik.si\/de\/joan-miro-de\/man-and-woman-in-front-of-a-pile-of-excrement\/#breadcrumb\"},\"inLanguage\":\"de\",\"potentialAction\":[{\"@type\":\"ReadAction\",\"target\":[\"https:\/\/svetslik.si\/de\/joan-miro-de\/man-and-woman-in-front-of-a-pile-of-excrement\/\"]}]},{\"@type\":\"ImageObject\",\"inLanguage\":\"de\",\"@id\":\"https:\/\/svetslik.si\/de\/joan-miro-de\/man-and-woman-in-front-of-a-pile-of-excrement\/#primaryimage\",\"url\":\"https:\/\/svetslik.si\/wp-content\/uploads\/2021\/08\/image_Man-and-Woman-in-Front-of-a-Pile-of-Excrement_680.jpg\",\"contentUrl\":\"https:\/\/svetslik.si\/wp-content\/uploads\/2021\/08\/image_Man-and-Woman-in-Front-of-a-Pile-of-Excrement_680.jpg\",\"width\":1000,\"height\":728,\"caption\":\"Joan Miro - Man and Woman in Front of a Pile of Excrement (Mann und Frau vor einem Haufen Exkremente) Gem\u00e4lde, Leinwandbilder, Reproduktion - Erleben Sie die k\u00fchne und provokative Kunst von Joan Miro mit der Reproduktion seines kontroversen Werkes \\\"Man and Woman in Front of a Pile of Excrement\\\". Diese Leinwandbilder fangen die symbolische Bedeutung und die kraftvolle Aussage des Originalwerks ein. Nutzen Sie diese Reproduktionen, um einen k\u00fcnstlerischen Blickfang in Ihrem Wohnraum oder B\u00fcro zu schaffen und die Betrachter zum Nachdenken anzuregen.\"},{\"@type\":\"BreadcrumbList\",\"@id\":\"https:\/\/svetslik.si\/de\/joan-miro-de\/man-and-woman-in-front-of-a-pile-of-excrement\/#breadcrumb\",\"itemListElement\":[{\"@type\":\"ListItem\",\"position\":1,\"name\":\"Wandkunst und Gem\u00e4lde auf Leinwand\",\"item\":\"https:\/\/svetslik.si\/de\/\"},{\"@type\":\"ListItem\",\"position\":2,\"name\":\"Verkauf von Gem\u00e4lden\",\"item\":\"https:\/\/svetslik.si\/prodaja-slik\/\"},{\"@type\":\"ListItem\",\"position\":3,\"name\":\"Joan Miro &#8211; Man and Woman in Front of a Pile of Excrement\"}]},{\"@type\":\"WebSite\",\"@id\":\"https:\/\/svetslik.si\/de\/#website\",\"url\":\"https:\/\/svetslik.si\/de\/\",\"name\":\"SVETSLIK.SI\",\"description\":\"100% handgemalte Reproduktionen von Gem\u00e4lden ber\u00fchmter Maler und Gem\u00e4lde auf Leinwand.\",\"publisher\":{\"@id\":\"https:\/\/svetslik.si\/de\/#organization\"},\"potentialAction\":[{\"@type\":\"SearchAction\",\"target\":{\"@type\":\"EntryPoint\",\"urlTemplate\":\"https:\/\/svetslik.si\/de\/?s={search_term_string}\"},\"query-input\":{\"@type\":\"PropertyValueSpecification\",\"valueRequired\":true,\"valueName\":\"search_term_string\"}}],\"inLanguage\":\"de\"},{\"@type\":\"Organization\",\"@id\":\"https:\/\/svetslik.si\/de\/#organization\",\"name\":\"SvetSlik.si\",\"url\":\"https:\/\/svetslik.si\/de\/\",\"logo\":{\"@type\":\"ImageObject\",\"inLanguage\":\"de\",\"@id\":\"https:\/\/svetslik.si\/de\/#\/schema\/logo\/image\/\",\"url\":\"https:\/\/svetslik.si\/wp-content\/uploads\/2020\/12\/logo-512.png\",\"contentUrl\":\"https:\/\/svetslik.si\/wp-content\/uploads\/2020\/12\/logo-512.png\",\"width\":512,\"height\":512,\"caption\":\"SvetSlik.si\"},\"image\":{\"@id\":\"https:\/\/svetslik.si\/de\/#\/schema\/logo\/image\/\"},\"sameAs\":[\"https:\/\/www.facebook.com\/svetslik.si\",\"https:\/\/x.com\/svetslik\",\"https:\/\/www.instagram.com\/svetslik.si\/\",\"https:\/\/www.linkedin.com\/company\/svetslik-si\"]}]}<\/script>\n<meta property=\"og:availability\" content=\"backorder\" \/>\n<meta property=\"product:availability\" content=\"available for order\" \/>\n<meta property=\"product:retailer_item_id\" content=\"81__\" \/>\n<meta property=\"product:condition\" content=\"new\" \/>\n<!-- \/ Yoast SEO Premium plugin. -->","yoast_head_json":{"title":"Joan Miro - Man and Woman in Front of a Pile of Excrement - SVETSLIK.SI - 100% handgemalt","description":"Joan Miro - Man and Woman in Front of a Pile of Excrement - 100% handgemalte Gem\u00e4lde - Verkauf von Reproduktionen ber\u00fchmter Gem\u00e4lde und abstrakter Kunst - Wandbilder f\u00fcr das Wohnzimmer","robots":{"index":"index","follow":"follow","max-snippet":"max-snippet:-1","max-image-preview":"max-image-preview:large","max-video-preview":"max-video-preview:-1"},"canonical":"https:\/\/svetslik.si\/de\/joan-miro-de\/man-and-woman-in-front-of-a-pile-of-excrement\/","og_locale":"de_DE","og_type":"article","og_title":"Joan Miro - Man and Woman in Front of a Pile of Excrement","og_description":"100% ro\u010dno naslikane slike na platnu, reprodukcije znanih slikarjev in umetni\u0161ke slike po naro\u010dilu.","og_url":"https:\/\/svetslik.si\/de\/joan-miro-de\/man-and-woman-in-front-of-a-pile-of-excrement\/","og_site_name":"SVETSLIK.SI","article_publisher":"https:\/\/www.facebook.com\/svetslik.si","article_modified_time":"2024-07-04T14:31:29+00:00","og_image":[{"width":1000,"height":728,"url":"https:\/\/svetslik.si\/wp-content\/uploads\/2021\/08\/image_Man-and-Woman-in-Front-of-a-Pile-of-Excrement_680.jpg","type":"image\/jpeg"}],"twitter_card":"summary_large_image","twitter_site":"@svetslik","twitter_misc":{"Verf\u00fcgbarkeit":"bei Nachbestellung"},"schema":{"@context":"https:\/\/schema.org","@graph":[{"@type":["WebPage","ItemPage"],"@id":"https:\/\/svetslik.si\/de\/joan-miro-de\/man-and-woman-in-front-of-a-pile-of-excrement\/","url":"https:\/\/svetslik.si\/de\/joan-miro-de\/man-and-woman-in-front-of-a-pile-of-excrement\/","name":"Joan Miro - Man and Woman in Front of a Pile of Excrement - SVETSLIK.SI - 100% handgemalt","isPartOf":{"@id":"https:\/\/svetslik.si\/de\/#website"},"primaryImageOfPage":{"@id":"https:\/\/svetslik.si\/de\/joan-miro-de\/man-and-woman-in-front-of-a-pile-of-excrement\/#primaryimage"},"image":{"@id":"https:\/\/svetslik.si\/de\/joan-miro-de\/man-and-woman-in-front-of-a-pile-of-excrement\/#primaryimage"},"thumbnailUrl":"https:\/\/svetslik.si\/wp-content\/uploads\/2021\/08\/image_Man-and-Woman-in-Front-of-a-Pile-of-Excrement_680.jpg","datePublished":"2021-09-02T15:43:33+00:00","dateModified":"2024-07-04T14:31:29+00:00","description":"Joan Miro - Man and Woman in Front of a Pile of Excrement - 100% handgemalte Gem\u00e4lde - Verkauf von Reproduktionen ber\u00fchmter Gem\u00e4lde und abstrakter Kunst - Wandbilder f\u00fcr das Wohnzimmer","breadcrumb":{"@id":"https:\/\/svetslik.si\/de\/joan-miro-de\/man-and-woman-in-front-of-a-pile-of-excrement\/#breadcrumb"},"inLanguage":"de","potentialAction":[{"@type":"ReadAction","target":["https:\/\/svetslik.si\/de\/joan-miro-de\/man-and-woman-in-front-of-a-pile-of-excrement\/"]}]},{"@type":"ImageObject","inLanguage":"de","@id":"https:\/\/svetslik.si\/de\/joan-miro-de\/man-and-woman-in-front-of-a-pile-of-excrement\/#primaryimage","url":"https:\/\/svetslik.si\/wp-content\/uploads\/2021\/08\/image_Man-and-Woman-in-Front-of-a-Pile-of-Excrement_680.jpg","contentUrl":"https:\/\/svetslik.si\/wp-content\/uploads\/2021\/08\/image_Man-and-Woman-in-Front-of-a-Pile-of-Excrement_680.jpg","width":1000,"height":728,"caption":"Joan Miro - Man and Woman in Front of a Pile of Excrement (Mann und Frau vor einem Haufen Exkremente) Gem\u00e4lde, Leinwandbilder, Reproduktion - Erleben Sie die k\u00fchne und provokative Kunst von Joan Miro mit der Reproduktion seines kontroversen Werkes \"Man and Woman in Front of a Pile of Excrement\". Diese Leinwandbilder fangen die symbolische Bedeutung und die kraftvolle Aussage des Originalwerks ein. Nutzen Sie diese Reproduktionen, um einen k\u00fcnstlerischen Blickfang in Ihrem Wohnraum oder B\u00fcro zu schaffen und die Betrachter zum Nachdenken anzuregen."},{"@type":"BreadcrumbList","@id":"https:\/\/svetslik.si\/de\/joan-miro-de\/man-and-woman-in-front-of-a-pile-of-excrement\/#breadcrumb","itemListElement":[{"@type":"ListItem","position":1,"name":"Wandkunst und Gem\u00e4lde auf Leinwand","item":"https:\/\/svetslik.si\/de\/"},{"@type":"ListItem","position":2,"name":"Verkauf von Gem\u00e4lden","item":"https:\/\/svetslik.si\/prodaja-slik\/"},{"@type":"ListItem","position":3,"name":"Joan Miro &#8211; Man and Woman in Front of a Pile of Excrement"}]},{"@type":"WebSite","@id":"https:\/\/svetslik.si\/de\/#website","url":"https:\/\/svetslik.si\/de\/","name":"SVETSLIK.SI","description":"100% handgemalte Reproduktionen von Gem\u00e4lden ber\u00fchmter Maler und Gem\u00e4lde auf Leinwand.","publisher":{"@id":"https:\/\/svetslik.si\/de\/#organization"},"potentialAction":[{"@type":"SearchAction","target":{"@type":"EntryPoint","urlTemplate":"https:\/\/svetslik.si\/de\/?s={search_term_string}"},"query-input":{"@type":"PropertyValueSpecification","valueRequired":true,"valueName":"search_term_string"}}],"inLanguage":"de"},{"@type":"Organization","@id":"https:\/\/svetslik.si\/de\/#organization","name":"SvetSlik.si","url":"https:\/\/svetslik.si\/de\/","logo":{"@type":"ImageObject","inLanguage":"de","@id":"https:\/\/svetslik.si\/de\/#\/schema\/logo\/image\/","url":"https:\/\/svetslik.si\/wp-content\/uploads\/2020\/12\/logo-512.png","contentUrl":"https:\/\/svetslik.si\/wp-content\/uploads\/2020\/12\/logo-512.png","width":512,"height":512,"caption":"SvetSlik.si"},"image":{"@id":"https:\/\/svetslik.si\/de\/#\/schema\/logo\/image\/"},"sameAs":["https:\/\/www.facebook.com\/svetslik.si","https:\/\/x.com\/svetslik","https:\/\/www.instagram.com\/svetslik.si\/","https:\/\/www.linkedin.com\/company\/svetslik-si"]}]},"og_availability":"backorder","product_availability":"available for order","product_retailer_item_id":"81__","product_condition":"new"},"jetpack_sharing_enabled":true,"_links":{"self":[{"href":"https:\/\/svetslik.si\/de\/wp-json\/wp\/v2\/product\/66402","targetHints":{"allow":["GET"]}}],"collection":[{"href":"https:\/\/svetslik.si\/de\/wp-json\/wp\/v2\/product"}],"about":[{"href":"https:\/\/svetslik.si\/de\/wp-json\/wp\/v2\/types\/product"}],"wp:featuredmedia":[{"embeddable":true,"href":"https:\/\/svetslik.si\/de\/wp-json\/wp\/v2\/media\/63765"}],"wp:attachment":[{"href":"https:\/\/svetslik.si\/de\/wp-json\/wp\/v2\/media?parent=66402"}],"wp:term":[{"taxonomy":"product_brand","embeddable":true,"href":"https:\/\/svetslik.si\/de\/wp-json\/wp\/v2\/product_brand?post=66402"},{"taxonomy":"product_cat","embeddable":true,"href":"https:\/\/svetslik.si\/de\/wp-json\/wp\/v2\/product_cat?post=66402"},{"taxonomy":"product_tag","embeddable":true,"href":"https:\/\/svetslik.si\/de\/wp-json\/wp\/v2\/product_tag?post=66402"}],"curies":[{"name":"wp","href":"https:\/\/api.w.org\/{rel}","templated":true}]}}