{"id":66465,"date":"2021-09-02T17:43:48","date_gmt":"2021-09-02T15:43:48","guid":{"rendered":"https:\/\/svetslik.si\/unkategorisiert\/dance-at-the-moulin-de-la-galette\/"},"modified":"2026-03-22T19:30:15","modified_gmt":"2026-03-22T18:30:15","slug":"dance-at-the-moulin-de-la-galette","status":"publish","type":"product","link":"https:\/\/svetslik.si\/de\/pierre-a-renoir-de\/dance-at-the-moulin-de-la-galette\/","title":{"rendered":"Pierre A. Renoir &#8211; Dance At The Moulin De La Galette"},"content":{"rendered":"<h1>Pierre A. Renoir \u2013 Tanz im Moulin De La Galette<\/h1>\n<p>&nbsp;<\/p>\n<table border=\"0\" cellpadding=\"0\" style=\"width: 632px\" width=\"632\">\n<tbody>\n<tr>\n<td height=\"21\" style=\"width: 180px;height: 21px\">\n<p>Jahr der Erstellung:<\/td>\n<td style=\"width: 452px\">\n<p>1876<\/td>\n<\/tr>\n<tr>\n<td height=\"21\" style=\"width: 180px;height: 21px\">\n<p>Originalgr\u00f6\u00dfe:<\/td>\n<td style=\"width: 452px\">\n<p>175 cm x 131 cm<\/td>\n<\/tr>\n<tr>\n<td height=\"21\" style=\"width: 180px;height: 21px\">\n<p>Malstil:<\/td>\n<td style=\"width: 452px\">\n<p>Impressionismus<\/td>\n<\/tr>\n<tr>\n<td height=\"21\" style=\"width: 180px;height: 21px\">\n<p>Originaltechnik:<\/td>\n<td>\n<p>\u00d6l auf Leinwand<\/td>\n<\/tr>\n<tr>\n<td height=\"21\" style=\"width: 180px;height: 21px\">\n<p>Gefunden:<\/td>\n<td style=\"width: 452px\">\n<p>Orsay-Museum, Paris<\/td>\n<\/tr>\n<\/tbody>\n<colgroup>\n<\/colgroup>\n<\/table>\n<div>\n<p>&nbsp;<\/p><\/div>\n<div>\n<p>\u00d6l auf Leinwand <em>Tanz im Moulin De La Galette<\/em> ist eines der ber\u00fchmtesten Werke des Impressionismus. Auf dem Bild stellte der Autor eine Szene im Freien dar, in der eine gro\u00dfe Anzahl von Menschen an einem beliebten Tanz im Garten auf dem H\u00fcgel Butte Montmartre teilnahm.<\/div>\n<div>\n<p>&nbsp;<\/p><\/div>\n<div>\n<p>Die Sonnenstrahlen in diesem \u00d6l auf Leinwand sind charakteristisch f\u00fcr die Impressionisten, aber in diesem Gem\u00e4lde freute sich Renoir besonders \u00fcber die M\u00f6glichkeit, Menschen und insbesondere Frauen darzustellen, die den Hauptteil dieses \u00d6ls auf Leinwand ausmachen. Die in diesem Gem\u00e4lde dargestellten Personen sind gr\u00f6\u00dftenteils Freunde und Bekannte von Renoir. Vor Renoir hatte kein Maler einen bestimmten Aspekt des Alltagslebens auf einer so gro\u00dfen Leinwand dargestellt.<\/p><\/div>\n<div>\n<p>&nbsp;<\/p><\/div>\n","protected":false},"excerpt":{"rendered":"<p>Pierre A. Renoir \u2013 Tanz im Moulin De La Galette &nbsp; Jahr der Erstellung: 1876 Originalgr\u00f6\u00dfe: 175 cm x 131 cm Malstil: Impressionismus Originaltechnik: \u00d6l auf Leinwand Gefunden: Orsay-Museum, Paris &nbsp; \u00d6l auf Leinwand Tanz im Moulin De La Galette ist eines der ber\u00fchmtesten Werke des Impressionismus. Auf dem Bild [&hellip;]<\/p>\n","protected":false},"featured_media":64389,"template":"","meta":{"_acf_changed":false},"product_brand":[],"product_cat":[8466],"product_tag":[8521,8512,8513,8514],"class_list":{"0":"post-66465","1":"product","2":"type-product","3":"status-publish","4":"has-post-thumbnail","6":"product_cat-pierre-a-renoir-de","7":"product_tag-maler","8":"product_tag-renoir-de","9":"product_tag-reproduktion","10":"product_tag-reproduktionen","11":"pa_dimenzija-100-x-75-cm","12":"pa_dimenzija-110-x-80-cm","13":"pa_dimenzija-130-x-100-cm","14":"pa_dimenzija-150-x-110-cm","15":"pa_dimenzija-175-x-131-cm","16":"pa_dimenzija-200-x-150-cm","17":"pa_dimenzija-80-x-60-cm","18":"pa_dimenzija-90-x-70-cm","19":"pa_oblika-horizontal-de","20":"pa_okvir-ohne-rahmen","21":"pa_podokvir-ja","22":"pa_podokvir-nein","24":"first","25":"onbackorder","26":"purchasable","27":"product-type-variable","28":"has-default-attributes"},"acf":[],"yoast_head":"<!-- This site is optimized with the Yoast SEO Premium plugin v26.0 (Yoast SEO v27.2) - https:\/\/yoast.com\/product\/yoast-seo-premium-wordpress\/ -->\n<title>Pierre A. Renoir - Dance At The Moulin De La Galette - SVETSLIK.SI - 100% handgemalt<\/title>\n<meta name=\"description\" content=\"Pierre A. Renoir - Dance At The Moulin De La Galette - 100% handgemalte Gem\u00e4lde - Verkauf von Reproduktionen ber\u00fchmter Gem\u00e4lde und abstrakter Kunst - Wandbilder f\u00fcr das Wohnzimmer\" \/>\n<meta name=\"robots\" content=\"index, follow, max-snippet:-1, max-image-preview:large, max-video-preview:-1\" \/>\n<link rel=\"canonical\" href=\"https:\/\/svetslik.si\/de\/pierre-a-renoir-de\/dance-at-the-moulin-de-la-galette\/\" \/>\n<meta property=\"og:locale\" content=\"de_DE\" \/>\n<meta property=\"og:type\" content=\"article\" \/>\n<meta property=\"og:title\" content=\"Pierre A. Renoir - Dance At The Moulin De La Galette\" \/>\n<meta property=\"og:description\" content=\"100% ro\u010dno naslikane slike na platnu, reprodukcije znanih slikarjev in umetni\u0161ke slike po naro\u010dilu.\" \/>\n<meta property=\"og:url\" content=\"https:\/\/svetslik.si\/de\/pierre-a-renoir-de\/dance-at-the-moulin-de-la-galette\/\" \/>\n<meta property=\"og:site_name\" content=\"SVETSLIK.SI\" \/>\n<meta property=\"article:publisher\" content=\"https:\/\/www.facebook.com\/svetslik.si\" \/>\n<meta property=\"article:modified_time\" content=\"2026-03-22T18:30:15+00:00\" \/>\n<meta property=\"og:image\" content=\"https:\/\/svetslik.si\/wp-content\/uploads\/2021\/09\/Dance-At-The-Moulin-De-La-Galette.jpg\" \/>\n\t<meta property=\"og:image:width\" content=\"1740\" \/>\n\t<meta property=\"og:image:height\" content=\"1293\" \/>\n\t<meta property=\"og:image:type\" content=\"image\/jpeg\" \/>\n<meta name=\"twitter:card\" content=\"summary_large_image\" \/>\n<meta name=\"twitter:site\" content=\"@svetslik\" \/>\n<meta name=\"twitter:label1\" content=\"Verf\u00fcgbarkeit\" \/>\n\t<meta name=\"twitter:data1\" content=\"bei Nachbestellung\" \/>\n<script type=\"application\/ld+json\" class=\"yoast-schema-graph\">{\"@context\":\"https:\/\/schema.org\",\"@graph\":[{\"@type\":[\"WebPage\",\"ItemPage\"],\"@id\":\"https:\/\/svetslik.si\/de\/pierre-a-renoir-de\/dance-at-the-moulin-de-la-galette\/\",\"url\":\"https:\/\/svetslik.si\/de\/pierre-a-renoir-de\/dance-at-the-moulin-de-la-galette\/\",\"name\":\"Pierre A. Renoir - Dance At The Moulin De La Galette - SVETSLIK.SI - 100% handgemalt\",\"isPartOf\":{\"@id\":\"https:\/\/svetslik.si\/de\/#website\"},\"primaryImageOfPage\":{\"@id\":\"https:\/\/svetslik.si\/de\/pierre-a-renoir-de\/dance-at-the-moulin-de-la-galette\/#primaryimage\"},\"image\":{\"@id\":\"https:\/\/svetslik.si\/de\/pierre-a-renoir-de\/dance-at-the-moulin-de-la-galette\/#primaryimage\"},\"thumbnailUrl\":\"https:\/\/svetslik.si\/wp-content\/uploads\/2021\/09\/Dance-At-The-Moulin-De-La-Galette.jpg\",\"datePublished\":\"2021-09-02T15:43:48+00:00\",\"dateModified\":\"2026-03-22T18:30:15+00:00\",\"description\":\"Pierre A. Renoir - Dance At The Moulin De La Galette - 100% handgemalte Gem\u00e4lde - Verkauf von Reproduktionen ber\u00fchmter Gem\u00e4lde und abstrakter Kunst - Wandbilder f\u00fcr das Wohnzimmer\",\"breadcrumb\":{\"@id\":\"https:\/\/svetslik.si\/de\/pierre-a-renoir-de\/dance-at-the-moulin-de-la-galette\/#breadcrumb\"},\"inLanguage\":\"de\",\"potentialAction\":[{\"@type\":\"ReadAction\",\"target\":[\"https:\/\/svetslik.si\/de\/pierre-a-renoir-de\/dance-at-the-moulin-de-la-galette\/\"]}]},{\"@type\":\"ImageObject\",\"inLanguage\":\"de\",\"@id\":\"https:\/\/svetslik.si\/de\/pierre-a-renoir-de\/dance-at-the-moulin-de-la-galette\/#primaryimage\",\"url\":\"https:\/\/svetslik.si\/wp-content\/uploads\/2021\/09\/Dance-At-The-Moulin-De-La-Galette.jpg\",\"contentUrl\":\"https:\/\/svetslik.si\/wp-content\/uploads\/2021\/09\/Dance-At-The-Moulin-De-La-Galette.jpg\",\"width\":1740,\"height\":1293,\"caption\":\"Pierre-Auguste Renoir - Dance At The Moulin De La Galette - Tanz im Moulin de la Galette - Gem\u00e4lde, Leinwandbilder, Reproduktion\"},{\"@type\":\"BreadcrumbList\",\"@id\":\"https:\/\/svetslik.si\/de\/pierre-a-renoir-de\/dance-at-the-moulin-de-la-galette\/#breadcrumb\",\"itemListElement\":[{\"@type\":\"ListItem\",\"position\":1,\"name\":\"Wandkunst und Gem\u00e4lde auf Leinwand\",\"item\":\"https:\/\/svetslik.si\/de\/\"},{\"@type\":\"ListItem\",\"position\":2,\"name\":\"Verkauf von Gem\u00e4lden\",\"item\":\"https:\/\/svetslik.si\/prodaja-slik\/\"},{\"@type\":\"ListItem\",\"position\":3,\"name\":\"Pierre A. Renoir &#8211; Dance At The Moulin De La Galette\"}]},{\"@type\":\"WebSite\",\"@id\":\"https:\/\/svetslik.si\/de\/#website\",\"url\":\"https:\/\/svetslik.si\/de\/\",\"name\":\"SVETSLIK.SI\",\"description\":\"100% handgemalte Reproduktionen von Gem\u00e4lden ber\u00fchmter Maler und Gem\u00e4lde auf Leinwand.\",\"publisher\":{\"@id\":\"https:\/\/svetslik.si\/de\/#organization\"},\"potentialAction\":[{\"@type\":\"SearchAction\",\"target\":{\"@type\":\"EntryPoint\",\"urlTemplate\":\"https:\/\/svetslik.si\/de\/?s={search_term_string}\"},\"query-input\":{\"@type\":\"PropertyValueSpecification\",\"valueRequired\":true,\"valueName\":\"search_term_string\"}}],\"inLanguage\":\"de\"},{\"@type\":\"Organization\",\"@id\":\"https:\/\/svetslik.si\/de\/#organization\",\"name\":\"SvetSlik.si\",\"url\":\"https:\/\/svetslik.si\/de\/\",\"logo\":{\"@type\":\"ImageObject\",\"inLanguage\":\"de\",\"@id\":\"https:\/\/svetslik.si\/de\/#\/schema\/logo\/image\/\",\"url\":\"https:\/\/svetslik.si\/wp-content\/uploads\/2020\/12\/logo-512.png\",\"contentUrl\":\"https:\/\/svetslik.si\/wp-content\/uploads\/2020\/12\/logo-512.png\",\"width\":512,\"height\":512,\"caption\":\"SvetSlik.si\"},\"image\":{\"@id\":\"https:\/\/svetslik.si\/de\/#\/schema\/logo\/image\/\"},\"sameAs\":[\"https:\/\/www.facebook.com\/svetslik.si\",\"https:\/\/x.com\/svetslik\",\"https:\/\/www.instagram.com\/svetslik.si\/\",\"https:\/\/www.linkedin.com\/company\/svetslik-si\"]}]}<\/script>\n<meta property=\"og:availability\" content=\"backorder\" \/>\n<meta property=\"product:availability\" content=\"available for order\" \/>\n<meta property=\"product:retailer_item_id\" content=\"88__\" \/>\n<meta property=\"product:condition\" content=\"new\" \/>\n<!-- \/ Yoast SEO Premium plugin. -->","yoast_head_json":{"title":"Pierre A. Renoir - Dance At The Moulin De La Galette - SVETSLIK.SI - 100% handgemalt","description":"Pierre A. Renoir - Dance At The Moulin De La Galette - 100% handgemalte Gem\u00e4lde - Verkauf von Reproduktionen ber\u00fchmter Gem\u00e4lde und abstrakter Kunst - Wandbilder f\u00fcr das Wohnzimmer","robots":{"index":"index","follow":"follow","max-snippet":"max-snippet:-1","max-image-preview":"max-image-preview:large","max-video-preview":"max-video-preview:-1"},"canonical":"https:\/\/svetslik.si\/de\/pierre-a-renoir-de\/dance-at-the-moulin-de-la-galette\/","og_locale":"de_DE","og_type":"article","og_title":"Pierre A. Renoir - Dance At The Moulin De La Galette","og_description":"100% ro\u010dno naslikane slike na platnu, reprodukcije znanih slikarjev in umetni\u0161ke slike po naro\u010dilu.","og_url":"https:\/\/svetslik.si\/de\/pierre-a-renoir-de\/dance-at-the-moulin-de-la-galette\/","og_site_name":"SVETSLIK.SI","article_publisher":"https:\/\/www.facebook.com\/svetslik.si","article_modified_time":"2026-03-22T18:30:15+00:00","og_image":[{"width":1740,"height":1293,"url":"https:\/\/svetslik.si\/wp-content\/uploads\/2021\/09\/Dance-At-The-Moulin-De-La-Galette.jpg","type":"image\/jpeg"}],"twitter_card":"summary_large_image","twitter_site":"@svetslik","twitter_misc":{"Verf\u00fcgbarkeit":"bei Nachbestellung"},"schema":{"@context":"https:\/\/schema.org","@graph":[{"@type":["WebPage","ItemPage"],"@id":"https:\/\/svetslik.si\/de\/pierre-a-renoir-de\/dance-at-the-moulin-de-la-galette\/","url":"https:\/\/svetslik.si\/de\/pierre-a-renoir-de\/dance-at-the-moulin-de-la-galette\/","name":"Pierre A. Renoir - Dance At The Moulin De La Galette - SVETSLIK.SI - 100% handgemalt","isPartOf":{"@id":"https:\/\/svetslik.si\/de\/#website"},"primaryImageOfPage":{"@id":"https:\/\/svetslik.si\/de\/pierre-a-renoir-de\/dance-at-the-moulin-de-la-galette\/#primaryimage"},"image":{"@id":"https:\/\/svetslik.si\/de\/pierre-a-renoir-de\/dance-at-the-moulin-de-la-galette\/#primaryimage"},"thumbnailUrl":"https:\/\/svetslik.si\/wp-content\/uploads\/2021\/09\/Dance-At-The-Moulin-De-La-Galette.jpg","datePublished":"2021-09-02T15:43:48+00:00","dateModified":"2026-03-22T18:30:15+00:00","description":"Pierre A. Renoir - Dance At The Moulin De La Galette - 100% handgemalte Gem\u00e4lde - Verkauf von Reproduktionen ber\u00fchmter Gem\u00e4lde und abstrakter Kunst - Wandbilder f\u00fcr das Wohnzimmer","breadcrumb":{"@id":"https:\/\/svetslik.si\/de\/pierre-a-renoir-de\/dance-at-the-moulin-de-la-galette\/#breadcrumb"},"inLanguage":"de","potentialAction":[{"@type":"ReadAction","target":["https:\/\/svetslik.si\/de\/pierre-a-renoir-de\/dance-at-the-moulin-de-la-galette\/"]}]},{"@type":"ImageObject","inLanguage":"de","@id":"https:\/\/svetslik.si\/de\/pierre-a-renoir-de\/dance-at-the-moulin-de-la-galette\/#primaryimage","url":"https:\/\/svetslik.si\/wp-content\/uploads\/2021\/09\/Dance-At-The-Moulin-De-La-Galette.jpg","contentUrl":"https:\/\/svetslik.si\/wp-content\/uploads\/2021\/09\/Dance-At-The-Moulin-De-La-Galette.jpg","width":1740,"height":1293,"caption":"Pierre-Auguste Renoir - Dance At The Moulin De La Galette - Tanz im Moulin de la Galette - Gem\u00e4lde, Leinwandbilder, Reproduktion"},{"@type":"BreadcrumbList","@id":"https:\/\/svetslik.si\/de\/pierre-a-renoir-de\/dance-at-the-moulin-de-la-galette\/#breadcrumb","itemListElement":[{"@type":"ListItem","position":1,"name":"Wandkunst und Gem\u00e4lde auf Leinwand","item":"https:\/\/svetslik.si\/de\/"},{"@type":"ListItem","position":2,"name":"Verkauf von Gem\u00e4lden","item":"https:\/\/svetslik.si\/prodaja-slik\/"},{"@type":"ListItem","position":3,"name":"Pierre A. Renoir &#8211; Dance At The Moulin De La Galette"}]},{"@type":"WebSite","@id":"https:\/\/svetslik.si\/de\/#website","url":"https:\/\/svetslik.si\/de\/","name":"SVETSLIK.SI","description":"100% handgemalte Reproduktionen von Gem\u00e4lden ber\u00fchmter Maler und Gem\u00e4lde auf Leinwand.","publisher":{"@id":"https:\/\/svetslik.si\/de\/#organization"},"potentialAction":[{"@type":"SearchAction","target":{"@type":"EntryPoint","urlTemplate":"https:\/\/svetslik.si\/de\/?s={search_term_string}"},"query-input":{"@type":"PropertyValueSpecification","valueRequired":true,"valueName":"search_term_string"}}],"inLanguage":"de"},{"@type":"Organization","@id":"https:\/\/svetslik.si\/de\/#organization","name":"SvetSlik.si","url":"https:\/\/svetslik.si\/de\/","logo":{"@type":"ImageObject","inLanguage":"de","@id":"https:\/\/svetslik.si\/de\/#\/schema\/logo\/image\/","url":"https:\/\/svetslik.si\/wp-content\/uploads\/2020\/12\/logo-512.png","contentUrl":"https:\/\/svetslik.si\/wp-content\/uploads\/2020\/12\/logo-512.png","width":512,"height":512,"caption":"SvetSlik.si"},"image":{"@id":"https:\/\/svetslik.si\/de\/#\/schema\/logo\/image\/"},"sameAs":["https:\/\/www.facebook.com\/svetslik.si","https:\/\/x.com\/svetslik","https:\/\/www.instagram.com\/svetslik.si\/","https:\/\/www.linkedin.com\/company\/svetslik-si"]}]},"og_availability":"backorder","product_availability":"available for order","product_retailer_item_id":"88__","product_condition":"new"},"jetpack_sharing_enabled":true,"_links":{"self":[{"href":"https:\/\/svetslik.si\/de\/wp-json\/wp\/v2\/product\/66465","targetHints":{"allow":["GET"]}}],"collection":[{"href":"https:\/\/svetslik.si\/de\/wp-json\/wp\/v2\/product"}],"about":[{"href":"https:\/\/svetslik.si\/de\/wp-json\/wp\/v2\/types\/product"}],"wp:featuredmedia":[{"embeddable":true,"href":"https:\/\/svetslik.si\/de\/wp-json\/wp\/v2\/media\/64389"}],"wp:attachment":[{"href":"https:\/\/svetslik.si\/de\/wp-json\/wp\/v2\/media?parent=66465"}],"wp:term":[{"taxonomy":"product_brand","embeddable":true,"href":"https:\/\/svetslik.si\/de\/wp-json\/wp\/v2\/product_brand?post=66465"},{"taxonomy":"product_cat","embeddable":true,"href":"https:\/\/svetslik.si\/de\/wp-json\/wp\/v2\/product_cat?post=66465"},{"taxonomy":"product_tag","embeddable":true,"href":"https:\/\/svetslik.si\/de\/wp-json\/wp\/v2\/product_tag?post=66465"}],"curies":[{"name":"wp","href":"https:\/\/api.w.org\/{rel}","templated":true}]}}