{"id":66492,"date":"2021-09-02T17:43:53","date_gmt":"2021-09-02T15:43:53","guid":{"rendered":"https:\/\/svetslik.si\/unkategorisiert\/luncheon-of-the-boating-party\/"},"modified":"2026-03-22T19:30:15","modified_gmt":"2026-03-22T18:30:15","slug":"luncheon-of-the-boating-party","status":"publish","type":"product","link":"https:\/\/svetslik.si\/de\/pierre-a-renoir-de\/luncheon-of-the-boating-party\/","title":{"rendered":"Pierre A. Renoir &#8211; Luncheon Of The Boating Party"},"content":{"rendered":"<h1>Pierre A. Renoir \u2013 Luncheon Of The Boating Party<\/h1>\n<p>\n&nbsp;<\/p>\n<table border=\"0\" cellpadding=\"0\" style=\"width: 632px\" width=\"632\">\n<tbody>\n<tr>\n<td height=\"21\" style=\"width: 180px;height: 21px\">\nJahr der Erstellung:<\/td>\n<td style=\"width: 452px\">\n1881<\/td>\n<\/tr>\n<tr>\n<td height=\"21\" style=\"width: 180px;height: 21px\">\nOriginalgr\u00f6\u00dfe:<\/td>\n<td style=\"width: 452px\">\n172 cm x 129 cm<\/td>\n<\/tr>\n<tr>\n<td height=\"21\" style=\"width: 180px;height: 21px\">\nMalstil:<\/td>\n<td style=\"width: 452px\">\nImpressionismus<\/td>\n<\/tr>\n<tr>\n<td height=\"21\" style=\"width: 180px;height: 21px\">\nOriginaltechnik:<\/td>\n<td>\n\u00d6l auf Leinwand<\/td>\n<\/tr>\n<tr>\n<td height=\"21\" style=\"width: 180px;height: 21px\">\nGefunden:<\/td>\n<td style=\"width: 452px\">\nPhillips Collection, Washington DC<\/td>\n<\/tr>\n<\/tbody>\n<colgroup>\n<\/colgroup>\n<\/table>\n<p>\n&nbsp;<\/p>\n<div>\nDas Gem\u00e4lde <em>Luncheon Of The Boating Party<\/em> ist eines von Renoirs bekannteren \u00d6lgem\u00e4lden. Das Gem\u00e4lde wurde 1923 von Duncan Phillips f\u00fcr 90.000 Euro gekauft und ist derzeit in seiner Sammlung in Washington, USA, ausgestellt.<\/div>\n<div>\n&nbsp;<\/div>\n<div>\nAuf dem Gem\u00e4lde stellte der Maler seine Freunde dar, die sich auf dem Balkon der Maison Fournaise-Residenz an der Seine in Frankreich vergn\u00fcgten. Auf dem Bild ist auch Renoirs sp\u00e4tere Frau Aline Charigot zu sehen, die im Vordergrund der Leinwand beim Spielen mit einem kleinen Hund dargestellt ist.<\/div>\n<div>\n&nbsp;<\/div>\n","protected":false},"excerpt":{"rendered":"<p>Pierre A. Renoir \u2013 Luncheon Of The Boating Party &nbsp; Jahr der Erstellung: 1881 Originalgr\u00f6\u00dfe: 172 cm x 129 cm Malstil: Impressionismus Originaltechnik: \u00d6l auf Leinwand Gefunden: Phillips Collection, Washington DC &nbsp; Das Gem\u00e4lde Luncheon Of The Boating Party ist eines von Renoirs bekannteren \u00d6lgem\u00e4lden. Das Gem\u00e4lde wurde 1923 von [&hellip;]<\/p>\n","protected":false},"featured_media":63755,"template":"","meta":{"_acf_changed":false},"product_brand":[],"product_cat":[8466],"product_tag":[8521,8512,8513,8514],"class_list":{"0":"post-66492","1":"product","2":"type-product","3":"status-publish","4":"has-post-thumbnail","6":"product_cat-pierre-a-renoir-de","7":"product_tag-maler","8":"product_tag-renoir-de","9":"product_tag-reproduktion","10":"product_tag-reproduktionen","11":"pa_dimenzija-100-x-75-cm-de","12":"pa_dimenzija-110-x-85-cm-de","13":"pa_dimenzija-130-x-100-cm-de","14":"pa_dimenzija-150-x-110-cm-de","15":"pa_dimenzija-172-x-129-cm-de","16":"pa_dimenzija-200-x-150-cm-de","17":"pa_dimenzija-80-x-60-cm-de","18":"pa_dimenzija-90-x-70-cm-de","19":"pa_oblika-horizontal-de","20":"pa_okvir-ohne-rahmen","21":"pa_podokvir-ja","22":"pa_podokvir-nein","24":"first","25":"onbackorder","26":"purchasable","27":"product-type-variable","28":"has-default-attributes"},"acf":[],"yoast_head":"<!-- This site is optimized with the Yoast SEO Premium plugin v26.0 (Yoast SEO v27.2) - https:\/\/yoast.com\/product\/yoast-seo-premium-wordpress\/ -->\n<title>Pierre A. Renoir - Luncheon Of The Boating Party - SVETSLIK.SI - 100% handgemalt<\/title>\n<meta name=\"description\" content=\"Pierre A. Renoir - Luncheon Of The Boating Party - 100% handgemalte Gem\u00e4lde - Verkauf von Reproduktionen ber\u00fchmter Gem\u00e4lde und abstrakter Kunst - Wandbilder f\u00fcr das Wohnzimmer\" \/>\n<meta name=\"robots\" content=\"index, follow, max-snippet:-1, max-image-preview:large, max-video-preview:-1\" \/>\n<link rel=\"canonical\" href=\"https:\/\/svetslik.si\/de\/pierre-a-renoir-de\/luncheon-of-the-boating-party\/\" \/>\n<meta property=\"og:locale\" content=\"de_DE\" \/>\n<meta property=\"og:type\" content=\"article\" \/>\n<meta property=\"og:title\" content=\"Pierre A. Renoir - Luncheon Of The Boating Party\" \/>\n<meta property=\"og:description\" content=\"100% ro\u010dno naslikane slike na platnu, reprodukcije znanih slikarjev in umetni\u0161ke slike po naro\u010dilu.\" \/>\n<meta property=\"og:url\" content=\"https:\/\/svetslik.si\/de\/pierre-a-renoir-de\/luncheon-of-the-boating-party\/\" \/>\n<meta property=\"og:site_name\" content=\"SVETSLIK.SI\" \/>\n<meta property=\"article:publisher\" content=\"https:\/\/www.facebook.com\/svetslik.si\" \/>\n<meta property=\"article:modified_time\" content=\"2026-03-22T18:30:15+00:00\" \/>\n<meta property=\"og:image\" content=\"https:\/\/svetslik.si\/wp-content\/uploads\/2021\/08\/image_Luncheon-Of-The-Boating-Party_680.jpg\" \/>\n\t<meta property=\"og:image:width\" content=\"1920\" \/>\n\t<meta property=\"og:image:height\" content=\"1424\" \/>\n\t<meta property=\"og:image:type\" content=\"image\/jpeg\" \/>\n<meta name=\"twitter:card\" content=\"summary_large_image\" \/>\n<meta name=\"twitter:site\" content=\"@svetslik\" \/>\n<meta name=\"twitter:label1\" content=\"Verf\u00fcgbarkeit\" \/>\n\t<meta name=\"twitter:data1\" content=\"bei Nachbestellung\" \/>\n<script type=\"application\/ld+json\" class=\"yoast-schema-graph\">{\"@context\":\"https:\/\/schema.org\",\"@graph\":[{\"@type\":[\"WebPage\",\"ItemPage\"],\"@id\":\"https:\/\/svetslik.si\/de\/pierre-a-renoir-de\/luncheon-of-the-boating-party\/\",\"url\":\"https:\/\/svetslik.si\/de\/pierre-a-renoir-de\/luncheon-of-the-boating-party\/\",\"name\":\"Pierre A. Renoir - Luncheon Of The Boating Party - SVETSLIK.SI - 100% handgemalt\",\"isPartOf\":{\"@id\":\"https:\/\/svetslik.si\/de\/#website\"},\"primaryImageOfPage\":{\"@id\":\"https:\/\/svetslik.si\/de\/pierre-a-renoir-de\/luncheon-of-the-boating-party\/#primaryimage\"},\"image\":{\"@id\":\"https:\/\/svetslik.si\/de\/pierre-a-renoir-de\/luncheon-of-the-boating-party\/#primaryimage\"},\"thumbnailUrl\":\"https:\/\/svetslik.si\/wp-content\/uploads\/2021\/08\/image_Luncheon-Of-The-Boating-Party_680.jpg\",\"datePublished\":\"2021-09-02T15:43:53+00:00\",\"dateModified\":\"2026-03-22T18:30:15+00:00\",\"description\":\"Pierre A. Renoir - Luncheon Of The Boating Party - 100% handgemalte Gem\u00e4lde - Verkauf von Reproduktionen ber\u00fchmter Gem\u00e4lde und abstrakter Kunst - Wandbilder f\u00fcr das Wohnzimmer\",\"breadcrumb\":{\"@id\":\"https:\/\/svetslik.si\/de\/pierre-a-renoir-de\/luncheon-of-the-boating-party\/#breadcrumb\"},\"inLanguage\":\"de\",\"potentialAction\":[{\"@type\":\"ReadAction\",\"target\":[\"https:\/\/svetslik.si\/de\/pierre-a-renoir-de\/luncheon-of-the-boating-party\/\"]}]},{\"@type\":\"ImageObject\",\"inLanguage\":\"de\",\"@id\":\"https:\/\/svetslik.si\/de\/pierre-a-renoir-de\/luncheon-of-the-boating-party\/#primaryimage\",\"url\":\"https:\/\/svetslik.si\/wp-content\/uploads\/2021\/08\/image_Luncheon-Of-The-Boating-Party_680.jpg\",\"contentUrl\":\"https:\/\/svetslik.si\/wp-content\/uploads\/2021\/08\/image_Luncheon-Of-The-Boating-Party_680.jpg\",\"width\":1920,\"height\":1424,\"caption\":\"Pierre A. Renoir - Luncheon Of The Boating Party (Mittagessen der Ruderparty) - Gem\u00e4lde, Leinwandbilder, Reproduktion\"},{\"@type\":\"BreadcrumbList\",\"@id\":\"https:\/\/svetslik.si\/de\/pierre-a-renoir-de\/luncheon-of-the-boating-party\/#breadcrumb\",\"itemListElement\":[{\"@type\":\"ListItem\",\"position\":1,\"name\":\"Wandkunst und Gem\u00e4lde auf Leinwand\",\"item\":\"https:\/\/svetslik.si\/de\/\"},{\"@type\":\"ListItem\",\"position\":2,\"name\":\"Verkauf von Gem\u00e4lden\",\"item\":\"https:\/\/svetslik.si\/prodaja-slik\/\"},{\"@type\":\"ListItem\",\"position\":3,\"name\":\"Pierre A. Renoir &#8211; Luncheon Of The Boating Party\"}]},{\"@type\":\"WebSite\",\"@id\":\"https:\/\/svetslik.si\/de\/#website\",\"url\":\"https:\/\/svetslik.si\/de\/\",\"name\":\"SVETSLIK.SI\",\"description\":\"100% handgemalte Reproduktionen von Gem\u00e4lden ber\u00fchmter Maler und Gem\u00e4lde auf Leinwand.\",\"publisher\":{\"@id\":\"https:\/\/svetslik.si\/de\/#organization\"},\"potentialAction\":[{\"@type\":\"SearchAction\",\"target\":{\"@type\":\"EntryPoint\",\"urlTemplate\":\"https:\/\/svetslik.si\/de\/?s={search_term_string}\"},\"query-input\":{\"@type\":\"PropertyValueSpecification\",\"valueRequired\":true,\"valueName\":\"search_term_string\"}}],\"inLanguage\":\"de\"},{\"@type\":\"Organization\",\"@id\":\"https:\/\/svetslik.si\/de\/#organization\",\"name\":\"SvetSlik.si\",\"url\":\"https:\/\/svetslik.si\/de\/\",\"logo\":{\"@type\":\"ImageObject\",\"inLanguage\":\"de\",\"@id\":\"https:\/\/svetslik.si\/de\/#\/schema\/logo\/image\/\",\"url\":\"https:\/\/svetslik.si\/wp-content\/uploads\/2020\/12\/logo-512.png\",\"contentUrl\":\"https:\/\/svetslik.si\/wp-content\/uploads\/2020\/12\/logo-512.png\",\"width\":512,\"height\":512,\"caption\":\"SvetSlik.si\"},\"image\":{\"@id\":\"https:\/\/svetslik.si\/de\/#\/schema\/logo\/image\/\"},\"sameAs\":[\"https:\/\/www.facebook.com\/svetslik.si\",\"https:\/\/x.com\/svetslik\",\"https:\/\/www.instagram.com\/svetslik.si\/\",\"https:\/\/www.linkedin.com\/company\/svetslik-si\"]}]}<\/script>\n<meta property=\"og:availability\" content=\"backorder\" \/>\n<meta property=\"product:availability\" content=\"available for order\" \/>\n<meta property=\"product:retailer_item_id\" content=\"91__\" \/>\n<meta property=\"product:condition\" content=\"new\" \/>\n<!-- \/ Yoast SEO Premium plugin. -->","yoast_head_json":{"title":"Pierre A. Renoir - Luncheon Of The Boating Party - SVETSLIK.SI - 100% handgemalt","description":"Pierre A. Renoir - Luncheon Of The Boating Party - 100% handgemalte Gem\u00e4lde - Verkauf von Reproduktionen ber\u00fchmter Gem\u00e4lde und abstrakter Kunst - Wandbilder f\u00fcr das Wohnzimmer","robots":{"index":"index","follow":"follow","max-snippet":"max-snippet:-1","max-image-preview":"max-image-preview:large","max-video-preview":"max-video-preview:-1"},"canonical":"https:\/\/svetslik.si\/de\/pierre-a-renoir-de\/luncheon-of-the-boating-party\/","og_locale":"de_DE","og_type":"article","og_title":"Pierre A. Renoir - Luncheon Of The Boating Party","og_description":"100% ro\u010dno naslikane slike na platnu, reprodukcije znanih slikarjev in umetni\u0161ke slike po naro\u010dilu.","og_url":"https:\/\/svetslik.si\/de\/pierre-a-renoir-de\/luncheon-of-the-boating-party\/","og_site_name":"SVETSLIK.SI","article_publisher":"https:\/\/www.facebook.com\/svetslik.si","article_modified_time":"2026-03-22T18:30:15+00:00","og_image":[{"width":1920,"height":1424,"url":"https:\/\/svetslik.si\/wp-content\/uploads\/2021\/08\/image_Luncheon-Of-The-Boating-Party_680.jpg","type":"image\/jpeg"}],"twitter_card":"summary_large_image","twitter_site":"@svetslik","twitter_misc":{"Verf\u00fcgbarkeit":"bei Nachbestellung"},"schema":{"@context":"https:\/\/schema.org","@graph":[{"@type":["WebPage","ItemPage"],"@id":"https:\/\/svetslik.si\/de\/pierre-a-renoir-de\/luncheon-of-the-boating-party\/","url":"https:\/\/svetslik.si\/de\/pierre-a-renoir-de\/luncheon-of-the-boating-party\/","name":"Pierre A. Renoir - Luncheon Of The Boating Party - SVETSLIK.SI - 100% handgemalt","isPartOf":{"@id":"https:\/\/svetslik.si\/de\/#website"},"primaryImageOfPage":{"@id":"https:\/\/svetslik.si\/de\/pierre-a-renoir-de\/luncheon-of-the-boating-party\/#primaryimage"},"image":{"@id":"https:\/\/svetslik.si\/de\/pierre-a-renoir-de\/luncheon-of-the-boating-party\/#primaryimage"},"thumbnailUrl":"https:\/\/svetslik.si\/wp-content\/uploads\/2021\/08\/image_Luncheon-Of-The-Boating-Party_680.jpg","datePublished":"2021-09-02T15:43:53+00:00","dateModified":"2026-03-22T18:30:15+00:00","description":"Pierre A. Renoir - Luncheon Of The Boating Party - 100% handgemalte Gem\u00e4lde - Verkauf von Reproduktionen ber\u00fchmter Gem\u00e4lde und abstrakter Kunst - Wandbilder f\u00fcr das Wohnzimmer","breadcrumb":{"@id":"https:\/\/svetslik.si\/de\/pierre-a-renoir-de\/luncheon-of-the-boating-party\/#breadcrumb"},"inLanguage":"de","potentialAction":[{"@type":"ReadAction","target":["https:\/\/svetslik.si\/de\/pierre-a-renoir-de\/luncheon-of-the-boating-party\/"]}]},{"@type":"ImageObject","inLanguage":"de","@id":"https:\/\/svetslik.si\/de\/pierre-a-renoir-de\/luncheon-of-the-boating-party\/#primaryimage","url":"https:\/\/svetslik.si\/wp-content\/uploads\/2021\/08\/image_Luncheon-Of-The-Boating-Party_680.jpg","contentUrl":"https:\/\/svetslik.si\/wp-content\/uploads\/2021\/08\/image_Luncheon-Of-The-Boating-Party_680.jpg","width":1920,"height":1424,"caption":"Pierre A. Renoir - Luncheon Of The Boating Party (Mittagessen der Ruderparty) - Gem\u00e4lde, Leinwandbilder, Reproduktion"},{"@type":"BreadcrumbList","@id":"https:\/\/svetslik.si\/de\/pierre-a-renoir-de\/luncheon-of-the-boating-party\/#breadcrumb","itemListElement":[{"@type":"ListItem","position":1,"name":"Wandkunst und Gem\u00e4lde auf Leinwand","item":"https:\/\/svetslik.si\/de\/"},{"@type":"ListItem","position":2,"name":"Verkauf von Gem\u00e4lden","item":"https:\/\/svetslik.si\/prodaja-slik\/"},{"@type":"ListItem","position":3,"name":"Pierre A. Renoir &#8211; Luncheon Of The Boating Party"}]},{"@type":"WebSite","@id":"https:\/\/svetslik.si\/de\/#website","url":"https:\/\/svetslik.si\/de\/","name":"SVETSLIK.SI","description":"100% handgemalte Reproduktionen von Gem\u00e4lden ber\u00fchmter Maler und Gem\u00e4lde auf Leinwand.","publisher":{"@id":"https:\/\/svetslik.si\/de\/#organization"},"potentialAction":[{"@type":"SearchAction","target":{"@type":"EntryPoint","urlTemplate":"https:\/\/svetslik.si\/de\/?s={search_term_string}"},"query-input":{"@type":"PropertyValueSpecification","valueRequired":true,"valueName":"search_term_string"}}],"inLanguage":"de"},{"@type":"Organization","@id":"https:\/\/svetslik.si\/de\/#organization","name":"SvetSlik.si","url":"https:\/\/svetslik.si\/de\/","logo":{"@type":"ImageObject","inLanguage":"de","@id":"https:\/\/svetslik.si\/de\/#\/schema\/logo\/image\/","url":"https:\/\/svetslik.si\/wp-content\/uploads\/2020\/12\/logo-512.png","contentUrl":"https:\/\/svetslik.si\/wp-content\/uploads\/2020\/12\/logo-512.png","width":512,"height":512,"caption":"SvetSlik.si"},"image":{"@id":"https:\/\/svetslik.si\/de\/#\/schema\/logo\/image\/"},"sameAs":["https:\/\/www.facebook.com\/svetslik.si","https:\/\/x.com\/svetslik","https:\/\/www.instagram.com\/svetslik.si\/","https:\/\/www.linkedin.com\/company\/svetslik-si"]}]},"og_availability":"backorder","product_availability":"available for order","product_retailer_item_id":"91__","product_condition":"new"},"jetpack_sharing_enabled":true,"_links":{"self":[{"href":"https:\/\/svetslik.si\/de\/wp-json\/wp\/v2\/product\/66492","targetHints":{"allow":["GET"]}}],"collection":[{"href":"https:\/\/svetslik.si\/de\/wp-json\/wp\/v2\/product"}],"about":[{"href":"https:\/\/svetslik.si\/de\/wp-json\/wp\/v2\/types\/product"}],"wp:featuredmedia":[{"embeddable":true,"href":"https:\/\/svetslik.si\/de\/wp-json\/wp\/v2\/media\/63755"}],"wp:attachment":[{"href":"https:\/\/svetslik.si\/de\/wp-json\/wp\/v2\/media?parent=66492"}],"wp:term":[{"taxonomy":"product_brand","embeddable":true,"href":"https:\/\/svetslik.si\/de\/wp-json\/wp\/v2\/product_brand?post=66492"},{"taxonomy":"product_cat","embeddable":true,"href":"https:\/\/svetslik.si\/de\/wp-json\/wp\/v2\/product_cat?post=66492"},{"taxonomy":"product_tag","embeddable":true,"href":"https:\/\/svetslik.si\/de\/wp-json\/wp\/v2\/product_tag?post=66492"}],"curies":[{"name":"wp","href":"https:\/\/api.w.org\/{rel}","templated":true}]}}