{"id":66528,"date":"2021-09-02T17:44:10","date_gmt":"2021-09-02T15:44:10","guid":{"rendered":"https:\/\/svetslik.si\/unkategorisiert\/composition-vii\/"},"modified":"2026-03-22T19:30:59","modified_gmt":"2026-03-22T18:30:59","slug":"composition-vii","status":"publish","type":"product","link":"https:\/\/svetslik.si\/de\/vasilij-kandinski-de\/composition-vii\/","title":{"rendered":"Vasilij Kandinski &#8211; Composition VII"},"content":{"rendered":"<div class=\"wpb-content-wrapper\">[vc_row][vc_column][vc_column_text css=&#8221;&#8221;]\n<p data-pm-slice=\"1 1 []\"><div class=\"yt-lazy-video ratio-square\" data-id=\"y-sO4gGOvGE\"><\/div>\n[\/vc_column][\/vc_row][vc_row css=&#8221;.vc_custom_1680542338029{margin-bottom: 10px !important;}&#8221;][vc_column]\t<div class=\"et-image-511 et-image     et_image_link\">\n\t\t<div class=\"et-image-inner \">\n\t\t\t\t\t\t\t<div class=\"et-image-thumb \">\n\t\t\t\t\t<img decoding=\"async\" width=\"1000\" height=\"894\" src=\"https:\/\/svetslik.si\/wp-content\/uploads\/2021\/09\/Wasiliy-kandinsky-composition-IV.jpg\" class=\"attachment-full\" alt=\"Wasiliy-Kandinsky---Komposition-IV\" title=\"Wasiliy-Kandinsky---Komposition-IV\" srcset=\"https:\/\/svetslik.si\/wp-content\/uploads\/2021\/09\/Wasiliy-kandinsky-composition-IV.jpg 1000w, https:\/\/svetslik.si\/wp-content\/uploads\/2021\/09\/Wasiliy-kandinsky-composition-IV-600x536.jpg 600w, https:\/\/svetslik.si\/wp-content\/uploads\/2021\/09\/Wasiliy-kandinsky-composition-IV-300x268.jpg 300w, https:\/\/svetslik.si\/wp-content\/uploads\/2021\/09\/Wasiliy-kandinsky-composition-IV-768x687.jpg 768w, https:\/\/svetslik.si\/wp-content\/uploads\/2021\/09\/Wasiliy-kandinsky-composition-IV-150x134.jpg 150w, https:\/\/svetslik.si\/wp-content\/uploads\/2021\/09\/Wasiliy-kandinsky-composition-IV-900x805.jpg 900w\" sizes=\"(max-width: 1000px) 100vw, 1000px\" \/>\t\t\t\t<\/div>\n\t\t\t\t\t\t\t\t\t\t\t<\/div>\n\t<\/div>\n  [\/vc_column][\/vc_row][vc_row css=&#8221;.vc_custom_1680542338029{margin-bottom: 10px !important;}&#8221;][vc_column]\t<div class=\"et-image-830 et-image     et_image_link\">\n\t\t<div class=\"et-image-inner \">\n\t\t\t\t\t\t\t<div class=\"et-image-thumb \">\n\t\t\t\t\t<img decoding=\"async\" width=\"1000\" height=\"1180\" src=\"https:\/\/svetslik.si\/wp-content\/uploads\/2021\/09\/Wasiliy-kandinsky-composition-VI.jpg\" class=\"attachment-full\" alt=\"Wasiliy-Kandinsky---Komposition-VI\" title=\"Wasiliy-Kandinsky---Komposition-VI\" srcset=\"https:\/\/svetslik.si\/wp-content\/uploads\/2021\/09\/Wasiliy-kandinsky-composition-VI.jpg 1000w, https:\/\/svetslik.si\/wp-content\/uploads\/2021\/09\/Wasiliy-kandinsky-composition-VI-600x708.jpg 600w, https:\/\/svetslik.si\/wp-content\/uploads\/2021\/09\/Wasiliy-kandinsky-composition-VI-254x300.jpg 254w, https:\/\/svetslik.si\/wp-content\/uploads\/2021\/09\/Wasiliy-kandinsky-composition-VI-868x1024.jpg 868w, https:\/\/svetslik.si\/wp-content\/uploads\/2021\/09\/Wasiliy-kandinsky-composition-VI-768x906.jpg 768w, https:\/\/svetslik.si\/wp-content\/uploads\/2021\/09\/Wasiliy-kandinsky-composition-VI-127x150.jpg 127w, https:\/\/svetslik.si\/wp-content\/uploads\/2021\/09\/Wasiliy-kandinsky-composition-VI-900x1062.jpg 900w\" sizes=\"(max-width: 1000px) 100vw, 1000px\" \/>\t\t\t\t<\/div>\n\t\t\t\t\t\t\t\t\t\t\t<\/div>\n\t<\/div>\n  [\/vc_column][\/vc_row][vc_row css=&#8221;.vc_custom_1680542338029{margin-bottom: 10px !important;}&#8221;][vc_column]\t<div class=\"et-image-575 et-image     et_image_link\">\n\t\t<div class=\"et-image-inner \">\n\t\t\t\t\t\t\t<div class=\"et-image-thumb \">\n\t\t\t\t\t<img decoding=\"async\" width=\"1000\" height=\"726\" src=\"https:\/\/svetslik.si\/wp-content\/uploads\/2021\/09\/Wasiliy-kandinsky-composition-VI-1.jpg\" class=\"attachment-full\" alt=\"Wasiliy-Kandinsky---Komposition-VI-1\" title=\"Wasiliy-Kandinsky---Komposition-VI-1\" srcset=\"https:\/\/svetslik.si\/wp-content\/uploads\/2021\/09\/Wasiliy-kandinsky-composition-VI-1.jpg 1000w, https:\/\/svetslik.si\/wp-content\/uploads\/2021\/09\/Wasiliy-kandinsky-composition-VI-1-600x436.jpg 600w, https:\/\/svetslik.si\/wp-content\/uploads\/2021\/09\/Wasiliy-kandinsky-composition-VI-1-300x218.jpg 300w, https:\/\/svetslik.si\/wp-content\/uploads\/2021\/09\/Wasiliy-kandinsky-composition-VI-1-768x558.jpg 768w, https:\/\/svetslik.si\/wp-content\/uploads\/2021\/09\/Wasiliy-kandinsky-composition-VI-1-150x109.jpg 150w, https:\/\/svetslik.si\/wp-content\/uploads\/2021\/09\/Wasiliy-kandinsky-composition-VI-1-900x653.jpg 900w\" sizes=\"(max-width: 1000px) 100vw, 1000px\" \/>\t\t\t\t<\/div>\n\t\t\t\t\t\t\t\t\t\t\t<\/div>\n\t<\/div>\n  [\/vc_column][\/vc_row][vc_row css=&#8221;.vc_custom_1680542338029{margin-bottom: 10px !important;}&#8221;][vc_column]\t<div class=\"et-image-553 et-image     et_image_link\">\n\t\t<div class=\"et-image-inner \">\n\t\t\t\t\t\t\t<div class=\"et-image-thumb \">\n\t\t\t\t\t<img decoding=\"async\" width=\"2560\" height=\"1775\" src=\"https:\/\/svetslik.si\/wp-content\/uploads\/2021\/09\/Vasiliy-Kandinsky-\u2013-Composition-VII-scaled.jpg\" class=\"attachment-full\" alt=\"Vasiliy Kandinsky - Composition VII (Komposition VII)\" title=\"Vasiliy Kandinsky - Composition VII (Komposition VII)\" srcset=\"https:\/\/svetslik.si\/wp-content\/uploads\/2021\/09\/Vasiliy-Kandinsky-\u2013-Composition-VII-scaled.jpg 2560w, https:\/\/svetslik.si\/wp-content\/uploads\/2021\/09\/Vasiliy-Kandinsky-\u2013-Composition-VII-scaled-600x416.jpg 600w, https:\/\/svetslik.si\/wp-content\/uploads\/2021\/09\/Vasiliy-Kandinsky-\u2013-Composition-VII-scaled-1200x832.jpg 1200w, https:\/\/svetslik.si\/wp-content\/uploads\/2021\/09\/Vasiliy-Kandinsky-\u2013-Composition-VII-300x208.jpg 300w, https:\/\/svetslik.si\/wp-content\/uploads\/2021\/09\/Vasiliy-Kandinsky-\u2013-Composition-VII-1024x710.jpg 1024w, https:\/\/svetslik.si\/wp-content\/uploads\/2021\/09\/Vasiliy-Kandinsky-\u2013-Composition-VII-768x532.jpg 768w, https:\/\/svetslik.si\/wp-content\/uploads\/2021\/09\/Vasiliy-Kandinsky-\u2013-Composition-VII-1536x1065.jpg 1536w, https:\/\/svetslik.si\/wp-content\/uploads\/2021\/09\/Vasiliy-Kandinsky-\u2013-Composition-VII-2048x1420.jpg 2048w, https:\/\/svetslik.si\/wp-content\/uploads\/2021\/09\/Vasiliy-Kandinsky-\u2013-Composition-VII-18x12.jpg 18w, https:\/\/svetslik.si\/wp-content\/uploads\/2021\/09\/Vasiliy-Kandinsky-\u2013-Composition-VII-150x104.jpg 150w\" sizes=\"(max-width: 2560px) 100vw, 2560px\" \/>\t\t\t\t<\/div>\n\t\t\t\t\t\t\t\t\t\t\t<\/div>\n\t<\/div>\n  [\/vc_column][\/vc_row][vc_row css=&#8221;.vc_custom_1680542338029{margin-bottom: 10px !important;}&#8221;][vc_column]\t<div class=\"et-image-59 et-image     et_image_link\">\n\t\t<div class=\"et-image-inner \">\n\t\t\t\t\t\t\t<div class=\"et-image-thumb \">\n\t\t\t\t\t<img decoding=\"async\" width=\"1824\" height=\"2252\" src=\"https:\/\/svetslik.si\/wp-content\/uploads\/2021\/09\/Vasiliy-Kandinsky-\u2013-Composition-VII-2.jpg\" class=\"attachment-full\" alt=\"Vasiliy Kandinsky - Composition VII (Komposition VII)\" title=\"Vasiliy Kandinsky - Composition VII (Komposition VII)\" srcset=\"https:\/\/svetslik.si\/wp-content\/uploads\/2021\/09\/Vasiliy-Kandinsky-\u2013-Composition-VII-2.jpg 1824w, https:\/\/svetslik.si\/wp-content\/uploads\/2021\/09\/Vasiliy-Kandinsky-\u2013-Composition-VII-2-600x741.jpg 600w, https:\/\/svetslik.si\/wp-content\/uploads\/2021\/09\/Vasiliy-Kandinsky-\u2013-Composition-VII-2-1200x1482.jpg 1200w, https:\/\/svetslik.si\/wp-content\/uploads\/2021\/09\/Vasiliy-Kandinsky-\u2013-Composition-VII-2-243x300.jpg 243w, https:\/\/svetslik.si\/wp-content\/uploads\/2021\/09\/Vasiliy-Kandinsky-\u2013-Composition-VII-2-829x1024.jpg 829w, https:\/\/svetslik.si\/wp-content\/uploads\/2021\/09\/Vasiliy-Kandinsky-\u2013-Composition-VII-2-768x948.jpg 768w, https:\/\/svetslik.si\/wp-content\/uploads\/2021\/09\/Vasiliy-Kandinsky-\u2013-Composition-VII-2-1244x1536.jpg 1244w, https:\/\/svetslik.si\/wp-content\/uploads\/2021\/09\/Vasiliy-Kandinsky-\u2013-Composition-VII-2-1659x2048.jpg 1659w, https:\/\/svetslik.si\/wp-content\/uploads\/2021\/09\/Vasiliy-Kandinsky-\u2013-Composition-VII-2-10x12.jpg 10w, https:\/\/svetslik.si\/wp-content\/uploads\/2021\/09\/Vasiliy-Kandinsky-\u2013-Composition-VII-2-121x150.jpg 121w\" sizes=\"(max-width: 1824px) 100vw, 1824px\" \/>\t\t\t\t<\/div>\n\t\t\t\t\t\t\t\t\t\t\t<\/div>\n\t<\/div>\n  [\/vc_column][\/vc_row][vc_row css=&#8221;.vc_custom_1680542338029{margin-bottom: 10px !important;}&#8221;][vc_column]\t<div class=\"et-image-176 et-image     et_image_link\">\n\t\t<div class=\"et-image-inner \">\n\t\t\t\t\t\t\t<div class=\"et-image-thumb \">\n\t\t\t\t\t<img decoding=\"async\" width=\"2560\" height=\"1441\" src=\"https:\/\/svetslik.si\/wp-content\/uploads\/2021\/09\/Vasiliy-Kandinsky-\u2013-Composition-VII-3-scaled.jpg\" class=\"attachment-full\" alt=\"Vasiliy Kandinsky - Composition VII (Komposition VII)\" title=\"Vasiliy Kandinsky - Composition VII (Komposition VII)\" srcset=\"https:\/\/svetslik.si\/wp-content\/uploads\/2021\/09\/Vasiliy-Kandinsky-\u2013-Composition-VII-3-scaled.jpg 2560w, https:\/\/svetslik.si\/wp-content\/uploads\/2021\/09\/Vasiliy-Kandinsky-\u2013-Composition-VII-3-scaled-600x338.jpg 600w, https:\/\/svetslik.si\/wp-content\/uploads\/2021\/09\/Vasiliy-Kandinsky-\u2013-Composition-VII-3-scaled-1200x675.jpg 1200w, https:\/\/svetslik.si\/wp-content\/uploads\/2021\/09\/Vasiliy-Kandinsky-\u2013-Composition-VII-3-300x169.jpg 300w, https:\/\/svetslik.si\/wp-content\/uploads\/2021\/09\/Vasiliy-Kandinsky-\u2013-Composition-VII-3-1024x577.jpg 1024w, https:\/\/svetslik.si\/wp-content\/uploads\/2021\/09\/Vasiliy-Kandinsky-\u2013-Composition-VII-3-768x432.jpg 768w, https:\/\/svetslik.si\/wp-content\/uploads\/2021\/09\/Vasiliy-Kandinsky-\u2013-Composition-VII-3-1536x865.jpg 1536w, https:\/\/svetslik.si\/wp-content\/uploads\/2021\/09\/Vasiliy-Kandinsky-\u2013-Composition-VII-3-2048x1153.jpg 2048w, https:\/\/svetslik.si\/wp-content\/uploads\/2021\/09\/Vasiliy-Kandinsky-\u2013-Composition-VII-3-18x10.jpg 18w, https:\/\/svetslik.si\/wp-content\/uploads\/2021\/09\/Vasiliy-Kandinsky-\u2013-Composition-VII-3-150x84.jpg 150w\" sizes=\"(max-width: 2560px) 100vw, 2560px\" \/>\t\t\t\t<\/div>\n\t\t\t\t\t\t\t\t\t\t\t<\/div>\n\t<\/div>\n  [\/vc_column][\/vc_row][vc_row][vc_column][vc_column_text]\n<h1>Wassily Kandinsky \u2013 Komposition VII<\/h1>\n<p>&nbsp;<\/p>\n<table style=\"width: 673px;\" border=\"0\" width=\"673\" cellpadding=\"0\">\n<tbody>\n<tr>\n<td style=\"width: 180px; height: 21px;\" height=\"21\">Erstellungsjahr:<\/td>\n<td style=\"width: 493px;\">1913<\/td>\n<\/tr>\n<tr>\n<td style=\"width: 180px; height: 21px;\" height=\"21\">Originalgr\u00f6\u00dfe:<\/td>\n<td style=\"width: 493px;\">300 cm x 200 cm<\/td>\n<\/tr>\n<tr>\n<td style=\"width: 180px; height: 21px;\" height=\"21\">Lackstil:<\/td>\n<td style=\"width: 493px;\">Abstrakte Kunst<\/td>\n<\/tr>\n<tr>\n<td style=\"width: 180px; height: 21px;\" height=\"21\">Originaltechnik:<\/td>\n<td>\u00d6l auf Leinwand<\/td>\n<\/tr>\n<tr>\n<td style=\"width: 180px; height: 21px;\" height=\"21\">Standort:<\/td>\n<td>Tretjakow-Galerie, Moskau<\/td>\n<\/tr>\n<\/tbody>\n<colgroup>\n<col \/>\n<col \/> <\/colgroup>\n<\/table>\n<p>Wassily Kandinsky gilt als eine der bedeutendsten Figuren in der Geschichte der abstrakten Kunst. Sein jahrzehntelanges Werk zeichnet sich durch eine tiefgreifende Auseinandersetzung mit Farben und Formen aus und seine Gem\u00e4lde gelten als einige der ikonischsten und einflussreichsten Werke des 20. Jahrhunderts. Eines seiner ber\u00fchmtesten Werke ist \u201eKomposition VII\u201c, das als eines seiner bedeutendsten und ikonischsten Werke gilt.<\/p>\n<p>\u201eKomposition VII\u201c entstand 1913 und gilt als eines der ambitioniertesten Werke Kandinskys. Das Gem\u00e4lde ist gro\u00dfformatig und misst mehr als 6 Meter in der H\u00f6he und 9 Meter in der Breite. Die Komposition ist komplex und dynamisch und enth\u00e4lt viele verschiedene Formen und Farben, die in Bewegung zu sein scheinen und ein Gef\u00fchl von Bewegung und Energie erzeugen. Das Bild wird von einem gro\u00dfen zentralen Kreis dominiert, der von vielen kleineren Kreisen und Formen umgeben ist. Die Farben im Bild sind lebendig und kr\u00e4ftig, mit einem starken Schwerpunkt auf Rot, Blau und Gelb.<\/p>\n<p>Eines der Schl\u00fcsselelemente des Gem\u00e4ldes \u201eKomposition VII\u201c ist die Verwendung von Farbe. Kandinsky glaubte, dass Farbe Emotionen und Gef\u00fchle ausdr\u00fccken kann, deshalb verwendete er in seinen Werken oft kr\u00e4ftige, lebendige Farben. In diesem Gem\u00e4lde wird Farbe verwendet, um ein Gef\u00fchl von Bewegung und Energie zu erzeugen, da die verschiedenen Formen und Farben in Bewegung zu sein scheinen.<\/p>\n<p>Ein weiterer wichtiger Aspekt des Gem\u00e4ldes \u201eKomposition VII\u201c ist die Verwendung der Form. Kandinsky glaubte, dass Form dazu genutzt werden k\u00f6nne, spirituelle Ideen auszudr\u00fccken, weshalb er in seinen Arbeiten h\u00e4ufig geometrische Formen verwendete. In diesem Gem\u00e4lde werden Kreise und Formen verwendet, um ein Gef\u00fchl der Einheit und Harmonie zu erzeugen, wobei die verschiedenen Elemente miteinander verbunden zu sein scheinen und zusammenarbeiten.<\/p>\n<p>\u201eKomposition VII\u201c gilt als eines der bedeutendsten Werke Kandinskys und gilt f\u00fcr viele als eines der einflussreichsten Gem\u00e4lde des 20. Jahrhunderts. Das Gem\u00e4lde befindet sich derzeit in der Staatlichen Eremitage in Sankt Petersburg, Russland und gilt als eines der bedeutendsten Werke ihrer Sammlung. Es gilt weithin als Meisterwerk der abstrakten Kunst und inspiriert weiterhin neue Generationen von K\u00fcnstlern und Kunstliebhabern.[\/vc_column_text][\/vc_column][\/vc_row]\n<\/div>","protected":false},"excerpt":{"rendered":"<p>[vc_row][vc_column][vc_column_text css=&#8221;&#8221;] [\/vc_column][\/vc_row][vc_row css=&#8221;.vc_custom_1680542338029{margin-bottom: 10px !important;}&#8221;][vc_column][\/vc_column][\/vc_row][vc_row css=&#8221;.vc_custom_1680542338029{margin-bottom: 10px !important;}&#8221;][vc_column][\/vc_column][\/vc_row][vc_row css=&#8221;.vc_custom_1680542338029{margin-bottom: 10px !important;}&#8221;][vc_column][\/vc_column][\/vc_row][vc_row css=&#8221;.vc_custom_1680542338029{margin-bottom: 10px !important;}&#8221;][vc_column][\/vc_column][\/vc_row][vc_row css=&#8221;.vc_custom_1680542338029{margin-bottom: 10px !important;}&#8221;][vc_column][\/vc_column][\/vc_row][vc_row css=&#8221;.vc_custom_1680542338029{margin-bottom: 10px !important;}&#8221;][vc_column][\/vc_column][\/vc_row][vc_row][vc_column][vc_column_text] Wassily Kandinsky \u2013 Komposition VII &nbsp; Erstellungsjahr: 1913 Originalgr\u00f6\u00dfe: 300 cm x 200 cm Lackstil: Abstrakte Kunst Originaltechnik: \u00d6l auf Leinwand Standort: Tretjakow-Galerie, Moskau Wassily Kandinsky gilt als eine [&hellip;]<\/p>\n","protected":false},"featured_media":63463,"template":"","meta":{"_acf_changed":false},"product_brand":[],"product_cat":[8467],"product_tag":[8491,8492,8521,8513,8514],"class_list":{"0":"post-66528","1":"product","2":"type-product","3":"status-publish","4":"has-post-thumbnail","6":"product_cat-vasilij-kandinski-de","7":"product_tag-kandinski-de","8":"product_tag-kandinsky-de","9":"product_tag-maler","10":"product_tag-reproduktion","11":"product_tag-reproduktionen","12":"pa_dimenzija-120-x-80-cm","13":"pa_dimenzija-150-x-100-cm","14":"pa_dimenzija-210-x-140-cm","15":"pa_dimenzija-240-x-160-cm","16":"pa_dimenzija-270-x-180-cm","17":"pa_dimenzija-300-x-200-cm","18":"pa_dimenzija-40-x-70-cm","19":"pa_dimenzija-70-x-50-cm","20":"pa_dimenzija-80-x-50-cm","21":"pa_dimenzija-90-x-60-cm","22":"pa_oblika-horizontal-de","23":"pa_okvir-ohne-rahmen","24":"pa_podokvir-ja","25":"pa_podokvir-nein","27":"first","28":"instock","29":"purchasable","30":"product-type-variable","31":"has-default-attributes"},"acf":[],"yoast_head":"<!-- This site is optimized with the Yoast SEO Premium plugin v26.0 (Yoast SEO v27.2) - https:\/\/yoast.com\/product\/yoast-seo-premium-wordpress\/ -->\n<title>Vasilij Kandinski - Composition VII - SVETSLIK.SI - 100% handgemalt<\/title>\n<meta name=\"description\" content=\"Vasilij Kandinski - Composition VII - 100% handgemalte Gem\u00e4lde - Verkauf von Reproduktionen ber\u00fchmter Gem\u00e4lde und abstrakter Kunst - Wandbilder f\u00fcr das Wohnzimmer\" \/>\n<meta name=\"robots\" content=\"index, follow, max-snippet:-1, max-image-preview:large, max-video-preview:-1\" \/>\n<link rel=\"canonical\" href=\"https:\/\/svetslik.si\/de\/vasilij-kandinski-de\/composition-vii\/\" \/>\n<meta property=\"og:locale\" content=\"de_DE\" \/>\n<meta property=\"og:type\" content=\"article\" \/>\n<meta property=\"og:title\" content=\"Vasilij Kandinski - Composition VII\" \/>\n<meta property=\"og:description\" content=\"100% ro\u010dno naslikane slike na platnu, reprodukcije znanih slikarjev in umetni\u0161ke slike po naro\u010dilu.\" \/>\n<meta property=\"og:url\" content=\"https:\/\/svetslik.si\/de\/vasilij-kandinski-de\/composition-vii\/\" \/>\n<meta property=\"og:site_name\" content=\"SVETSLIK.SI\" \/>\n<meta property=\"article:publisher\" content=\"https:\/\/www.facebook.com\/svetslik.si\" \/>\n<meta property=\"article:modified_time\" content=\"2026-03-22T18:30:59+00:00\" \/>\n<meta property=\"og:image\" content=\"https:\/\/svetslik.si\/wp-content\/uploads\/2021\/08\/image_Composition-VII_680.jpg\" \/>\n\t<meta property=\"og:image:width\" content=\"2560\" \/>\n\t<meta property=\"og:image:height\" content=\"1707\" \/>\n\t<meta property=\"og:image:type\" content=\"image\/jpeg\" \/>\n<meta name=\"twitter:card\" content=\"summary_large_image\" \/>\n<meta name=\"twitter:site\" content=\"@svetslik\" \/>\n<meta name=\"twitter:label1\" content=\"Verf\u00fcgbarkeit\" \/>\n\t<meta name=\"twitter:data1\" content=\"Auf Lager\" \/>\n<script type=\"application\/ld+json\" class=\"yoast-schema-graph\">{\"@context\":\"https:\/\/schema.org\",\"@graph\":[{\"@type\":[\"WebPage\",\"ItemPage\"],\"@id\":\"https:\/\/svetslik.si\/de\/vasilij-kandinski-de\/composition-vii\/\",\"url\":\"https:\/\/svetslik.si\/de\/vasilij-kandinski-de\/composition-vii\/\",\"name\":\"Vasilij Kandinski - Composition VII - SVETSLIK.SI - 100% handgemalt\",\"isPartOf\":{\"@id\":\"https:\/\/svetslik.si\/de\/#website\"},\"primaryImageOfPage\":{\"@id\":\"https:\/\/svetslik.si\/de\/vasilij-kandinski-de\/composition-vii\/#primaryimage\"},\"image\":{\"@id\":\"https:\/\/svetslik.si\/de\/vasilij-kandinski-de\/composition-vii\/#primaryimage\"},\"thumbnailUrl\":\"https:\/\/svetslik.si\/wp-content\/uploads\/2021\/08\/image_Composition-VII_680.jpg\",\"datePublished\":\"2021-09-02T15:44:10+00:00\",\"dateModified\":\"2026-03-22T18:30:59+00:00\",\"description\":\"Vasilij Kandinski - Composition VII - 100% handgemalte Gem\u00e4lde - Verkauf von Reproduktionen ber\u00fchmter Gem\u00e4lde und abstrakter Kunst - Wandbilder f\u00fcr das Wohnzimmer\",\"breadcrumb\":{\"@id\":\"https:\/\/svetslik.si\/de\/vasilij-kandinski-de\/composition-vii\/#breadcrumb\"},\"inLanguage\":\"de\",\"potentialAction\":[{\"@type\":\"ReadAction\",\"target\":[\"https:\/\/svetslik.si\/de\/vasilij-kandinski-de\/composition-vii\/\"]}]},{\"@type\":\"ImageObject\",\"inLanguage\":\"de\",\"@id\":\"https:\/\/svetslik.si\/de\/vasilij-kandinski-de\/composition-vii\/#primaryimage\",\"url\":\"https:\/\/svetslik.si\/wp-content\/uploads\/2021\/08\/image_Composition-VII_680.jpg\",\"contentUrl\":\"https:\/\/svetslik.si\/wp-content\/uploads\/2021\/08\/image_Composition-VII_680.jpg\",\"width\":2560,\"height\":1707,\"caption\":\"Vasilij Kandinski - Composition VIIII (Komposition VIIII) Gem\u00e4lde, Leinwandbilder - 100% handgemalte, Reproduktionen ber\u00fchmter Gem\u00e4lde, Gem\u00e4lde kaufen, Wandbilder Wohnzimmer, ber\u00fchmtes Gem\u00e4lde, \u00d6lgem\u00e4lde, Bilderrahmen\"},{\"@type\":\"BreadcrumbList\",\"@id\":\"https:\/\/svetslik.si\/de\/vasilij-kandinski-de\/composition-vii\/#breadcrumb\",\"itemListElement\":[{\"@type\":\"ListItem\",\"position\":1,\"name\":\"Wandkunst und Gem\u00e4lde auf Leinwand\",\"item\":\"https:\/\/svetslik.si\/de\/\"},{\"@type\":\"ListItem\",\"position\":2,\"name\":\"Verkauf von Gem\u00e4lden\",\"item\":\"https:\/\/svetslik.si\/prodaja-slik\/\"},{\"@type\":\"ListItem\",\"position\":3,\"name\":\"Vasilij Kandinski &#8211; Composition VII\"}]},{\"@type\":\"WebSite\",\"@id\":\"https:\/\/svetslik.si\/de\/#website\",\"url\":\"https:\/\/svetslik.si\/de\/\",\"name\":\"SVETSLIK.SI\",\"description\":\"100% handgemalte Reproduktionen von Gem\u00e4lden ber\u00fchmter Maler und Gem\u00e4lde auf Leinwand.\",\"publisher\":{\"@id\":\"https:\/\/svetslik.si\/de\/#organization\"},\"potentialAction\":[{\"@type\":\"SearchAction\",\"target\":{\"@type\":\"EntryPoint\",\"urlTemplate\":\"https:\/\/svetslik.si\/de\/?s={search_term_string}\"},\"query-input\":{\"@type\":\"PropertyValueSpecification\",\"valueRequired\":true,\"valueName\":\"search_term_string\"}}],\"inLanguage\":\"de\"},{\"@type\":\"Organization\",\"@id\":\"https:\/\/svetslik.si\/de\/#organization\",\"name\":\"SvetSlik.si\",\"url\":\"https:\/\/svetslik.si\/de\/\",\"logo\":{\"@type\":\"ImageObject\",\"inLanguage\":\"de\",\"@id\":\"https:\/\/svetslik.si\/de\/#\/schema\/logo\/image\/\",\"url\":\"https:\/\/svetslik.si\/wp-content\/uploads\/2020\/12\/logo-512.png\",\"contentUrl\":\"https:\/\/svetslik.si\/wp-content\/uploads\/2020\/12\/logo-512.png\",\"width\":512,\"height\":512,\"caption\":\"SvetSlik.si\"},\"image\":{\"@id\":\"https:\/\/svetslik.si\/de\/#\/schema\/logo\/image\/\"},\"sameAs\":[\"https:\/\/www.facebook.com\/svetslik.si\",\"https:\/\/x.com\/svetslik\",\"https:\/\/www.instagram.com\/svetslik.si\/\",\"https:\/\/www.linkedin.com\/company\/svetslik-si\"]}]}<\/script>\n<meta property=\"og:availability\" content=\"instock\" \/>\n<meta property=\"product:availability\" content=\"instock\" \/>\n<meta property=\"product:retailer_item_id\" content=\"96__\" \/>\n<meta property=\"product:condition\" content=\"new\" \/>\n<!-- \/ Yoast SEO Premium plugin. -->","yoast_head_json":{"title":"Vasilij Kandinski - Composition VII - SVETSLIK.SI - 100% handgemalt","description":"Vasilij Kandinski - Composition VII - 100% handgemalte Gem\u00e4lde - Verkauf von Reproduktionen ber\u00fchmter Gem\u00e4lde und abstrakter Kunst - Wandbilder f\u00fcr das Wohnzimmer","robots":{"index":"index","follow":"follow","max-snippet":"max-snippet:-1","max-image-preview":"max-image-preview:large","max-video-preview":"max-video-preview:-1"},"canonical":"https:\/\/svetslik.si\/de\/vasilij-kandinski-de\/composition-vii\/","og_locale":"de_DE","og_type":"article","og_title":"Vasilij Kandinski - Composition VII","og_description":"100% ro\u010dno naslikane slike na platnu, reprodukcije znanih slikarjev in umetni\u0161ke slike po naro\u010dilu.","og_url":"https:\/\/svetslik.si\/de\/vasilij-kandinski-de\/composition-vii\/","og_site_name":"SVETSLIK.SI","article_publisher":"https:\/\/www.facebook.com\/svetslik.si","article_modified_time":"2026-03-22T18:30:59+00:00","og_image":[{"width":2560,"height":1707,"url":"https:\/\/svetslik.si\/wp-content\/uploads\/2021\/08\/image_Composition-VII_680.jpg","type":"image\/jpeg"}],"twitter_card":"summary_large_image","twitter_site":"@svetslik","twitter_misc":{"Verf\u00fcgbarkeit":"Auf Lager"},"schema":{"@context":"https:\/\/schema.org","@graph":[{"@type":["WebPage","ItemPage"],"@id":"https:\/\/svetslik.si\/de\/vasilij-kandinski-de\/composition-vii\/","url":"https:\/\/svetslik.si\/de\/vasilij-kandinski-de\/composition-vii\/","name":"Vasilij Kandinski - Composition VII - SVETSLIK.SI - 100% handgemalt","isPartOf":{"@id":"https:\/\/svetslik.si\/de\/#website"},"primaryImageOfPage":{"@id":"https:\/\/svetslik.si\/de\/vasilij-kandinski-de\/composition-vii\/#primaryimage"},"image":{"@id":"https:\/\/svetslik.si\/de\/vasilij-kandinski-de\/composition-vii\/#primaryimage"},"thumbnailUrl":"https:\/\/svetslik.si\/wp-content\/uploads\/2021\/08\/image_Composition-VII_680.jpg","datePublished":"2021-09-02T15:44:10+00:00","dateModified":"2026-03-22T18:30:59+00:00","description":"Vasilij Kandinski - Composition VII - 100% handgemalte Gem\u00e4lde - Verkauf von Reproduktionen ber\u00fchmter Gem\u00e4lde und abstrakter Kunst - Wandbilder f\u00fcr das Wohnzimmer","breadcrumb":{"@id":"https:\/\/svetslik.si\/de\/vasilij-kandinski-de\/composition-vii\/#breadcrumb"},"inLanguage":"de","potentialAction":[{"@type":"ReadAction","target":["https:\/\/svetslik.si\/de\/vasilij-kandinski-de\/composition-vii\/"]}]},{"@type":"ImageObject","inLanguage":"de","@id":"https:\/\/svetslik.si\/de\/vasilij-kandinski-de\/composition-vii\/#primaryimage","url":"https:\/\/svetslik.si\/wp-content\/uploads\/2021\/08\/image_Composition-VII_680.jpg","contentUrl":"https:\/\/svetslik.si\/wp-content\/uploads\/2021\/08\/image_Composition-VII_680.jpg","width":2560,"height":1707,"caption":"Vasilij Kandinski - Composition VIIII (Komposition VIIII) Gem\u00e4lde, Leinwandbilder - 100% handgemalte, Reproduktionen ber\u00fchmter Gem\u00e4lde, Gem\u00e4lde kaufen, Wandbilder Wohnzimmer, ber\u00fchmtes Gem\u00e4lde, \u00d6lgem\u00e4lde, Bilderrahmen"},{"@type":"BreadcrumbList","@id":"https:\/\/svetslik.si\/de\/vasilij-kandinski-de\/composition-vii\/#breadcrumb","itemListElement":[{"@type":"ListItem","position":1,"name":"Wandkunst und Gem\u00e4lde auf Leinwand","item":"https:\/\/svetslik.si\/de\/"},{"@type":"ListItem","position":2,"name":"Verkauf von Gem\u00e4lden","item":"https:\/\/svetslik.si\/prodaja-slik\/"},{"@type":"ListItem","position":3,"name":"Vasilij Kandinski &#8211; Composition VII"}]},{"@type":"WebSite","@id":"https:\/\/svetslik.si\/de\/#website","url":"https:\/\/svetslik.si\/de\/","name":"SVETSLIK.SI","description":"100% handgemalte Reproduktionen von Gem\u00e4lden ber\u00fchmter Maler und Gem\u00e4lde auf Leinwand.","publisher":{"@id":"https:\/\/svetslik.si\/de\/#organization"},"potentialAction":[{"@type":"SearchAction","target":{"@type":"EntryPoint","urlTemplate":"https:\/\/svetslik.si\/de\/?s={search_term_string}"},"query-input":{"@type":"PropertyValueSpecification","valueRequired":true,"valueName":"search_term_string"}}],"inLanguage":"de"},{"@type":"Organization","@id":"https:\/\/svetslik.si\/de\/#organization","name":"SvetSlik.si","url":"https:\/\/svetslik.si\/de\/","logo":{"@type":"ImageObject","inLanguage":"de","@id":"https:\/\/svetslik.si\/de\/#\/schema\/logo\/image\/","url":"https:\/\/svetslik.si\/wp-content\/uploads\/2020\/12\/logo-512.png","contentUrl":"https:\/\/svetslik.si\/wp-content\/uploads\/2020\/12\/logo-512.png","width":512,"height":512,"caption":"SvetSlik.si"},"image":{"@id":"https:\/\/svetslik.si\/de\/#\/schema\/logo\/image\/"},"sameAs":["https:\/\/www.facebook.com\/svetslik.si","https:\/\/x.com\/svetslik","https:\/\/www.instagram.com\/svetslik.si\/","https:\/\/www.linkedin.com\/company\/svetslik-si"]}]},"og_availability":"instock","product_availability":"instock","product_retailer_item_id":"96__","product_condition":"new"},"jetpack_sharing_enabled":true,"_links":{"self":[{"href":"https:\/\/svetslik.si\/de\/wp-json\/wp\/v2\/product\/66528","targetHints":{"allow":["GET"]}}],"collection":[{"href":"https:\/\/svetslik.si\/de\/wp-json\/wp\/v2\/product"}],"about":[{"href":"https:\/\/svetslik.si\/de\/wp-json\/wp\/v2\/types\/product"}],"wp:featuredmedia":[{"embeddable":true,"href":"https:\/\/svetslik.si\/de\/wp-json\/wp\/v2\/media\/63463"}],"wp:attachment":[{"href":"https:\/\/svetslik.si\/de\/wp-json\/wp\/v2\/media?parent=66528"}],"wp:term":[{"taxonomy":"product_brand","embeddable":true,"href":"https:\/\/svetslik.si\/de\/wp-json\/wp\/v2\/product_brand?post=66528"},{"taxonomy":"product_cat","embeddable":true,"href":"https:\/\/svetslik.si\/de\/wp-json\/wp\/v2\/product_cat?post=66528"},{"taxonomy":"product_tag","embeddable":true,"href":"https:\/\/svetslik.si\/de\/wp-json\/wp\/v2\/product_tag?post=66528"}],"curies":[{"name":"wp","href":"https:\/\/api.w.org\/{rel}","templated":true}]}}