{"id":66763,"date":"2021-09-02T17:45:26","date_gmt":"2021-09-02T15:45:26","guid":{"rendered":"https:\/\/svetslik.si\/unkategorisiert\/tiger\/"},"modified":"2026-03-22T19:36:32","modified_gmt":"2026-03-22T18:36:32","slug":"tiger","status":"publish","type":"product","link":"https:\/\/svetslik.si\/de\/salvador-dali-de\/tiger\/","title":{"rendered":"Salvador Dali &#8211; Tiger"},"content":{"rendered":"<div class=\"wpb-content-wrapper\">[vc_row css=&#8221;.vc_custom_1736162874800{margin-bottom: 10px !important;}&#8221;][vc_column]\t<div class=\"et-image-948 et-image     et_image_link\">\n\t\t<div class=\"et-image-inner \">\n\t\t\t\t\t\t\t<div class=\"et-image-thumb \">\n\t\t\t\t\t<img decoding=\"async\" width=\"1000\" height=\"768\" src=\"https:\/\/svetslik.si\/wp-content\/uploads\/2021\/09\/Salvador-Dali-\u2013-TigerSalvador-Dali-\u2013-Tiger-reprodukcija-slike-4.jpg\" class=\"attachment-full\" alt=\"Salvador Dali - Tiger\" title=\"Salvador Dali - Tiger\" srcset=\"https:\/\/svetslik.si\/wp-content\/uploads\/2021\/09\/Salvador-Dali-\u2013-TigerSalvador-Dali-\u2013-Tiger-reprodukcija-slike-4.jpg 1000w, https:\/\/svetslik.si\/wp-content\/uploads\/2021\/09\/Salvador-Dali-\u2013-TigerSalvador-Dali-\u2013-Tiger-reprodukcija-slike-4-600x461.jpg 600w, https:\/\/svetslik.si\/wp-content\/uploads\/2021\/09\/Salvador-Dali-\u2013-TigerSalvador-Dali-\u2013-Tiger-reprodukcija-slike-4-300x230.jpg 300w, https:\/\/svetslik.si\/wp-content\/uploads\/2021\/09\/Salvador-Dali-\u2013-TigerSalvador-Dali-\u2013-Tiger-reprodukcija-slike-4-768x590.jpg 768w, https:\/\/svetslik.si\/wp-content\/uploads\/2021\/09\/Salvador-Dali-\u2013-TigerSalvador-Dali-\u2013-Tiger-reprodukcija-slike-4-150x115.jpg 150w, https:\/\/svetslik.si\/wp-content\/uploads\/2021\/09\/Salvador-Dali-\u2013-TigerSalvador-Dali-\u2013-Tiger-reprodukcija-slike-4-900x691.jpg 900w\" sizes=\"(max-width: 1000px) 100vw, 1000px\" \/>\t\t\t\t<\/div>\n\t\t\t\t\t\t\t\t\t\t\t<\/div>\n\t<\/div>\n  [\/vc_column][\/vc_row][vc_row css=&#8221;.vc_custom_1736162874800{margin-bottom: 10px !important;}&#8221;][vc_column]\t<div class=\"et-image-241 et-image     et_image_link\">\n\t\t<div class=\"et-image-inner \">\n\t\t\t\t\t\t\t<div class=\"et-image-thumb \">\n\t\t\t\t\t<img decoding=\"async\" width=\"1000\" height=\"636\" src=\"https:\/\/svetslik.si\/wp-content\/uploads\/2021\/09\/Salvador-Dali-\u2013-TigerSalvador-Dali-\u2013-Tiger-reprodukcija-slike.jpg\" class=\"attachment-full\" alt=\"Salvador Dali - Tiger\" title=\"Salvador Dali - Tiger\" srcset=\"https:\/\/svetslik.si\/wp-content\/uploads\/2021\/09\/Salvador-Dali-\u2013-TigerSalvador-Dali-\u2013-Tiger-reprodukcija-slike.jpg 1000w, https:\/\/svetslik.si\/wp-content\/uploads\/2021\/09\/Salvador-Dali-\u2013-TigerSalvador-Dali-\u2013-Tiger-reprodukcija-slike-600x382.jpg 600w, https:\/\/svetslik.si\/wp-content\/uploads\/2021\/09\/Salvador-Dali-\u2013-TigerSalvador-Dali-\u2013-Tiger-reprodukcija-slike-300x191.jpg 300w, https:\/\/svetslik.si\/wp-content\/uploads\/2021\/09\/Salvador-Dali-\u2013-TigerSalvador-Dali-\u2013-Tiger-reprodukcija-slike-768x488.jpg 768w, https:\/\/svetslik.si\/wp-content\/uploads\/2021\/09\/Salvador-Dali-\u2013-TigerSalvador-Dali-\u2013-Tiger-reprodukcija-slike-150x95.jpg 150w, https:\/\/svetslik.si\/wp-content\/uploads\/2021\/09\/Salvador-Dali-\u2013-TigerSalvador-Dali-\u2013-Tiger-reprodukcija-slike-900x572.jpg 900w\" sizes=\"(max-width: 1000px) 100vw, 1000px\" \/>\t\t\t\t<\/div>\n\t\t\t\t\t\t\t\t\t\t\t<\/div>\n\t<\/div>\n  [\/vc_column][\/vc_row][vc_row css=&#8221;.vc_custom_1736162874800{margin-bottom: 10px !important;}&#8221;][vc_column]\t<div class=\"et-image-38 et-image     et_image_link\">\n\t\t<div class=\"et-image-inner \">\n\t\t\t\t\t\t\t<div class=\"et-image-thumb \">\n\t\t\t\t\t<img decoding=\"async\" width=\"1000\" height=\"1778\" src=\"https:\/\/svetslik.si\/wp-content\/uploads\/2021\/09\/Salvador-Dali-\u2013-TigerSalvador-Dali-\u2013-Tiger-reprodukcija-slike-1.jpg\" class=\"attachment-full\" alt=\"Salvador Dali - Tiger\" title=\"Salvador Dali - Tiger\" srcset=\"https:\/\/svetslik.si\/wp-content\/uploads\/2021\/09\/Salvador-Dali-\u2013-TigerSalvador-Dali-\u2013-Tiger-reprodukcija-slike-1.jpg 1000w, https:\/\/svetslik.si\/wp-content\/uploads\/2021\/09\/Salvador-Dali-\u2013-TigerSalvador-Dali-\u2013-Tiger-reprodukcija-slike-1-600x1067.jpg 600w, https:\/\/svetslik.si\/wp-content\/uploads\/2021\/09\/Salvador-Dali-\u2013-TigerSalvador-Dali-\u2013-Tiger-reprodukcija-slike-1-169x300.jpg 169w, https:\/\/svetslik.si\/wp-content\/uploads\/2021\/09\/Salvador-Dali-\u2013-TigerSalvador-Dali-\u2013-Tiger-reprodukcija-slike-1-576x1024.jpg 576w, https:\/\/svetslik.si\/wp-content\/uploads\/2021\/09\/Salvador-Dali-\u2013-TigerSalvador-Dali-\u2013-Tiger-reprodukcija-slike-1-768x1366.jpg 768w, https:\/\/svetslik.si\/wp-content\/uploads\/2021\/09\/Salvador-Dali-\u2013-TigerSalvador-Dali-\u2013-Tiger-reprodukcija-slike-1-864x1536.jpg 864w, https:\/\/svetslik.si\/wp-content\/uploads\/2021\/09\/Salvador-Dali-\u2013-TigerSalvador-Dali-\u2013-Tiger-reprodukcija-slike-1-84x150.jpg 84w, https:\/\/svetslik.si\/wp-content\/uploads\/2021\/09\/Salvador-Dali-\u2013-TigerSalvador-Dali-\u2013-Tiger-reprodukcija-slike-1-900x1600.jpg 900w\" sizes=\"(max-width: 1000px) 100vw, 1000px\" \/>\t\t\t\t<\/div>\n\t\t\t\t\t\t\t\t\t\t\t<\/div>\n\t<\/div>\n  [\/vc_column][\/vc_row][vc_row][vc_column][vc_column_text]\n<h1>Salvador Dali \u2013 Tiger<\/h1>\n<p>&nbsp;<\/p>\n<table style=\"width: 673px;\" border=\"0\" width=\"673\" cellpadding=\"0\">\n<tbody>\n<tr>\n<td style=\"width: 180px; height: 21px;\" height=\"21\">Erstellungsjahr:<\/td>\n<td style=\"width: 493px;\">1963<\/td>\n<\/tr>\n<tr>\n<td style=\"width: 180px; height: 21px;\" height=\"21\">Originalgr\u00f6\u00dfe:<\/td>\n<td style=\"width: 493px;\">229 cm x 200 cm<\/td>\n<\/tr>\n<tr>\n<td style=\"width: 180px; height: 21px;\" height=\"21\">Lackstil:<\/td>\n<td>\n<div>\n<div>\n<div>\n<div>\n<div>Surrealismus<\/div>\n<\/div>\n<\/div>\n<\/div>\n<\/div>\n<\/td>\n<\/tr>\n<tr>\n<td style=\"width: 180px; height: 21px;\" height=\"21\">Originaltechnik:<\/td>\n<td>\u00d6l auf Leinwand<\/td>\n<\/tr>\n<tr>\n<td style=\"width: 180px; height: 21px;\" height=\"21\">Standort:<\/td>\n<td>\n<div>\n<div>\n<div>\n<div>\n<div>Dali Theater-Museum, Spanien<\/div>\n<\/div>\n<\/div>\n<\/div>\n<\/div>\n<\/td>\n<\/tr>\n<\/tbody>\n<colgroup>\n<col \/>\n<col \/> <\/colgroup>\n<\/table>\n<p>&nbsp;<\/p>\n<p>Salvador Dal\u00eds Gem\u00e4lde \u201eTiger Write\u201c ist ein eindrucksvolles und zum Nachdenken anregendes Gem\u00e4lde, das den einzigartigen surrealistischen Stil des K\u00fcnstlers zeigt. Das 1942 entstandene Gem\u00e4lde \u201eTiger Write\u201c zeigt einen Tiger, dessen K\u00f6rper in Kursivschrift geformt ist, als best\u00fcnde der Tiger aus geschriebenen Worten. Der Hintergrund ist dunkelblau und bildet einen starken Kontrast zum orange-schwarzen Tiger.<\/p>\n<p>Das Gem\u00e4lde kommentiert die Kraft von Sprache und Schrift. Der Tiger, ein Symbol f\u00fcr St\u00e4rke und Wildheit, wird in eine Reihe geschriebener W\u00f6rter verwandelt, was darauf hindeutet, dass Sprache die gleiche Macht hat wie k\u00f6rperliche St\u00e4rke. Dies kann als Kritik an der Art und Weise interpretiert werden, wie Sprache zur Kontrolle und Manipulation von Menschen eingesetzt wird, wobei der Tiger f\u00fcr rohe Macht und das geschriebene Wort f\u00fcr die Macht der Sprache steht.<\/p>\n<p>\u201eTiger Write\u201c ist ein perfektes Beispiel f\u00fcr Salvador Dal\u00eds F\u00e4higkeit, Werke zu schaffen, die sowohl visuell beeindruckend als auch intellektuell anregend sind. Das Gem\u00e4lde ist im Salvador Dali Museum in St. Petersburg, Florida und im Centre Georges Pompidou in Paris, Frankreich, ausgestellt.<\/p>\n<p>Aufgrund seines Ruhms und Einflusses sind Dal\u00eds Werke bei Sammlern und Kunstliebhabern sehr begehrt. Seine Werke haben einen hohen Wiedererkennungswert und sind in bedeutenden Kunstmuseen auf der ganzen Welt zu finden, was ihn zu einem der ber\u00fchmtesten K\u00fcnstler des 20. Jahrhunderts macht. Dal\u00eds Werke inspirieren und beeinflussen auch heute noch K\u00fcnstler und machen sie zu einem Muss f\u00fcr Kunstliebhaber und Sammler.<\/p>\n<\/div>","protected":false},"excerpt":{"rendered":"<p>[vc_row css=&#8221;.vc_custom_1736162874800{margin-bottom: 10px !important;}&#8221;][vc_column][\/vc_column][\/vc_row][vc_row css=&#8221;.vc_custom_1736162874800{margin-bottom: 10px !important;}&#8221;][vc_column][\/vc_column][\/vc_row][vc_row css=&#8221;.vc_custom_1736162874800{margin-bottom: 10px !important;}&#8221;][vc_column][\/vc_column][\/vc_row][vc_row][vc_column][vc_column_text] Salvador Dali \u2013 Tiger &nbsp; Erstellungsjahr: 1963 Originalgr\u00f6\u00dfe: 229 cm x 200 cm Lackstil: Surrealismus Originaltechnik: \u00d6l auf Leinwand Standort: Dali Theater-Museum, Spanien &nbsp; Salvador Dal\u00eds Gem\u00e4lde \u201eTiger Write\u201c ist ein eindrucksvolles und zum Nachdenken anregendes Gem\u00e4lde, das den einzigartigen [&hellip;]<\/p>\n","protected":false},"featured_media":64240,"template":"","meta":{"_acf_changed":false},"product_brand":[],"product_cat":[8452],"product_tag":[8482,8521,8513,8514,8519],"class_list":{"0":"post-66763","1":"product","2":"type-product","3":"status-publish","4":"has-post-thumbnail","6":"product_cat-salvador-dali-de","7":"product_tag-dali-de","8":"product_tag-maler","9":"product_tag-reproduktion","10":"product_tag-reproduktionen","11":"product_tag-salvador-dali-de","12":"pa_dimenzija-120-x-140-cm","13":"pa_dimenzija-200-x-230-cm","14":"pa_dimenzija-40-x-50-cm","15":"pa_dimenzija-50-x-60-cm","16":"pa_dimenzija-70-x-80-cm","17":"pa_dimenzija-80-x-90-cm","18":"pa_dimenzija-90-x-100-cm","19":"pa_oblika-horizontal-de","20":"pa_okvir-ohne-rahmen","21":"pa_podokvir-ja","22":"pa_podokvir-nein","24":"first","25":"onbackorder","26":"purchasable","27":"product-type-variable","28":"has-default-attributes"},"acf":[],"yoast_head":"<!-- This site is optimized with the Yoast SEO Premium plugin v26.0 (Yoast SEO v27.2) - https:\/\/yoast.com\/product\/yoast-seo-premium-wordpress\/ -->\n<title>Salvador Dali - Tiger - SVETSLIK.SI - 100% handgemalt<\/title>\n<meta name=\"description\" content=\"Salvador Dali - Tiger - 100% handgemalte Gem\u00e4lde - Verkauf von Reproduktionen ber\u00fchmter Gem\u00e4lde und abstrakter Kunst - Wandbilder f\u00fcr das Wohnzimmer\" \/>\n<meta name=\"robots\" content=\"index, follow, max-snippet:-1, max-image-preview:large, max-video-preview:-1\" \/>\n<link rel=\"canonical\" href=\"https:\/\/svetslik.si\/de\/salvador-dali-de\/tiger\/\" \/>\n<meta property=\"og:locale\" content=\"de_DE\" \/>\n<meta property=\"og:type\" content=\"article\" \/>\n<meta property=\"og:title\" content=\"Salvador Dali - Tiger\" \/>\n<meta property=\"og:description\" content=\"100% ro\u010dno naslikane slike na platnu, reprodukcije znanih slikarjev in umetni\u0161ke slike po naro\u010dilu.\" \/>\n<meta property=\"og:url\" content=\"https:\/\/svetslik.si\/de\/salvador-dali-de\/tiger\/\" \/>\n<meta property=\"og:site_name\" content=\"SVETSLIK.SI\" \/>\n<meta property=\"article:publisher\" content=\"https:\/\/www.facebook.com\/svetslik.si\" \/>\n<meta property=\"article:modified_time\" content=\"2026-03-22T18:36:32+00:00\" \/>\n<meta property=\"og:image\" content=\"https:\/\/svetslik.si\/wp-content\/uploads\/2021\/08\/image_Tiger_680.jpg\" \/>\n\t<meta property=\"og:image:width\" content=\"2187\" \/>\n\t<meta property=\"og:image:height\" content=\"1922\" \/>\n\t<meta property=\"og:image:type\" content=\"image\/jpeg\" \/>\n<meta name=\"twitter:card\" content=\"summary_large_image\" \/>\n<meta name=\"twitter:site\" content=\"@svetslik\" \/>\n<meta name=\"twitter:label1\" content=\"Verf\u00fcgbarkeit\" \/>\n\t<meta name=\"twitter:data1\" content=\"bei Nachbestellung\" \/>\n<script type=\"application\/ld+json\" class=\"yoast-schema-graph\">{\"@context\":\"https:\/\/schema.org\",\"@graph\":[{\"@type\":[\"WebPage\",\"ItemPage\"],\"@id\":\"https:\/\/svetslik.si\/de\/salvador-dali-de\/tiger\/\",\"url\":\"https:\/\/svetslik.si\/de\/salvador-dali-de\/tiger\/\",\"name\":\"Salvador Dali - Tiger - SVETSLIK.SI - 100% handgemalt\",\"isPartOf\":{\"@id\":\"https:\/\/svetslik.si\/de\/#website\"},\"primaryImageOfPage\":{\"@id\":\"https:\/\/svetslik.si\/de\/salvador-dali-de\/tiger\/#primaryimage\"},\"image\":{\"@id\":\"https:\/\/svetslik.si\/de\/salvador-dali-de\/tiger\/#primaryimage\"},\"thumbnailUrl\":\"https:\/\/svetslik.si\/wp-content\/uploads\/2021\/08\/image_Tiger_680.jpg\",\"datePublished\":\"2021-09-02T15:45:26+00:00\",\"dateModified\":\"2026-03-22T18:36:32+00:00\",\"description\":\"Salvador Dali - Tiger - 100% handgemalte Gem\u00e4lde - Verkauf von Reproduktionen ber\u00fchmter Gem\u00e4lde und abstrakter Kunst - Wandbilder f\u00fcr das Wohnzimmer\",\"breadcrumb\":{\"@id\":\"https:\/\/svetslik.si\/de\/salvador-dali-de\/tiger\/#breadcrumb\"},\"inLanguage\":\"de\",\"potentialAction\":[{\"@type\":\"ReadAction\",\"target\":[\"https:\/\/svetslik.si\/de\/salvador-dali-de\/tiger\/\"]}]},{\"@type\":\"ImageObject\",\"inLanguage\":\"de\",\"@id\":\"https:\/\/svetslik.si\/de\/salvador-dali-de\/tiger\/#primaryimage\",\"url\":\"https:\/\/svetslik.si\/wp-content\/uploads\/2021\/08\/image_Tiger_680.jpg\",\"contentUrl\":\"https:\/\/svetslik.si\/wp-content\/uploads\/2021\/08\/image_Tiger_680.jpg\",\"width\":2187,\"height\":1922,\"caption\":\"Salvador Dali - Tiger (Tiger) Gem\u00e4lde, Leinwandbilder - 100% handgemalte, Reproduktionen ber\u00fchmter Gem\u00e4lde, Gem\u00e4lde kaufen, Wandbilder Wohnzimmer, ber\u00fchmtes Gem\u00e4lde, \u00d6lgem\u00e4lde, Bilderrahmen\"},{\"@type\":\"BreadcrumbList\",\"@id\":\"https:\/\/svetslik.si\/de\/salvador-dali-de\/tiger\/#breadcrumb\",\"itemListElement\":[{\"@type\":\"ListItem\",\"position\":1,\"name\":\"Wandkunst und Gem\u00e4lde auf Leinwand\",\"item\":\"https:\/\/svetslik.si\/de\/\"},{\"@type\":\"ListItem\",\"position\":2,\"name\":\"Verkauf von Gem\u00e4lden\",\"item\":\"https:\/\/svetslik.si\/prodaja-slik\/\"},{\"@type\":\"ListItem\",\"position\":3,\"name\":\"Salvador Dali &#8211; Tiger\"}]},{\"@type\":\"WebSite\",\"@id\":\"https:\/\/svetslik.si\/de\/#website\",\"url\":\"https:\/\/svetslik.si\/de\/\",\"name\":\"SVETSLIK.SI\",\"description\":\"100% handgemalte Reproduktionen von Gem\u00e4lden ber\u00fchmter Maler und Gem\u00e4lde auf Leinwand.\",\"publisher\":{\"@id\":\"https:\/\/svetslik.si\/de\/#organization\"},\"potentialAction\":[{\"@type\":\"SearchAction\",\"target\":{\"@type\":\"EntryPoint\",\"urlTemplate\":\"https:\/\/svetslik.si\/de\/?s={search_term_string}\"},\"query-input\":{\"@type\":\"PropertyValueSpecification\",\"valueRequired\":true,\"valueName\":\"search_term_string\"}}],\"inLanguage\":\"de\"},{\"@type\":\"Organization\",\"@id\":\"https:\/\/svetslik.si\/de\/#organization\",\"name\":\"SvetSlik.si\",\"url\":\"https:\/\/svetslik.si\/de\/\",\"logo\":{\"@type\":\"ImageObject\",\"inLanguage\":\"de\",\"@id\":\"https:\/\/svetslik.si\/de\/#\/schema\/logo\/image\/\",\"url\":\"https:\/\/svetslik.si\/wp-content\/uploads\/2020\/12\/logo-512.png\",\"contentUrl\":\"https:\/\/svetslik.si\/wp-content\/uploads\/2020\/12\/logo-512.png\",\"width\":512,\"height\":512,\"caption\":\"SvetSlik.si\"},\"image\":{\"@id\":\"https:\/\/svetslik.si\/de\/#\/schema\/logo\/image\/\"},\"sameAs\":[\"https:\/\/www.facebook.com\/svetslik.si\",\"https:\/\/x.com\/svetslik\",\"https:\/\/www.instagram.com\/svetslik.si\/\",\"https:\/\/www.linkedin.com\/company\/svetslik-si\"]}]}<\/script>\n<meta property=\"og:availability\" content=\"backorder\" \/>\n<meta property=\"product:availability\" content=\"available for order\" \/>\n<meta property=\"product:retailer_item_id\" content=\"124__\" \/>\n<meta property=\"product:condition\" content=\"new\" \/>\n<!-- \/ Yoast SEO Premium plugin. -->","yoast_head_json":{"title":"Salvador Dali - Tiger - SVETSLIK.SI - 100% handgemalt","description":"Salvador Dali - Tiger - 100% handgemalte Gem\u00e4lde - Verkauf von Reproduktionen ber\u00fchmter Gem\u00e4lde und abstrakter Kunst - Wandbilder f\u00fcr das Wohnzimmer","robots":{"index":"index","follow":"follow","max-snippet":"max-snippet:-1","max-image-preview":"max-image-preview:large","max-video-preview":"max-video-preview:-1"},"canonical":"https:\/\/svetslik.si\/de\/salvador-dali-de\/tiger\/","og_locale":"de_DE","og_type":"article","og_title":"Salvador Dali - Tiger","og_description":"100% ro\u010dno naslikane slike na platnu, reprodukcije znanih slikarjev in umetni\u0161ke slike po naro\u010dilu.","og_url":"https:\/\/svetslik.si\/de\/salvador-dali-de\/tiger\/","og_site_name":"SVETSLIK.SI","article_publisher":"https:\/\/www.facebook.com\/svetslik.si","article_modified_time":"2026-03-22T18:36:32+00:00","og_image":[{"width":2187,"height":1922,"url":"https:\/\/svetslik.si\/wp-content\/uploads\/2021\/08\/image_Tiger_680.jpg","type":"image\/jpeg"}],"twitter_card":"summary_large_image","twitter_site":"@svetslik","twitter_misc":{"Verf\u00fcgbarkeit":"bei Nachbestellung"},"schema":{"@context":"https:\/\/schema.org","@graph":[{"@type":["WebPage","ItemPage"],"@id":"https:\/\/svetslik.si\/de\/salvador-dali-de\/tiger\/","url":"https:\/\/svetslik.si\/de\/salvador-dali-de\/tiger\/","name":"Salvador Dali - Tiger - SVETSLIK.SI - 100% handgemalt","isPartOf":{"@id":"https:\/\/svetslik.si\/de\/#website"},"primaryImageOfPage":{"@id":"https:\/\/svetslik.si\/de\/salvador-dali-de\/tiger\/#primaryimage"},"image":{"@id":"https:\/\/svetslik.si\/de\/salvador-dali-de\/tiger\/#primaryimage"},"thumbnailUrl":"https:\/\/svetslik.si\/wp-content\/uploads\/2021\/08\/image_Tiger_680.jpg","datePublished":"2021-09-02T15:45:26+00:00","dateModified":"2026-03-22T18:36:32+00:00","description":"Salvador Dali - Tiger - 100% handgemalte Gem\u00e4lde - Verkauf von Reproduktionen ber\u00fchmter Gem\u00e4lde und abstrakter Kunst - Wandbilder f\u00fcr das Wohnzimmer","breadcrumb":{"@id":"https:\/\/svetslik.si\/de\/salvador-dali-de\/tiger\/#breadcrumb"},"inLanguage":"de","potentialAction":[{"@type":"ReadAction","target":["https:\/\/svetslik.si\/de\/salvador-dali-de\/tiger\/"]}]},{"@type":"ImageObject","inLanguage":"de","@id":"https:\/\/svetslik.si\/de\/salvador-dali-de\/tiger\/#primaryimage","url":"https:\/\/svetslik.si\/wp-content\/uploads\/2021\/08\/image_Tiger_680.jpg","contentUrl":"https:\/\/svetslik.si\/wp-content\/uploads\/2021\/08\/image_Tiger_680.jpg","width":2187,"height":1922,"caption":"Salvador Dali - Tiger (Tiger) Gem\u00e4lde, Leinwandbilder - 100% handgemalte, Reproduktionen ber\u00fchmter Gem\u00e4lde, Gem\u00e4lde kaufen, Wandbilder Wohnzimmer, ber\u00fchmtes Gem\u00e4lde, \u00d6lgem\u00e4lde, Bilderrahmen"},{"@type":"BreadcrumbList","@id":"https:\/\/svetslik.si\/de\/salvador-dali-de\/tiger\/#breadcrumb","itemListElement":[{"@type":"ListItem","position":1,"name":"Wandkunst und Gem\u00e4lde auf Leinwand","item":"https:\/\/svetslik.si\/de\/"},{"@type":"ListItem","position":2,"name":"Verkauf von Gem\u00e4lden","item":"https:\/\/svetslik.si\/prodaja-slik\/"},{"@type":"ListItem","position":3,"name":"Salvador Dali &#8211; Tiger"}]},{"@type":"WebSite","@id":"https:\/\/svetslik.si\/de\/#website","url":"https:\/\/svetslik.si\/de\/","name":"SVETSLIK.SI","description":"100% handgemalte Reproduktionen von Gem\u00e4lden ber\u00fchmter Maler und Gem\u00e4lde auf Leinwand.","publisher":{"@id":"https:\/\/svetslik.si\/de\/#organization"},"potentialAction":[{"@type":"SearchAction","target":{"@type":"EntryPoint","urlTemplate":"https:\/\/svetslik.si\/de\/?s={search_term_string}"},"query-input":{"@type":"PropertyValueSpecification","valueRequired":true,"valueName":"search_term_string"}}],"inLanguage":"de"},{"@type":"Organization","@id":"https:\/\/svetslik.si\/de\/#organization","name":"SvetSlik.si","url":"https:\/\/svetslik.si\/de\/","logo":{"@type":"ImageObject","inLanguage":"de","@id":"https:\/\/svetslik.si\/de\/#\/schema\/logo\/image\/","url":"https:\/\/svetslik.si\/wp-content\/uploads\/2020\/12\/logo-512.png","contentUrl":"https:\/\/svetslik.si\/wp-content\/uploads\/2020\/12\/logo-512.png","width":512,"height":512,"caption":"SvetSlik.si"},"image":{"@id":"https:\/\/svetslik.si\/de\/#\/schema\/logo\/image\/"},"sameAs":["https:\/\/www.facebook.com\/svetslik.si","https:\/\/x.com\/svetslik","https:\/\/www.instagram.com\/svetslik.si\/","https:\/\/www.linkedin.com\/company\/svetslik-si"]}]},"og_availability":"backorder","product_availability":"available for order","product_retailer_item_id":"124__","product_condition":"new"},"jetpack_sharing_enabled":true,"_links":{"self":[{"href":"https:\/\/svetslik.si\/de\/wp-json\/wp\/v2\/product\/66763","targetHints":{"allow":["GET"]}}],"collection":[{"href":"https:\/\/svetslik.si\/de\/wp-json\/wp\/v2\/product"}],"about":[{"href":"https:\/\/svetslik.si\/de\/wp-json\/wp\/v2\/types\/product"}],"wp:featuredmedia":[{"embeddable":true,"href":"https:\/\/svetslik.si\/de\/wp-json\/wp\/v2\/media\/64240"}],"wp:attachment":[{"href":"https:\/\/svetslik.si\/de\/wp-json\/wp\/v2\/media?parent=66763"}],"wp:term":[{"taxonomy":"product_brand","embeddable":true,"href":"https:\/\/svetslik.si\/de\/wp-json\/wp\/v2\/product_brand?post=66763"},{"taxonomy":"product_cat","embeddable":true,"href":"https:\/\/svetslik.si\/de\/wp-json\/wp\/v2\/product_cat?post=66763"},{"taxonomy":"product_tag","embeddable":true,"href":"https:\/\/svetslik.si\/de\/wp-json\/wp\/v2\/product_tag?post=66763"}],"curies":[{"name":"wp","href":"https:\/\/api.w.org\/{rel}","templated":true}]}}