{"id":66788,"date":"2021-09-02T17:45:32","date_gmt":"2021-09-02T15:45:32","guid":{"rendered":"https:\/\/svetslik.si\/unkategorisiert\/temptation-of-st-anthony\/"},"modified":"2026-03-22T19:36:32","modified_gmt":"2026-03-22T18:36:32","slug":"temptation-of-st-anthony","status":"publish","type":"product","link":"https:\/\/svetslik.si\/de\/salvador-dali-de\/temptation-of-st-anthony\/","title":{"rendered":"Salvador Dali &#8211; Temptation of St.Anthony"},"content":{"rendered":"<h1>Salvador Dali \u2013 Versuchung des Hl. Anthony<\/h1>\n<p>&nbsp;<\/p>\n<table style=\"width: 673px\" border=\"0\" width=\"673\" cellpadding=\"0\">\n<tbody>\n<tr>\n<td style=\"width: 180px;height: 21px\" height=\"21\">Erstellungsjahr:<\/td>\n<td style=\"width: 493px\">1946<\/td>\n<\/tr>\n<tr>\n<td style=\"width: 180px;height: 21px\" height=\"21\">Originalgr\u00f6\u00dfe:<\/td>\n<td style=\"width: 493px\">119,5 cm x 89,7 cm<\/td>\n<\/tr>\n<tr>\n<td style=\"width: 180px;height: 21px\" height=\"21\">Lackstil:<\/td>\n<td>\n<div>\n<div>\n<div>\n<div>\n<div>\n<p>Surrealismus<\/p>\n<\/div>\n<\/div>\n<\/div>\n<\/div>\n<\/div>\n<\/td>\n<\/tr>\n<tr>\n<td style=\"width: 180px;height: 21px\" height=\"21\">Originaltechnik:<\/td>\n<td>\u00d6l auf Leinwand<\/td>\n<\/tr>\n<tr>\n<td style=\"width: 180px;height: 21px\" height=\"21\">Standort:<\/td>\n<td>Mus\u00e9e Royaux des Beaux-Arts, Br\u00fcssel<\/td>\n<\/tr>\n<\/tbody>\n<colgroup>\n<col \/>\n<col \/> <\/colgroup>\n<\/table>\n<p>&nbsp;<\/p>\n<p>\u201eDie Versuchung des Heiligen Antonius\u201c von Salvador Dali ist ein surrealistisches Meisterwerk, das den einzigartigen und geheimnisvollen Stil des K\u00fcnstlers zeigt. Das Gem\u00e4lde zeigt den Heiligen Antonius, einen christlichen Asketen, in einer W\u00fcstenumgebung, umgeben von verschiedenen bizarren und fantastischen Elementen. In diesem Gem\u00e4lde sind sowohl Dal\u00eds Verwendung von Symbolik als auch seine Erforschung des Unterbewusstseins zu sehen.<\/p>\n<p>Das Gem\u00e4lde zeigt eine Szene aus dem Leben des Heiligen Antonius, der in der W\u00fcste von verschiedenen D\u00e4monen in Versuchung gef\u00fchrt werden soll. Dali nutzt diese Erz\u00e4hlung als Ausgangspunkt und f\u00fcgt dann seine eigene, einzigartige Interpretation der Geschichte hinzu. Die Elemente im Bild sind nicht w\u00f6rtlich zu nehmen, sondern als Symbole des Unterbewusstseins.<\/p>\n<p>Eines der auff\u00e4lligsten Elemente des Gem\u00e4ldes ist ein Elefant mit langen, d\u00fcnnen Beinen, der sich im Wasser im Vordergrund spiegelt. Der Elefant ist ein wiederkehrendes Symbol in Dal\u00eds Werk und repr\u00e4sentiert in diesem Gem\u00e4lde die Kraft des Unterbewusstseins. Das verzerrte Spiegelbild des Elefanten im Wasser symbolisiert, wie das Unterbewusstsein unsere Gedanken und Erinnerungen verzerren kann.<\/p>\n<p>Auch andere Elemente des Gem\u00e4ldes wie der Totenkopf, die Ameisen und die Fische haben symbolische Bedeutung. Der Sch\u00e4del repr\u00e4sentiert den Tod und die Endg\u00fcltigkeit des Lebens, w\u00e4hrend die Ameisen die Bedeutungslosigkeit des Lebens eines Individuums im Gro\u00dfen und Ganzen darstellen. Der Fisch hingegen repr\u00e4sentiert die unvorhersehbare und chaotische Natur des Unterbewusstseins.<\/p>\n<p>Im Allgemeinen ist Salvador Dal\u00eds Gem\u00e4lde \u201eDie Versuchung des Heiligen Antonius\u201c voller Symbolik und Bedeutung. Das Gem\u00e4lde zeigt Dal\u00eds Meisterschaft im surrealistischen Stil und ist auch heute noch eine Inspirationsquelle f\u00fcr viele K\u00fcnstler und Kunstliebhaber. Um mehr \u00fcber dieses Gem\u00e4lde zu erfahren, k\u00f6nnen Sie das Salvador Dali Museum in St. Petersburg, Florida, besuchen, das eine der gr\u00f6\u00dften Sammlungen von Dali-Werken besitzt. Es gibt auch viele B\u00fccher und Online-Ressourcen, die eine detailliertere Analyse des Bildes und seiner Symbolik bieten.<\/p>\n","protected":false},"excerpt":{"rendered":"<p>Salvador Dali \u2013 Versuchung des Hl. Anthony &nbsp; Erstellungsjahr: 1946 Originalgr\u00f6\u00dfe: 119,5 cm x 89,7 cm Lackstil: Surrealismus Originaltechnik: \u00d6l auf Leinwand Standort: Mus\u00e9e Royaux des Beaux-Arts, Br\u00fcssel &nbsp; \u201eDie Versuchung des Heiligen Antonius\u201c von Salvador Dali ist ein surrealistisches Meisterwerk, das den einzigartigen und geheimnisvollen Stil des K\u00fcnstlers zeigt. [&hellip;]<\/p>\n","protected":false},"featured_media":64104,"template":"","meta":{"_acf_changed":false},"product_brand":[],"product_cat":[8452],"product_tag":[8482,8521,8513,8514,8519],"class_list":{"0":"post-66788","1":"product","2":"type-product","3":"status-publish","4":"has-post-thumbnail","6":"product_cat-salvador-dali-de","7":"product_tag-dali-de","8":"product_tag-maler","9":"product_tag-reproduktion","10":"product_tag-reproduktionen","11":"product_tag-salvador-dali-de","12":"pa_dimenzija-120-x-90-cm","13":"pa_dimenzija-40-x-30-cm","14":"pa_dimenzija-50-x-40-cm","15":"pa_dimenzija-60-x-50-cm","16":"pa_dimenzija-70-x-50-cm","17":"pa_dimenzija-80-x-60-cm","18":"pa_dimenzija-90-x-70-cm","19":"pa_oblika-horizontal-de","20":"pa_okvir-ohne-rahmen","21":"pa_podokvir-ja","22":"pa_podokvir-nein","24":"first","25":"onbackorder","26":"purchasable","27":"product-type-variable","28":"has-default-attributes"},"acf":[],"yoast_head":"<!-- This site is optimized with the Yoast SEO Premium plugin v26.0 (Yoast SEO v27.2) - https:\/\/yoast.com\/product\/yoast-seo-premium-wordpress\/ -->\n<title>Salvador Dali - Temptation of St.Anthony - SVETSLIK.SI - 100% handgemalt<\/title>\n<meta name=\"description\" content=\"Salvador Dali - Temptation of St.Anthony - 100% handgemalte Gem\u00e4lde - Verkauf von Reproduktionen ber\u00fchmter Gem\u00e4lde und abstrakter Kunst - Wandbilder f\u00fcr das Wohnzimmer\" \/>\n<meta name=\"robots\" content=\"index, follow, max-snippet:-1, max-image-preview:large, max-video-preview:-1\" \/>\n<link rel=\"canonical\" href=\"https:\/\/svetslik.si\/de\/salvador-dali-de\/temptation-of-st-anthony\/\" \/>\n<meta property=\"og:locale\" content=\"de_DE\" \/>\n<meta property=\"og:type\" content=\"article\" \/>\n<meta property=\"og:title\" content=\"Salvador Dali - Temptation of St.Anthony\" \/>\n<meta property=\"og:description\" content=\"100% ro\u010dno naslikane slike na platnu, reprodukcije znanih slikarjev in umetni\u0161ke slike po naro\u010dilu.\" \/>\n<meta property=\"og:url\" content=\"https:\/\/svetslik.si\/de\/salvador-dali-de\/temptation-of-st-anthony\/\" \/>\n<meta property=\"og:site_name\" content=\"SVETSLIK.SI\" \/>\n<meta property=\"article:publisher\" content=\"https:\/\/www.facebook.com\/svetslik.si\" \/>\n<meta property=\"article:modified_time\" content=\"2026-03-22T18:36:32+00:00\" \/>\n<meta property=\"og:image\" content=\"https:\/\/svetslik.si\/wp-content\/uploads\/2021\/08\/image_Studija-slike-Salvador-Dali-Temptation-of-StAnthony_680.jpg\" \/>\n\t<meta property=\"og:image:width\" content=\"680\" \/>\n\t<meta property=\"og:image:height\" content=\"508\" \/>\n\t<meta property=\"og:image:type\" content=\"image\/jpeg\" \/>\n<meta name=\"twitter:card\" content=\"summary_large_image\" \/>\n<meta name=\"twitter:site\" content=\"@svetslik\" \/>\n<meta name=\"twitter:label1\" content=\"Verf\u00fcgbarkeit\" \/>\n\t<meta name=\"twitter:data1\" content=\"bei Nachbestellung\" \/>\n<script type=\"application\/ld+json\" class=\"yoast-schema-graph\">{\"@context\":\"https:\/\/schema.org\",\"@graph\":[{\"@type\":[\"WebPage\",\"ItemPage\"],\"@id\":\"https:\/\/svetslik.si\/de\/salvador-dali-de\/temptation-of-st-anthony\/\",\"url\":\"https:\/\/svetslik.si\/de\/salvador-dali-de\/temptation-of-st-anthony\/\",\"name\":\"Salvador Dali - Temptation of St.Anthony - SVETSLIK.SI - 100% handgemalt\",\"isPartOf\":{\"@id\":\"https:\/\/svetslik.si\/de\/#website\"},\"primaryImageOfPage\":{\"@id\":\"https:\/\/svetslik.si\/de\/salvador-dali-de\/temptation-of-st-anthony\/#primaryimage\"},\"image\":{\"@id\":\"https:\/\/svetslik.si\/de\/salvador-dali-de\/temptation-of-st-anthony\/#primaryimage\"},\"thumbnailUrl\":\"https:\/\/svetslik.si\/wp-content\/uploads\/2021\/08\/image_Studija-slike-Salvador-Dali-Temptation-of-StAnthony_680.jpg\",\"datePublished\":\"2021-09-02T15:45:32+00:00\",\"dateModified\":\"2026-03-22T18:36:32+00:00\",\"description\":\"Salvador Dali - Temptation of St.Anthony - 100% handgemalte Gem\u00e4lde - Verkauf von Reproduktionen ber\u00fchmter Gem\u00e4lde und abstrakter Kunst - Wandbilder f\u00fcr das Wohnzimmer\",\"breadcrumb\":{\"@id\":\"https:\/\/svetslik.si\/de\/salvador-dali-de\/temptation-of-st-anthony\/#breadcrumb\"},\"inLanguage\":\"de\",\"potentialAction\":[{\"@type\":\"ReadAction\",\"target\":[\"https:\/\/svetslik.si\/de\/salvador-dali-de\/temptation-of-st-anthony\/\"]}]},{\"@type\":\"ImageObject\",\"inLanguage\":\"de\",\"@id\":\"https:\/\/svetslik.si\/de\/salvador-dali-de\/temptation-of-st-anthony\/#primaryimage\",\"url\":\"https:\/\/svetslik.si\/wp-content\/uploads\/2021\/08\/image_Studija-slike-Salvador-Dali-Temptation-of-StAnthony_680.jpg\",\"contentUrl\":\"https:\/\/svetslik.si\/wp-content\/uploads\/2021\/08\/image_Studija-slike-Salvador-Dali-Temptation-of-StAnthony_680.jpg\",\"width\":680,\"height\":508,\"caption\":\"Salvador Dali - Temptation of St. Anthony (Versuchung des heiligen Antonius) Gem\u00e4lde, Leinwandbilder - 100% handgemalte, Reproduktionen ber\u00fchmter Gem\u00e4lde, Gem\u00e4lde kaufen, Wandbilder Wohnzimmer, ber\u00fchmtes Gem\u00e4lde, \u00d6lgem\u00e4lde, Bilderrahmen\"},{\"@type\":\"BreadcrumbList\",\"@id\":\"https:\/\/svetslik.si\/de\/salvador-dali-de\/temptation-of-st-anthony\/#breadcrumb\",\"itemListElement\":[{\"@type\":\"ListItem\",\"position\":1,\"name\":\"Wandkunst und Gem\u00e4lde auf Leinwand\",\"item\":\"https:\/\/svetslik.si\/de\/\"},{\"@type\":\"ListItem\",\"position\":2,\"name\":\"Verkauf von Gem\u00e4lden\",\"item\":\"https:\/\/svetslik.si\/prodaja-slik\/\"},{\"@type\":\"ListItem\",\"position\":3,\"name\":\"Salvador Dali &#8211; Temptation of St.Anthony\"}]},{\"@type\":\"WebSite\",\"@id\":\"https:\/\/svetslik.si\/de\/#website\",\"url\":\"https:\/\/svetslik.si\/de\/\",\"name\":\"SVETSLIK.SI\",\"description\":\"100% handgemalte Reproduktionen von Gem\u00e4lden ber\u00fchmter Maler und Gem\u00e4lde auf Leinwand.\",\"publisher\":{\"@id\":\"https:\/\/svetslik.si\/de\/#organization\"},\"potentialAction\":[{\"@type\":\"SearchAction\",\"target\":{\"@type\":\"EntryPoint\",\"urlTemplate\":\"https:\/\/svetslik.si\/de\/?s={search_term_string}\"},\"query-input\":{\"@type\":\"PropertyValueSpecification\",\"valueRequired\":true,\"valueName\":\"search_term_string\"}}],\"inLanguage\":\"de\"},{\"@type\":\"Organization\",\"@id\":\"https:\/\/svetslik.si\/de\/#organization\",\"name\":\"SvetSlik.si\",\"url\":\"https:\/\/svetslik.si\/de\/\",\"logo\":{\"@type\":\"ImageObject\",\"inLanguage\":\"de\",\"@id\":\"https:\/\/svetslik.si\/de\/#\/schema\/logo\/image\/\",\"url\":\"https:\/\/svetslik.si\/wp-content\/uploads\/2020\/12\/logo-512.png\",\"contentUrl\":\"https:\/\/svetslik.si\/wp-content\/uploads\/2020\/12\/logo-512.png\",\"width\":512,\"height\":512,\"caption\":\"SvetSlik.si\"},\"image\":{\"@id\":\"https:\/\/svetslik.si\/de\/#\/schema\/logo\/image\/\"},\"sameAs\":[\"https:\/\/www.facebook.com\/svetslik.si\",\"https:\/\/x.com\/svetslik\",\"https:\/\/www.instagram.com\/svetslik.si\/\",\"https:\/\/www.linkedin.com\/company\/svetslik-si\"]}]}<\/script>\n<meta property=\"og:availability\" content=\"backorder\" \/>\n<meta property=\"product:availability\" content=\"available for order\" \/>\n<meta property=\"product:retailer_item_id\" content=\"127__\" \/>\n<meta property=\"product:condition\" content=\"new\" \/>\n<!-- \/ Yoast SEO Premium plugin. -->","yoast_head_json":{"title":"Salvador Dali - Temptation of St.Anthony - SVETSLIK.SI - 100% handgemalt","description":"Salvador Dali - Temptation of St.Anthony - 100% handgemalte Gem\u00e4lde - Verkauf von Reproduktionen ber\u00fchmter Gem\u00e4lde und abstrakter Kunst - Wandbilder f\u00fcr das Wohnzimmer","robots":{"index":"index","follow":"follow","max-snippet":"max-snippet:-1","max-image-preview":"max-image-preview:large","max-video-preview":"max-video-preview:-1"},"canonical":"https:\/\/svetslik.si\/de\/salvador-dali-de\/temptation-of-st-anthony\/","og_locale":"de_DE","og_type":"article","og_title":"Salvador Dali - Temptation of St.Anthony","og_description":"100% ro\u010dno naslikane slike na platnu, reprodukcije znanih slikarjev in umetni\u0161ke slike po naro\u010dilu.","og_url":"https:\/\/svetslik.si\/de\/salvador-dali-de\/temptation-of-st-anthony\/","og_site_name":"SVETSLIK.SI","article_publisher":"https:\/\/www.facebook.com\/svetslik.si","article_modified_time":"2026-03-22T18:36:32+00:00","og_image":[{"width":680,"height":508,"url":"https:\/\/svetslik.si\/wp-content\/uploads\/2021\/08\/image_Studija-slike-Salvador-Dali-Temptation-of-StAnthony_680.jpg","type":"image\/jpeg"}],"twitter_card":"summary_large_image","twitter_site":"@svetslik","twitter_misc":{"Verf\u00fcgbarkeit":"bei Nachbestellung"},"schema":{"@context":"https:\/\/schema.org","@graph":[{"@type":["WebPage","ItemPage"],"@id":"https:\/\/svetslik.si\/de\/salvador-dali-de\/temptation-of-st-anthony\/","url":"https:\/\/svetslik.si\/de\/salvador-dali-de\/temptation-of-st-anthony\/","name":"Salvador Dali - Temptation of St.Anthony - SVETSLIK.SI - 100% handgemalt","isPartOf":{"@id":"https:\/\/svetslik.si\/de\/#website"},"primaryImageOfPage":{"@id":"https:\/\/svetslik.si\/de\/salvador-dali-de\/temptation-of-st-anthony\/#primaryimage"},"image":{"@id":"https:\/\/svetslik.si\/de\/salvador-dali-de\/temptation-of-st-anthony\/#primaryimage"},"thumbnailUrl":"https:\/\/svetslik.si\/wp-content\/uploads\/2021\/08\/image_Studija-slike-Salvador-Dali-Temptation-of-StAnthony_680.jpg","datePublished":"2021-09-02T15:45:32+00:00","dateModified":"2026-03-22T18:36:32+00:00","description":"Salvador Dali - Temptation of St.Anthony - 100% handgemalte Gem\u00e4lde - Verkauf von Reproduktionen ber\u00fchmter Gem\u00e4lde und abstrakter Kunst - Wandbilder f\u00fcr das Wohnzimmer","breadcrumb":{"@id":"https:\/\/svetslik.si\/de\/salvador-dali-de\/temptation-of-st-anthony\/#breadcrumb"},"inLanguage":"de","potentialAction":[{"@type":"ReadAction","target":["https:\/\/svetslik.si\/de\/salvador-dali-de\/temptation-of-st-anthony\/"]}]},{"@type":"ImageObject","inLanguage":"de","@id":"https:\/\/svetslik.si\/de\/salvador-dali-de\/temptation-of-st-anthony\/#primaryimage","url":"https:\/\/svetslik.si\/wp-content\/uploads\/2021\/08\/image_Studija-slike-Salvador-Dali-Temptation-of-StAnthony_680.jpg","contentUrl":"https:\/\/svetslik.si\/wp-content\/uploads\/2021\/08\/image_Studija-slike-Salvador-Dali-Temptation-of-StAnthony_680.jpg","width":680,"height":508,"caption":"Salvador Dali - Temptation of St. Anthony (Versuchung des heiligen Antonius) Gem\u00e4lde, Leinwandbilder - 100% handgemalte, Reproduktionen ber\u00fchmter Gem\u00e4lde, Gem\u00e4lde kaufen, Wandbilder Wohnzimmer, ber\u00fchmtes Gem\u00e4lde, \u00d6lgem\u00e4lde, Bilderrahmen"},{"@type":"BreadcrumbList","@id":"https:\/\/svetslik.si\/de\/salvador-dali-de\/temptation-of-st-anthony\/#breadcrumb","itemListElement":[{"@type":"ListItem","position":1,"name":"Wandkunst und Gem\u00e4lde auf Leinwand","item":"https:\/\/svetslik.si\/de\/"},{"@type":"ListItem","position":2,"name":"Verkauf von Gem\u00e4lden","item":"https:\/\/svetslik.si\/prodaja-slik\/"},{"@type":"ListItem","position":3,"name":"Salvador Dali &#8211; Temptation of St.Anthony"}]},{"@type":"WebSite","@id":"https:\/\/svetslik.si\/de\/#website","url":"https:\/\/svetslik.si\/de\/","name":"SVETSLIK.SI","description":"100% handgemalte Reproduktionen von Gem\u00e4lden ber\u00fchmter Maler und Gem\u00e4lde auf Leinwand.","publisher":{"@id":"https:\/\/svetslik.si\/de\/#organization"},"potentialAction":[{"@type":"SearchAction","target":{"@type":"EntryPoint","urlTemplate":"https:\/\/svetslik.si\/de\/?s={search_term_string}"},"query-input":{"@type":"PropertyValueSpecification","valueRequired":true,"valueName":"search_term_string"}}],"inLanguage":"de"},{"@type":"Organization","@id":"https:\/\/svetslik.si\/de\/#organization","name":"SvetSlik.si","url":"https:\/\/svetslik.si\/de\/","logo":{"@type":"ImageObject","inLanguage":"de","@id":"https:\/\/svetslik.si\/de\/#\/schema\/logo\/image\/","url":"https:\/\/svetslik.si\/wp-content\/uploads\/2020\/12\/logo-512.png","contentUrl":"https:\/\/svetslik.si\/wp-content\/uploads\/2020\/12\/logo-512.png","width":512,"height":512,"caption":"SvetSlik.si"},"image":{"@id":"https:\/\/svetslik.si\/de\/#\/schema\/logo\/image\/"},"sameAs":["https:\/\/www.facebook.com\/svetslik.si","https:\/\/x.com\/svetslik","https:\/\/www.instagram.com\/svetslik.si\/","https:\/\/www.linkedin.com\/company\/svetslik-si"]}]},"og_availability":"backorder","product_availability":"available for order","product_retailer_item_id":"127__","product_condition":"new"},"jetpack_sharing_enabled":true,"_links":{"self":[{"href":"https:\/\/svetslik.si\/de\/wp-json\/wp\/v2\/product\/66788","targetHints":{"allow":["GET"]}}],"collection":[{"href":"https:\/\/svetslik.si\/de\/wp-json\/wp\/v2\/product"}],"about":[{"href":"https:\/\/svetslik.si\/de\/wp-json\/wp\/v2\/types\/product"}],"wp:featuredmedia":[{"embeddable":true,"href":"https:\/\/svetslik.si\/de\/wp-json\/wp\/v2\/media\/64104"}],"wp:attachment":[{"href":"https:\/\/svetslik.si\/de\/wp-json\/wp\/v2\/media?parent=66788"}],"wp:term":[{"taxonomy":"product_brand","embeddable":true,"href":"https:\/\/svetslik.si\/de\/wp-json\/wp\/v2\/product_brand?post=66788"},{"taxonomy":"product_cat","embeddable":true,"href":"https:\/\/svetslik.si\/de\/wp-json\/wp\/v2\/product_cat?post=66788"},{"taxonomy":"product_tag","embeddable":true,"href":"https:\/\/svetslik.si\/de\/wp-json\/wp\/v2\/product_tag?post=66788"}],"curies":[{"name":"wp","href":"https:\/\/api.w.org\/{rel}","templated":true}]}}