{"id":66831,"date":"2021-09-02T17:45:53","date_gmt":"2021-09-02T15:45:53","guid":{"rendered":"https:\/\/svetslik.si\/unkategorisiert\/soft-watch-at-the-moment-of-first-explosio\/"},"modified":"2026-03-22T19:38:06","modified_gmt":"2026-03-22T18:38:06","slug":"soft-watch-at-the-moment-of-first-explosio","status":"publish","type":"product","link":"https:\/\/svetslik.si\/de\/salvador-dali-de\/soft-watch-at-the-moment-of-first-explosio\/","title":{"rendered":"Salvador Dali &#8211; Soft Watch at the Moment of First Explosion"},"content":{"rendered":"<div class=\"wpb-content-wrapper\">[vc_row css=&#8221;.vc_custom_1705593083345{margin-bottom: 10px !important;}&#8221;][vc_column]\t<div class=\"et-image-783 et-image     et_image_link\">\n\t\t<div class=\"et-image-inner \">\n\t\t\t\t\t\t\t<div class=\"et-image-thumb \">\n\t\t\t\t\t<img decoding=\"async\" width=\"1000\" height=\"898\" src=\"https:\/\/svetslik.si\/wp-content\/uploads\/2021\/09\/Salvador-Dali-\u2013-Soft-Watch-at-the-Moment-of-First-Explosion-reprodukcija-slike-na-platnu.jpg\" class=\"attachment-full\" alt=\"Salvador Dali \u2013 Soft Watch at the Moment of First Explosion reprodukcija slike na platnu\" title=\"Salvador-Dali-\u2013-Soft-Watch-at-the-Moment-of-First-Explosion-reprodukcija-slike-na-platnu\" srcset=\"https:\/\/svetslik.si\/wp-content\/uploads\/2021\/09\/Salvador-Dali-\u2013-Soft-Watch-at-the-Moment-of-First-Explosion-reprodukcija-slike-na-platnu.jpg 1000w, https:\/\/svetslik.si\/wp-content\/uploads\/2021\/09\/Salvador-Dali-\u2013-Soft-Watch-at-the-Moment-of-First-Explosion-reprodukcija-slike-na-platnu-600x539.jpg 600w, https:\/\/svetslik.si\/wp-content\/uploads\/2021\/09\/Salvador-Dali-\u2013-Soft-Watch-at-the-Moment-of-First-Explosion-reprodukcija-slike-na-platnu-300x269.jpg 300w, https:\/\/svetslik.si\/wp-content\/uploads\/2021\/09\/Salvador-Dali-\u2013-Soft-Watch-at-the-Moment-of-First-Explosion-reprodukcija-slike-na-platnu-768x690.jpg 768w, https:\/\/svetslik.si\/wp-content\/uploads\/2021\/09\/Salvador-Dali-\u2013-Soft-Watch-at-the-Moment-of-First-Explosion-reprodukcija-slike-na-platnu-150x135.jpg 150w, https:\/\/svetslik.si\/wp-content\/uploads\/2021\/09\/Salvador-Dali-\u2013-Soft-Watch-at-the-Moment-of-First-Explosion-reprodukcija-slike-na-platnu-900x808.jpg 900w\" sizes=\"(max-width: 1000px) 100vw, 1000px\" \/>\t\t\t\t<\/div>\n\t\t\t\t\t\t\t\t\t\t\t<\/div>\n\t<\/div>\n  [\/vc_column][\/vc_row][vc_row css=&#8221;.vc_custom_1705593083345{margin-bottom: 10px !important;}&#8221;][vc_column]\t<div class=\"et-image-460 et-image     et_image_link\">\n\t\t<div class=\"et-image-inner \">\n\t\t\t\t\t\t\t<div class=\"et-image-thumb \">\n\t\t\t\t\t<img decoding=\"async\" width=\"1000\" height=\"1060\" src=\"https:\/\/svetslik.si\/wp-content\/uploads\/2021\/09\/Salvador-Dali-\u2013-Soft-Watch-at-the-Moment-of-First-Explosion-reprodukcija-slike-na-platnu-2.jpg\" class=\"attachment-full\" alt=\"Salvador Dali \u2013 Soft Watch at the Moment of First Explosion reprodukcija slike na platnu\" title=\"Salvador-Dali-\u2013-Soft-Watch-at-the-Moment-of-First-Explosion-reprodukcija-slike-na-platnu-2\" srcset=\"https:\/\/svetslik.si\/wp-content\/uploads\/2021\/09\/Salvador-Dali-\u2013-Soft-Watch-at-the-Moment-of-First-Explosion-reprodukcija-slike-na-platnu-2.jpg 1000w, https:\/\/svetslik.si\/wp-content\/uploads\/2021\/09\/Salvador-Dali-\u2013-Soft-Watch-at-the-Moment-of-First-Explosion-reprodukcija-slike-na-platnu-2-600x636.jpg 600w, https:\/\/svetslik.si\/wp-content\/uploads\/2021\/09\/Salvador-Dali-\u2013-Soft-Watch-at-the-Moment-of-First-Explosion-reprodukcija-slike-na-platnu-2-283x300.jpg 283w, https:\/\/svetslik.si\/wp-content\/uploads\/2021\/09\/Salvador-Dali-\u2013-Soft-Watch-at-the-Moment-of-First-Explosion-reprodukcija-slike-na-platnu-2-966x1024.jpg 966w, https:\/\/svetslik.si\/wp-content\/uploads\/2021\/09\/Salvador-Dali-\u2013-Soft-Watch-at-the-Moment-of-First-Explosion-reprodukcija-slike-na-platnu-2-768x814.jpg 768w, https:\/\/svetslik.si\/wp-content\/uploads\/2021\/09\/Salvador-Dali-\u2013-Soft-Watch-at-the-Moment-of-First-Explosion-reprodukcija-slike-na-platnu-2-142x150.jpg 142w, https:\/\/svetslik.si\/wp-content\/uploads\/2021\/09\/Salvador-Dali-\u2013-Soft-Watch-at-the-Moment-of-First-Explosion-reprodukcija-slike-na-platnu-2-900x954.jpg 900w\" sizes=\"(max-width: 1000px) 100vw, 1000px\" \/>\t\t\t\t<\/div>\n\t\t\t\t\t\t\t\t\t\t\t<\/div>\n\t<\/div>\n  [\/vc_column][\/vc_row][vc_row css=&#8221;.vc_custom_1705593083345{margin-bottom: 10px !important;}&#8221;][vc_column]\t<div class=\"et-image-713 et-image     et_image_link\">\n\t\t<div class=\"et-image-inner \">\n\t\t\t\t\t\t\t<div class=\"et-image-thumb \">\n\t\t\t\t\t<img decoding=\"async\" width=\"1000\" height=\"1143\" src=\"https:\/\/svetslik.si\/wp-content\/uploads\/2021\/09\/Salvador-Dali-\u2013-Soft-Watch-at-the-Moment-of-First-Explosion-reprodukcija-slike-na-platnu-3.jpg\" class=\"attachment-full\" alt=\"Salvador Dali \u2013 Soft Watch at the Moment of First Explosion reprodukcija slike na platnu\" title=\"Salvador-Dali-\u2013-Soft-Watch-at-the-Moment-of-First-Explosion-reprodukcija-slike-na-platnu-3\" srcset=\"https:\/\/svetslik.si\/wp-content\/uploads\/2021\/09\/Salvador-Dali-\u2013-Soft-Watch-at-the-Moment-of-First-Explosion-reprodukcija-slike-na-platnu-3.jpg 1000w, https:\/\/svetslik.si\/wp-content\/uploads\/2021\/09\/Salvador-Dali-\u2013-Soft-Watch-at-the-Moment-of-First-Explosion-reprodukcija-slike-na-platnu-3-600x686.jpg 600w, https:\/\/svetslik.si\/wp-content\/uploads\/2021\/09\/Salvador-Dali-\u2013-Soft-Watch-at-the-Moment-of-First-Explosion-reprodukcija-slike-na-platnu-3-262x300.jpg 262w, https:\/\/svetslik.si\/wp-content\/uploads\/2021\/09\/Salvador-Dali-\u2013-Soft-Watch-at-the-Moment-of-First-Explosion-reprodukcija-slike-na-platnu-3-896x1024.jpg 896w, https:\/\/svetslik.si\/wp-content\/uploads\/2021\/09\/Salvador-Dali-\u2013-Soft-Watch-at-the-Moment-of-First-Explosion-reprodukcija-slike-na-platnu-3-768x878.jpg 768w, https:\/\/svetslik.si\/wp-content\/uploads\/2021\/09\/Salvador-Dali-\u2013-Soft-Watch-at-the-Moment-of-First-Explosion-reprodukcija-slike-na-platnu-3-131x150.jpg 131w, https:\/\/svetslik.si\/wp-content\/uploads\/2021\/09\/Salvador-Dali-\u2013-Soft-Watch-at-the-Moment-of-First-Explosion-reprodukcija-slike-na-platnu-3-900x1029.jpg 900w\" sizes=\"(max-width: 1000px) 100vw, 1000px\" \/>\t\t\t\t<\/div>\n\t\t\t\t\t\t\t\t\t\t\t<\/div>\n\t<\/div>\n  [\/vc_column][\/vc_row][vc_row css=&#8221;.vc_custom_1705593083345{margin-bottom: 10px !important;}&#8221;][vc_column]\t<div class=\"et-image-580 et-image     et_image_link\">\n\t\t<div class=\"et-image-inner \">\n\t\t\t\t\t\t\t<div class=\"et-image-thumb \">\n\t\t\t\t\t<img decoding=\"async\" width=\"1000\" height=\"828\" src=\"https:\/\/svetslik.si\/wp-content\/uploads\/2021\/09\/Salvador-Dali-\u2013-Soft-Watch-at-the-Moment-of-First-Explosion-reprodukcija-slike-na-platnu4.jpg\" class=\"attachment-full\" alt=\"Salvador Dali \u2013 Soft Watch at the Moment of First Explosion reprodukcija slike na platnu\" title=\"Salvador-Dali-\u2013-Soft-Watch-at-the-Moment-of-First-Explosion-reprodukcija-slike-na-platnu4\" srcset=\"https:\/\/svetslik.si\/wp-content\/uploads\/2021\/09\/Salvador-Dali-\u2013-Soft-Watch-at-the-Moment-of-First-Explosion-reprodukcija-slike-na-platnu4.jpg 1000w, https:\/\/svetslik.si\/wp-content\/uploads\/2021\/09\/Salvador-Dali-\u2013-Soft-Watch-at-the-Moment-of-First-Explosion-reprodukcija-slike-na-platnu4-600x497.jpg 600w, https:\/\/svetslik.si\/wp-content\/uploads\/2021\/09\/Salvador-Dali-\u2013-Soft-Watch-at-the-Moment-of-First-Explosion-reprodukcija-slike-na-platnu4-300x248.jpg 300w, https:\/\/svetslik.si\/wp-content\/uploads\/2021\/09\/Salvador-Dali-\u2013-Soft-Watch-at-the-Moment-of-First-Explosion-reprodukcija-slike-na-platnu4-768x636.jpg 768w, https:\/\/svetslik.si\/wp-content\/uploads\/2021\/09\/Salvador-Dali-\u2013-Soft-Watch-at-the-Moment-of-First-Explosion-reprodukcija-slike-na-platnu4-150x124.jpg 150w, https:\/\/svetslik.si\/wp-content\/uploads\/2021\/09\/Salvador-Dali-\u2013-Soft-Watch-at-the-Moment-of-First-Explosion-reprodukcija-slike-na-platnu4-900x745.jpg 900w\" sizes=\"(max-width: 1000px) 100vw, 1000px\" \/>\t\t\t\t<\/div>\n\t\t\t\t\t\t\t\t\t\t\t<\/div>\n\t<\/div>\n  [\/vc_column][\/vc_row][vc_row css=&#8221;.vc_custom_1705593083345{margin-bottom: 10px !important;}&#8221;][vc_column]\t<div class=\"et-image-960 et-image     et_image_link\">\n\t\t<div class=\"et-image-inner \">\n\t\t\t\t\t\t\t<div class=\"et-image-thumb \">\n\t\t\t\t\t<img decoding=\"async\" width=\"1000\" height=\"563\" src=\"https:\/\/svetslik.si\/wp-content\/uploads\/2021\/09\/Salvador-Dali-\u2013-Soft-Watch-at-the-Moment-of-First-Explosion-reprodukcija-slike-na-platnu-6.jpg\" class=\"attachment-full\" alt=\"Salvador Dali \u2013 Soft Watch at the Moment of First Explosion reprodukcija slike na platnu\" title=\"Salvador-Dali-\u2013-Soft-Watch-at-the-Moment-of-First-Explosion-reprodukcija-slike-na-platnu-6\" srcset=\"https:\/\/svetslik.si\/wp-content\/uploads\/2021\/09\/Salvador-Dali-\u2013-Soft-Watch-at-the-Moment-of-First-Explosion-reprodukcija-slike-na-platnu-6.jpg 1000w, https:\/\/svetslik.si\/wp-content\/uploads\/2021\/09\/Salvador-Dali-\u2013-Soft-Watch-at-the-Moment-of-First-Explosion-reprodukcija-slike-na-platnu-6-600x338.jpg 600w, https:\/\/svetslik.si\/wp-content\/uploads\/2021\/09\/Salvador-Dali-\u2013-Soft-Watch-at-the-Moment-of-First-Explosion-reprodukcija-slike-na-platnu-6-300x169.jpg 300w, https:\/\/svetslik.si\/wp-content\/uploads\/2021\/09\/Salvador-Dali-\u2013-Soft-Watch-at-the-Moment-of-First-Explosion-reprodukcija-slike-na-platnu-6-768x432.jpg 768w, https:\/\/svetslik.si\/wp-content\/uploads\/2021\/09\/Salvador-Dali-\u2013-Soft-Watch-at-the-Moment-of-First-Explosion-reprodukcija-slike-na-platnu-6-150x84.jpg 150w, https:\/\/svetslik.si\/wp-content\/uploads\/2021\/09\/Salvador-Dali-\u2013-Soft-Watch-at-the-Moment-of-First-Explosion-reprodukcija-slike-na-platnu-6-900x507.jpg 900w\" sizes=\"(max-width: 1000px) 100vw, 1000px\" \/>\t\t\t\t<\/div>\n\t\t\t\t\t\t\t\t\t\t\t<\/div>\n\t<\/div>\n  [\/vc_column][\/vc_row][vc_row][vc_column][vc_column_text]\n<h1>Salvador Dali \u2013 Soft Watch im Moment der ersten Explosion<\/h1>\n<p>&nbsp;<\/p>\n<table style=\"width: 673px;\" border=\"0\" width=\"673\" cellpadding=\"0\">\n<tbody>\n<tr>\n<td style=\"width: 180px; height: 21px;\" height=\"21\">Erstellungsjahr:<\/td>\n<td style=\"width: 493px;\">1954<\/td>\n<\/tr>\n<tr>\n<td style=\"width: 180px; height: 21px;\" height=\"21\">Originalgr\u00f6\u00dfe:<\/td>\n<td style=\"width: 493px;\">19,1 cm x 14 cm<\/td>\n<\/tr>\n<tr>\n<td style=\"width: 180px; height: 21px;\" height=\"21\">Lackstil:<\/td>\n<td>\n<div>\n<div>\n<div>\n<div>\n<div>Surrealismus<\/div>\n<\/div>\n<\/div>\n<\/div>\n<\/div>\n<\/td>\n<\/tr>\n<tr>\n<td style=\"width: 180px; height: 21px;\" height=\"21\">Originaltechnik:<\/td>\n<td>\u00d6l auf Leinwand<\/td>\n<\/tr>\n<tr>\n<td style=\"width: 180px; height: 21px;\" height=\"21\">Standort:<\/td>\n<td>Privatsammlung<\/td>\n<\/tr>\n<\/tbody>\n<colgroup>\n<col \/>\n<col \/> <\/colgroup>\n<\/table>\n<p>Salvador Dal\u00eds \u201eDie weiche Uhr im Moment der ersten Explosion\u201c ist ein surrealistisches Gem\u00e4lde, das eine schmelzende Taschenuhr zeigt, ein h\u00e4ufiges Symbol in Dal\u00eds Werken. Das Gem\u00e4lde soll eine visuelle Darstellung der Flie\u00dff\u00e4higkeit der Zeit und des Zusammenbruchs der traditionellen Zeitauffassung sein. Die Verwendung schmelzender Uhren in Dal\u00eds Kunst kann auch als Metapher f\u00fcr das Chaos und die Zerst\u00f6rung des Krieges verstanden werden.<\/p>\n<p>Eines der auff\u00e4lligsten Elemente des Gem\u00e4ldes ist die Verwendung lebendiger Farben und kr\u00e4ftiger Pinselstriche, die die traumhafte Qualit\u00e4t des Gem\u00e4ldes verst\u00e4rken. Die Uhr wird als sich aufl\u00f6send und flie\u00dfend dargestellt, ihre Zeiger und Zahlen sind verzerrt und verl\u00e4ngert. Der Hintergrund ist eine chaotische Mischung aus Blau- und Gr\u00fcnt\u00f6nen mit wirbelnden Mustern, die das Gef\u00fchl von Bewegung und Ver\u00e4nderung verst\u00e4rken.<\/p>\n<p>Dal\u00eds Interesse an Sigmund Freuds Theorien \u00fcber das Unterbewusstsein soll das Gem\u00e4lde beeinflusst haben. Das Schmelzen der Uhr ist eine visuelle Darstellung des Zerfalls des Egos und der Freisetzung unterdr\u00fcckter W\u00fcnsche und Erinnerungen.<\/p>\n<p>Das Gem\u00e4lde befindet sich derzeit im Museum of Modern Art in New York. Es gilt als eines der bedeutendsten Werke Dal\u00eds und ist ein hervorragendes Beispiel f\u00fcr seinen einzigartigen Stil und seine Technik.<\/p>\n<p>Als einer der bekanntesten und ber\u00fchmtesten K\u00fcnstler des 20. Jahrhunderts begeistert Salvador Dali weiterhin das Publikum auf der ganzen Welt mit seinen Werken. Seine Gem\u00e4lde gelten als Meisterwerke des Surrealismus und pr\u00e4gen die Kunstwelt nachhaltig. \u201eDie weiche Uhr im Moment der ersten Explosion\u201c ist ein perfektes Beispiel f\u00fcr Dal\u00eds F\u00e4higkeit, das Unterbewusstsein durch seine Kunst einzufangen, und bleibt ein Muss f\u00fcr jeden, der sich f\u00fcr den Surrealismus und die Kunst von Salvador Dal\u00ed interessiert.[\/vc_column_text][\/vc_column][\/vc_row]\n<\/div>","protected":false},"excerpt":{"rendered":"<p>[vc_row css=&#8221;.vc_custom_1705593083345{margin-bottom: 10px !important;}&#8221;][vc_column][\/vc_column][\/vc_row][vc_row css=&#8221;.vc_custom_1705593083345{margin-bottom: 10px !important;}&#8221;][vc_column][\/vc_column][\/vc_row][vc_row css=&#8221;.vc_custom_1705593083345{margin-bottom: 10px !important;}&#8221;][vc_column][\/vc_column][\/vc_row][vc_row css=&#8221;.vc_custom_1705593083345{margin-bottom: 10px !important;}&#8221;][vc_column][\/vc_column][\/vc_row][vc_row css=&#8221;.vc_custom_1705593083345{margin-bottom: 10px !important;}&#8221;][vc_column][\/vc_column][\/vc_row][vc_row][vc_column][vc_column_text] Salvador Dali \u2013 Soft Watch im Moment der ersten Explosion &nbsp; Erstellungsjahr: 1954 Originalgr\u00f6\u00dfe: 19,1 cm x 14 cm Lackstil: Surrealismus Originaltechnik: \u00d6l auf Leinwand Standort: Privatsammlung Salvador Dal\u00eds \u201eDie weiche Uhr im Moment [&hellip;]<\/p>\n","protected":false},"featured_media":64070,"template":"","meta":{"_acf_changed":false},"product_brand":[],"product_cat":[8452],"product_tag":[8482,8521,8513,8514,8519],"class_list":{"0":"post-66831","1":"product","2":"type-product","3":"status-publish","4":"has-post-thumbnail","6":"product_cat-salvador-dali-de","7":"product_tag-dali-de","8":"product_tag-maler","9":"product_tag-reproduktion","10":"product_tag-reproduktionen","11":"product_tag-salvador-dali-de","12":"pa_dimenzija-120-x-100-cm-de","13":"pa_dimenzija-150-x-120-cm-de","14":"pa_dimenzija-40-x-30-cm-de","15":"pa_dimenzija-50-x-40-cm-de","16":"pa_dimenzija-60-x-50-cm-de","17":"pa_dimenzija-70-x-60-cm-de","18":"pa_dimenzija-80-x-60-cm-de","19":"pa_dimenzija-90-x-70-cm-de","20":"pa_oblika-horizontal-de","21":"pa_okvir-ohne-rahmen","22":"pa_podokvir-ja","23":"pa_podokvir-nein","25":"first","26":"onbackorder","27":"purchasable","28":"product-type-variable","29":"has-default-attributes"},"acf":[],"yoast_head":"<!-- This site is optimized with the Yoast SEO Premium plugin v26.0 (Yoast SEO v27.2) - https:\/\/yoast.com\/product\/yoast-seo-premium-wordpress\/ -->\n<title>Salvador Dali - Soft Watch at the Moment of First Explosion - SVETSLIK.SI - 100% handgemalt<\/title>\n<meta name=\"description\" content=\"Salvador Dali - Soft Watch at the Moment of First Explosion - 100% handgemalte Gem\u00e4lde - Verkauf von Reproduktionen ber\u00fchmter Gem\u00e4lde und abstrakter Kunst - Wandbilder f\u00fcr das Wohnzimmer\" \/>\n<meta name=\"robots\" content=\"index, follow, max-snippet:-1, max-image-preview:large, max-video-preview:-1\" \/>\n<link rel=\"canonical\" href=\"https:\/\/svetslik.si\/de\/salvador-dali-de\/soft-watch-at-the-moment-of-first-explosio\/\" \/>\n<meta property=\"og:locale\" content=\"de_DE\" \/>\n<meta property=\"og:type\" content=\"article\" \/>\n<meta property=\"og:title\" content=\"Salvador Dali - Soft Watch at the Moment of First Explosion\" \/>\n<meta property=\"og:description\" content=\"100% ro\u010dno naslikane slike na platnu, reprodukcije znanih slikarjev in umetni\u0161ke slike po naro\u010dilu.\" \/>\n<meta property=\"og:url\" content=\"https:\/\/svetslik.si\/de\/salvador-dali-de\/soft-watch-at-the-moment-of-first-explosio\/\" \/>\n<meta property=\"og:site_name\" content=\"SVETSLIK.SI\" \/>\n<meta property=\"article:publisher\" content=\"https:\/\/www.facebook.com\/svetslik.si\" \/>\n<meta property=\"article:modified_time\" content=\"2026-03-22T18:38:06+00:00\" \/>\n<meta property=\"og:image\" content=\"https:\/\/svetslik.si\/wp-content\/uploads\/2021\/08\/image_Soft-Watch-at-the-Moment-of-First-Explosio_680.jpg\" \/>\n\t<meta property=\"og:image:width\" content=\"1200\" \/>\n\t<meta property=\"og:image:height\" content=\"868\" \/>\n\t<meta property=\"og:image:type\" content=\"image\/jpeg\" \/>\n<meta name=\"twitter:card\" content=\"summary_large_image\" \/>\n<meta name=\"twitter:site\" content=\"@svetslik\" \/>\n<meta name=\"twitter:label1\" content=\"Verf\u00fcgbarkeit\" \/>\n\t<meta name=\"twitter:data1\" content=\"bei Nachbestellung\" \/>\n<script type=\"application\/ld+json\" class=\"yoast-schema-graph\">{\"@context\":\"https:\/\/schema.org\",\"@graph\":[{\"@type\":[\"WebPage\",\"ItemPage\"],\"@id\":\"https:\/\/svetslik.si\/de\/salvador-dali-de\/soft-watch-at-the-moment-of-first-explosio\/\",\"url\":\"https:\/\/svetslik.si\/de\/salvador-dali-de\/soft-watch-at-the-moment-of-first-explosio\/\",\"name\":\"Salvador Dali - Soft Watch at the Moment of First Explosion - SVETSLIK.SI - 100% handgemalt\",\"isPartOf\":{\"@id\":\"https:\/\/svetslik.si\/de\/#website\"},\"primaryImageOfPage\":{\"@id\":\"https:\/\/svetslik.si\/de\/salvador-dali-de\/soft-watch-at-the-moment-of-first-explosio\/#primaryimage\"},\"image\":{\"@id\":\"https:\/\/svetslik.si\/de\/salvador-dali-de\/soft-watch-at-the-moment-of-first-explosio\/#primaryimage\"},\"thumbnailUrl\":\"https:\/\/svetslik.si\/wp-content\/uploads\/2021\/08\/image_Soft-Watch-at-the-Moment-of-First-Explosio_680.jpg\",\"datePublished\":\"2021-09-02T15:45:53+00:00\",\"dateModified\":\"2026-03-22T18:38:06+00:00\",\"description\":\"Salvador Dali - Soft Watch at the Moment of First Explosion - 100% handgemalte Gem\u00e4lde - Verkauf von Reproduktionen ber\u00fchmter Gem\u00e4lde und abstrakter Kunst - Wandbilder f\u00fcr das Wohnzimmer\",\"breadcrumb\":{\"@id\":\"https:\/\/svetslik.si\/de\/salvador-dali-de\/soft-watch-at-the-moment-of-first-explosio\/#breadcrumb\"},\"inLanguage\":\"de\",\"potentialAction\":[{\"@type\":\"ReadAction\",\"target\":[\"https:\/\/svetslik.si\/de\/salvador-dali-de\/soft-watch-at-the-moment-of-first-explosio\/\"]}]},{\"@type\":\"ImageObject\",\"inLanguage\":\"de\",\"@id\":\"https:\/\/svetslik.si\/de\/salvador-dali-de\/soft-watch-at-the-moment-of-first-explosio\/#primaryimage\",\"url\":\"https:\/\/svetslik.si\/wp-content\/uploads\/2021\/08\/image_Soft-Watch-at-the-Moment-of-First-Explosio_680.jpg\",\"contentUrl\":\"https:\/\/svetslik.si\/wp-content\/uploads\/2021\/08\/image_Soft-Watch-at-the-Moment-of-First-Explosio_680.jpg\",\"width\":1200,\"height\":868,\"caption\":\"Salvador Dali - Soft Watch at the Moment of First Explosion (Weiche Uhr im Augenblick der ersten Explosion) - Gem\u00e4lde, Leinwandbilder, Reproduktion\"},{\"@type\":\"BreadcrumbList\",\"@id\":\"https:\/\/svetslik.si\/de\/salvador-dali-de\/soft-watch-at-the-moment-of-first-explosio\/#breadcrumb\",\"itemListElement\":[{\"@type\":\"ListItem\",\"position\":1,\"name\":\"Wandkunst und Gem\u00e4lde auf Leinwand\",\"item\":\"https:\/\/svetslik.si\/de\/\"},{\"@type\":\"ListItem\",\"position\":2,\"name\":\"Verkauf von Gem\u00e4lden\",\"item\":\"https:\/\/svetslik.si\/prodaja-slik\/\"},{\"@type\":\"ListItem\",\"position\":3,\"name\":\"Salvador Dali &#8211; Soft Watch at the Moment of First Explosion\"}]},{\"@type\":\"WebSite\",\"@id\":\"https:\/\/svetslik.si\/de\/#website\",\"url\":\"https:\/\/svetslik.si\/de\/\",\"name\":\"SVETSLIK.SI\",\"description\":\"100% handgemalte Reproduktionen von Gem\u00e4lden ber\u00fchmter Maler und Gem\u00e4lde auf Leinwand.\",\"publisher\":{\"@id\":\"https:\/\/svetslik.si\/de\/#organization\"},\"potentialAction\":[{\"@type\":\"SearchAction\",\"target\":{\"@type\":\"EntryPoint\",\"urlTemplate\":\"https:\/\/svetslik.si\/de\/?s={search_term_string}\"},\"query-input\":{\"@type\":\"PropertyValueSpecification\",\"valueRequired\":true,\"valueName\":\"search_term_string\"}}],\"inLanguage\":\"de\"},{\"@type\":\"Organization\",\"@id\":\"https:\/\/svetslik.si\/de\/#organization\",\"name\":\"SvetSlik.si\",\"url\":\"https:\/\/svetslik.si\/de\/\",\"logo\":{\"@type\":\"ImageObject\",\"inLanguage\":\"de\",\"@id\":\"https:\/\/svetslik.si\/de\/#\/schema\/logo\/image\/\",\"url\":\"https:\/\/svetslik.si\/wp-content\/uploads\/2020\/12\/logo-512.png\",\"contentUrl\":\"https:\/\/svetslik.si\/wp-content\/uploads\/2020\/12\/logo-512.png\",\"width\":512,\"height\":512,\"caption\":\"SvetSlik.si\"},\"image\":{\"@id\":\"https:\/\/svetslik.si\/de\/#\/schema\/logo\/image\/\"},\"sameAs\":[\"https:\/\/www.facebook.com\/svetslik.si\",\"https:\/\/x.com\/svetslik\",\"https:\/\/www.instagram.com\/svetslik.si\/\",\"https:\/\/www.linkedin.com\/company\/svetslik-si\"]}]}<\/script>\n<meta property=\"og:availability\" content=\"backorder\" \/>\n<meta property=\"product:availability\" content=\"available for order\" \/>\n<meta property=\"product:retailer_item_id\" content=\"132__\" \/>\n<meta property=\"product:condition\" content=\"new\" \/>\n<!-- \/ Yoast SEO Premium plugin. -->","yoast_head_json":{"title":"Salvador Dali - Soft Watch at the Moment of First Explosion - SVETSLIK.SI - 100% handgemalt","description":"Salvador Dali - Soft Watch at the Moment of First Explosion - 100% handgemalte Gem\u00e4lde - Verkauf von Reproduktionen ber\u00fchmter Gem\u00e4lde und abstrakter Kunst - Wandbilder f\u00fcr das Wohnzimmer","robots":{"index":"index","follow":"follow","max-snippet":"max-snippet:-1","max-image-preview":"max-image-preview:large","max-video-preview":"max-video-preview:-1"},"canonical":"https:\/\/svetslik.si\/de\/salvador-dali-de\/soft-watch-at-the-moment-of-first-explosio\/","og_locale":"de_DE","og_type":"article","og_title":"Salvador Dali - Soft Watch at the Moment of First Explosion","og_description":"100% ro\u010dno naslikane slike na platnu, reprodukcije znanih slikarjev in umetni\u0161ke slike po naro\u010dilu.","og_url":"https:\/\/svetslik.si\/de\/salvador-dali-de\/soft-watch-at-the-moment-of-first-explosio\/","og_site_name":"SVETSLIK.SI","article_publisher":"https:\/\/www.facebook.com\/svetslik.si","article_modified_time":"2026-03-22T18:38:06+00:00","og_image":[{"width":1200,"height":868,"url":"https:\/\/svetslik.si\/wp-content\/uploads\/2021\/08\/image_Soft-Watch-at-the-Moment-of-First-Explosio_680.jpg","type":"image\/jpeg"}],"twitter_card":"summary_large_image","twitter_site":"@svetslik","twitter_misc":{"Verf\u00fcgbarkeit":"bei Nachbestellung"},"schema":{"@context":"https:\/\/schema.org","@graph":[{"@type":["WebPage","ItemPage"],"@id":"https:\/\/svetslik.si\/de\/salvador-dali-de\/soft-watch-at-the-moment-of-first-explosio\/","url":"https:\/\/svetslik.si\/de\/salvador-dali-de\/soft-watch-at-the-moment-of-first-explosio\/","name":"Salvador Dali - Soft Watch at the Moment of First Explosion - SVETSLIK.SI - 100% handgemalt","isPartOf":{"@id":"https:\/\/svetslik.si\/de\/#website"},"primaryImageOfPage":{"@id":"https:\/\/svetslik.si\/de\/salvador-dali-de\/soft-watch-at-the-moment-of-first-explosio\/#primaryimage"},"image":{"@id":"https:\/\/svetslik.si\/de\/salvador-dali-de\/soft-watch-at-the-moment-of-first-explosio\/#primaryimage"},"thumbnailUrl":"https:\/\/svetslik.si\/wp-content\/uploads\/2021\/08\/image_Soft-Watch-at-the-Moment-of-First-Explosio_680.jpg","datePublished":"2021-09-02T15:45:53+00:00","dateModified":"2026-03-22T18:38:06+00:00","description":"Salvador Dali - Soft Watch at the Moment of First Explosion - 100% handgemalte Gem\u00e4lde - Verkauf von Reproduktionen ber\u00fchmter Gem\u00e4lde und abstrakter Kunst - Wandbilder f\u00fcr das Wohnzimmer","breadcrumb":{"@id":"https:\/\/svetslik.si\/de\/salvador-dali-de\/soft-watch-at-the-moment-of-first-explosio\/#breadcrumb"},"inLanguage":"de","potentialAction":[{"@type":"ReadAction","target":["https:\/\/svetslik.si\/de\/salvador-dali-de\/soft-watch-at-the-moment-of-first-explosio\/"]}]},{"@type":"ImageObject","inLanguage":"de","@id":"https:\/\/svetslik.si\/de\/salvador-dali-de\/soft-watch-at-the-moment-of-first-explosio\/#primaryimage","url":"https:\/\/svetslik.si\/wp-content\/uploads\/2021\/08\/image_Soft-Watch-at-the-Moment-of-First-Explosio_680.jpg","contentUrl":"https:\/\/svetslik.si\/wp-content\/uploads\/2021\/08\/image_Soft-Watch-at-the-Moment-of-First-Explosio_680.jpg","width":1200,"height":868,"caption":"Salvador Dali - Soft Watch at the Moment of First Explosion (Weiche Uhr im Augenblick der ersten Explosion) - Gem\u00e4lde, Leinwandbilder, Reproduktion"},{"@type":"BreadcrumbList","@id":"https:\/\/svetslik.si\/de\/salvador-dali-de\/soft-watch-at-the-moment-of-first-explosio\/#breadcrumb","itemListElement":[{"@type":"ListItem","position":1,"name":"Wandkunst und Gem\u00e4lde auf Leinwand","item":"https:\/\/svetslik.si\/de\/"},{"@type":"ListItem","position":2,"name":"Verkauf von Gem\u00e4lden","item":"https:\/\/svetslik.si\/prodaja-slik\/"},{"@type":"ListItem","position":3,"name":"Salvador Dali &#8211; Soft Watch at the Moment of First Explosion"}]},{"@type":"WebSite","@id":"https:\/\/svetslik.si\/de\/#website","url":"https:\/\/svetslik.si\/de\/","name":"SVETSLIK.SI","description":"100% handgemalte Reproduktionen von Gem\u00e4lden ber\u00fchmter Maler und Gem\u00e4lde auf Leinwand.","publisher":{"@id":"https:\/\/svetslik.si\/de\/#organization"},"potentialAction":[{"@type":"SearchAction","target":{"@type":"EntryPoint","urlTemplate":"https:\/\/svetslik.si\/de\/?s={search_term_string}"},"query-input":{"@type":"PropertyValueSpecification","valueRequired":true,"valueName":"search_term_string"}}],"inLanguage":"de"},{"@type":"Organization","@id":"https:\/\/svetslik.si\/de\/#organization","name":"SvetSlik.si","url":"https:\/\/svetslik.si\/de\/","logo":{"@type":"ImageObject","inLanguage":"de","@id":"https:\/\/svetslik.si\/de\/#\/schema\/logo\/image\/","url":"https:\/\/svetslik.si\/wp-content\/uploads\/2020\/12\/logo-512.png","contentUrl":"https:\/\/svetslik.si\/wp-content\/uploads\/2020\/12\/logo-512.png","width":512,"height":512,"caption":"SvetSlik.si"},"image":{"@id":"https:\/\/svetslik.si\/de\/#\/schema\/logo\/image\/"},"sameAs":["https:\/\/www.facebook.com\/svetslik.si","https:\/\/x.com\/svetslik","https:\/\/www.instagram.com\/svetslik.si\/","https:\/\/www.linkedin.com\/company\/svetslik-si"]}]},"og_availability":"backorder","product_availability":"available for order","product_retailer_item_id":"132__","product_condition":"new"},"jetpack_sharing_enabled":true,"_links":{"self":[{"href":"https:\/\/svetslik.si\/de\/wp-json\/wp\/v2\/product\/66831","targetHints":{"allow":["GET"]}}],"collection":[{"href":"https:\/\/svetslik.si\/de\/wp-json\/wp\/v2\/product"}],"about":[{"href":"https:\/\/svetslik.si\/de\/wp-json\/wp\/v2\/types\/product"}],"wp:featuredmedia":[{"embeddable":true,"href":"https:\/\/svetslik.si\/de\/wp-json\/wp\/v2\/media\/64070"}],"wp:attachment":[{"href":"https:\/\/svetslik.si\/de\/wp-json\/wp\/v2\/media?parent=66831"}],"wp:term":[{"taxonomy":"product_brand","embeddable":true,"href":"https:\/\/svetslik.si\/de\/wp-json\/wp\/v2\/product_brand?post=66831"},{"taxonomy":"product_cat","embeddable":true,"href":"https:\/\/svetslik.si\/de\/wp-json\/wp\/v2\/product_cat?post=66831"},{"taxonomy":"product_tag","embeddable":true,"href":"https:\/\/svetslik.si\/de\/wp-json\/wp\/v2\/product_tag?post=66831"}],"curies":[{"name":"wp","href":"https:\/\/api.w.org\/{rel}","templated":true}]}}