{"id":66858,"date":"2021-09-02T17:46:00","date_gmt":"2021-09-02T15:46:00","guid":{"rendered":"https:\/\/svetslik.si\/unkategorisiert\/portrait-of-cecilia-gallerani\/"},"modified":"2026-03-22T19:38:06","modified_gmt":"2026-03-22T18:38:06","slug":"portrait-of-cecilia-gallerani","status":"publish","type":"product","link":"https:\/\/svetslik.si\/de\/leonardo-da-vinci-de\/portrait-of-cecilia-gallerani\/","title":{"rendered":"Leonardo da Vinci &#8211; Portrait of Cecilia Gallerani"},"content":{"rendered":"<h1>Leonardo da Vinci \u2013 Portr\u00e4t von Cecilia Gallerani<\/h1>\n<p>\n&nbsp;<\/p>\n<table border=\"0\" cellpadding=\"0\" style=\"width: 673px\" width=\"673\">\n<tbody>\n<tr>\n<td height=\"21\" style=\"width: 180px;height: 21px\">\nJahr der Erstellung:<\/td>\n<td style=\"width: 493px\">\n1489-1490<\/td>\n<\/tr>\n<tr>\n<td height=\"21\" style=\"width: 180px;height: 21px\">\nOriginalgr\u00f6\u00dfe:<\/td>\n<td style=\"width: 493px\">\n40 cm x 55 cm<\/td>\n<\/tr>\n<tr>\n<td height=\"21\" style=\"width: 180px;height: 21px\">\nMalstil:<\/td>\n<td style=\"width: 493px\">\nHochrenaissance<\/td>\n<\/tr>\n<tr>\n<td height=\"21\" style=\"width: 180px;height: 21px\">\nOriginaltechnik:<\/td>\n<td>\n\u00d6l auf Holz<\/td>\n<\/tr>\n<tr>\n<td height=\"21\" style=\"width: 180px;height: 21px\">\nGefunden:<\/td>\n<td>\nCzartoryski-Museum, Krakau, Polen<\/td>\n<\/tr>\n<\/tbody>\n<colgroup>\n<\/colgroup>\n<\/table>\n<p>\nIm Portr\u00e4t einer Dame mit Wiesel malte der K\u00fcnstler Cecilia Gallerani, die Geliebte von Lodovico Sforza, dem damaligen Herzog von Mailand. Dieses Portr\u00e4t ist eines von nur vier Frauenportr\u00e4ts, die Leonardo zu seinen Lebzeiten malte.<\/p>\n","protected":false},"excerpt":{"rendered":"<p>Leonardo da Vinci \u2013 Portr\u00e4t von Cecilia Gallerani &nbsp; Jahr der Erstellung: 1489-1490 Originalgr\u00f6\u00dfe: 40 cm x 55 cm Malstil: Hochrenaissance Originaltechnik: \u00d6l auf Holz Gefunden: Czartoryski-Museum, Krakau, Polen Im Portr\u00e4t einer Dame mit Wiesel malte der K\u00fcnstler Cecilia Gallerani, die Geliebte von Lodovico Sforza, dem damaligen Herzog von Mailand. [&hellip;]<\/p>\n","protected":false},"featured_media":63899,"template":"","meta":{"_acf_changed":false},"product_brand":[],"product_cat":[8463],"product_tag":[8483,8521,8513,8514],"class_list":{"0":"post-66858","1":"product","2":"type-product","3":"status-publish","4":"has-post-thumbnail","6":"product_cat-leonardo-da-vinci-de","7":"product_tag-da-vinci-de","8":"product_tag-maler","9":"product_tag-reproduktion","10":"product_tag-reproduktionen","11":"pa_dimenzija-120-x-160-cm-de","12":"pa_dimenzija-150-x-200-cm-de","13":"pa_dimenzija-40-x-55-cm-de","14":"pa_dimenzija-50-x-70-cm-de","15":"pa_dimenzija-60-x-80-cm-de","16":"pa_dimenzija-70-x-110-cm-de","17":"pa_dimenzija-80-x-110-cm-de","18":"pa_dimenzija-90-x-120-cm-de","19":"pa_oblika-vertikal","20":"pa_okvir-ohne-rahmen","21":"pa_podokvir-ja","22":"pa_podokvir-nein","24":"first","25":"instock","26":"purchasable","27":"product-type-variable","28":"has-default-attributes"},"acf":[],"yoast_head":"<!-- This site is optimized with the Yoast SEO Premium plugin v26.0 (Yoast SEO v27.2) - https:\/\/yoast.com\/product\/yoast-seo-premium-wordpress\/ -->\n<title>Leonardo da Vinci - Portrait of Cecilia Gallerani - SVETSLIK.SI - 100% handgemalt<\/title>\n<meta name=\"description\" content=\"Leonardo da Vinci - Portrait of Cecilia Gallerani - 100% handgemalte Gem\u00e4lde - Verkauf von Reproduktionen ber\u00fchmter Gem\u00e4lde und abstrakter Kunst - Wandbilder f\u00fcr das Wohnzimmer\" \/>\n<meta name=\"robots\" content=\"index, follow, max-snippet:-1, max-image-preview:large, max-video-preview:-1\" \/>\n<link rel=\"canonical\" href=\"https:\/\/svetslik.si\/de\/leonardo-da-vinci-de\/portrait-of-cecilia-gallerani\/\" \/>\n<meta property=\"og:locale\" content=\"de_DE\" \/>\n<meta property=\"og:type\" content=\"article\" \/>\n<meta property=\"og:title\" content=\"Leonardo da Vinci - Portrait of Cecilia Gallerani\" \/>\n<meta property=\"og:description\" content=\"100% ro\u010dno naslikane slike na platnu, reprodukcije znanih slikarjev in umetni\u0161ke slike po naro\u010dilu.\" \/>\n<meta property=\"og:url\" content=\"https:\/\/svetslik.si\/de\/leonardo-da-vinci-de\/portrait-of-cecilia-gallerani\/\" \/>\n<meta property=\"og:site_name\" content=\"SVETSLIK.SI\" \/>\n<meta property=\"article:publisher\" content=\"https:\/\/www.facebook.com\/svetslik.si\" \/>\n<meta property=\"article:modified_time\" content=\"2026-03-22T18:38:06+00:00\" \/>\n<meta property=\"og:image\" content=\"https:\/\/svetslik.si\/wp-content\/uploads\/2021\/08\/image_olje-na-platnu-Portrait-of-Cecilia-Gallerani-da-Vinci_680-scaled.jpg\" \/>\n\t<meta property=\"og:image:width\" content=\"1909\" \/>\n\t<meta property=\"og:image:height\" content=\"2560\" \/>\n\t<meta property=\"og:image:type\" content=\"image\/jpeg\" \/>\n<meta name=\"twitter:card\" content=\"summary_large_image\" \/>\n<meta name=\"twitter:site\" content=\"@svetslik\" \/>\n<meta name=\"twitter:label1\" content=\"Verf\u00fcgbarkeit\" \/>\n\t<meta name=\"twitter:data1\" content=\"Auf Lager\" \/>\n<script type=\"application\/ld+json\" class=\"yoast-schema-graph\">{\"@context\":\"https:\/\/schema.org\",\"@graph\":[{\"@type\":[\"WebPage\",\"ItemPage\"],\"@id\":\"https:\/\/svetslik.si\/de\/leonardo-da-vinci-de\/portrait-of-cecilia-gallerani\/\",\"url\":\"https:\/\/svetslik.si\/de\/leonardo-da-vinci-de\/portrait-of-cecilia-gallerani\/\",\"name\":\"Leonardo da Vinci - Portrait of Cecilia Gallerani - SVETSLIK.SI - 100% handgemalt\",\"isPartOf\":{\"@id\":\"https:\/\/svetslik.si\/de\/#website\"},\"primaryImageOfPage\":{\"@id\":\"https:\/\/svetslik.si\/de\/leonardo-da-vinci-de\/portrait-of-cecilia-gallerani\/#primaryimage\"},\"image\":{\"@id\":\"https:\/\/svetslik.si\/de\/leonardo-da-vinci-de\/portrait-of-cecilia-gallerani\/#primaryimage\"},\"thumbnailUrl\":\"https:\/\/svetslik.si\/wp-content\/uploads\/2021\/08\/image_olje-na-platnu-Portrait-of-Cecilia-Gallerani-da-Vinci_680-scaled.jpg\",\"datePublished\":\"2021-09-02T15:46:00+00:00\",\"dateModified\":\"2026-03-22T18:38:06+00:00\",\"description\":\"Leonardo da Vinci - Portrait of Cecilia Gallerani - 100% handgemalte Gem\u00e4lde - Verkauf von Reproduktionen ber\u00fchmter Gem\u00e4lde und abstrakter Kunst - Wandbilder f\u00fcr das Wohnzimmer\",\"breadcrumb\":{\"@id\":\"https:\/\/svetslik.si\/de\/leonardo-da-vinci-de\/portrait-of-cecilia-gallerani\/#breadcrumb\"},\"inLanguage\":\"de\",\"potentialAction\":[{\"@type\":\"ReadAction\",\"target\":[\"https:\/\/svetslik.si\/de\/leonardo-da-vinci-de\/portrait-of-cecilia-gallerani\/\"]}]},{\"@type\":\"ImageObject\",\"inLanguage\":\"de\",\"@id\":\"https:\/\/svetslik.si\/de\/leonardo-da-vinci-de\/portrait-of-cecilia-gallerani\/#primaryimage\",\"url\":\"https:\/\/svetslik.si\/wp-content\/uploads\/2021\/08\/image_olje-na-platnu-Portrait-of-Cecilia-Gallerani-da-Vinci_680-scaled.jpg\",\"contentUrl\":\"https:\/\/svetslik.si\/wp-content\/uploads\/2021\/08\/image_olje-na-platnu-Portrait-of-Cecilia-Gallerani-da-Vinci_680-scaled.jpg\",\"width\":1909,\"height\":2560,\"caption\":\"Leonardo da Vinci - Portrait of Cecilia Gallerani (Gem\u00e4lde, Leinwandbilder)\"},{\"@type\":\"BreadcrumbList\",\"@id\":\"https:\/\/svetslik.si\/de\/leonardo-da-vinci-de\/portrait-of-cecilia-gallerani\/#breadcrumb\",\"itemListElement\":[{\"@type\":\"ListItem\",\"position\":1,\"name\":\"Wandkunst und Gem\u00e4lde auf Leinwand\",\"item\":\"https:\/\/svetslik.si\/de\/\"},{\"@type\":\"ListItem\",\"position\":2,\"name\":\"Verkauf von Gem\u00e4lden\",\"item\":\"https:\/\/svetslik.si\/prodaja-slik\/\"},{\"@type\":\"ListItem\",\"position\":3,\"name\":\"Leonardo da Vinci &#8211; Portrait of Cecilia Gallerani\"}]},{\"@type\":\"WebSite\",\"@id\":\"https:\/\/svetslik.si\/de\/#website\",\"url\":\"https:\/\/svetslik.si\/de\/\",\"name\":\"SVETSLIK.SI\",\"description\":\"100% handgemalte Reproduktionen von Gem\u00e4lden ber\u00fchmter Maler und Gem\u00e4lde auf Leinwand.\",\"publisher\":{\"@id\":\"https:\/\/svetslik.si\/de\/#organization\"},\"potentialAction\":[{\"@type\":\"SearchAction\",\"target\":{\"@type\":\"EntryPoint\",\"urlTemplate\":\"https:\/\/svetslik.si\/de\/?s={search_term_string}\"},\"query-input\":{\"@type\":\"PropertyValueSpecification\",\"valueRequired\":true,\"valueName\":\"search_term_string\"}}],\"inLanguage\":\"de\"},{\"@type\":\"Organization\",\"@id\":\"https:\/\/svetslik.si\/de\/#organization\",\"name\":\"SvetSlik.si\",\"url\":\"https:\/\/svetslik.si\/de\/\",\"logo\":{\"@type\":\"ImageObject\",\"inLanguage\":\"de\",\"@id\":\"https:\/\/svetslik.si\/de\/#\/schema\/logo\/image\/\",\"url\":\"https:\/\/svetslik.si\/wp-content\/uploads\/2020\/12\/logo-512.png\",\"contentUrl\":\"https:\/\/svetslik.si\/wp-content\/uploads\/2020\/12\/logo-512.png\",\"width\":512,\"height\":512,\"caption\":\"SvetSlik.si\"},\"image\":{\"@id\":\"https:\/\/svetslik.si\/de\/#\/schema\/logo\/image\/\"},\"sameAs\":[\"https:\/\/www.facebook.com\/svetslik.si\",\"https:\/\/x.com\/svetslik\",\"https:\/\/www.instagram.com\/svetslik.si\/\",\"https:\/\/www.linkedin.com\/company\/svetslik-si\"]}]}<\/script>\n<meta property=\"og:availability\" content=\"instock\" \/>\n<meta property=\"product:availability\" content=\"instock\" \/>\n<meta property=\"product:retailer_item_id\" content=\"136__\" \/>\n<meta property=\"product:condition\" content=\"new\" \/>\n<!-- \/ Yoast SEO Premium plugin. -->","yoast_head_json":{"title":"Leonardo da Vinci - Portrait of Cecilia Gallerani - SVETSLIK.SI - 100% handgemalt","description":"Leonardo da Vinci - Portrait of Cecilia Gallerani - 100% handgemalte Gem\u00e4lde - Verkauf von Reproduktionen ber\u00fchmter Gem\u00e4lde und abstrakter Kunst - Wandbilder f\u00fcr das Wohnzimmer","robots":{"index":"index","follow":"follow","max-snippet":"max-snippet:-1","max-image-preview":"max-image-preview:large","max-video-preview":"max-video-preview:-1"},"canonical":"https:\/\/svetslik.si\/de\/leonardo-da-vinci-de\/portrait-of-cecilia-gallerani\/","og_locale":"de_DE","og_type":"article","og_title":"Leonardo da Vinci - Portrait of Cecilia Gallerani","og_description":"100% ro\u010dno naslikane slike na platnu, reprodukcije znanih slikarjev in umetni\u0161ke slike po naro\u010dilu.","og_url":"https:\/\/svetslik.si\/de\/leonardo-da-vinci-de\/portrait-of-cecilia-gallerani\/","og_site_name":"SVETSLIK.SI","article_publisher":"https:\/\/www.facebook.com\/svetslik.si","article_modified_time":"2026-03-22T18:38:06+00:00","og_image":[{"width":1909,"height":2560,"url":"https:\/\/svetslik.si\/wp-content\/uploads\/2021\/08\/image_olje-na-platnu-Portrait-of-Cecilia-Gallerani-da-Vinci_680-scaled.jpg","type":"image\/jpeg"}],"twitter_card":"summary_large_image","twitter_site":"@svetslik","twitter_misc":{"Verf\u00fcgbarkeit":"Auf Lager"},"schema":{"@context":"https:\/\/schema.org","@graph":[{"@type":["WebPage","ItemPage"],"@id":"https:\/\/svetslik.si\/de\/leonardo-da-vinci-de\/portrait-of-cecilia-gallerani\/","url":"https:\/\/svetslik.si\/de\/leonardo-da-vinci-de\/portrait-of-cecilia-gallerani\/","name":"Leonardo da Vinci - Portrait of Cecilia Gallerani - SVETSLIK.SI - 100% handgemalt","isPartOf":{"@id":"https:\/\/svetslik.si\/de\/#website"},"primaryImageOfPage":{"@id":"https:\/\/svetslik.si\/de\/leonardo-da-vinci-de\/portrait-of-cecilia-gallerani\/#primaryimage"},"image":{"@id":"https:\/\/svetslik.si\/de\/leonardo-da-vinci-de\/portrait-of-cecilia-gallerani\/#primaryimage"},"thumbnailUrl":"https:\/\/svetslik.si\/wp-content\/uploads\/2021\/08\/image_olje-na-platnu-Portrait-of-Cecilia-Gallerani-da-Vinci_680-scaled.jpg","datePublished":"2021-09-02T15:46:00+00:00","dateModified":"2026-03-22T18:38:06+00:00","description":"Leonardo da Vinci - Portrait of Cecilia Gallerani - 100% handgemalte Gem\u00e4lde - Verkauf von Reproduktionen ber\u00fchmter Gem\u00e4lde und abstrakter Kunst - Wandbilder f\u00fcr das Wohnzimmer","breadcrumb":{"@id":"https:\/\/svetslik.si\/de\/leonardo-da-vinci-de\/portrait-of-cecilia-gallerani\/#breadcrumb"},"inLanguage":"de","potentialAction":[{"@type":"ReadAction","target":["https:\/\/svetslik.si\/de\/leonardo-da-vinci-de\/portrait-of-cecilia-gallerani\/"]}]},{"@type":"ImageObject","inLanguage":"de","@id":"https:\/\/svetslik.si\/de\/leonardo-da-vinci-de\/portrait-of-cecilia-gallerani\/#primaryimage","url":"https:\/\/svetslik.si\/wp-content\/uploads\/2021\/08\/image_olje-na-platnu-Portrait-of-Cecilia-Gallerani-da-Vinci_680-scaled.jpg","contentUrl":"https:\/\/svetslik.si\/wp-content\/uploads\/2021\/08\/image_olje-na-platnu-Portrait-of-Cecilia-Gallerani-da-Vinci_680-scaled.jpg","width":1909,"height":2560,"caption":"Leonardo da Vinci - Portrait of Cecilia Gallerani (Gem\u00e4lde, Leinwandbilder)"},{"@type":"BreadcrumbList","@id":"https:\/\/svetslik.si\/de\/leonardo-da-vinci-de\/portrait-of-cecilia-gallerani\/#breadcrumb","itemListElement":[{"@type":"ListItem","position":1,"name":"Wandkunst und Gem\u00e4lde auf Leinwand","item":"https:\/\/svetslik.si\/de\/"},{"@type":"ListItem","position":2,"name":"Verkauf von Gem\u00e4lden","item":"https:\/\/svetslik.si\/prodaja-slik\/"},{"@type":"ListItem","position":3,"name":"Leonardo da Vinci &#8211; Portrait of Cecilia Gallerani"}]},{"@type":"WebSite","@id":"https:\/\/svetslik.si\/de\/#website","url":"https:\/\/svetslik.si\/de\/","name":"SVETSLIK.SI","description":"100% handgemalte Reproduktionen von Gem\u00e4lden ber\u00fchmter Maler und Gem\u00e4lde auf Leinwand.","publisher":{"@id":"https:\/\/svetslik.si\/de\/#organization"},"potentialAction":[{"@type":"SearchAction","target":{"@type":"EntryPoint","urlTemplate":"https:\/\/svetslik.si\/de\/?s={search_term_string}"},"query-input":{"@type":"PropertyValueSpecification","valueRequired":true,"valueName":"search_term_string"}}],"inLanguage":"de"},{"@type":"Organization","@id":"https:\/\/svetslik.si\/de\/#organization","name":"SvetSlik.si","url":"https:\/\/svetslik.si\/de\/","logo":{"@type":"ImageObject","inLanguage":"de","@id":"https:\/\/svetslik.si\/de\/#\/schema\/logo\/image\/","url":"https:\/\/svetslik.si\/wp-content\/uploads\/2020\/12\/logo-512.png","contentUrl":"https:\/\/svetslik.si\/wp-content\/uploads\/2020\/12\/logo-512.png","width":512,"height":512,"caption":"SvetSlik.si"},"image":{"@id":"https:\/\/svetslik.si\/de\/#\/schema\/logo\/image\/"},"sameAs":["https:\/\/www.facebook.com\/svetslik.si","https:\/\/x.com\/svetslik","https:\/\/www.instagram.com\/svetslik.si\/","https:\/\/www.linkedin.com\/company\/svetslik-si"]}]},"og_availability":"instock","product_availability":"instock","product_retailer_item_id":"136__","product_condition":"new"},"jetpack_sharing_enabled":true,"_links":{"self":[{"href":"https:\/\/svetslik.si\/de\/wp-json\/wp\/v2\/product\/66858","targetHints":{"allow":["GET"]}}],"collection":[{"href":"https:\/\/svetslik.si\/de\/wp-json\/wp\/v2\/product"}],"about":[{"href":"https:\/\/svetslik.si\/de\/wp-json\/wp\/v2\/types\/product"}],"wp:featuredmedia":[{"embeddable":true,"href":"https:\/\/svetslik.si\/de\/wp-json\/wp\/v2\/media\/63899"}],"wp:attachment":[{"href":"https:\/\/svetslik.si\/de\/wp-json\/wp\/v2\/media?parent=66858"}],"wp:term":[{"taxonomy":"product_brand","embeddable":true,"href":"https:\/\/svetslik.si\/de\/wp-json\/wp\/v2\/product_brand?post=66858"},{"taxonomy":"product_cat","embeddable":true,"href":"https:\/\/svetslik.si\/de\/wp-json\/wp\/v2\/product_cat?post=66858"},{"taxonomy":"product_tag","embeddable":true,"href":"https:\/\/svetslik.si\/de\/wp-json\/wp\/v2\/product_tag?post=66858"}],"curies":[{"name":"wp","href":"https:\/\/api.w.org\/{rel}","templated":true}]}}