{"id":66955,"date":"2021-09-02T17:46:43","date_gmt":"2021-09-02T15:46:43","guid":{"rendered":"https:\/\/svetslik.si\/unkategorisiert\/portrait-in-a-new-orleans-cotton-office\/"},"modified":"2026-03-22T19:40:55","modified_gmt":"2026-03-22T18:40:55","slug":"portrait-in-a-new-orleans-cotton-office","status":"publish","type":"product","link":"https:\/\/svetslik.si\/de\/edgar-degas-de\/portrait-in-a-new-orleans-cotton-office\/","title":{"rendered":"Edgar Degas &#8211; Portrait in a New Orleans Cotton Office"},"content":{"rendered":"<h1>Edgar Degas \u2013 Portr\u00e4t in einem Baumwollb\u00fcro in New Orleans<\/h1>\n<p>\n&nbsp;<\/p>\n<table border=\"0\" cellpadding=\"0\" style=\"width: 619px\" width=\"619\">\n<tbody>\n<tr>\n<td height=\"21\" style=\"width: 180px;height: 21px\">\nJahr der Erstellung:<\/td>\n<td style=\"width: 439px\">\n1873<\/td>\n<\/tr>\n<tr>\n<td height=\"21\" style=\"width: 180px;height: 21px\">\nOriginalgr\u00f6\u00dfe:<\/td>\n<td style=\"width: 439px\">\n92 cm x 73 cm<\/td>\n<\/tr>\n<tr>\n<td height=\"21\" style=\"width: 180px;height: 21px\">\nMalstil:<\/td>\n<td style=\"width: 439px\">\nImpressionismus<\/td>\n<\/tr>\n<tr>\n<td height=\"21\" style=\"width: 180px;height: 21px\">\nOriginaltechnik:<\/td>\n<td style=\"width: 439px\">\n\u00d6l auf Leinwand<\/td>\n<\/tr>\n<tr>\n<td height=\"21\" style=\"width: 180px;height: 21px\">\nGefunden:<\/td>\n<td style=\"width: 439px\">\nMus\u00e9e des Beaux-Arts. Pow. Frankreich<\/td>\n<\/tr>\n<\/tbody>\n<colgroup>\n<\/colgroup>\n<\/table>\n<p>\n&nbsp;<\/p>\n<p>\nDas \u00d6l auf Leinwand zeigt 14 M\u00e4nner bei der Arbeit in einem Baumwollb\u00fcro, das Degas\u2018 Onkel geh\u00f6rt. Das Kunstwerk wurde 1876 auf der 2. Impressionistenausstellung ausgestellt und 1878 war es das erste Degas-Gem\u00e4lde, das von einem Museum erworben wurde.<\/p>\n<p>\n&nbsp;<\/p>\n","protected":false},"excerpt":{"rendered":"<p>Edgar Degas \u2013 Portr\u00e4t in einem Baumwollb\u00fcro in New Orleans &nbsp; Jahr der Erstellung: 1873 Originalgr\u00f6\u00dfe: 92 cm x 73 cm Malstil: Impressionismus Originaltechnik: \u00d6l auf Leinwand Gefunden: Mus\u00e9e des Beaux-Arts. Pow. Frankreich &nbsp; Das \u00d6l auf Leinwand zeigt 14 M\u00e4nner bei der Arbeit in einem Baumwollb\u00fcro, das Degas\u2018 Onkel [&hellip;]<\/p>\n","protected":false},"featured_media":63941,"template":"","meta":{"_acf_changed":false},"product_brand":[],"product_cat":[8457],"product_tag":[8484,8521,8513,8514],"class_list":{"0":"post-66955","1":"product","2":"type-product","3":"status-publish","4":"has-post-thumbnail","6":"product_cat-edgar-degas-de","7":"product_tag-degas-de","8":"product_tag-maler","9":"product_tag-reproduktion","10":"product_tag-reproduktionen","11":"pa_dimenzija-100-x-80-cm-de","12":"pa_dimenzija-120-x-90-cm-de","13":"pa_dimenzija-150-x-110-cm-de","14":"pa_dimenzija-50-x-40-cm-de","15":"pa_dimenzija-70-x-50-cm-de","16":"pa_dimenzija-80-x-60-cm-de","17":"pa_dimenzija-90-x-60-cm-de","18":"pa_oblika-horizontal-de","19":"pa_okvir-ohne-rahmen","20":"pa_podokvir-ja","21":"pa_podokvir-nein","23":"first","24":"onbackorder","25":"purchasable","26":"product-type-variable","27":"has-default-attributes"},"acf":[],"yoast_head":"<!-- This site is optimized with the Yoast SEO Premium plugin v26.0 (Yoast SEO v27.2) - https:\/\/yoast.com\/product\/yoast-seo-premium-wordpress\/ -->\n<title>Edgar Degas - Portrait in a New Orleans Cotton Office - SVETSLIK.SI - 100% handgemalt<\/title>\n<meta name=\"description\" content=\"Edgar Degas - Portrait in a New Orleans Cotton Office - 100% handgemalte Gem\u00e4lde - Verkauf von Reproduktionen ber\u00fchmter Gem\u00e4lde und abstrakter Kunst - Wandbilder f\u00fcr das Wohnzimmer\" \/>\n<meta name=\"robots\" content=\"index, follow, max-snippet:-1, max-image-preview:large, max-video-preview:-1\" \/>\n<link rel=\"canonical\" href=\"https:\/\/svetslik.si\/de\/edgar-degas-de\/portrait-in-a-new-orleans-cotton-office\/\" \/>\n<meta property=\"og:locale\" content=\"de_DE\" \/>\n<meta property=\"og:type\" content=\"article\" \/>\n<meta property=\"og:title\" content=\"Edgar Degas - Portrait in a New Orleans Cotton Office\" \/>\n<meta property=\"og:description\" content=\"100% ro\u010dno naslikane slike na platnu, reprodukcije znanih slikarjev in umetni\u0161ke slike po naro\u010dilu.\" \/>\n<meta property=\"og:url\" content=\"https:\/\/svetslik.si\/de\/edgar-degas-de\/portrait-in-a-new-orleans-cotton-office\/\" \/>\n<meta property=\"og:site_name\" content=\"SVETSLIK.SI\" \/>\n<meta property=\"article:publisher\" content=\"https:\/\/www.facebook.com\/svetslik.si\" \/>\n<meta property=\"article:modified_time\" content=\"2026-03-22T18:40:55+00:00\" \/>\n<meta property=\"og:image\" content=\"https:\/\/svetslik.si\/wp-content\/uploads\/2021\/08\/image_Portrait-in-a-New-Orleans-Cotton-Office-Edgar-Degas_680-scaled.jpg\" \/>\n\t<meta property=\"og:image:width\" content=\"2560\" \/>\n\t<meta property=\"og:image:height\" content=\"2021\" \/>\n\t<meta property=\"og:image:type\" content=\"image\/jpeg\" \/>\n<meta name=\"twitter:card\" content=\"summary_large_image\" \/>\n<meta name=\"twitter:site\" content=\"@svetslik\" \/>\n<meta name=\"twitter:label1\" content=\"Verf\u00fcgbarkeit\" \/>\n\t<meta name=\"twitter:data1\" content=\"bei Nachbestellung\" \/>\n<script type=\"application\/ld+json\" class=\"yoast-schema-graph\">{\"@context\":\"https:\/\/schema.org\",\"@graph\":[{\"@type\":[\"WebPage\",\"ItemPage\"],\"@id\":\"https:\/\/svetslik.si\/de\/edgar-degas-de\/portrait-in-a-new-orleans-cotton-office\/\",\"url\":\"https:\/\/svetslik.si\/de\/edgar-degas-de\/portrait-in-a-new-orleans-cotton-office\/\",\"name\":\"Edgar Degas - Portrait in a New Orleans Cotton Office - SVETSLIK.SI - 100% handgemalt\",\"isPartOf\":{\"@id\":\"https:\/\/svetslik.si\/de\/#website\"},\"primaryImageOfPage\":{\"@id\":\"https:\/\/svetslik.si\/de\/edgar-degas-de\/portrait-in-a-new-orleans-cotton-office\/#primaryimage\"},\"image\":{\"@id\":\"https:\/\/svetslik.si\/de\/edgar-degas-de\/portrait-in-a-new-orleans-cotton-office\/#primaryimage\"},\"thumbnailUrl\":\"https:\/\/svetslik.si\/wp-content\/uploads\/2021\/08\/image_Portrait-in-a-New-Orleans-Cotton-Office-Edgar-Degas_680-scaled.jpg\",\"datePublished\":\"2021-09-02T15:46:43+00:00\",\"dateModified\":\"2026-03-22T18:40:55+00:00\",\"description\":\"Edgar Degas - Portrait in a New Orleans Cotton Office - 100% handgemalte Gem\u00e4lde - Verkauf von Reproduktionen ber\u00fchmter Gem\u00e4lde und abstrakter Kunst - Wandbilder f\u00fcr das Wohnzimmer\",\"breadcrumb\":{\"@id\":\"https:\/\/svetslik.si\/de\/edgar-degas-de\/portrait-in-a-new-orleans-cotton-office\/#breadcrumb\"},\"inLanguage\":\"de\",\"potentialAction\":[{\"@type\":\"ReadAction\",\"target\":[\"https:\/\/svetslik.si\/de\/edgar-degas-de\/portrait-in-a-new-orleans-cotton-office\/\"]}]},{\"@type\":\"ImageObject\",\"inLanguage\":\"de\",\"@id\":\"https:\/\/svetslik.si\/de\/edgar-degas-de\/portrait-in-a-new-orleans-cotton-office\/#primaryimage\",\"url\":\"https:\/\/svetslik.si\/wp-content\/uploads\/2021\/08\/image_Portrait-in-a-New-Orleans-Cotton-Office-Edgar-Degas_680-scaled.jpg\",\"contentUrl\":\"https:\/\/svetslik.si\/wp-content\/uploads\/2021\/08\/image_Portrait-in-a-New-Orleans-Cotton-Office-Edgar-Degas_680-scaled.jpg\",\"width\":2560,\"height\":2021,\"caption\":\"Edgar Degas - Portrait in a New Orleans Cotton Office (Portr\u00e4t in einem Baumwollb\u00fcro in New Orleans), Gem\u00e4lde, Leinwandbilder - 100% handgemalte, Reproduktionen ber\u00fchmter Gem\u00e4lde, Gem\u00e4lde kaufen, Wandbilder Wohnzimmer, ber\u00fchmtes Gem\u00e4lde, \u00d6lgem\u00e4lde, Bilderrahmen\"},{\"@type\":\"BreadcrumbList\",\"@id\":\"https:\/\/svetslik.si\/de\/edgar-degas-de\/portrait-in-a-new-orleans-cotton-office\/#breadcrumb\",\"itemListElement\":[{\"@type\":\"ListItem\",\"position\":1,\"name\":\"Wandkunst und Gem\u00e4lde auf Leinwand\",\"item\":\"https:\/\/svetslik.si\/de\/\"},{\"@type\":\"ListItem\",\"position\":2,\"name\":\"Verkauf von Gem\u00e4lden\",\"item\":\"https:\/\/svetslik.si\/prodaja-slik\/\"},{\"@type\":\"ListItem\",\"position\":3,\"name\":\"Edgar Degas &#8211; Portrait in a New Orleans Cotton Office\"}]},{\"@type\":\"WebSite\",\"@id\":\"https:\/\/svetslik.si\/de\/#website\",\"url\":\"https:\/\/svetslik.si\/de\/\",\"name\":\"SVETSLIK.SI\",\"description\":\"100% handgemalte Reproduktionen von Gem\u00e4lden ber\u00fchmter Maler und Gem\u00e4lde auf Leinwand.\",\"publisher\":{\"@id\":\"https:\/\/svetslik.si\/de\/#organization\"},\"potentialAction\":[{\"@type\":\"SearchAction\",\"target\":{\"@type\":\"EntryPoint\",\"urlTemplate\":\"https:\/\/svetslik.si\/de\/?s={search_term_string}\"},\"query-input\":{\"@type\":\"PropertyValueSpecification\",\"valueRequired\":true,\"valueName\":\"search_term_string\"}}],\"inLanguage\":\"de\"},{\"@type\":\"Organization\",\"@id\":\"https:\/\/svetslik.si\/de\/#organization\",\"name\":\"SvetSlik.si\",\"url\":\"https:\/\/svetslik.si\/de\/\",\"logo\":{\"@type\":\"ImageObject\",\"inLanguage\":\"de\",\"@id\":\"https:\/\/svetslik.si\/de\/#\/schema\/logo\/image\/\",\"url\":\"https:\/\/svetslik.si\/wp-content\/uploads\/2020\/12\/logo-512.png\",\"contentUrl\":\"https:\/\/svetslik.si\/wp-content\/uploads\/2020\/12\/logo-512.png\",\"width\":512,\"height\":512,\"caption\":\"SvetSlik.si\"},\"image\":{\"@id\":\"https:\/\/svetslik.si\/de\/#\/schema\/logo\/image\/\"},\"sameAs\":[\"https:\/\/www.facebook.com\/svetslik.si\",\"https:\/\/x.com\/svetslik\",\"https:\/\/www.instagram.com\/svetslik.si\/\",\"https:\/\/www.linkedin.com\/company\/svetslik-si\"]}]}<\/script>\n<meta property=\"og:availability\" content=\"backorder\" \/>\n<meta property=\"product:availability\" content=\"available for order\" \/>\n<meta property=\"product:retailer_item_id\" content=\"149__\" \/>\n<meta property=\"product:condition\" content=\"new\" \/>\n<!-- \/ Yoast SEO Premium plugin. -->","yoast_head_json":{"title":"Edgar Degas - Portrait in a New Orleans Cotton Office - SVETSLIK.SI - 100% handgemalt","description":"Edgar Degas - Portrait in a New Orleans Cotton Office - 100% handgemalte Gem\u00e4lde - Verkauf von Reproduktionen ber\u00fchmter Gem\u00e4lde und abstrakter Kunst - Wandbilder f\u00fcr das Wohnzimmer","robots":{"index":"index","follow":"follow","max-snippet":"max-snippet:-1","max-image-preview":"max-image-preview:large","max-video-preview":"max-video-preview:-1"},"canonical":"https:\/\/svetslik.si\/de\/edgar-degas-de\/portrait-in-a-new-orleans-cotton-office\/","og_locale":"de_DE","og_type":"article","og_title":"Edgar Degas - Portrait in a New Orleans Cotton Office","og_description":"100% ro\u010dno naslikane slike na platnu, reprodukcije znanih slikarjev in umetni\u0161ke slike po naro\u010dilu.","og_url":"https:\/\/svetslik.si\/de\/edgar-degas-de\/portrait-in-a-new-orleans-cotton-office\/","og_site_name":"SVETSLIK.SI","article_publisher":"https:\/\/www.facebook.com\/svetslik.si","article_modified_time":"2026-03-22T18:40:55+00:00","og_image":[{"width":2560,"height":2021,"url":"https:\/\/svetslik.si\/wp-content\/uploads\/2021\/08\/image_Portrait-in-a-New-Orleans-Cotton-Office-Edgar-Degas_680-scaled.jpg","type":"image\/jpeg"}],"twitter_card":"summary_large_image","twitter_site":"@svetslik","twitter_misc":{"Verf\u00fcgbarkeit":"bei Nachbestellung"},"schema":{"@context":"https:\/\/schema.org","@graph":[{"@type":["WebPage","ItemPage"],"@id":"https:\/\/svetslik.si\/de\/edgar-degas-de\/portrait-in-a-new-orleans-cotton-office\/","url":"https:\/\/svetslik.si\/de\/edgar-degas-de\/portrait-in-a-new-orleans-cotton-office\/","name":"Edgar Degas - Portrait in a New Orleans Cotton Office - SVETSLIK.SI - 100% handgemalt","isPartOf":{"@id":"https:\/\/svetslik.si\/de\/#website"},"primaryImageOfPage":{"@id":"https:\/\/svetslik.si\/de\/edgar-degas-de\/portrait-in-a-new-orleans-cotton-office\/#primaryimage"},"image":{"@id":"https:\/\/svetslik.si\/de\/edgar-degas-de\/portrait-in-a-new-orleans-cotton-office\/#primaryimage"},"thumbnailUrl":"https:\/\/svetslik.si\/wp-content\/uploads\/2021\/08\/image_Portrait-in-a-New-Orleans-Cotton-Office-Edgar-Degas_680-scaled.jpg","datePublished":"2021-09-02T15:46:43+00:00","dateModified":"2026-03-22T18:40:55+00:00","description":"Edgar Degas - Portrait in a New Orleans Cotton Office - 100% handgemalte Gem\u00e4lde - Verkauf von Reproduktionen ber\u00fchmter Gem\u00e4lde und abstrakter Kunst - Wandbilder f\u00fcr das Wohnzimmer","breadcrumb":{"@id":"https:\/\/svetslik.si\/de\/edgar-degas-de\/portrait-in-a-new-orleans-cotton-office\/#breadcrumb"},"inLanguage":"de","potentialAction":[{"@type":"ReadAction","target":["https:\/\/svetslik.si\/de\/edgar-degas-de\/portrait-in-a-new-orleans-cotton-office\/"]}]},{"@type":"ImageObject","inLanguage":"de","@id":"https:\/\/svetslik.si\/de\/edgar-degas-de\/portrait-in-a-new-orleans-cotton-office\/#primaryimage","url":"https:\/\/svetslik.si\/wp-content\/uploads\/2021\/08\/image_Portrait-in-a-New-Orleans-Cotton-Office-Edgar-Degas_680-scaled.jpg","contentUrl":"https:\/\/svetslik.si\/wp-content\/uploads\/2021\/08\/image_Portrait-in-a-New-Orleans-Cotton-Office-Edgar-Degas_680-scaled.jpg","width":2560,"height":2021,"caption":"Edgar Degas - Portrait in a New Orleans Cotton Office (Portr\u00e4t in einem Baumwollb\u00fcro in New Orleans), Gem\u00e4lde, Leinwandbilder - 100% handgemalte, Reproduktionen ber\u00fchmter Gem\u00e4lde, Gem\u00e4lde kaufen, Wandbilder Wohnzimmer, ber\u00fchmtes Gem\u00e4lde, \u00d6lgem\u00e4lde, Bilderrahmen"},{"@type":"BreadcrumbList","@id":"https:\/\/svetslik.si\/de\/edgar-degas-de\/portrait-in-a-new-orleans-cotton-office\/#breadcrumb","itemListElement":[{"@type":"ListItem","position":1,"name":"Wandkunst und Gem\u00e4lde auf Leinwand","item":"https:\/\/svetslik.si\/de\/"},{"@type":"ListItem","position":2,"name":"Verkauf von Gem\u00e4lden","item":"https:\/\/svetslik.si\/prodaja-slik\/"},{"@type":"ListItem","position":3,"name":"Edgar Degas &#8211; Portrait in a New Orleans Cotton Office"}]},{"@type":"WebSite","@id":"https:\/\/svetslik.si\/de\/#website","url":"https:\/\/svetslik.si\/de\/","name":"SVETSLIK.SI","description":"100% handgemalte Reproduktionen von Gem\u00e4lden ber\u00fchmter Maler und Gem\u00e4lde auf Leinwand.","publisher":{"@id":"https:\/\/svetslik.si\/de\/#organization"},"potentialAction":[{"@type":"SearchAction","target":{"@type":"EntryPoint","urlTemplate":"https:\/\/svetslik.si\/de\/?s={search_term_string}"},"query-input":{"@type":"PropertyValueSpecification","valueRequired":true,"valueName":"search_term_string"}}],"inLanguage":"de"},{"@type":"Organization","@id":"https:\/\/svetslik.si\/de\/#organization","name":"SvetSlik.si","url":"https:\/\/svetslik.si\/de\/","logo":{"@type":"ImageObject","inLanguage":"de","@id":"https:\/\/svetslik.si\/de\/#\/schema\/logo\/image\/","url":"https:\/\/svetslik.si\/wp-content\/uploads\/2020\/12\/logo-512.png","contentUrl":"https:\/\/svetslik.si\/wp-content\/uploads\/2020\/12\/logo-512.png","width":512,"height":512,"caption":"SvetSlik.si"},"image":{"@id":"https:\/\/svetslik.si\/de\/#\/schema\/logo\/image\/"},"sameAs":["https:\/\/www.facebook.com\/svetslik.si","https:\/\/x.com\/svetslik","https:\/\/www.instagram.com\/svetslik.si\/","https:\/\/www.linkedin.com\/company\/svetslik-si"]}]},"og_availability":"backorder","product_availability":"available for order","product_retailer_item_id":"149__","product_condition":"new"},"jetpack_sharing_enabled":true,"_links":{"self":[{"href":"https:\/\/svetslik.si\/de\/wp-json\/wp\/v2\/product\/66955","targetHints":{"allow":["GET"]}}],"collection":[{"href":"https:\/\/svetslik.si\/de\/wp-json\/wp\/v2\/product"}],"about":[{"href":"https:\/\/svetslik.si\/de\/wp-json\/wp\/v2\/types\/product"}],"wp:featuredmedia":[{"embeddable":true,"href":"https:\/\/svetslik.si\/de\/wp-json\/wp\/v2\/media\/63941"}],"wp:attachment":[{"href":"https:\/\/svetslik.si\/de\/wp-json\/wp\/v2\/media?parent=66955"}],"wp:term":[{"taxonomy":"product_brand","embeddable":true,"href":"https:\/\/svetslik.si\/de\/wp-json\/wp\/v2\/product_brand?post=66955"},{"taxonomy":"product_cat","embeddable":true,"href":"https:\/\/svetslik.si\/de\/wp-json\/wp\/v2\/product_cat?post=66955"},{"taxonomy":"product_tag","embeddable":true,"href":"https:\/\/svetslik.si\/de\/wp-json\/wp\/v2\/product_tag?post=66955"}],"curies":[{"name":"wp","href":"https:\/\/api.w.org\/{rel}","templated":true}]}}