{"id":67010,"date":"2021-09-02T17:48:42","date_gmt":"2021-09-02T15:48:42","guid":{"rendered":"https:\/\/svetslik.si\/unkategorisiert\/red-nude\/"},"modified":"2026-03-22T19:42:31","modified_gmt":"2026-03-22T18:42:31","slug":"red-nude","status":"publish","type":"product","link":"https:\/\/svetslik.si\/de\/amedeo-modigliani-de\/red-nude\/","title":{"rendered":"Amedeo Modigliani &#8211; Red Nude"},"content":{"rendered":"<div class=\"wpb-content-wrapper\">[vc_row][vc_column][vc_column_text]\n<h1>Amedeo Modigliani \u2013 Roter Akt<\/h1>\n<p>&nbsp;<\/p>\n<table style=\"width: 619px;\" border=\"0\" width=\"619\" cellpadding=\"0\">\n<tbody>\n<tr>\n<td style=\"width: 180px; height: 21px;\" height=\"21\">Erstellungsjahr:<\/td>\n<td style=\"width: 439px;\">1917<\/td>\n<\/tr>\n<tr>\n<td style=\"width: 180px; height: 21px;\" height=\"21\">Originalgr\u00f6\u00dfe:<\/td>\n<td style=\"width: 439px;\">90 cm x 62 cm<\/td>\n<\/tr>\n<tr>\n<td style=\"width: 180px; height: 21px;\" height=\"21\">Lackstil:<\/td>\n<td style=\"width: 439px;\">Expressionismus<\/td>\n<\/tr>\n<tr>\n<td style=\"width: 180px; height: 21px;\" height=\"21\">Originaltechnik:<\/td>\n<td>\u00d6l auf Leinwand<\/td>\n<\/tr>\n<tr>\n<td style=\"width: 180px; height: 21px;\" height=\"21\">Standort:<\/td>\n<td style=\"width: 439px;\">Sammlung Gianni Mattioli, Mailand<\/td>\n<\/tr>\n<\/tbody>\n<colgroup>\n<col \/>\n<col \/> <\/colgroup>\n<\/table>\n<p>Modigliani gilt als Meister der Malerei sinnlicher Szenen. Dieses Gem\u00e4lde zeigt eine schlafende nackte Frau. Der Maler stellte sein Motiv im Vordergrund und in Nahaufnahme dar, als wollte er beim Betrachter eine emotionale Reaktion hervorrufen. Die Atmosph\u00e4re im Bild ist ruhig, ruhig und angenehm.[\/vc_column_text]\t<div class=\"et-image-967 et-image  full   et_image_link\">\n\t\t<div class=\"et-image-inner \">\n\t\t\t\t\t\t\t<a  class=\"mfp-image et-lightbox\" data-mfp-type=\"image\" data-mfp-src=\"https:\/\/svetslik.si\/wp-content\/uploads\/2021\/09\/Amadeo-Modigliani-red-nude-scaled.jpg\"  title=\"Amedeo Modigliani &#8211; Red Nude (Roter Akt) &#8211; Gem\u00e4lde, Leinwandbilder\">\n\t\t\t\t\t\t\t<div class=\"et-image-thumb \">\n\t\t\t\t\t<img decoding=\"async\" width=\"2560\" height=\"1920\" src=\"https:\/\/svetslik.si\/wp-content\/uploads\/2021\/09\/Amadeo-Modigliani-red-nude-scaled.jpg\" class=\"attachment-full\" alt=\"Amedeo Modigliani - Red Nude (Roter Akt) - Gem\u00e4lde, Leinwandbilder\" title=\"Amedeo Modigliani - Red Nude (Roter Akt) - Gem\u00e4lde, Leinwandbilder\" srcset=\"https:\/\/svetslik.si\/wp-content\/uploads\/2021\/09\/Amadeo-Modigliani-red-nude-scaled.jpg 2560w, https:\/\/svetslik.si\/wp-content\/uploads\/2021\/09\/Amadeo-Modigliani-red-nude-600x450.jpg 600w, https:\/\/svetslik.si\/wp-content\/uploads\/2021\/09\/Amadeo-Modigliani-red-nude-scaled-1200x900.jpg 1200w, https:\/\/svetslik.si\/wp-content\/uploads\/2021\/09\/Amadeo-Modigliani-red-nude-300x225.jpg 300w, https:\/\/svetslik.si\/wp-content\/uploads\/2021\/09\/Amadeo-Modigliani-red-nude-1024x768.jpg 1024w, https:\/\/svetslik.si\/wp-content\/uploads\/2021\/09\/Amadeo-Modigliani-red-nude-768x576.jpg 768w, https:\/\/svetslik.si\/wp-content\/uploads\/2021\/09\/Amadeo-Modigliani-red-nude-1536x1152.jpg 1536w, https:\/\/svetslik.si\/wp-content\/uploads\/2021\/09\/Amadeo-Modigliani-red-nude-2048x1536.jpg 2048w, https:\/\/svetslik.si\/wp-content\/uploads\/2021\/09\/Amadeo-Modigliani-red-nude-150x113.jpg 150w, https:\/\/svetslik.si\/wp-content\/uploads\/2021\/09\/Amadeo-Modigliani-red-nude-1320x990.jpg 1320w, https:\/\/svetslik.si\/wp-content\/uploads\/2021\/09\/Amadeo-Modigliani-red-nude-900x675.jpg 900w\" sizes=\"(max-width: 2560px) 100vw, 2560px\" \/>\t\t\t\t<\/div>\n\t\t\t\t\t\t\t<\/a>\n\t\t\t\t\t\t\t\t\t\t<div class=\"wp-caption-text\">Amedeo Modigliani - Red Nude (Roter Akt) - Gem\u00e4lde, Leinwandbilder - 100% handgemalte - Reproduktionen ber\u00fchmter Gem\u00e4lde - Gem\u00e4lde kaufen - Wandbilder Wohnzimmer - Ber\u00fchmtes Gem\u00e4lde - \u00d6lgem\u00e4lde - Bilderrahmen<\/div>\n\t\t\t\t\t\t\t\t<\/div>\n\t<\/div>\n  [\/vc_column][\/vc_row]\n<\/div>","protected":false},"excerpt":{"rendered":"<p>[vc_row][vc_column][vc_column_text] Amedeo Modigliani \u2013 Roter Akt &nbsp; Erstellungsjahr: 1917 Originalgr\u00f6\u00dfe: 90 cm x 62 cm Lackstil: Expressionismus Originaltechnik: \u00d6l auf Leinwand Standort: Sammlung Gianni Mattioli, Mailand Modigliani gilt als Meister der Malerei sinnlicher Szenen. Dieses Gem\u00e4lde zeigt eine schlafende nackte Frau. Der Maler stellte sein Motiv im Vordergrund und in [&hellip;]<\/p>\n","protected":false},"featured_media":63976,"template":"","meta":{"_acf_changed":false},"product_brand":[],"product_cat":[8455],"product_tag":[8521,8500,8513,8514],"class_list":{"0":"post-67010","1":"product","2":"type-product","3":"status-publish","4":"has-post-thumbnail","6":"product_cat-amedeo-modigliani-de","7":"product_tag-maler","8":"product_tag-modigliani-de","9":"product_tag-reproduktion","10":"product_tag-reproduktionen","11":"pa_dimenzija-100-x-70-cm","12":"pa_dimenzija-120-x-80-cm","13":"pa_dimenzija-150-x-100-cm","14":"pa_dimenzija-180-x-130-cm","15":"pa_dimenzija-60-x-40-cm","16":"pa_dimenzija-70-x-50-cm","17":"pa_dimenzija-80-x-55-cm","18":"pa_dimenzija-90-x-62-cm","19":"pa_oblika-horizontal-de","20":"pa_okvir-ohne-rahmen","21":"pa_podokvir-ja","22":"pa_podokvir-nein","24":"first","25":"onbackorder","26":"purchasable","27":"product-type-variable","28":"has-default-attributes"},"acf":[],"yoast_head":"<!-- This site is optimized with the Yoast SEO Premium plugin v26.0 (Yoast SEO v27.2) - https:\/\/yoast.com\/product\/yoast-seo-premium-wordpress\/ -->\n<title>Amedeo Modigliani - Red Nude - SVETSLIK.SI - 100% handgemalt<\/title>\n<meta name=\"description\" content=\"Amedeo Modigliani - Red Nude - 100% handgemalte Gem\u00e4lde - Verkauf von Reproduktionen ber\u00fchmter Gem\u00e4lde und abstrakter Kunst - Wandbilder f\u00fcr das Wohnzimmer\" \/>\n<meta name=\"robots\" content=\"index, follow, max-snippet:-1, max-image-preview:large, max-video-preview:-1\" \/>\n<link rel=\"canonical\" href=\"https:\/\/svetslik.si\/de\/amedeo-modigliani-de\/red-nude\/\" \/>\n<meta property=\"og:locale\" content=\"de_DE\" \/>\n<meta property=\"og:type\" content=\"article\" \/>\n<meta property=\"og:title\" content=\"Amedeo Modigliani - Red Nude\" \/>\n<meta property=\"og:description\" content=\"100% ro\u010dno naslikane slike na platnu, reprodukcije znanih slikarjev in umetni\u0161ke slike po naro\u010dilu.\" \/>\n<meta property=\"og:url\" content=\"https:\/\/svetslik.si\/de\/amedeo-modigliani-de\/red-nude\/\" \/>\n<meta property=\"og:site_name\" content=\"SVETSLIK.SI\" \/>\n<meta property=\"article:publisher\" content=\"https:\/\/www.facebook.com\/svetslik.si\" \/>\n<meta property=\"article:modified_time\" content=\"2026-03-22T18:42:31+00:00\" \/>\n<meta property=\"og:image\" content=\"https:\/\/svetslik.si\/wp-content\/uploads\/2021\/08\/image_Red-Nude-Modigliani_680-scaled.jpg\" \/>\n\t<meta property=\"og:image:width\" content=\"2560\" \/>\n\t<meta property=\"og:image:height\" content=\"1634\" \/>\n\t<meta property=\"og:image:type\" content=\"image\/jpeg\" \/>\n<meta name=\"twitter:card\" content=\"summary_large_image\" \/>\n<meta name=\"twitter:site\" content=\"@svetslik\" \/>\n<meta name=\"twitter:label1\" content=\"Verf\u00fcgbarkeit\" \/>\n\t<meta name=\"twitter:data1\" content=\"bei Nachbestellung\" \/>\n<script type=\"application\/ld+json\" class=\"yoast-schema-graph\">{\"@context\":\"https:\/\/schema.org\",\"@graph\":[{\"@type\":[\"WebPage\",\"ItemPage\"],\"@id\":\"https:\/\/svetslik.si\/de\/amedeo-modigliani-de\/red-nude\/\",\"url\":\"https:\/\/svetslik.si\/de\/amedeo-modigliani-de\/red-nude\/\",\"name\":\"Amedeo Modigliani - Red Nude - SVETSLIK.SI - 100% handgemalt\",\"isPartOf\":{\"@id\":\"https:\/\/svetslik.si\/de\/#website\"},\"primaryImageOfPage\":{\"@id\":\"https:\/\/svetslik.si\/de\/amedeo-modigliani-de\/red-nude\/#primaryimage\"},\"image\":{\"@id\":\"https:\/\/svetslik.si\/de\/amedeo-modigliani-de\/red-nude\/#primaryimage\"},\"thumbnailUrl\":\"https:\/\/svetslik.si\/wp-content\/uploads\/2021\/08\/image_Red-Nude-Modigliani_680-scaled.jpg\",\"datePublished\":\"2021-09-02T15:48:42+00:00\",\"dateModified\":\"2026-03-22T18:42:31+00:00\",\"description\":\"Amedeo Modigliani - Red Nude - 100% handgemalte Gem\u00e4lde - Verkauf von Reproduktionen ber\u00fchmter Gem\u00e4lde und abstrakter Kunst - Wandbilder f\u00fcr das Wohnzimmer\",\"breadcrumb\":{\"@id\":\"https:\/\/svetslik.si\/de\/amedeo-modigliani-de\/red-nude\/#breadcrumb\"},\"inLanguage\":\"de\",\"potentialAction\":[{\"@type\":\"ReadAction\",\"target\":[\"https:\/\/svetslik.si\/de\/amedeo-modigliani-de\/red-nude\/\"]}]},{\"@type\":\"ImageObject\",\"inLanguage\":\"de\",\"@id\":\"https:\/\/svetslik.si\/de\/amedeo-modigliani-de\/red-nude\/#primaryimage\",\"url\":\"https:\/\/svetslik.si\/wp-content\/uploads\/2021\/08\/image_Red-Nude-Modigliani_680-scaled.jpg\",\"contentUrl\":\"https:\/\/svetslik.si\/wp-content\/uploads\/2021\/08\/image_Red-Nude-Modigliani_680-scaled.jpg\",\"width\":2560,\"height\":1634,\"caption\":\"Amedeo Modigliani - Red Nude (Roter Akt) - Gem\u00e4lde, Leinwandbilder - 100% handgemalte - Reproduktionen ber\u00fchmter Gem\u00e4lde - Gem\u00e4lde kaufen - Wandbilder Wohnzimmer - Ber\u00fchmtes Gem\u00e4lde - \u00d6lgem\u00e4lde - Bilderrahmen\"},{\"@type\":\"BreadcrumbList\",\"@id\":\"https:\/\/svetslik.si\/de\/amedeo-modigliani-de\/red-nude\/#breadcrumb\",\"itemListElement\":[{\"@type\":\"ListItem\",\"position\":1,\"name\":\"Wandkunst und Gem\u00e4lde auf Leinwand\",\"item\":\"https:\/\/svetslik.si\/de\/\"},{\"@type\":\"ListItem\",\"position\":2,\"name\":\"Verkauf von Gem\u00e4lden\",\"item\":\"https:\/\/svetslik.si\/prodaja-slik\/\"},{\"@type\":\"ListItem\",\"position\":3,\"name\":\"Amedeo Modigliani &#8211; Red Nude\"}]},{\"@type\":\"WebSite\",\"@id\":\"https:\/\/svetslik.si\/de\/#website\",\"url\":\"https:\/\/svetslik.si\/de\/\",\"name\":\"SVETSLIK.SI\",\"description\":\"100% handgemalte Reproduktionen von Gem\u00e4lden ber\u00fchmter Maler und Gem\u00e4lde auf Leinwand.\",\"publisher\":{\"@id\":\"https:\/\/svetslik.si\/de\/#organization\"},\"potentialAction\":[{\"@type\":\"SearchAction\",\"target\":{\"@type\":\"EntryPoint\",\"urlTemplate\":\"https:\/\/svetslik.si\/de\/?s={search_term_string}\"},\"query-input\":{\"@type\":\"PropertyValueSpecification\",\"valueRequired\":true,\"valueName\":\"search_term_string\"}}],\"inLanguage\":\"de\"},{\"@type\":\"Organization\",\"@id\":\"https:\/\/svetslik.si\/de\/#organization\",\"name\":\"SvetSlik.si\",\"url\":\"https:\/\/svetslik.si\/de\/\",\"logo\":{\"@type\":\"ImageObject\",\"inLanguage\":\"de\",\"@id\":\"https:\/\/svetslik.si\/de\/#\/schema\/logo\/image\/\",\"url\":\"https:\/\/svetslik.si\/wp-content\/uploads\/2020\/12\/logo-512.png\",\"contentUrl\":\"https:\/\/svetslik.si\/wp-content\/uploads\/2020\/12\/logo-512.png\",\"width\":512,\"height\":512,\"caption\":\"SvetSlik.si\"},\"image\":{\"@id\":\"https:\/\/svetslik.si\/de\/#\/schema\/logo\/image\/\"},\"sameAs\":[\"https:\/\/www.facebook.com\/svetslik.si\",\"https:\/\/x.com\/svetslik\",\"https:\/\/www.instagram.com\/svetslik.si\/\",\"https:\/\/www.linkedin.com\/company\/svetslik-si\"]}]}<\/script>\n<meta property=\"og:availability\" content=\"backorder\" \/>\n<meta property=\"product:availability\" content=\"available for order\" \/>\n<meta property=\"product:retailer_item_id\" content=\"193__\" \/>\n<meta property=\"product:condition\" content=\"new\" \/>\n<!-- \/ Yoast SEO Premium plugin. -->","yoast_head_json":{"title":"Amedeo Modigliani - Red Nude - SVETSLIK.SI - 100% handgemalt","description":"Amedeo Modigliani - Red Nude - 100% handgemalte Gem\u00e4lde - Verkauf von Reproduktionen ber\u00fchmter Gem\u00e4lde und abstrakter Kunst - Wandbilder f\u00fcr das Wohnzimmer","robots":{"index":"index","follow":"follow","max-snippet":"max-snippet:-1","max-image-preview":"max-image-preview:large","max-video-preview":"max-video-preview:-1"},"canonical":"https:\/\/svetslik.si\/de\/amedeo-modigliani-de\/red-nude\/","og_locale":"de_DE","og_type":"article","og_title":"Amedeo Modigliani - Red Nude","og_description":"100% ro\u010dno naslikane slike na platnu, reprodukcije znanih slikarjev in umetni\u0161ke slike po naro\u010dilu.","og_url":"https:\/\/svetslik.si\/de\/amedeo-modigliani-de\/red-nude\/","og_site_name":"SVETSLIK.SI","article_publisher":"https:\/\/www.facebook.com\/svetslik.si","article_modified_time":"2026-03-22T18:42:31+00:00","og_image":[{"width":2560,"height":1634,"url":"https:\/\/svetslik.si\/wp-content\/uploads\/2021\/08\/image_Red-Nude-Modigliani_680-scaled.jpg","type":"image\/jpeg"}],"twitter_card":"summary_large_image","twitter_site":"@svetslik","twitter_misc":{"Verf\u00fcgbarkeit":"bei Nachbestellung"},"schema":{"@context":"https:\/\/schema.org","@graph":[{"@type":["WebPage","ItemPage"],"@id":"https:\/\/svetslik.si\/de\/amedeo-modigliani-de\/red-nude\/","url":"https:\/\/svetslik.si\/de\/amedeo-modigliani-de\/red-nude\/","name":"Amedeo Modigliani - Red Nude - SVETSLIK.SI - 100% handgemalt","isPartOf":{"@id":"https:\/\/svetslik.si\/de\/#website"},"primaryImageOfPage":{"@id":"https:\/\/svetslik.si\/de\/amedeo-modigliani-de\/red-nude\/#primaryimage"},"image":{"@id":"https:\/\/svetslik.si\/de\/amedeo-modigliani-de\/red-nude\/#primaryimage"},"thumbnailUrl":"https:\/\/svetslik.si\/wp-content\/uploads\/2021\/08\/image_Red-Nude-Modigliani_680-scaled.jpg","datePublished":"2021-09-02T15:48:42+00:00","dateModified":"2026-03-22T18:42:31+00:00","description":"Amedeo Modigliani - Red Nude - 100% handgemalte Gem\u00e4lde - Verkauf von Reproduktionen ber\u00fchmter Gem\u00e4lde und abstrakter Kunst - Wandbilder f\u00fcr das Wohnzimmer","breadcrumb":{"@id":"https:\/\/svetslik.si\/de\/amedeo-modigliani-de\/red-nude\/#breadcrumb"},"inLanguage":"de","potentialAction":[{"@type":"ReadAction","target":["https:\/\/svetslik.si\/de\/amedeo-modigliani-de\/red-nude\/"]}]},{"@type":"ImageObject","inLanguage":"de","@id":"https:\/\/svetslik.si\/de\/amedeo-modigliani-de\/red-nude\/#primaryimage","url":"https:\/\/svetslik.si\/wp-content\/uploads\/2021\/08\/image_Red-Nude-Modigliani_680-scaled.jpg","contentUrl":"https:\/\/svetslik.si\/wp-content\/uploads\/2021\/08\/image_Red-Nude-Modigliani_680-scaled.jpg","width":2560,"height":1634,"caption":"Amedeo Modigliani - Red Nude (Roter Akt) - Gem\u00e4lde, Leinwandbilder - 100% handgemalte - Reproduktionen ber\u00fchmter Gem\u00e4lde - Gem\u00e4lde kaufen - Wandbilder Wohnzimmer - Ber\u00fchmtes Gem\u00e4lde - \u00d6lgem\u00e4lde - Bilderrahmen"},{"@type":"BreadcrumbList","@id":"https:\/\/svetslik.si\/de\/amedeo-modigliani-de\/red-nude\/#breadcrumb","itemListElement":[{"@type":"ListItem","position":1,"name":"Wandkunst und Gem\u00e4lde auf Leinwand","item":"https:\/\/svetslik.si\/de\/"},{"@type":"ListItem","position":2,"name":"Verkauf von Gem\u00e4lden","item":"https:\/\/svetslik.si\/prodaja-slik\/"},{"@type":"ListItem","position":3,"name":"Amedeo Modigliani &#8211; Red Nude"}]},{"@type":"WebSite","@id":"https:\/\/svetslik.si\/de\/#website","url":"https:\/\/svetslik.si\/de\/","name":"SVETSLIK.SI","description":"100% handgemalte Reproduktionen von Gem\u00e4lden ber\u00fchmter Maler und Gem\u00e4lde auf Leinwand.","publisher":{"@id":"https:\/\/svetslik.si\/de\/#organization"},"potentialAction":[{"@type":"SearchAction","target":{"@type":"EntryPoint","urlTemplate":"https:\/\/svetslik.si\/de\/?s={search_term_string}"},"query-input":{"@type":"PropertyValueSpecification","valueRequired":true,"valueName":"search_term_string"}}],"inLanguage":"de"},{"@type":"Organization","@id":"https:\/\/svetslik.si\/de\/#organization","name":"SvetSlik.si","url":"https:\/\/svetslik.si\/de\/","logo":{"@type":"ImageObject","inLanguage":"de","@id":"https:\/\/svetslik.si\/de\/#\/schema\/logo\/image\/","url":"https:\/\/svetslik.si\/wp-content\/uploads\/2020\/12\/logo-512.png","contentUrl":"https:\/\/svetslik.si\/wp-content\/uploads\/2020\/12\/logo-512.png","width":512,"height":512,"caption":"SvetSlik.si"},"image":{"@id":"https:\/\/svetslik.si\/de\/#\/schema\/logo\/image\/"},"sameAs":["https:\/\/www.facebook.com\/svetslik.si","https:\/\/x.com\/svetslik","https:\/\/www.instagram.com\/svetslik.si\/","https:\/\/www.linkedin.com\/company\/svetslik-si"]}]},"og_availability":"backorder","product_availability":"available for order","product_retailer_item_id":"193__","product_condition":"new"},"jetpack_sharing_enabled":true,"_links":{"self":[{"href":"https:\/\/svetslik.si\/de\/wp-json\/wp\/v2\/product\/67010","targetHints":{"allow":["GET"]}}],"collection":[{"href":"https:\/\/svetslik.si\/de\/wp-json\/wp\/v2\/product"}],"about":[{"href":"https:\/\/svetslik.si\/de\/wp-json\/wp\/v2\/types\/product"}],"wp:featuredmedia":[{"embeddable":true,"href":"https:\/\/svetslik.si\/de\/wp-json\/wp\/v2\/media\/63976"}],"wp:attachment":[{"href":"https:\/\/svetslik.si\/de\/wp-json\/wp\/v2\/media?parent=67010"}],"wp:term":[{"taxonomy":"product_brand","embeddable":true,"href":"https:\/\/svetslik.si\/de\/wp-json\/wp\/v2\/product_brand?post=67010"},{"taxonomy":"product_cat","embeddable":true,"href":"https:\/\/svetslik.si\/de\/wp-json\/wp\/v2\/product_cat?post=67010"},{"taxonomy":"product_tag","embeddable":true,"href":"https:\/\/svetslik.si\/de\/wp-json\/wp\/v2\/product_tag?post=67010"}],"curies":[{"name":"wp","href":"https:\/\/api.w.org\/{rel}","templated":true}]}}