{"id":67127,"date":"2021-09-02T17:49:42","date_gmt":"2021-09-02T15:49:42","guid":{"rendered":"https:\/\/svetslik.si\/unkategorisiert\/portrait-of-jeanne-hebuterne-v\/"},"modified":"2026-03-22T19:44:50","modified_gmt":"2026-03-22T18:44:50","slug":"portrait-of-jeanne-hebuterne-v","status":"publish","type":"product","link":"https:\/\/svetslik.si\/de\/amedeo-modigliani-de\/portrait-of-jeanne-hebuterne-v\/","title":{"rendered":"Amedeo Modigliani &#8211; Portrait of Jeanne H\u00e9buterne V"},"content":{"rendered":"<div class=\"wpb-content-wrapper\">[vc_row css=&#8221;.vc_custom_1691327855593{margin-bottom: 10px !important;}&#8221;][vc_column]\t<div class=\"et-image-760 et-image     et_image_link\">\n\t\t<div class=\"et-image-inner \">\n\t\t\t\t\t\t\t<div class=\"et-image-thumb \">\n\t\t\t\t\t<img decoding=\"async\" width=\"776\" height=\"1000\" src=\"https:\/\/svetslik.si\/wp-content\/uploads\/2021\/09\/amedeo-modigliani-Amedeo-Modigliani-\u2013-Portrait-of-Jeanne-Hebuterne-V.jpg\" class=\"attachment-full\" alt=\"amedeo modigliani Amedeo Modigliani \u2013 Portrait of Jeanne H\u00e9buterne V\" title=\"amedeo-modigliani-Amedeo-Modigliani-\u2013-Portrait-of-Jeanne-H\u00e9buterne-V\" srcset=\"https:\/\/svetslik.si\/wp-content\/uploads\/2021\/09\/amedeo-modigliani-Amedeo-Modigliani-\u2013-Portrait-of-Jeanne-Hebuterne-V.jpg 776w, https:\/\/svetslik.si\/wp-content\/uploads\/2021\/09\/amedeo-modigliani-Amedeo-Modigliani-\u2013-Portrait-of-Jeanne-Hebuterne-V-600x773.jpg 600w, https:\/\/svetslik.si\/wp-content\/uploads\/2021\/09\/amedeo-modigliani-Amedeo-Modigliani-\u2013-Portrait-of-Jeanne-Hebuterne-V-233x300.jpg 233w, https:\/\/svetslik.si\/wp-content\/uploads\/2021\/09\/amedeo-modigliani-Amedeo-Modigliani-\u2013-Portrait-of-Jeanne-Hebuterne-V-768x990.jpg 768w, https:\/\/svetslik.si\/wp-content\/uploads\/2021\/09\/amedeo-modigliani-Amedeo-Modigliani-\u2013-Portrait-of-Jeanne-Hebuterne-V-116x150.jpg 116w\" sizes=\"(max-width: 776px) 100vw, 776px\" \/>\t\t\t\t<\/div>\n\t\t\t\t\t\t\t\t\t\t\t<\/div>\n\t<\/div>\n  [\/vc_column][\/vc_row][vc_row][vc_column][vc_column_text]\n<h1>Amedeo Modigliani &#8211; Portr\u00e4t von Jeanne H\u00e9buterne V<\/h1>\n<p>&nbsp;<\/p>\n<table style=\"width: 632px;\" border=\"0\" width=\"632\" cellpadding=\"0\">\n<tbody>\n<tr>\n<td style=\"width: 180px; height: 21px;\" height=\"21\">Erstellungsjahr:<\/td>\n<td style=\"width: 452px;\">1917<\/td>\n<\/tr>\n<tr>\n<td style=\"width: 180px; height: 21px;\" height=\"21\">Originalgr\u00f6\u00dfe:<\/td>\n<td style=\"width: 452px;\">38 cm x 55 cm<\/td>\n<\/tr>\n<tr>\n<td style=\"width: 180px; height: 21px;\" height=\"21\">Lackstil:<\/td>\n<td style=\"width: 452px;\">Expressionismus<\/td>\n<\/tr>\n<tr>\n<td style=\"width: 180px; height: 21px;\" height=\"21\">Originaltechnik:<\/td>\n<td>\u00d6l auf Leinwand<\/td>\n<\/tr>\n<tr>\n<td style=\"width: 180px; height: 21px;\" height=\"21\">Standort:<\/td>\n<td style=\"width: 452px;\">Private Sammlung<\/td>\n<\/tr>\n<\/tbody>\n<colgroup>\n<col \/>\n<col \/> <\/colgroup>\n<\/table>\n<p>&nbsp;<\/p>\n<div>Der Schriftsteller Charles-Albert Cingria beschrieb Jeanne als sanft, sch\u00fcchtern, ruhig und zart. Jeanne war Modiglianis zentrale Muse und auch seine Geliebte. Nachdem Modigliani 1920 an Tuberkulose erkrankte und starb, st\u00fcrzte sich nur einen Tag sp\u00e4ter die schwangere Jeanne aus dem f\u00fcnften Stock.<\/div>\n<div><\/div>\n<div>Modigliani stellte Jeanne in mehreren Gem\u00e4lden dar, die die leidenschaftliche und tragische Beziehung zwischen dem K\u00fcnstler und seiner Muse darstellen.<\/div>\n<div><\/div>\n<p>&nbsp;<\/p>\n<\/div>","protected":false},"excerpt":{"rendered":"<p>[vc_row css=&#8221;.vc_custom_1691327855593{margin-bottom: 10px !important;}&#8221;][vc_column][\/vc_column][\/vc_row][vc_row][vc_column][vc_column_text] Amedeo Modigliani &#8211; Portr\u00e4t von Jeanne H\u00e9buterne V &nbsp; Erstellungsjahr: 1917 Originalgr\u00f6\u00dfe: 38 cm x 55 cm Lackstil: Expressionismus Originaltechnik: \u00d6l auf Leinwand Standort: Private Sammlung &nbsp; Der Schriftsteller Charles-Albert Cingria beschrieb Jeanne als sanft, sch\u00fcchtern, ruhig und zart. Jeanne war Modiglianis zentrale Muse und auch [&hellip;]<\/p>\n","protected":false},"featured_media":64888,"template":"","meta":{"_acf_changed":false},"product_brand":[],"product_cat":[8455],"product_tag":[8521,8500,8513,8514],"class_list":{"0":"post-67127","1":"product","2":"type-product","3":"status-publish","4":"has-post-thumbnail","6":"product_cat-amedeo-modigliani-de","7":"product_tag-maler","8":"product_tag-modigliani-de","9":"product_tag-reproduktion","10":"product_tag-reproduktionen","11":"pa_dimenzija-100-x-150-cm-de","12":"pa_dimenzija-120-x-170-cm-de","13":"pa_dimenzija-38-x-55-cm-de","14":"pa_dimenzija-50-x-70-cm-de","15":"pa_dimenzija-60-x-90-cm-de","16":"pa_dimenzija-80-x-110-cm-de","17":"pa_dimenzija-80-x-120-cm-de","18":"pa_dimenzija-90-x-130-cm-de","19":"pa_oblika-vertikal","20":"pa_okvir-ohne-rahmen","21":"pa_podokvir-ja","22":"pa_podokvir-nein","24":"first","25":"instock","26":"purchasable","27":"product-type-variable","28":"has-default-attributes"},"acf":[],"yoast_head":"<!-- This site is optimized with the Yoast SEO Premium plugin v26.0 (Yoast SEO v27.2) - https:\/\/yoast.com\/product\/yoast-seo-premium-wordpress\/ -->\n<title>Amedeo Modigliani - Portrait of Jeanne H\u00e9buterne V - SVETSLIK.SI - 100% handgemalt<\/title>\n<meta name=\"description\" content=\"Amedeo Modigliani - Portrait of Jeanne H\u00e9buterne V - 100% handgemalte Gem\u00e4lde - Verkauf von Reproduktionen ber\u00fchmter Gem\u00e4lde und abstrakter Kunst - Wandbilder f\u00fcr das Wohnzimmer\" \/>\n<meta name=\"robots\" content=\"index, follow, max-snippet:-1, max-image-preview:large, max-video-preview:-1\" \/>\n<link rel=\"canonical\" href=\"https:\/\/svetslik.si\/de\/amedeo-modigliani-de\/portrait-of-jeanne-hebuterne-v\/\" \/>\n<meta property=\"og:locale\" content=\"de_DE\" \/>\n<meta property=\"og:type\" content=\"article\" \/>\n<meta property=\"og:title\" content=\"Amedeo Modigliani - Portrait of Jeanne H\u00e9buterne V\" \/>\n<meta property=\"og:description\" content=\"100% ro\u010dno naslikane slike na platnu, reprodukcije znanih slikarjev in umetni\u0161ke slike po naro\u010dilu.\" \/>\n<meta property=\"og:url\" content=\"https:\/\/svetslik.si\/de\/amedeo-modigliani-de\/portrait-of-jeanne-hebuterne-v\/\" \/>\n<meta property=\"og:site_name\" content=\"SVETSLIK.SI\" \/>\n<meta property=\"article:publisher\" content=\"https:\/\/www.facebook.com\/svetslik.si\" \/>\n<meta property=\"article:modified_time\" content=\"2026-03-22T18:44:50+00:00\" \/>\n<meta property=\"og:image\" content=\"https:\/\/svetslik.si\/wp-content\/uploads\/2021\/09\/Modigliani_Hebuterne_au_grand_chapeau_1918.jpg\" \/>\n\t<meta property=\"og:image:width\" content=\"692\" \/>\n\t<meta property=\"og:image:height\" content=\"1014\" \/>\n\t<meta property=\"og:image:type\" content=\"image\/jpeg\" \/>\n<meta name=\"twitter:card\" content=\"summary_large_image\" \/>\n<meta name=\"twitter:site\" content=\"@svetslik\" \/>\n<meta name=\"twitter:label1\" content=\"Verf\u00fcgbarkeit\" \/>\n\t<meta name=\"twitter:data1\" content=\"Auf Lager\" \/>\n<script type=\"application\/ld+json\" class=\"yoast-schema-graph\">{\"@context\":\"https:\/\/schema.org\",\"@graph\":[{\"@type\":[\"WebPage\",\"ItemPage\"],\"@id\":\"https:\/\/svetslik.si\/de\/amedeo-modigliani-de\/portrait-of-jeanne-hebuterne-v\/\",\"url\":\"https:\/\/svetslik.si\/de\/amedeo-modigliani-de\/portrait-of-jeanne-hebuterne-v\/\",\"name\":\"Amedeo Modigliani - Portrait of Jeanne H\u00e9buterne V - SVETSLIK.SI - 100% handgemalt\",\"isPartOf\":{\"@id\":\"https:\/\/svetslik.si\/de\/#website\"},\"primaryImageOfPage\":{\"@id\":\"https:\/\/svetslik.si\/de\/amedeo-modigliani-de\/portrait-of-jeanne-hebuterne-v\/#primaryimage\"},\"image\":{\"@id\":\"https:\/\/svetslik.si\/de\/amedeo-modigliani-de\/portrait-of-jeanne-hebuterne-v\/#primaryimage\"},\"thumbnailUrl\":\"https:\/\/svetslik.si\/wp-content\/uploads\/2021\/09\/Modigliani_Hebuterne_au_grand_chapeau_1918.jpg\",\"datePublished\":\"2021-09-02T15:49:42+00:00\",\"dateModified\":\"2026-03-22T18:44:50+00:00\",\"description\":\"Amedeo Modigliani - Portrait of Jeanne H\u00e9buterne V - 100% handgemalte Gem\u00e4lde - Verkauf von Reproduktionen ber\u00fchmter Gem\u00e4lde und abstrakter Kunst - Wandbilder f\u00fcr das Wohnzimmer\",\"breadcrumb\":{\"@id\":\"https:\/\/svetslik.si\/de\/amedeo-modigliani-de\/portrait-of-jeanne-hebuterne-v\/#breadcrumb\"},\"inLanguage\":\"de\",\"potentialAction\":[{\"@type\":\"ReadAction\",\"target\":[\"https:\/\/svetslik.si\/de\/amedeo-modigliani-de\/portrait-of-jeanne-hebuterne-v\/\"]}]},{\"@type\":\"ImageObject\",\"inLanguage\":\"de\",\"@id\":\"https:\/\/svetslik.si\/de\/amedeo-modigliani-de\/portrait-of-jeanne-hebuterne-v\/#primaryimage\",\"url\":\"https:\/\/svetslik.si\/wp-content\/uploads\/2021\/09\/Modigliani_Hebuterne_au_grand_chapeau_1918.jpg\",\"contentUrl\":\"https:\/\/svetslik.si\/wp-content\/uploads\/2021\/09\/Modigliani_Hebuterne_au_grand_chapeau_1918.jpg\",\"width\":692,\"height\":1014,\"caption\":\"Modigliani, H\u00e9buterne au grand chapeau 1918 - 100% handgemalte, Reproduktionen ber\u00fchmter Gem\u00e4lde, Gem\u00e4lde kaufen, Wandbilder Wohnzimmer, ber\u00fchmtes Gem\u00e4lde, \u00d6lgem\u00e4lde, Bilderrahmen\"},{\"@type\":\"BreadcrumbList\",\"@id\":\"https:\/\/svetslik.si\/de\/amedeo-modigliani-de\/portrait-of-jeanne-hebuterne-v\/#breadcrumb\",\"itemListElement\":[{\"@type\":\"ListItem\",\"position\":1,\"name\":\"Wandkunst und Gem\u00e4lde auf Leinwand\",\"item\":\"https:\/\/svetslik.si\/de\/\"},{\"@type\":\"ListItem\",\"position\":2,\"name\":\"Verkauf von Gem\u00e4lden\",\"item\":\"https:\/\/svetslik.si\/prodaja-slik\/\"},{\"@type\":\"ListItem\",\"position\":3,\"name\":\"Amedeo Modigliani &#8211; Portrait of Jeanne H\u00e9buterne V\"}]},{\"@type\":\"WebSite\",\"@id\":\"https:\/\/svetslik.si\/de\/#website\",\"url\":\"https:\/\/svetslik.si\/de\/\",\"name\":\"SVETSLIK.SI\",\"description\":\"100% handgemalte Reproduktionen von Gem\u00e4lden ber\u00fchmter Maler und Gem\u00e4lde auf Leinwand.\",\"publisher\":{\"@id\":\"https:\/\/svetslik.si\/de\/#organization\"},\"potentialAction\":[{\"@type\":\"SearchAction\",\"target\":{\"@type\":\"EntryPoint\",\"urlTemplate\":\"https:\/\/svetslik.si\/de\/?s={search_term_string}\"},\"query-input\":{\"@type\":\"PropertyValueSpecification\",\"valueRequired\":true,\"valueName\":\"search_term_string\"}}],\"inLanguage\":\"de\"},{\"@type\":\"Organization\",\"@id\":\"https:\/\/svetslik.si\/de\/#organization\",\"name\":\"SvetSlik.si\",\"url\":\"https:\/\/svetslik.si\/de\/\",\"logo\":{\"@type\":\"ImageObject\",\"inLanguage\":\"de\",\"@id\":\"https:\/\/svetslik.si\/de\/#\/schema\/logo\/image\/\",\"url\":\"https:\/\/svetslik.si\/wp-content\/uploads\/2020\/12\/logo-512.png\",\"contentUrl\":\"https:\/\/svetslik.si\/wp-content\/uploads\/2020\/12\/logo-512.png\",\"width\":512,\"height\":512,\"caption\":\"SvetSlik.si\"},\"image\":{\"@id\":\"https:\/\/svetslik.si\/de\/#\/schema\/logo\/image\/\"},\"sameAs\":[\"https:\/\/www.facebook.com\/svetslik.si\",\"https:\/\/x.com\/svetslik\",\"https:\/\/www.instagram.com\/svetslik.si\/\",\"https:\/\/www.linkedin.com\/company\/svetslik-si\"]}]}<\/script>\n<meta property=\"og:availability\" content=\"instock\" \/>\n<meta property=\"product:availability\" content=\"instock\" \/>\n<meta property=\"product:retailer_item_id\" content=\"208__\" \/>\n<meta property=\"product:condition\" content=\"new\" \/>\n<!-- \/ Yoast SEO Premium plugin. -->","yoast_head_json":{"title":"Amedeo Modigliani - Portrait of Jeanne H\u00e9buterne V - SVETSLIK.SI - 100% handgemalt","description":"Amedeo Modigliani - Portrait of Jeanne H\u00e9buterne V - 100% handgemalte Gem\u00e4lde - Verkauf von Reproduktionen ber\u00fchmter Gem\u00e4lde und abstrakter Kunst - Wandbilder f\u00fcr das Wohnzimmer","robots":{"index":"index","follow":"follow","max-snippet":"max-snippet:-1","max-image-preview":"max-image-preview:large","max-video-preview":"max-video-preview:-1"},"canonical":"https:\/\/svetslik.si\/de\/amedeo-modigliani-de\/portrait-of-jeanne-hebuterne-v\/","og_locale":"de_DE","og_type":"article","og_title":"Amedeo Modigliani - Portrait of Jeanne H\u00e9buterne V","og_description":"100% ro\u010dno naslikane slike na platnu, reprodukcije znanih slikarjev in umetni\u0161ke slike po naro\u010dilu.","og_url":"https:\/\/svetslik.si\/de\/amedeo-modigliani-de\/portrait-of-jeanne-hebuterne-v\/","og_site_name":"SVETSLIK.SI","article_publisher":"https:\/\/www.facebook.com\/svetslik.si","article_modified_time":"2026-03-22T18:44:50+00:00","og_image":[{"width":692,"height":1014,"url":"https:\/\/svetslik.si\/wp-content\/uploads\/2021\/09\/Modigliani_Hebuterne_au_grand_chapeau_1918.jpg","type":"image\/jpeg"}],"twitter_card":"summary_large_image","twitter_site":"@svetslik","twitter_misc":{"Verf\u00fcgbarkeit":"Auf Lager"},"schema":{"@context":"https:\/\/schema.org","@graph":[{"@type":["WebPage","ItemPage"],"@id":"https:\/\/svetslik.si\/de\/amedeo-modigliani-de\/portrait-of-jeanne-hebuterne-v\/","url":"https:\/\/svetslik.si\/de\/amedeo-modigliani-de\/portrait-of-jeanne-hebuterne-v\/","name":"Amedeo Modigliani - Portrait of Jeanne H\u00e9buterne V - SVETSLIK.SI - 100% handgemalt","isPartOf":{"@id":"https:\/\/svetslik.si\/de\/#website"},"primaryImageOfPage":{"@id":"https:\/\/svetslik.si\/de\/amedeo-modigliani-de\/portrait-of-jeanne-hebuterne-v\/#primaryimage"},"image":{"@id":"https:\/\/svetslik.si\/de\/amedeo-modigliani-de\/portrait-of-jeanne-hebuterne-v\/#primaryimage"},"thumbnailUrl":"https:\/\/svetslik.si\/wp-content\/uploads\/2021\/09\/Modigliani_Hebuterne_au_grand_chapeau_1918.jpg","datePublished":"2021-09-02T15:49:42+00:00","dateModified":"2026-03-22T18:44:50+00:00","description":"Amedeo Modigliani - Portrait of Jeanne H\u00e9buterne V - 100% handgemalte Gem\u00e4lde - Verkauf von Reproduktionen ber\u00fchmter Gem\u00e4lde und abstrakter Kunst - Wandbilder f\u00fcr das Wohnzimmer","breadcrumb":{"@id":"https:\/\/svetslik.si\/de\/amedeo-modigliani-de\/portrait-of-jeanne-hebuterne-v\/#breadcrumb"},"inLanguage":"de","potentialAction":[{"@type":"ReadAction","target":["https:\/\/svetslik.si\/de\/amedeo-modigliani-de\/portrait-of-jeanne-hebuterne-v\/"]}]},{"@type":"ImageObject","inLanguage":"de","@id":"https:\/\/svetslik.si\/de\/amedeo-modigliani-de\/portrait-of-jeanne-hebuterne-v\/#primaryimage","url":"https:\/\/svetslik.si\/wp-content\/uploads\/2021\/09\/Modigliani_Hebuterne_au_grand_chapeau_1918.jpg","contentUrl":"https:\/\/svetslik.si\/wp-content\/uploads\/2021\/09\/Modigliani_Hebuterne_au_grand_chapeau_1918.jpg","width":692,"height":1014,"caption":"Modigliani, H\u00e9buterne au grand chapeau 1918 - 100% handgemalte, Reproduktionen ber\u00fchmter Gem\u00e4lde, Gem\u00e4lde kaufen, Wandbilder Wohnzimmer, ber\u00fchmtes Gem\u00e4lde, \u00d6lgem\u00e4lde, Bilderrahmen"},{"@type":"BreadcrumbList","@id":"https:\/\/svetslik.si\/de\/amedeo-modigliani-de\/portrait-of-jeanne-hebuterne-v\/#breadcrumb","itemListElement":[{"@type":"ListItem","position":1,"name":"Wandkunst und Gem\u00e4lde auf Leinwand","item":"https:\/\/svetslik.si\/de\/"},{"@type":"ListItem","position":2,"name":"Verkauf von Gem\u00e4lden","item":"https:\/\/svetslik.si\/prodaja-slik\/"},{"@type":"ListItem","position":3,"name":"Amedeo Modigliani &#8211; Portrait of Jeanne H\u00e9buterne V"}]},{"@type":"WebSite","@id":"https:\/\/svetslik.si\/de\/#website","url":"https:\/\/svetslik.si\/de\/","name":"SVETSLIK.SI","description":"100% handgemalte Reproduktionen von Gem\u00e4lden ber\u00fchmter Maler und Gem\u00e4lde auf Leinwand.","publisher":{"@id":"https:\/\/svetslik.si\/de\/#organization"},"potentialAction":[{"@type":"SearchAction","target":{"@type":"EntryPoint","urlTemplate":"https:\/\/svetslik.si\/de\/?s={search_term_string}"},"query-input":{"@type":"PropertyValueSpecification","valueRequired":true,"valueName":"search_term_string"}}],"inLanguage":"de"},{"@type":"Organization","@id":"https:\/\/svetslik.si\/de\/#organization","name":"SvetSlik.si","url":"https:\/\/svetslik.si\/de\/","logo":{"@type":"ImageObject","inLanguage":"de","@id":"https:\/\/svetslik.si\/de\/#\/schema\/logo\/image\/","url":"https:\/\/svetslik.si\/wp-content\/uploads\/2020\/12\/logo-512.png","contentUrl":"https:\/\/svetslik.si\/wp-content\/uploads\/2020\/12\/logo-512.png","width":512,"height":512,"caption":"SvetSlik.si"},"image":{"@id":"https:\/\/svetslik.si\/de\/#\/schema\/logo\/image\/"},"sameAs":["https:\/\/www.facebook.com\/svetslik.si","https:\/\/x.com\/svetslik","https:\/\/www.instagram.com\/svetslik.si\/","https:\/\/www.linkedin.com\/company\/svetslik-si"]}]},"og_availability":"instock","product_availability":"instock","product_retailer_item_id":"208__","product_condition":"new"},"jetpack_sharing_enabled":true,"_links":{"self":[{"href":"https:\/\/svetslik.si\/de\/wp-json\/wp\/v2\/product\/67127","targetHints":{"allow":["GET"]}}],"collection":[{"href":"https:\/\/svetslik.si\/de\/wp-json\/wp\/v2\/product"}],"about":[{"href":"https:\/\/svetslik.si\/de\/wp-json\/wp\/v2\/types\/product"}],"wp:featuredmedia":[{"embeddable":true,"href":"https:\/\/svetslik.si\/de\/wp-json\/wp\/v2\/media\/64888"}],"wp:attachment":[{"href":"https:\/\/svetslik.si\/de\/wp-json\/wp\/v2\/media?parent=67127"}],"wp:term":[{"taxonomy":"product_brand","embeddable":true,"href":"https:\/\/svetslik.si\/de\/wp-json\/wp\/v2\/product_brand?post=67127"},{"taxonomy":"product_cat","embeddable":true,"href":"https:\/\/svetslik.si\/de\/wp-json\/wp\/v2\/product_cat?post=67127"},{"taxonomy":"product_tag","embeddable":true,"href":"https:\/\/svetslik.si\/de\/wp-json\/wp\/v2\/product_tag?post=67127"}],"curies":[{"name":"wp","href":"https:\/\/api.w.org\/{rel}","templated":true}]}}