{"id":67136,"date":"2021-09-02T17:49:42","date_gmt":"2021-09-02T15:49:42","guid":{"rendered":"https:\/\/svetslik.si\/unkategorisiert\/munich-schwabing-with-the-church-of-st-ursula\/"},"modified":"2026-03-22T19:44:50","modified_gmt":"2026-03-22T18:44:50","slug":"munich-schwabing-with-the-church-of-st-ursula","status":"publish","type":"product","link":"https:\/\/svetslik.si\/de\/vasilij-kandinski-de\/munich-schwabing-with-the-church-of-st-ursula\/","title":{"rendered":"Vasilij Kandinski &#8211; Munich-Schwabing with the Church of St. Ursula"},"content":{"rendered":"<div class=\"wpb-content-wrapper\">[vc_row][vc_column][vc_column_text]\n<h1>Wassili Kandinsky \u2013 M\u00fcnchen-Schwabing mit der Kirche St. Ursula<\/h1>\n<p>&nbsp;<\/p>\n<table style=\"width: 673px\" border=\"0\" width=\"673\" cellpadding=\"0\">\n<tbody>\n<tr>\n<td style=\"width: 180px;height: 21px\" height=\"21\">Erstellungsjahr:<\/td>\n<td style=\"width: 493px\">1908<\/td>\n<\/tr>\n<tr>\n<td style=\"width: 180px;height: 21px\" height=\"21\">Originalgr\u00f6\u00dfe:<\/td>\n<td style=\"width: 493px\">49 cm x 68,8 cm<\/td>\n<\/tr>\n<tr>\n<td style=\"width: 180px;height: 21px\" height=\"21\">Lackstil:<\/td>\n<td style=\"width: 493px\">Expressionismus<\/td>\n<\/tr>\n<tr>\n<td style=\"width: 180px;height: 21px\" height=\"21\">Originaltechnik:<\/td>\n<td>\u00d6l auf Leinwand<\/td>\n<\/tr>\n<tr>\n<td style=\"width: 180px;height: 21px\" height=\"21\">Standort:<\/td>\n<td>Nationalgalerie, M\u00fcnchen<\/td>\n<\/tr>\n<\/tbody>\n<colgroup>\n<col \/>\n<col \/> <\/colgroup>\n<\/table>\n[\/vc_column_text][\/vc_column][\/vc_row][vc_row][vc_column]\t<div class=\"et-image-750 et-image     et_image_link\">\n\t\t<div class=\"et-image-inner \">\n\t\t\t\t\t\t\t<div class=\"et-image-thumb \">\n\t\t\t\t\t<img decoding=\"async\" width=\"2151\" height=\"2560\" src=\"https:\/\/svetslik.si\/wp-content\/uploads\/2021\/09\/Vasilij-Kandinski-\u2013-Munich-Schwabing-with-the-Church-of-St.-Ursula-scaled.jpg\" class=\"attachment-full\" alt=\"Vasilij Kandinski - Munich-Schwabing with the Church of St. Ursula (Munich-Schwabing mit der Kirche St. Ursula) Gem\u00e4lde, Leinwandbilder\" title=\"Vasilij Kandinski - Munich-Schwabing with the Church of St. Ursula (Munich-Schwabing mit der Kirche St. Ursula) Gem\u00e4lde, Leinwandbilder\" srcset=\"https:\/\/svetslik.si\/wp-content\/uploads\/2021\/09\/Vasilij-Kandinski-\u2013-Munich-Schwabing-with-the-Church-of-St.-Ursula-scaled.jpg 2151w, https:\/\/svetslik.si\/wp-content\/uploads\/2021\/09\/Vasilij-Kandinski-\u2013-Munich-Schwabing-with-the-Church-of-St.-Ursula-600x714.jpg 600w, https:\/\/svetslik.si\/wp-content\/uploads\/2021\/09\/Vasilij-Kandinski-\u2013-Munich-Schwabing-with-the-Church-of-St.-Ursula-scaled-1200x1428.jpg 1200w, https:\/\/svetslik.si\/wp-content\/uploads\/2021\/09\/Vasilij-Kandinski-\u2013-Munich-Schwabing-with-the-Church-of-St.-Ursula-252x300.jpg 252w, https:\/\/svetslik.si\/wp-content\/uploads\/2021\/09\/Vasilij-Kandinski-\u2013-Munich-Schwabing-with-the-Church-of-St.-Ursula-860x1024.jpg 860w, https:\/\/svetslik.si\/wp-content\/uploads\/2021\/09\/Vasilij-Kandinski-\u2013-Munich-Schwabing-with-the-Church-of-St.-Ursula-768x914.jpg 768w, https:\/\/svetslik.si\/wp-content\/uploads\/2021\/09\/Vasilij-Kandinski-\u2013-Munich-Schwabing-with-the-Church-of-St.-Ursula-1291x1536.jpg 1291w, https:\/\/svetslik.si\/wp-content\/uploads\/2021\/09\/Vasilij-Kandinski-\u2013-Munich-Schwabing-with-the-Church-of-St.-Ursula-1721x2048.jpg 1721w, https:\/\/svetslik.si\/wp-content\/uploads\/2021\/09\/Vasilij-Kandinski-\u2013-Munich-Schwabing-with-the-Church-of-St.-Ursula-10x12.jpg 10w, https:\/\/svetslik.si\/wp-content\/uploads\/2021\/09\/Vasilij-Kandinski-\u2013-Munich-Schwabing-with-the-Church-of-St.-Ursula-126x150.jpg 126w, https:\/\/svetslik.si\/wp-content\/uploads\/2021\/09\/Vasilij-Kandinski-\u2013-Munich-Schwabing-with-the-Church-of-St.-Ursula-1320x1571.jpg 1320w, https:\/\/svetslik.si\/wp-content\/uploads\/2021\/09\/Vasilij-Kandinski-\u2013-Munich-Schwabing-with-the-Church-of-St.-Ursula-900x1071.jpg 900w\" sizes=\"(max-width: 2151px) 100vw, 2151px\" \/>\t\t\t\t<\/div>\n\t\t\t\t\t\t\t\t\t\t\t<\/div>\n\t<\/div>\n  [\/vc_column][\/vc_row][vc_row][vc_column]\t<div class=\"et-image-463 et-image     et_image_link\">\n\t\t<div class=\"et-image-inner \">\n\t\t\t\t\t\t\t<div class=\"et-image-thumb \">\n\t\t\t\t\t<img decoding=\"async\" width=\"2560\" height=\"1441\" src=\"https:\/\/svetslik.si\/wp-content\/uploads\/2021\/09\/20220321_090548-1-scaled.jpg\" class=\"attachment-full\" alt=\"Vasilij Kandinski - Munich-Schwabing with the Church of St. Ursula detail (Munich-Schwabing mit der Kirche St. Ursula, Detail) Gem\u00e4lde, Leinwandbilder\" title=\"Vasilij Kandinski - Munich-Schwabing with the Church of St. Ursula detail (Munich-Schwabing mit der Kirche St. Ursula, Detail) Gem\u00e4lde, Leinwandbilder\" srcset=\"https:\/\/svetslik.si\/wp-content\/uploads\/2021\/09\/20220321_090548-1-scaled.jpg 2560w, https:\/\/svetslik.si\/wp-content\/uploads\/2021\/09\/20220321_090548-1-600x338.jpg 600w, https:\/\/svetslik.si\/wp-content\/uploads\/2021\/09\/20220321_090548-1-scaled-1200x675.jpg 1200w, https:\/\/svetslik.si\/wp-content\/uploads\/2021\/09\/20220321_090548-1-300x169.jpg 300w, https:\/\/svetslik.si\/wp-content\/uploads\/2021\/09\/20220321_090548-1-1024x577.jpg 1024w, https:\/\/svetslik.si\/wp-content\/uploads\/2021\/09\/20220321_090548-1-768x432.jpg 768w, https:\/\/svetslik.si\/wp-content\/uploads\/2021\/09\/20220321_090548-1-1536x865.jpg 1536w, https:\/\/svetslik.si\/wp-content\/uploads\/2021\/09\/20220321_090548-1-2048x1153.jpg 2048w, https:\/\/svetslik.si\/wp-content\/uploads\/2021\/09\/20220321_090548-1-18x10.jpg 18w, https:\/\/svetslik.si\/wp-content\/uploads\/2021\/09\/20220321_090548-1-150x84.jpg 150w, https:\/\/svetslik.si\/wp-content\/uploads\/2021\/09\/20220321_090548-1-1320x743.jpg 1320w, https:\/\/svetslik.si\/wp-content\/uploads\/2021\/09\/20220321_090548-1-900x507.jpg 900w\" sizes=\"(max-width: 2560px) 100vw, 2560px\" \/>\t\t\t\t<\/div>\n\t\t\t\t\t\t\t\t\t\t\t<\/div>\n\t<\/div>\n  [\/vc_column][\/vc_row][vc_row][vc_column]\t<div class=\"et-image-261 et-image     et_image_link\">\n\t\t<div class=\"et-image-inner \">\n\t\t\t\t\t\t\t<div class=\"et-image-thumb \">\n\t\t\t\t\t<img decoding=\"async\" width=\"2560\" height=\"1441\" src=\"https:\/\/svetslik.si\/wp-content\/uploads\/2021\/09\/20220321_090556-1-scaled.jpg\" class=\"attachment-full\" alt=\"Vasilij Kandinski - Munich-Schwabing with the Church of St. Ursula detail 2 (Munich-Schwabing mit der Kirche St. Ursula, Detail 2) Gem\u00e4lde, Leinwandbilder\" title=\"Vasilij Kandinski - Munich-Schwabing with the Church of St. Ursula detail 2 (Munich-Schwabing mit der Kirche St. Ursula, Detail 2) Gem\u00e4lde, Leinwandbilder\" srcset=\"https:\/\/svetslik.si\/wp-content\/uploads\/2021\/09\/20220321_090556-1-scaled.jpg 2560w, https:\/\/svetslik.si\/wp-content\/uploads\/2021\/09\/20220321_090556-1-600x338.jpg 600w, https:\/\/svetslik.si\/wp-content\/uploads\/2021\/09\/20220321_090556-1-scaled-1200x675.jpg 1200w, https:\/\/svetslik.si\/wp-content\/uploads\/2021\/09\/20220321_090556-1-300x169.jpg 300w, https:\/\/svetslik.si\/wp-content\/uploads\/2021\/09\/20220321_090556-1-1024x577.jpg 1024w, https:\/\/svetslik.si\/wp-content\/uploads\/2021\/09\/20220321_090556-1-768x432.jpg 768w, https:\/\/svetslik.si\/wp-content\/uploads\/2021\/09\/20220321_090556-1-1536x865.jpg 1536w, https:\/\/svetslik.si\/wp-content\/uploads\/2021\/09\/20220321_090556-1-2048x1153.jpg 2048w, https:\/\/svetslik.si\/wp-content\/uploads\/2021\/09\/20220321_090556-1-18x10.jpg 18w, https:\/\/svetslik.si\/wp-content\/uploads\/2021\/09\/20220321_090556-1-150x84.jpg 150w, https:\/\/svetslik.si\/wp-content\/uploads\/2021\/09\/20220321_090556-1-1320x743.jpg 1320w, https:\/\/svetslik.si\/wp-content\/uploads\/2021\/09\/20220321_090556-1-900x507.jpg 900w\" sizes=\"(max-width: 2560px) 100vw, 2560px\" \/>\t\t\t\t<\/div>\n\t\t\t\t\t\t\t\t\t\t\t<\/div>\n\t<\/div>\n  [\/vc_column][\/vc_row][vc_row][vc_column][vc_column_text]Vasilij Kandinsky ist eine wichtige Figur in der Welt der abstrakten Kunst. Eines seiner ber\u00fchmtesten Gem\u00e4lde ist \u201eM\u00fcnchen-Schwabing mit der Kirche St. Ursula\u201c, eine beeindruckende Darstellung der Stadt M\u00fcnchen. Dieses Gem\u00e4lde ist ein hervorragendes Beispiel f\u00fcr Kandinskys einzigartigen Stil, der sich durch kr\u00e4ftige Farben und dynamische Pinselstriche auszeichnet.<\/p>\n<p>Das Gem\u00e4lde spielt im M\u00fcnchner Stadtteil Schwabing, der f\u00fcr seine unkonventionelle Atmosph\u00e4re und lebendige Kultur bekannt ist. Im Hintergrund sehen wir die Kirche der Heiligen Ursula, die ein ber\u00fchmtes Wahrzeichen der Gegend ist. Kandinsky verwendete eine Kombination aus warmen und k\u00fchlen Farben, um dem Gem\u00e4lde ein Gef\u00fchl von Tiefe und Bewegung zu verleihen. Die Verwendung kontrastierender Farben und kr\u00e4ftiger Pinselstriche ist charakteristisch f\u00fcr Kandinskys Stil und wird auch in diesem Gem\u00e4lde deutlich.<\/p>\n<p>Das Gem\u00e4lde ist ein perfektes Beispiel f\u00fcr Kandinskys F\u00e4higkeit, die Essenz eines Ortes einzufangen und sie durch seine Kunst auszudr\u00fccken. Die Verwendung lebendiger Farben und dynamischer Pinselstriche erzeugen ein Gef\u00fchl von Energie und Bewegung und geben dem Betrachter das Gef\u00fchl, sich mitten in der Szene zu befinden. Dies ist einer der Gr\u00fcnde, warum Kandinskys Gem\u00e4lde bei Kunstliebhabern so beliebt sind.<\/p>\n<p>Abschlie\u00dfend m\u00f6chte ich sagen, dass \u201eM\u00fcnchen-Schwabing mit der St.-Ursula-Kirche\u201c ein wunderbares Gem\u00e4lde ist, das Kandinskys einzigartigen Stil und seine F\u00e4higkeit zeigt, die Essenz eines Ortes durch seine Kunst einzufangen. Das Gem\u00e4lde ist ein Muss f\u00fcr jeden, der sich f\u00fcr abstrakte Kunst oder das Werk von Wassily Kandinsky interessiert. Indem Sie solche Arbeiten in Ihr Zuhause integrieren, k\u00f6nnen Sie Ihrem Wohnraum einen Hauch von Sch\u00f6nheit und Kultur verleihen. Wenn Sie also Ihr Zuhause sch\u00f6ner machen m\u00f6chten, sollten Sie dieses Bild zu Ihrer Sammlung hinzuf\u00fcgen.[\/vc_column_text][\/vc_column][\/vc_row]\n<\/div>","protected":false},"excerpt":{"rendered":"<p>[vc_row][vc_column][vc_column_text] Wassili Kandinsky \u2013 M\u00fcnchen-Schwabing mit der Kirche St. Ursula &nbsp; Erstellungsjahr: 1908 Originalgr\u00f6\u00dfe: 49 cm x 68,8 cm Lackstil: Expressionismus Originaltechnik: \u00d6l auf Leinwand Standort: Nationalgalerie, M\u00fcnchen [\/vc_column_text][\/vc_column][\/vc_row][vc_row][vc_column][\/vc_column][\/vc_row][vc_row][vc_column][\/vc_column][\/vc_row][vc_row][vc_column][\/vc_column][\/vc_row][vc_row][vc_column][vc_column_text]Vasilij Kandinsky ist eine wichtige Figur in der Welt der abstrakten Kunst. Eines seiner ber\u00fchmtesten Gem\u00e4lde ist \u201eM\u00fcnchen-Schwabing mit der Kirche St. [&hellip;]<\/p>\n","protected":false},"featured_media":63857,"template":"","meta":{"_acf_changed":false},"product_brand":[],"product_cat":[8467],"product_tag":[8491,8492,8521,8513,8514],"class_list":{"0":"post-67136","1":"product","2":"type-product","3":"status-publish","4":"has-post-thumbnail","6":"product_cat-vasilij-kandinski-de","7":"product_tag-kandinski-de","8":"product_tag-kandinsky-de","9":"product_tag-maler","10":"product_tag-reproduktion","11":"product_tag-reproduktionen","12":"pa_dimenzija-110-x-150-cm-de","13":"pa_dimenzija-130-x-180-cm-de","14":"pa_dimenzija-40-x-55-cm-de","15":"pa_dimenzija-49-x-69-cm-de","16":"pa_dimenzija-60-x-80-cm-de","17":"pa_dimenzija-70-x-100-cm-de","18":"pa_dimenzija-80-x-110-cm-de","19":"pa_dimenzija-90-x-130-cm-de","20":"pa_oblika-vertikal","21":"pa_okvir-ohne-rahmen","22":"pa_podokvir-ja","23":"pa_podokvir-nein","25":"first","26":"onbackorder","27":"purchasable","28":"product-type-variable","29":"has-default-attributes"},"acf":[],"yoast_head":"<!-- This site is optimized with the Yoast SEO Premium plugin v26.0 (Yoast SEO v27.2) - https:\/\/yoast.com\/product\/yoast-seo-premium-wordpress\/ -->\n<title>Vasilij Kandinski - Munich-Schwabing with the Church of St. Ursula - SVETSLIK.SI - 100% handgemalt<\/title>\n<meta name=\"description\" content=\"Vasilij Kandinski - Munich-Schwabing with the Church of St. Ursula - 100% handgemalte Gem\u00e4lde - Verkauf von Reproduktionen ber\u00fchmter Gem\u00e4lde und abstrakter Kunst - Wandbilder f\u00fcr das Wohnzimmer\" \/>\n<meta name=\"robots\" content=\"index, follow, max-snippet:-1, max-image-preview:large, max-video-preview:-1\" \/>\n<link rel=\"canonical\" href=\"https:\/\/svetslik.si\/de\/vasilij-kandinski-de\/munich-schwabing-with-the-church-of-st-ursula\/\" \/>\n<meta property=\"og:locale\" content=\"de_DE\" \/>\n<meta property=\"og:type\" content=\"article\" \/>\n<meta property=\"og:title\" content=\"Vasilij Kandinski - Munich-Schwabing with the Church of St. Ursula\" \/>\n<meta property=\"og:description\" content=\"100% ro\u010dno naslikane slike na platnu, reprodukcije znanih slikarjev in umetni\u0161ke slike po naro\u010dilu.\" \/>\n<meta property=\"og:url\" content=\"https:\/\/svetslik.si\/de\/vasilij-kandinski-de\/munich-schwabing-with-the-church-of-st-ursula\/\" \/>\n<meta property=\"og:site_name\" content=\"SVETSLIK.SI\" \/>\n<meta property=\"article:publisher\" content=\"https:\/\/www.facebook.com\/svetslik.si\" \/>\n<meta property=\"article:modified_time\" content=\"2026-03-22T18:44:50+00:00\" \/>\n<meta property=\"og:image\" content=\"https:\/\/svetslik.si\/wp-content\/uploads\/2021\/08\/image_Munich-Schwabing-with-the-Church-of-St-Ursula_680.jpg\" \/>\n\t<meta property=\"og:image:width\" content=\"746\" \/>\n\t<meta property=\"og:image:height\" content=\"1067\" \/>\n\t<meta property=\"og:image:type\" content=\"image\/jpeg\" \/>\n<meta name=\"twitter:card\" content=\"summary_large_image\" \/>\n<meta name=\"twitter:site\" content=\"@svetslik\" \/>\n<meta name=\"twitter:label1\" content=\"Verf\u00fcgbarkeit\" \/>\n\t<meta name=\"twitter:data1\" content=\"bei Nachbestellung\" \/>\n<script type=\"application\/ld+json\" class=\"yoast-schema-graph\">{\"@context\":\"https:\/\/schema.org\",\"@graph\":[{\"@type\":[\"WebPage\",\"ItemPage\"],\"@id\":\"https:\/\/svetslik.si\/de\/vasilij-kandinski-de\/munich-schwabing-with-the-church-of-st-ursula\/\",\"url\":\"https:\/\/svetslik.si\/de\/vasilij-kandinski-de\/munich-schwabing-with-the-church-of-st-ursula\/\",\"name\":\"Vasilij Kandinski - Munich-Schwabing with the Church of St. Ursula - SVETSLIK.SI - 100% handgemalt\",\"isPartOf\":{\"@id\":\"https:\/\/svetslik.si\/de\/#website\"},\"primaryImageOfPage\":{\"@id\":\"https:\/\/svetslik.si\/de\/vasilij-kandinski-de\/munich-schwabing-with-the-church-of-st-ursula\/#primaryimage\"},\"image\":{\"@id\":\"https:\/\/svetslik.si\/de\/vasilij-kandinski-de\/munich-schwabing-with-the-church-of-st-ursula\/#primaryimage\"},\"thumbnailUrl\":\"https:\/\/svetslik.si\/wp-content\/uploads\/2021\/08\/image_Munich-Schwabing-with-the-Church-of-St-Ursula_680.jpg\",\"datePublished\":\"2021-09-02T15:49:42+00:00\",\"dateModified\":\"2026-03-22T18:44:50+00:00\",\"description\":\"Vasilij Kandinski - Munich-Schwabing with the Church of St. Ursula - 100% handgemalte Gem\u00e4lde - Verkauf von Reproduktionen ber\u00fchmter Gem\u00e4lde und abstrakter Kunst - Wandbilder f\u00fcr das Wohnzimmer\",\"breadcrumb\":{\"@id\":\"https:\/\/svetslik.si\/de\/vasilij-kandinski-de\/munich-schwabing-with-the-church-of-st-ursula\/#breadcrumb\"},\"inLanguage\":\"de\",\"potentialAction\":[{\"@type\":\"ReadAction\",\"target\":[\"https:\/\/svetslik.si\/de\/vasilij-kandinski-de\/munich-schwabing-with-the-church-of-st-ursula\/\"]}]},{\"@type\":\"ImageObject\",\"inLanguage\":\"de\",\"@id\":\"https:\/\/svetslik.si\/de\/vasilij-kandinski-de\/munich-schwabing-with-the-church-of-st-ursula\/#primaryimage\",\"url\":\"https:\/\/svetslik.si\/wp-content\/uploads\/2021\/08\/image_Munich-Schwabing-with-the-Church-of-St-Ursula_680.jpg\",\"contentUrl\":\"https:\/\/svetslik.si\/wp-content\/uploads\/2021\/08\/image_Munich-Schwabing-with-the-Church-of-St-Ursula_680.jpg\",\"width\":746,\"height\":1067,\"caption\":\"Vasilij Kandinski - Munich-Schwabing with the Church of St. Ursula (M\u00fcnchen-Schwabing mit der Kirche St. Ursula) Gem\u00e4lde, Leinwandbilder, Reproduktion - Erwerben Sie eine Reproduktion des ber\u00fchmten Gem\u00e4ldes \\\"Munich-Schwabing with the Church of St. Ursula\\\" von Vasilij Kandinski. Diese handgemalten Leinwandbilder bringen die Sch\u00f6nheit dieses Kunstwerks in Ihr Zuhause. Verwenden Sie sie als Dekoration in Ihrem Wohnzimmer, B\u00fcro oder anderen R\u00e4umen, um einen Hauch von Kunst und Eleganz zu schaffen.\"},{\"@type\":\"BreadcrumbList\",\"@id\":\"https:\/\/svetslik.si\/de\/vasilij-kandinski-de\/munich-schwabing-with-the-church-of-st-ursula\/#breadcrumb\",\"itemListElement\":[{\"@type\":\"ListItem\",\"position\":1,\"name\":\"Wandkunst und Gem\u00e4lde auf Leinwand\",\"item\":\"https:\/\/svetslik.si\/de\/\"},{\"@type\":\"ListItem\",\"position\":2,\"name\":\"Verkauf von Gem\u00e4lden\",\"item\":\"https:\/\/svetslik.si\/prodaja-slik\/\"},{\"@type\":\"ListItem\",\"position\":3,\"name\":\"Vasilij Kandinski &#8211; Munich-Schwabing with the Church of St. Ursula\"}]},{\"@type\":\"WebSite\",\"@id\":\"https:\/\/svetslik.si\/de\/#website\",\"url\":\"https:\/\/svetslik.si\/de\/\",\"name\":\"SVETSLIK.SI\",\"description\":\"100% handgemalte Reproduktionen von Gem\u00e4lden ber\u00fchmter Maler und Gem\u00e4lde auf Leinwand.\",\"publisher\":{\"@id\":\"https:\/\/svetslik.si\/de\/#organization\"},\"potentialAction\":[{\"@type\":\"SearchAction\",\"target\":{\"@type\":\"EntryPoint\",\"urlTemplate\":\"https:\/\/svetslik.si\/de\/?s={search_term_string}\"},\"query-input\":{\"@type\":\"PropertyValueSpecification\",\"valueRequired\":true,\"valueName\":\"search_term_string\"}}],\"inLanguage\":\"de\"},{\"@type\":\"Organization\",\"@id\":\"https:\/\/svetslik.si\/de\/#organization\",\"name\":\"SvetSlik.si\",\"url\":\"https:\/\/svetslik.si\/de\/\",\"logo\":{\"@type\":\"ImageObject\",\"inLanguage\":\"de\",\"@id\":\"https:\/\/svetslik.si\/de\/#\/schema\/logo\/image\/\",\"url\":\"https:\/\/svetslik.si\/wp-content\/uploads\/2020\/12\/logo-512.png\",\"contentUrl\":\"https:\/\/svetslik.si\/wp-content\/uploads\/2020\/12\/logo-512.png\",\"width\":512,\"height\":512,\"caption\":\"SvetSlik.si\"},\"image\":{\"@id\":\"https:\/\/svetslik.si\/de\/#\/schema\/logo\/image\/\"},\"sameAs\":[\"https:\/\/www.facebook.com\/svetslik.si\",\"https:\/\/x.com\/svetslik\",\"https:\/\/www.instagram.com\/svetslik.si\/\",\"https:\/\/www.linkedin.com\/company\/svetslik-si\"]}]}<\/script>\n<meta property=\"og:availability\" content=\"backorder\" \/>\n<meta property=\"product:availability\" content=\"available for order\" \/>\n<meta property=\"product:retailer_item_id\" content=\"209__\" \/>\n<meta property=\"product:condition\" content=\"new\" \/>\n<!-- \/ Yoast SEO Premium plugin. -->","yoast_head_json":{"title":"Vasilij Kandinski - Munich-Schwabing with the Church of St. Ursula - SVETSLIK.SI - 100% handgemalt","description":"Vasilij Kandinski - Munich-Schwabing with the Church of St. Ursula - 100% handgemalte Gem\u00e4lde - Verkauf von Reproduktionen ber\u00fchmter Gem\u00e4lde und abstrakter Kunst - Wandbilder f\u00fcr das Wohnzimmer","robots":{"index":"index","follow":"follow","max-snippet":"max-snippet:-1","max-image-preview":"max-image-preview:large","max-video-preview":"max-video-preview:-1"},"canonical":"https:\/\/svetslik.si\/de\/vasilij-kandinski-de\/munich-schwabing-with-the-church-of-st-ursula\/","og_locale":"de_DE","og_type":"article","og_title":"Vasilij Kandinski - Munich-Schwabing with the Church of St. Ursula","og_description":"100% ro\u010dno naslikane slike na platnu, reprodukcije znanih slikarjev in umetni\u0161ke slike po naro\u010dilu.","og_url":"https:\/\/svetslik.si\/de\/vasilij-kandinski-de\/munich-schwabing-with-the-church-of-st-ursula\/","og_site_name":"SVETSLIK.SI","article_publisher":"https:\/\/www.facebook.com\/svetslik.si","article_modified_time":"2026-03-22T18:44:50+00:00","og_image":[{"width":746,"height":1067,"url":"https:\/\/svetslik.si\/wp-content\/uploads\/2021\/08\/image_Munich-Schwabing-with-the-Church-of-St-Ursula_680.jpg","type":"image\/jpeg"}],"twitter_card":"summary_large_image","twitter_site":"@svetslik","twitter_misc":{"Verf\u00fcgbarkeit":"bei Nachbestellung"},"schema":{"@context":"https:\/\/schema.org","@graph":[{"@type":["WebPage","ItemPage"],"@id":"https:\/\/svetslik.si\/de\/vasilij-kandinski-de\/munich-schwabing-with-the-church-of-st-ursula\/","url":"https:\/\/svetslik.si\/de\/vasilij-kandinski-de\/munich-schwabing-with-the-church-of-st-ursula\/","name":"Vasilij Kandinski - Munich-Schwabing with the Church of St. Ursula - SVETSLIK.SI - 100% handgemalt","isPartOf":{"@id":"https:\/\/svetslik.si\/de\/#website"},"primaryImageOfPage":{"@id":"https:\/\/svetslik.si\/de\/vasilij-kandinski-de\/munich-schwabing-with-the-church-of-st-ursula\/#primaryimage"},"image":{"@id":"https:\/\/svetslik.si\/de\/vasilij-kandinski-de\/munich-schwabing-with-the-church-of-st-ursula\/#primaryimage"},"thumbnailUrl":"https:\/\/svetslik.si\/wp-content\/uploads\/2021\/08\/image_Munich-Schwabing-with-the-Church-of-St-Ursula_680.jpg","datePublished":"2021-09-02T15:49:42+00:00","dateModified":"2026-03-22T18:44:50+00:00","description":"Vasilij Kandinski - Munich-Schwabing with the Church of St. Ursula - 100% handgemalte Gem\u00e4lde - Verkauf von Reproduktionen ber\u00fchmter Gem\u00e4lde und abstrakter Kunst - Wandbilder f\u00fcr das Wohnzimmer","breadcrumb":{"@id":"https:\/\/svetslik.si\/de\/vasilij-kandinski-de\/munich-schwabing-with-the-church-of-st-ursula\/#breadcrumb"},"inLanguage":"de","potentialAction":[{"@type":"ReadAction","target":["https:\/\/svetslik.si\/de\/vasilij-kandinski-de\/munich-schwabing-with-the-church-of-st-ursula\/"]}]},{"@type":"ImageObject","inLanguage":"de","@id":"https:\/\/svetslik.si\/de\/vasilij-kandinski-de\/munich-schwabing-with-the-church-of-st-ursula\/#primaryimage","url":"https:\/\/svetslik.si\/wp-content\/uploads\/2021\/08\/image_Munich-Schwabing-with-the-Church-of-St-Ursula_680.jpg","contentUrl":"https:\/\/svetslik.si\/wp-content\/uploads\/2021\/08\/image_Munich-Schwabing-with-the-Church-of-St-Ursula_680.jpg","width":746,"height":1067,"caption":"Vasilij Kandinski - Munich-Schwabing with the Church of St. Ursula (M\u00fcnchen-Schwabing mit der Kirche St. Ursula) Gem\u00e4lde, Leinwandbilder, Reproduktion - Erwerben Sie eine Reproduktion des ber\u00fchmten Gem\u00e4ldes \"Munich-Schwabing with the Church of St. Ursula\" von Vasilij Kandinski. Diese handgemalten Leinwandbilder bringen die Sch\u00f6nheit dieses Kunstwerks in Ihr Zuhause. Verwenden Sie sie als Dekoration in Ihrem Wohnzimmer, B\u00fcro oder anderen R\u00e4umen, um einen Hauch von Kunst und Eleganz zu schaffen."},{"@type":"BreadcrumbList","@id":"https:\/\/svetslik.si\/de\/vasilij-kandinski-de\/munich-schwabing-with-the-church-of-st-ursula\/#breadcrumb","itemListElement":[{"@type":"ListItem","position":1,"name":"Wandkunst und Gem\u00e4lde auf Leinwand","item":"https:\/\/svetslik.si\/de\/"},{"@type":"ListItem","position":2,"name":"Verkauf von Gem\u00e4lden","item":"https:\/\/svetslik.si\/prodaja-slik\/"},{"@type":"ListItem","position":3,"name":"Vasilij Kandinski &#8211; Munich-Schwabing with the Church of St. Ursula"}]},{"@type":"WebSite","@id":"https:\/\/svetslik.si\/de\/#website","url":"https:\/\/svetslik.si\/de\/","name":"SVETSLIK.SI","description":"100% handgemalte Reproduktionen von Gem\u00e4lden ber\u00fchmter Maler und Gem\u00e4lde auf Leinwand.","publisher":{"@id":"https:\/\/svetslik.si\/de\/#organization"},"potentialAction":[{"@type":"SearchAction","target":{"@type":"EntryPoint","urlTemplate":"https:\/\/svetslik.si\/de\/?s={search_term_string}"},"query-input":{"@type":"PropertyValueSpecification","valueRequired":true,"valueName":"search_term_string"}}],"inLanguage":"de"},{"@type":"Organization","@id":"https:\/\/svetslik.si\/de\/#organization","name":"SvetSlik.si","url":"https:\/\/svetslik.si\/de\/","logo":{"@type":"ImageObject","inLanguage":"de","@id":"https:\/\/svetslik.si\/de\/#\/schema\/logo\/image\/","url":"https:\/\/svetslik.si\/wp-content\/uploads\/2020\/12\/logo-512.png","contentUrl":"https:\/\/svetslik.si\/wp-content\/uploads\/2020\/12\/logo-512.png","width":512,"height":512,"caption":"SvetSlik.si"},"image":{"@id":"https:\/\/svetslik.si\/de\/#\/schema\/logo\/image\/"},"sameAs":["https:\/\/www.facebook.com\/svetslik.si","https:\/\/x.com\/svetslik","https:\/\/www.instagram.com\/svetslik.si\/","https:\/\/www.linkedin.com\/company\/svetslik-si"]}]},"og_availability":"backorder","product_availability":"available for order","product_retailer_item_id":"209__","product_condition":"new"},"jetpack_sharing_enabled":true,"_links":{"self":[{"href":"https:\/\/svetslik.si\/de\/wp-json\/wp\/v2\/product\/67136","targetHints":{"allow":["GET"]}}],"collection":[{"href":"https:\/\/svetslik.si\/de\/wp-json\/wp\/v2\/product"}],"about":[{"href":"https:\/\/svetslik.si\/de\/wp-json\/wp\/v2\/types\/product"}],"wp:featuredmedia":[{"embeddable":true,"href":"https:\/\/svetslik.si\/de\/wp-json\/wp\/v2\/media\/63857"}],"wp:attachment":[{"href":"https:\/\/svetslik.si\/de\/wp-json\/wp\/v2\/media?parent=67136"}],"wp:term":[{"taxonomy":"product_brand","embeddable":true,"href":"https:\/\/svetslik.si\/de\/wp-json\/wp\/v2\/product_brand?post=67136"},{"taxonomy":"product_cat","embeddable":true,"href":"https:\/\/svetslik.si\/de\/wp-json\/wp\/v2\/product_cat?post=67136"},{"taxonomy":"product_tag","embeddable":true,"href":"https:\/\/svetslik.si\/de\/wp-json\/wp\/v2\/product_tag?post=67136"}],"curies":[{"name":"wp","href":"https:\/\/api.w.org\/{rel}","templated":true}]}}