{"id":67154,"date":"2021-09-02T17:49:51","date_gmt":"2021-09-02T15:49:51","guid":{"rendered":"https:\/\/svetslik.si\/unkategorisiert\/composition-vi\/"},"modified":"2026-03-22T19:45:36","modified_gmt":"2026-03-22T18:45:36","slug":"composition-vi","status":"publish","type":"product","link":"https:\/\/svetslik.si\/de\/vasilij-kandinski-de\/composition-vi\/","title":{"rendered":"Vasilij Kandinski &#8211; Composition VI"},"content":{"rendered":"<div class=\"wpb-content-wrapper\">[vc_row][vc_column][vc_column_text]\n<h1>Wassily Kandinsky \u2013 Komposition VI<\/h1>\n<p>&nbsp;<\/p>\n<table style=\"width: 673px\" border=\"0\" width=\"673\" cellpadding=\"0\">\n<tbody>\n<tr>\n<td style=\"width: 180px;height: 21px\" height=\"21\">Jahr der Entstehung des Wandgem\u00e4ldes:<\/td>\n<td style=\"width: 493px\">1913<\/td>\n<\/tr>\n<tr>\n<td style=\"width: 180px;height: 21px\" height=\"21\">Originalgr\u00f6\u00dfe:<\/td>\n<td style=\"width: 493px\">300 cm x 195 cm<\/td>\n<\/tr>\n<tr>\n<td style=\"width: 180px;height: 21px\" height=\"21\">Lackstil:<\/td>\n<td style=\"width: 493px\">Abstrakte Kunst<\/td>\n<\/tr>\n<tr>\n<td style=\"width: 180px;height: 21px\" height=\"21\">Originaltechnik:<\/td>\n<td>\u00d6l auf Leinwand<\/td>\n<\/tr>\n<tr>\n<td style=\"width: 180px;height: 21px\" height=\"21\">Standort:<\/td>\n<td>Eremitage, Sankt Petersburg<\/td>\n<\/tr>\n<\/tbody>\n<colgroup>\n<col \/>\n<col \/> <\/colgroup>\n<\/table>\n[\/vc_column_text][\/vc_column][\/vc_row][vc_row css=&#8221;.vc_custom_1640164050364{margin-bottom: 20px !important;}&#8221;][vc_column]\t<div class=\"et-image-933 et-image  full   et_image_link\">\n\t\t<div class=\"et-image-inner \">\n\t\t\t\t\t\t\t<div class=\"et-image-thumb \">\n\t\t\t\t\t<img decoding=\"async\" width=\"2560\" height=\"2046\" src=\"https:\/\/svetslik.si\/wp-content\/uploads\/2021\/12\/Vasiliy-Kandinsky-slika-na-platnu-scaled.jpg\" class=\"attachment-full\" alt=\"Vasiliy Kandinsky - Komposition VI - Reproduktionen von Gem\u00e4lden - Leinwandbilder - Gem\u00e4lde - Abstrakte Kunst\" title=\"Vasiliy Kandinsky - Komposition VI - Reproduktionen von Gem\u00e4lden - Leinwandbilder - Gem\u00e4lde - Abstrakte Kunst\" srcset=\"https:\/\/svetslik.si\/wp-content\/uploads\/2021\/12\/Vasiliy-Kandinsky-slika-na-platnu-scaled.jpg 2560w, https:\/\/svetslik.si\/wp-content\/uploads\/2021\/12\/Vasiliy-Kandinsky-slika-na-platnu-600x479.jpg 600w, https:\/\/svetslik.si\/wp-content\/uploads\/2021\/12\/Vasiliy-Kandinsky-slika-na-platnu-scaled-1200x959.jpg 1200w, https:\/\/svetslik.si\/wp-content\/uploads\/2021\/12\/Vasiliy-Kandinsky-slika-na-platnu-300x240.jpg 300w, https:\/\/svetslik.si\/wp-content\/uploads\/2021\/12\/Vasiliy-Kandinsky-slika-na-platnu-1024x818.jpg 1024w, https:\/\/svetslik.si\/wp-content\/uploads\/2021\/12\/Vasiliy-Kandinsky-slika-na-platnu-768x614.jpg 768w, https:\/\/svetslik.si\/wp-content\/uploads\/2021\/12\/Vasiliy-Kandinsky-slika-na-platnu-1536x1227.jpg 1536w, https:\/\/svetslik.si\/wp-content\/uploads\/2021\/12\/Vasiliy-Kandinsky-slika-na-platnu-2048x1637.jpg 2048w, https:\/\/svetslik.si\/wp-content\/uploads\/2021\/12\/Vasiliy-Kandinsky-slika-na-platnu-150x120.jpg 150w, https:\/\/svetslik.si\/wp-content\/uploads\/2021\/12\/Vasiliy-Kandinsky-slika-na-platnu-1320x1055.jpg 1320w, https:\/\/svetslik.si\/wp-content\/uploads\/2021\/12\/Vasiliy-Kandinsky-slika-na-platnu-900x719.jpg 900w\" sizes=\"(max-width: 2560px) 100vw, 2560px\" \/>\t\t\t\t<\/div>\n\t\t\t\t\t\t\t\t\t\t\t<\/div>\n\t<\/div>\n  [\/vc_column][\/vc_row][vc_row css=&#8221;.vc_custom_1640164050364{margin-bottom: 20px !important;}&#8221;][vc_column]\t<div class=\"et-image-330 et-image  full   et_image_link\">\n\t\t<div class=\"et-image-inner \">\n\t\t\t\t\t\t\t<div class=\"et-image-thumb \">\n\t\t\t\t\t<img decoding=\"async\" width=\"2560\" height=\"1441\" src=\"https:\/\/svetslik.si\/wp-content\/uploads\/2021\/09\/Vasiliy-Kandinsky-composition-VI-slika-na-platnu-rocno-naslikana-reprodukcija-stenske-slike-scaled.jpg\" class=\"attachment-full\" alt=\"Vasiliy Kandinsky - Composition VI (Komposition VI) Gem\u00e4lde, Leinwandbilder\" title=\"Vasiliy Kandinsky - Composition VI (Komposition VI) Gem\u00e4lde, Leinwandbilder\" srcset=\"https:\/\/svetslik.si\/wp-content\/uploads\/2021\/09\/Vasiliy-Kandinsky-composition-VI-slika-na-platnu-rocno-naslikana-reprodukcija-stenske-slike-scaled.jpg 2560w, https:\/\/svetslik.si\/wp-content\/uploads\/2021\/09\/Vasiliy-Kandinsky-composition-VI-slika-na-platnu-rocno-naslikana-reprodukcija-stenske-slike-600x338.jpg 600w, https:\/\/svetslik.si\/wp-content\/uploads\/2021\/09\/Vasiliy-Kandinsky-composition-VI-slika-na-platnu-rocno-naslikana-reprodukcija-stenske-slike-scaled-1200x675.jpg 1200w, https:\/\/svetslik.si\/wp-content\/uploads\/2021\/09\/Vasiliy-Kandinsky-composition-VI-slika-na-platnu-rocno-naslikana-reprodukcija-stenske-slike-300x169.jpg 300w, https:\/\/svetslik.si\/wp-content\/uploads\/2021\/09\/Vasiliy-Kandinsky-composition-VI-slika-na-platnu-rocno-naslikana-reprodukcija-stenske-slike-1024x577.jpg 1024w, https:\/\/svetslik.si\/wp-content\/uploads\/2021\/09\/Vasiliy-Kandinsky-composition-VI-slika-na-platnu-rocno-naslikana-reprodukcija-stenske-slike-768x432.jpg 768w, https:\/\/svetslik.si\/wp-content\/uploads\/2021\/09\/Vasiliy-Kandinsky-composition-VI-slika-na-platnu-rocno-naslikana-reprodukcija-stenske-slike-1536x865.jpg 1536w, https:\/\/svetslik.si\/wp-content\/uploads\/2021\/09\/Vasiliy-Kandinsky-composition-VI-slika-na-platnu-rocno-naslikana-reprodukcija-stenske-slike-2048x1153.jpg 2048w, https:\/\/svetslik.si\/wp-content\/uploads\/2021\/09\/Vasiliy-Kandinsky-composition-VI-slika-na-platnu-rocno-naslikana-reprodukcija-stenske-slike-150x84.jpg 150w, https:\/\/svetslik.si\/wp-content\/uploads\/2021\/09\/Vasiliy-Kandinsky-composition-VI-slika-na-platnu-rocno-naslikana-reprodukcija-stenske-slike-1320x743.jpg 1320w, https:\/\/svetslik.si\/wp-content\/uploads\/2021\/09\/Vasiliy-Kandinsky-composition-VI-slika-na-platnu-rocno-naslikana-reprodukcija-stenske-slike-900x507.jpg 900w\" sizes=\"(max-width: 2560px) 100vw, 2560px\" \/>\t\t\t\t<\/div>\n\t\t\t\t\t\t\t\t\t\t\t<\/div>\n\t<\/div>\n  [\/vc_column][\/vc_row][vc_row css=&#8221;.vc_custom_1640164050364{margin-bottom: 20px !important;}&#8221;][vc_column]\t<div class=\"et-image-651 et-image  full   et_image_link\">\n\t\t<div class=\"et-image-inner \">\n\t\t\t\t\t\t\t<div class=\"et-image-thumb \">\n\t\t\t\t\t<img decoding=\"async\" width=\"1600\" height=\"900\" src=\"https:\/\/svetslik.si\/wp-content\/uploads\/2021\/09\/Vasiliy-Kandinsky-composition-VI-slika-na-platnu-rocno-naslikana-reprodukcija-stenske-slike-1.jpg\" class=\"attachment-full\" alt=\"Vasiliy Kandinsky - Composition VI (Komposition VI)\" title=\"Vasiliy Kandinsky - Composition VI (Komposition VI)\" srcset=\"https:\/\/svetslik.si\/wp-content\/uploads\/2021\/09\/Vasiliy-Kandinsky-composition-VI-slika-na-platnu-rocno-naslikana-reprodukcija-stenske-slike-1.jpg 1600w, https:\/\/svetslik.si\/wp-content\/uploads\/2021\/09\/Vasiliy-Kandinsky-composition-VI-slika-na-platnu-rocno-naslikana-reprodukcija-stenske-slike-1-600x338.jpg 600w, https:\/\/svetslik.si\/wp-content\/uploads\/2021\/09\/Vasiliy-Kandinsky-composition-VI-slika-na-platnu-rocno-naslikana-reprodukcija-stenske-slike-1-1200x675.jpg 1200w, https:\/\/svetslik.si\/wp-content\/uploads\/2021\/09\/Vasiliy-Kandinsky-composition-VI-slika-na-platnu-rocno-naslikana-reprodukcija-stenske-slike-1-300x169.jpg 300w, https:\/\/svetslik.si\/wp-content\/uploads\/2021\/09\/Vasiliy-Kandinsky-composition-VI-slika-na-platnu-rocno-naslikana-reprodukcija-stenske-slike-1-1024x576.jpg 1024w, https:\/\/svetslik.si\/wp-content\/uploads\/2021\/09\/Vasiliy-Kandinsky-composition-VI-slika-na-platnu-rocno-naslikana-reprodukcija-stenske-slike-1-768x432.jpg 768w, https:\/\/svetslik.si\/wp-content\/uploads\/2021\/09\/Vasiliy-Kandinsky-composition-VI-slika-na-platnu-rocno-naslikana-reprodukcija-stenske-slike-1-1536x864.jpg 1536w, https:\/\/svetslik.si\/wp-content\/uploads\/2021\/09\/Vasiliy-Kandinsky-composition-VI-slika-na-platnu-rocno-naslikana-reprodukcija-stenske-slike-1-150x84.jpg 150w, https:\/\/svetslik.si\/wp-content\/uploads\/2021\/09\/Vasiliy-Kandinsky-composition-VI-slika-na-platnu-rocno-naslikana-reprodukcija-stenske-slike-1-1320x743.jpg 1320w, https:\/\/svetslik.si\/wp-content\/uploads\/2021\/09\/Vasiliy-Kandinsky-composition-VI-slika-na-platnu-rocno-naslikana-reprodukcija-stenske-slike-1-900x506.jpg 900w\" sizes=\"(max-width: 1600px) 100vw, 1600px\" \/>\t\t\t\t<\/div>\n\t\t\t\t\t\t\t\t\t\t\t<\/div>\n\t<\/div>\n  [\/vc_column][\/vc_row][vc_row css=&#8221;.vc_custom_1640164050364{margin-bottom: 20px !important;}&#8221;][vc_column]\t<div class=\"et-image-545 et-image  full   et_image_link\">\n\t\t<div class=\"et-image-inner \">\n\t\t\t\t\t\t\t<div class=\"et-image-thumb \">\n\t\t\t\t\t<img decoding=\"async\" width=\"2560\" height=\"1920\" src=\"https:\/\/svetslik.si\/wp-content\/uploads\/2021\/09\/Vasiliy-Kandinsky-composition-VI-slika-na-platnu-rocno-naslikana-reprodukcija-stenske-slike-13-scaled.jpg\" class=\"attachment-full\" alt=\"Vasiliy Kandinsky - Composition VI (Komposition VI)\" title=\"Vasiliy Kandinsky - Composition VI (Komposition VI)\" srcset=\"https:\/\/svetslik.si\/wp-content\/uploads\/2021\/09\/Vasiliy-Kandinsky-composition-VI-slika-na-platnu-rocno-naslikana-reprodukcija-stenske-slike-13-scaled.jpg 2560w, https:\/\/svetslik.si\/wp-content\/uploads\/2021\/09\/Vasiliy-Kandinsky-composition-VI-slika-na-platnu-rocno-naslikana-reprodukcija-stenske-slike-13-600x450.jpg 600w, https:\/\/svetslik.si\/wp-content\/uploads\/2021\/09\/Vasiliy-Kandinsky-composition-VI-slika-na-platnu-rocno-naslikana-reprodukcija-stenske-slike-13-scaled-1200x900.jpg 1200w, https:\/\/svetslik.si\/wp-content\/uploads\/2021\/09\/Vasiliy-Kandinsky-composition-VI-slika-na-platnu-rocno-naslikana-reprodukcija-stenske-slike-13-300x225.jpg 300w, https:\/\/svetslik.si\/wp-content\/uploads\/2021\/09\/Vasiliy-Kandinsky-composition-VI-slika-na-platnu-rocno-naslikana-reprodukcija-stenske-slike-13-1024x768.jpg 1024w, https:\/\/svetslik.si\/wp-content\/uploads\/2021\/09\/Vasiliy-Kandinsky-composition-VI-slika-na-platnu-rocno-naslikana-reprodukcija-stenske-slike-13-768x576.jpg 768w, https:\/\/svetslik.si\/wp-content\/uploads\/2021\/09\/Vasiliy-Kandinsky-composition-VI-slika-na-platnu-rocno-naslikana-reprodukcija-stenske-slike-13-1536x1152.jpg 1536w, https:\/\/svetslik.si\/wp-content\/uploads\/2021\/09\/Vasiliy-Kandinsky-composition-VI-slika-na-platnu-rocno-naslikana-reprodukcija-stenske-slike-13-2048x1536.jpg 2048w, https:\/\/svetslik.si\/wp-content\/uploads\/2021\/09\/Vasiliy-Kandinsky-composition-VI-slika-na-platnu-rocno-naslikana-reprodukcija-stenske-slike-13-150x113.jpg 150w, https:\/\/svetslik.si\/wp-content\/uploads\/2021\/09\/Vasiliy-Kandinsky-composition-VI-slika-na-platnu-rocno-naslikana-reprodukcija-stenske-slike-13-1320x990.jpg 1320w, https:\/\/svetslik.si\/wp-content\/uploads\/2021\/09\/Vasiliy-Kandinsky-composition-VI-slika-na-platnu-rocno-naslikana-reprodukcija-stenske-slike-13-900x675.jpg 900w\" sizes=\"(max-width: 2560px) 100vw, 2560px\" \/>\t\t\t\t<\/div>\n\t\t\t\t\t\t\t\t\t\t\t<\/div>\n\t<\/div>\n  [\/vc_column][\/vc_row][vc_row][vc_column][vc_column_text]Wassili Kandinsky war ein in Russland geborener Maler, Grafiker und Kunsttheoretiker, der als einer der Pioniere gilt der abstrakten Kunst. der Kunst. Eines seiner ber\u00fchmtesten Werke ist \u201eComposition VI\u201c, das 1913 entstand und derzeit im Solomon R. Guggenheim Museum in New York aufbewahrt wird.<\/p>\n<p>Das Gem\u00e4lde ist ein hervorragendes Beispiel f\u00fcr Kandinskys reifen Stil, der sich durch eine dynamische Komposition, eine k\u00fchne Farbwahl und abstrakte Formen auszeichnet. Das Gem\u00e4lde besteht aus einer Reihe rotierender, ineinander verschlungener Formen und Linien, die in Bewegung zu sein scheinen. Die Farbpalette wird von Blau-, Gelb- und Rott\u00f6nen dominiert, die in einer harmonischen Balance angeordnet sind.<\/p>\n<p>Einer der auff\u00e4lligsten Aspekte des Gem\u00e4ldes \u201eKomposition VI\u201c ist die Art und Weise, wie Kandinsky Linien und Farben einsetzte, um dem Gem\u00e4lde ein Gef\u00fchl von Bewegung und Energie zu verleihen. Die Linien sind kr\u00e4ftig und dynamisch, scheinen sich st\u00e4ndig zu ver\u00e4ndern und erzeugen ein Gef\u00fchl von Bewegung und Spannung. Auch Farbe wird kraftvoll eingesetzt, da Kandinsky warme und k\u00fchle T\u00f6ne kontrastiert, um ein Gef\u00fchl von Tiefe und Bewegung zu erzeugen.<\/p>\n<p>Bemerkenswert ist auch Kandinskys Verwendung der Abstraktion in diesem Gem\u00e4lde. Mit der Abstraktion schuf er ein Bild, das nicht einen bestimmten Gegenstand oder eine bestimmte Szene darstellt, sondern mithilfe von Formen und Farben eine emotionale Reaktion beim Betrachter hervorruft. Er glaubte, dass Kunst ein Mittel zur Kommunikation von Emotionen und nicht nur zur Darstellung der physischen Welt sein sollte.<\/p>\n<p>\u201eKomposition VI\u201c gilt als eines der wichtigsten und wegweisendsten Werke Kandinskys, da es einen Wendepunkt in seiner Karriere darstellt, als er die Abstraktion vollst\u00e4ndig zu seiner k\u00fcnstlerischen Sprache machte. Das Gem\u00e4lde wird auch heute noch weithin bewundert und studiert und ist weiterhin eine Inspirationsquelle f\u00fcr viele zeitgen\u00f6ssische K\u00fcnstler.<\/p>\n<p>Das Solomon R. Guggenheim Museum in New York ist ein Muss f\u00fcr Kunstliebhaber und beherbergt viele weitere Meisterwerke von Kandinsky und anderen K\u00fcnstlern aus dem fr\u00fchen 20. Jahrhundert. Die st\u00e4ndige Sammlung des Museums zeigt Kunstwerke der impressionistischen, postimpressionistischen, modernen und zeitgen\u00f6ssischen Str\u00f6mungen und ist ein gro\u00dfartiger Ort, um mehr \u00fcber Kandinskys Leben und Werk zu erfahren.[\/vc_column_text][\/vc_column][\/vc_row]\n<\/div>","protected":false},"excerpt":{"rendered":"<p>[vc_row][vc_column][vc_column_text] Wassily Kandinsky \u2013 Komposition VI &nbsp; Jahr der Entstehung des Wandgem\u00e4ldes: 1913 Originalgr\u00f6\u00dfe: 300 cm x 195 cm Lackstil: Abstrakte Kunst Originaltechnik: \u00d6l auf Leinwand Standort: Eremitage, Sankt Petersburg [\/vc_column_text][\/vc_column][\/vc_row][vc_row css=&#8221;.vc_custom_1640164050364{margin-bottom: 20px !important;}&#8221;][vc_column][\/vc_column][\/vc_row][vc_row css=&#8221;.vc_custom_1640164050364{margin-bottom: 20px !important;}&#8221;][vc_column][\/vc_column][\/vc_row][vc_row css=&#8221;.vc_custom_1640164050364{margin-bottom: 20px !important;}&#8221;][vc_column][\/vc_column][\/vc_row][vc_row css=&#8221;.vc_custom_1640164050364{margin-bottom: 20px !important;}&#8221;][vc_column][\/vc_column][\/vc_row][vc_row][vc_column][vc_column_text]Wassili Kandinsky war ein in Russland geborener Maler, [&hellip;]<\/p>\n","protected":false},"featured_media":63462,"template":"","meta":{"_acf_changed":false},"product_brand":[],"product_cat":[8467],"product_tag":[8491,8492,8521,8513,8514],"class_list":{"0":"post-67154","1":"product","2":"type-product","3":"status-publish","4":"has-post-thumbnail","6":"product_cat-vasilij-kandinski-de","7":"product_tag-kandinski-de","8":"product_tag-kandinsky-de","9":"product_tag-maler","10":"product_tag-reproduktion","11":"product_tag-reproduktionen","12":"pa_dimenzija-120-x-80-cm","13":"pa_dimenzija-150-x-100-cm","14":"pa_dimenzija-190-x-120-cm","15":"pa_dimenzija-220-x-140-cm","16":"pa_dimenzija-250-x-160-cm","17":"pa_dimenzija-300-x-195-cm","18":"pa_dimenzija-70-x-50-cm","19":"pa_dimenzija-90-x-60-cm","20":"pa_oblika-horizontal-de","21":"pa_okvir-ohne-rahmen","22":"pa_podokvir-ja","23":"pa_podokvir-nein","25":"first","26":"onbackorder","27":"purchasable","28":"product-type-variable","29":"has-default-attributes"},"acf":[],"yoast_head":"<!-- This site is optimized with the Yoast SEO Premium plugin v26.0 (Yoast SEO v27.2) - https:\/\/yoast.com\/product\/yoast-seo-premium-wordpress\/ -->\n<title>Vasilij Kandinski - Composition VI - SVETSLIK.SI - 100% handgemalt<\/title>\n<meta name=\"description\" content=\"Vasilij Kandinski - Composition VI - 100% handgemalte Gem\u00e4lde - Verkauf von Reproduktionen ber\u00fchmter Gem\u00e4lde und abstrakter Kunst - Wandbilder f\u00fcr das Wohnzimmer\" \/>\n<meta name=\"robots\" content=\"index, follow, max-snippet:-1, max-image-preview:large, max-video-preview:-1\" \/>\n<link rel=\"canonical\" href=\"https:\/\/svetslik.si\/de\/vasilij-kandinski-de\/composition-vi\/\" \/>\n<meta property=\"og:locale\" content=\"de_DE\" \/>\n<meta property=\"og:type\" content=\"article\" \/>\n<meta property=\"og:title\" content=\"Vasilij Kandinski - Composition VI\" \/>\n<meta property=\"og:description\" content=\"100% ro\u010dno naslikane slike na platnu, reprodukcije znanih slikarjev in umetni\u0161ke slike po naro\u010dilu.\" \/>\n<meta property=\"og:url\" content=\"https:\/\/svetslik.si\/de\/vasilij-kandinski-de\/composition-vi\/\" \/>\n<meta property=\"og:site_name\" content=\"SVETSLIK.SI\" \/>\n<meta property=\"article:publisher\" content=\"https:\/\/www.facebook.com\/svetslik.si\" \/>\n<meta property=\"article:modified_time\" content=\"2026-03-22T18:45:36+00:00\" \/>\n<meta property=\"og:image\" content=\"https:\/\/svetslik.si\/wp-content\/uploads\/2021\/08\/image_Composition-VI_680.jpg\" \/>\n\t<meta property=\"og:image:width\" content=\"1132\" \/>\n\t<meta property=\"og:image:height\" content=\"745\" \/>\n\t<meta property=\"og:image:type\" content=\"image\/jpeg\" \/>\n<meta name=\"twitter:card\" content=\"summary_large_image\" \/>\n<meta name=\"twitter:site\" content=\"@svetslik\" \/>\n<meta name=\"twitter:label1\" content=\"Verf\u00fcgbarkeit\" \/>\n\t<meta name=\"twitter:data1\" content=\"bei Nachbestellung\" \/>\n<script type=\"application\/ld+json\" class=\"yoast-schema-graph\">{\"@context\":\"https:\/\/schema.org\",\"@graph\":[{\"@type\":[\"WebPage\",\"ItemPage\"],\"@id\":\"https:\/\/svetslik.si\/de\/vasilij-kandinski-de\/composition-vi\/\",\"url\":\"https:\/\/svetslik.si\/de\/vasilij-kandinski-de\/composition-vi\/\",\"name\":\"Vasilij Kandinski - Composition VI - SVETSLIK.SI - 100% handgemalt\",\"isPartOf\":{\"@id\":\"https:\/\/svetslik.si\/de\/#website\"},\"primaryImageOfPage\":{\"@id\":\"https:\/\/svetslik.si\/de\/vasilij-kandinski-de\/composition-vi\/#primaryimage\"},\"image\":{\"@id\":\"https:\/\/svetslik.si\/de\/vasilij-kandinski-de\/composition-vi\/#primaryimage\"},\"thumbnailUrl\":\"https:\/\/svetslik.si\/wp-content\/uploads\/2021\/08\/image_Composition-VI_680.jpg\",\"datePublished\":\"2021-09-02T15:49:51+00:00\",\"dateModified\":\"2026-03-22T18:45:36+00:00\",\"description\":\"Vasilij Kandinski - Composition VI - 100% handgemalte Gem\u00e4lde - Verkauf von Reproduktionen ber\u00fchmter Gem\u00e4lde und abstrakter Kunst - Wandbilder f\u00fcr das Wohnzimmer\",\"breadcrumb\":{\"@id\":\"https:\/\/svetslik.si\/de\/vasilij-kandinski-de\/composition-vi\/#breadcrumb\"},\"inLanguage\":\"de\",\"potentialAction\":[{\"@type\":\"ReadAction\",\"target\":[\"https:\/\/svetslik.si\/de\/vasilij-kandinski-de\/composition-vi\/\"]}]},{\"@type\":\"ImageObject\",\"inLanguage\":\"de\",\"@id\":\"https:\/\/svetslik.si\/de\/vasilij-kandinski-de\/composition-vi\/#primaryimage\",\"url\":\"https:\/\/svetslik.si\/wp-content\/uploads\/2021\/08\/image_Composition-VI_680.jpg\",\"contentUrl\":\"https:\/\/svetslik.si\/wp-content\/uploads\/2021\/08\/image_Composition-VI_680.jpg\",\"width\":1132,\"height\":745,\"caption\":\"Vasilij Kandinski - Composition VII (Komposition VII) Gem\u00e4lde, Leinwandbilder - 100% handgemalte, Reproduktionen ber\u00fchmter Gem\u00e4lde, Gem\u00e4lde kaufen, Wandbilder Wohnzimmer, ber\u00fchmtes Gem\u00e4lde, \u00d6lgem\u00e4lde, Bilderrahmen\"},{\"@type\":\"BreadcrumbList\",\"@id\":\"https:\/\/svetslik.si\/de\/vasilij-kandinski-de\/composition-vi\/#breadcrumb\",\"itemListElement\":[{\"@type\":\"ListItem\",\"position\":1,\"name\":\"Wandkunst und Gem\u00e4lde auf Leinwand\",\"item\":\"https:\/\/svetslik.si\/de\/\"},{\"@type\":\"ListItem\",\"position\":2,\"name\":\"Verkauf von Gem\u00e4lden\",\"item\":\"https:\/\/svetslik.si\/prodaja-slik\/\"},{\"@type\":\"ListItem\",\"position\":3,\"name\":\"Vasilij Kandinski &#8211; Composition VI\"}]},{\"@type\":\"WebSite\",\"@id\":\"https:\/\/svetslik.si\/de\/#website\",\"url\":\"https:\/\/svetslik.si\/de\/\",\"name\":\"SVETSLIK.SI\",\"description\":\"100% handgemalte Reproduktionen von Gem\u00e4lden ber\u00fchmter Maler und Gem\u00e4lde auf Leinwand.\",\"publisher\":{\"@id\":\"https:\/\/svetslik.si\/de\/#organization\"},\"potentialAction\":[{\"@type\":\"SearchAction\",\"target\":{\"@type\":\"EntryPoint\",\"urlTemplate\":\"https:\/\/svetslik.si\/de\/?s={search_term_string}\"},\"query-input\":{\"@type\":\"PropertyValueSpecification\",\"valueRequired\":true,\"valueName\":\"search_term_string\"}}],\"inLanguage\":\"de\"},{\"@type\":\"Organization\",\"@id\":\"https:\/\/svetslik.si\/de\/#organization\",\"name\":\"SvetSlik.si\",\"url\":\"https:\/\/svetslik.si\/de\/\",\"logo\":{\"@type\":\"ImageObject\",\"inLanguage\":\"de\",\"@id\":\"https:\/\/svetslik.si\/de\/#\/schema\/logo\/image\/\",\"url\":\"https:\/\/svetslik.si\/wp-content\/uploads\/2020\/12\/logo-512.png\",\"contentUrl\":\"https:\/\/svetslik.si\/wp-content\/uploads\/2020\/12\/logo-512.png\",\"width\":512,\"height\":512,\"caption\":\"SvetSlik.si\"},\"image\":{\"@id\":\"https:\/\/svetslik.si\/de\/#\/schema\/logo\/image\/\"},\"sameAs\":[\"https:\/\/www.facebook.com\/svetslik.si\",\"https:\/\/x.com\/svetslik\",\"https:\/\/www.instagram.com\/svetslik.si\/\",\"https:\/\/www.linkedin.com\/company\/svetslik-si\"]}]}<\/script>\n<meta property=\"og:availability\" content=\"backorder\" \/>\n<meta property=\"product:availability\" content=\"available for order\" \/>\n<meta property=\"product:retailer_item_id\" content=\"211__\" \/>\n<meta property=\"product:condition\" content=\"new\" \/>\n<!-- \/ Yoast SEO Premium plugin. -->","yoast_head_json":{"title":"Vasilij Kandinski - Composition VI - SVETSLIK.SI - 100% handgemalt","description":"Vasilij Kandinski - Composition VI - 100% handgemalte Gem\u00e4lde - Verkauf von Reproduktionen ber\u00fchmter Gem\u00e4lde und abstrakter Kunst - Wandbilder f\u00fcr das Wohnzimmer","robots":{"index":"index","follow":"follow","max-snippet":"max-snippet:-1","max-image-preview":"max-image-preview:large","max-video-preview":"max-video-preview:-1"},"canonical":"https:\/\/svetslik.si\/de\/vasilij-kandinski-de\/composition-vi\/","og_locale":"de_DE","og_type":"article","og_title":"Vasilij Kandinski - Composition VI","og_description":"100% ro\u010dno naslikane slike na platnu, reprodukcije znanih slikarjev in umetni\u0161ke slike po naro\u010dilu.","og_url":"https:\/\/svetslik.si\/de\/vasilij-kandinski-de\/composition-vi\/","og_site_name":"SVETSLIK.SI","article_publisher":"https:\/\/www.facebook.com\/svetslik.si","article_modified_time":"2026-03-22T18:45:36+00:00","og_image":[{"width":1132,"height":745,"url":"https:\/\/svetslik.si\/wp-content\/uploads\/2021\/08\/image_Composition-VI_680.jpg","type":"image\/jpeg"}],"twitter_card":"summary_large_image","twitter_site":"@svetslik","twitter_misc":{"Verf\u00fcgbarkeit":"bei Nachbestellung"},"schema":{"@context":"https:\/\/schema.org","@graph":[{"@type":["WebPage","ItemPage"],"@id":"https:\/\/svetslik.si\/de\/vasilij-kandinski-de\/composition-vi\/","url":"https:\/\/svetslik.si\/de\/vasilij-kandinski-de\/composition-vi\/","name":"Vasilij Kandinski - Composition VI - SVETSLIK.SI - 100% handgemalt","isPartOf":{"@id":"https:\/\/svetslik.si\/de\/#website"},"primaryImageOfPage":{"@id":"https:\/\/svetslik.si\/de\/vasilij-kandinski-de\/composition-vi\/#primaryimage"},"image":{"@id":"https:\/\/svetslik.si\/de\/vasilij-kandinski-de\/composition-vi\/#primaryimage"},"thumbnailUrl":"https:\/\/svetslik.si\/wp-content\/uploads\/2021\/08\/image_Composition-VI_680.jpg","datePublished":"2021-09-02T15:49:51+00:00","dateModified":"2026-03-22T18:45:36+00:00","description":"Vasilij Kandinski - Composition VI - 100% handgemalte Gem\u00e4lde - Verkauf von Reproduktionen ber\u00fchmter Gem\u00e4lde und abstrakter Kunst - Wandbilder f\u00fcr das Wohnzimmer","breadcrumb":{"@id":"https:\/\/svetslik.si\/de\/vasilij-kandinski-de\/composition-vi\/#breadcrumb"},"inLanguage":"de","potentialAction":[{"@type":"ReadAction","target":["https:\/\/svetslik.si\/de\/vasilij-kandinski-de\/composition-vi\/"]}]},{"@type":"ImageObject","inLanguage":"de","@id":"https:\/\/svetslik.si\/de\/vasilij-kandinski-de\/composition-vi\/#primaryimage","url":"https:\/\/svetslik.si\/wp-content\/uploads\/2021\/08\/image_Composition-VI_680.jpg","contentUrl":"https:\/\/svetslik.si\/wp-content\/uploads\/2021\/08\/image_Composition-VI_680.jpg","width":1132,"height":745,"caption":"Vasilij Kandinski - Composition VII (Komposition VII) Gem\u00e4lde, Leinwandbilder - 100% handgemalte, Reproduktionen ber\u00fchmter Gem\u00e4lde, Gem\u00e4lde kaufen, Wandbilder Wohnzimmer, ber\u00fchmtes Gem\u00e4lde, \u00d6lgem\u00e4lde, Bilderrahmen"},{"@type":"BreadcrumbList","@id":"https:\/\/svetslik.si\/de\/vasilij-kandinski-de\/composition-vi\/#breadcrumb","itemListElement":[{"@type":"ListItem","position":1,"name":"Wandkunst und Gem\u00e4lde auf Leinwand","item":"https:\/\/svetslik.si\/de\/"},{"@type":"ListItem","position":2,"name":"Verkauf von Gem\u00e4lden","item":"https:\/\/svetslik.si\/prodaja-slik\/"},{"@type":"ListItem","position":3,"name":"Vasilij Kandinski &#8211; Composition VI"}]},{"@type":"WebSite","@id":"https:\/\/svetslik.si\/de\/#website","url":"https:\/\/svetslik.si\/de\/","name":"SVETSLIK.SI","description":"100% handgemalte Reproduktionen von Gem\u00e4lden ber\u00fchmter Maler und Gem\u00e4lde auf Leinwand.","publisher":{"@id":"https:\/\/svetslik.si\/de\/#organization"},"potentialAction":[{"@type":"SearchAction","target":{"@type":"EntryPoint","urlTemplate":"https:\/\/svetslik.si\/de\/?s={search_term_string}"},"query-input":{"@type":"PropertyValueSpecification","valueRequired":true,"valueName":"search_term_string"}}],"inLanguage":"de"},{"@type":"Organization","@id":"https:\/\/svetslik.si\/de\/#organization","name":"SvetSlik.si","url":"https:\/\/svetslik.si\/de\/","logo":{"@type":"ImageObject","inLanguage":"de","@id":"https:\/\/svetslik.si\/de\/#\/schema\/logo\/image\/","url":"https:\/\/svetslik.si\/wp-content\/uploads\/2020\/12\/logo-512.png","contentUrl":"https:\/\/svetslik.si\/wp-content\/uploads\/2020\/12\/logo-512.png","width":512,"height":512,"caption":"SvetSlik.si"},"image":{"@id":"https:\/\/svetslik.si\/de\/#\/schema\/logo\/image\/"},"sameAs":["https:\/\/www.facebook.com\/svetslik.si","https:\/\/x.com\/svetslik","https:\/\/www.instagram.com\/svetslik.si\/","https:\/\/www.linkedin.com\/company\/svetslik-si"]}]},"og_availability":"backorder","product_availability":"available for order","product_retailer_item_id":"211__","product_condition":"new"},"jetpack_sharing_enabled":true,"_links":{"self":[{"href":"https:\/\/svetslik.si\/de\/wp-json\/wp\/v2\/product\/67154","targetHints":{"allow":["GET"]}}],"collection":[{"href":"https:\/\/svetslik.si\/de\/wp-json\/wp\/v2\/product"}],"about":[{"href":"https:\/\/svetslik.si\/de\/wp-json\/wp\/v2\/types\/product"}],"wp:featuredmedia":[{"embeddable":true,"href":"https:\/\/svetslik.si\/de\/wp-json\/wp\/v2\/media\/63462"}],"wp:attachment":[{"href":"https:\/\/svetslik.si\/de\/wp-json\/wp\/v2\/media?parent=67154"}],"wp:term":[{"taxonomy":"product_brand","embeddable":true,"href":"https:\/\/svetslik.si\/de\/wp-json\/wp\/v2\/product_brand?post=67154"},{"taxonomy":"product_cat","embeddable":true,"href":"https:\/\/svetslik.si\/de\/wp-json\/wp\/v2\/product_cat?post=67154"},{"taxonomy":"product_tag","embeddable":true,"href":"https:\/\/svetslik.si\/de\/wp-json\/wp\/v2\/product_tag?post=67154"}],"curies":[{"name":"wp","href":"https:\/\/api.w.org\/{rel}","templated":true}]}}