{"id":67198,"date":"2021-09-02T17:50:09","date_gmt":"2021-09-02T15:50:09","guid":{"rendered":"https:\/\/svetslik.si\/unkategorisiert\/arearea-joyousness\/"},"modified":"2026-03-22T19:46:26","modified_gmt":"2026-03-22T18:46:26","slug":"arearea-joyousness","status":"publish","type":"product","link":"https:\/\/svetslik.si\/de\/paul-gauguin-de\/arearea-joyousness\/","title":{"rendered":"Paul Gauguin &#8211; Arearea (Joyousness) &#8211; The Pastoral of Tahiti"},"content":{"rendered":"<h1>Paul Gauguin \u2013 Arearea (Freude) \u2013 <strong>Die Pastoral von Tahiti<\/strong><\/h1>\n<p>&nbsp;<\/p>\n<table style=\"width: 619px\" border=\"0\" width=\"619\" cellpadding=\"0\">\n<tbody>\n<tr>\n<td id=\"fileinfotpl_art_location\" style=\"width: 180px;height: 21px\" height=\"21\">Erstellungsjahr:<\/td>\n<td style=\"width: 439px\">1892<\/td>\n<\/tr>\n<tr>\n<td style=\"width: 180px;height: 21px\" height=\"21\">Originalgr\u00f6\u00dfe:<\/td>\n<td style=\"width: 439px\">93 cm x 75 cm<\/td>\n<\/tr>\n<tr>\n<td style=\"width: 180px;height: 21px\" height=\"21\">Lackstil:<\/td>\n<td style=\"width: 439px\">Symbolik<\/td>\n<\/tr>\n<tr>\n<td style=\"width: 180px;height: 21px\" height=\"21\">Originaltechnik:<\/td>\n<td style=\"width: 439px\">\u00d6l auf Leinwand<\/td>\n<\/tr>\n<tr>\n<td style=\"width: 180px;height: 21px\" height=\"21\">Standort:<\/td>\n<td style=\"width: 439px\">Orsay, Paris<\/td>\n<\/tr>\n<\/tbody>\n<colgroup>\n<col \/>\n<col \/> <\/colgroup>\n<\/table>\n<p>&nbsp;<\/p>\n<div>\u00d6l auf Leinwand <em>Arearea <\/em> ist typisch f\u00fcr Gauguins Gem\u00e4lde, die er w\u00e4hrend seines Aufenthalts in Tahiti schuf, in denen die Welt der Tr\u00e4ume und der Realit\u00e4t ineinander \u00fcbergehen.<\/div>\n<div>Im \u00d6l auf Leinwand <em>Arearea<\/em> stehen mehrere Motive im Vordergrund, die zweifellos aus der realen Welt stammen, wie sie in mehreren Gauguin-Gem\u00e4lden aus dieser Zeit vorkommen. Eine imagin\u00e4re Szene im Hintergrund des Gem\u00e4ldes zeigt mehrere Frauen, die die Statue verehren. Gauguin vergr\u00f6\u00dferte eine ansonsten kleine Maori-Statue auf die Gr\u00f6\u00dfe eines Buddha und erfand einen religi\u00f6sen Brauch. All diese Elemente im \u00d6l auf Leinwand bilden eine magische Welt voller Harmonie und Melancholie, in der der Mensch, der in einer luxuri\u00f6sen nat\u00fcrlichen Umgebung lebt, von Gottheiten besch\u00fctzt wird.<\/div>\n<div><\/div>\n<div>Tahiti gilt als Gauguins spirituelle Heimat und viele von Gauguins klassischen Meisterwerken sind mit Tahiti verbunden oder wurden dort geschaffen. Dieses Werk, \u201ePastoral Poem of Tahiti\u201c, schildert die idyllische Landschaft Tahitis, die traumhaft und poetisch ist. Zwei M\u00e4dchen bei der Arbeit, die eine sieht aus, als k\u00e4me sie gerade vom Waschen zur\u00fcck, die andere spielt die Hirtenpfeife, die B\u00e4ume sind voller Blumen, der Windhund liegt im Gras, alles wirkt ruhig und romantisch. Hier verwendet Gauguin eine flache Wiedergabetechnik, das Gem\u00e4lde ist voller Exotik und offenbart eine geheimnisvolle Atmosph\u00e4re, die die schlichte Sch\u00f6nheit und den dekorativen Charme orientalischer Kunst zeigt.<\/div>\n<div>\nPaul Gauguin (1848\u20131903), repr\u00e4sentativer Maler des Postimpressionismus. Gauguin wurde in Paris als Sohn eines Journalisten und der Tochter eines peruanischen Schriftstellers geboren. Gauguins Gem\u00e4lde sind aufgrund ihrer primitiven und symbolischen Tendenzen sowie ihres sogenannten \u201eSynthesestils\u201c einzigartig in der Geschichte der westlichen modernen Kunst. Gauguin war in seinen fr\u00fchen Jahren Seemann und Gesch\u00e4ftsmann. 1871 kam er nach Paris, um B\u00f6rsenmakler zu werden. In dieser Zeit begann er sich unter dem Einfluss seines Freundes Schnack f\u00fcr die Malerei zu interessieren. Im Jahr 1883 gab Gauguin, der schon immer ein Amateurmaler gewesen war, pl\u00f6tzlich seine vielversprechende und beneidenswerte Bankposition auf und beschloss, ein professioneller Maler zu werden. Er war damals 35 Jahre alt. Zun\u00e4chst war er von der impressionistischen Malerei besessen und nahm an mehreren Ausstellungen impressionistischer Malerei teil. Sp\u00e4ter verlie\u00df er, getrieben vom \u00e4sthetischen Konzept des Symbolismus, den Impressionismus, wandte sich gegen den impressionistischen Kunstanspruch der objektiven Nachbildung der Natur und pl\u00e4dierte f\u00fcr die Unterscheidung k\u00fcnstlerischer Bilder. Das objektive Bild ist zugleich voller subjektiver Gef\u00fchle des K\u00fcnstlers.<\/div>\n<div><\/div>\n","protected":false},"excerpt":{"rendered":"<p>Paul Gauguin \u2013 Arearea (Freude) \u2013 Die Pastoral von Tahiti &nbsp; Erstellungsjahr: 1892 Originalgr\u00f6\u00dfe: 93 cm x 75 cm Lackstil: Symbolik Originaltechnik: \u00d6l auf Leinwand Standort: Orsay, Paris &nbsp; \u00d6l auf Leinwand Arearea ist typisch f\u00fcr Gauguins Gem\u00e4lde, die er w\u00e4hrend seines Aufenthalts in Tahiti schuf, in denen die Welt [&hellip;]<\/p>\n","protected":false},"featured_media":63382,"template":"","meta":{"_acf_changed":false},"product_brand":[],"product_cat":[8465],"product_tag":[8488,8521,8513,8514],"class_list":{"0":"post-67198","1":"product","2":"type-product","3":"status-publish","4":"has-post-thumbnail","6":"product_cat-paul-gauguin-de","7":"product_tag-gaugin-de","8":"product_tag-maler","9":"product_tag-reproduktion","10":"product_tag-reproduktionen","11":"pa_dimenzija-100-x-80-cm-de","12":"pa_dimenzija-110-x-90-cm-de","13":"pa_dimenzija-120-x-100-cm-de","14":"pa_dimenzija-150-x-120-cm-de","15":"pa_dimenzija-180-x-140-cm-de","16":"pa_dimenzija-70-x-60-cm-de","17":"pa_dimenzija-80-x-70-cm-de","18":"pa_dimenzija-93-x-75-cm-de","19":"pa_oblika-horizontal-de","20":"pa_okvir-ohne-rahmen","21":"pa_podokvir-ja","22":"pa_podokvir-nein","24":"first","25":"onbackorder","26":"purchasable","27":"product-type-variable","28":"has-default-attributes"},"acf":[],"yoast_head":"<!-- This site is optimized with the Yoast SEO Premium plugin v26.0 (Yoast SEO v27.2) - https:\/\/yoast.com\/product\/yoast-seo-premium-wordpress\/ -->\n<title>Paul Gauguin - Arearea (Joyousness) - The Pastoral of Tahiti - SVETSLIK.SI - 100% handgemalt<\/title>\n<meta name=\"description\" content=\"Paul Gauguin - Arearea (Joyousness) - The Pastoral of Tahiti - 100% handgemalte Gem\u00e4lde - Verkauf von Reproduktionen ber\u00fchmter Gem\u00e4lde und abstrakter Kunst - Wandbilder f\u00fcr das Wohnzimmer\" \/>\n<meta name=\"robots\" content=\"index, follow, max-snippet:-1, max-image-preview:large, max-video-preview:-1\" \/>\n<link rel=\"canonical\" href=\"https:\/\/svetslik.si\/de\/paul-gauguin-de\/arearea-joyousness\/\" \/>\n<meta property=\"og:locale\" content=\"de_DE\" \/>\n<meta property=\"og:type\" content=\"article\" \/>\n<meta property=\"og:title\" content=\"Paul Gauguin - Arearea (Joyousness) - The Pastoral of Tahiti\" \/>\n<meta property=\"og:description\" content=\"100% ro\u010dno naslikane slike na platnu, reprodukcije znanih slikarjev in umetni\u0161ke slike po naro\u010dilu.\" \/>\n<meta property=\"og:url\" content=\"https:\/\/svetslik.si\/de\/paul-gauguin-de\/arearea-joyousness\/\" \/>\n<meta property=\"og:site_name\" content=\"SVETSLIK.SI\" \/>\n<meta property=\"article:publisher\" content=\"https:\/\/www.facebook.com\/svetslik.si\" \/>\n<meta property=\"article:modified_time\" content=\"2026-03-22T18:46:26+00:00\" \/>\n<meta property=\"og:image\" content=\"https:\/\/svetslik.si\/wp-content\/uploads\/2021\/08\/image_Arearea-Joyousness-Paul-Gauguin_680.jpg\" \/>\n\t<meta property=\"og:image:width\" content=\"2024\" \/>\n\t<meta property=\"og:image:height\" content=\"1603\" \/>\n\t<meta property=\"og:image:type\" content=\"image\/jpeg\" \/>\n<meta name=\"twitter:card\" content=\"summary_large_image\" \/>\n<meta name=\"twitter:site\" content=\"@svetslik\" \/>\n<meta name=\"twitter:label1\" content=\"Verf\u00fcgbarkeit\" \/>\n\t<meta name=\"twitter:data1\" content=\"bei Nachbestellung\" \/>\n<script type=\"application\/ld+json\" class=\"yoast-schema-graph\">{\"@context\":\"https:\/\/schema.org\",\"@graph\":[{\"@type\":[\"WebPage\",\"ItemPage\"],\"@id\":\"https:\/\/svetslik.si\/de\/paul-gauguin-de\/arearea-joyousness\/\",\"url\":\"https:\/\/svetslik.si\/de\/paul-gauguin-de\/arearea-joyousness\/\",\"name\":\"Paul Gauguin - Arearea (Joyousness) - The Pastoral of Tahiti - SVETSLIK.SI - 100% handgemalt\",\"isPartOf\":{\"@id\":\"https:\/\/svetslik.si\/de\/#website\"},\"primaryImageOfPage\":{\"@id\":\"https:\/\/svetslik.si\/de\/paul-gauguin-de\/arearea-joyousness\/#primaryimage\"},\"image\":{\"@id\":\"https:\/\/svetslik.si\/de\/paul-gauguin-de\/arearea-joyousness\/#primaryimage\"},\"thumbnailUrl\":\"https:\/\/svetslik.si\/wp-content\/uploads\/2021\/08\/image_Arearea-Joyousness-Paul-Gauguin_680.jpg\",\"datePublished\":\"2021-09-02T15:50:09+00:00\",\"dateModified\":\"2026-03-22T18:46:26+00:00\",\"description\":\"Paul Gauguin - Arearea (Joyousness) - The Pastoral of Tahiti - 100% handgemalte Gem\u00e4lde - Verkauf von Reproduktionen ber\u00fchmter Gem\u00e4lde und abstrakter Kunst - Wandbilder f\u00fcr das Wohnzimmer\",\"breadcrumb\":{\"@id\":\"https:\/\/svetslik.si\/de\/paul-gauguin-de\/arearea-joyousness\/#breadcrumb\"},\"inLanguage\":\"de\",\"potentialAction\":[{\"@type\":\"ReadAction\",\"target\":[\"https:\/\/svetslik.si\/de\/paul-gauguin-de\/arearea-joyousness\/\"]}]},{\"@type\":\"ImageObject\",\"inLanguage\":\"de\",\"@id\":\"https:\/\/svetslik.si\/de\/paul-gauguin-de\/arearea-joyousness\/#primaryimage\",\"url\":\"https:\/\/svetslik.si\/wp-content\/uploads\/2021\/08\/image_Arearea-Joyousness-Paul-Gauguin_680.jpg\",\"contentUrl\":\"https:\/\/svetslik.si\/wp-content\/uploads\/2021\/08\/image_Arearea-Joyousness-Paul-Gauguin_680.jpg\",\"width\":2024,\"height\":1603,\"caption\":\"Paul Gauguin - Arearea (Joyousness) - Arearea (Freude) (Gem\u00e4lde, Leinwandbilder) - 100% handgemalte, Reproduktionen ber\u00fchmter Gem\u00e4lde, Gem\u00e4lde kaufen, Wandbilder Wohnzimmer, ber\u00fchmtes Gem\u00e4lde, Bilderrahmen\"},{\"@type\":\"BreadcrumbList\",\"@id\":\"https:\/\/svetslik.si\/de\/paul-gauguin-de\/arearea-joyousness\/#breadcrumb\",\"itemListElement\":[{\"@type\":\"ListItem\",\"position\":1,\"name\":\"Wandkunst und Gem\u00e4lde auf Leinwand\",\"item\":\"https:\/\/svetslik.si\/de\/\"},{\"@type\":\"ListItem\",\"position\":2,\"name\":\"Verkauf von Gem\u00e4lden\",\"item\":\"https:\/\/svetslik.si\/prodaja-slik\/\"},{\"@type\":\"ListItem\",\"position\":3,\"name\":\"Paul Gauguin &#8211; Arearea (Joyousness) &#8211; The Pastoral of Tahiti\"}]},{\"@type\":\"WebSite\",\"@id\":\"https:\/\/svetslik.si\/de\/#website\",\"url\":\"https:\/\/svetslik.si\/de\/\",\"name\":\"SVETSLIK.SI\",\"description\":\"100% handgemalte Reproduktionen von Gem\u00e4lden ber\u00fchmter Maler und Gem\u00e4lde auf Leinwand.\",\"publisher\":{\"@id\":\"https:\/\/svetslik.si\/de\/#organization\"},\"potentialAction\":[{\"@type\":\"SearchAction\",\"target\":{\"@type\":\"EntryPoint\",\"urlTemplate\":\"https:\/\/svetslik.si\/de\/?s={search_term_string}\"},\"query-input\":{\"@type\":\"PropertyValueSpecification\",\"valueRequired\":true,\"valueName\":\"search_term_string\"}}],\"inLanguage\":\"de\"},{\"@type\":\"Organization\",\"@id\":\"https:\/\/svetslik.si\/de\/#organization\",\"name\":\"SvetSlik.si\",\"url\":\"https:\/\/svetslik.si\/de\/\",\"logo\":{\"@type\":\"ImageObject\",\"inLanguage\":\"de\",\"@id\":\"https:\/\/svetslik.si\/de\/#\/schema\/logo\/image\/\",\"url\":\"https:\/\/svetslik.si\/wp-content\/uploads\/2020\/12\/logo-512.png\",\"contentUrl\":\"https:\/\/svetslik.si\/wp-content\/uploads\/2020\/12\/logo-512.png\",\"width\":512,\"height\":512,\"caption\":\"SvetSlik.si\"},\"image\":{\"@id\":\"https:\/\/svetslik.si\/de\/#\/schema\/logo\/image\/\"},\"sameAs\":[\"https:\/\/www.facebook.com\/svetslik.si\",\"https:\/\/x.com\/svetslik\",\"https:\/\/www.instagram.com\/svetslik.si\/\",\"https:\/\/www.linkedin.com\/company\/svetslik-si\"]}]}<\/script>\n<meta property=\"og:availability\" content=\"backorder\" \/>\n<meta property=\"product:availability\" content=\"available for order\" \/>\n<meta property=\"product:retailer_item_id\" content=\"217__\" \/>\n<meta property=\"product:condition\" content=\"new\" \/>\n<!-- \/ Yoast SEO Premium plugin. -->","yoast_head_json":{"title":"Paul Gauguin - Arearea (Joyousness) - The Pastoral of Tahiti - SVETSLIK.SI - 100% handgemalt","description":"Paul Gauguin - Arearea (Joyousness) - The Pastoral of Tahiti - 100% handgemalte Gem\u00e4lde - Verkauf von Reproduktionen ber\u00fchmter Gem\u00e4lde und abstrakter Kunst - Wandbilder f\u00fcr das Wohnzimmer","robots":{"index":"index","follow":"follow","max-snippet":"max-snippet:-1","max-image-preview":"max-image-preview:large","max-video-preview":"max-video-preview:-1"},"canonical":"https:\/\/svetslik.si\/de\/paul-gauguin-de\/arearea-joyousness\/","og_locale":"de_DE","og_type":"article","og_title":"Paul Gauguin - Arearea (Joyousness) - The Pastoral of Tahiti","og_description":"100% ro\u010dno naslikane slike na platnu, reprodukcije znanih slikarjev in umetni\u0161ke slike po naro\u010dilu.","og_url":"https:\/\/svetslik.si\/de\/paul-gauguin-de\/arearea-joyousness\/","og_site_name":"SVETSLIK.SI","article_publisher":"https:\/\/www.facebook.com\/svetslik.si","article_modified_time":"2026-03-22T18:46:26+00:00","og_image":[{"width":2024,"height":1603,"url":"https:\/\/svetslik.si\/wp-content\/uploads\/2021\/08\/image_Arearea-Joyousness-Paul-Gauguin_680.jpg","type":"image\/jpeg"}],"twitter_card":"summary_large_image","twitter_site":"@svetslik","twitter_misc":{"Verf\u00fcgbarkeit":"bei Nachbestellung"},"schema":{"@context":"https:\/\/schema.org","@graph":[{"@type":["WebPage","ItemPage"],"@id":"https:\/\/svetslik.si\/de\/paul-gauguin-de\/arearea-joyousness\/","url":"https:\/\/svetslik.si\/de\/paul-gauguin-de\/arearea-joyousness\/","name":"Paul Gauguin - Arearea (Joyousness) - The Pastoral of Tahiti - SVETSLIK.SI - 100% handgemalt","isPartOf":{"@id":"https:\/\/svetslik.si\/de\/#website"},"primaryImageOfPage":{"@id":"https:\/\/svetslik.si\/de\/paul-gauguin-de\/arearea-joyousness\/#primaryimage"},"image":{"@id":"https:\/\/svetslik.si\/de\/paul-gauguin-de\/arearea-joyousness\/#primaryimage"},"thumbnailUrl":"https:\/\/svetslik.si\/wp-content\/uploads\/2021\/08\/image_Arearea-Joyousness-Paul-Gauguin_680.jpg","datePublished":"2021-09-02T15:50:09+00:00","dateModified":"2026-03-22T18:46:26+00:00","description":"Paul Gauguin - Arearea (Joyousness) - The Pastoral of Tahiti - 100% handgemalte Gem\u00e4lde - Verkauf von Reproduktionen ber\u00fchmter Gem\u00e4lde und abstrakter Kunst - Wandbilder f\u00fcr das Wohnzimmer","breadcrumb":{"@id":"https:\/\/svetslik.si\/de\/paul-gauguin-de\/arearea-joyousness\/#breadcrumb"},"inLanguage":"de","potentialAction":[{"@type":"ReadAction","target":["https:\/\/svetslik.si\/de\/paul-gauguin-de\/arearea-joyousness\/"]}]},{"@type":"ImageObject","inLanguage":"de","@id":"https:\/\/svetslik.si\/de\/paul-gauguin-de\/arearea-joyousness\/#primaryimage","url":"https:\/\/svetslik.si\/wp-content\/uploads\/2021\/08\/image_Arearea-Joyousness-Paul-Gauguin_680.jpg","contentUrl":"https:\/\/svetslik.si\/wp-content\/uploads\/2021\/08\/image_Arearea-Joyousness-Paul-Gauguin_680.jpg","width":2024,"height":1603,"caption":"Paul Gauguin - Arearea (Joyousness) - Arearea (Freude) (Gem\u00e4lde, Leinwandbilder) - 100% handgemalte, Reproduktionen ber\u00fchmter Gem\u00e4lde, Gem\u00e4lde kaufen, Wandbilder Wohnzimmer, ber\u00fchmtes Gem\u00e4lde, Bilderrahmen"},{"@type":"BreadcrumbList","@id":"https:\/\/svetslik.si\/de\/paul-gauguin-de\/arearea-joyousness\/#breadcrumb","itemListElement":[{"@type":"ListItem","position":1,"name":"Wandkunst und Gem\u00e4lde auf Leinwand","item":"https:\/\/svetslik.si\/de\/"},{"@type":"ListItem","position":2,"name":"Verkauf von Gem\u00e4lden","item":"https:\/\/svetslik.si\/prodaja-slik\/"},{"@type":"ListItem","position":3,"name":"Paul Gauguin &#8211; Arearea (Joyousness) &#8211; The Pastoral of Tahiti"}]},{"@type":"WebSite","@id":"https:\/\/svetslik.si\/de\/#website","url":"https:\/\/svetslik.si\/de\/","name":"SVETSLIK.SI","description":"100% handgemalte Reproduktionen von Gem\u00e4lden ber\u00fchmter Maler und Gem\u00e4lde auf Leinwand.","publisher":{"@id":"https:\/\/svetslik.si\/de\/#organization"},"potentialAction":[{"@type":"SearchAction","target":{"@type":"EntryPoint","urlTemplate":"https:\/\/svetslik.si\/de\/?s={search_term_string}"},"query-input":{"@type":"PropertyValueSpecification","valueRequired":true,"valueName":"search_term_string"}}],"inLanguage":"de"},{"@type":"Organization","@id":"https:\/\/svetslik.si\/de\/#organization","name":"SvetSlik.si","url":"https:\/\/svetslik.si\/de\/","logo":{"@type":"ImageObject","inLanguage":"de","@id":"https:\/\/svetslik.si\/de\/#\/schema\/logo\/image\/","url":"https:\/\/svetslik.si\/wp-content\/uploads\/2020\/12\/logo-512.png","contentUrl":"https:\/\/svetslik.si\/wp-content\/uploads\/2020\/12\/logo-512.png","width":512,"height":512,"caption":"SvetSlik.si"},"image":{"@id":"https:\/\/svetslik.si\/de\/#\/schema\/logo\/image\/"},"sameAs":["https:\/\/www.facebook.com\/svetslik.si","https:\/\/x.com\/svetslik","https:\/\/www.instagram.com\/svetslik.si\/","https:\/\/www.linkedin.com\/company\/svetslik-si"]}]},"og_availability":"backorder","product_availability":"available for order","product_retailer_item_id":"217__","product_condition":"new"},"jetpack_sharing_enabled":true,"_links":{"self":[{"href":"https:\/\/svetslik.si\/de\/wp-json\/wp\/v2\/product\/67198","targetHints":{"allow":["GET"]}}],"collection":[{"href":"https:\/\/svetslik.si\/de\/wp-json\/wp\/v2\/product"}],"about":[{"href":"https:\/\/svetslik.si\/de\/wp-json\/wp\/v2\/types\/product"}],"wp:featuredmedia":[{"embeddable":true,"href":"https:\/\/svetslik.si\/de\/wp-json\/wp\/v2\/media\/63382"}],"wp:attachment":[{"href":"https:\/\/svetslik.si\/de\/wp-json\/wp\/v2\/media?parent=67198"}],"wp:term":[{"taxonomy":"product_brand","embeddable":true,"href":"https:\/\/svetslik.si\/de\/wp-json\/wp\/v2\/product_brand?post=67198"},{"taxonomy":"product_cat","embeddable":true,"href":"https:\/\/svetslik.si\/de\/wp-json\/wp\/v2\/product_cat?post=67198"},{"taxonomy":"product_tag","embeddable":true,"href":"https:\/\/svetslik.si\/de\/wp-json\/wp\/v2\/product_tag?post=67198"}],"curies":[{"name":"wp","href":"https:\/\/api.w.org\/{rel}","templated":true}]}}