{"id":67288,"date":"2021-09-02T17:50:55","date_gmt":"2021-09-02T15:50:55","guid":{"rendered":"https:\/\/svetslik.si\/unkategorisiert\/where-do-we-come-from-what-are-we-where-are-we-going\/"},"modified":"2026-03-22T19:49:08","modified_gmt":"2026-03-22T18:49:08","slug":"where-do-we-come-from-what-are-we-where-are-we-going","status":"publish","type":"product","link":"https:\/\/svetslik.si\/de\/paul-gauguin-de\/where-do-we-come-from-what-are-we-where-are-we-going\/","title":{"rendered":"Paul Gauguin &#8211; Where Do We Come From? What Are We? Where Are We Going?"},"content":{"rendered":"<div class=\"wpb-content-wrapper\">[vc_row css=&#8221;.vc_custom_1640131920483{margin-bottom: 20px !important;}&#8221;][vc_column]\t<div class=\"et-image-95 et-image  full   et_image_link\">\n\t\t<div class=\"et-image-inner \">\n\t\t\t\t\t\t\t<div class=\"et-image-thumb \">\n\t\t\t\t\t<img decoding=\"async\" width=\"2560\" height=\"1537\" src=\"https:\/\/svetslik.si\/wp-content\/uploads\/2021\/09\/20210915_110637-scaled.jpg\" class=\"attachment-full\" alt=\"Paul Gauguin - Where Do We Come From What Are We Where Are We Going - Woher kommen wir? Wer sind wir? Wohin gehen wir?, Gem\u00e4lde, Leinwandbilder\" title=\"Paul Gauguin - Where Do We Come From What Are We Where Are We Going - Woher kommen wir? Wer sind wir? Wohin gehen wir?, Gem\u00e4lde, Leinwandbilder\" srcset=\"https:\/\/svetslik.si\/wp-content\/uploads\/2021\/09\/20210915_110637-scaled.jpg 2560w, https:\/\/svetslik.si\/wp-content\/uploads\/2021\/09\/20210915_110637-600x360.jpg 600w, https:\/\/svetslik.si\/wp-content\/uploads\/2021\/09\/20210915_110637-scaled-1200x720.jpg 1200w, https:\/\/svetslik.si\/wp-content\/uploads\/2021\/09\/20210915_110637-300x180.jpg 300w, https:\/\/svetslik.si\/wp-content\/uploads\/2021\/09\/20210915_110637-1024x615.jpg 1024w, https:\/\/svetslik.si\/wp-content\/uploads\/2021\/09\/20210915_110637-768x461.jpg 768w, https:\/\/svetslik.si\/wp-content\/uploads\/2021\/09\/20210915_110637-1536x922.jpg 1536w, https:\/\/svetslik.si\/wp-content\/uploads\/2021\/09\/20210915_110637-2048x1230.jpg 2048w, https:\/\/svetslik.si\/wp-content\/uploads\/2021\/09\/20210915_110637-150x90.jpg 150w, https:\/\/svetslik.si\/wp-content\/uploads\/2021\/09\/20210915_110637-1320x793.jpg 1320w, https:\/\/svetslik.si\/wp-content\/uploads\/2021\/09\/20210915_110637-900x540.jpg 900w\" sizes=\"(max-width: 2560px) 100vw, 2560px\" \/>\t\t\t\t<\/div>\n\t\t\t\t\t\t\t\t\t\t\t<\/div>\n\t<\/div>\n  [\/vc_column][\/vc_row][vc_row css=&#8221;.vc_custom_1640131920483{margin-bottom: 20px !important;}&#8221;][vc_column]\t<div class=\"et-image-878 et-image  full   et_image_link\">\n\t\t<div class=\"et-image-inner \">\n\t\t\t\t\t\t\t<div class=\"et-image-thumb \">\n\t\t\t\t\t<img decoding=\"async\" width=\"2560\" height=\"1465\" src=\"https:\/\/svetslik.si\/wp-content\/uploads\/2021\/12\/Paul-Gaugin-Where-Do-We-Come-From-What-Are-We-Where-Are-We-Going-slika-na-platnu-scaled.jpg\" class=\"attachment-full\" alt=\"stenska slika na platnu - Paul Gauguin - Where Do We Come From What Are We Where Are We Going\" title=\"stenska slika na platnu - Paul Gauguin - Where Do We Come From What Are We Where Are We Going\" srcset=\"https:\/\/svetslik.si\/wp-content\/uploads\/2021\/12\/Paul-Gaugin-Where-Do-We-Come-From-What-Are-We-Where-Are-We-Going-slika-na-platnu-scaled.jpg 2560w, https:\/\/svetslik.si\/wp-content\/uploads\/2021\/12\/Paul-Gaugin-Where-Do-We-Come-From-What-Are-We-Where-Are-We-Going-slika-na-platnu-600x343.jpg 600w, https:\/\/svetslik.si\/wp-content\/uploads\/2021\/12\/Paul-Gaugin-Where-Do-We-Come-From-What-Are-We-Where-Are-We-Going-slika-na-platnu-scaled-1200x687.jpg 1200w, https:\/\/svetslik.si\/wp-content\/uploads\/2021\/12\/Paul-Gaugin-Where-Do-We-Come-From-What-Are-We-Where-Are-We-Going-slika-na-platnu-300x172.jpg 300w, https:\/\/svetslik.si\/wp-content\/uploads\/2021\/12\/Paul-Gaugin-Where-Do-We-Come-From-What-Are-We-Where-Are-We-Going-slika-na-platnu-1024x586.jpg 1024w, https:\/\/svetslik.si\/wp-content\/uploads\/2021\/12\/Paul-Gaugin-Where-Do-We-Come-From-What-Are-We-Where-Are-We-Going-slika-na-platnu-768x439.jpg 768w, https:\/\/svetslik.si\/wp-content\/uploads\/2021\/12\/Paul-Gaugin-Where-Do-We-Come-From-What-Are-We-Where-Are-We-Going-slika-na-platnu-1536x879.jpg 1536w, https:\/\/svetslik.si\/wp-content\/uploads\/2021\/12\/Paul-Gaugin-Where-Do-We-Come-From-What-Are-We-Where-Are-We-Going-slika-na-platnu-2048x1172.jpg 2048w, https:\/\/svetslik.si\/wp-content\/uploads\/2021\/12\/Paul-Gaugin-Where-Do-We-Come-From-What-Are-We-Where-Are-We-Going-slika-na-platnu-150x86.jpg 150w, https:\/\/svetslik.si\/wp-content\/uploads\/2021\/12\/Paul-Gaugin-Where-Do-We-Come-From-What-Are-We-Where-Are-We-Going-slika-na-platnu-1320x755.jpg 1320w, https:\/\/svetslik.si\/wp-content\/uploads\/2021\/12\/Paul-Gaugin-Where-Do-We-Come-From-What-Are-We-Where-Are-We-Going-slika-na-platnu-900x515.jpg 900w\" sizes=\"(max-width: 2560px) 100vw, 2560px\" \/>\t\t\t\t<\/div>\n\t\t\t\t\t\t\t\t\t\t\t<\/div>\n\t<\/div>\n  [\/vc_column][\/vc_row]\n<h1>Paul Gauguin \u2013 Wo kommen wir her? Was sind wir? Wohin gehen wir?<\/h1>\n<p>&nbsp;<\/p>\n<table style=\"width: 619px;\" border=\"0\" width=\"619\" cellpadding=\"0\">\n<tbody>\n<tr>\n<td style=\"width: 180px; height: 21px;\" height=\"21\">Erstellungsjahr:<\/td>\n<td style=\"width: 439px;\">1897<\/td>\n<\/tr>\n<tr>\n<td style=\"width: 180px; height: 21px;\" height=\"21\">Originalgr\u00f6\u00dfe:<\/td>\n<td style=\"width: 439px;\">374,6 cm x 139,1 cm<\/td>\n<\/tr>\n<tr>\n<td style=\"width: 180px; height: 21px;\" height=\"21\">Lackstil:<\/td>\n<td style=\"width: 439px;\">Symbolik<\/td>\n<\/tr>\n<tr>\n<td style=\"width: 180px; height: 21px;\" height=\"21\">Originaltechnik:<\/td>\n<td style=\"width: 439px;\">\u00d6l auf Leinwand<\/td>\n<\/tr>\n<tr>\n<td style=\"width: 180px; height: 21px;\" height=\"21\">Standort:<\/td>\n<td style=\"width: 439px;\">Museum of Fine Arts, Boston<\/td>\n<\/tr>\n<\/tbody>\n<colgroup>\n<col \/>\n<col \/> <\/colgroup>\n<\/table>\n<p>&nbsp;<\/p>\n<div>\n<p>\u00d6l auf Leinwand <em>Woher kommen wir? Was sind wir? Wohin gehen wir? ist eines von Gauguins bedeutendsten Gem\u00e4lden auf Leinwand.<\/em><\/p>\n<\/div>\n<div>\n<p>Gauguin schwor, nach der Fertigstellung dieses Gem\u00e4ldes Selbstmord zu begehen \u2013 etwas, das er in der Vergangenheit versucht hatte. Nach Angaben des Autors sollte das \u00d6l auf Leinwand von rechts nach links betrachtet werden, wobei die drei Hauptfigurengruppen auf der Leinwand die Fragen darstellen, die Gauguin dem Gem\u00e4lde hinzuf\u00fcgte.<\/p>\n<\/div>\n<div>\n<p>Drei Frauen mit einem Kind stellen den Beginn des Lebens dar; die Gruppe in der Mitte symbolisiert die Existenz der Jugendjahre; und in der letzten Gruppe auf der linken Seite der Leinwand hat der K\u00fcnstler eine \u00e4ltere Frau gemalt, die sich mit dem bevorstehenden Tod abgefunden zu haben scheint und in ihre eigenen Gedanken versunken ist. Zu ihren F\u00fc\u00dfen steht ein seltsamer wei\u00dfer Vogel, der die Bedeutungslosigkeit von Worten symbolisiert. Die blaue Statuette im Hintergrund stellt das dar, was Gauguin selbst als \u201edie andere Welt\u201c bezeichnete.<\/p>\n<\/div>\n<div>\n<p>Gauguin ist f\u00fcr \u00d6l auf Leinwand <strong><em>Where Do We Come From? Was sind wir? Wohin gehen wir?<\/em><\/strong>sagte, dass es alle seine bisherigen Werke \u00fcbertreffe und dass er in Zukunft nie ein besseres Bild als dieses malen k\u00f6nne.<\/p>\n<\/div>\n<p>Es handelt sich um ein gro\u00dfformatiges \u00d6lgem\u00e4lde voller Philosophien, und nach eigenen Angaben des K\u00fcnstlers vollendete er dieses Werk mit gr\u00f6\u00dfter Begeisterung, da Gauguin zuvor durch Armut und Verzweiflung zum Selbstmord gezwungen worden war. In dieser Komposition vereint er die Fantasien von Tr\u00e4umen und die Gef\u00fchle des Lebens auf Tahiti. Die dreistufige Komposition dieses Gem\u00e4ldes arrangiert von rechts nach links drei Protagonisten, ein Baby, einen jungen Mann beim Obstpfl\u00fccken und eine alte Frau, die uns abwechselnd die Geheimnisse von Geburt, Leben und Tod offenbaren. Es ist ein Prozess, den der Mensch sein ganzes Leben lang durchlaufen muss, aber es ist auch Gauguins Zusammenfassung seines eigenen inneren Denkens und ein Beweis daf\u00fcr, dass sein Leben nicht verschwendet wurde. Die Farbe des Gem\u00e4ldes ist einfach und voller Geheimnisse, und die Technik der Handlung ist voller orientalischer Dekoration und Romantik, und die philosophischen Fragen des Malers \u00fcber den Sinn des Lebens sind in den fleckigen, sch\u00f6nen und vertr\u00e4umten Bildern impliziert.<\/p>\n<div>\n<p><strong>Paul Gauguin<\/strong> (1848-1903), ein repr\u00e4sentativer Maler des Postimpressionismus. Gauguin wurde in Paris als Sohn eines Journalisten und der Tochter eines peruanischen Schriftstellers geboren. Gauguins Gem\u00e4lde sind aufgrund ihrer primitiven und symbolischen Tendenzen sowie ihres sogenannten \u201eSynthesestils\u201c einzigartig in der Geschichte der westlichen modernen Kunst. Gauguin war in seinen fr\u00fchen Jahren Seemann und Gesch\u00e4ftsmann. 1871 kam er nach Paris, um B\u00f6rsenmakler zu werden. In dieser Zeit begann er sich unter dem Einfluss seines Freundes Schnack f\u00fcr die Malerei zu interessieren. Im Jahr 1883 gab Gauguin, der schon immer ein Amateurmaler gewesen war, pl\u00f6tzlich seine vielversprechende und beneidenswerte Bankposition auf und beschloss, ein professioneller Maler zu werden. Er war damals 35 Jahre alt. Zun\u00e4chst war er von der impressionistischen Malerei besessen und nahm an mehreren Ausstellungen impressionistischer Malerei teil. Sp\u00e4ter, als er vom \u00e4sthetischen Konzept des Symbolismus getrieben wurde, verlie\u00df er den Impressionismus und wandte sich gegen den impressionistischen k\u00fcnstlerischen Anspruch auf die objektive Nachbildung der Natur und bef\u00fcrwortete die Unterscheidung k\u00fcnstlerischer Bilder. Das objektive Bild ist zugleich voller subjektiver Gef\u00fchle des K\u00fcnstlers.<\/p>\n<\/div>\n<div>\n<p>&nbsp;<\/p>\n<\/div>\n<div><\/div>\n<p>&nbsp;<\/p>\n<\/div>","protected":false},"excerpt":{"rendered":"<p>[vc_row css=&#8221;.vc_custom_1640131920483{margin-bottom: 20px !important;}&#8221;][vc_column][\/vc_column][\/vc_row][vc_row css=&#8221;.vc_custom_1640131920483{margin-bottom: 20px !important;}&#8221;][vc_column][\/vc_column][\/vc_row] Paul Gauguin \u2013 Wo kommen wir her? Was sind wir? Wohin gehen wir? &nbsp; Erstellungsjahr: 1897 Originalgr\u00f6\u00dfe: 374,6 cm x 139,1 cm Lackstil: Symbolik Originaltechnik: \u00d6l auf Leinwand Standort: Museum of Fine Arts, Boston &nbsp; \u00d6l auf Leinwand Woher kommen wir? Was sind [&hellip;]<\/p>\n","protected":false},"featured_media":64356,"template":"","meta":{"_acf_changed":false},"product_brand":[],"product_cat":[8465],"product_tag":[8488,8521,8513,8514],"class_list":{"0":"post-67288","1":"product","2":"type-product","3":"status-publish","4":"has-post-thumbnail","6":"product_cat-paul-gauguin-de","7":"product_tag-gaugin-de","8":"product_tag-maler","9":"product_tag-reproduktion","10":"product_tag-reproduktionen","11":"pa_dimenzija-200-x-75-cm-de","12":"pa_dimenzija-220-x-80-cm-de","13":"pa_dimenzija-240-x-90-cm-de","14":"pa_dimenzija-260-x-100-cm-de","15":"pa_dimenzija-280-x-105-cm-de","16":"pa_dimenzija-300-x-110-cm-de","17":"pa_dimenzija-320-x-120-cm-de","18":"pa_dimenzija-375-x-139-cm-de","19":"pa_oblika-horizontal-de","20":"pa_okvir-ohne-rahmen","21":"pa_podokvir-ja","22":"pa_podokvir-nein","24":"first","25":"onbackorder","26":"purchasable","27":"product-type-variable","28":"has-default-attributes"},"acf":[],"yoast_head":"<!-- This site is optimized with the Yoast SEO Premium plugin v26.0 (Yoast SEO v27.2) - https:\/\/yoast.com\/product\/yoast-seo-premium-wordpress\/ -->\n<title>Paul Gauguin - Where Do We Come From? What Are We? Where Are We Going? - SVETSLIK.SI - 100% handgemalt<\/title>\n<meta name=\"description\" content=\"Paul Gauguin - Where Do We Come From? What Are We? Where Are We Going? - 100% handgemalte Gem\u00e4lde - Verkauf von Reproduktionen ber\u00fchmter Gem\u00e4lde und abstrakter Kunst - Wandbilder f\u00fcr das Wohnzimmer\" \/>\n<meta name=\"robots\" content=\"index, follow, max-snippet:-1, max-image-preview:large, max-video-preview:-1\" \/>\n<link rel=\"canonical\" href=\"https:\/\/svetslik.si\/de\/paul-gauguin-de\/where-do-we-come-from-what-are-we-where-are-we-going\/\" \/>\n<meta property=\"og:locale\" content=\"de_DE\" \/>\n<meta property=\"og:type\" content=\"article\" \/>\n<meta property=\"og:title\" content=\"Paul Gauguin - Where Do We Come From? What Are We? Where Are We Going?\" \/>\n<meta property=\"og:description\" content=\"100% ro\u010dno naslikane slike na platnu, reprodukcije znanih slikarjev in umetni\u0161ke slike po naro\u010dilu.\" \/>\n<meta property=\"og:url\" content=\"https:\/\/svetslik.si\/de\/paul-gauguin-de\/where-do-we-come-from-what-are-we-where-are-we-going\/\" \/>\n<meta property=\"og:site_name\" content=\"SVETSLIK.SI\" \/>\n<meta property=\"article:publisher\" content=\"https:\/\/www.facebook.com\/svetslik.si\" \/>\n<meta property=\"article:modified_time\" content=\"2026-03-22T18:49:08+00:00\" \/>\n<meta property=\"og:image\" content=\"https:\/\/svetslik.si\/wp-content\/uploads\/2021\/08\/image_Where-Do-We-Come-From-What-Are-We-Where-Are-We-Going-Paul-Gauguin_680.jpg\" \/>\n\t<meta property=\"og:image:width\" content=\"2559\" \/>\n\t<meta property=\"og:image:height\" content=\"973\" \/>\n\t<meta property=\"og:image:type\" content=\"image\/jpeg\" \/>\n<meta name=\"twitter:card\" content=\"summary_large_image\" \/>\n<meta name=\"twitter:site\" content=\"@svetslik\" \/>\n<meta name=\"twitter:label1\" content=\"Verf\u00fcgbarkeit\" \/>\n\t<meta name=\"twitter:data1\" content=\"bei Nachbestellung\" \/>\n<script type=\"application\/ld+json\" class=\"yoast-schema-graph\">{\"@context\":\"https:\/\/schema.org\",\"@graph\":[{\"@type\":[\"WebPage\",\"ItemPage\"],\"@id\":\"https:\/\/svetslik.si\/de\/paul-gauguin-de\/where-do-we-come-from-what-are-we-where-are-we-going\/\",\"url\":\"https:\/\/svetslik.si\/de\/paul-gauguin-de\/where-do-we-come-from-what-are-we-where-are-we-going\/\",\"name\":\"Paul Gauguin - Where Do We Come From? What Are We? Where Are We Going? - SVETSLIK.SI - 100% handgemalt\",\"isPartOf\":{\"@id\":\"https:\/\/svetslik.si\/de\/#website\"},\"primaryImageOfPage\":{\"@id\":\"https:\/\/svetslik.si\/de\/paul-gauguin-de\/where-do-we-come-from-what-are-we-where-are-we-going\/#primaryimage\"},\"image\":{\"@id\":\"https:\/\/svetslik.si\/de\/paul-gauguin-de\/where-do-we-come-from-what-are-we-where-are-we-going\/#primaryimage\"},\"thumbnailUrl\":\"https:\/\/svetslik.si\/wp-content\/uploads\/2021\/08\/image_Where-Do-We-Come-From-What-Are-We-Where-Are-We-Going-Paul-Gauguin_680.jpg\",\"datePublished\":\"2021-09-02T15:50:55+00:00\",\"dateModified\":\"2026-03-22T18:49:08+00:00\",\"description\":\"Paul Gauguin - Where Do We Come From? What Are We? Where Are We Going? - 100% handgemalte Gem\u00e4lde - Verkauf von Reproduktionen ber\u00fchmter Gem\u00e4lde und abstrakter Kunst - Wandbilder f\u00fcr das Wohnzimmer\",\"breadcrumb\":{\"@id\":\"https:\/\/svetslik.si\/de\/paul-gauguin-de\/where-do-we-come-from-what-are-we-where-are-we-going\/#breadcrumb\"},\"inLanguage\":\"de\",\"potentialAction\":[{\"@type\":\"ReadAction\",\"target\":[\"https:\/\/svetslik.si\/de\/paul-gauguin-de\/where-do-we-come-from-what-are-we-where-are-we-going\/\"]}]},{\"@type\":\"ImageObject\",\"inLanguage\":\"de\",\"@id\":\"https:\/\/svetslik.si\/de\/paul-gauguin-de\/where-do-we-come-from-what-are-we-where-are-we-going\/#primaryimage\",\"url\":\"https:\/\/svetslik.si\/wp-content\/uploads\/2021\/08\/image_Where-Do-We-Come-From-What-Are-We-Where-Are-We-Going-Paul-Gauguin_680.jpg\",\"contentUrl\":\"https:\/\/svetslik.si\/wp-content\/uploads\/2021\/08\/image_Where-Do-We-Come-From-What-Are-We-Where-Are-We-Going-Paul-Gauguin_680.jpg\",\"width\":2559,\"height\":973,\"caption\":\"Paul Gauguin - Where Do We Come From? What Are We? Where Are We Going? - Woher kommen wir? Was sind wir? Wohin gehen wir? (Gem\u00e4lde, Leinwandbilder) - 100% handgemalte, Reproduktionen ber\u00fchmter Gem\u00e4lde, Gem\u00e4lde kaufen, Wandbilder Wohnzimmer, ber\u00fchmtes Gem\u00e4lde, Bilderrahmen\"},{\"@type\":\"BreadcrumbList\",\"@id\":\"https:\/\/svetslik.si\/de\/paul-gauguin-de\/where-do-we-come-from-what-are-we-where-are-we-going\/#breadcrumb\",\"itemListElement\":[{\"@type\":\"ListItem\",\"position\":1,\"name\":\"Wandkunst und Gem\u00e4lde auf Leinwand\",\"item\":\"https:\/\/svetslik.si\/de\/\"},{\"@type\":\"ListItem\",\"position\":2,\"name\":\"Verkauf von Gem\u00e4lden\",\"item\":\"https:\/\/svetslik.si\/prodaja-slik\/\"},{\"@type\":\"ListItem\",\"position\":3,\"name\":\"Paul Gauguin &#8211; Where Do We Come From? What Are We? Where Are We Going?\"}]},{\"@type\":\"WebSite\",\"@id\":\"https:\/\/svetslik.si\/de\/#website\",\"url\":\"https:\/\/svetslik.si\/de\/\",\"name\":\"SVETSLIK.SI\",\"description\":\"100% handgemalte Reproduktionen von Gem\u00e4lden ber\u00fchmter Maler und Gem\u00e4lde auf Leinwand.\",\"publisher\":{\"@id\":\"https:\/\/svetslik.si\/de\/#organization\"},\"potentialAction\":[{\"@type\":\"SearchAction\",\"target\":{\"@type\":\"EntryPoint\",\"urlTemplate\":\"https:\/\/svetslik.si\/de\/?s={search_term_string}\"},\"query-input\":{\"@type\":\"PropertyValueSpecification\",\"valueRequired\":true,\"valueName\":\"search_term_string\"}}],\"inLanguage\":\"de\"},{\"@type\":\"Organization\",\"@id\":\"https:\/\/svetslik.si\/de\/#organization\",\"name\":\"SvetSlik.si\",\"url\":\"https:\/\/svetslik.si\/de\/\",\"logo\":{\"@type\":\"ImageObject\",\"inLanguage\":\"de\",\"@id\":\"https:\/\/svetslik.si\/de\/#\/schema\/logo\/image\/\",\"url\":\"https:\/\/svetslik.si\/wp-content\/uploads\/2020\/12\/logo-512.png\",\"contentUrl\":\"https:\/\/svetslik.si\/wp-content\/uploads\/2020\/12\/logo-512.png\",\"width\":512,\"height\":512,\"caption\":\"SvetSlik.si\"},\"image\":{\"@id\":\"https:\/\/svetslik.si\/de\/#\/schema\/logo\/image\/\"},\"sameAs\":[\"https:\/\/www.facebook.com\/svetslik.si\",\"https:\/\/x.com\/svetslik\",\"https:\/\/www.instagram.com\/svetslik.si\/\",\"https:\/\/www.linkedin.com\/company\/svetslik-si\"]}]}<\/script>\n<meta property=\"og:availability\" content=\"backorder\" \/>\n<meta property=\"product:availability\" content=\"available for order\" \/>\n<meta property=\"product:retailer_item_id\" content=\"228__\" \/>\n<meta property=\"product:condition\" content=\"new\" \/>\n<!-- \/ Yoast SEO Premium plugin. -->","yoast_head_json":{"title":"Paul Gauguin - Where Do We Come From? What Are We? Where Are We Going? - SVETSLIK.SI - 100% handgemalt","description":"Paul Gauguin - Where Do We Come From? What Are We? Where Are We Going? - 100% handgemalte Gem\u00e4lde - Verkauf von Reproduktionen ber\u00fchmter Gem\u00e4lde und abstrakter Kunst - Wandbilder f\u00fcr das Wohnzimmer","robots":{"index":"index","follow":"follow","max-snippet":"max-snippet:-1","max-image-preview":"max-image-preview:large","max-video-preview":"max-video-preview:-1"},"canonical":"https:\/\/svetslik.si\/de\/paul-gauguin-de\/where-do-we-come-from-what-are-we-where-are-we-going\/","og_locale":"de_DE","og_type":"article","og_title":"Paul Gauguin - Where Do We Come From? What Are We? Where Are We Going?","og_description":"100% ro\u010dno naslikane slike na platnu, reprodukcije znanih slikarjev in umetni\u0161ke slike po naro\u010dilu.","og_url":"https:\/\/svetslik.si\/de\/paul-gauguin-de\/where-do-we-come-from-what-are-we-where-are-we-going\/","og_site_name":"SVETSLIK.SI","article_publisher":"https:\/\/www.facebook.com\/svetslik.si","article_modified_time":"2026-03-22T18:49:08+00:00","og_image":[{"width":2559,"height":973,"url":"https:\/\/svetslik.si\/wp-content\/uploads\/2021\/08\/image_Where-Do-We-Come-From-What-Are-We-Where-Are-We-Going-Paul-Gauguin_680.jpg","type":"image\/jpeg"}],"twitter_card":"summary_large_image","twitter_site":"@svetslik","twitter_misc":{"Verf\u00fcgbarkeit":"bei Nachbestellung"},"schema":{"@context":"https:\/\/schema.org","@graph":[{"@type":["WebPage","ItemPage"],"@id":"https:\/\/svetslik.si\/de\/paul-gauguin-de\/where-do-we-come-from-what-are-we-where-are-we-going\/","url":"https:\/\/svetslik.si\/de\/paul-gauguin-de\/where-do-we-come-from-what-are-we-where-are-we-going\/","name":"Paul Gauguin - Where Do We Come From? What Are We? Where Are We Going? - SVETSLIK.SI - 100% handgemalt","isPartOf":{"@id":"https:\/\/svetslik.si\/de\/#website"},"primaryImageOfPage":{"@id":"https:\/\/svetslik.si\/de\/paul-gauguin-de\/where-do-we-come-from-what-are-we-where-are-we-going\/#primaryimage"},"image":{"@id":"https:\/\/svetslik.si\/de\/paul-gauguin-de\/where-do-we-come-from-what-are-we-where-are-we-going\/#primaryimage"},"thumbnailUrl":"https:\/\/svetslik.si\/wp-content\/uploads\/2021\/08\/image_Where-Do-We-Come-From-What-Are-We-Where-Are-We-Going-Paul-Gauguin_680.jpg","datePublished":"2021-09-02T15:50:55+00:00","dateModified":"2026-03-22T18:49:08+00:00","description":"Paul Gauguin - Where Do We Come From? What Are We? Where Are We Going? - 100% handgemalte Gem\u00e4lde - Verkauf von Reproduktionen ber\u00fchmter Gem\u00e4lde und abstrakter Kunst - Wandbilder f\u00fcr das Wohnzimmer","breadcrumb":{"@id":"https:\/\/svetslik.si\/de\/paul-gauguin-de\/where-do-we-come-from-what-are-we-where-are-we-going\/#breadcrumb"},"inLanguage":"de","potentialAction":[{"@type":"ReadAction","target":["https:\/\/svetslik.si\/de\/paul-gauguin-de\/where-do-we-come-from-what-are-we-where-are-we-going\/"]}]},{"@type":"ImageObject","inLanguage":"de","@id":"https:\/\/svetslik.si\/de\/paul-gauguin-de\/where-do-we-come-from-what-are-we-where-are-we-going\/#primaryimage","url":"https:\/\/svetslik.si\/wp-content\/uploads\/2021\/08\/image_Where-Do-We-Come-From-What-Are-We-Where-Are-We-Going-Paul-Gauguin_680.jpg","contentUrl":"https:\/\/svetslik.si\/wp-content\/uploads\/2021\/08\/image_Where-Do-We-Come-From-What-Are-We-Where-Are-We-Going-Paul-Gauguin_680.jpg","width":2559,"height":973,"caption":"Paul Gauguin - Where Do We Come From? What Are We? Where Are We Going? - Woher kommen wir? Was sind wir? Wohin gehen wir? (Gem\u00e4lde, Leinwandbilder) - 100% handgemalte, Reproduktionen ber\u00fchmter Gem\u00e4lde, Gem\u00e4lde kaufen, Wandbilder Wohnzimmer, ber\u00fchmtes Gem\u00e4lde, Bilderrahmen"},{"@type":"BreadcrumbList","@id":"https:\/\/svetslik.si\/de\/paul-gauguin-de\/where-do-we-come-from-what-are-we-where-are-we-going\/#breadcrumb","itemListElement":[{"@type":"ListItem","position":1,"name":"Wandkunst und Gem\u00e4lde auf Leinwand","item":"https:\/\/svetslik.si\/de\/"},{"@type":"ListItem","position":2,"name":"Verkauf von Gem\u00e4lden","item":"https:\/\/svetslik.si\/prodaja-slik\/"},{"@type":"ListItem","position":3,"name":"Paul Gauguin &#8211; Where Do We Come From? What Are We? Where Are We Going?"}]},{"@type":"WebSite","@id":"https:\/\/svetslik.si\/de\/#website","url":"https:\/\/svetslik.si\/de\/","name":"SVETSLIK.SI","description":"100% handgemalte Reproduktionen von Gem\u00e4lden ber\u00fchmter Maler und Gem\u00e4lde auf Leinwand.","publisher":{"@id":"https:\/\/svetslik.si\/de\/#organization"},"potentialAction":[{"@type":"SearchAction","target":{"@type":"EntryPoint","urlTemplate":"https:\/\/svetslik.si\/de\/?s={search_term_string}"},"query-input":{"@type":"PropertyValueSpecification","valueRequired":true,"valueName":"search_term_string"}}],"inLanguage":"de"},{"@type":"Organization","@id":"https:\/\/svetslik.si\/de\/#organization","name":"SvetSlik.si","url":"https:\/\/svetslik.si\/de\/","logo":{"@type":"ImageObject","inLanguage":"de","@id":"https:\/\/svetslik.si\/de\/#\/schema\/logo\/image\/","url":"https:\/\/svetslik.si\/wp-content\/uploads\/2020\/12\/logo-512.png","contentUrl":"https:\/\/svetslik.si\/wp-content\/uploads\/2020\/12\/logo-512.png","width":512,"height":512,"caption":"SvetSlik.si"},"image":{"@id":"https:\/\/svetslik.si\/de\/#\/schema\/logo\/image\/"},"sameAs":["https:\/\/www.facebook.com\/svetslik.si","https:\/\/x.com\/svetslik","https:\/\/www.instagram.com\/svetslik.si\/","https:\/\/www.linkedin.com\/company\/svetslik-si"]}]},"og_availability":"backorder","product_availability":"available for order","product_retailer_item_id":"228__","product_condition":"new"},"jetpack_sharing_enabled":true,"_links":{"self":[{"href":"https:\/\/svetslik.si\/de\/wp-json\/wp\/v2\/product\/67288","targetHints":{"allow":["GET"]}}],"collection":[{"href":"https:\/\/svetslik.si\/de\/wp-json\/wp\/v2\/product"}],"about":[{"href":"https:\/\/svetslik.si\/de\/wp-json\/wp\/v2\/types\/product"}],"wp:featuredmedia":[{"embeddable":true,"href":"https:\/\/svetslik.si\/de\/wp-json\/wp\/v2\/media\/64356"}],"wp:attachment":[{"href":"https:\/\/svetslik.si\/de\/wp-json\/wp\/v2\/media?parent=67288"}],"wp:term":[{"taxonomy":"product_brand","embeddable":true,"href":"https:\/\/svetslik.si\/de\/wp-json\/wp\/v2\/product_brand?post=67288"},{"taxonomy":"product_cat","embeddable":true,"href":"https:\/\/svetslik.si\/de\/wp-json\/wp\/v2\/product_cat?post=67288"},{"taxonomy":"product_tag","embeddable":true,"href":"https:\/\/svetslik.si\/de\/wp-json\/wp\/v2\/product_tag?post=67288"}],"curies":[{"name":"wp","href":"https:\/\/api.w.org\/{rel}","templated":true}]}}