{"id":67315,"date":"2021-09-02T17:51:14","date_gmt":"2021-09-02T15:51:14","guid":{"rendered":"https:\/\/svetslik.si\/unkategorisiert\/portrait-of-the-artist-with-the-yellow-christ\/"},"modified":"2026-03-22T19:49:08","modified_gmt":"2026-03-22T18:49:08","slug":"portrait-of-the-artist-with-the-yellow-christ","status":"publish","type":"product","link":"https:\/\/svetslik.si\/de\/paul-gauguin-de\/portrait-of-the-artist-with-the-yellow-christ\/","title":{"rendered":"Paul Gauguin &#8211; Portrait of the Artist with the Yellow Christ"},"content":{"rendered":"<h1>Paul Gauguin \u2013 Portr\u00e4t des K\u00fcnstlers mit dem gelben Christus<\/h1>\n<p>\n&nbsp;<\/p>\n<div>\n<table border=\"0\" cellpadding=\"0\" style=\"width: 619px\" width=\"619\">\n<tbody>\n<tr>\n<td height=\"21\" style=\"width: 180px;height: 21px\">\nJahr der Erstellung:<\/td>\n<td style=\"width: 439px\">\n1890-1891<\/td>\n<\/tr>\n<tr>\n<td height=\"21\" style=\"width: 180px;height: 21px\">\nOriginalgr\u00f6\u00dfe:<\/td>\n<td style=\"width: 439px\">\n46 cm x 30 cm<\/td>\n<\/tr>\n<tr>\n<td height=\"21\" style=\"width: 180px;height: 21px\">\nMalstil:<\/td>\n<td style=\"width: 439px\">\nSymbolik<\/td>\n<\/tr>\n<tr>\n<td height=\"21\" style=\"width: 180px;height: 21px\">\nOriginaltechnik:<\/td>\n<td style=\"width: 439px\">\n\u00d6l auf Leinwand<\/td>\n<\/tr>\n<tr>\n<td height=\"21\" style=\"width: 180px;height: 21px\">\nGefunden:<\/td>\n<td style=\"width: 439px\">\nOrsey Museum, Paris&nbsp;<\/td>\n<\/tr>\n<\/tbody>\n<colgroup>\n<\/colgroup>\n<\/table>\n<\/div>\n<div>\n&nbsp;<\/div>\n<div>\n\u00d6l auf Leinwand <em>Portr\u00e4t des K\u00fcnstlers mit dem gelben Christus<\/em> wurde am Abend vor Gauguins erstem Besuch in Tahiti gemalt. \u00d6l auf Leinwand ist eigentlich ein Dreifachportr\u00e4t, in dem der K\u00fcnstler verschiedene Seiten seiner Pers\u00f6nlichkeit offenbart. Zum Zeitpunkt der Entstehung dieses Gem\u00e4ldes war Gauguin ein relativ unbekannter und missverstandener K\u00fcnstler, au\u00dferdem hatte ihn seine Frau zu diesem Zeitpunkt verlassen, die mit ihren Kindern nach D\u00e4nemark zur\u00fcckgekehrt war, und Gauguin selbst hatte Schwierigkeiten, die entsprechenden Genehmigungen zu erhalten ein offizieller Besuch in den Kolonien.<\/div>\n<div>\nGauguin selbst ist die zentrale Figur dieses \u00d6ls auf Leinwand, sein sengender Blick vermittelt die Last seiner damaligen Probleme und seine Entschlossenheit, seine Kunst fortzusetzen. Im Hintergrund f\u00fcgte er seinem Portr\u00e4t zwei Werke hinzu, die er im Jahr zuvor gemalt hatte, und platzierte sie einander gegen\u00fcber auf der Leinwand, um auf \u00e4sthetischer und symbolischer Ebene miteinander zu konkurrieren.<\/div>\n<div>\n&nbsp;<\/div>\n","protected":false},"excerpt":{"rendered":"<p>Paul Gauguin \u2013 Portr\u00e4t des K\u00fcnstlers mit dem gelben Christus &nbsp; Jahr der Erstellung: 1890-1891 Originalgr\u00f6\u00dfe: 46 cm x 30 cm Malstil: Symbolik Originaltechnik: \u00d6l auf Leinwand Gefunden: Orsey Museum, Paris&nbsp; &nbsp; \u00d6l auf Leinwand Portr\u00e4t des K\u00fcnstlers mit dem gelben Christus wurde am Abend vor Gauguins erstem Besuch in [&hellip;]<\/p>\n","protected":false},"featured_media":63961,"template":"","meta":{"_acf_changed":false},"product_brand":[],"product_cat":[8465],"product_tag":[8488,8521,8513,8514],"class_list":{"0":"post-67315","1":"product","2":"type-product","3":"status-publish","4":"has-post-thumbnail","6":"product_cat-paul-gauguin-de","7":"product_tag-gaugin-de","8":"product_tag-maler","9":"product_tag-reproduktion","10":"product_tag-reproduktionen","11":"pa_dimenzija-100-x-70-cm-de","12":"pa_dimenzija-120-x-80-cm-de","13":"pa_dimenzija-150-x-100-cm-de","14":"pa_dimenzija-46-x-30-cm-de","15":"pa_dimenzija-60-x-40-cm-de","16":"pa_dimenzija-70-x-45-cm-de","17":"pa_dimenzija-80-x-50-cm-de","18":"pa_dimenzija-90-x-60-cm-de","19":"pa_oblika-horizontal-de","20":"pa_okvir-ohne-rahmen","21":"pa_podokvir-ja","22":"pa_podokvir-nein","24":"first","25":"onbackorder","26":"purchasable","27":"product-type-variable","28":"has-default-attributes"},"acf":[],"yoast_head":"<!-- This site is optimized with the Yoast SEO Premium plugin v26.0 (Yoast SEO v27.2) - https:\/\/yoast.com\/product\/yoast-seo-premium-wordpress\/ -->\n<title>Paul Gauguin - Portrait of the Artist with the Yellow Christ - SVETSLIK.SI - 100% handgemalt<\/title>\n<meta name=\"description\" content=\"Paul Gauguin - Portrait of the Artist with the Yellow Christ - 100% handgemalte Gem\u00e4lde - Verkauf von Reproduktionen ber\u00fchmter Gem\u00e4lde und abstrakter Kunst - Wandbilder f\u00fcr das Wohnzimmer\" \/>\n<meta name=\"robots\" content=\"index, follow, max-snippet:-1, max-image-preview:large, max-video-preview:-1\" \/>\n<link rel=\"canonical\" href=\"https:\/\/svetslik.si\/de\/paul-gauguin-de\/portrait-of-the-artist-with-the-yellow-christ\/\" \/>\n<meta property=\"og:locale\" content=\"de_DE\" \/>\n<meta property=\"og:type\" content=\"article\" \/>\n<meta property=\"og:title\" content=\"Paul Gauguin - Portrait of the Artist with the Yellow Christ\" \/>\n<meta property=\"og:description\" content=\"100% ro\u010dno naslikane slike na platnu, reprodukcije znanih slikarjev in umetni\u0161ke slike po naro\u010dilu.\" \/>\n<meta property=\"og:url\" content=\"https:\/\/svetslik.si\/de\/paul-gauguin-de\/portrait-of-the-artist-with-the-yellow-christ\/\" \/>\n<meta property=\"og:site_name\" content=\"SVETSLIK.SI\" \/>\n<meta property=\"article:publisher\" content=\"https:\/\/www.facebook.com\/svetslik.si\" \/>\n<meta property=\"article:modified_time\" content=\"2026-03-22T18:49:08+00:00\" \/>\n<meta property=\"og:image\" content=\"https:\/\/svetslik.si\/wp-content\/uploads\/2021\/08\/image_Portrait-of-the-Artist-with-the-Yellow-Christ-Paul-Gauguin_680-scaled.jpg\" \/>\n\t<meta property=\"og:image:width\" content=\"2560\" \/>\n\t<meta property=\"og:image:height\" content=\"2131\" \/>\n\t<meta property=\"og:image:type\" content=\"image\/jpeg\" \/>\n<meta name=\"twitter:card\" content=\"summary_large_image\" \/>\n<meta name=\"twitter:site\" content=\"@svetslik\" \/>\n<meta name=\"twitter:label1\" content=\"Verf\u00fcgbarkeit\" \/>\n\t<meta name=\"twitter:data1\" content=\"bei Nachbestellung\" \/>\n<script type=\"application\/ld+json\" class=\"yoast-schema-graph\">{\"@context\":\"https:\/\/schema.org\",\"@graph\":[{\"@type\":[\"WebPage\",\"ItemPage\"],\"@id\":\"https:\/\/svetslik.si\/de\/paul-gauguin-de\/portrait-of-the-artist-with-the-yellow-christ\/\",\"url\":\"https:\/\/svetslik.si\/de\/paul-gauguin-de\/portrait-of-the-artist-with-the-yellow-christ\/\",\"name\":\"Paul Gauguin - Portrait of the Artist with the Yellow Christ - SVETSLIK.SI - 100% handgemalt\",\"isPartOf\":{\"@id\":\"https:\/\/svetslik.si\/de\/#website\"},\"primaryImageOfPage\":{\"@id\":\"https:\/\/svetslik.si\/de\/paul-gauguin-de\/portrait-of-the-artist-with-the-yellow-christ\/#primaryimage\"},\"image\":{\"@id\":\"https:\/\/svetslik.si\/de\/paul-gauguin-de\/portrait-of-the-artist-with-the-yellow-christ\/#primaryimage\"},\"thumbnailUrl\":\"https:\/\/svetslik.si\/wp-content\/uploads\/2021\/08\/image_Portrait-of-the-Artist-with-the-Yellow-Christ-Paul-Gauguin_680-scaled.jpg\",\"datePublished\":\"2021-09-02T15:51:14+00:00\",\"dateModified\":\"2026-03-22T18:49:08+00:00\",\"description\":\"Paul Gauguin - Portrait of the Artist with the Yellow Christ - 100% handgemalte Gem\u00e4lde - Verkauf von Reproduktionen ber\u00fchmter Gem\u00e4lde und abstrakter Kunst - Wandbilder f\u00fcr das Wohnzimmer\",\"breadcrumb\":{\"@id\":\"https:\/\/svetslik.si\/de\/paul-gauguin-de\/portrait-of-the-artist-with-the-yellow-christ\/#breadcrumb\"},\"inLanguage\":\"de\",\"potentialAction\":[{\"@type\":\"ReadAction\",\"target\":[\"https:\/\/svetslik.si\/de\/paul-gauguin-de\/portrait-of-the-artist-with-the-yellow-christ\/\"]}]},{\"@type\":\"ImageObject\",\"inLanguage\":\"de\",\"@id\":\"https:\/\/svetslik.si\/de\/paul-gauguin-de\/portrait-of-the-artist-with-the-yellow-christ\/#primaryimage\",\"url\":\"https:\/\/svetslik.si\/wp-content\/uploads\/2021\/08\/image_Portrait-of-the-Artist-with-the-Yellow-Christ-Paul-Gauguin_680-scaled.jpg\",\"contentUrl\":\"https:\/\/svetslik.si\/wp-content\/uploads\/2021\/08\/image_Portrait-of-the-Artist-with-the-Yellow-Christ-Paul-Gauguin_680-scaled.jpg\",\"width\":2560,\"height\":2131,\"caption\":\"Paul Gauguin - Portrait of the Artist with the Yellow Christ - Portr\u00e4t des K\u00fcnstlers mit dem gelben Christus (Gem\u00e4lde, Leinwandbilder) - 100% handgemalte, Reproduktionen ber\u00fchmter Gem\u00e4lde, Gem\u00e4lde kaufen, Wandbilder Wohnzimmer, ber\u00fchmtes Gem\u00e4lde, Bilderrahmen\"},{\"@type\":\"BreadcrumbList\",\"@id\":\"https:\/\/svetslik.si\/de\/paul-gauguin-de\/portrait-of-the-artist-with-the-yellow-christ\/#breadcrumb\",\"itemListElement\":[{\"@type\":\"ListItem\",\"position\":1,\"name\":\"Wandkunst und Gem\u00e4lde auf Leinwand\",\"item\":\"https:\/\/svetslik.si\/de\/\"},{\"@type\":\"ListItem\",\"position\":2,\"name\":\"Verkauf von Gem\u00e4lden\",\"item\":\"https:\/\/svetslik.si\/prodaja-slik\/\"},{\"@type\":\"ListItem\",\"position\":3,\"name\":\"Paul Gauguin &#8211; Portrait of the Artist with the Yellow Christ\"}]},{\"@type\":\"WebSite\",\"@id\":\"https:\/\/svetslik.si\/de\/#website\",\"url\":\"https:\/\/svetslik.si\/de\/\",\"name\":\"SVETSLIK.SI\",\"description\":\"100% handgemalte Reproduktionen von Gem\u00e4lden ber\u00fchmter Maler und Gem\u00e4lde auf Leinwand.\",\"publisher\":{\"@id\":\"https:\/\/svetslik.si\/de\/#organization\"},\"potentialAction\":[{\"@type\":\"SearchAction\",\"target\":{\"@type\":\"EntryPoint\",\"urlTemplate\":\"https:\/\/svetslik.si\/de\/?s={search_term_string}\"},\"query-input\":{\"@type\":\"PropertyValueSpecification\",\"valueRequired\":true,\"valueName\":\"search_term_string\"}}],\"inLanguage\":\"de\"},{\"@type\":\"Organization\",\"@id\":\"https:\/\/svetslik.si\/de\/#organization\",\"name\":\"SvetSlik.si\",\"url\":\"https:\/\/svetslik.si\/de\/\",\"logo\":{\"@type\":\"ImageObject\",\"inLanguage\":\"de\",\"@id\":\"https:\/\/svetslik.si\/de\/#\/schema\/logo\/image\/\",\"url\":\"https:\/\/svetslik.si\/wp-content\/uploads\/2020\/12\/logo-512.png\",\"contentUrl\":\"https:\/\/svetslik.si\/wp-content\/uploads\/2020\/12\/logo-512.png\",\"width\":512,\"height\":512,\"caption\":\"SvetSlik.si\"},\"image\":{\"@id\":\"https:\/\/svetslik.si\/de\/#\/schema\/logo\/image\/\"},\"sameAs\":[\"https:\/\/www.facebook.com\/svetslik.si\",\"https:\/\/x.com\/svetslik\",\"https:\/\/www.instagram.com\/svetslik.si\/\",\"https:\/\/www.linkedin.com\/company\/svetslik-si\"]}]}<\/script>\n<meta property=\"og:availability\" content=\"backorder\" \/>\n<meta property=\"product:availability\" content=\"available for order\" \/>\n<meta property=\"product:retailer_item_id\" content=\"231__\" \/>\n<meta property=\"product:condition\" content=\"new\" \/>\n<!-- \/ Yoast SEO Premium plugin. -->","yoast_head_json":{"title":"Paul Gauguin - Portrait of the Artist with the Yellow Christ - SVETSLIK.SI - 100% handgemalt","description":"Paul Gauguin - Portrait of the Artist with the Yellow Christ - 100% handgemalte Gem\u00e4lde - Verkauf von Reproduktionen ber\u00fchmter Gem\u00e4lde und abstrakter Kunst - Wandbilder f\u00fcr das Wohnzimmer","robots":{"index":"index","follow":"follow","max-snippet":"max-snippet:-1","max-image-preview":"max-image-preview:large","max-video-preview":"max-video-preview:-1"},"canonical":"https:\/\/svetslik.si\/de\/paul-gauguin-de\/portrait-of-the-artist-with-the-yellow-christ\/","og_locale":"de_DE","og_type":"article","og_title":"Paul Gauguin - Portrait of the Artist with the Yellow Christ","og_description":"100% ro\u010dno naslikane slike na platnu, reprodukcije znanih slikarjev in umetni\u0161ke slike po naro\u010dilu.","og_url":"https:\/\/svetslik.si\/de\/paul-gauguin-de\/portrait-of-the-artist-with-the-yellow-christ\/","og_site_name":"SVETSLIK.SI","article_publisher":"https:\/\/www.facebook.com\/svetslik.si","article_modified_time":"2026-03-22T18:49:08+00:00","og_image":[{"width":2560,"height":2131,"url":"https:\/\/svetslik.si\/wp-content\/uploads\/2021\/08\/image_Portrait-of-the-Artist-with-the-Yellow-Christ-Paul-Gauguin_680-scaled.jpg","type":"image\/jpeg"}],"twitter_card":"summary_large_image","twitter_site":"@svetslik","twitter_misc":{"Verf\u00fcgbarkeit":"bei Nachbestellung"},"schema":{"@context":"https:\/\/schema.org","@graph":[{"@type":["WebPage","ItemPage"],"@id":"https:\/\/svetslik.si\/de\/paul-gauguin-de\/portrait-of-the-artist-with-the-yellow-christ\/","url":"https:\/\/svetslik.si\/de\/paul-gauguin-de\/portrait-of-the-artist-with-the-yellow-christ\/","name":"Paul Gauguin - Portrait of the Artist with the Yellow Christ - SVETSLIK.SI - 100% handgemalt","isPartOf":{"@id":"https:\/\/svetslik.si\/de\/#website"},"primaryImageOfPage":{"@id":"https:\/\/svetslik.si\/de\/paul-gauguin-de\/portrait-of-the-artist-with-the-yellow-christ\/#primaryimage"},"image":{"@id":"https:\/\/svetslik.si\/de\/paul-gauguin-de\/portrait-of-the-artist-with-the-yellow-christ\/#primaryimage"},"thumbnailUrl":"https:\/\/svetslik.si\/wp-content\/uploads\/2021\/08\/image_Portrait-of-the-Artist-with-the-Yellow-Christ-Paul-Gauguin_680-scaled.jpg","datePublished":"2021-09-02T15:51:14+00:00","dateModified":"2026-03-22T18:49:08+00:00","description":"Paul Gauguin - Portrait of the Artist with the Yellow Christ - 100% handgemalte Gem\u00e4lde - Verkauf von Reproduktionen ber\u00fchmter Gem\u00e4lde und abstrakter Kunst - Wandbilder f\u00fcr das Wohnzimmer","breadcrumb":{"@id":"https:\/\/svetslik.si\/de\/paul-gauguin-de\/portrait-of-the-artist-with-the-yellow-christ\/#breadcrumb"},"inLanguage":"de","potentialAction":[{"@type":"ReadAction","target":["https:\/\/svetslik.si\/de\/paul-gauguin-de\/portrait-of-the-artist-with-the-yellow-christ\/"]}]},{"@type":"ImageObject","inLanguage":"de","@id":"https:\/\/svetslik.si\/de\/paul-gauguin-de\/portrait-of-the-artist-with-the-yellow-christ\/#primaryimage","url":"https:\/\/svetslik.si\/wp-content\/uploads\/2021\/08\/image_Portrait-of-the-Artist-with-the-Yellow-Christ-Paul-Gauguin_680-scaled.jpg","contentUrl":"https:\/\/svetslik.si\/wp-content\/uploads\/2021\/08\/image_Portrait-of-the-Artist-with-the-Yellow-Christ-Paul-Gauguin_680-scaled.jpg","width":2560,"height":2131,"caption":"Paul Gauguin - Portrait of the Artist with the Yellow Christ - Portr\u00e4t des K\u00fcnstlers mit dem gelben Christus (Gem\u00e4lde, Leinwandbilder) - 100% handgemalte, Reproduktionen ber\u00fchmter Gem\u00e4lde, Gem\u00e4lde kaufen, Wandbilder Wohnzimmer, ber\u00fchmtes Gem\u00e4lde, Bilderrahmen"},{"@type":"BreadcrumbList","@id":"https:\/\/svetslik.si\/de\/paul-gauguin-de\/portrait-of-the-artist-with-the-yellow-christ\/#breadcrumb","itemListElement":[{"@type":"ListItem","position":1,"name":"Wandkunst und Gem\u00e4lde auf Leinwand","item":"https:\/\/svetslik.si\/de\/"},{"@type":"ListItem","position":2,"name":"Verkauf von Gem\u00e4lden","item":"https:\/\/svetslik.si\/prodaja-slik\/"},{"@type":"ListItem","position":3,"name":"Paul Gauguin &#8211; Portrait of the Artist with the Yellow Christ"}]},{"@type":"WebSite","@id":"https:\/\/svetslik.si\/de\/#website","url":"https:\/\/svetslik.si\/de\/","name":"SVETSLIK.SI","description":"100% handgemalte Reproduktionen von Gem\u00e4lden ber\u00fchmter Maler und Gem\u00e4lde auf Leinwand.","publisher":{"@id":"https:\/\/svetslik.si\/de\/#organization"},"potentialAction":[{"@type":"SearchAction","target":{"@type":"EntryPoint","urlTemplate":"https:\/\/svetslik.si\/de\/?s={search_term_string}"},"query-input":{"@type":"PropertyValueSpecification","valueRequired":true,"valueName":"search_term_string"}}],"inLanguage":"de"},{"@type":"Organization","@id":"https:\/\/svetslik.si\/de\/#organization","name":"SvetSlik.si","url":"https:\/\/svetslik.si\/de\/","logo":{"@type":"ImageObject","inLanguage":"de","@id":"https:\/\/svetslik.si\/de\/#\/schema\/logo\/image\/","url":"https:\/\/svetslik.si\/wp-content\/uploads\/2020\/12\/logo-512.png","contentUrl":"https:\/\/svetslik.si\/wp-content\/uploads\/2020\/12\/logo-512.png","width":512,"height":512,"caption":"SvetSlik.si"},"image":{"@id":"https:\/\/svetslik.si\/de\/#\/schema\/logo\/image\/"},"sameAs":["https:\/\/www.facebook.com\/svetslik.si","https:\/\/x.com\/svetslik","https:\/\/www.instagram.com\/svetslik.si\/","https:\/\/www.linkedin.com\/company\/svetslik-si"]}]},"og_availability":"backorder","product_availability":"available for order","product_retailer_item_id":"231__","product_condition":"new"},"jetpack_sharing_enabled":true,"_links":{"self":[{"href":"https:\/\/svetslik.si\/de\/wp-json\/wp\/v2\/product\/67315","targetHints":{"allow":["GET"]}}],"collection":[{"href":"https:\/\/svetslik.si\/de\/wp-json\/wp\/v2\/product"}],"about":[{"href":"https:\/\/svetslik.si\/de\/wp-json\/wp\/v2\/types\/product"}],"wp:featuredmedia":[{"embeddable":true,"href":"https:\/\/svetslik.si\/de\/wp-json\/wp\/v2\/media\/63961"}],"wp:attachment":[{"href":"https:\/\/svetslik.si\/de\/wp-json\/wp\/v2\/media?parent=67315"}],"wp:term":[{"taxonomy":"product_brand","embeddable":true,"href":"https:\/\/svetslik.si\/de\/wp-json\/wp\/v2\/product_brand?post=67315"},{"taxonomy":"product_cat","embeddable":true,"href":"https:\/\/svetslik.si\/de\/wp-json\/wp\/v2\/product_cat?post=67315"},{"taxonomy":"product_tag","embeddable":true,"href":"https:\/\/svetslik.si\/de\/wp-json\/wp\/v2\/product_tag?post=67315"}],"curies":[{"name":"wp","href":"https:\/\/api.w.org\/{rel}","templated":true}]}}