{"id":67324,"date":"2021-09-02T17:51:14","date_gmt":"2021-09-02T15:51:14","guid":{"rendered":"https:\/\/svetslik.si\/unkategorisiert\/yellow-christ\/"},"modified":"2026-03-22T19:49:54","modified_gmt":"2026-03-22T18:49:54","slug":"yellow-christ","status":"publish","type":"product","link":"https:\/\/svetslik.si\/de\/religiose-gemalde\/yellow-christ\/","title":{"rendered":"Paul Gauguin &#8211; Yellow Christ"},"content":{"rendered":"<h1>Paul Gauguin \u2013 Gelber Christus<\/h1>\n<p>&nbsp;<\/p>\n<div>\n<table border=\"0\" cellpadding=\"0\" style=\"width: 619px\" width=\"619\">\n<tbody>\n<tr>\n<td height=\"21\" style=\"width: 180px;height: 21px\">\n<p>Jahr der Erstellung:<\/td>\n<td style=\"width: 439px\">\n<p>1889<\/td>\n<\/tr>\n<tr>\n<td height=\"21\" style=\"width: 180px;height: 21px\">\n<p>Originalgr\u00f6\u00dfe:<\/td>\n<td style=\"width: 439px\">\n<p>73,4 cm x 92,1 cm<\/td>\n<\/tr>\n<tr>\n<td height=\"21\" style=\"width: 180px;height: 21px\">\n<p>Malstil:<\/td>\n<td style=\"width: 439px\">\n<p>Symbolik<\/td>\n<\/tr>\n<tr>\n<td height=\"21\" style=\"width: 180px;height: 21px\">\n<p>Originaltechnik:<\/td>\n<td style=\"width: 439px\">\n<p>\u00d6l auf Leinwand<\/td>\n<\/tr>\n<tr>\n<td height=\"21\" style=\"width: 180px;height: 21px\">\n<p>Gefunden:<\/td>\n<td style=\"width: 439px\">\n<p>Albright-Knox Art Gallery, Buffalo, USA<\/td>\n<\/tr>\n<\/tbody>\n<colgroup>\n<\/colgroup>\n<\/table>\n<\/div>\n<div>\n<p>&nbsp;<\/p><\/div>\n<div>\n<p>Das \u00d6l auf Leinwand <em>Gelber Christus<\/em> wurde von Gauguin im Herbst 1889 gemalt. Zusammen mit dem Gem\u00e4lde <em>Gr\u00fcner Christus<\/em> stellt es eines der bedeutendsten symbolischen Werke der Kunst dar der Malerei.<\/div>\n<div>\n<p>Dies ist ein symbolisches Werk, das die Kreuzigung Christi im 19. Jahrhundert in Nordfrankreich darstellt; Unter dem Kreuz beten bretonische Frauen. F\u00fcr dieses \u00d6l auf Leinwand verwendete Gauguin kr\u00e4ftige Striche zur Darstellung der Figuren und verwendete nur Schattierungen bei den weiblichen Figuren. Die herbstliche Palette der Gelb-, Rot- und Gr\u00fcnt\u00f6ne der Landschaft passt zu den vorherrschenden Gelbt\u00f6nen, die der Maler zur Darstellung der Christusfigur verwendete. Die starken Linien und flachen Formen in diesem Gem\u00e4lde sind charakteristisch f\u00fcr einen Malstil namens <em>cloisonnisme<\/em>.<\/div>\n<div>\n<p>&nbsp;<\/p><\/div>\n","protected":false},"excerpt":{"rendered":"<p>Paul Gauguin \u2013 Gelber Christus &nbsp; Jahr der Erstellung: 1889 Originalgr\u00f6\u00dfe: 73,4 cm x 92,1 cm Malstil: Symbolik Originaltechnik: \u00d6l auf Leinwand Gefunden: Albright-Knox Art Gallery, Buffalo, USA &nbsp; Das \u00d6l auf Leinwand Gelber Christus wurde von Gauguin im Herbst 1889 gemalt. Zusammen mit dem Gem\u00e4lde Gr\u00fcner Christus stellt es [&hellip;]<\/p>\n","protected":false},"featured_media":64360,"template":"","meta":{"_acf_changed":false},"product_brand":[],"product_cat":[8465,8474],"product_tag":[8488,8521,8513,8514],"class_list":{"0":"post-67324","1":"product","2":"type-product","3":"status-publish","4":"has-post-thumbnail","6":"product_cat-paul-gauguin-de","7":"product_cat-religiose-gemalde","8":"product_tag-gaugin-de","9":"product_tag-maler","10":"product_tag-reproduktion","11":"product_tag-reproduktionen","12":"pa_dimenzija-100-x-130-cm-de","13":"pa_dimenzija-120-x-150-cm-de","14":"pa_dimenzija-150-x-190-cm-de","15":"pa_dimenzija-50-x-60-cm-de","16":"pa_dimenzija-60-x-75-cm-de","17":"pa_dimenzija-73-x-92-cm-de","18":"pa_dimenzija-80-x-100-cm-de","19":"pa_dimenzija-90-x-110-cm-de","20":"pa_oblika-vertikal","21":"pa_okvir-ohne-rahmen","22":"pa_podokvir-ja","23":"pa_podokvir-nein","25":"first","26":"onbackorder","27":"purchasable","28":"product-type-variable","29":"has-default-attributes"},"acf":[],"yoast_head":"<!-- This site is optimized with the Yoast SEO Premium plugin v26.0 (Yoast SEO v27.2) - https:\/\/yoast.com\/product\/yoast-seo-premium-wordpress\/ -->\n<title>Paul Gauguin - Yellow Christ - SVETSLIK.SI - 100% handgemalt<\/title>\n<meta name=\"description\" content=\"Paul Gauguin - Yellow Christ - 100% handgemalte Gem\u00e4lde - Verkauf von Reproduktionen ber\u00fchmter Gem\u00e4lde und abstrakter Kunst - Wandbilder f\u00fcr das Wohnzimmer\" \/>\n<meta name=\"robots\" content=\"index, follow, max-snippet:-1, max-image-preview:large, max-video-preview:-1\" \/>\n<link rel=\"canonical\" href=\"https:\/\/svetslik.si\/de\/religiose-gemalde\/yellow-christ\/\" \/>\n<meta property=\"og:locale\" content=\"de_DE\" \/>\n<meta property=\"og:type\" content=\"article\" \/>\n<meta property=\"og:title\" content=\"Paul Gauguin - Yellow Christ\" \/>\n<meta property=\"og:description\" content=\"100% ro\u010dno naslikane slike na platnu, reprodukcije znanih slikarjev in umetni\u0161ke slike po naro\u010dilu.\" \/>\n<meta property=\"og:url\" content=\"https:\/\/svetslik.si\/de\/religiose-gemalde\/yellow-christ\/\" \/>\n<meta property=\"og:site_name\" content=\"SVETSLIK.SI\" \/>\n<meta property=\"article:publisher\" content=\"https:\/\/www.facebook.com\/svetslik.si\" \/>\n<meta property=\"article:modified_time\" content=\"2026-03-22T18:49:54+00:00\" \/>\n<meta property=\"og:image\" content=\"https:\/\/svetslik.si\/wp-content\/uploads\/2021\/08\/image_Yellow-Christ-Paul-Gauguin_680.jpg\" \/>\n\t<meta property=\"og:image:width\" content=\"1920\" \/>\n\t<meta property=\"og:image:height\" content=\"2399\" \/>\n\t<meta property=\"og:image:type\" content=\"image\/jpeg\" \/>\n<meta name=\"twitter:card\" content=\"summary_large_image\" \/>\n<meta name=\"twitter:site\" content=\"@svetslik\" \/>\n<meta name=\"twitter:label1\" content=\"Verf\u00fcgbarkeit\" \/>\n\t<meta name=\"twitter:data1\" content=\"bei Nachbestellung\" \/>\n<script type=\"application\/ld+json\" class=\"yoast-schema-graph\">{\"@context\":\"https:\/\/schema.org\",\"@graph\":[{\"@type\":[\"WebPage\",\"ItemPage\"],\"@id\":\"https:\/\/svetslik.si\/de\/religiose-gemalde\/yellow-christ\/\",\"url\":\"https:\/\/svetslik.si\/de\/religiose-gemalde\/yellow-christ\/\",\"name\":\"Paul Gauguin - Yellow Christ - SVETSLIK.SI - 100% handgemalt\",\"isPartOf\":{\"@id\":\"https:\/\/svetslik.si\/de\/#website\"},\"primaryImageOfPage\":{\"@id\":\"https:\/\/svetslik.si\/de\/religiose-gemalde\/yellow-christ\/#primaryimage\"},\"image\":{\"@id\":\"https:\/\/svetslik.si\/de\/religiose-gemalde\/yellow-christ\/#primaryimage\"},\"thumbnailUrl\":\"https:\/\/svetslik.si\/wp-content\/uploads\/2021\/08\/image_Yellow-Christ-Paul-Gauguin_680.jpg\",\"datePublished\":\"2021-09-02T15:51:14+00:00\",\"dateModified\":\"2026-03-22T18:49:54+00:00\",\"description\":\"Paul Gauguin - Yellow Christ - 100% handgemalte Gem\u00e4lde - Verkauf von Reproduktionen ber\u00fchmter Gem\u00e4lde und abstrakter Kunst - Wandbilder f\u00fcr das Wohnzimmer\",\"breadcrumb\":{\"@id\":\"https:\/\/svetslik.si\/de\/religiose-gemalde\/yellow-christ\/#breadcrumb\"},\"inLanguage\":\"de\",\"potentialAction\":[{\"@type\":\"ReadAction\",\"target\":[\"https:\/\/svetslik.si\/de\/religiose-gemalde\/yellow-christ\/\"]}]},{\"@type\":\"ImageObject\",\"inLanguage\":\"de\",\"@id\":\"https:\/\/svetslik.si\/de\/religiose-gemalde\/yellow-christ\/#primaryimage\",\"url\":\"https:\/\/svetslik.si\/wp-content\/uploads\/2021\/08\/image_Yellow-Christ-Paul-Gauguin_680.jpg\",\"contentUrl\":\"https:\/\/svetslik.si\/wp-content\/uploads\/2021\/08\/image_Yellow-Christ-Paul-Gauguin_680.jpg\",\"width\":1920,\"height\":2399,\"caption\":\"Yellow-Christ-Paul-Gauguin Reproduktionen ber\u00fchmter Maler, moderne Wandgem\u00e4lde, Wandkunst\"},{\"@type\":\"BreadcrumbList\",\"@id\":\"https:\/\/svetslik.si\/de\/religiose-gemalde\/yellow-christ\/#breadcrumb\",\"itemListElement\":[{\"@type\":\"ListItem\",\"position\":1,\"name\":\"Wandkunst und Gem\u00e4lde auf Leinwand\",\"item\":\"https:\/\/svetslik.si\/de\/\"},{\"@type\":\"ListItem\",\"position\":2,\"name\":\"Verkauf von Gem\u00e4lden\",\"item\":\"https:\/\/svetslik.si\/prodaja-slik\/\"},{\"@type\":\"ListItem\",\"position\":3,\"name\":\"Paul Gauguin &#8211; Yellow Christ\"}]},{\"@type\":\"WebSite\",\"@id\":\"https:\/\/svetslik.si\/de\/#website\",\"url\":\"https:\/\/svetslik.si\/de\/\",\"name\":\"SVETSLIK.SI\",\"description\":\"100% handgemalte Reproduktionen von Gem\u00e4lden ber\u00fchmter Maler und Gem\u00e4lde auf Leinwand.\",\"publisher\":{\"@id\":\"https:\/\/svetslik.si\/de\/#organization\"},\"potentialAction\":[{\"@type\":\"SearchAction\",\"target\":{\"@type\":\"EntryPoint\",\"urlTemplate\":\"https:\/\/svetslik.si\/de\/?s={search_term_string}\"},\"query-input\":{\"@type\":\"PropertyValueSpecification\",\"valueRequired\":true,\"valueName\":\"search_term_string\"}}],\"inLanguage\":\"de\"},{\"@type\":\"Organization\",\"@id\":\"https:\/\/svetslik.si\/de\/#organization\",\"name\":\"SvetSlik.si\",\"url\":\"https:\/\/svetslik.si\/de\/\",\"logo\":{\"@type\":\"ImageObject\",\"inLanguage\":\"de\",\"@id\":\"https:\/\/svetslik.si\/de\/#\/schema\/logo\/image\/\",\"url\":\"https:\/\/svetslik.si\/wp-content\/uploads\/2020\/12\/logo-512.png\",\"contentUrl\":\"https:\/\/svetslik.si\/wp-content\/uploads\/2020\/12\/logo-512.png\",\"width\":512,\"height\":512,\"caption\":\"SvetSlik.si\"},\"image\":{\"@id\":\"https:\/\/svetslik.si\/de\/#\/schema\/logo\/image\/\"},\"sameAs\":[\"https:\/\/www.facebook.com\/svetslik.si\",\"https:\/\/x.com\/svetslik\",\"https:\/\/www.instagram.com\/svetslik.si\/\",\"https:\/\/www.linkedin.com\/company\/svetslik-si\"]}]}<\/script>\n<meta property=\"og:availability\" content=\"backorder\" \/>\n<meta property=\"product:availability\" content=\"available for order\" \/>\n<meta property=\"product:retailer_item_id\" content=\"232__\" \/>\n<meta property=\"product:condition\" content=\"new\" \/>\n<!-- \/ Yoast SEO Premium plugin. -->","yoast_head_json":{"title":"Paul Gauguin - Yellow Christ - SVETSLIK.SI - 100% handgemalt","description":"Paul Gauguin - Yellow Christ - 100% handgemalte Gem\u00e4lde - Verkauf von Reproduktionen ber\u00fchmter Gem\u00e4lde und abstrakter Kunst - Wandbilder f\u00fcr das Wohnzimmer","robots":{"index":"index","follow":"follow","max-snippet":"max-snippet:-1","max-image-preview":"max-image-preview:large","max-video-preview":"max-video-preview:-1"},"canonical":"https:\/\/svetslik.si\/de\/religiose-gemalde\/yellow-christ\/","og_locale":"de_DE","og_type":"article","og_title":"Paul Gauguin - Yellow Christ","og_description":"100% ro\u010dno naslikane slike na platnu, reprodukcije znanih slikarjev in umetni\u0161ke slike po naro\u010dilu.","og_url":"https:\/\/svetslik.si\/de\/religiose-gemalde\/yellow-christ\/","og_site_name":"SVETSLIK.SI","article_publisher":"https:\/\/www.facebook.com\/svetslik.si","article_modified_time":"2026-03-22T18:49:54+00:00","og_image":[{"width":1920,"height":2399,"url":"https:\/\/svetslik.si\/wp-content\/uploads\/2021\/08\/image_Yellow-Christ-Paul-Gauguin_680.jpg","type":"image\/jpeg"}],"twitter_card":"summary_large_image","twitter_site":"@svetslik","twitter_misc":{"Verf\u00fcgbarkeit":"bei Nachbestellung"},"schema":{"@context":"https:\/\/schema.org","@graph":[{"@type":["WebPage","ItemPage"],"@id":"https:\/\/svetslik.si\/de\/religiose-gemalde\/yellow-christ\/","url":"https:\/\/svetslik.si\/de\/religiose-gemalde\/yellow-christ\/","name":"Paul Gauguin - Yellow Christ - SVETSLIK.SI - 100% handgemalt","isPartOf":{"@id":"https:\/\/svetslik.si\/de\/#website"},"primaryImageOfPage":{"@id":"https:\/\/svetslik.si\/de\/religiose-gemalde\/yellow-christ\/#primaryimage"},"image":{"@id":"https:\/\/svetslik.si\/de\/religiose-gemalde\/yellow-christ\/#primaryimage"},"thumbnailUrl":"https:\/\/svetslik.si\/wp-content\/uploads\/2021\/08\/image_Yellow-Christ-Paul-Gauguin_680.jpg","datePublished":"2021-09-02T15:51:14+00:00","dateModified":"2026-03-22T18:49:54+00:00","description":"Paul Gauguin - Yellow Christ - 100% handgemalte Gem\u00e4lde - Verkauf von Reproduktionen ber\u00fchmter Gem\u00e4lde und abstrakter Kunst - Wandbilder f\u00fcr das Wohnzimmer","breadcrumb":{"@id":"https:\/\/svetslik.si\/de\/religiose-gemalde\/yellow-christ\/#breadcrumb"},"inLanguage":"de","potentialAction":[{"@type":"ReadAction","target":["https:\/\/svetslik.si\/de\/religiose-gemalde\/yellow-christ\/"]}]},{"@type":"ImageObject","inLanguage":"de","@id":"https:\/\/svetslik.si\/de\/religiose-gemalde\/yellow-christ\/#primaryimage","url":"https:\/\/svetslik.si\/wp-content\/uploads\/2021\/08\/image_Yellow-Christ-Paul-Gauguin_680.jpg","contentUrl":"https:\/\/svetslik.si\/wp-content\/uploads\/2021\/08\/image_Yellow-Christ-Paul-Gauguin_680.jpg","width":1920,"height":2399,"caption":"Yellow-Christ-Paul-Gauguin Reproduktionen ber\u00fchmter Maler, moderne Wandgem\u00e4lde, Wandkunst"},{"@type":"BreadcrumbList","@id":"https:\/\/svetslik.si\/de\/religiose-gemalde\/yellow-christ\/#breadcrumb","itemListElement":[{"@type":"ListItem","position":1,"name":"Wandkunst und Gem\u00e4lde auf Leinwand","item":"https:\/\/svetslik.si\/de\/"},{"@type":"ListItem","position":2,"name":"Verkauf von Gem\u00e4lden","item":"https:\/\/svetslik.si\/prodaja-slik\/"},{"@type":"ListItem","position":3,"name":"Paul Gauguin &#8211; Yellow Christ"}]},{"@type":"WebSite","@id":"https:\/\/svetslik.si\/de\/#website","url":"https:\/\/svetslik.si\/de\/","name":"SVETSLIK.SI","description":"100% handgemalte Reproduktionen von Gem\u00e4lden ber\u00fchmter Maler und Gem\u00e4lde auf Leinwand.","publisher":{"@id":"https:\/\/svetslik.si\/de\/#organization"},"potentialAction":[{"@type":"SearchAction","target":{"@type":"EntryPoint","urlTemplate":"https:\/\/svetslik.si\/de\/?s={search_term_string}"},"query-input":{"@type":"PropertyValueSpecification","valueRequired":true,"valueName":"search_term_string"}}],"inLanguage":"de"},{"@type":"Organization","@id":"https:\/\/svetslik.si\/de\/#organization","name":"SvetSlik.si","url":"https:\/\/svetslik.si\/de\/","logo":{"@type":"ImageObject","inLanguage":"de","@id":"https:\/\/svetslik.si\/de\/#\/schema\/logo\/image\/","url":"https:\/\/svetslik.si\/wp-content\/uploads\/2020\/12\/logo-512.png","contentUrl":"https:\/\/svetslik.si\/wp-content\/uploads\/2020\/12\/logo-512.png","width":512,"height":512,"caption":"SvetSlik.si"},"image":{"@id":"https:\/\/svetslik.si\/de\/#\/schema\/logo\/image\/"},"sameAs":["https:\/\/www.facebook.com\/svetslik.si","https:\/\/x.com\/svetslik","https:\/\/www.instagram.com\/svetslik.si\/","https:\/\/www.linkedin.com\/company\/svetslik-si"]}]},"og_availability":"backorder","product_availability":"available for order","product_retailer_item_id":"232__","product_condition":"new"},"jetpack_sharing_enabled":true,"_links":{"self":[{"href":"https:\/\/svetslik.si\/de\/wp-json\/wp\/v2\/product\/67324","targetHints":{"allow":["GET"]}}],"collection":[{"href":"https:\/\/svetslik.si\/de\/wp-json\/wp\/v2\/product"}],"about":[{"href":"https:\/\/svetslik.si\/de\/wp-json\/wp\/v2\/types\/product"}],"wp:featuredmedia":[{"embeddable":true,"href":"https:\/\/svetslik.si\/de\/wp-json\/wp\/v2\/media\/64360"}],"wp:attachment":[{"href":"https:\/\/svetslik.si\/de\/wp-json\/wp\/v2\/media?parent=67324"}],"wp:term":[{"taxonomy":"product_brand","embeddable":true,"href":"https:\/\/svetslik.si\/de\/wp-json\/wp\/v2\/product_brand?post=67324"},{"taxonomy":"product_cat","embeddable":true,"href":"https:\/\/svetslik.si\/de\/wp-json\/wp\/v2\/product_cat?post=67324"},{"taxonomy":"product_tag","embeddable":true,"href":"https:\/\/svetslik.si\/de\/wp-json\/wp\/v2\/product_tag?post=67324"}],"curies":[{"name":"wp","href":"https:\/\/api.w.org\/{rel}","templated":true}]}}