{"id":67377,"date":"2021-09-02T17:51:44","date_gmt":"2021-09-02T15:51:44","guid":{"rendered":"https:\/\/svetslik.si\/unkategorisiert\/three-ages-of-woman\/"},"modified":"2026-03-22T19:50:41","modified_gmt":"2026-03-22T18:50:41","slug":"three-ages-of-woman","status":"publish","type":"product","link":"https:\/\/svetslik.si\/de\/gustav-klimt-de\/three-ages-of-woman\/","title":{"rendered":"Gustav Klimt &#8211; Three ages of woman"},"content":{"rendered":"<h1>Gustav Klimt \u2013 Drei Lebensalter der Frau<\/h1>\n<p>&nbsp;<\/p>\n<table id=\"imageinfo\" border=\"0\" width=\"96%\" cellpadding=\"2\">\n<tbody>\n<tr>\n<td width=\"120\">Erstellungsjahr:<\/td>\n<td>1905<\/td>\n<\/tr>\n<tr>\n<td>Originalgr\u00f6\u00dfe:<\/td>\n<td>178 x 198 cm<\/td>\n<\/tr>\n<tr>\n<td>Malstil:<\/td>\n<td>Sezession<\/td>\n<\/tr>\n<tr>\n<td>Originaltechnik:<\/td>\n<td>\u00d6l auf Leinwand<\/td>\n<\/tr>\n<tr>\n<td>Standort:<\/td>\n<td>Nationalgalerie f\u00fcr moderne Kunst (GNOM), Rom<\/td>\n<\/tr>\n<\/tbody>\n<\/table>\n<p>&nbsp;<\/p>\n<div>Dieses eindringliche Gem\u00e4lde ist ein Ausschnitt des Gem\u00e4ldes <em>Drei Lebensalter einer Frau<\/em> aus dem Jahr 1905. Klimt platzierte eine \u00e4ltere Frau auf der linken Seite des \u00d6lbildes auf Leinwand als Gegengewicht zur Gesamtszene. In diesem sanften Portr\u00e4t einer schlafenden Mutter und Tochter dr\u00fcckte Klimt ein Gef\u00fchl ewiger Zufriedenheit aus. Das Konzept dieses Gem\u00e4ldes, die verwendeten Farben und Ornamente sind voller Kontraste und offenbaren uns unsere Vergangenheit und Zukunft.<\/div>\n<div><\/div>\n<div>Gustav Klimts Gem\u00e4lde \u201eDie drei Lebensalter einer Frau\u201c ist ein Meisterwerk der Jugendstilbewegung und eines der ber\u00fchmtesten und bekanntesten Werke des \u00f6sterreichischen Malers. Das Bild stellt verschiedene Lebensabschnitte einer Frau und die damit verbundenen Emotionen dar.<\/div>\n<div>\n<p>\u201eDrei Lebensalter einer Frau\u201c ist ein \u00d6lgem\u00e4lde auf Leinwand mit den Ma\u00dfen ca. 150 cm x 150 cm. Darauf sind drei Frauen abgebildet: eine stellt eine Mutterfigur dar, die zweite eine junge Frau und die dritte eine alte Frau. Das Gem\u00e4lde zeichnet sich durch den k\u00fchnen Einsatz von Farben und ein einzigartiges Gef\u00fchl f\u00fcr Bewegung und Emotionen aus. Jede Figur ist in Gold-, Silber- und Wei\u00dft\u00f6nen bemalt, der Hintergrund in Blau- und Lilat\u00f6nen, was dem Gem\u00e4lde ein Gef\u00fchl von Tiefe und Bewegung verleiht. In diesem Gem\u00e4lde wurde auch Blattgold verwendet, das Klimt in vielen seiner Werke verwendete.<\/p>\n<p>Das Gem\u00e4lde stellt die verschiedenen Lebensabschnitte einer Frau und die damit verbundenen Emotionen dar. Die Mutterfigur repr\u00e4sentiert den pflegenden und f\u00fcrsorglichen Aspekt der Weiblichkeit, die junge Frau repr\u00e4sentiert die Sch\u00f6nheit und Vitalit\u00e4t der Jugend und die alte Frau repr\u00e4sentiert die Weisheit und Erfahrung des Alters. Der Hintergrund mit komplizierten geometrischen Mustern repr\u00e4sentiert Harmonie und Ordnung im Universum. Das Bild weckt die Gef\u00fchle der Lebensreise und die damit verbundenen Emotionen.<\/p>\n<p>Klimts Gem\u00e4lde \u201eDrei Lebensalter einer Frau\u201c ist ein Meisterwerk des Jugendstils und gilt als eines der ikonischsten Werke des K\u00fcnstlers. Es repr\u00e4sentiert die verschiedenen Lebensabschnitte einer Frau und die damit verbundenen Emotionen. Das Gem\u00e4lde ist ein Muss f\u00fcr Kunstliebhaber und eine tolle Erg\u00e4nzung f\u00fcr jede Kunstsammlung.<\/p>\n<p>Kurz gesagt, Gustav Klimts Gem\u00e4lde \u201eDie drei Lebensalter einer Frau\u201c ist ein Meisterwerk der Jugendstilbewegung und eines der ber\u00fchmtesten und bekanntesten Werke des \u00f6sterreichischen Malers. Es repr\u00e4sentiert die verschiedenen Lebensabschnitte einer Frau und die damit verbundenen Emotionen. Das Gem\u00e4lde weckt Gef\u00fchle der Lebensreise und der damit verbundenen Emotionen und macht es zu einem kraftvollen und anregenden Werk. Die Verwendung von Blattgold und die komplizierten geometrischen Muster im Hintergrund verleihen dem Bild ein einzigartiges und auff\u00e4lliges Element und machen das Bild wirklich zu etwas Besonderem. Das Bild ist nicht nur eine Darstellung verschiedener Lebensabschnitte einer Frau, sondern auch eine Darstellung des Lebensweges und der damit verbundenen Emotionen. Es ist eine gro\u00dfartige M\u00f6glichkeit, jedem Raum einen Hauch von Bedeutung und Emotion zu verleihen. Das Gem\u00e4lde ist auch eine Darstellung von Sch\u00f6nheit, Eleganz und Wohlstand, was es zu einem gro\u00dfartigen St\u00fcck f\u00fcr diejenigen macht, die ihrer Inneneinrichtung einen Hauch von Luxus verleihen m\u00f6chten. Insgesamt ist Gustav Klimts Gem\u00e4lde \u201eDrei Perioden der Frau\u201c ein Muss f\u00fcr Kunstliebhaber und eine tolle Erg\u00e4nzung f\u00fcr jede Kunstsammlung.<\/p>\n<\/div>\n<div><\/div>\n","protected":false},"excerpt":{"rendered":"<p>Gustav Klimt \u2013 Drei Lebensalter der Frau &nbsp; Erstellungsjahr: 1905 Originalgr\u00f6\u00dfe: 178 x 198 cm Malstil: Sezession Originaltechnik: \u00d6l auf Leinwand Standort: Nationalgalerie f\u00fcr moderne Kunst (GNOM), Rom &nbsp; Dieses eindringliche Gem\u00e4lde ist ein Ausschnitt des Gem\u00e4ldes Drei Lebensalter einer Frau aus dem Jahr 1905. Klimt platzierte eine \u00e4ltere Frau [&hellip;]<\/p>\n","protected":false},"featured_media":64238,"template":"","meta":{"_acf_changed":false},"product_brand":[],"product_cat":[8461],"product_tag":[8489,8493,8521,8513,8514],"class_list":{"0":"post-67377","1":"product","2":"type-product","3":"status-publish","4":"has-post-thumbnail","6":"product_cat-gustav-klimt-de","7":"product_tag-gustav-klimt-de","8":"product_tag-klimt-de","9":"product_tag-maler","10":"product_tag-reproduktion","11":"product_tag-reproduktionen","12":"pa_dimenzija-100-x-90-cm-de","13":"pa_dimenzija-120-x-110-cm-de","14":"pa_dimenzija-140-x-130-cm-de","15":"pa_dimenzija-160-x-140-cm-de","16":"pa_dimenzija-180-x-160-cm-de","17":"pa_dimenzija-198-x-178-cm-de","18":"pa_dimenzija-250-x-225-cm-de","19":"pa_dimenzija-60-x-55-cm-de","20":"pa_dimenzija-80-x-70-cm-de","21":"pa_dimenzija-90-x-80-cm-de","22":"pa_oblika-horizontal-de","23":"pa_okvir-ohne-rahmen","24":"pa_podokvir-ja","25":"pa_podokvir-nein","27":"first","28":"onbackorder","29":"purchasable","30":"product-type-variable","31":"has-default-attributes"},"acf":[],"yoast_head":"<!-- This site is optimized with the Yoast SEO Premium plugin v26.0 (Yoast SEO v27.2) - https:\/\/yoast.com\/product\/yoast-seo-premium-wordpress\/ -->\n<title>Gustav Klimt - Three ages of woman - SVETSLIK.SI - 100% handgemalt<\/title>\n<meta name=\"description\" content=\"Gustav Klimt - Three ages of woman - 100% handgemalte Gem\u00e4lde - Verkauf von Reproduktionen ber\u00fchmter Gem\u00e4lde und abstrakter Kunst - Wandbilder f\u00fcr das Wohnzimmer\" \/>\n<meta name=\"robots\" content=\"index, follow, max-snippet:-1, max-image-preview:large, max-video-preview:-1\" \/>\n<link rel=\"canonical\" href=\"https:\/\/svetslik.si\/de\/gustav-klimt-de\/three-ages-of-woman\/\" \/>\n<meta property=\"og:locale\" content=\"de_DE\" \/>\n<meta property=\"og:type\" content=\"article\" \/>\n<meta property=\"og:title\" content=\"Gustav Klimt - Three ages of woman\" \/>\n<meta property=\"og:description\" content=\"100% ro\u010dno naslikane slike na platnu, reprodukcije znanih slikarjev in umetni\u0161ke slike po naro\u010dilu.\" \/>\n<meta property=\"og:url\" content=\"https:\/\/svetslik.si\/de\/gustav-klimt-de\/three-ages-of-woman\/\" \/>\n<meta property=\"og:site_name\" content=\"SVETSLIK.SI\" \/>\n<meta property=\"article:publisher\" content=\"https:\/\/www.facebook.com\/svetslik.si\" \/>\n<meta property=\"article:modified_time\" content=\"2026-03-22T18:50:41+00:00\" \/>\n<meta property=\"og:image\" content=\"https:\/\/svetslik.si\/wp-content\/uploads\/2021\/08\/image_Three-ages-of-woman_680-scaled.jpg\" \/>\n\t<meta property=\"og:image:width\" content=\"2560\" \/>\n\t<meta property=\"og:image:height\" content=\"2475\" \/>\n\t<meta property=\"og:image:type\" content=\"image\/jpeg\" \/>\n<meta name=\"twitter:card\" content=\"summary_large_image\" \/>\n<meta name=\"twitter:site\" content=\"@svetslik\" \/>\n<meta name=\"twitter:label1\" content=\"Verf\u00fcgbarkeit\" \/>\n\t<meta name=\"twitter:data1\" content=\"bei Nachbestellung\" \/>\n<script type=\"application\/ld+json\" class=\"yoast-schema-graph\">{\"@context\":\"https:\/\/schema.org\",\"@graph\":[{\"@type\":[\"WebPage\",\"ItemPage\"],\"@id\":\"https:\/\/svetslik.si\/de\/gustav-klimt-de\/three-ages-of-woman\/\",\"url\":\"https:\/\/svetslik.si\/de\/gustav-klimt-de\/three-ages-of-woman\/\",\"name\":\"Gustav Klimt - Three ages of woman - SVETSLIK.SI - 100% handgemalt\",\"isPartOf\":{\"@id\":\"https:\/\/svetslik.si\/de\/#website\"},\"primaryImageOfPage\":{\"@id\":\"https:\/\/svetslik.si\/de\/gustav-klimt-de\/three-ages-of-woman\/#primaryimage\"},\"image\":{\"@id\":\"https:\/\/svetslik.si\/de\/gustav-klimt-de\/three-ages-of-woman\/#primaryimage\"},\"thumbnailUrl\":\"https:\/\/svetslik.si\/wp-content\/uploads\/2021\/08\/image_Three-ages-of-woman_680-scaled.jpg\",\"datePublished\":\"2021-09-02T15:51:44+00:00\",\"dateModified\":\"2026-03-22T18:50:41+00:00\",\"description\":\"Gustav Klimt - Three ages of woman - 100% handgemalte Gem\u00e4lde - Verkauf von Reproduktionen ber\u00fchmter Gem\u00e4lde und abstrakter Kunst - Wandbilder f\u00fcr das Wohnzimmer\",\"breadcrumb\":{\"@id\":\"https:\/\/svetslik.si\/de\/gustav-klimt-de\/three-ages-of-woman\/#breadcrumb\"},\"inLanguage\":\"de\",\"potentialAction\":[{\"@type\":\"ReadAction\",\"target\":[\"https:\/\/svetslik.si\/de\/gustav-klimt-de\/three-ages-of-woman\/\"]}]},{\"@type\":\"ImageObject\",\"inLanguage\":\"de\",\"@id\":\"https:\/\/svetslik.si\/de\/gustav-klimt-de\/three-ages-of-woman\/#primaryimage\",\"url\":\"https:\/\/svetslik.si\/wp-content\/uploads\/2021\/08\/image_Three-ages-of-woman_680-scaled.jpg\",\"contentUrl\":\"https:\/\/svetslik.si\/wp-content\/uploads\/2021\/08\/image_Three-ages-of-woman_680-scaled.jpg\",\"width\":2560,\"height\":2475,\"caption\":\"Gustav Klimt - Three Ages of Woman - Drei Lebensalter der Frau, Gem\u00e4lde, Leinwandbilder\"},{\"@type\":\"BreadcrumbList\",\"@id\":\"https:\/\/svetslik.si\/de\/gustav-klimt-de\/three-ages-of-woman\/#breadcrumb\",\"itemListElement\":[{\"@type\":\"ListItem\",\"position\":1,\"name\":\"Wandkunst und Gem\u00e4lde auf Leinwand\",\"item\":\"https:\/\/svetslik.si\/de\/\"},{\"@type\":\"ListItem\",\"position\":2,\"name\":\"Verkauf von Gem\u00e4lden\",\"item\":\"https:\/\/svetslik.si\/prodaja-slik\/\"},{\"@type\":\"ListItem\",\"position\":3,\"name\":\"Gustav Klimt &#8211; Three ages of woman\"}]},{\"@type\":\"WebSite\",\"@id\":\"https:\/\/svetslik.si\/de\/#website\",\"url\":\"https:\/\/svetslik.si\/de\/\",\"name\":\"SVETSLIK.SI\",\"description\":\"100% handgemalte Reproduktionen von Gem\u00e4lden ber\u00fchmter Maler und Gem\u00e4lde auf Leinwand.\",\"publisher\":{\"@id\":\"https:\/\/svetslik.si\/de\/#organization\"},\"potentialAction\":[{\"@type\":\"SearchAction\",\"target\":{\"@type\":\"EntryPoint\",\"urlTemplate\":\"https:\/\/svetslik.si\/de\/?s={search_term_string}\"},\"query-input\":{\"@type\":\"PropertyValueSpecification\",\"valueRequired\":true,\"valueName\":\"search_term_string\"}}],\"inLanguage\":\"de\"},{\"@type\":\"Organization\",\"@id\":\"https:\/\/svetslik.si\/de\/#organization\",\"name\":\"SvetSlik.si\",\"url\":\"https:\/\/svetslik.si\/de\/\",\"logo\":{\"@type\":\"ImageObject\",\"inLanguage\":\"de\",\"@id\":\"https:\/\/svetslik.si\/de\/#\/schema\/logo\/image\/\",\"url\":\"https:\/\/svetslik.si\/wp-content\/uploads\/2020\/12\/logo-512.png\",\"contentUrl\":\"https:\/\/svetslik.si\/wp-content\/uploads\/2020\/12\/logo-512.png\",\"width\":512,\"height\":512,\"caption\":\"SvetSlik.si\"},\"image\":{\"@id\":\"https:\/\/svetslik.si\/de\/#\/schema\/logo\/image\/\"},\"sameAs\":[\"https:\/\/www.facebook.com\/svetslik.si\",\"https:\/\/x.com\/svetslik\",\"https:\/\/www.instagram.com\/svetslik.si\/\",\"https:\/\/www.linkedin.com\/company\/svetslik-si\"]}]}<\/script>\n<meta property=\"og:availability\" content=\"backorder\" \/>\n<meta property=\"product:availability\" content=\"available for order\" \/>\n<meta property=\"product:retailer_item_id\" content=\"239__\" \/>\n<meta property=\"product:condition\" content=\"new\" \/>\n<!-- \/ Yoast SEO Premium plugin. -->","yoast_head_json":{"title":"Gustav Klimt - Three ages of woman - SVETSLIK.SI - 100% handgemalt","description":"Gustav Klimt - Three ages of woman - 100% handgemalte Gem\u00e4lde - Verkauf von Reproduktionen ber\u00fchmter Gem\u00e4lde und abstrakter Kunst - Wandbilder f\u00fcr das Wohnzimmer","robots":{"index":"index","follow":"follow","max-snippet":"max-snippet:-1","max-image-preview":"max-image-preview:large","max-video-preview":"max-video-preview:-1"},"canonical":"https:\/\/svetslik.si\/de\/gustav-klimt-de\/three-ages-of-woman\/","og_locale":"de_DE","og_type":"article","og_title":"Gustav Klimt - Three ages of woman","og_description":"100% ro\u010dno naslikane slike na platnu, reprodukcije znanih slikarjev in umetni\u0161ke slike po naro\u010dilu.","og_url":"https:\/\/svetslik.si\/de\/gustav-klimt-de\/three-ages-of-woman\/","og_site_name":"SVETSLIK.SI","article_publisher":"https:\/\/www.facebook.com\/svetslik.si","article_modified_time":"2026-03-22T18:50:41+00:00","og_image":[{"width":2560,"height":2475,"url":"https:\/\/svetslik.si\/wp-content\/uploads\/2021\/08\/image_Three-ages-of-woman_680-scaled.jpg","type":"image\/jpeg"}],"twitter_card":"summary_large_image","twitter_site":"@svetslik","twitter_misc":{"Verf\u00fcgbarkeit":"bei Nachbestellung"},"schema":{"@context":"https:\/\/schema.org","@graph":[{"@type":["WebPage","ItemPage"],"@id":"https:\/\/svetslik.si\/de\/gustav-klimt-de\/three-ages-of-woman\/","url":"https:\/\/svetslik.si\/de\/gustav-klimt-de\/three-ages-of-woman\/","name":"Gustav Klimt - Three ages of woman - SVETSLIK.SI - 100% handgemalt","isPartOf":{"@id":"https:\/\/svetslik.si\/de\/#website"},"primaryImageOfPage":{"@id":"https:\/\/svetslik.si\/de\/gustav-klimt-de\/three-ages-of-woman\/#primaryimage"},"image":{"@id":"https:\/\/svetslik.si\/de\/gustav-klimt-de\/three-ages-of-woman\/#primaryimage"},"thumbnailUrl":"https:\/\/svetslik.si\/wp-content\/uploads\/2021\/08\/image_Three-ages-of-woman_680-scaled.jpg","datePublished":"2021-09-02T15:51:44+00:00","dateModified":"2026-03-22T18:50:41+00:00","description":"Gustav Klimt - Three ages of woman - 100% handgemalte Gem\u00e4lde - Verkauf von Reproduktionen ber\u00fchmter Gem\u00e4lde und abstrakter Kunst - Wandbilder f\u00fcr das Wohnzimmer","breadcrumb":{"@id":"https:\/\/svetslik.si\/de\/gustav-klimt-de\/three-ages-of-woman\/#breadcrumb"},"inLanguage":"de","potentialAction":[{"@type":"ReadAction","target":["https:\/\/svetslik.si\/de\/gustav-klimt-de\/three-ages-of-woman\/"]}]},{"@type":"ImageObject","inLanguage":"de","@id":"https:\/\/svetslik.si\/de\/gustav-klimt-de\/three-ages-of-woman\/#primaryimage","url":"https:\/\/svetslik.si\/wp-content\/uploads\/2021\/08\/image_Three-ages-of-woman_680-scaled.jpg","contentUrl":"https:\/\/svetslik.si\/wp-content\/uploads\/2021\/08\/image_Three-ages-of-woman_680-scaled.jpg","width":2560,"height":2475,"caption":"Gustav Klimt - Three Ages of Woman - Drei Lebensalter der Frau, Gem\u00e4lde, Leinwandbilder"},{"@type":"BreadcrumbList","@id":"https:\/\/svetslik.si\/de\/gustav-klimt-de\/three-ages-of-woman\/#breadcrumb","itemListElement":[{"@type":"ListItem","position":1,"name":"Wandkunst und Gem\u00e4lde auf Leinwand","item":"https:\/\/svetslik.si\/de\/"},{"@type":"ListItem","position":2,"name":"Verkauf von Gem\u00e4lden","item":"https:\/\/svetslik.si\/prodaja-slik\/"},{"@type":"ListItem","position":3,"name":"Gustav Klimt &#8211; Three ages of woman"}]},{"@type":"WebSite","@id":"https:\/\/svetslik.si\/de\/#website","url":"https:\/\/svetslik.si\/de\/","name":"SVETSLIK.SI","description":"100% handgemalte Reproduktionen von Gem\u00e4lden ber\u00fchmter Maler und Gem\u00e4lde auf Leinwand.","publisher":{"@id":"https:\/\/svetslik.si\/de\/#organization"},"potentialAction":[{"@type":"SearchAction","target":{"@type":"EntryPoint","urlTemplate":"https:\/\/svetslik.si\/de\/?s={search_term_string}"},"query-input":{"@type":"PropertyValueSpecification","valueRequired":true,"valueName":"search_term_string"}}],"inLanguage":"de"},{"@type":"Organization","@id":"https:\/\/svetslik.si\/de\/#organization","name":"SvetSlik.si","url":"https:\/\/svetslik.si\/de\/","logo":{"@type":"ImageObject","inLanguage":"de","@id":"https:\/\/svetslik.si\/de\/#\/schema\/logo\/image\/","url":"https:\/\/svetslik.si\/wp-content\/uploads\/2020\/12\/logo-512.png","contentUrl":"https:\/\/svetslik.si\/wp-content\/uploads\/2020\/12\/logo-512.png","width":512,"height":512,"caption":"SvetSlik.si"},"image":{"@id":"https:\/\/svetslik.si\/de\/#\/schema\/logo\/image\/"},"sameAs":["https:\/\/www.facebook.com\/svetslik.si","https:\/\/x.com\/svetslik","https:\/\/www.instagram.com\/svetslik.si\/","https:\/\/www.linkedin.com\/company\/svetslik-si"]}]},"og_availability":"backorder","product_availability":"available for order","product_retailer_item_id":"239__","product_condition":"new"},"jetpack_sharing_enabled":true,"_links":{"self":[{"href":"https:\/\/svetslik.si\/de\/wp-json\/wp\/v2\/product\/67377","targetHints":{"allow":["GET"]}}],"collection":[{"href":"https:\/\/svetslik.si\/de\/wp-json\/wp\/v2\/product"}],"about":[{"href":"https:\/\/svetslik.si\/de\/wp-json\/wp\/v2\/types\/product"}],"wp:featuredmedia":[{"embeddable":true,"href":"https:\/\/svetslik.si\/de\/wp-json\/wp\/v2\/media\/64238"}],"wp:attachment":[{"href":"https:\/\/svetslik.si\/de\/wp-json\/wp\/v2\/media?parent=67377"}],"wp:term":[{"taxonomy":"product_brand","embeddable":true,"href":"https:\/\/svetslik.si\/de\/wp-json\/wp\/v2\/product_brand?post=67377"},{"taxonomy":"product_cat","embeddable":true,"href":"https:\/\/svetslik.si\/de\/wp-json\/wp\/v2\/product_cat?post=67377"},{"taxonomy":"product_tag","embeddable":true,"href":"https:\/\/svetslik.si\/de\/wp-json\/wp\/v2\/product_tag?post=67377"}],"curies":[{"name":"wp","href":"https:\/\/api.w.org\/{rel}","templated":true}]}}