{"id":67388,"date":"2021-09-02T17:51:44","date_gmt":"2021-09-02T15:51:44","guid":{"rendered":"https:\/\/svetslik.si\/unkategorisiert\/hope-i\/"},"modified":"2026-03-22T19:50:41","modified_gmt":"2026-03-22T18:50:41","slug":"hope-i","status":"publish","type":"product","link":"https:\/\/svetslik.si\/de\/gustav-klimt-de\/hope-i\/","title":{"rendered":"Gustav Klimt &#8211; Hope I"},"content":{"rendered":"<h1>Gustav Klimt \u2013 Hoffe ich<\/h1>\n<p>&nbsp;<\/p>\n<table id=\"imageinfo\" border=\"0\" width=\"96%\" cellpadding=\"2\">\n<tbody>\n<tr>\n<td width=\"120\">Erstellungsjahr:<\/td>\n<td> 1903<\/td>\n<\/tr>\n<tr>\n<td>Originalgr\u00f6\u00dfe:<\/td>\n<td>\u00a067 cm x 189 cm<\/td>\n<\/tr>\n<tr>\n<td>Malstil:<\/td>\n<td>Sezession<\/td>\n<\/tr>\n<tr>\n<td>Originaltechnik:<\/td>\n<td>\u00d6l auf Leinwand<\/td>\n<\/tr>\n<tr>\n<td>Standort:<\/td>\n<td>\u00a0Nationalgalerie von Ottawa, Kanada<\/td>\n<\/tr>\n<\/tbody>\n<\/table>\n<p>Das \u00d6l auf Leinwand <em>Hope I<\/em> ist eine \u00e4u\u00dferst lyrische Darstellung einer schwangeren Frau, platziert in einem Kontext aus maskierten Figuren, Totenk\u00f6pfen und allegorischen Monstern wie S\u00fcnde, Krankheit, Armut und Tod, die alle in wiederum bedrohen das kommende neue Leben. Der Titel dieses Gem\u00e4ldes und die schamlose Darstellung des K\u00f6rpers einer schwangeren Frau zeugen von der Hommage des Malers an das Leben und den K\u00f6rper.<\/p>\n<p>Gustav Klimts Gem\u00e4lde \u201eHoffnung I\u201c ist ein Meisterwerk der Jugendstilbewegung und eines der ber\u00fchmtesten und bekanntesten Werke des \u00f6sterreichischen Malers. Das Gem\u00e4lde repr\u00e4sentiert den menschlichen Zustand und die Hoffnung, die darin liegt.<\/p>\n<p>\u201eHope I\u201c ist ein \u00d6lgem\u00e4lde auf Leinwand mit den Ma\u00dfen ca. 100 cm x 100 cm. Es zeigt eine schwangere Frau, die mit geschlossenen Augen auf einer Bank sitzt und ein gro\u00dfes goldenes Ei in den H\u00e4nden h\u00e4lt. Das Gem\u00e4lde zeichnet sich durch den k\u00fchnen Einsatz von Farben und ein einzigartiges Gef\u00fchl f\u00fcr Bewegung und Emotionen aus. Die Frau ist in Wei\u00df-, Gold- und Silbert\u00f6nen bemalt, w\u00e4hrend der Hintergrund in Blau- und Lilat\u00f6nen gehalten ist, was dem Gem\u00e4lde ein Gef\u00fchl von Tiefe und Bewegung verleiht. In diesem Gem\u00e4lde wurde auch Blattgold verwendet, das Klimt in vielen seiner Werke verwendete.<\/p>\n<p>Das Gem\u00e4lde ist eine Darstellung des menschlichen Zustands und der Hoffnung, die darin liegt. Eine schwangere Frau symbolisiert die M\u00f6glichkeit eines neuen Lebens und die damit verbundene Hoffnung. Das goldene Ei, das er in der Hand h\u00e4lt, symbolisiert die M\u00f6glichkeit eines Neuanfangs, und der Hintergrund mit komplizierten geometrischen Mustern repr\u00e4sentiert Harmonie und Ordnung im Universum. Das Gem\u00e4lde ruft die Gef\u00fchle der Hoffnung und des Potenzials hervor, die Klimts Kunst charakterisieren.<\/p>\n<p>Klimts Gem\u00e4lde \u201eHoffnung I\u201c ist ein Meisterwerk der Jugendstilbewegung und gilt als eines der ikonischsten Werke des K\u00fcnstlers. Es repr\u00e4sentiert den menschlichen Zustand und die Hoffnung, die darin liegt. Das Gem\u00e4lde ist ein Muss f\u00fcr Kunstliebhaber und eine tolle Erg\u00e4nzung f\u00fcr jede Kunstsammlung.<\/p>\n<p>Kurz gesagt, Gustav Klimts Gem\u00e4lde \u201eHoffnung I\u201c ist ein Meisterwerk der Jugendstilbewegung und eines der ber\u00fchmtesten und bekanntesten Werke des \u00f6sterreichischen Malers. Es ist eine Darstellung des menschlichen Zustands und der Hoffnung, die darin liegt. Das Gem\u00e4lde weckt Gef\u00fchle der Hoffnung, des Potenzials und des Neuanfangs und ist somit eine gro\u00dfartige Erg\u00e4nzung f\u00fcr jeden Raum, der einen Hauch von Inspiration braucht. Die Verwendung von Blattgold und die komplizierten geometrischen Muster im Hintergrund verleihen dem Bild ein einzigartiges und markantes Element und machen es wirklich zu etwas Besonderem. Es ist eine gro\u00dfartige M\u00f6glichkeit, jedem Raum einen Hauch von Hoffnung und Inspiration zu verleihen.<\/p>\n","protected":false},"excerpt":{"rendered":"<p>Gustav Klimt \u2013 Hoffe ich &nbsp; Erstellungsjahr: 1903 Originalgr\u00f6\u00dfe: \u00a067 cm x 189 cm Malstil: Sezession Originaltechnik: \u00d6l auf Leinwand Standort: \u00a0Nationalgalerie von Ottawa, Kanada Das \u00d6l auf Leinwand Hope I ist eine \u00e4u\u00dferst lyrische Darstellung einer schwangeren Frau, platziert in einem Kontext aus maskierten Figuren, Totenk\u00f6pfen und allegorischen Monstern [&hellip;]<\/p>\n","protected":false},"featured_media":63667,"template":"","meta":{"_acf_changed":false},"product_brand":[],"product_cat":[8461],"product_tag":[8489,8493,8521,8513,8514],"class_list":{"0":"post-67388","1":"product","2":"type-product","3":"status-publish","4":"has-post-thumbnail","6":"product_cat-gustav-klimt-de","7":"product_tag-gustav-klimt-de","8":"product_tag-klimt-de","9":"product_tag-maler","10":"product_tag-reproduktion","11":"product_tag-reproduktionen","12":"pa_dimenzija-100-x-280-cm-de","13":"pa_dimenzija-30-x-80-cm-de","14":"pa_dimenzija-40-x-110-cm-de","15":"pa_dimenzija-50-x-140-cm-de","16":"pa_dimenzija-60-x-170-cm-de","17":"pa_dimenzija-67-x-189-cm-de","18":"pa_dimenzija-80-x-220-cm-de","19":"pa_oblika-vertikal","20":"pa_okvir-ohne-rahmen","21":"pa_podokvir-ja","22":"pa_podokvir-nein","24":"first","25":"onbackorder","26":"purchasable","27":"product-type-variable","28":"has-default-attributes"},"acf":[],"yoast_head":"<!-- This site is optimized with the Yoast SEO Premium plugin v26.0 (Yoast SEO v27.2) - https:\/\/yoast.com\/product\/yoast-seo-premium-wordpress\/ -->\n<title>Gustav Klimt - Hope I - SVETSLIK.SI - 100% handgemalt<\/title>\n<meta name=\"description\" content=\"Gustav Klimt - Hope I - 100% handgemalte Gem\u00e4lde - Verkauf von Reproduktionen ber\u00fchmter Gem\u00e4lde und abstrakter Kunst - Wandbilder f\u00fcr das Wohnzimmer\" \/>\n<meta name=\"robots\" content=\"index, follow, max-snippet:-1, max-image-preview:large, max-video-preview:-1\" \/>\n<link rel=\"canonical\" href=\"https:\/\/svetslik.si\/de\/gustav-klimt-de\/hope-i\/\" \/>\n<meta property=\"og:locale\" content=\"de_DE\" \/>\n<meta property=\"og:type\" content=\"article\" \/>\n<meta property=\"og:title\" content=\"Gustav Klimt - Hope I\" \/>\n<meta property=\"og:description\" content=\"100% ro\u010dno naslikane slike na platnu, reprodukcije znanih slikarjev in umetni\u0161ke slike po naro\u010dilu.\" \/>\n<meta property=\"og:url\" content=\"https:\/\/svetslik.si\/de\/gustav-klimt-de\/hope-i\/\" \/>\n<meta property=\"og:site_name\" content=\"SVETSLIK.SI\" \/>\n<meta property=\"article:publisher\" content=\"https:\/\/www.facebook.com\/svetslik.si\" \/>\n<meta property=\"article:modified_time\" content=\"2026-03-22T18:50:41+00:00\" \/>\n<meta property=\"og:image\" content=\"https:\/\/svetslik.si\/wp-content\/uploads\/2021\/08\/image_Hope-I-Gustav-Klimt_680.jpg\" \/>\n\t<meta property=\"og:image:width\" content=\"242\" \/>\n\t<meta property=\"og:image:height\" content=\"680\" \/>\n\t<meta property=\"og:image:type\" content=\"image\/jpeg\" \/>\n<meta name=\"twitter:card\" content=\"summary_large_image\" \/>\n<meta name=\"twitter:site\" content=\"@svetslik\" \/>\n<meta name=\"twitter:label1\" content=\"Verf\u00fcgbarkeit\" \/>\n\t<meta name=\"twitter:data1\" content=\"bei Nachbestellung\" \/>\n<script type=\"application\/ld+json\" class=\"yoast-schema-graph\">{\"@context\":\"https:\/\/schema.org\",\"@graph\":[{\"@type\":[\"WebPage\",\"ItemPage\"],\"@id\":\"https:\/\/svetslik.si\/de\/gustav-klimt-de\/hope-i\/\",\"url\":\"https:\/\/svetslik.si\/de\/gustav-klimt-de\/hope-i\/\",\"name\":\"Gustav Klimt - Hope I - SVETSLIK.SI - 100% handgemalt\",\"isPartOf\":{\"@id\":\"https:\/\/svetslik.si\/de\/#website\"},\"primaryImageOfPage\":{\"@id\":\"https:\/\/svetslik.si\/de\/gustav-klimt-de\/hope-i\/#primaryimage\"},\"image\":{\"@id\":\"https:\/\/svetslik.si\/de\/gustav-klimt-de\/hope-i\/#primaryimage\"},\"thumbnailUrl\":\"https:\/\/svetslik.si\/wp-content\/uploads\/2021\/08\/image_Hope-I-Gustav-Klimt_680.jpg\",\"datePublished\":\"2021-09-02T15:51:44+00:00\",\"dateModified\":\"2026-03-22T18:50:41+00:00\",\"description\":\"Gustav Klimt - Hope I - 100% handgemalte Gem\u00e4lde - Verkauf von Reproduktionen ber\u00fchmter Gem\u00e4lde und abstrakter Kunst - Wandbilder f\u00fcr das Wohnzimmer\",\"breadcrumb\":{\"@id\":\"https:\/\/svetslik.si\/de\/gustav-klimt-de\/hope-i\/#breadcrumb\"},\"inLanguage\":\"de\",\"potentialAction\":[{\"@type\":\"ReadAction\",\"target\":[\"https:\/\/svetslik.si\/de\/gustav-klimt-de\/hope-i\/\"]}]},{\"@type\":\"ImageObject\",\"inLanguage\":\"de\",\"@id\":\"https:\/\/svetslik.si\/de\/gustav-klimt-de\/hope-i\/#primaryimage\",\"url\":\"https:\/\/svetslik.si\/wp-content\/uploads\/2021\/08\/image_Hope-I-Gustav-Klimt_680.jpg\",\"contentUrl\":\"https:\/\/svetslik.si\/wp-content\/uploads\/2021\/08\/image_Hope-I-Gustav-Klimt_680.jpg\",\"width\":242,\"height\":680,\"caption\":\"Gustav Klimt - Hope I (Hoffnung I) - Gem\u00e4lde, Leinwandbilder, Reproduktion\"},{\"@type\":\"BreadcrumbList\",\"@id\":\"https:\/\/svetslik.si\/de\/gustav-klimt-de\/hope-i\/#breadcrumb\",\"itemListElement\":[{\"@type\":\"ListItem\",\"position\":1,\"name\":\"Wandkunst und Gem\u00e4lde auf Leinwand\",\"item\":\"https:\/\/svetslik.si\/de\/\"},{\"@type\":\"ListItem\",\"position\":2,\"name\":\"Verkauf von Gem\u00e4lden\",\"item\":\"https:\/\/svetslik.si\/prodaja-slik\/\"},{\"@type\":\"ListItem\",\"position\":3,\"name\":\"Gustav Klimt &#8211; Hope I\"}]},{\"@type\":\"WebSite\",\"@id\":\"https:\/\/svetslik.si\/de\/#website\",\"url\":\"https:\/\/svetslik.si\/de\/\",\"name\":\"SVETSLIK.SI\",\"description\":\"100% handgemalte Reproduktionen von Gem\u00e4lden ber\u00fchmter Maler und Gem\u00e4lde auf Leinwand.\",\"publisher\":{\"@id\":\"https:\/\/svetslik.si\/de\/#organization\"},\"potentialAction\":[{\"@type\":\"SearchAction\",\"target\":{\"@type\":\"EntryPoint\",\"urlTemplate\":\"https:\/\/svetslik.si\/de\/?s={search_term_string}\"},\"query-input\":{\"@type\":\"PropertyValueSpecification\",\"valueRequired\":true,\"valueName\":\"search_term_string\"}}],\"inLanguage\":\"de\"},{\"@type\":\"Organization\",\"@id\":\"https:\/\/svetslik.si\/de\/#organization\",\"name\":\"SvetSlik.si\",\"url\":\"https:\/\/svetslik.si\/de\/\",\"logo\":{\"@type\":\"ImageObject\",\"inLanguage\":\"de\",\"@id\":\"https:\/\/svetslik.si\/de\/#\/schema\/logo\/image\/\",\"url\":\"https:\/\/svetslik.si\/wp-content\/uploads\/2020\/12\/logo-512.png\",\"contentUrl\":\"https:\/\/svetslik.si\/wp-content\/uploads\/2020\/12\/logo-512.png\",\"width\":512,\"height\":512,\"caption\":\"SvetSlik.si\"},\"image\":{\"@id\":\"https:\/\/svetslik.si\/de\/#\/schema\/logo\/image\/\"},\"sameAs\":[\"https:\/\/www.facebook.com\/svetslik.si\",\"https:\/\/x.com\/svetslik\",\"https:\/\/www.instagram.com\/svetslik.si\/\",\"https:\/\/www.linkedin.com\/company\/svetslik-si\"]}]}<\/script>\n<meta property=\"og:availability\" content=\"backorder\" \/>\n<meta property=\"product:availability\" content=\"available for order\" \/>\n<meta property=\"product:retailer_item_id\" content=\"240__\" \/>\n<meta property=\"product:condition\" content=\"new\" \/>\n<!-- \/ Yoast SEO Premium plugin. -->","yoast_head_json":{"title":"Gustav Klimt - Hope I - SVETSLIK.SI - 100% handgemalt","description":"Gustav Klimt - Hope I - 100% handgemalte Gem\u00e4lde - Verkauf von Reproduktionen ber\u00fchmter Gem\u00e4lde und abstrakter Kunst - Wandbilder f\u00fcr das Wohnzimmer","robots":{"index":"index","follow":"follow","max-snippet":"max-snippet:-1","max-image-preview":"max-image-preview:large","max-video-preview":"max-video-preview:-1"},"canonical":"https:\/\/svetslik.si\/de\/gustav-klimt-de\/hope-i\/","og_locale":"de_DE","og_type":"article","og_title":"Gustav Klimt - Hope I","og_description":"100% ro\u010dno naslikane slike na platnu, reprodukcije znanih slikarjev in umetni\u0161ke slike po naro\u010dilu.","og_url":"https:\/\/svetslik.si\/de\/gustav-klimt-de\/hope-i\/","og_site_name":"SVETSLIK.SI","article_publisher":"https:\/\/www.facebook.com\/svetslik.si","article_modified_time":"2026-03-22T18:50:41+00:00","og_image":[{"width":242,"height":680,"url":"https:\/\/svetslik.si\/wp-content\/uploads\/2021\/08\/image_Hope-I-Gustav-Klimt_680.jpg","type":"image\/jpeg"}],"twitter_card":"summary_large_image","twitter_site":"@svetslik","twitter_misc":{"Verf\u00fcgbarkeit":"bei Nachbestellung"},"schema":{"@context":"https:\/\/schema.org","@graph":[{"@type":["WebPage","ItemPage"],"@id":"https:\/\/svetslik.si\/de\/gustav-klimt-de\/hope-i\/","url":"https:\/\/svetslik.si\/de\/gustav-klimt-de\/hope-i\/","name":"Gustav Klimt - Hope I - SVETSLIK.SI - 100% handgemalt","isPartOf":{"@id":"https:\/\/svetslik.si\/de\/#website"},"primaryImageOfPage":{"@id":"https:\/\/svetslik.si\/de\/gustav-klimt-de\/hope-i\/#primaryimage"},"image":{"@id":"https:\/\/svetslik.si\/de\/gustav-klimt-de\/hope-i\/#primaryimage"},"thumbnailUrl":"https:\/\/svetslik.si\/wp-content\/uploads\/2021\/08\/image_Hope-I-Gustav-Klimt_680.jpg","datePublished":"2021-09-02T15:51:44+00:00","dateModified":"2026-03-22T18:50:41+00:00","description":"Gustav Klimt - Hope I - 100% handgemalte Gem\u00e4lde - Verkauf von Reproduktionen ber\u00fchmter Gem\u00e4lde und abstrakter Kunst - Wandbilder f\u00fcr das Wohnzimmer","breadcrumb":{"@id":"https:\/\/svetslik.si\/de\/gustav-klimt-de\/hope-i\/#breadcrumb"},"inLanguage":"de","potentialAction":[{"@type":"ReadAction","target":["https:\/\/svetslik.si\/de\/gustav-klimt-de\/hope-i\/"]}]},{"@type":"ImageObject","inLanguage":"de","@id":"https:\/\/svetslik.si\/de\/gustav-klimt-de\/hope-i\/#primaryimage","url":"https:\/\/svetslik.si\/wp-content\/uploads\/2021\/08\/image_Hope-I-Gustav-Klimt_680.jpg","contentUrl":"https:\/\/svetslik.si\/wp-content\/uploads\/2021\/08\/image_Hope-I-Gustav-Klimt_680.jpg","width":242,"height":680,"caption":"Gustav Klimt - Hope I (Hoffnung I) - Gem\u00e4lde, Leinwandbilder, Reproduktion"},{"@type":"BreadcrumbList","@id":"https:\/\/svetslik.si\/de\/gustav-klimt-de\/hope-i\/#breadcrumb","itemListElement":[{"@type":"ListItem","position":1,"name":"Wandkunst und Gem\u00e4lde auf Leinwand","item":"https:\/\/svetslik.si\/de\/"},{"@type":"ListItem","position":2,"name":"Verkauf von Gem\u00e4lden","item":"https:\/\/svetslik.si\/prodaja-slik\/"},{"@type":"ListItem","position":3,"name":"Gustav Klimt &#8211; Hope I"}]},{"@type":"WebSite","@id":"https:\/\/svetslik.si\/de\/#website","url":"https:\/\/svetslik.si\/de\/","name":"SVETSLIK.SI","description":"100% handgemalte Reproduktionen von Gem\u00e4lden ber\u00fchmter Maler und Gem\u00e4lde auf Leinwand.","publisher":{"@id":"https:\/\/svetslik.si\/de\/#organization"},"potentialAction":[{"@type":"SearchAction","target":{"@type":"EntryPoint","urlTemplate":"https:\/\/svetslik.si\/de\/?s={search_term_string}"},"query-input":{"@type":"PropertyValueSpecification","valueRequired":true,"valueName":"search_term_string"}}],"inLanguage":"de"},{"@type":"Organization","@id":"https:\/\/svetslik.si\/de\/#organization","name":"SvetSlik.si","url":"https:\/\/svetslik.si\/de\/","logo":{"@type":"ImageObject","inLanguage":"de","@id":"https:\/\/svetslik.si\/de\/#\/schema\/logo\/image\/","url":"https:\/\/svetslik.si\/wp-content\/uploads\/2020\/12\/logo-512.png","contentUrl":"https:\/\/svetslik.si\/wp-content\/uploads\/2020\/12\/logo-512.png","width":512,"height":512,"caption":"SvetSlik.si"},"image":{"@id":"https:\/\/svetslik.si\/de\/#\/schema\/logo\/image\/"},"sameAs":["https:\/\/www.facebook.com\/svetslik.si","https:\/\/x.com\/svetslik","https:\/\/www.instagram.com\/svetslik.si\/","https:\/\/www.linkedin.com\/company\/svetslik-si"]}]},"og_availability":"backorder","product_availability":"available for order","product_retailer_item_id":"240__","product_condition":"new"},"jetpack_sharing_enabled":true,"_links":{"self":[{"href":"https:\/\/svetslik.si\/de\/wp-json\/wp\/v2\/product\/67388","targetHints":{"allow":["GET"]}}],"collection":[{"href":"https:\/\/svetslik.si\/de\/wp-json\/wp\/v2\/product"}],"about":[{"href":"https:\/\/svetslik.si\/de\/wp-json\/wp\/v2\/types\/product"}],"wp:featuredmedia":[{"embeddable":true,"href":"https:\/\/svetslik.si\/de\/wp-json\/wp\/v2\/media\/63667"}],"wp:attachment":[{"href":"https:\/\/svetslik.si\/de\/wp-json\/wp\/v2\/media?parent=67388"}],"wp:term":[{"taxonomy":"product_brand","embeddable":true,"href":"https:\/\/svetslik.si\/de\/wp-json\/wp\/v2\/product_brand?post=67388"},{"taxonomy":"product_cat","embeddable":true,"href":"https:\/\/svetslik.si\/de\/wp-json\/wp\/v2\/product_cat?post=67388"},{"taxonomy":"product_tag","embeddable":true,"href":"https:\/\/svetslik.si\/de\/wp-json\/wp\/v2\/product_tag?post=67388"}],"curies":[{"name":"wp","href":"https:\/\/api.w.org\/{rel}","templated":true}]}}