{"id":67396,"date":"2021-09-02T17:51:54","date_gmt":"2021-09-02T15:51:54","guid":{"rendered":"https:\/\/svetslik.si\/unkategorisiert\/water-serpents-ii\/"},"modified":"2026-03-22T19:51:38","modified_gmt":"2026-03-22T18:51:38","slug":"water-serpents-ii","status":"publish","type":"product","link":"https:\/\/svetslik.si\/de\/gustav-klimt-de\/water-serpents-ii\/","title":{"rendered":"Gustav Klimt &#8211; Water serpents II"},"content":{"rendered":"<div class=\"wpb-content-wrapper\">[vc_row][vc_column][vc_column_text]\n<h1>Gustav Klimt \u2013 Wasserschlangen II<\/h1>\n<p>\u00a0<\/p>\n<table id=\"imageinfo\" border=\"0\" width=\"96%\" cellpadding=\"2\">\n<tbody>\n<tr>\n<td width=\"120\">Erstellungsjahr:<\/td>\n<td>1904-1907<\/td>\n<\/tr>\n<tr>\n<td>Originalgr\u00f6\u00dfe:<\/td>\n<td>80 x 145 cm<\/td>\n<\/tr>\n<tr>\n<td>Malstil:<\/td>\n<td>Sezession<\/td>\n<\/tr>\n<tr>\n<td>Originaltechnik:<\/td>\n<td>\u00d6l auf Leinwand<\/td>\n<\/tr>\n<tr>\n<td>Standort:<\/td>\n<td>Nationalgalerie f\u00fcr moderne Kunst (GNOM), Rom<\/td>\n<\/tr>\n<\/tbody>\n<\/table>\n<p>\u00a0<\/p>\n<p>\u00d6l auf Leinwand <em>Wasserschlangen II<\/em> ist Teil von Klimts Serie <em>Wasserschlangen<\/em>, die typisch f\u00fcr das Oeuvre des Malers ist. Die stark ornamentalen Teile des Gem\u00e4ldes gehen in schimmernde Goldt\u00f6ne \u00fcber, w\u00e4hrend das Motiv des Kunstwerks eine f\u00fcr Klimts Frauendarstellungen typische erotische Aufladung enth\u00e4lt.[\/vc_column_text][\/vc_column][\/vc_row][vc_row][vc_column][vc_column_text]\u201eWasserschlangen II\u201c, gemalt vom \u00f6sterreichischen K\u00fcnstler Gustav Klimt in den Jahren 1904\u20131907, gelten als eines der erstaunlichsten und r\u00e4tselhaftesten Werke des K\u00fcnstlers. Das Gem\u00e4lde zeigt eine Gruppe schlangen\u00e4hnlicher Kreaturen, die durch ein Gew\u00e4sser schwimmen, umgeben von \u00fcppigem Blattwerk und einem lebendigen, wirbelnden Hintergrund.<\/p>\n<p>Das Gem\u00e4lde ist ein hervorragendes Beispiel f\u00fcr Klimts Jugendstilstil, der durch die Verwendung kunstvoller Muster, kr\u00e4ftiger Farben und sinnlicher Themen gekennzeichnet war. Die schlangen\u00e4hnlichen Kreaturen sind stark stilisiert dargestellt, mit l\u00e4nglichen K\u00f6rpern und vereinfachten Gesichtsz\u00fcgen, was dem Bild eine jenseitige und traumhafte Qualit\u00e4t verleiht.<\/p>\n<p>Eines der auff\u00e4lligsten Merkmale von \u201eWater Serpents II\u201c ist die Verwendung kr\u00e4ftiger Farben und komplizierter Muster. Das Gem\u00e4lde ist ein Farbenrausch, wobei die schlangen\u00e4hnlichen Kreaturen, das Blattwerk und der Hintergrund aus wirbelnden, ineinandergreifenden Mustern bestehen. Die Verwendung von Farbe und Muster erzeugt ein Gef\u00fchl von Bewegung und Fl\u00fcssigkeit, was angesichts des w\u00e4ssrigen Themas des Gem\u00e4ldes angemessen ist.<\/p>\n<p>Die Symbolik des Gem\u00e4ldes ist ebenfalls reichhaltig. Schlangenartige Kreaturen werden oft als Symbole f\u00fcr Wiedergeburt und Erneuerung angesehen, w\u00e4hrend \u00fcppiges Blattwerk und lebendige Hintergr\u00fcnde die F\u00fclle und Vitalit\u00e4t der Natur symbolisieren k\u00f6nnen. Dargestellt werden auch schlangenartige Wesen mit l\u00e4nglichen K\u00f6rpern, die als Symbol f\u00fcr die Kontinuit\u00e4t des Lebens verstanden werden k\u00f6nnen.<\/p>\n<p>\u201eWasserschlangen II\u201c war Teil einer Gem\u00e4ldeserie, die Klimt zum Thema Wasserschlangen schuf. Die Serie gilt als eines seiner bedeutendsten Werke und ist bekannt f\u00fcr die Verwendung kr\u00e4ftiger Farben und komplizierter Muster. Die Serie wurde stark von der symbolistischen Bewegung beeinflusst, die versuchte, Ideen und Emotionen mithilfe symbolischer Bilder auszudr\u00fccken.<\/p>\n<p>Das Gem\u00e4lde befindet sich derzeit im Museum der bildenden K\u00fcnste in Wien, \u00d6sterreich. Es gilt als Meisterwerk des Jugendstils und als Werk Gustav Klimts.<\/p>\n<p>Kurz gesagt, \u201eWasserschlangen II\u201c ist ein atemberaubendes und geheimnisvolles Gem\u00e4lde, das die reich verzierten Muster, kr\u00e4ftigen Farben und sinnlichen Themen zeigt, die die Markenzeichen von Gustav Klimts Jugendstilstil sind. Die Verwendung von Farben und Mustern im Bild erzeugt ein Gef\u00fchl von Bewegung und Fl\u00fcssigkeit, w\u00e4hrend die schlangen\u00e4hnlichen Kreaturen Wiedergeburt und Erneuerung symbolisieren k\u00f6nnen. Das Gem\u00e4lde gilt als Meisterwerk des Jugendstils und Werk von Gustav Klimt und wird derzeit im Museum der bildenden K\u00fcnste in Wien, \u00d6sterreich, aufbewahrt.[\/vc_column_text][\/vc_column][\/vc_row][vc_row css=\u201d.vc_custom_1691303781536{margin-bottom: 10px !important;}\u201d][vc_column]\t<div class=\"et-image-532 et-image  full   et_image_link\">\n\t\t<div class=\"et-image-inner \">\n\t\t\t\t\t\t\t<div class=\"et-image-thumb \">\n\t\t\t\t\t<img decoding=\"async\" width=\"2560\" height=\"1700\" src=\"https:\/\/svetslik.si\/wp-content\/uploads\/2021\/09\/Gustav-Klimt-\u2013-Water-serpents-II-3-scaled.jpg\" class=\"attachment-full\" alt=\"Gustav Klimt - Wasserschlangen II Gem\u00e4lde, Leinwandbilder\" title=\"Gustav Klimt - Wasserschlangen II Gem\u00e4lde, Leinwandbilder\" srcset=\"https:\/\/svetslik.si\/wp-content\/uploads\/2021\/09\/Gustav-Klimt-\u2013-Water-serpents-II-3-scaled.jpg 2560w, https:\/\/svetslik.si\/wp-content\/uploads\/2021\/09\/Gustav-Klimt-\u2013-Water-serpents-II-3-600x398.jpg 600w, https:\/\/svetslik.si\/wp-content\/uploads\/2021\/09\/Gustav-Klimt-\u2013-Water-serpents-II-3-scaled-1200x797.jpg 1200w, https:\/\/svetslik.si\/wp-content\/uploads\/2021\/09\/Gustav-Klimt-\u2013-Water-serpents-II-3-300x199.jpg 300w, https:\/\/svetslik.si\/wp-content\/uploads\/2021\/09\/Gustav-Klimt-\u2013-Water-serpents-II-3-1024x680.jpg 1024w, https:\/\/svetslik.si\/wp-content\/uploads\/2021\/09\/Gustav-Klimt-\u2013-Water-serpents-II-3-768x510.jpg 768w, https:\/\/svetslik.si\/wp-content\/uploads\/2021\/09\/Gustav-Klimt-\u2013-Water-serpents-II-3-1536x1020.jpg 1536w, https:\/\/svetslik.si\/wp-content\/uploads\/2021\/09\/Gustav-Klimt-\u2013-Water-serpents-II-3-2048x1360.jpg 2048w, https:\/\/svetslik.si\/wp-content\/uploads\/2021\/09\/Gustav-Klimt-\u2013-Water-serpents-II-3-18x12.jpg 18w, https:\/\/svetslik.si\/wp-content\/uploads\/2021\/09\/Gustav-Klimt-\u2013-Water-serpents-II-3-150x100.jpg 150w, https:\/\/svetslik.si\/wp-content\/uploads\/2021\/09\/Gustav-Klimt-\u2013-Water-serpents-II-3-1320x876.jpg 1320w, https:\/\/svetslik.si\/wp-content\/uploads\/2021\/09\/Gustav-Klimt-\u2013-Water-serpents-II-3-900x598.jpg 900w\" sizes=\"(max-width: 2560px) 100vw, 2560px\" \/>\t\t\t\t<\/div>\n\t\t\t\t\t\t\t\t\t\t\t<\/div>\n\t<\/div>\n  [\/vc_column][\/vc_row][vc_row css=\u201d.vc_custom_1691303781536{margin-bottom: 10px !important;}\u201d][vc_column]\t<div class=\"et-image-938 et-image  full   et_image_link\">\n\t\t<div class=\"et-image-inner \">\n\t\t\t\t\t\t\t<div class=\"et-image-thumb \">\n\t\t\t\t\t<img decoding=\"async\" width=\"2312\" height=\"2252\" src=\"https:\/\/svetslik.si\/wp-content\/uploads\/2021\/09\/Gustav-Klimt-\u2013-Water-serpents-II-2.jpg\" class=\"attachment-full\" alt=\"Gustav Klimt - Wasserschlangen II Gem\u00e4lde, Leinwandbilder\" title=\"Gustav Klimt - Wasserschlangen II Gem\u00e4lde, Leinwandbilder\" srcset=\"https:\/\/svetslik.si\/wp-content\/uploads\/2021\/09\/Gustav-Klimt-\u2013-Water-serpents-II-2.jpg 2312w, https:\/\/svetslik.si\/wp-content\/uploads\/2021\/09\/Gustav-Klimt-\u2013-Water-serpents-II-2-600x584.jpg 600w, https:\/\/svetslik.si\/wp-content\/uploads\/2021\/09\/Gustav-Klimt-\u2013-Water-serpents-II-2-1200x1169.jpg 1200w, https:\/\/svetslik.si\/wp-content\/uploads\/2021\/09\/Gustav-Klimt-\u2013-Water-serpents-II-2-300x292.jpg 300w, https:\/\/svetslik.si\/wp-content\/uploads\/2021\/09\/Gustav-Klimt-\u2013-Water-serpents-II-2-1024x997.jpg 1024w, https:\/\/svetslik.si\/wp-content\/uploads\/2021\/09\/Gustav-Klimt-\u2013-Water-serpents-II-2-768x748.jpg 768w, https:\/\/svetslik.si\/wp-content\/uploads\/2021\/09\/Gustav-Klimt-\u2013-Water-serpents-II-2-1536x1496.jpg 1536w, https:\/\/svetslik.si\/wp-content\/uploads\/2021\/09\/Gustav-Klimt-\u2013-Water-serpents-II-2-2048x1995.jpg 2048w, https:\/\/svetslik.si\/wp-content\/uploads\/2021\/09\/Gustav-Klimt-\u2013-Water-serpents-II-2-12x12.jpg 12w, https:\/\/svetslik.si\/wp-content\/uploads\/2021\/09\/Gustav-Klimt-\u2013-Water-serpents-II-2-150x146.jpg 150w, https:\/\/svetslik.si\/wp-content\/uploads\/2021\/09\/Gustav-Klimt-\u2013-Water-serpents-II-2-1320x1286.jpg 1320w, https:\/\/svetslik.si\/wp-content\/uploads\/2021\/09\/Gustav-Klimt-\u2013-Water-serpents-II-2-900x877.jpg 900w\" sizes=\"(max-width: 2312px) 100vw, 2312px\" \/>\t\t\t\t<\/div>\n\t\t\t\t\t\t\t\t\t\t\t<\/div>\n\t<\/div>\n  [\/vc_column][\/vc_row][vc_row css=\u201d.vc_custom_1691303781536{margin-bottom: 10px !important;}\u201d][vc_column]\t<div class=\"et-image-995 et-image  full   et_image_link\">\n\t\t<div class=\"et-image-inner \">\n\t\t\t\t\t\t\t<div class=\"et-image-thumb \">\n\t\t\t\t\t<img decoding=\"async\" width=\"2560\" height=\"2211\" src=\"https:\/\/svetslik.si\/wp-content\/uploads\/2021\/09\/Gustav-Klimt-\u2013-Water-serpents-II-1-scaled.jpg\" class=\"attachment-full\" alt=\"Gustav Klimt - Wasserschlangen II Gem\u00e4lde, Leinwandbilder\" title=\"Gustav Klimt - Wasserschlangen II Gem\u00e4lde, Leinwandbilder\" srcset=\"https:\/\/svetslik.si\/wp-content\/uploads\/2021\/09\/Gustav-Klimt-\u2013-Water-serpents-II-1-scaled.jpg 2560w, https:\/\/svetslik.si\/wp-content\/uploads\/2021\/09\/Gustav-Klimt-\u2013-Water-serpents-II-1-600x518.jpg 600w, https:\/\/svetslik.si\/wp-content\/uploads\/2021\/09\/Gustav-Klimt-\u2013-Water-serpents-II-1-scaled-1200x1036.jpg 1200w, https:\/\/svetslik.si\/wp-content\/uploads\/2021\/09\/Gustav-Klimt-\u2013-Water-serpents-II-1-300x259.jpg 300w, https:\/\/svetslik.si\/wp-content\/uploads\/2021\/09\/Gustav-Klimt-\u2013-Water-serpents-II-1-1024x884.jpg 1024w, https:\/\/svetslik.si\/wp-content\/uploads\/2021\/09\/Gustav-Klimt-\u2013-Water-serpents-II-1-768x663.jpg 768w, https:\/\/svetslik.si\/wp-content\/uploads\/2021\/09\/Gustav-Klimt-\u2013-Water-serpents-II-1-1536x1326.jpg 1536w, https:\/\/svetslik.si\/wp-content\/uploads\/2021\/09\/Gustav-Klimt-\u2013-Water-serpents-II-1-2048x1768.jpg 2048w, https:\/\/svetslik.si\/wp-content\/uploads\/2021\/09\/Gustav-Klimt-\u2013-Water-serpents-II-1-14x12.jpg 14w, https:\/\/svetslik.si\/wp-content\/uploads\/2021\/09\/Gustav-Klimt-\u2013-Water-serpents-II-1-150x130.jpg 150w, https:\/\/svetslik.si\/wp-content\/uploads\/2021\/09\/Gustav-Klimt-\u2013-Water-serpents-II-1-1320x1140.jpg 1320w, https:\/\/svetslik.si\/wp-content\/uploads\/2021\/09\/Gustav-Klimt-\u2013-Water-serpents-II-1-900x777.jpg 900w\" sizes=\"(max-width: 2560px) 100vw, 2560px\" \/>\t\t\t\t<\/div>\n\t\t\t\t\t\t\t\t\t\t\t<\/div>\n\t<\/div>\n  [\/vc_column][\/vc_row]\n<\/div>","protected":false},"excerpt":{"rendered":"<p>[vc_row][vc_column][vc_column_text] Gustav Klimt \u2013 Wasserschlangen II \u00a0 Erstellungsjahr: 1904-1907 Originalgr\u00f6\u00dfe: 80 x 145 cm Malstil: Sezession Originaltechnik: \u00d6l auf Leinwand Standort: Nationalgalerie f\u00fcr moderne Kunst (GNOM), Rom \u00a0 \u00d6l auf Leinwand Wasserschlangen II ist Teil von Klimts Serie Wasserschlangen, die typisch f\u00fcr das Oeuvre des Malers ist. Die stark ornamentalen [&hellip;]<\/p>\n","protected":false},"featured_media":64351,"template":"","meta":{"_acf_changed":false},"product_brand":[],"product_cat":[8461],"product_tag":[8489,8493,8521,8513,8514],"class_list":{"0":"post-67396","1":"product","2":"type-product","3":"status-publish","4":"has-post-thumbnail","6":"product_cat-gustav-klimt-de","7":"product_tag-gustav-klimt-de","8":"product_tag-klimt-de","9":"product_tag-maler","10":"product_tag-reproduktion","11":"product_tag-reproduktionen","12":"pa_dimenzija-100-x-55-cm","13":"pa_dimenzija-120-x-65-cm","14":"pa_dimenzija-145-x-80-cm","15":"pa_dimenzija-160-x-90-cm","16":"pa_dimenzija-180-x-100-cm","17":"pa_dimenzija-60-x-35-cm","18":"pa_dimenzija-70-x-40-cm","19":"pa_dimenzija-80-x-45-cm","20":"pa_dimenzija-90-x-50-cm","21":"pa_oblika-horizontal-de","22":"pa_okvir-ohne-rahmen","23":"pa_podokvir-ja","24":"pa_podokvir-nein","26":"first","27":"onbackorder","28":"purchasable","29":"product-type-variable","30":"has-default-attributes"},"acf":[],"yoast_head":"<!-- This site is optimized with the Yoast SEO Premium plugin v26.0 (Yoast SEO v27.5) - https:\/\/yoast.com\/product\/yoast-seo-premium-wordpress\/ -->\n<title>Gustav Klimt - Water serpents II - SVETSLIK.SI - 100% handgemalt<\/title>\n<meta name=\"description\" content=\"Gustav Klimt - Water serpents II - 100% handgemalte Gem\u00e4lde - Verkauf von Reproduktionen ber\u00fchmter Gem\u00e4lde und abstrakter Kunst - Wandbilder f\u00fcr das Wohnzimmer\" \/>\n<meta name=\"robots\" content=\"index, follow, max-snippet:-1, max-image-preview:large, max-video-preview:-1\" \/>\n<link rel=\"canonical\" href=\"https:\/\/svetslik.si\/de\/gustav-klimt-de\/water-serpents-ii\/\" \/>\n<meta property=\"og:locale\" content=\"de_DE\" \/>\n<meta property=\"og:type\" content=\"article\" \/>\n<meta property=\"og:title\" content=\"Gustav Klimt - Water serpents II\" \/>\n<meta property=\"og:description\" content=\"100% ro\u010dno naslikane slike na platnu, reprodukcije znanih slikarjev in umetni\u0161ke slike po naro\u010dilu.\" \/>\n<meta property=\"og:url\" content=\"https:\/\/svetslik.si\/de\/gustav-klimt-de\/water-serpents-ii\/\" \/>\n<meta property=\"og:site_name\" content=\"SVETSLIK.SI\" \/>\n<meta property=\"article:publisher\" content=\"https:\/\/www.facebook.com\/svetslik.si\" \/>\n<meta property=\"article:modified_time\" content=\"2026-03-22T18:51:38+00:00\" \/>\n<meta property=\"og:image\" content=\"https:\/\/svetslik.si\/wp-content\/uploads\/2021\/08\/image_Water-serpents-II-Gustav-Klimt_680.jpg\" \/>\n\t<meta property=\"og:image:width\" content=\"1920\" \/>\n\t<meta property=\"og:image:height\" content=\"1109\" \/>\n\t<meta property=\"og:image:type\" content=\"image\/jpeg\" \/>\n<meta name=\"twitter:card\" content=\"summary_large_image\" \/>\n<meta name=\"twitter:site\" content=\"@svetslik\" \/>\n<meta name=\"twitter:label1\" content=\"Verf\u00fcgbarkeit\" \/>\n\t<meta name=\"twitter:data1\" content=\"bei Nachbestellung\" \/>\n<script type=\"application\/ld+json\" class=\"yoast-schema-graph\">{\"@context\":\"https:\\\/\\\/schema.org\",\"@graph\":[{\"@type\":[\"WebPage\",\"ItemPage\"],\"@id\":\"https:\\\/\\\/svetslik.si\\\/de\\\/gustav-klimt-de\\\/water-serpents-ii\\\/\",\"url\":\"https:\\\/\\\/svetslik.si\\\/de\\\/gustav-klimt-de\\\/water-serpents-ii\\\/\",\"name\":\"Gustav Klimt - Water serpents II - SVETSLIK.SI - 100% handgemalt\",\"isPartOf\":{\"@id\":\"https:\\\/\\\/svetslik.si\\\/de\\\/#website\"},\"primaryImageOfPage\":{\"@id\":\"https:\\\/\\\/svetslik.si\\\/de\\\/gustav-klimt-de\\\/water-serpents-ii\\\/#primaryimage\"},\"image\":{\"@id\":\"https:\\\/\\\/svetslik.si\\\/de\\\/gustav-klimt-de\\\/water-serpents-ii\\\/#primaryimage\"},\"thumbnailUrl\":\"https:\\\/\\\/svetslik.si\\\/wp-content\\\/uploads\\\/2021\\\/08\\\/image_Water-serpents-II-Gustav-Klimt_680.jpg\",\"datePublished\":\"2021-09-02T15:51:54+00:00\",\"dateModified\":\"2026-03-22T18:51:38+00:00\",\"description\":\"Gustav Klimt - Water serpents II - 100% handgemalte Gem\u00e4lde - Verkauf von Reproduktionen ber\u00fchmter Gem\u00e4lde und abstrakter Kunst - Wandbilder f\u00fcr das Wohnzimmer\",\"breadcrumb\":{\"@id\":\"https:\\\/\\\/svetslik.si\\\/de\\\/gustav-klimt-de\\\/water-serpents-ii\\\/#breadcrumb\"},\"inLanguage\":\"de\",\"potentialAction\":[{\"@type\":\"ReadAction\",\"target\":[\"https:\\\/\\\/svetslik.si\\\/de\\\/gustav-klimt-de\\\/water-serpents-ii\\\/\"]}]},{\"@type\":\"ImageObject\",\"inLanguage\":\"de\",\"@id\":\"https:\\\/\\\/svetslik.si\\\/de\\\/gustav-klimt-de\\\/water-serpents-ii\\\/#primaryimage\",\"url\":\"https:\\\/\\\/svetslik.si\\\/wp-content\\\/uploads\\\/2021\\\/08\\\/image_Water-serpents-II-Gustav-Klimt_680.jpg\",\"contentUrl\":\"https:\\\/\\\/svetslik.si\\\/wp-content\\\/uploads\\\/2021\\\/08\\\/image_Water-serpents-II-Gustav-Klimt_680.jpg\",\"width\":1920,\"height\":1109,\"caption\":\"Gustav Klimt - Water Serpents II (Wasserschlangen II) - Gem\u00e4lde, Symbolismus, Darstellung von weiblichen Figuren und Wasser - 100% handgemalte, Reproduktionen ber\u00fchmter Gem\u00e4lde, gem\u00e4lde kaufen, wandbilder wohnzimmer, ber\u00fchmtes gem\u00e4lde, \u00f6lgem\u00e4lde, bilderrahmen\"},{\"@type\":\"BreadcrumbList\",\"@id\":\"https:\\\/\\\/svetslik.si\\\/de\\\/gustav-klimt-de\\\/water-serpents-ii\\\/#breadcrumb\",\"itemListElement\":[{\"@type\":\"ListItem\",\"position\":1,\"name\":\"Wandkunst und Gem\u00e4lde auf Leinwand\",\"item\":\"https:\\\/\\\/svetslik.si\\\/de\\\/\"},{\"@type\":\"ListItem\",\"position\":2,\"name\":\"Verkauf von Gem\u00e4lden\",\"item\":\"https:\\\/\\\/svetslik.si\\\/prodaja-slik\\\/\"},{\"@type\":\"ListItem\",\"position\":3,\"name\":\"Gustav Klimt &#8211; Water serpents II\"}]},{\"@type\":\"WebSite\",\"@id\":\"https:\\\/\\\/svetslik.si\\\/de\\\/#website\",\"url\":\"https:\\\/\\\/svetslik.si\\\/de\\\/\",\"name\":\"SVETSLIK.SI\",\"description\":\"100% handgemalte Reproduktionen von Gem\u00e4lden ber\u00fchmter Maler und Gem\u00e4lde auf Leinwand.\",\"publisher\":{\"@id\":\"https:\\\/\\\/svetslik.si\\\/de\\\/#organization\"},\"potentialAction\":[{\"@type\":\"SearchAction\",\"target\":{\"@type\":\"EntryPoint\",\"urlTemplate\":\"https:\\\/\\\/svetslik.si\\\/de\\\/?s={search_term_string}\"},\"query-input\":{\"@type\":\"PropertyValueSpecification\",\"valueRequired\":true,\"valueName\":\"search_term_string\"}}],\"inLanguage\":\"de\"},{\"@type\":\"Organization\",\"@id\":\"https:\\\/\\\/svetslik.si\\\/de\\\/#organization\",\"name\":\"SvetSlik.si\",\"url\":\"https:\\\/\\\/svetslik.si\\\/de\\\/\",\"logo\":{\"@type\":\"ImageObject\",\"inLanguage\":\"de\",\"@id\":\"https:\\\/\\\/svetslik.si\\\/de\\\/#\\\/schema\\\/logo\\\/image\\\/\",\"url\":\"https:\\\/\\\/svetslik.si\\\/wp-content\\\/uploads\\\/2020\\\/12\\\/logo-512.png\",\"contentUrl\":\"https:\\\/\\\/svetslik.si\\\/wp-content\\\/uploads\\\/2020\\\/12\\\/logo-512.png\",\"width\":512,\"height\":512,\"caption\":\"SvetSlik.si\"},\"image\":{\"@id\":\"https:\\\/\\\/svetslik.si\\\/de\\\/#\\\/schema\\\/logo\\\/image\\\/\"},\"sameAs\":[\"https:\\\/\\\/www.facebook.com\\\/svetslik.si\",\"https:\\\/\\\/x.com\\\/svetslik\",\"https:\\\/\\\/www.instagram.com\\\/svetslik.si\\\/\",\"https:\\\/\\\/www.linkedin.com\\\/company\\\/svetslik-si\"]}]}<\/script>\n<meta property=\"og:availability\" content=\"backorder\" \/>\n<meta property=\"product:availability\" content=\"available for order\" \/>\n<meta property=\"product:retailer_item_id\" content=\"241__\" \/>\n<meta property=\"product:condition\" content=\"new\" \/>\n<!-- \/ Yoast SEO Premium plugin. -->","yoast_head_json":{"title":"Gustav Klimt - Water serpents II - SVETSLIK.SI - 100% handgemalt","description":"Gustav Klimt - Water serpents II - 100% handgemalte Gem\u00e4lde - Verkauf von Reproduktionen ber\u00fchmter Gem\u00e4lde und abstrakter Kunst - Wandbilder f\u00fcr das Wohnzimmer","robots":{"index":"index","follow":"follow","max-snippet":"max-snippet:-1","max-image-preview":"max-image-preview:large","max-video-preview":"max-video-preview:-1"},"canonical":"https:\/\/svetslik.si\/de\/gustav-klimt-de\/water-serpents-ii\/","og_locale":"de_DE","og_type":"article","og_title":"Gustav Klimt - Water serpents II","og_description":"100% ro\u010dno naslikane slike na platnu, reprodukcije znanih slikarjev in umetni\u0161ke slike po naro\u010dilu.","og_url":"https:\/\/svetslik.si\/de\/gustav-klimt-de\/water-serpents-ii\/","og_site_name":"SVETSLIK.SI","article_publisher":"https:\/\/www.facebook.com\/svetslik.si","article_modified_time":"2026-03-22T18:51:38+00:00","og_image":[{"width":1920,"height":1109,"url":"https:\/\/svetslik.si\/wp-content\/uploads\/2021\/08\/image_Water-serpents-II-Gustav-Klimt_680.jpg","type":"image\/jpeg"}],"twitter_card":"summary_large_image","twitter_site":"@svetslik","twitter_misc":{"Verf\u00fcgbarkeit":"bei Nachbestellung"},"schema":{"@context":"https:\/\/schema.org","@graph":[{"@type":["WebPage","ItemPage"],"@id":"https:\/\/svetslik.si\/de\/gustav-klimt-de\/water-serpents-ii\/","url":"https:\/\/svetslik.si\/de\/gustav-klimt-de\/water-serpents-ii\/","name":"Gustav Klimt - Water serpents II - SVETSLIK.SI - 100% handgemalt","isPartOf":{"@id":"https:\/\/svetslik.si\/de\/#website"},"primaryImageOfPage":{"@id":"https:\/\/svetslik.si\/de\/gustav-klimt-de\/water-serpents-ii\/#primaryimage"},"image":{"@id":"https:\/\/svetslik.si\/de\/gustav-klimt-de\/water-serpents-ii\/#primaryimage"},"thumbnailUrl":"https:\/\/svetslik.si\/wp-content\/uploads\/2021\/08\/image_Water-serpents-II-Gustav-Klimt_680.jpg","datePublished":"2021-09-02T15:51:54+00:00","dateModified":"2026-03-22T18:51:38+00:00","description":"Gustav Klimt - Water serpents II - 100% handgemalte Gem\u00e4lde - Verkauf von Reproduktionen ber\u00fchmter Gem\u00e4lde und abstrakter Kunst - Wandbilder f\u00fcr das Wohnzimmer","breadcrumb":{"@id":"https:\/\/svetslik.si\/de\/gustav-klimt-de\/water-serpents-ii\/#breadcrumb"},"inLanguage":"de","potentialAction":[{"@type":"ReadAction","target":["https:\/\/svetslik.si\/de\/gustav-klimt-de\/water-serpents-ii\/"]}]},{"@type":"ImageObject","inLanguage":"de","@id":"https:\/\/svetslik.si\/de\/gustav-klimt-de\/water-serpents-ii\/#primaryimage","url":"https:\/\/svetslik.si\/wp-content\/uploads\/2021\/08\/image_Water-serpents-II-Gustav-Klimt_680.jpg","contentUrl":"https:\/\/svetslik.si\/wp-content\/uploads\/2021\/08\/image_Water-serpents-II-Gustav-Klimt_680.jpg","width":1920,"height":1109,"caption":"Gustav Klimt - Water Serpents II (Wasserschlangen II) - Gem\u00e4lde, Symbolismus, Darstellung von weiblichen Figuren und Wasser - 100% handgemalte, Reproduktionen ber\u00fchmter Gem\u00e4lde, gem\u00e4lde kaufen, wandbilder wohnzimmer, ber\u00fchmtes gem\u00e4lde, \u00f6lgem\u00e4lde, bilderrahmen"},{"@type":"BreadcrumbList","@id":"https:\/\/svetslik.si\/de\/gustav-klimt-de\/water-serpents-ii\/#breadcrumb","itemListElement":[{"@type":"ListItem","position":1,"name":"Wandkunst und Gem\u00e4lde auf Leinwand","item":"https:\/\/svetslik.si\/de\/"},{"@type":"ListItem","position":2,"name":"Verkauf von Gem\u00e4lden","item":"https:\/\/svetslik.si\/prodaja-slik\/"},{"@type":"ListItem","position":3,"name":"Gustav Klimt &#8211; Water serpents II"}]},{"@type":"WebSite","@id":"https:\/\/svetslik.si\/de\/#website","url":"https:\/\/svetslik.si\/de\/","name":"SVETSLIK.SI","description":"100% handgemalte Reproduktionen von Gem\u00e4lden ber\u00fchmter Maler und Gem\u00e4lde auf Leinwand.","publisher":{"@id":"https:\/\/svetslik.si\/de\/#organization"},"potentialAction":[{"@type":"SearchAction","target":{"@type":"EntryPoint","urlTemplate":"https:\/\/svetslik.si\/de\/?s={search_term_string}"},"query-input":{"@type":"PropertyValueSpecification","valueRequired":true,"valueName":"search_term_string"}}],"inLanguage":"de"},{"@type":"Organization","@id":"https:\/\/svetslik.si\/de\/#organization","name":"SvetSlik.si","url":"https:\/\/svetslik.si\/de\/","logo":{"@type":"ImageObject","inLanguage":"de","@id":"https:\/\/svetslik.si\/de\/#\/schema\/logo\/image\/","url":"https:\/\/svetslik.si\/wp-content\/uploads\/2020\/12\/logo-512.png","contentUrl":"https:\/\/svetslik.si\/wp-content\/uploads\/2020\/12\/logo-512.png","width":512,"height":512,"caption":"SvetSlik.si"},"image":{"@id":"https:\/\/svetslik.si\/de\/#\/schema\/logo\/image\/"},"sameAs":["https:\/\/www.facebook.com\/svetslik.si","https:\/\/x.com\/svetslik","https:\/\/www.instagram.com\/svetslik.si\/","https:\/\/www.linkedin.com\/company\/svetslik-si"]}]},"og_availability":"backorder","product_availability":"available for order","product_retailer_item_id":"241__","product_condition":"new"},"jetpack_sharing_enabled":true,"_links":{"self":[{"href":"https:\/\/svetslik.si\/de\/wp-json\/wp\/v2\/product\/67396","targetHints":{"allow":["GET"]}}],"collection":[{"href":"https:\/\/svetslik.si\/de\/wp-json\/wp\/v2\/product"}],"about":[{"href":"https:\/\/svetslik.si\/de\/wp-json\/wp\/v2\/types\/product"}],"wp:featuredmedia":[{"embeddable":true,"href":"https:\/\/svetslik.si\/de\/wp-json\/wp\/v2\/media\/64351"}],"wp:attachment":[{"href":"https:\/\/svetslik.si\/de\/wp-json\/wp\/v2\/media?parent=67396"}],"wp:term":[{"taxonomy":"product_brand","embeddable":true,"href":"https:\/\/svetslik.si\/de\/wp-json\/wp\/v2\/product_brand?post=67396"},{"taxonomy":"product_cat","embeddable":true,"href":"https:\/\/svetslik.si\/de\/wp-json\/wp\/v2\/product_cat?post=67396"},{"taxonomy":"product_tag","embeddable":true,"href":"https:\/\/svetslik.si\/de\/wp-json\/wp\/v2\/product_tag?post=67396"}],"curies":[{"name":"wp","href":"https:\/\/api.w.org\/{rel}","templated":true}]}}