{"id":67415,"date":"2021-09-02T17:52:05","date_gmt":"2021-09-02T15:52:05","guid":{"rendered":"https:\/\/svetslik.si\/unkategorisiert\/painter-on-his-way-to-work\/"},"modified":"2026-03-22T19:51:38","modified_gmt":"2026-03-22T18:51:38","slug":"painter-on-his-way-to-work","status":"publish","type":"product","link":"https:\/\/svetslik.si\/de\/vincent-van-gogh-de\/painter-on-his-way-to-work\/","title":{"rendered":"Vincent van Gogh &#8211; Painter on His Way to Work"},"content":{"rendered":"<h1>Vincent Van Gogh \u2013 Maler auf dem Weg zur Arbeit<\/h1>\n<p>&nbsp;<\/p>\n<table id=\"imageinfo\" border=\"0\" width=\"96%\" cellpadding=\"2\">\n<tbody>\n<tr>\n<td width=\"120\">Erstellungsjahr:<\/td>\n<td>1888<\/td>\n<\/tr>\n<tr>\n<td>Originalgr\u00f6\u00dfe:<\/td>\n<td>40 x 44 cm<\/td>\n<\/tr>\n<tr>\n<td>Malstil:<\/td>\n<td>Postimpressionismus<\/td>\n<\/tr>\n<tr>\n<td>Originaltechnik:<\/td>\n<td>\u00d6l auf Leinwand<\/td>\n<\/tr>\n<tr>\n<td>Standort:<\/td>\n<td>Das Original wurde im Zweiten Weltkrieg zerst\u00f6rt<\/td>\n<\/tr>\n<\/tbody>\n<\/table>\n<p>\u00d6l auf Leinwand <em>Maler auf dem Weg zur Arbeit<\/em> dr\u00fcckt Van Goghs Optimismus zu Beginn seines Aufenthalts in Arles und die idyllische Meinung des Malers \u00fcber seine damalige Umgebung aus. Diese Gef\u00fchle kommen im Bild sehr deutlich zum Ausdruck und kommen deutlich zum Ausdruck. Dar\u00fcber hinaus wird aus diesem Gem\u00e4lde deutlich, dass Van Gogh ein Meister der Farben und ein mutiger Pionier ihrer unterschiedlichen Verwendung war.<\/p>\n<p>\u201eMaler auf dem Weg zur Arbeit\u201c ist ein Gem\u00e4lde des niederl\u00e4ndischen K\u00fcnstlers Vincent van Gogh aus dem Jahr 1888. Das Gem\u00e4lde gilt als seltenes und einzigartiges Werk, das Van Goghs F\u00e4higkeit zeigt, das t\u00e4gliche Leben der Menschen und sein Selbstportr\u00e4t gegen\u00fcberzustellen. Das Gem\u00e4lde zeigt einen Mann, bei dem es sich vermutlich um Van Gogh selbst handelt, der auf dem Weg zur Arbeit Malutensilien tr\u00e4gt. Das Gem\u00e4lde ist weithin f\u00fcr seine kr\u00e4ftigen Pinselstriche, seine Emotionalit\u00e4t und seine starke Symbolik bekannt.<\/p>\n<p>Die Komposition des Gem\u00e4ldes ist einfach, aber wirkungsvoll, da die Figur des Malers den gr\u00f6\u00dften Raum auf der Leinwand einnimmt. Bemerkenswert ist auch die Verwendung von Farbe in dem Gem\u00e4lde, da Van Gogh kr\u00e4ftige, kontrastierende Farben verwendet, die ein Gef\u00fchl von Bewegung und Energie erzeugen. Die Figur des Malers ist in Oranget\u00f6nen dargestellt, die ein Gef\u00fchl von W\u00e4rme und Energie erzeugen. Der Hintergrund ist in Blau- und Gr\u00fcnt\u00f6nen gehalten, die ein Gef\u00fchl von Ruhe und Gelassenheit vermitteln. Die Pinselstriche im Gem\u00e4lde sind dicht und sichtbar und verleihen dem Gem\u00e4lde ein Gef\u00fchl von Bewegung und Energie.<\/p>\n<p>Auch die Symbolik des Gem\u00e4ldes ist reichhaltig, die Figur des Malers repr\u00e4sentiert die Vorstellung von harter Arbeit und Hingabe und die Vorstellung des K\u00fcnstlers als gew\u00f6hnlicher Mensch. Das Gem\u00e4lde soll Van Goghs damaligen emotionalen Zustand darstellen. Das Gem\u00e4lde entstand, als Van Gogh in Paris (Frankreich) lebte. Es wird angenommen, dass es das Mitgef\u00fchl und Mitgef\u00fchl des K\u00fcnstlers f\u00fcr die Not seiner Mitmenschen widerspiegelt.<\/p>\n<p>Das Gem\u00e4lde \u201eDer Maler auf dem Weg zur Arbeit\u201c gilt als eines der seltensten und einzigartigsten Werke Van Goghs. Es befindet sich im Mus\u00e9e d&#8217;Orsay in Paris, Frankreich. Es handelt sich um ein wichtiges Werk des Postimpressionismus, das noch immer sowohl von Amateuren als auch von Experten bewundert und studiert wird. Die kraftvolle Bildsprache, Emotionalit\u00e4t und reiche Symbolik machen das Gem\u00e4lde zu einem Muss f\u00fcr jeden Kunstliebhaber und jeden, der sich f\u00fcr das Werk von Vincent van Gogh interessiert.<\/p>\n","protected":false},"excerpt":{"rendered":"<p>Vincent Van Gogh \u2013 Maler auf dem Weg zur Arbeit &nbsp; Erstellungsjahr: 1888 Originalgr\u00f6\u00dfe: 40 x 44 cm Malstil: Postimpressionismus Originaltechnik: \u00d6l auf Leinwand Standort: Das Original wurde im Zweiten Weltkrieg zerst\u00f6rt \u00d6l auf Leinwand Maler auf dem Weg zur Arbeit dr\u00fcckt Van Goghs Optimismus zu Beginn seines Aufenthalts in [&hellip;]<\/p>\n","protected":false},"featured_media":63911,"template":"","meta":{"_acf_changed":false},"product_brand":[],"product_cat":[8468],"product_tag":[8521,8513,8514,8581],"class_list":{"0":"post-67415","1":"product","2":"type-product","3":"status-publish","4":"has-post-thumbnail","6":"product_cat-vincent-van-gogh-de","7":"product_tag-maler","8":"product_tag-reproduktion","9":"product_tag-reproduktionen","10":"product_tag-van-gogh-de","11":"pa_dimenzija-100-x-110-cm","12":"pa_dimenzija-40-x-44-cm","13":"pa_dimenzija-50-x-55-cm","14":"pa_dimenzija-60-x-70-cm","15":"pa_dimenzija-70-x-80-cm","16":"pa_dimenzija-80-x-90-cm","17":"pa_dimenzija-90-x-100-cm","18":"pa_oblika-vertikal","19":"pa_okvir-ohne-rahmen","20":"pa_podokvir-ja","21":"pa_podokvir-nein","23":"first","24":"onbackorder","25":"purchasable","26":"product-type-variable","27":"has-default-attributes"},"acf":[],"yoast_head":"<!-- This site is optimized with the Yoast SEO Premium plugin v26.0 (Yoast SEO v27.2) - https:\/\/yoast.com\/product\/yoast-seo-premium-wordpress\/ -->\n<title>Vincent van Gogh - Painter on His Way to Work - SVETSLIK.SI - 100% handgemalt<\/title>\n<meta name=\"description\" content=\"Vincent van Gogh - Painter on His Way to Work - 100% handgemalte Gem\u00e4lde - Verkauf von Reproduktionen ber\u00fchmter Gem\u00e4lde und abstrakter Kunst - Wandbilder f\u00fcr das Wohnzimmer\" \/>\n<meta name=\"robots\" content=\"index, follow, max-snippet:-1, max-image-preview:large, max-video-preview:-1\" \/>\n<link rel=\"canonical\" href=\"https:\/\/svetslik.si\/de\/vincent-van-gogh-de\/painter-on-his-way-to-work\/\" \/>\n<meta property=\"og:locale\" content=\"de_DE\" \/>\n<meta property=\"og:type\" content=\"article\" \/>\n<meta property=\"og:title\" content=\"Vincent van Gogh - Painter on His Way to Work\" \/>\n<meta property=\"og:description\" content=\"100% ro\u010dno naslikane slike na platnu, reprodukcije znanih slikarjev in umetni\u0161ke slike po naro\u010dilu.\" \/>\n<meta property=\"og:url\" content=\"https:\/\/svetslik.si\/de\/vincent-van-gogh-de\/painter-on-his-way-to-work\/\" \/>\n<meta property=\"og:site_name\" content=\"SVETSLIK.SI\" \/>\n<meta property=\"article:publisher\" content=\"https:\/\/www.facebook.com\/svetslik.si\" \/>\n<meta property=\"article:modified_time\" content=\"2026-03-22T18:51:38+00:00\" \/>\n<meta property=\"og:image\" content=\"https:\/\/svetslik.si\/wp-content\/uploads\/2021\/08\/image_Painter-on-His-Way-to-Work-Van-Gogh_680-scaled.jpg\" \/>\n\t<meta property=\"og:image:width\" content=\"2246\" \/>\n\t<meta property=\"og:image:height\" content=\"2560\" \/>\n\t<meta property=\"og:image:type\" content=\"image\/jpeg\" \/>\n<meta name=\"twitter:card\" content=\"summary_large_image\" \/>\n<meta name=\"twitter:site\" content=\"@svetslik\" \/>\n<meta name=\"twitter:label1\" content=\"Verf\u00fcgbarkeit\" \/>\n\t<meta name=\"twitter:data1\" content=\"bei Nachbestellung\" \/>\n<script type=\"application\/ld+json\" class=\"yoast-schema-graph\">{\"@context\":\"https:\/\/schema.org\",\"@graph\":[{\"@type\":[\"WebPage\",\"ItemPage\"],\"@id\":\"https:\/\/svetslik.si\/de\/vincent-van-gogh-de\/painter-on-his-way-to-work\/\",\"url\":\"https:\/\/svetslik.si\/de\/vincent-van-gogh-de\/painter-on-his-way-to-work\/\",\"name\":\"Vincent van Gogh - Painter on His Way to Work - SVETSLIK.SI - 100% handgemalt\",\"isPartOf\":{\"@id\":\"https:\/\/svetslik.si\/de\/#website\"},\"primaryImageOfPage\":{\"@id\":\"https:\/\/svetslik.si\/de\/vincent-van-gogh-de\/painter-on-his-way-to-work\/#primaryimage\"},\"image\":{\"@id\":\"https:\/\/svetslik.si\/de\/vincent-van-gogh-de\/painter-on-his-way-to-work\/#primaryimage\"},\"thumbnailUrl\":\"https:\/\/svetslik.si\/wp-content\/uploads\/2021\/08\/image_Painter-on-His-Way-to-Work-Van-Gogh_680-scaled.jpg\",\"datePublished\":\"2021-09-02T15:52:05+00:00\",\"dateModified\":\"2026-03-22T18:51:38+00:00\",\"description\":\"Vincent van Gogh - Painter on His Way to Work - 100% handgemalte Gem\u00e4lde - Verkauf von Reproduktionen ber\u00fchmter Gem\u00e4lde und abstrakter Kunst - Wandbilder f\u00fcr das Wohnzimmer\",\"breadcrumb\":{\"@id\":\"https:\/\/svetslik.si\/de\/vincent-van-gogh-de\/painter-on-his-way-to-work\/#breadcrumb\"},\"inLanguage\":\"de\",\"potentialAction\":[{\"@type\":\"ReadAction\",\"target\":[\"https:\/\/svetslik.si\/de\/vincent-van-gogh-de\/painter-on-his-way-to-work\/\"]}]},{\"@type\":\"ImageObject\",\"inLanguage\":\"de\",\"@id\":\"https:\/\/svetslik.si\/de\/vincent-van-gogh-de\/painter-on-his-way-to-work\/#primaryimage\",\"url\":\"https:\/\/svetslik.si\/wp-content\/uploads\/2021\/08\/image_Painter-on-His-Way-to-Work-Van-Gogh_680-scaled.jpg\",\"contentUrl\":\"https:\/\/svetslik.si\/wp-content\/uploads\/2021\/08\/image_Painter-on-His-Way-to-Work-Van-Gogh_680-scaled.jpg\",\"width\":2246,\"height\":2560,\"caption\":\"Vincent Van Gogh - Painter on His Way to Work - Maler auf dem Weg zur Arbeit, Gem\u00e4lde, Leinwandbilder - 100% handgemalte, Reproduktionen ber\u00fchmter Gem\u00e4lde, Gem\u00e4lde kaufen, Wandbilder Wohnzimmer, ber\u00fchmtes Gem\u00e4lde, \u00d6lgem\u00e4lde, Bilderrahmen\"},{\"@type\":\"BreadcrumbList\",\"@id\":\"https:\/\/svetslik.si\/de\/vincent-van-gogh-de\/painter-on-his-way-to-work\/#breadcrumb\",\"itemListElement\":[{\"@type\":\"ListItem\",\"position\":1,\"name\":\"Wandkunst und Gem\u00e4lde auf Leinwand\",\"item\":\"https:\/\/svetslik.si\/de\/\"},{\"@type\":\"ListItem\",\"position\":2,\"name\":\"Verkauf von Gem\u00e4lden\",\"item\":\"https:\/\/svetslik.si\/prodaja-slik\/\"},{\"@type\":\"ListItem\",\"position\":3,\"name\":\"Vincent van Gogh &#8211; Painter on His Way to Work\"}]},{\"@type\":\"WebSite\",\"@id\":\"https:\/\/svetslik.si\/de\/#website\",\"url\":\"https:\/\/svetslik.si\/de\/\",\"name\":\"SVETSLIK.SI\",\"description\":\"100% handgemalte Reproduktionen von Gem\u00e4lden ber\u00fchmter Maler und Gem\u00e4lde auf Leinwand.\",\"publisher\":{\"@id\":\"https:\/\/svetslik.si\/de\/#organization\"},\"potentialAction\":[{\"@type\":\"SearchAction\",\"target\":{\"@type\":\"EntryPoint\",\"urlTemplate\":\"https:\/\/svetslik.si\/de\/?s={search_term_string}\"},\"query-input\":{\"@type\":\"PropertyValueSpecification\",\"valueRequired\":true,\"valueName\":\"search_term_string\"}}],\"inLanguage\":\"de\"},{\"@type\":\"Organization\",\"@id\":\"https:\/\/svetslik.si\/de\/#organization\",\"name\":\"SvetSlik.si\",\"url\":\"https:\/\/svetslik.si\/de\/\",\"logo\":{\"@type\":\"ImageObject\",\"inLanguage\":\"de\",\"@id\":\"https:\/\/svetslik.si\/de\/#\/schema\/logo\/image\/\",\"url\":\"https:\/\/svetslik.si\/wp-content\/uploads\/2020\/12\/logo-512.png\",\"contentUrl\":\"https:\/\/svetslik.si\/wp-content\/uploads\/2020\/12\/logo-512.png\",\"width\":512,\"height\":512,\"caption\":\"SvetSlik.si\"},\"image\":{\"@id\":\"https:\/\/svetslik.si\/de\/#\/schema\/logo\/image\/\"},\"sameAs\":[\"https:\/\/www.facebook.com\/svetslik.si\",\"https:\/\/x.com\/svetslik\",\"https:\/\/www.instagram.com\/svetslik.si\/\",\"https:\/\/www.linkedin.com\/company\/svetslik-si\"]}]}<\/script>\n<meta property=\"og:availability\" content=\"backorder\" \/>\n<meta property=\"product:availability\" content=\"available for order\" \/>\n<meta property=\"product:retailer_item_id\" content=\"243__\" \/>\n<meta property=\"product:condition\" content=\"new\" \/>\n<!-- \/ Yoast SEO Premium plugin. -->","yoast_head_json":{"title":"Vincent van Gogh - Painter on His Way to Work - SVETSLIK.SI - 100% handgemalt","description":"Vincent van Gogh - Painter on His Way to Work - 100% handgemalte Gem\u00e4lde - Verkauf von Reproduktionen ber\u00fchmter Gem\u00e4lde und abstrakter Kunst - Wandbilder f\u00fcr das Wohnzimmer","robots":{"index":"index","follow":"follow","max-snippet":"max-snippet:-1","max-image-preview":"max-image-preview:large","max-video-preview":"max-video-preview:-1"},"canonical":"https:\/\/svetslik.si\/de\/vincent-van-gogh-de\/painter-on-his-way-to-work\/","og_locale":"de_DE","og_type":"article","og_title":"Vincent van Gogh - Painter on His Way to Work","og_description":"100% ro\u010dno naslikane slike na platnu, reprodukcije znanih slikarjev in umetni\u0161ke slike po naro\u010dilu.","og_url":"https:\/\/svetslik.si\/de\/vincent-van-gogh-de\/painter-on-his-way-to-work\/","og_site_name":"SVETSLIK.SI","article_publisher":"https:\/\/www.facebook.com\/svetslik.si","article_modified_time":"2026-03-22T18:51:38+00:00","og_image":[{"width":2246,"height":2560,"url":"https:\/\/svetslik.si\/wp-content\/uploads\/2021\/08\/image_Painter-on-His-Way-to-Work-Van-Gogh_680-scaled.jpg","type":"image\/jpeg"}],"twitter_card":"summary_large_image","twitter_site":"@svetslik","twitter_misc":{"Verf\u00fcgbarkeit":"bei Nachbestellung"},"schema":{"@context":"https:\/\/schema.org","@graph":[{"@type":["WebPage","ItemPage"],"@id":"https:\/\/svetslik.si\/de\/vincent-van-gogh-de\/painter-on-his-way-to-work\/","url":"https:\/\/svetslik.si\/de\/vincent-van-gogh-de\/painter-on-his-way-to-work\/","name":"Vincent van Gogh - Painter on His Way to Work - SVETSLIK.SI - 100% handgemalt","isPartOf":{"@id":"https:\/\/svetslik.si\/de\/#website"},"primaryImageOfPage":{"@id":"https:\/\/svetslik.si\/de\/vincent-van-gogh-de\/painter-on-his-way-to-work\/#primaryimage"},"image":{"@id":"https:\/\/svetslik.si\/de\/vincent-van-gogh-de\/painter-on-his-way-to-work\/#primaryimage"},"thumbnailUrl":"https:\/\/svetslik.si\/wp-content\/uploads\/2021\/08\/image_Painter-on-His-Way-to-Work-Van-Gogh_680-scaled.jpg","datePublished":"2021-09-02T15:52:05+00:00","dateModified":"2026-03-22T18:51:38+00:00","description":"Vincent van Gogh - Painter on His Way to Work - 100% handgemalte Gem\u00e4lde - Verkauf von Reproduktionen ber\u00fchmter Gem\u00e4lde und abstrakter Kunst - Wandbilder f\u00fcr das Wohnzimmer","breadcrumb":{"@id":"https:\/\/svetslik.si\/de\/vincent-van-gogh-de\/painter-on-his-way-to-work\/#breadcrumb"},"inLanguage":"de","potentialAction":[{"@type":"ReadAction","target":["https:\/\/svetslik.si\/de\/vincent-van-gogh-de\/painter-on-his-way-to-work\/"]}]},{"@type":"ImageObject","inLanguage":"de","@id":"https:\/\/svetslik.si\/de\/vincent-van-gogh-de\/painter-on-his-way-to-work\/#primaryimage","url":"https:\/\/svetslik.si\/wp-content\/uploads\/2021\/08\/image_Painter-on-His-Way-to-Work-Van-Gogh_680-scaled.jpg","contentUrl":"https:\/\/svetslik.si\/wp-content\/uploads\/2021\/08\/image_Painter-on-His-Way-to-Work-Van-Gogh_680-scaled.jpg","width":2246,"height":2560,"caption":"Vincent Van Gogh - Painter on His Way to Work - Maler auf dem Weg zur Arbeit, Gem\u00e4lde, Leinwandbilder - 100% handgemalte, Reproduktionen ber\u00fchmter Gem\u00e4lde, Gem\u00e4lde kaufen, Wandbilder Wohnzimmer, ber\u00fchmtes Gem\u00e4lde, \u00d6lgem\u00e4lde, Bilderrahmen"},{"@type":"BreadcrumbList","@id":"https:\/\/svetslik.si\/de\/vincent-van-gogh-de\/painter-on-his-way-to-work\/#breadcrumb","itemListElement":[{"@type":"ListItem","position":1,"name":"Wandkunst und Gem\u00e4lde auf Leinwand","item":"https:\/\/svetslik.si\/de\/"},{"@type":"ListItem","position":2,"name":"Verkauf von Gem\u00e4lden","item":"https:\/\/svetslik.si\/prodaja-slik\/"},{"@type":"ListItem","position":3,"name":"Vincent van Gogh &#8211; Painter on His Way to Work"}]},{"@type":"WebSite","@id":"https:\/\/svetslik.si\/de\/#website","url":"https:\/\/svetslik.si\/de\/","name":"SVETSLIK.SI","description":"100% handgemalte Reproduktionen von Gem\u00e4lden ber\u00fchmter Maler und Gem\u00e4lde auf Leinwand.","publisher":{"@id":"https:\/\/svetslik.si\/de\/#organization"},"potentialAction":[{"@type":"SearchAction","target":{"@type":"EntryPoint","urlTemplate":"https:\/\/svetslik.si\/de\/?s={search_term_string}"},"query-input":{"@type":"PropertyValueSpecification","valueRequired":true,"valueName":"search_term_string"}}],"inLanguage":"de"},{"@type":"Organization","@id":"https:\/\/svetslik.si\/de\/#organization","name":"SvetSlik.si","url":"https:\/\/svetslik.si\/de\/","logo":{"@type":"ImageObject","inLanguage":"de","@id":"https:\/\/svetslik.si\/de\/#\/schema\/logo\/image\/","url":"https:\/\/svetslik.si\/wp-content\/uploads\/2020\/12\/logo-512.png","contentUrl":"https:\/\/svetslik.si\/wp-content\/uploads\/2020\/12\/logo-512.png","width":512,"height":512,"caption":"SvetSlik.si"},"image":{"@id":"https:\/\/svetslik.si\/de\/#\/schema\/logo\/image\/"},"sameAs":["https:\/\/www.facebook.com\/svetslik.si","https:\/\/x.com\/svetslik","https:\/\/www.instagram.com\/svetslik.si\/","https:\/\/www.linkedin.com\/company\/svetslik-si"]}]},"og_availability":"backorder","product_availability":"available for order","product_retailer_item_id":"243__","product_condition":"new"},"jetpack_sharing_enabled":true,"_links":{"self":[{"href":"https:\/\/svetslik.si\/de\/wp-json\/wp\/v2\/product\/67415","targetHints":{"allow":["GET"]}}],"collection":[{"href":"https:\/\/svetslik.si\/de\/wp-json\/wp\/v2\/product"}],"about":[{"href":"https:\/\/svetslik.si\/de\/wp-json\/wp\/v2\/types\/product"}],"wp:featuredmedia":[{"embeddable":true,"href":"https:\/\/svetslik.si\/de\/wp-json\/wp\/v2\/media\/63911"}],"wp:attachment":[{"href":"https:\/\/svetslik.si\/de\/wp-json\/wp\/v2\/media?parent=67415"}],"wp:term":[{"taxonomy":"product_brand","embeddable":true,"href":"https:\/\/svetslik.si\/de\/wp-json\/wp\/v2\/product_brand?post=67415"},{"taxonomy":"product_cat","embeddable":true,"href":"https:\/\/svetslik.si\/de\/wp-json\/wp\/v2\/product_cat?post=67415"},{"taxonomy":"product_tag","embeddable":true,"href":"https:\/\/svetslik.si\/de\/wp-json\/wp\/v2\/product_tag?post=67415"}],"curies":[{"name":"wp","href":"https:\/\/api.w.org\/{rel}","templated":true}]}}