{"id":67423,"date":"2021-09-02T17:52:05","date_gmt":"2021-09-02T15:52:05","guid":{"rendered":"https:\/\/svetslik.si\/unkategorisiert\/portrait-of-dr-gachet\/"},"modified":"2026-03-22T19:51:38","modified_gmt":"2026-03-22T18:51:38","slug":"portrait-of-dr-gachet","status":"publish","type":"product","link":"https:\/\/svetslik.si\/de\/vincent-van-gogh-de\/portrait-of-dr-gachet\/","title":{"rendered":"Vincent van Gogh &#8211; Portrait of Dr. Gachet"},"content":{"rendered":"<h1>Vincent Van Gogh &#8211; Portr\u00e4t von Dr. Gachet<\/h1>\n<p>&nbsp;<\/p>\n<table id=\"imageinfo\" border=\"0\" width=\"96%\" cellpadding=\"2\">\n<tbody>\n<tr>\n<td width=\"120\">Erstellungsjahr:<\/td>\n<td>1890<\/td>\n<\/tr>\n<tr>\n<td>Originalgr\u00f6\u00dfe:<\/td>\n<td>56 x 67 cm<\/td>\n<\/tr>\n<tr>\n<td>Malstil:<\/td>\n<td>Postimpressionismus<\/td>\n<\/tr>\n<tr>\n<td>Originaltechnik:<\/td>\n<td>\u00d6l auf Leinwand<\/td>\n<\/tr>\n<tr>\n<td>Standort:<\/td>\n<td>Privatsammlung<\/td>\n<\/tr>\n<\/tbody>\n<\/table>\n<p>&nbsp;<\/p>\n<div>\u00d6l auf Leinwand<em> Portr\u00e4t von Dr. Gachet ist eines der bekanntesten Gem\u00e4lde Van Goghs. DR. Gachet k\u00fcmmerte sich in den letzten Monaten seines Lebens um Van Gogh. 1990 wurde das Gem\u00e4lde f\u00fcr den Rekordpreis von 82,5 Millionen US-Dollar verkauft.<\/div>\n<div>Es gibt zwei authentische Versionen dieses Portr\u00e4ts; Van Gogh malte sie im Juni 1890 in der Stadt Auvers-sur-Oise in der N\u00e4he von Paris. In beiden \u00d6len auf Leinwand zeigt Dr. Gachet, wo die Unterschiede in beiden Bildern minimal sind.<\/div>\n<div><\/div>\n<div>\n<p>\u201ePortr\u00e4t von Doktor Gachet\u201c ist ein Gem\u00e4lde des niederl\u00e4ndischen K\u00fcnstlers Vincent van Gogh aus dem Jahr 1890. Dieses Gem\u00e4lde gilt als eines der ikonischsten und kraftvollsten Werke Van Goghs und zeigt seine F\u00e4higkeit, die Essenz menschlicher Emotionen und die K\u00e4mpfe des Alltags einzufangen. Das Gem\u00e4lde zeigt Dr. Paul Gachet, einen Arzt und Freund von Van Gogh, in einem eindrucksvollen und k\u00fchnen Portr\u00e4t. Das Gem\u00e4lde ist weithin f\u00fcr seine kr\u00e4ftigen Pinselstriche, seine Emotionalit\u00e4t und seine starke Symbolik bekannt.<\/p>\n<p>Die Komposition des Bildes ist einfach, aber wirkungsvoll, da die Figur des Doktor Gachet den gr\u00f6\u00dften Raum auf der Leinwand einnimmt. Bemerkenswert ist auch die Verwendung von Farben in dem Gem\u00e4lde: Van Gogh verwendet kr\u00e4ftige, kontrastierende Farben, die ein Gef\u00fchl von Bewegung und Energie erzeugen. Die Figur des Doktor Gachet ist in Gr\u00fcn-, Blau- und Gelbt\u00f6nen dargestellt, was ein Gef\u00fchl von Ruhe und Gelassenheit vermittelt. Der Hintergrund ist in Rosa- und Lilat\u00f6nen gehalten, was ein Gef\u00fchl von W\u00e4rme und Energie erzeugt. Die Pinselstriche im Gem\u00e4lde sind dicht und sichtbar und verleihen dem Gem\u00e4lde ein Gef\u00fchl von Bewegung und Energie.<\/p>\n<p>Auch die Symbolik im Bild ist reichhaltig, die Figur des Doktor Gachet repr\u00e4sentiert die Idee der Pflege, Behandlung und die Bedeutung menschlicher Bindungen. Das Gem\u00e4lde soll Van Goghs damaligen emotionalen Zustand darstellen. Das Gem\u00e4lde entstand, als Van Gogh in Auvers-sur-Oise, Frankreich, lebte, und soll das Mitgef\u00fchl und Mitgef\u00fchl des K\u00fcnstlers f\u00fcr die Not seiner Mitmenschen widerspiegeln.<\/p>\n<p>\u201ePortr\u00e4t des Doktor Gachet\u201c gilt als eines der ikonischsten und kraftvollsten Werke Van Goghs und befindet sich im Mus\u00e9e d&#8217;Orsay in Paris, Frankreich. Es handelt sich um ein wichtiges postimpressionistisches Werk, das immer noch von Amateuren und Experten gleicherma\u00dfen bewundert und studiert wird. Die kraftvolle Bildsprache, Emotionalit\u00e4t und reiche Symbolik machen das Gem\u00e4lde zu einem Muss f\u00fcr jeden Kunstliebhaber und jeden, der sich f\u00fcr das Werk von Vincent van Gogh interessiert. d seiner starken Symbolik.<\/p>\n<p>Die Komposition des Gem\u00e4ldes ist einfach, aber wirkungsvoll, da das Weizenfeld und die Kr\u00e4hen den gr\u00f6\u00dften Teil der Leinwand einnehmen. Bemerkenswert ist auch die Verwendung von Farben in dem Gem\u00e4lde: Van Gogh verwendet kr\u00e4ftige, kontrastierende Farben, die ein Gef\u00fchl von Bewegung und Energie erzeugen. Das Weizenfeld ist in Gelb- und Goldt\u00f6nen dargestellt und vermittelt ein Gef\u00fchl von W\u00e4rme und F\u00fclle. Kr\u00e4hen werden in Schwarz- und Blaut\u00f6nen dargestellt, was ein Gef\u00fchl von Geheimnis und Intrige vermittelt. Die Pinselstriche im Gem\u00e4lde sind dicht und sichtbar und verleihen dem Gem\u00e4lde ein Gef\u00fchl von Bewegung und Energie.<\/p>\n<p>Auch die Symbolik des Gem\u00e4ldes ist reichhaltig, denn die Kr\u00e4hen repr\u00e4sentieren die Idee von Tod, Ver\u00e4nderung und Lebenszyklus, w\u00e4hrend das Weizenfeld Fruchtbarkeit, \u00dcberfluss und Hoffnung symbolisiert. Das Gem\u00e4lde soll Van Goghs damaligen emotionalen Zustand darstellen. Das Gem\u00e4lde entstand, als Van Gogh in Auvers-sur-Oise, Frankreich, lebte, und es wird angenommen, dass es die Sehnsucht des K\u00fcnstlers nach der nat\u00fcrlichen Welt und die Verbindung mit der Natur als eine Form der Heilung widerspiegelt.<\/p>\n<p>\u201eWeizenfeld mit Kr\u00e4hen\u201c gilt als eines der ikonischsten und kraftvollsten Werke Van Goghs. Das Gem\u00e4lde befindet sich im Van Gogh Museum in Amsterdam, Niederlande. Es handelt sich um ein wichtiges Werk des Postimpressionismus, das noch immer sowohl von Amateuren als auch von Experten bewundert und studiert wird. Die kraftvolle Bildsprache, Emotionalit\u00e4t und reiche Symbolik machen das Gem\u00e4lde zu einem Muss f\u00fcr jeden Kunstliebhaber und jeden, der sich f\u00fcr das Werk von Vincent van Gogh interessiert.<\/p>\n<\/div>\n<div><\/div>\n","protected":false},"excerpt":{"rendered":"<p>Vincent Van Gogh &#8211; Portr\u00e4t von Dr. Gachet &nbsp; Erstellungsjahr: 1890 Originalgr\u00f6\u00dfe: 56 x 67 cm Malstil: Postimpressionismus Originaltechnik: \u00d6l auf Leinwand Standort: Privatsammlung &nbsp; \u00d6l auf Leinwand Portr\u00e4t von Dr. Gachet ist eines der bekanntesten Gem\u00e4lde Van Goghs. DR. Gachet k\u00fcmmerte sich in den letzten Monaten seines Lebens um [&hellip;]<\/p>\n","protected":false},"featured_media":63950,"template":"","meta":{"_acf_changed":false},"product_brand":[],"product_cat":[8468],"product_tag":[8521,8513,8514,8581],"class_list":{"0":"post-67423","1":"product","2":"type-product","3":"status-publish","4":"has-post-thumbnail","6":"product_cat-vincent-van-gogh-de","7":"product_tag-maler","8":"product_tag-reproduktion","9":"product_tag-reproduktionen","10":"product_tag-van-gogh-de","11":"pa_dimenzija-100-x-120-cm","12":"pa_dimenzija-120-x-240-cm","13":"pa_dimenzija-40-x-50-cm","14":"pa_dimenzija-50-x-60-cm","15":"pa_dimenzija-56-x-67-cm","16":"pa_dimenzija-70-x-85-cm","17":"pa_dimenzija-80-x-100-cm","18":"pa_dimenzija-90-x-110-cm","19":"pa_oblika-vertikal","20":"pa_okvir-ohne-rahmen","21":"pa_podokvir-ja","22":"pa_podokvir-nein","24":"first","25":"onbackorder","26":"purchasable","27":"product-type-variable","28":"has-default-attributes"},"acf":[],"yoast_head":"<!-- This site is optimized with the Yoast SEO Premium plugin v26.0 (Yoast SEO v27.2) - https:\/\/yoast.com\/product\/yoast-seo-premium-wordpress\/ -->\n<title>Vincent van Gogh - Portrait of Dr. Gachet - SVETSLIK.SI - 100% handgemalt<\/title>\n<meta name=\"description\" content=\"Vincent van Gogh - Portrait of Dr. Gachet - 100% handgemalte Gem\u00e4lde - Verkauf von Reproduktionen ber\u00fchmter Gem\u00e4lde und abstrakter Kunst - Wandbilder f\u00fcr das Wohnzimmer\" \/>\n<meta name=\"robots\" content=\"index, follow, max-snippet:-1, max-image-preview:large, max-video-preview:-1\" \/>\n<link rel=\"canonical\" href=\"https:\/\/svetslik.si\/de\/vincent-van-gogh-de\/portrait-of-dr-gachet\/\" \/>\n<meta property=\"og:locale\" content=\"de_DE\" \/>\n<meta property=\"og:type\" content=\"article\" \/>\n<meta property=\"og:title\" content=\"Vincent van Gogh - Portrait of Dr. Gachet\" \/>\n<meta property=\"og:description\" content=\"100% ro\u010dno naslikane slike na platnu, reprodukcije znanih slikarjev in umetni\u0161ke slike po naro\u010dilu.\" \/>\n<meta property=\"og:url\" content=\"https:\/\/svetslik.si\/de\/vincent-van-gogh-de\/portrait-of-dr-gachet\/\" \/>\n<meta property=\"og:site_name\" content=\"SVETSLIK.SI\" \/>\n<meta property=\"article:publisher\" content=\"https:\/\/www.facebook.com\/svetslik.si\" \/>\n<meta property=\"article:modified_time\" content=\"2026-03-22T18:51:38+00:00\" \/>\n<meta property=\"og:image\" content=\"https:\/\/svetslik.si\/wp-content\/uploads\/2021\/08\/image_Portrait-of-Dr-Gachet-Van-Gogh-Vincent-Van-Gogh-reprodukcija-slike_680-scaled.jpg\" \/>\n\t<meta property=\"og:image:width\" content=\"2059\" \/>\n\t<meta property=\"og:image:height\" content=\"2560\" \/>\n\t<meta property=\"og:image:type\" content=\"image\/jpeg\" \/>\n<meta name=\"twitter:card\" content=\"summary_large_image\" \/>\n<meta name=\"twitter:site\" content=\"@svetslik\" \/>\n<meta name=\"twitter:label1\" content=\"Verf\u00fcgbarkeit\" \/>\n\t<meta name=\"twitter:data1\" content=\"bei Nachbestellung\" \/>\n<script type=\"application\/ld+json\" class=\"yoast-schema-graph\">{\"@context\":\"https:\/\/schema.org\",\"@graph\":[{\"@type\":[\"WebPage\",\"ItemPage\"],\"@id\":\"https:\/\/svetslik.si\/de\/vincent-van-gogh-de\/portrait-of-dr-gachet\/\",\"url\":\"https:\/\/svetslik.si\/de\/vincent-van-gogh-de\/portrait-of-dr-gachet\/\",\"name\":\"Vincent van Gogh - Portrait of Dr. Gachet - SVETSLIK.SI - 100% handgemalt\",\"isPartOf\":{\"@id\":\"https:\/\/svetslik.si\/de\/#website\"},\"primaryImageOfPage\":{\"@id\":\"https:\/\/svetslik.si\/de\/vincent-van-gogh-de\/portrait-of-dr-gachet\/#primaryimage\"},\"image\":{\"@id\":\"https:\/\/svetslik.si\/de\/vincent-van-gogh-de\/portrait-of-dr-gachet\/#primaryimage\"},\"thumbnailUrl\":\"https:\/\/svetslik.si\/wp-content\/uploads\/2021\/08\/image_Portrait-of-Dr-Gachet-Van-Gogh-Vincent-Van-Gogh-reprodukcija-slike_680-scaled.jpg\",\"datePublished\":\"2021-09-02T15:52:05+00:00\",\"dateModified\":\"2026-03-22T18:51:38+00:00\",\"description\":\"Vincent van Gogh - Portrait of Dr. Gachet - 100% handgemalte Gem\u00e4lde - Verkauf von Reproduktionen ber\u00fchmter Gem\u00e4lde und abstrakter Kunst - Wandbilder f\u00fcr das Wohnzimmer\",\"breadcrumb\":{\"@id\":\"https:\/\/svetslik.si\/de\/vincent-van-gogh-de\/portrait-of-dr-gachet\/#breadcrumb\"},\"inLanguage\":\"de\",\"potentialAction\":[{\"@type\":\"ReadAction\",\"target\":[\"https:\/\/svetslik.si\/de\/vincent-van-gogh-de\/portrait-of-dr-gachet\/\"]}]},{\"@type\":\"ImageObject\",\"inLanguage\":\"de\",\"@id\":\"https:\/\/svetslik.si\/de\/vincent-van-gogh-de\/portrait-of-dr-gachet\/#primaryimage\",\"url\":\"https:\/\/svetslik.si\/wp-content\/uploads\/2021\/08\/image_Portrait-of-Dr-Gachet-Van-Gogh-Vincent-Van-Gogh-reprodukcija-slike_680-scaled.jpg\",\"contentUrl\":\"https:\/\/svetslik.si\/wp-content\/uploads\/2021\/08\/image_Portrait-of-Dr-Gachet-Van-Gogh-Vincent-Van-Gogh-reprodukcija-slike_680-scaled.jpg\",\"width\":2059,\"height\":2560,\"caption\":\"Vincent Van Gogh - Portrait of Dr. Gachet - Portr\u00e4t von Dr. Gachet, Gem\u00e4lde, Leinwandbilder - 100% handgemalte, Reproduktionen ber\u00fchmter Gem\u00e4lde, Gem\u00e4lde kaufen, Wandbilder Wohnzimmer, ber\u00fchmtes Gem\u00e4lde, \u00d6lgem\u00e4lde, Bilderrahmen\"},{\"@type\":\"BreadcrumbList\",\"@id\":\"https:\/\/svetslik.si\/de\/vincent-van-gogh-de\/portrait-of-dr-gachet\/#breadcrumb\",\"itemListElement\":[{\"@type\":\"ListItem\",\"position\":1,\"name\":\"Wandkunst und Gem\u00e4lde auf Leinwand\",\"item\":\"https:\/\/svetslik.si\/de\/\"},{\"@type\":\"ListItem\",\"position\":2,\"name\":\"Verkauf von Gem\u00e4lden\",\"item\":\"https:\/\/svetslik.si\/prodaja-slik\/\"},{\"@type\":\"ListItem\",\"position\":3,\"name\":\"Vincent van Gogh &#8211; Portrait of Dr. Gachet\"}]},{\"@type\":\"WebSite\",\"@id\":\"https:\/\/svetslik.si\/de\/#website\",\"url\":\"https:\/\/svetslik.si\/de\/\",\"name\":\"SVETSLIK.SI\",\"description\":\"100% handgemalte Reproduktionen von Gem\u00e4lden ber\u00fchmter Maler und Gem\u00e4lde auf Leinwand.\",\"publisher\":{\"@id\":\"https:\/\/svetslik.si\/de\/#organization\"},\"potentialAction\":[{\"@type\":\"SearchAction\",\"target\":{\"@type\":\"EntryPoint\",\"urlTemplate\":\"https:\/\/svetslik.si\/de\/?s={search_term_string}\"},\"query-input\":{\"@type\":\"PropertyValueSpecification\",\"valueRequired\":true,\"valueName\":\"search_term_string\"}}],\"inLanguage\":\"de\"},{\"@type\":\"Organization\",\"@id\":\"https:\/\/svetslik.si\/de\/#organization\",\"name\":\"SvetSlik.si\",\"url\":\"https:\/\/svetslik.si\/de\/\",\"logo\":{\"@type\":\"ImageObject\",\"inLanguage\":\"de\",\"@id\":\"https:\/\/svetslik.si\/de\/#\/schema\/logo\/image\/\",\"url\":\"https:\/\/svetslik.si\/wp-content\/uploads\/2020\/12\/logo-512.png\",\"contentUrl\":\"https:\/\/svetslik.si\/wp-content\/uploads\/2020\/12\/logo-512.png\",\"width\":512,\"height\":512,\"caption\":\"SvetSlik.si\"},\"image\":{\"@id\":\"https:\/\/svetslik.si\/de\/#\/schema\/logo\/image\/\"},\"sameAs\":[\"https:\/\/www.facebook.com\/svetslik.si\",\"https:\/\/x.com\/svetslik\",\"https:\/\/www.instagram.com\/svetslik.si\/\",\"https:\/\/www.linkedin.com\/company\/svetslik-si\"]}]}<\/script>\n<meta property=\"og:availability\" content=\"backorder\" \/>\n<meta property=\"product:availability\" content=\"available for order\" \/>\n<meta property=\"product:retailer_item_id\" content=\"244__\" \/>\n<meta property=\"product:condition\" content=\"new\" \/>\n<!-- \/ Yoast SEO Premium plugin. -->","yoast_head_json":{"title":"Vincent van Gogh - Portrait of Dr. Gachet - SVETSLIK.SI - 100% handgemalt","description":"Vincent van Gogh - Portrait of Dr. Gachet - 100% handgemalte Gem\u00e4lde - Verkauf von Reproduktionen ber\u00fchmter Gem\u00e4lde und abstrakter Kunst - Wandbilder f\u00fcr das Wohnzimmer","robots":{"index":"index","follow":"follow","max-snippet":"max-snippet:-1","max-image-preview":"max-image-preview:large","max-video-preview":"max-video-preview:-1"},"canonical":"https:\/\/svetslik.si\/de\/vincent-van-gogh-de\/portrait-of-dr-gachet\/","og_locale":"de_DE","og_type":"article","og_title":"Vincent van Gogh - Portrait of Dr. Gachet","og_description":"100% ro\u010dno naslikane slike na platnu, reprodukcije znanih slikarjev in umetni\u0161ke slike po naro\u010dilu.","og_url":"https:\/\/svetslik.si\/de\/vincent-van-gogh-de\/portrait-of-dr-gachet\/","og_site_name":"SVETSLIK.SI","article_publisher":"https:\/\/www.facebook.com\/svetslik.si","article_modified_time":"2026-03-22T18:51:38+00:00","og_image":[{"width":2059,"height":2560,"url":"https:\/\/svetslik.si\/wp-content\/uploads\/2021\/08\/image_Portrait-of-Dr-Gachet-Van-Gogh-Vincent-Van-Gogh-reprodukcija-slike_680-scaled.jpg","type":"image\/jpeg"}],"twitter_card":"summary_large_image","twitter_site":"@svetslik","twitter_misc":{"Verf\u00fcgbarkeit":"bei Nachbestellung"},"schema":{"@context":"https:\/\/schema.org","@graph":[{"@type":["WebPage","ItemPage"],"@id":"https:\/\/svetslik.si\/de\/vincent-van-gogh-de\/portrait-of-dr-gachet\/","url":"https:\/\/svetslik.si\/de\/vincent-van-gogh-de\/portrait-of-dr-gachet\/","name":"Vincent van Gogh - Portrait of Dr. Gachet - SVETSLIK.SI - 100% handgemalt","isPartOf":{"@id":"https:\/\/svetslik.si\/de\/#website"},"primaryImageOfPage":{"@id":"https:\/\/svetslik.si\/de\/vincent-van-gogh-de\/portrait-of-dr-gachet\/#primaryimage"},"image":{"@id":"https:\/\/svetslik.si\/de\/vincent-van-gogh-de\/portrait-of-dr-gachet\/#primaryimage"},"thumbnailUrl":"https:\/\/svetslik.si\/wp-content\/uploads\/2021\/08\/image_Portrait-of-Dr-Gachet-Van-Gogh-Vincent-Van-Gogh-reprodukcija-slike_680-scaled.jpg","datePublished":"2021-09-02T15:52:05+00:00","dateModified":"2026-03-22T18:51:38+00:00","description":"Vincent van Gogh - Portrait of Dr. Gachet - 100% handgemalte Gem\u00e4lde - Verkauf von Reproduktionen ber\u00fchmter Gem\u00e4lde und abstrakter Kunst - Wandbilder f\u00fcr das Wohnzimmer","breadcrumb":{"@id":"https:\/\/svetslik.si\/de\/vincent-van-gogh-de\/portrait-of-dr-gachet\/#breadcrumb"},"inLanguage":"de","potentialAction":[{"@type":"ReadAction","target":["https:\/\/svetslik.si\/de\/vincent-van-gogh-de\/portrait-of-dr-gachet\/"]}]},{"@type":"ImageObject","inLanguage":"de","@id":"https:\/\/svetslik.si\/de\/vincent-van-gogh-de\/portrait-of-dr-gachet\/#primaryimage","url":"https:\/\/svetslik.si\/wp-content\/uploads\/2021\/08\/image_Portrait-of-Dr-Gachet-Van-Gogh-Vincent-Van-Gogh-reprodukcija-slike_680-scaled.jpg","contentUrl":"https:\/\/svetslik.si\/wp-content\/uploads\/2021\/08\/image_Portrait-of-Dr-Gachet-Van-Gogh-Vincent-Van-Gogh-reprodukcija-slike_680-scaled.jpg","width":2059,"height":2560,"caption":"Vincent Van Gogh - Portrait of Dr. Gachet - Portr\u00e4t von Dr. Gachet, Gem\u00e4lde, Leinwandbilder - 100% handgemalte, Reproduktionen ber\u00fchmter Gem\u00e4lde, Gem\u00e4lde kaufen, Wandbilder Wohnzimmer, ber\u00fchmtes Gem\u00e4lde, \u00d6lgem\u00e4lde, Bilderrahmen"},{"@type":"BreadcrumbList","@id":"https:\/\/svetslik.si\/de\/vincent-van-gogh-de\/portrait-of-dr-gachet\/#breadcrumb","itemListElement":[{"@type":"ListItem","position":1,"name":"Wandkunst und Gem\u00e4lde auf Leinwand","item":"https:\/\/svetslik.si\/de\/"},{"@type":"ListItem","position":2,"name":"Verkauf von Gem\u00e4lden","item":"https:\/\/svetslik.si\/prodaja-slik\/"},{"@type":"ListItem","position":3,"name":"Vincent van Gogh &#8211; Portrait of Dr. Gachet"}]},{"@type":"WebSite","@id":"https:\/\/svetslik.si\/de\/#website","url":"https:\/\/svetslik.si\/de\/","name":"SVETSLIK.SI","description":"100% handgemalte Reproduktionen von Gem\u00e4lden ber\u00fchmter Maler und Gem\u00e4lde auf Leinwand.","publisher":{"@id":"https:\/\/svetslik.si\/de\/#organization"},"potentialAction":[{"@type":"SearchAction","target":{"@type":"EntryPoint","urlTemplate":"https:\/\/svetslik.si\/de\/?s={search_term_string}"},"query-input":{"@type":"PropertyValueSpecification","valueRequired":true,"valueName":"search_term_string"}}],"inLanguage":"de"},{"@type":"Organization","@id":"https:\/\/svetslik.si\/de\/#organization","name":"SvetSlik.si","url":"https:\/\/svetslik.si\/de\/","logo":{"@type":"ImageObject","inLanguage":"de","@id":"https:\/\/svetslik.si\/de\/#\/schema\/logo\/image\/","url":"https:\/\/svetslik.si\/wp-content\/uploads\/2020\/12\/logo-512.png","contentUrl":"https:\/\/svetslik.si\/wp-content\/uploads\/2020\/12\/logo-512.png","width":512,"height":512,"caption":"SvetSlik.si"},"image":{"@id":"https:\/\/svetslik.si\/de\/#\/schema\/logo\/image\/"},"sameAs":["https:\/\/www.facebook.com\/svetslik.si","https:\/\/x.com\/svetslik","https:\/\/www.instagram.com\/svetslik.si\/","https:\/\/www.linkedin.com\/company\/svetslik-si"]}]},"og_availability":"backorder","product_availability":"available for order","product_retailer_item_id":"244__","product_condition":"new"},"jetpack_sharing_enabled":true,"_links":{"self":[{"href":"https:\/\/svetslik.si\/de\/wp-json\/wp\/v2\/product\/67423","targetHints":{"allow":["GET"]}}],"collection":[{"href":"https:\/\/svetslik.si\/de\/wp-json\/wp\/v2\/product"}],"about":[{"href":"https:\/\/svetslik.si\/de\/wp-json\/wp\/v2\/types\/product"}],"wp:featuredmedia":[{"embeddable":true,"href":"https:\/\/svetslik.si\/de\/wp-json\/wp\/v2\/media\/63950"}],"wp:attachment":[{"href":"https:\/\/svetslik.si\/de\/wp-json\/wp\/v2\/media?parent=67423"}],"wp:term":[{"taxonomy":"product_brand","embeddable":true,"href":"https:\/\/svetslik.si\/de\/wp-json\/wp\/v2\/product_brand?post=67423"},{"taxonomy":"product_cat","embeddable":true,"href":"https:\/\/svetslik.si\/de\/wp-json\/wp\/v2\/product_cat?post=67423"},{"taxonomy":"product_tag","embeddable":true,"href":"https:\/\/svetslik.si\/de\/wp-json\/wp\/v2\/product_tag?post=67423"}],"curies":[{"name":"wp","href":"https:\/\/api.w.org\/{rel}","templated":true}]}}