{"id":67432,"date":"2021-09-02T17:52:15","date_gmt":"2021-09-02T15:52:15","guid":{"rendered":"https:\/\/svetslik.si\/unkategorisiert\/wheat-field-with-crows\/"},"modified":"2026-03-22T19:52:23","modified_gmt":"2026-03-22T18:52:23","slug":"wheat-field-with-crows","status":"publish","type":"product","link":"https:\/\/svetslik.si\/de\/vincent-van-gogh-de\/wheat-field-with-crows\/","title":{"rendered":"Vincent van Gogh &#8211; Wheat Field with Crows"},"content":{"rendered":"<h1>Vincent Van Gogh \u2013 Weizenfeld mit Kr\u00e4hen<\/h1>\n<table id=\"imageinfo\" border=\"0\" width=\"96%\" cellpadding=\"2\">\n<tbody>\n<tr>\n<td width=\"120\">Erstellungsjahr:<\/td>\n<td>1890<\/td>\n<\/tr>\n<tr>\n<td>Originalgr\u00f6\u00dfe:<\/td>\n<td>51 x 103 cm<\/td>\n<\/tr>\n<tr>\n<td>Malstil:<\/td>\n<td>Postimpressionismus<\/td>\n<\/tr>\n<tr>\n<td>Originaltechnik:<\/td>\n<td>\u00d6l auf Leinwand<\/td>\n<\/tr>\n<tr>\n<td>Standort:<\/td>\n<td>Van Gogh Museum, Niederlande<\/td>\n<\/tr>\n<\/tbody>\n<\/table>\n<p>\u00d6l auf Leinwand <em>Weizenfeld mit Kr\u00e4hen<\/em> ist eines von Van Goghs letzten Werken. Der d\u00fcstere, bedrohliche Himmel auf dem Gem\u00e4lde zeigt den damaligen Geisteszustand Van Goghs; Drei Wege, die in verschiedene Richtungen f\u00fchren, und schwarze Kr\u00e4hen \u00fcber dem Feld symbolisieren Ungl\u00fcck oder sogar den Tod.<\/p>\n<p>Van Gogh schrieb, dass er in Auvers drei \u00d6lbilder auf Leinwand mit dem Thema eines Weizenfeldes unter st\u00fcrmischem Himmel malte.<\/p>\n<p>Das Gem\u00e4lde \u201eWeizenfeld mit Kr\u00e4hen\u201c, das 1890 vom niederl\u00e4ndischen K\u00fcnstler Vincent van Gogh gemalt wurde, ist ein kraftvolles und bewegendes Bild, das die Leidenschaft des K\u00fcnstlers f\u00fcr die Natur und den menschlichen Zustand zeigt. Das Gem\u00e4lde zeigt ein Weizenfeld mit dunklen Kr\u00e4hen, die auf Weizengarben sitzen und \u00fcber ihnen vor einem strahlend blauen Himmel fliegen. Das Gem\u00e4lde ist weithin f\u00fcr seine kr\u00e4ftigen Pinselstriche, seine Emotionalit\u00e4t und seine starke Symbolik bekannt.<\/p>\n<p>Weizenfeld mit Kr\u00e4hen ist ein hervorragendes Beispiel f\u00fcr Van Goghs postimpressionistischen Stil, der sich durch dichte und sichtbare Pinselstriche, leuchtende Farben und kr\u00e4ftige Kontraste auszeichnete. Kr\u00e4ftige Pinselstriche und leuchtende Farben im Gem\u00e4lde erzeugen ein Gef\u00fchl von Bewegung und Energie, w\u00e4hrend der blaue Himmel ein Gef\u00fchl von Frieden und Ruhe vermittelt. Die in Schwarz dargestellten dunklen Kr\u00e4hen heben sich vom leuchtenden Himmel und dem goldenen Weizen ab und bilden einen markanten Kontrast.<\/p>\n<p>Eines der auff\u00e4lligsten Merkmale des Gem\u00e4ldes \u201eWeizenfeld mit Kr\u00e4hen\u201c ist die Verwendung von Farbe. Van Goghs Verwendung von kr\u00e4ftigen, kontrastierenden Farben erzeugt in dem Gem\u00e4lde ein Gef\u00fchl von Bewegung und Energie, und der blaue Himmel wird in einer Vielzahl von Blaut\u00f6nen dargestellt, was ein Gef\u00fchl von Tiefe und Dimension erzeugt. Der goldene Weizen bildet einen warmen und einladenden Kontrast zu den dunklen Kr\u00e4hen. Bemerkenswert sind auch die Pinselstriche mit dicken, sichtbaren Strichen, die dem Gem\u00e4lde ein Gef\u00fchl von Bewegung und Energie verleihen.<\/p>\n<p>Auch die Symbolik des Gem\u00e4ldes ist reichhaltig. Kr\u00e4hen gelten oft als Symbole des Todes und der Verg\u00e4nglichkeit des Lebens. Das Weizenfeld k\u00f6nnte den Kreislauf des Lebens und die M\u00f6glichkeit von Wachstum und Erneuerung symbolisieren. Das Gem\u00e4lde soll Van Goghs damaligen emotionalen Zustand darstellen. Es wird angenommen, dass das Gem\u00e4lde zu einer Zeit entstand, als Van Gogh sehr unruhig und emotional gest\u00f6rt war, und dass das Gem\u00e4lde ein Spiegelbild seiner inneren Unruhe sei. Dunkle Kr\u00e4hen, die auf Weizengarben sitzen und \u00fcber ihnen fliegen, erzeugen ein Gef\u00fchl der Vorahnung und Vorahnung, das im Kontrast zur Gelassenheit des blauen Himmels und des goldenen Weizenfeldes steht. Es wird angenommen, dass Van Gogh die Kr\u00e4hen als Metapher f\u00fcr die negativen Gedanken und Gef\u00fchle verwendete, mit denen er zu dieser Zeit zu k\u00e4mpfen hatte.<\/p>\n<p>\u201eWeizenfeld mit Kr\u00e4hen gilt als eines der ikonischsten und kraftvollsten Werke Van Goghs und befindet sich im Van Gogh Museum in Amsterdam, Niederlande. Es ist ein wichtiges postimpressionistisches Werk, das immer noch von Amateuren und Experten gleicherma\u00dfen bewundert und studiert wird. Aus diesem Grund Mit seiner kraftvollen Bildsprache, seiner Emotionalit\u00e4t und seinem Reichtum an Symbolik ist das Gem\u00e4lde ein Muss f\u00fcr jeden Kunstliebhaber und jeden, der sich f\u00fcr das Werk von Vincent van Gogh interessiert.<\/p>\n<p>Weizenfeld mit Kr\u00e4hen ist ein kraftvolles und eindrucksvolles Gem\u00e4lde, das die k\u00fchnen Pinselstriche, die Emotionalit\u00e4t und die starke Symbolik zeigt, die Vincent van Goghs postimpressionistischen Stil charakterisieren. Der Einsatz von Farben und Pinselstrichen im Gem\u00e4lde erzeugt ein Gef\u00fchl von Bewegung und Energie, und die dunklen Kr\u00e4hen symbolisieren den Tod und die Verg\u00e4nglichkeit des Lebens. Das Gem\u00e4lde gilt als eines der ikonischsten und kraftvollsten Werke Van Goghs. Es befindet sich im Van Gogh Museum in Amsterdam, Niederlande. Es wird immer noch von Amateuren und Experten gleicherma\u00dfen bewundert und studiert. Die kraftvolle Bildsprache, Emotionalit\u00e4t und reiche Symbolik machen das Gem\u00e4lde zu einem Muss f\u00fcr jeden Kunstliebhaber und jeden, der sich f\u00fcr das Werk von Vincent van Gogh interessiert.<\/p>\n","protected":false},"excerpt":{"rendered":"<p>Vincent Van Gogh \u2013 Weizenfeld mit Kr\u00e4hen Erstellungsjahr: 1890 Originalgr\u00f6\u00dfe: 51 x 103 cm Malstil: Postimpressionismus Originaltechnik: \u00d6l auf Leinwand Standort: Van Gogh Museum, Niederlande \u00d6l auf Leinwand Weizenfeld mit Kr\u00e4hen ist eines von Van Goghs letzten Werken. Der d\u00fcstere, bedrohliche Himmel auf dem Gem\u00e4lde zeigt den damaligen Geisteszustand Van [&hellip;]<\/p>\n","protected":false},"featured_media":64354,"template":"","meta":{"_acf_changed":false},"product_brand":[],"product_cat":[8468],"product_tag":[8521,8513,8514,8581],"class_list":{"0":"post-67432","1":"product","2":"type-product","3":"status-publish","4":"has-post-thumbnail","6":"product_cat-vincent-van-gogh-de","7":"product_tag-maler","8":"product_tag-reproduktion","9":"product_tag-reproduktionen","10":"product_tag-van-gogh-de","11":"pa_dimenzija-103-x-50-cm","12":"pa_dimenzija-120-x-60-cm","13":"pa_dimenzija-150-x-70-cm","14":"pa_dimenzija-180-x-90-cm","15":"pa_dimenzija-80-x-40-cm","16":"pa_dimenzija-90-x-45-cm","17":"pa_oblika-horizontal-de","18":"pa_okvir-ohne-rahmen","19":"pa_podokvir-ja","20":"pa_podokvir-nein","22":"first","23":"onbackorder","24":"purchasable","25":"product-type-variable","26":"has-default-attributes"},"acf":[],"yoast_head":"<!-- This site is optimized with the Yoast SEO Premium plugin v26.0 (Yoast SEO v27.2) - https:\/\/yoast.com\/product\/yoast-seo-premium-wordpress\/ -->\n<title>Vincent van Gogh - Wheat Field with Crows - SVETSLIK.SI - 100% handgemalt<\/title>\n<meta name=\"description\" content=\"Vincent van Gogh - Wheat Field with Crows - 100% handgemalte Gem\u00e4lde - Verkauf von Reproduktionen ber\u00fchmter Gem\u00e4lde und abstrakter Kunst - Wandbilder f\u00fcr das Wohnzimmer\" \/>\n<meta name=\"robots\" content=\"index, follow, max-snippet:-1, max-image-preview:large, max-video-preview:-1\" \/>\n<link rel=\"canonical\" href=\"https:\/\/svetslik.si\/de\/vincent-van-gogh-de\/wheat-field-with-crows\/\" \/>\n<meta property=\"og:locale\" content=\"de_DE\" \/>\n<meta property=\"og:type\" content=\"article\" \/>\n<meta property=\"og:title\" content=\"Vincent van Gogh - Wheat Field with Crows\" \/>\n<meta property=\"og:description\" content=\"100% ro\u010dno naslikane slike na platnu, reprodukcije znanih slikarjev in umetni\u0161ke slike po naro\u010dilu.\" \/>\n<meta property=\"og:url\" content=\"https:\/\/svetslik.si\/de\/vincent-van-gogh-de\/wheat-field-with-crows\/\" \/>\n<meta property=\"og:site_name\" content=\"SVETSLIK.SI\" \/>\n<meta property=\"article:publisher\" content=\"https:\/\/www.facebook.com\/svetslik.si\" \/>\n<meta property=\"article:modified_time\" content=\"2026-03-22T18:52:23+00:00\" \/>\n<meta property=\"og:image\" content=\"https:\/\/svetslik.si\/wp-content\/uploads\/2021\/08\/image_Wheat-Field-with-Crows-Van-Gogh_680-scaled.jpg\" \/>\n\t<meta property=\"og:image:width\" content=\"2560\" \/>\n\t<meta property=\"og:image:height\" content=\"1198\" \/>\n\t<meta property=\"og:image:type\" content=\"image\/jpeg\" \/>\n<meta name=\"twitter:card\" content=\"summary_large_image\" \/>\n<meta name=\"twitter:site\" content=\"@svetslik\" \/>\n<meta name=\"twitter:label1\" content=\"Verf\u00fcgbarkeit\" \/>\n\t<meta name=\"twitter:data1\" content=\"bei Nachbestellung\" \/>\n<script type=\"application\/ld+json\" class=\"yoast-schema-graph\">{\"@context\":\"https:\/\/schema.org\",\"@graph\":[{\"@type\":[\"WebPage\",\"ItemPage\"],\"@id\":\"https:\/\/svetslik.si\/de\/vincent-van-gogh-de\/wheat-field-with-crows\/\",\"url\":\"https:\/\/svetslik.si\/de\/vincent-van-gogh-de\/wheat-field-with-crows\/\",\"name\":\"Vincent van Gogh - Wheat Field with Crows - SVETSLIK.SI - 100% handgemalt\",\"isPartOf\":{\"@id\":\"https:\/\/svetslik.si\/de\/#website\"},\"primaryImageOfPage\":{\"@id\":\"https:\/\/svetslik.si\/de\/vincent-van-gogh-de\/wheat-field-with-crows\/#primaryimage\"},\"image\":{\"@id\":\"https:\/\/svetslik.si\/de\/vincent-van-gogh-de\/wheat-field-with-crows\/#primaryimage\"},\"thumbnailUrl\":\"https:\/\/svetslik.si\/wp-content\/uploads\/2021\/08\/image_Wheat-Field-with-Crows-Van-Gogh_680-scaled.jpg\",\"datePublished\":\"2021-09-02T15:52:15+00:00\",\"dateModified\":\"2026-03-22T18:52:23+00:00\",\"description\":\"Vincent van Gogh - Wheat Field with Crows - 100% handgemalte Gem\u00e4lde - Verkauf von Reproduktionen ber\u00fchmter Gem\u00e4lde und abstrakter Kunst - Wandbilder f\u00fcr das Wohnzimmer\",\"breadcrumb\":{\"@id\":\"https:\/\/svetslik.si\/de\/vincent-van-gogh-de\/wheat-field-with-crows\/#breadcrumb\"},\"inLanguage\":\"de\",\"potentialAction\":[{\"@type\":\"ReadAction\",\"target\":[\"https:\/\/svetslik.si\/de\/vincent-van-gogh-de\/wheat-field-with-crows\/\"]}]},{\"@type\":\"ImageObject\",\"inLanguage\":\"de\",\"@id\":\"https:\/\/svetslik.si\/de\/vincent-van-gogh-de\/wheat-field-with-crows\/#primaryimage\",\"url\":\"https:\/\/svetslik.si\/wp-content\/uploads\/2021\/08\/image_Wheat-Field-with-Crows-Van-Gogh_680-scaled.jpg\",\"contentUrl\":\"https:\/\/svetslik.si\/wp-content\/uploads\/2021\/08\/image_Wheat-Field-with-Crows-Van-Gogh_680-scaled.jpg\",\"width\":2560,\"height\":1198,\"caption\":\"Van Gogh - Wheat Field with Crows (Weizenfeld mit Kr\u00e4hen) Gem\u00e4lde, Leinwandbilder - 100% handgemalte, Reproduktionen ber\u00fchmter Gem\u00e4lde, Gem\u00e4lde kaufen, Wandbilder Wohnzimmer, ber\u00fchmtes Gem\u00e4lde, \u00d6lgem\u00e4lde, Bilderrahmen\"},{\"@type\":\"BreadcrumbList\",\"@id\":\"https:\/\/svetslik.si\/de\/vincent-van-gogh-de\/wheat-field-with-crows\/#breadcrumb\",\"itemListElement\":[{\"@type\":\"ListItem\",\"position\":1,\"name\":\"Wandkunst und Gem\u00e4lde auf Leinwand\",\"item\":\"https:\/\/svetslik.si\/de\/\"},{\"@type\":\"ListItem\",\"position\":2,\"name\":\"Verkauf von Gem\u00e4lden\",\"item\":\"https:\/\/svetslik.si\/prodaja-slik\/\"},{\"@type\":\"ListItem\",\"position\":3,\"name\":\"Vincent van Gogh &#8211; Wheat Field with Crows\"}]},{\"@type\":\"WebSite\",\"@id\":\"https:\/\/svetslik.si\/de\/#website\",\"url\":\"https:\/\/svetslik.si\/de\/\",\"name\":\"SVETSLIK.SI\",\"description\":\"100% handgemalte Reproduktionen von Gem\u00e4lden ber\u00fchmter Maler und Gem\u00e4lde auf Leinwand.\",\"publisher\":{\"@id\":\"https:\/\/svetslik.si\/de\/#organization\"},\"potentialAction\":[{\"@type\":\"SearchAction\",\"target\":{\"@type\":\"EntryPoint\",\"urlTemplate\":\"https:\/\/svetslik.si\/de\/?s={search_term_string}\"},\"query-input\":{\"@type\":\"PropertyValueSpecification\",\"valueRequired\":true,\"valueName\":\"search_term_string\"}}],\"inLanguage\":\"de\"},{\"@type\":\"Organization\",\"@id\":\"https:\/\/svetslik.si\/de\/#organization\",\"name\":\"SvetSlik.si\",\"url\":\"https:\/\/svetslik.si\/de\/\",\"logo\":{\"@type\":\"ImageObject\",\"inLanguage\":\"de\",\"@id\":\"https:\/\/svetslik.si\/de\/#\/schema\/logo\/image\/\",\"url\":\"https:\/\/svetslik.si\/wp-content\/uploads\/2020\/12\/logo-512.png\",\"contentUrl\":\"https:\/\/svetslik.si\/wp-content\/uploads\/2020\/12\/logo-512.png\",\"width\":512,\"height\":512,\"caption\":\"SvetSlik.si\"},\"image\":{\"@id\":\"https:\/\/svetslik.si\/de\/#\/schema\/logo\/image\/\"},\"sameAs\":[\"https:\/\/www.facebook.com\/svetslik.si\",\"https:\/\/x.com\/svetslik\",\"https:\/\/www.instagram.com\/svetslik.si\/\",\"https:\/\/www.linkedin.com\/company\/svetslik-si\"]}]}<\/script>\n<meta property=\"og:availability\" content=\"backorder\" \/>\n<meta property=\"product:availability\" content=\"available for order\" \/>\n<meta property=\"product:retailer_item_id\" content=\"245__\" \/>\n<meta property=\"product:condition\" content=\"new\" \/>\n<!-- \/ Yoast SEO Premium plugin. -->","yoast_head_json":{"title":"Vincent van Gogh - Wheat Field with Crows - SVETSLIK.SI - 100% handgemalt","description":"Vincent van Gogh - Wheat Field with Crows - 100% handgemalte Gem\u00e4lde - Verkauf von Reproduktionen ber\u00fchmter Gem\u00e4lde und abstrakter Kunst - Wandbilder f\u00fcr das Wohnzimmer","robots":{"index":"index","follow":"follow","max-snippet":"max-snippet:-1","max-image-preview":"max-image-preview:large","max-video-preview":"max-video-preview:-1"},"canonical":"https:\/\/svetslik.si\/de\/vincent-van-gogh-de\/wheat-field-with-crows\/","og_locale":"de_DE","og_type":"article","og_title":"Vincent van Gogh - Wheat Field with Crows","og_description":"100% ro\u010dno naslikane slike na platnu, reprodukcije znanih slikarjev in umetni\u0161ke slike po naro\u010dilu.","og_url":"https:\/\/svetslik.si\/de\/vincent-van-gogh-de\/wheat-field-with-crows\/","og_site_name":"SVETSLIK.SI","article_publisher":"https:\/\/www.facebook.com\/svetslik.si","article_modified_time":"2026-03-22T18:52:23+00:00","og_image":[{"width":2560,"height":1198,"url":"https:\/\/svetslik.si\/wp-content\/uploads\/2021\/08\/image_Wheat-Field-with-Crows-Van-Gogh_680-scaled.jpg","type":"image\/jpeg"}],"twitter_card":"summary_large_image","twitter_site":"@svetslik","twitter_misc":{"Verf\u00fcgbarkeit":"bei Nachbestellung"},"schema":{"@context":"https:\/\/schema.org","@graph":[{"@type":["WebPage","ItemPage"],"@id":"https:\/\/svetslik.si\/de\/vincent-van-gogh-de\/wheat-field-with-crows\/","url":"https:\/\/svetslik.si\/de\/vincent-van-gogh-de\/wheat-field-with-crows\/","name":"Vincent van Gogh - Wheat Field with Crows - SVETSLIK.SI - 100% handgemalt","isPartOf":{"@id":"https:\/\/svetslik.si\/de\/#website"},"primaryImageOfPage":{"@id":"https:\/\/svetslik.si\/de\/vincent-van-gogh-de\/wheat-field-with-crows\/#primaryimage"},"image":{"@id":"https:\/\/svetslik.si\/de\/vincent-van-gogh-de\/wheat-field-with-crows\/#primaryimage"},"thumbnailUrl":"https:\/\/svetslik.si\/wp-content\/uploads\/2021\/08\/image_Wheat-Field-with-Crows-Van-Gogh_680-scaled.jpg","datePublished":"2021-09-02T15:52:15+00:00","dateModified":"2026-03-22T18:52:23+00:00","description":"Vincent van Gogh - Wheat Field with Crows - 100% handgemalte Gem\u00e4lde - Verkauf von Reproduktionen ber\u00fchmter Gem\u00e4lde und abstrakter Kunst - Wandbilder f\u00fcr das Wohnzimmer","breadcrumb":{"@id":"https:\/\/svetslik.si\/de\/vincent-van-gogh-de\/wheat-field-with-crows\/#breadcrumb"},"inLanguage":"de","potentialAction":[{"@type":"ReadAction","target":["https:\/\/svetslik.si\/de\/vincent-van-gogh-de\/wheat-field-with-crows\/"]}]},{"@type":"ImageObject","inLanguage":"de","@id":"https:\/\/svetslik.si\/de\/vincent-van-gogh-de\/wheat-field-with-crows\/#primaryimage","url":"https:\/\/svetslik.si\/wp-content\/uploads\/2021\/08\/image_Wheat-Field-with-Crows-Van-Gogh_680-scaled.jpg","contentUrl":"https:\/\/svetslik.si\/wp-content\/uploads\/2021\/08\/image_Wheat-Field-with-Crows-Van-Gogh_680-scaled.jpg","width":2560,"height":1198,"caption":"Van Gogh - Wheat Field with Crows (Weizenfeld mit Kr\u00e4hen) Gem\u00e4lde, Leinwandbilder - 100% handgemalte, Reproduktionen ber\u00fchmter Gem\u00e4lde, Gem\u00e4lde kaufen, Wandbilder Wohnzimmer, ber\u00fchmtes Gem\u00e4lde, \u00d6lgem\u00e4lde, Bilderrahmen"},{"@type":"BreadcrumbList","@id":"https:\/\/svetslik.si\/de\/vincent-van-gogh-de\/wheat-field-with-crows\/#breadcrumb","itemListElement":[{"@type":"ListItem","position":1,"name":"Wandkunst und Gem\u00e4lde auf Leinwand","item":"https:\/\/svetslik.si\/de\/"},{"@type":"ListItem","position":2,"name":"Verkauf von Gem\u00e4lden","item":"https:\/\/svetslik.si\/prodaja-slik\/"},{"@type":"ListItem","position":3,"name":"Vincent van Gogh &#8211; Wheat Field with Crows"}]},{"@type":"WebSite","@id":"https:\/\/svetslik.si\/de\/#website","url":"https:\/\/svetslik.si\/de\/","name":"SVETSLIK.SI","description":"100% handgemalte Reproduktionen von Gem\u00e4lden ber\u00fchmter Maler und Gem\u00e4lde auf Leinwand.","publisher":{"@id":"https:\/\/svetslik.si\/de\/#organization"},"potentialAction":[{"@type":"SearchAction","target":{"@type":"EntryPoint","urlTemplate":"https:\/\/svetslik.si\/de\/?s={search_term_string}"},"query-input":{"@type":"PropertyValueSpecification","valueRequired":true,"valueName":"search_term_string"}}],"inLanguage":"de"},{"@type":"Organization","@id":"https:\/\/svetslik.si\/de\/#organization","name":"SvetSlik.si","url":"https:\/\/svetslik.si\/de\/","logo":{"@type":"ImageObject","inLanguage":"de","@id":"https:\/\/svetslik.si\/de\/#\/schema\/logo\/image\/","url":"https:\/\/svetslik.si\/wp-content\/uploads\/2020\/12\/logo-512.png","contentUrl":"https:\/\/svetslik.si\/wp-content\/uploads\/2020\/12\/logo-512.png","width":512,"height":512,"caption":"SvetSlik.si"},"image":{"@id":"https:\/\/svetslik.si\/de\/#\/schema\/logo\/image\/"},"sameAs":["https:\/\/www.facebook.com\/svetslik.si","https:\/\/x.com\/svetslik","https:\/\/www.instagram.com\/svetslik.si\/","https:\/\/www.linkedin.com\/company\/svetslik-si"]}]},"og_availability":"backorder","product_availability":"available for order","product_retailer_item_id":"245__","product_condition":"new"},"jetpack_sharing_enabled":true,"_links":{"self":[{"href":"https:\/\/svetslik.si\/de\/wp-json\/wp\/v2\/product\/67432","targetHints":{"allow":["GET"]}}],"collection":[{"href":"https:\/\/svetslik.si\/de\/wp-json\/wp\/v2\/product"}],"about":[{"href":"https:\/\/svetslik.si\/de\/wp-json\/wp\/v2\/types\/product"}],"wp:featuredmedia":[{"embeddable":true,"href":"https:\/\/svetslik.si\/de\/wp-json\/wp\/v2\/media\/64354"}],"wp:attachment":[{"href":"https:\/\/svetslik.si\/de\/wp-json\/wp\/v2\/media?parent=67432"}],"wp:term":[{"taxonomy":"product_brand","embeddable":true,"href":"https:\/\/svetslik.si\/de\/wp-json\/wp\/v2\/product_brand?post=67432"},{"taxonomy":"product_cat","embeddable":true,"href":"https:\/\/svetslik.si\/de\/wp-json\/wp\/v2\/product_cat?post=67432"},{"taxonomy":"product_tag","embeddable":true,"href":"https:\/\/svetslik.si\/de\/wp-json\/wp\/v2\/product_tag?post=67432"}],"curies":[{"name":"wp","href":"https:\/\/api.w.org\/{rel}","templated":true}]}}