{"id":67492,"date":"2021-09-02T17:52:45","date_gmt":"2021-09-02T15:52:45","guid":{"rendered":"https:\/\/svetslik.si\/unkategorisiert\/woman-with-a-parasol-facing-left\/"},"modified":"2026-03-22T19:53:12","modified_gmt":"2026-03-22T18:53:12","slug":"woman-with-a-parasol-facing-left","status":"publish","type":"product","link":"https:\/\/svetslik.si\/de\/claude-monet-de\/woman-with-a-parasol-facing-left\/","title":{"rendered":"Claude Monet &#8211; Woman with a Parasol (Facing Left)"},"content":{"rendered":"<div class=\"wpb-content-wrapper\">[vc_row][vc_column][vc_column_text css=&#8221;&#8221;]\n<p data-pm-slice=\"1 1 []\"><div class=\"yt-lazy-video ratio-square\" data-id=\"rISrYEhFMBM\"><\/div>\n[\/vc_column][\/vc_row][vc_row css=&#8221;.vc_custom_1694784331630{margin-bottom: 10px !important;}&#8221;][vc_column]\t<div class=\"et-image-407 et-image     et_image_link\">\n\t\t<div class=\"et-image-inner \">\n\t\t\t\t\t\t\t<div class=\"et-image-thumb \">\n\t\t\t\t\t<img decoding=\"async\" width=\"1000\" height=\"1381\" src=\"https:\/\/svetslik.si\/wp-content\/uploads\/2021\/09\/Claude-Monet-\u2013-Woman-with-a-Parasol-Facing-Left-5.jpg\" class=\"attachment-full\" alt=\"Claude Monet \u2013 Woman with a Parasol (Facing Left)\" title=\"Claude-Monet-\u2013-Woman-with-a-Parasol-(Facing-Left)-5\" srcset=\"https:\/\/svetslik.si\/wp-content\/uploads\/2021\/09\/Claude-Monet-\u2013-Woman-with-a-Parasol-Facing-Left-5.jpg 1000w, https:\/\/svetslik.si\/wp-content\/uploads\/2021\/09\/Claude-Monet-\u2013-Woman-with-a-Parasol-Facing-Left-5-600x829.jpg 600w, https:\/\/svetslik.si\/wp-content\/uploads\/2021\/09\/Claude-Monet-\u2013-Woman-with-a-Parasol-Facing-Left-5-217x300.jpg 217w, https:\/\/svetslik.si\/wp-content\/uploads\/2021\/09\/Claude-Monet-\u2013-Woman-with-a-Parasol-Facing-Left-5-741x1024.jpg 741w, https:\/\/svetslik.si\/wp-content\/uploads\/2021\/09\/Claude-Monet-\u2013-Woman-with-a-Parasol-Facing-Left-5-768x1061.jpg 768w, https:\/\/svetslik.si\/wp-content\/uploads\/2021\/09\/Claude-Monet-\u2013-Woman-with-a-Parasol-Facing-Left-5-109x150.jpg 109w, https:\/\/svetslik.si\/wp-content\/uploads\/2021\/09\/Claude-Monet-\u2013-Woman-with-a-Parasol-Facing-Left-5-900x1243.jpg 900w\" sizes=\"(max-width: 1000px) 100vw, 1000px\" \/>\t\t\t\t<\/div>\n\t\t\t\t\t\t\t\t\t\t\t<\/div>\n\t<\/div>\n  [\/vc_column][\/vc_row][vc_row css=&#8221;.vc_custom_1694784331630{margin-bottom: 10px !important;}&#8221;][vc_column]\t<div class=\"et-image-302 et-image     et_image_link\">\n\t\t<div class=\"et-image-inner \">\n\t\t\t\t\t\t\t<div class=\"et-image-thumb \">\n\t\t\t\t\t<img decoding=\"async\" width=\"1000\" height=\"1570\" src=\"https:\/\/svetslik.si\/wp-content\/uploads\/2021\/09\/Claude-Monet-\u2013-Woman-with-a-Parasol-Facing-Left-1.jpg\" class=\"attachment-full\" alt=\"\" title=\"Claude-Monet-\u2013-Woman-with-a-Parasol-(Facing-Left)-1\" srcset=\"https:\/\/svetslik.si\/wp-content\/uploads\/2021\/09\/Claude-Monet-\u2013-Woman-with-a-Parasol-Facing-Left-1.jpg 1000w, https:\/\/svetslik.si\/wp-content\/uploads\/2021\/09\/Claude-Monet-\u2013-Woman-with-a-Parasol-Facing-Left-1-600x942.jpg 600w, https:\/\/svetslik.si\/wp-content\/uploads\/2021\/09\/Claude-Monet-\u2013-Woman-with-a-Parasol-Facing-Left-1-191x300.jpg 191w, https:\/\/svetslik.si\/wp-content\/uploads\/2021\/09\/Claude-Monet-\u2013-Woman-with-a-Parasol-Facing-Left-1-652x1024.jpg 652w, https:\/\/svetslik.si\/wp-content\/uploads\/2021\/09\/Claude-Monet-\u2013-Woman-with-a-Parasol-Facing-Left-1-768x1206.jpg 768w, https:\/\/svetslik.si\/wp-content\/uploads\/2021\/09\/Claude-Monet-\u2013-Woman-with-a-Parasol-Facing-Left-1-978x1536.jpg 978w, https:\/\/svetslik.si\/wp-content\/uploads\/2021\/09\/Claude-Monet-\u2013-Woman-with-a-Parasol-Facing-Left-1-96x150.jpg 96w, https:\/\/svetslik.si\/wp-content\/uploads\/2021\/09\/Claude-Monet-\u2013-Woman-with-a-Parasol-Facing-Left-1-900x1413.jpg 900w\" sizes=\"(max-width: 1000px) 100vw, 1000px\" \/>\t\t\t\t<\/div>\n\t\t\t\t\t\t\t\t\t\t\t<\/div>\n\t<\/div>\n  [\/vc_column][\/vc_row][vc_row css=&#8221;.vc_custom_1694784331630{margin-bottom: 10px !important;}&#8221;][vc_column]\t<div class=\"et-image-955 et-image     et_image_link\">\n\t\t<div class=\"et-image-inner \">\n\t\t\t\t\t\t\t<div class=\"et-image-thumb \">\n\t\t\t\t\t<img decoding=\"async\" width=\"1000\" height=\"1433\" src=\"https:\/\/svetslik.si\/wp-content\/uploads\/2021\/09\/Claude-Monet-\u2013-Woman-with-a-Parasol-Facing-Left-2.jpg\" class=\"attachment-full\" alt=\"https:\/\/svetslik.si\/wp-content\/uploads\/2021\/09\/Claude-Monet-\u2013-Woman-with-a-Parasol-Facing-Left-3.jpg\" title=\"Claude-Monet-\u2013-Woman-with-a-Parasol-(Facing-Left)-2\" srcset=\"https:\/\/svetslik.si\/wp-content\/uploads\/2021\/09\/Claude-Monet-\u2013-Woman-with-a-Parasol-Facing-Left-2.jpg 1000w, https:\/\/svetslik.si\/wp-content\/uploads\/2021\/09\/Claude-Monet-\u2013-Woman-with-a-Parasol-Facing-Left-2-600x860.jpg 600w, https:\/\/svetslik.si\/wp-content\/uploads\/2021\/09\/Claude-Monet-\u2013-Woman-with-a-Parasol-Facing-Left-2-209x300.jpg 209w, https:\/\/svetslik.si\/wp-content\/uploads\/2021\/09\/Claude-Monet-\u2013-Woman-with-a-Parasol-Facing-Left-2-715x1024.jpg 715w, https:\/\/svetslik.si\/wp-content\/uploads\/2021\/09\/Claude-Monet-\u2013-Woman-with-a-Parasol-Facing-Left-2-768x1101.jpg 768w, https:\/\/svetslik.si\/wp-content\/uploads\/2021\/09\/Claude-Monet-\u2013-Woman-with-a-Parasol-Facing-Left-2-105x150.jpg 105w, https:\/\/svetslik.si\/wp-content\/uploads\/2021\/09\/Claude-Monet-\u2013-Woman-with-a-Parasol-Facing-Left-2-900x1290.jpg 900w\" sizes=\"(max-width: 1000px) 100vw, 1000px\" \/>\t\t\t\t<\/div>\n\t\t\t\t\t\t\t\t\t\t\t<\/div>\n\t<\/div>\n  [\/vc_column][\/vc_row][vc_row css=&#8221;.vc_custom_1694784331630{margin-bottom: 10px !important;}&#8221;][vc_column]\t<div class=\"et-image-534 et-image     et_image_link\">\n\t\t<div class=\"et-image-inner \">\n\t\t\t\t\t\t\t<div class=\"et-image-thumb \">\n\t\t\t\t\t<img decoding=\"async\" width=\"1000\" height=\"563\" src=\"https:\/\/svetslik.si\/wp-content\/uploads\/2021\/09\/Claude-Monet-\u2013-Woman-with-a-Parasol-Facing-Left-3.jpg\" class=\"attachment-full\" alt=\"Claude Monet \u2013 Woman with a Parasol (Facing Left)\" title=\"Claude-Monet-\u2013-Woman-with-a-Parasol-(Facing-Left)-3\" srcset=\"https:\/\/svetslik.si\/wp-content\/uploads\/2021\/09\/Claude-Monet-\u2013-Woman-with-a-Parasol-Facing-Left-3.jpg 1000w, https:\/\/svetslik.si\/wp-content\/uploads\/2021\/09\/Claude-Monet-\u2013-Woman-with-a-Parasol-Facing-Left-3-600x338.jpg 600w, https:\/\/svetslik.si\/wp-content\/uploads\/2021\/09\/Claude-Monet-\u2013-Woman-with-a-Parasol-Facing-Left-3-300x169.jpg 300w, https:\/\/svetslik.si\/wp-content\/uploads\/2021\/09\/Claude-Monet-\u2013-Woman-with-a-Parasol-Facing-Left-3-768x432.jpg 768w, https:\/\/svetslik.si\/wp-content\/uploads\/2021\/09\/Claude-Monet-\u2013-Woman-with-a-Parasol-Facing-Left-3-150x84.jpg 150w, https:\/\/svetslik.si\/wp-content\/uploads\/2021\/09\/Claude-Monet-\u2013-Woman-with-a-Parasol-Facing-Left-3-900x507.jpg 900w\" sizes=\"(max-width: 1000px) 100vw, 1000px\" \/>\t\t\t\t<\/div>\n\t\t\t\t\t\t\t\t\t\t\t<\/div>\n\t<\/div>\n  [\/vc_column][\/vc_row][vc_row][vc_column][vc_column_text]\n<h1>Claude Monet \u2013 Frau mit Sonnenschirm (nach links gerichtet)<\/h1>\n<p>&nbsp;<\/p>\n<div>\n<table style=\"width: 632px;\" border=\"0\" width=\"632\" cellpadding=\"0\">\n<tbody>\n<tr>\n<td style=\"width: 180px; height: 21px;\" height=\"21\">Erstellungsjahr:<\/td>\n<td style=\"width: 452px;\">1886<\/td>\n<\/tr>\n<tr>\n<td style=\"width: 180px; height: 21px;\" height=\"21\">Originalgr\u00f6\u00dfe:<\/td>\n<td style=\"width: 452px;\">88 cm x 131 cm<\/td>\n<\/tr>\n<tr>\n<td style=\"width: 180px; height: 21px;\" height=\"21\">Lackstil:<\/td>\n<td style=\"width: 452px;\">Impressionismus<\/td>\n<\/tr>\n<tr>\n<td style=\"width: 180px; height: 21px;\" height=\"21\">Originaltechnik:<\/td>\n<td>\u00d6l auf Leinwand<\/td>\n<\/tr>\n<tr>\n<td style=\"width: 180px; height: 21px;\" height=\"21\">Standort:<\/td>\n<td style=\"width: 452px;\">Orsey Museum, Paris<\/td>\n<\/tr>\n<\/tbody>\n<colgroup>\n<col \/>\n<col \/> <\/colgroup>\n<\/table>\n<\/div>\n<div><\/div>\n<div>Monet verlor nach dem Tod seiner Frau Camille das Interesse an der Figurenmalerei, genoss aber sp\u00e4ter Darstellungen der T\u00f6chter seiner Lebensgef\u00e4hrtin Alice Hosched\u00e9 in Giverny. In dem \u00d6l auf Leinwand <em>Frau mit Sonnenschirm (nach links gerichtet)<\/em> stellte der Maler Suzanne in einem wei\u00dfen Sommerkleid mit einem gr\u00fcnen Regenschirm in der Hand dar. Das \u00d6l auf Leinwand \u00e4hnelt dem fr\u00fcheren Werk des K\u00fcnstlers aus dem Jahr 1875, <em>Frau mit Sonnenschirm<\/em>, in dem er seine Frau und seinen Sohn darstellte.<\/div>\n<p>&nbsp;<\/p>\n<\/div>","protected":false},"excerpt":{"rendered":"<p>[vc_row][vc_column][vc_column_text css=&#8221;&#8221;] [\/vc_column][\/vc_row][vc_row css=&#8221;.vc_custom_1694784331630{margin-bottom: 10px !important;}&#8221;][vc_column][\/vc_column][\/vc_row][vc_row css=&#8221;.vc_custom_1694784331630{margin-bottom: 10px !important;}&#8221;][vc_column][\/vc_column][\/vc_row][vc_row css=&#8221;.vc_custom_1694784331630{margin-bottom: 10px !important;}&#8221;][vc_column][\/vc_column][\/vc_row][vc_row css=&#8221;.vc_custom_1694784331630{margin-bottom: 10px !important;}&#8221;][vc_column][\/vc_column][\/vc_row][vc_row][vc_column][vc_column_text] Claude Monet \u2013 Frau mit Sonnenschirm (nach links gerichtet) &nbsp; Erstellungsjahr: 1886 Originalgr\u00f6\u00dfe: 88 cm x 131 cm Lackstil: Impressionismus Originaltechnik: \u00d6l auf Leinwand Standort: Orsey Museum, Paris Monet verlor nach dem Tod seiner Frau [&hellip;]<\/p>\n","protected":false},"featured_media":63298,"template":"","meta":{"_acf_changed":false},"product_brand":[],"product_cat":[8456],"product_tag":[8521,8501,8513,8514],"class_list":{"0":"post-67492","1":"product","2":"type-product","3":"status-publish","4":"has-post-thumbnail","6":"product_cat-claude-monet-de","7":"product_tag-maler","8":"product_tag-monet-de","9":"product_tag-reproduktion","10":"product_tag-reproduktionen","11":"pa_dimenzija-100-x-150-cm-de","12":"pa_dimenzija-120-x-180-cm-de","13":"pa_dimenzija-50-x-75-cm-de","14":"pa_dimenzija-60-x-40-cm-de","15":"pa_dimenzija-60-x-90-cm-de","16":"pa_dimenzija-70-x-100-cm-de","17":"pa_dimenzija-80-x-120-cm-de","18":"pa_dimenzija-88-x-131-cm-de","19":"pa_oblika-vertikal","20":"pa_okvir-ohne-rahmen","21":"pa_podokvir-ja","22":"pa_podokvir-nein","24":"first","25":"onbackorder","26":"purchasable","27":"product-type-variable","28":"has-default-attributes"},"acf":[],"yoast_head":"<!-- This site is optimized with the Yoast SEO Premium plugin v26.0 (Yoast SEO v27.2) - https:\/\/yoast.com\/product\/yoast-seo-premium-wordpress\/ -->\n<title>Claude Monet - Woman with a Parasol (Facing Left) - SVETSLIK.SI - 100% handgemalt<\/title>\n<meta name=\"description\" content=\"Claude Monet - Woman with a Parasol (Facing Left) - 100% handgemalte Gem\u00e4lde - Verkauf von Reproduktionen ber\u00fchmter Gem\u00e4lde und abstrakter Kunst - Wandbilder f\u00fcr das Wohnzimmer\" \/>\n<meta name=\"robots\" content=\"index, follow, max-snippet:-1, max-image-preview:large, max-video-preview:-1\" \/>\n<link rel=\"canonical\" href=\"https:\/\/svetslik.si\/de\/claude-monet-de\/woman-with-a-parasol-facing-left\/\" \/>\n<meta property=\"og:locale\" content=\"de_DE\" \/>\n<meta property=\"og:type\" content=\"article\" \/>\n<meta property=\"og:title\" content=\"Claude Monet - Woman with a Parasol (Facing Left)\" \/>\n<meta property=\"og:description\" content=\"100% ro\u010dno naslikane slike na platnu, reprodukcije znanih slikarjev in umetni\u0161ke slike po naro\u010dilu.\" \/>\n<meta property=\"og:url\" content=\"https:\/\/svetslik.si\/de\/claude-monet-de\/woman-with-a-parasol-facing-left\/\" \/>\n<meta property=\"og:site_name\" content=\"SVETSLIK.SI\" \/>\n<meta property=\"article:publisher\" content=\"https:\/\/www.facebook.com\/svetslik.si\" \/>\n<meta property=\"article:modified_time\" content=\"2026-03-22T18:53:12+00:00\" \/>\n<meta property=\"og:image\" content=\"https:\/\/svetslik.si\/wp-content\/uploads\/2021\/08\/image_Woman-with-a-Parasol-facing-left-Claude-Monet_680.jpg\" \/>\n\t<meta property=\"og:image:width\" content=\"1811\" \/>\n\t<meta property=\"og:image:height\" content=\"2560\" \/>\n\t<meta property=\"og:image:type\" content=\"image\/jpeg\" \/>\n<meta name=\"twitter:card\" content=\"summary_large_image\" \/>\n<meta name=\"twitter:site\" content=\"@svetslik\" \/>\n<meta name=\"twitter:label1\" content=\"Verf\u00fcgbarkeit\" \/>\n\t<meta name=\"twitter:data1\" content=\"bei Nachbestellung\" \/>\n<script type=\"application\/ld+json\" class=\"yoast-schema-graph\">{\"@context\":\"https:\/\/schema.org\",\"@graph\":[{\"@type\":[\"WebPage\",\"ItemPage\"],\"@id\":\"https:\/\/svetslik.si\/de\/claude-monet-de\/woman-with-a-parasol-facing-left\/\",\"url\":\"https:\/\/svetslik.si\/de\/claude-monet-de\/woman-with-a-parasol-facing-left\/\",\"name\":\"Claude Monet - Woman with a Parasol (Facing Left) - SVETSLIK.SI - 100% handgemalt\",\"isPartOf\":{\"@id\":\"https:\/\/svetslik.si\/de\/#website\"},\"primaryImageOfPage\":{\"@id\":\"https:\/\/svetslik.si\/de\/claude-monet-de\/woman-with-a-parasol-facing-left\/#primaryimage\"},\"image\":{\"@id\":\"https:\/\/svetslik.si\/de\/claude-monet-de\/woman-with-a-parasol-facing-left\/#primaryimage\"},\"thumbnailUrl\":\"https:\/\/svetslik.si\/wp-content\/uploads\/2021\/08\/image_Woman-with-a-Parasol-facing-left-Claude-Monet_680.jpg\",\"datePublished\":\"2021-09-02T15:52:45+00:00\",\"dateModified\":\"2026-03-22T18:53:12+00:00\",\"description\":\"Claude Monet - Woman with a Parasol (Facing Left) - 100% handgemalte Gem\u00e4lde - Verkauf von Reproduktionen ber\u00fchmter Gem\u00e4lde und abstrakter Kunst - Wandbilder f\u00fcr das Wohnzimmer\",\"breadcrumb\":{\"@id\":\"https:\/\/svetslik.si\/de\/claude-monet-de\/woman-with-a-parasol-facing-left\/#breadcrumb\"},\"inLanguage\":\"de\",\"potentialAction\":[{\"@type\":\"ReadAction\",\"target\":[\"https:\/\/svetslik.si\/de\/claude-monet-de\/woman-with-a-parasol-facing-left\/\"]}]},{\"@type\":\"ImageObject\",\"inLanguage\":\"de\",\"@id\":\"https:\/\/svetslik.si\/de\/claude-monet-de\/woman-with-a-parasol-facing-left\/#primaryimage\",\"url\":\"https:\/\/svetslik.si\/wp-content\/uploads\/2021\/08\/image_Woman-with-a-Parasol-facing-left-Claude-Monet_680.jpg\",\"contentUrl\":\"https:\/\/svetslik.si\/wp-content\/uploads\/2021\/08\/image_Woman-with-a-Parasol-facing-left-Claude-Monet_680.jpg\",\"width\":1811,\"height\":2560,\"caption\":\"Claude Monet - Woman with a Parasol (Facing Left) (Frau mit einem Sonnenschirm (nach links schauend)) - Gem\u00e4lde, Leinwandbilder - 100% handgemalte, Reproduktionen ber\u00fchmter Gem\u00e4lde, Gem\u00e4lde kaufen, Wandbilder Wohnzimmer, ber\u00fchmtes Gem\u00e4lde, \u00d6lgem\u00e4lde, Bilderrahmen\"},{\"@type\":\"BreadcrumbList\",\"@id\":\"https:\/\/svetslik.si\/de\/claude-monet-de\/woman-with-a-parasol-facing-left\/#breadcrumb\",\"itemListElement\":[{\"@type\":\"ListItem\",\"position\":1,\"name\":\"Wandkunst und Gem\u00e4lde auf Leinwand\",\"item\":\"https:\/\/svetslik.si\/de\/\"},{\"@type\":\"ListItem\",\"position\":2,\"name\":\"Verkauf von Gem\u00e4lden\",\"item\":\"https:\/\/svetslik.si\/prodaja-slik\/\"},{\"@type\":\"ListItem\",\"position\":3,\"name\":\"Claude Monet &#8211; Woman with a Parasol (Facing Left)\"}]},{\"@type\":\"WebSite\",\"@id\":\"https:\/\/svetslik.si\/de\/#website\",\"url\":\"https:\/\/svetslik.si\/de\/\",\"name\":\"SVETSLIK.SI\",\"description\":\"100% handgemalte Reproduktionen von Gem\u00e4lden ber\u00fchmter Maler und Gem\u00e4lde auf Leinwand.\",\"publisher\":{\"@id\":\"https:\/\/svetslik.si\/de\/#organization\"},\"potentialAction\":[{\"@type\":\"SearchAction\",\"target\":{\"@type\":\"EntryPoint\",\"urlTemplate\":\"https:\/\/svetslik.si\/de\/?s={search_term_string}\"},\"query-input\":{\"@type\":\"PropertyValueSpecification\",\"valueRequired\":true,\"valueName\":\"search_term_string\"}}],\"inLanguage\":\"de\"},{\"@type\":\"Organization\",\"@id\":\"https:\/\/svetslik.si\/de\/#organization\",\"name\":\"SvetSlik.si\",\"url\":\"https:\/\/svetslik.si\/de\/\",\"logo\":{\"@type\":\"ImageObject\",\"inLanguage\":\"de\",\"@id\":\"https:\/\/svetslik.si\/de\/#\/schema\/logo\/image\/\",\"url\":\"https:\/\/svetslik.si\/wp-content\/uploads\/2020\/12\/logo-512.png\",\"contentUrl\":\"https:\/\/svetslik.si\/wp-content\/uploads\/2020\/12\/logo-512.png\",\"width\":512,\"height\":512,\"caption\":\"SvetSlik.si\"},\"image\":{\"@id\":\"https:\/\/svetslik.si\/de\/#\/schema\/logo\/image\/\"},\"sameAs\":[\"https:\/\/www.facebook.com\/svetslik.si\",\"https:\/\/x.com\/svetslik\",\"https:\/\/www.instagram.com\/svetslik.si\/\",\"https:\/\/www.linkedin.com\/company\/svetslik-si\"]}]}<\/script>\n<meta property=\"og:availability\" content=\"backorder\" \/>\n<meta property=\"product:availability\" content=\"available for order\" \/>\n<meta property=\"product:retailer_item_id\" content=\"252__\" \/>\n<meta property=\"product:condition\" content=\"new\" \/>\n<!-- \/ Yoast SEO Premium plugin. -->","yoast_head_json":{"title":"Claude Monet - Woman with a Parasol (Facing Left) - SVETSLIK.SI - 100% handgemalt","description":"Claude Monet - Woman with a Parasol (Facing Left) - 100% handgemalte Gem\u00e4lde - Verkauf von Reproduktionen ber\u00fchmter Gem\u00e4lde und abstrakter Kunst - Wandbilder f\u00fcr das Wohnzimmer","robots":{"index":"index","follow":"follow","max-snippet":"max-snippet:-1","max-image-preview":"max-image-preview:large","max-video-preview":"max-video-preview:-1"},"canonical":"https:\/\/svetslik.si\/de\/claude-monet-de\/woman-with-a-parasol-facing-left\/","og_locale":"de_DE","og_type":"article","og_title":"Claude Monet - Woman with a Parasol (Facing Left)","og_description":"100% ro\u010dno naslikane slike na platnu, reprodukcije znanih slikarjev in umetni\u0161ke slike po naro\u010dilu.","og_url":"https:\/\/svetslik.si\/de\/claude-monet-de\/woman-with-a-parasol-facing-left\/","og_site_name":"SVETSLIK.SI","article_publisher":"https:\/\/www.facebook.com\/svetslik.si","article_modified_time":"2026-03-22T18:53:12+00:00","og_image":[{"width":1811,"height":2560,"url":"https:\/\/svetslik.si\/wp-content\/uploads\/2021\/08\/image_Woman-with-a-Parasol-facing-left-Claude-Monet_680.jpg","type":"image\/jpeg"}],"twitter_card":"summary_large_image","twitter_site":"@svetslik","twitter_misc":{"Verf\u00fcgbarkeit":"bei Nachbestellung"},"schema":{"@context":"https:\/\/schema.org","@graph":[{"@type":["WebPage","ItemPage"],"@id":"https:\/\/svetslik.si\/de\/claude-monet-de\/woman-with-a-parasol-facing-left\/","url":"https:\/\/svetslik.si\/de\/claude-monet-de\/woman-with-a-parasol-facing-left\/","name":"Claude Monet - Woman with a Parasol (Facing Left) - SVETSLIK.SI - 100% handgemalt","isPartOf":{"@id":"https:\/\/svetslik.si\/de\/#website"},"primaryImageOfPage":{"@id":"https:\/\/svetslik.si\/de\/claude-monet-de\/woman-with-a-parasol-facing-left\/#primaryimage"},"image":{"@id":"https:\/\/svetslik.si\/de\/claude-monet-de\/woman-with-a-parasol-facing-left\/#primaryimage"},"thumbnailUrl":"https:\/\/svetslik.si\/wp-content\/uploads\/2021\/08\/image_Woman-with-a-Parasol-facing-left-Claude-Monet_680.jpg","datePublished":"2021-09-02T15:52:45+00:00","dateModified":"2026-03-22T18:53:12+00:00","description":"Claude Monet - Woman with a Parasol (Facing Left) - 100% handgemalte Gem\u00e4lde - Verkauf von Reproduktionen ber\u00fchmter Gem\u00e4lde und abstrakter Kunst - Wandbilder f\u00fcr das Wohnzimmer","breadcrumb":{"@id":"https:\/\/svetslik.si\/de\/claude-monet-de\/woman-with-a-parasol-facing-left\/#breadcrumb"},"inLanguage":"de","potentialAction":[{"@type":"ReadAction","target":["https:\/\/svetslik.si\/de\/claude-monet-de\/woman-with-a-parasol-facing-left\/"]}]},{"@type":"ImageObject","inLanguage":"de","@id":"https:\/\/svetslik.si\/de\/claude-monet-de\/woman-with-a-parasol-facing-left\/#primaryimage","url":"https:\/\/svetslik.si\/wp-content\/uploads\/2021\/08\/image_Woman-with-a-Parasol-facing-left-Claude-Monet_680.jpg","contentUrl":"https:\/\/svetslik.si\/wp-content\/uploads\/2021\/08\/image_Woman-with-a-Parasol-facing-left-Claude-Monet_680.jpg","width":1811,"height":2560,"caption":"Claude Monet - Woman with a Parasol (Facing Left) (Frau mit einem Sonnenschirm (nach links schauend)) - Gem\u00e4lde, Leinwandbilder - 100% handgemalte, Reproduktionen ber\u00fchmter Gem\u00e4lde, Gem\u00e4lde kaufen, Wandbilder Wohnzimmer, ber\u00fchmtes Gem\u00e4lde, \u00d6lgem\u00e4lde, Bilderrahmen"},{"@type":"BreadcrumbList","@id":"https:\/\/svetslik.si\/de\/claude-monet-de\/woman-with-a-parasol-facing-left\/#breadcrumb","itemListElement":[{"@type":"ListItem","position":1,"name":"Wandkunst und Gem\u00e4lde auf Leinwand","item":"https:\/\/svetslik.si\/de\/"},{"@type":"ListItem","position":2,"name":"Verkauf von Gem\u00e4lden","item":"https:\/\/svetslik.si\/prodaja-slik\/"},{"@type":"ListItem","position":3,"name":"Claude Monet &#8211; Woman with a Parasol (Facing Left)"}]},{"@type":"WebSite","@id":"https:\/\/svetslik.si\/de\/#website","url":"https:\/\/svetslik.si\/de\/","name":"SVETSLIK.SI","description":"100% handgemalte Reproduktionen von Gem\u00e4lden ber\u00fchmter Maler und Gem\u00e4lde auf Leinwand.","publisher":{"@id":"https:\/\/svetslik.si\/de\/#organization"},"potentialAction":[{"@type":"SearchAction","target":{"@type":"EntryPoint","urlTemplate":"https:\/\/svetslik.si\/de\/?s={search_term_string}"},"query-input":{"@type":"PropertyValueSpecification","valueRequired":true,"valueName":"search_term_string"}}],"inLanguage":"de"},{"@type":"Organization","@id":"https:\/\/svetslik.si\/de\/#organization","name":"SvetSlik.si","url":"https:\/\/svetslik.si\/de\/","logo":{"@type":"ImageObject","inLanguage":"de","@id":"https:\/\/svetslik.si\/de\/#\/schema\/logo\/image\/","url":"https:\/\/svetslik.si\/wp-content\/uploads\/2020\/12\/logo-512.png","contentUrl":"https:\/\/svetslik.si\/wp-content\/uploads\/2020\/12\/logo-512.png","width":512,"height":512,"caption":"SvetSlik.si"},"image":{"@id":"https:\/\/svetslik.si\/de\/#\/schema\/logo\/image\/"},"sameAs":["https:\/\/www.facebook.com\/svetslik.si","https:\/\/x.com\/svetslik","https:\/\/www.instagram.com\/svetslik.si\/","https:\/\/www.linkedin.com\/company\/svetslik-si"]}]},"og_availability":"backorder","product_availability":"available for order","product_retailer_item_id":"252__","product_condition":"new"},"jetpack_sharing_enabled":true,"_links":{"self":[{"href":"https:\/\/svetslik.si\/de\/wp-json\/wp\/v2\/product\/67492","targetHints":{"allow":["GET"]}}],"collection":[{"href":"https:\/\/svetslik.si\/de\/wp-json\/wp\/v2\/product"}],"about":[{"href":"https:\/\/svetslik.si\/de\/wp-json\/wp\/v2\/types\/product"}],"wp:featuredmedia":[{"embeddable":true,"href":"https:\/\/svetslik.si\/de\/wp-json\/wp\/v2\/media\/63298"}],"wp:attachment":[{"href":"https:\/\/svetslik.si\/de\/wp-json\/wp\/v2\/media?parent=67492"}],"wp:term":[{"taxonomy":"product_brand","embeddable":true,"href":"https:\/\/svetslik.si\/de\/wp-json\/wp\/v2\/product_brand?post=67492"},{"taxonomy":"product_cat","embeddable":true,"href":"https:\/\/svetslik.si\/de\/wp-json\/wp\/v2\/product_cat?post=67492"},{"taxonomy":"product_tag","embeddable":true,"href":"https:\/\/svetslik.si\/de\/wp-json\/wp\/v2\/product_tag?post=67492"}],"curies":[{"name":"wp","href":"https:\/\/api.w.org\/{rel}","templated":true}]}}