{"id":67536,"date":"2021-09-02T17:53:06","date_gmt":"2021-09-02T15:53:06","guid":{"rendered":"https:\/\/svetslik.si\/unkategorisiert\/a-wheat-field-with-cypresses\/"},"modified":"2026-03-22T19:54:54","modified_gmt":"2026-03-22T18:54:54","slug":"a-wheat-field-with-cypresses","status":"publish","type":"product","link":"https:\/\/svetslik.si\/de\/vincent-van-gogh-de\/a-wheat-field-with-cypresses\/","title":{"rendered":"Vincent van Gogh &#8211; A Wheat Field with Cypresses"},"content":{"rendered":"<div class=\"wpb-content-wrapper\">[vc_row css=&#8221;.vc_custom_1719426372601{margin-bottom: 15px !important;}&#8221;][vc_column]\t<div class=\"et-image-496 et-image     et_image_link\">\n\t\t<div class=\"et-image-inner \">\n\t\t\t\t\t\t\t<div class=\"et-image-thumb \">\n\t\t\t\t\t<img decoding=\"async\" width=\"1000\" height=\"1082\" src=\"https:\/\/svetslik.si\/wp-content\/uploads\/2021\/09\/Vincent-van-Gogh-\u2013-A-Wheat-Field-with-Cypresses-reprodukcija-slike-3.jpg\" class=\"attachment-full\" alt=\"Vincent van Gogh - A Wheat Field with Cypresses\" title=\"Vincent van Gogh - A Wheat Field with Cypresses\" srcset=\"https:\/\/svetslik.si\/wp-content\/uploads\/2021\/09\/Vincent-van-Gogh-\u2013-A-Wheat-Field-with-Cypresses-reprodukcija-slike-3.jpg 1000w, https:\/\/svetslik.si\/wp-content\/uploads\/2021\/09\/Vincent-van-Gogh-\u2013-A-Wheat-Field-with-Cypresses-reprodukcija-slike-3-600x649.jpg 600w, https:\/\/svetslik.si\/wp-content\/uploads\/2021\/09\/Vincent-van-Gogh-\u2013-A-Wheat-Field-with-Cypresses-reprodukcija-slike-3-277x300.jpg 277w, https:\/\/svetslik.si\/wp-content\/uploads\/2021\/09\/Vincent-van-Gogh-\u2013-A-Wheat-Field-with-Cypresses-reprodukcija-slike-3-946x1024.jpg 946w, https:\/\/svetslik.si\/wp-content\/uploads\/2021\/09\/Vincent-van-Gogh-\u2013-A-Wheat-Field-with-Cypresses-reprodukcija-slike-3-768x831.jpg 768w, https:\/\/svetslik.si\/wp-content\/uploads\/2021\/09\/Vincent-van-Gogh-\u2013-A-Wheat-Field-with-Cypresses-reprodukcija-slike-3-139x150.jpg 139w, https:\/\/svetslik.si\/wp-content\/uploads\/2021\/09\/Vincent-van-Gogh-\u2013-A-Wheat-Field-with-Cypresses-reprodukcija-slike-3-900x974.jpg 900w\" sizes=\"(max-width: 1000px) 100vw, 1000px\" \/>\t\t\t\t<\/div>\n\t\t\t\t\t\t\t\t\t\t\t<\/div>\n\t<\/div>\n  [\/vc_column][\/vc_row][vc_row css=&#8221;.vc_custom_1719426372601{margin-bottom: 15px !important;}&#8221;][vc_column]\t<div class=\"et-image-251 et-image     et_image_link\">\n\t\t<div class=\"et-image-inner \">\n\t\t\t\t\t\t\t<div class=\"et-image-thumb \">\n\t\t\t\t\t<img decoding=\"async\" width=\"1000\" height=\"931\" src=\"https:\/\/svetslik.si\/wp-content\/uploads\/2021\/09\/Vincent-van-Gogh-\u2013-A-Wheat-Field-with-Cypresses-reprodukcija-slike-2.jpg\" class=\"attachment-full\" alt=\"Vincent van Gogh - A Wheat Field with Cypresses\" title=\"Vincent van Gogh - A Wheat Field with Cypresses\" srcset=\"https:\/\/svetslik.si\/wp-content\/uploads\/2021\/09\/Vincent-van-Gogh-\u2013-A-Wheat-Field-with-Cypresses-reprodukcija-slike-2.jpg 1000w, https:\/\/svetslik.si\/wp-content\/uploads\/2021\/09\/Vincent-van-Gogh-\u2013-A-Wheat-Field-with-Cypresses-reprodukcija-slike-2-600x559.jpg 600w, https:\/\/svetslik.si\/wp-content\/uploads\/2021\/09\/Vincent-van-Gogh-\u2013-A-Wheat-Field-with-Cypresses-reprodukcija-slike-2-300x279.jpg 300w, https:\/\/svetslik.si\/wp-content\/uploads\/2021\/09\/Vincent-van-Gogh-\u2013-A-Wheat-Field-with-Cypresses-reprodukcija-slike-2-768x715.jpg 768w, https:\/\/svetslik.si\/wp-content\/uploads\/2021\/09\/Vincent-van-Gogh-\u2013-A-Wheat-Field-with-Cypresses-reprodukcija-slike-2-150x140.jpg 150w, https:\/\/svetslik.si\/wp-content\/uploads\/2021\/09\/Vincent-van-Gogh-\u2013-A-Wheat-Field-with-Cypresses-reprodukcija-slike-2-900x838.jpg 900w\" sizes=\"(max-width: 1000px) 100vw, 1000px\" \/>\t\t\t\t<\/div>\n\t\t\t\t\t\t\t\t\t\t\t<\/div>\n\t<\/div>\n  [\/vc_column][\/vc_row][vc_row css=&#8221;.vc_custom_1719426372601{margin-bottom: 15px !important;}&#8221;][vc_column]\t<div class=\"et-image-825 et-image     et_image_link\">\n\t\t<div class=\"et-image-inner \">\n\t\t\t\t\t\t\t<div class=\"et-image-thumb \">\n\t\t\t\t\t<img decoding=\"async\" width=\"1000\" height=\"773\" src=\"https:\/\/svetslik.si\/wp-content\/uploads\/2021\/09\/Vincent-van-Gogh-\u2013-A-Wheat-Field-with-Cypresses-reprodukcija-slike.jpg\" class=\"attachment-full\" alt=\"Vincent van Gogh - A Wheat Field with Cypresses\" title=\"Vincent van Gogh - A Wheat Field with Cypresses\" srcset=\"https:\/\/svetslik.si\/wp-content\/uploads\/2021\/09\/Vincent-van-Gogh-\u2013-A-Wheat-Field-with-Cypresses-reprodukcija-slike.jpg 1000w, https:\/\/svetslik.si\/wp-content\/uploads\/2021\/09\/Vincent-van-Gogh-\u2013-A-Wheat-Field-with-Cypresses-reprodukcija-slike-600x464.jpg 600w, https:\/\/svetslik.si\/wp-content\/uploads\/2021\/09\/Vincent-van-Gogh-\u2013-A-Wheat-Field-with-Cypresses-reprodukcija-slike-300x232.jpg 300w, https:\/\/svetslik.si\/wp-content\/uploads\/2021\/09\/Vincent-van-Gogh-\u2013-A-Wheat-Field-with-Cypresses-reprodukcija-slike-768x594.jpg 768w, https:\/\/svetslik.si\/wp-content\/uploads\/2021\/09\/Vincent-van-Gogh-\u2013-A-Wheat-Field-with-Cypresses-reprodukcija-slike-150x116.jpg 150w, https:\/\/svetslik.si\/wp-content\/uploads\/2021\/09\/Vincent-van-Gogh-\u2013-A-Wheat-Field-with-Cypresses-reprodukcija-slike-900x696.jpg 900w\" sizes=\"(max-width: 1000px) 100vw, 1000px\" \/>\t\t\t\t<\/div>\n\t\t\t\t\t\t\t\t\t\t\t<\/div>\n\t<\/div>\n  [\/vc_column][\/vc_row][vc_row css=&#8221;.vc_custom_1719426372601{margin-bottom: 15px !important;}&#8221;][vc_column]\t<div class=\"et-image-346 et-image     et_image_link\">\n\t\t<div class=\"et-image-inner \">\n\t\t\t\t\t\t\t<div class=\"et-image-thumb \">\n\t\t\t\t\t<img decoding=\"async\" width=\"1000\" height=\"563\" src=\"https:\/\/svetslik.si\/wp-content\/uploads\/2021\/09\/Vincent-van-Gogh-\u2013-A-Wheat-Field-with-Cypresses-reprodukcija-slike5.jpg\" class=\"attachment-full\" alt=\"Vincent van Gogh - A Wheat Field with Cypresses\" title=\"Vincent van Gogh - A Wheat Field with Cypresses\" srcset=\"https:\/\/svetslik.si\/wp-content\/uploads\/2021\/09\/Vincent-van-Gogh-\u2013-A-Wheat-Field-with-Cypresses-reprodukcija-slike5.jpg 1000w, https:\/\/svetslik.si\/wp-content\/uploads\/2021\/09\/Vincent-van-Gogh-\u2013-A-Wheat-Field-with-Cypresses-reprodukcija-slike5-600x338.jpg 600w, https:\/\/svetslik.si\/wp-content\/uploads\/2021\/09\/Vincent-van-Gogh-\u2013-A-Wheat-Field-with-Cypresses-reprodukcija-slike5-300x169.jpg 300w, https:\/\/svetslik.si\/wp-content\/uploads\/2021\/09\/Vincent-van-Gogh-\u2013-A-Wheat-Field-with-Cypresses-reprodukcija-slike5-768x432.jpg 768w, https:\/\/svetslik.si\/wp-content\/uploads\/2021\/09\/Vincent-van-Gogh-\u2013-A-Wheat-Field-with-Cypresses-reprodukcija-slike5-150x84.jpg 150w, https:\/\/svetslik.si\/wp-content\/uploads\/2021\/09\/Vincent-van-Gogh-\u2013-A-Wheat-Field-with-Cypresses-reprodukcija-slike5-900x507.jpg 900w\" sizes=\"(max-width: 1000px) 100vw, 1000px\" \/>\t\t\t\t<\/div>\n\t\t\t\t\t\t\t\t\t\t\t<\/div>\n\t<\/div>\n  [\/vc_column][\/vc_row][vc_row][vc_column][vc_column_text]\n<h1>Vincent Van Gogh \u2013 Ein Weizenfeld mit Zypressen<\/h1>\n<p>&nbsp;<\/p>\n<table id=\"imageinfo\" border=\"0\" width=\"96%\" cellpadding=\"2\">\n<tbody>\n<tr>\n<td width=\"120\">Erstellungsjahr:<\/td>\n<td>1889<\/td>\n<\/tr>\n<tr>\n<td>Originalgr\u00f6\u00dfe:<\/td>\n<td>93,4 cm x 73 cm<\/td>\n<\/tr>\n<tr>\n<td>Malstil:<\/td>\n<td>Postimpressionismus<\/td>\n<\/tr>\n<tr>\n<td>Originaltechnik:<\/td>\n<td>\u00d6l auf Leinwand<\/td>\n<\/tr>\n<tr>\n<td>Standort:<\/td>\n<td>Metropolitan Museum of Art, New York<\/td>\n<\/tr>\n<\/tbody>\n<\/table>\n<p>Das \u00d6l auf Leinwand <em>Ein Weizenfeld mit Zypressen<\/em> wurde von Van Gogh in drei sehr \u00e4hnlichen Versionen gemalt. Eine Version, die er im September 1889 malte, befindet sich in der National Gallery in London; die Version vom Juli 1889 befindet sich im Metropolitan Museum of Art, New York; und die dritte Version befindet sich in einer Privatsammlung. Alle drei Gem\u00e4lde entstanden w\u00e4hrend Van Goghs Aufenthalt im Sanatorium in St. R\u00e9my neben Arles.<\/p>\n<p>\u201eWeizenfeld mit Zypressen\u201c ist ein Gem\u00e4lde des niederl\u00e4ndischen K\u00fcnstlers Vincent van Gogh aus dem Jahr 1889. Dieses Gem\u00e4lde gilt als eines der ikonischsten und kraftvollsten Werke Van Goghs und zeigt seine F\u00e4higkeit, die Essenz der Natur und die Ruhe der Landschaft einzufangen. Das Bild zeigt ein Weizenfeld mit hohen dunkelgr\u00fcnen Zypressen im Hintergrund. Das Gem\u00e4lde ist weithin f\u00fcr seine kr\u00e4ftigen Pinselstriche, seine Emotionalit\u00e4t und seine starke Symbolik bekannt.<\/p>\n<p>Die Komposition des Gem\u00e4ldes ist einfach, aber wirkungsvoll, da das Weizenfeld und die Zypressen den gr\u00f6\u00dften Raum auf der Leinwand einnehmen. Bemerkenswert ist auch die Verwendung von Farbe in dem Gem\u00e4lde, da Van Gogh kr\u00e4ftige, kontrastierende Farben verwendet, die ein Gef\u00fchl von Bewegung und Energie erzeugen. Das Weizenfeld ist in Gelb- und Goldt\u00f6nen dargestellt und vermittelt ein Gef\u00fchl von W\u00e4rme und F\u00fclle. Die Zypressen sind in Gr\u00fcn- und Blaut\u00f6ne gekleidet, die ein Gef\u00fchl von Erdigkeit und Frieden vermitteln. Die Pinselstriche im Gem\u00e4lde sind dicht und sichtbar und verleihen dem Gem\u00e4lde ein Gef\u00fchl von Bewegung und Energie.<\/p>\n<p>Auch die Symbolik des Gem\u00e4ldes ist reichhaltig: Zypressen repr\u00e4sentieren die Idee von Tod, Unsterblichkeit und Ewigkeit, und das Weizenfeld steht f\u00fcr Fruchtbarkeit, F\u00fclle und den Lebenszyklus. Das Gem\u00e4lde soll Van Goghs damaligen emotionalen Zustand darstellen. Das Gem\u00e4lde entstand, als Van Gogh im Heiligtum Saint-Paul-de-Mausole in Saint-R\u00e9my-de-Provence, Frankreich, lebte, und spiegelt vermutlich die Sehnsucht des K\u00fcnstlers nach der nat\u00fcrlichen Welt und die Verbindung mit der Natur wider Form der Heilung.<\/p>\n<p>\u201eWeizenfeld mit Zypressen\u201c gilt als eines der ikonischsten und kraftvollsten Werke Van Goghs. Das Gem\u00e4lde befindet sich im Metropolitan Museum of Art in New York, USA. Es handelt sich um ein wichtiges Werk des Postimpressionismus, das noch immer sowohl von Amateuren als auch von Experten bewundert und studiert wird. Die kraftvolle Bildsprache, Emotionalit\u00e4t und reiche Symbolik machen das Gem\u00e4lde zu einem Muss f\u00fcr jeden Kunstliebhaber und jeden, der sich f\u00fcr das Werk von Vincent van Gogh interessiert.<\/p>\n<\/div>","protected":false},"excerpt":{"rendered":"<p>[vc_row css=&#8221;.vc_custom_1719426372601{margin-bottom: 15px !important;}&#8221;][vc_column][\/vc_column][\/vc_row][vc_row css=&#8221;.vc_custom_1719426372601{margin-bottom: 15px !important;}&#8221;][vc_column][\/vc_column][\/vc_row][vc_row css=&#8221;.vc_custom_1719426372601{margin-bottom: 15px !important;}&#8221;][vc_column][\/vc_column][\/vc_row][vc_row css=&#8221;.vc_custom_1719426372601{margin-bottom: 15px !important;}&#8221;][vc_column][\/vc_column][\/vc_row][vc_row][vc_column][vc_column_text] Vincent Van Gogh \u2013 Ein Weizenfeld mit Zypressen &nbsp; Erstellungsjahr: 1889 Originalgr\u00f6\u00dfe: 93,4 cm x 73 cm Malstil: Postimpressionismus Originaltechnik: \u00d6l auf Leinwand Standort: Metropolitan Museum of Art, New York Das \u00d6l auf Leinwand Ein Weizenfeld mit [&hellip;]<\/p>\n","protected":false},"featured_media":63390,"template":"","meta":{"_acf_changed":false},"product_brand":[],"product_cat":[8468],"product_tag":[8521,8513,8514,8581],"class_list":{"0":"post-67536","1":"product","2":"type-product","3":"status-publish","4":"has-post-thumbnail","6":"product_cat-vincent-van-gogh-de","7":"product_tag-maler","8":"product_tag-reproduktion","9":"product_tag-reproduktionen","10":"product_tag-van-gogh-de","11":"pa_dimenzija-100-x-80-cm","12":"pa_dimenzija-120-x-100-cm","13":"pa_dimenzija-50-x-40-cm","14":"pa_dimenzija-60-x-50-cm","15":"pa_dimenzija-70-x-55-cm","16":"pa_dimenzija-80-x-65-cm","17":"pa_dimenzija-91-x-72-cm","18":"pa_oblika-horizontal-de","19":"pa_okvir-ohne-rahmen","20":"pa_podokvir-ja","21":"pa_podokvir-nein","23":"first","24":"onbackorder","25":"purchasable","26":"product-type-variable","27":"has-default-attributes"},"acf":[],"yoast_head":"<!-- This site is optimized with the Yoast SEO Premium plugin v26.0 (Yoast SEO v27.2) - https:\/\/yoast.com\/product\/yoast-seo-premium-wordpress\/ -->\n<title>Vincent van Gogh - A Wheat Field with Cypresses - SVETSLIK.SI - 100% handgemalt<\/title>\n<meta name=\"description\" content=\"Vincent van Gogh - A Wheat Field with Cypresses - 100% handgemalte Gem\u00e4lde - Verkauf von Reproduktionen ber\u00fchmter Gem\u00e4lde und abstrakter Kunst - Wandbilder f\u00fcr das Wohnzimmer\" \/>\n<meta name=\"robots\" content=\"index, follow, max-snippet:-1, max-image-preview:large, max-video-preview:-1\" \/>\n<link rel=\"canonical\" href=\"https:\/\/svetslik.si\/de\/vincent-van-gogh-de\/a-wheat-field-with-cypresses\/\" \/>\n<meta property=\"og:locale\" content=\"de_DE\" \/>\n<meta property=\"og:type\" content=\"article\" \/>\n<meta property=\"og:title\" content=\"Vincent van Gogh - A Wheat Field with Cypresses\" \/>\n<meta property=\"og:description\" content=\"100% ro\u010dno naslikane slike na platnu, reprodukcije znanih slikarjev in umetni\u0161ke slike po naro\u010dilu.\" \/>\n<meta property=\"og:url\" content=\"https:\/\/svetslik.si\/de\/vincent-van-gogh-de\/a-wheat-field-with-cypresses\/\" \/>\n<meta property=\"og:site_name\" content=\"SVETSLIK.SI\" \/>\n<meta property=\"article:publisher\" content=\"https:\/\/www.facebook.com\/svetslik.si\" \/>\n<meta property=\"article:modified_time\" content=\"2026-03-22T18:54:54+00:00\" \/>\n<meta property=\"og:image\" content=\"https:\/\/svetslik.si\/wp-content\/uploads\/2021\/08\/image_A-Wheat-Field-with-Cypresses-Van-Gogh_680-scaled.jpg\" \/>\n\t<meta property=\"og:image:width\" content=\"2560\" \/>\n\t<meta property=\"og:image:height\" content=\"2006\" \/>\n\t<meta property=\"og:image:type\" content=\"image\/jpeg\" \/>\n<meta name=\"twitter:card\" content=\"summary_large_image\" \/>\n<meta name=\"twitter:site\" content=\"@svetslik\" \/>\n<meta name=\"twitter:label1\" content=\"Verf\u00fcgbarkeit\" \/>\n\t<meta name=\"twitter:data1\" content=\"bei Nachbestellung\" \/>\n<script type=\"application\/ld+json\" class=\"yoast-schema-graph\">{\"@context\":\"https:\/\/schema.org\",\"@graph\":[{\"@type\":[\"WebPage\",\"ItemPage\"],\"@id\":\"https:\/\/svetslik.si\/de\/vincent-van-gogh-de\/a-wheat-field-with-cypresses\/\",\"url\":\"https:\/\/svetslik.si\/de\/vincent-van-gogh-de\/a-wheat-field-with-cypresses\/\",\"name\":\"Vincent van Gogh - A Wheat Field with Cypresses - SVETSLIK.SI - 100% handgemalt\",\"isPartOf\":{\"@id\":\"https:\/\/svetslik.si\/de\/#website\"},\"primaryImageOfPage\":{\"@id\":\"https:\/\/svetslik.si\/de\/vincent-van-gogh-de\/a-wheat-field-with-cypresses\/#primaryimage\"},\"image\":{\"@id\":\"https:\/\/svetslik.si\/de\/vincent-van-gogh-de\/a-wheat-field-with-cypresses\/#primaryimage\"},\"thumbnailUrl\":\"https:\/\/svetslik.si\/wp-content\/uploads\/2021\/08\/image_A-Wheat-Field-with-Cypresses-Van-Gogh_680-scaled.jpg\",\"datePublished\":\"2021-09-02T15:53:06+00:00\",\"dateModified\":\"2026-03-22T18:54:54+00:00\",\"description\":\"Vincent van Gogh - A Wheat Field with Cypresses - 100% handgemalte Gem\u00e4lde - Verkauf von Reproduktionen ber\u00fchmter Gem\u00e4lde und abstrakter Kunst - Wandbilder f\u00fcr das Wohnzimmer\",\"breadcrumb\":{\"@id\":\"https:\/\/svetslik.si\/de\/vincent-van-gogh-de\/a-wheat-field-with-cypresses\/#breadcrumb\"},\"inLanguage\":\"de\",\"potentialAction\":[{\"@type\":\"ReadAction\",\"target\":[\"https:\/\/svetslik.si\/de\/vincent-van-gogh-de\/a-wheat-field-with-cypresses\/\"]}]},{\"@type\":\"ImageObject\",\"inLanguage\":\"de\",\"@id\":\"https:\/\/svetslik.si\/de\/vincent-van-gogh-de\/a-wheat-field-with-cypresses\/#primaryimage\",\"url\":\"https:\/\/svetslik.si\/wp-content\/uploads\/2021\/08\/image_A-Wheat-Field-with-Cypresses-Van-Gogh_680-scaled.jpg\",\"contentUrl\":\"https:\/\/svetslik.si\/wp-content\/uploads\/2021\/08\/image_A-Wheat-Field-with-Cypresses-Van-Gogh_680-scaled.jpg\",\"width\":2560,\"height\":2006,\"caption\":\"Vincent Van Gogh - A Wheat Field with Cypresses - Weizenfeld mit Zypressen, Gem\u00e4lde, Leinwandbilder - 100% handgemalte, Reproduktionen ber\u00fchmter Gem\u00e4lde, Gem\u00e4lde kaufen, Wandbilder Wohnzimmer, ber\u00fchmtes Gem\u00e4lde, \u00d6lgem\u00e4lde, Bilderrahmen\"},{\"@type\":\"BreadcrumbList\",\"@id\":\"https:\/\/svetslik.si\/de\/vincent-van-gogh-de\/a-wheat-field-with-cypresses\/#breadcrumb\",\"itemListElement\":[{\"@type\":\"ListItem\",\"position\":1,\"name\":\"Wandkunst und Gem\u00e4lde auf Leinwand\",\"item\":\"https:\/\/svetslik.si\/de\/\"},{\"@type\":\"ListItem\",\"position\":2,\"name\":\"Verkauf von Gem\u00e4lden\",\"item\":\"https:\/\/svetslik.si\/prodaja-slik\/\"},{\"@type\":\"ListItem\",\"position\":3,\"name\":\"Vincent van Gogh &#8211; A Wheat Field with Cypresses\"}]},{\"@type\":\"WebSite\",\"@id\":\"https:\/\/svetslik.si\/de\/#website\",\"url\":\"https:\/\/svetslik.si\/de\/\",\"name\":\"SVETSLIK.SI\",\"description\":\"100% handgemalte Reproduktionen von Gem\u00e4lden ber\u00fchmter Maler und Gem\u00e4lde auf Leinwand.\",\"publisher\":{\"@id\":\"https:\/\/svetslik.si\/de\/#organization\"},\"potentialAction\":[{\"@type\":\"SearchAction\",\"target\":{\"@type\":\"EntryPoint\",\"urlTemplate\":\"https:\/\/svetslik.si\/de\/?s={search_term_string}\"},\"query-input\":{\"@type\":\"PropertyValueSpecification\",\"valueRequired\":true,\"valueName\":\"search_term_string\"}}],\"inLanguage\":\"de\"},{\"@type\":\"Organization\",\"@id\":\"https:\/\/svetslik.si\/de\/#organization\",\"name\":\"SvetSlik.si\",\"url\":\"https:\/\/svetslik.si\/de\/\",\"logo\":{\"@type\":\"ImageObject\",\"inLanguage\":\"de\",\"@id\":\"https:\/\/svetslik.si\/de\/#\/schema\/logo\/image\/\",\"url\":\"https:\/\/svetslik.si\/wp-content\/uploads\/2020\/12\/logo-512.png\",\"contentUrl\":\"https:\/\/svetslik.si\/wp-content\/uploads\/2020\/12\/logo-512.png\",\"width\":512,\"height\":512,\"caption\":\"SvetSlik.si\"},\"image\":{\"@id\":\"https:\/\/svetslik.si\/de\/#\/schema\/logo\/image\/\"},\"sameAs\":[\"https:\/\/www.facebook.com\/svetslik.si\",\"https:\/\/x.com\/svetslik\",\"https:\/\/www.instagram.com\/svetslik.si\/\",\"https:\/\/www.linkedin.com\/company\/svetslik-si\"]}]}<\/script>\n<meta property=\"og:availability\" content=\"backorder\" \/>\n<meta property=\"product:availability\" content=\"available for order\" \/>\n<meta property=\"product:retailer_item_id\" content=\"257__\" \/>\n<meta property=\"product:condition\" content=\"new\" \/>\n<!-- \/ Yoast SEO Premium plugin. -->","yoast_head_json":{"title":"Vincent van Gogh - A Wheat Field with Cypresses - SVETSLIK.SI - 100% handgemalt","description":"Vincent van Gogh - A Wheat Field with Cypresses - 100% handgemalte Gem\u00e4lde - Verkauf von Reproduktionen ber\u00fchmter Gem\u00e4lde und abstrakter Kunst - Wandbilder f\u00fcr das Wohnzimmer","robots":{"index":"index","follow":"follow","max-snippet":"max-snippet:-1","max-image-preview":"max-image-preview:large","max-video-preview":"max-video-preview:-1"},"canonical":"https:\/\/svetslik.si\/de\/vincent-van-gogh-de\/a-wheat-field-with-cypresses\/","og_locale":"de_DE","og_type":"article","og_title":"Vincent van Gogh - A Wheat Field with Cypresses","og_description":"100% ro\u010dno naslikane slike na platnu, reprodukcije znanih slikarjev in umetni\u0161ke slike po naro\u010dilu.","og_url":"https:\/\/svetslik.si\/de\/vincent-van-gogh-de\/a-wheat-field-with-cypresses\/","og_site_name":"SVETSLIK.SI","article_publisher":"https:\/\/www.facebook.com\/svetslik.si","article_modified_time":"2026-03-22T18:54:54+00:00","og_image":[{"width":2560,"height":2006,"url":"https:\/\/svetslik.si\/wp-content\/uploads\/2021\/08\/image_A-Wheat-Field-with-Cypresses-Van-Gogh_680-scaled.jpg","type":"image\/jpeg"}],"twitter_card":"summary_large_image","twitter_site":"@svetslik","twitter_misc":{"Verf\u00fcgbarkeit":"bei Nachbestellung"},"schema":{"@context":"https:\/\/schema.org","@graph":[{"@type":["WebPage","ItemPage"],"@id":"https:\/\/svetslik.si\/de\/vincent-van-gogh-de\/a-wheat-field-with-cypresses\/","url":"https:\/\/svetslik.si\/de\/vincent-van-gogh-de\/a-wheat-field-with-cypresses\/","name":"Vincent van Gogh - A Wheat Field with Cypresses - SVETSLIK.SI - 100% handgemalt","isPartOf":{"@id":"https:\/\/svetslik.si\/de\/#website"},"primaryImageOfPage":{"@id":"https:\/\/svetslik.si\/de\/vincent-van-gogh-de\/a-wheat-field-with-cypresses\/#primaryimage"},"image":{"@id":"https:\/\/svetslik.si\/de\/vincent-van-gogh-de\/a-wheat-field-with-cypresses\/#primaryimage"},"thumbnailUrl":"https:\/\/svetslik.si\/wp-content\/uploads\/2021\/08\/image_A-Wheat-Field-with-Cypresses-Van-Gogh_680-scaled.jpg","datePublished":"2021-09-02T15:53:06+00:00","dateModified":"2026-03-22T18:54:54+00:00","description":"Vincent van Gogh - A Wheat Field with Cypresses - 100% handgemalte Gem\u00e4lde - Verkauf von Reproduktionen ber\u00fchmter Gem\u00e4lde und abstrakter Kunst - Wandbilder f\u00fcr das Wohnzimmer","breadcrumb":{"@id":"https:\/\/svetslik.si\/de\/vincent-van-gogh-de\/a-wheat-field-with-cypresses\/#breadcrumb"},"inLanguage":"de","potentialAction":[{"@type":"ReadAction","target":["https:\/\/svetslik.si\/de\/vincent-van-gogh-de\/a-wheat-field-with-cypresses\/"]}]},{"@type":"ImageObject","inLanguage":"de","@id":"https:\/\/svetslik.si\/de\/vincent-van-gogh-de\/a-wheat-field-with-cypresses\/#primaryimage","url":"https:\/\/svetslik.si\/wp-content\/uploads\/2021\/08\/image_A-Wheat-Field-with-Cypresses-Van-Gogh_680-scaled.jpg","contentUrl":"https:\/\/svetslik.si\/wp-content\/uploads\/2021\/08\/image_A-Wheat-Field-with-Cypresses-Van-Gogh_680-scaled.jpg","width":2560,"height":2006,"caption":"Vincent Van Gogh - A Wheat Field with Cypresses - Weizenfeld mit Zypressen, Gem\u00e4lde, Leinwandbilder - 100% handgemalte, Reproduktionen ber\u00fchmter Gem\u00e4lde, Gem\u00e4lde kaufen, Wandbilder Wohnzimmer, ber\u00fchmtes Gem\u00e4lde, \u00d6lgem\u00e4lde, Bilderrahmen"},{"@type":"BreadcrumbList","@id":"https:\/\/svetslik.si\/de\/vincent-van-gogh-de\/a-wheat-field-with-cypresses\/#breadcrumb","itemListElement":[{"@type":"ListItem","position":1,"name":"Wandkunst und Gem\u00e4lde auf Leinwand","item":"https:\/\/svetslik.si\/de\/"},{"@type":"ListItem","position":2,"name":"Verkauf von Gem\u00e4lden","item":"https:\/\/svetslik.si\/prodaja-slik\/"},{"@type":"ListItem","position":3,"name":"Vincent van Gogh &#8211; A Wheat Field with Cypresses"}]},{"@type":"WebSite","@id":"https:\/\/svetslik.si\/de\/#website","url":"https:\/\/svetslik.si\/de\/","name":"SVETSLIK.SI","description":"100% handgemalte Reproduktionen von Gem\u00e4lden ber\u00fchmter Maler und Gem\u00e4lde auf Leinwand.","publisher":{"@id":"https:\/\/svetslik.si\/de\/#organization"},"potentialAction":[{"@type":"SearchAction","target":{"@type":"EntryPoint","urlTemplate":"https:\/\/svetslik.si\/de\/?s={search_term_string}"},"query-input":{"@type":"PropertyValueSpecification","valueRequired":true,"valueName":"search_term_string"}}],"inLanguage":"de"},{"@type":"Organization","@id":"https:\/\/svetslik.si\/de\/#organization","name":"SvetSlik.si","url":"https:\/\/svetslik.si\/de\/","logo":{"@type":"ImageObject","inLanguage":"de","@id":"https:\/\/svetslik.si\/de\/#\/schema\/logo\/image\/","url":"https:\/\/svetslik.si\/wp-content\/uploads\/2020\/12\/logo-512.png","contentUrl":"https:\/\/svetslik.si\/wp-content\/uploads\/2020\/12\/logo-512.png","width":512,"height":512,"caption":"SvetSlik.si"},"image":{"@id":"https:\/\/svetslik.si\/de\/#\/schema\/logo\/image\/"},"sameAs":["https:\/\/www.facebook.com\/svetslik.si","https:\/\/x.com\/svetslik","https:\/\/www.instagram.com\/svetslik.si\/","https:\/\/www.linkedin.com\/company\/svetslik-si"]}]},"og_availability":"backorder","product_availability":"available for order","product_retailer_item_id":"257__","product_condition":"new"},"jetpack_sharing_enabled":true,"_links":{"self":[{"href":"https:\/\/svetslik.si\/de\/wp-json\/wp\/v2\/product\/67536","targetHints":{"allow":["GET"]}}],"collection":[{"href":"https:\/\/svetslik.si\/de\/wp-json\/wp\/v2\/product"}],"about":[{"href":"https:\/\/svetslik.si\/de\/wp-json\/wp\/v2\/types\/product"}],"wp:featuredmedia":[{"embeddable":true,"href":"https:\/\/svetslik.si\/de\/wp-json\/wp\/v2\/media\/63390"}],"wp:attachment":[{"href":"https:\/\/svetslik.si\/de\/wp-json\/wp\/v2\/media?parent=67536"}],"wp:term":[{"taxonomy":"product_brand","embeddable":true,"href":"https:\/\/svetslik.si\/de\/wp-json\/wp\/v2\/product_brand?post=67536"},{"taxonomy":"product_cat","embeddable":true,"href":"https:\/\/svetslik.si\/de\/wp-json\/wp\/v2\/product_cat?post=67536"},{"taxonomy":"product_tag","embeddable":true,"href":"https:\/\/svetslik.si\/de\/wp-json\/wp\/v2\/product_tag?post=67536"}],"curies":[{"name":"wp","href":"https:\/\/api.w.org\/{rel}","templated":true}]}}