{"id":67592,"date":"2021-09-02T17:53:37","date_gmt":"2021-09-02T15:53:37","guid":{"rendered":"https:\/\/svetslik.si\/unkategorisiert\/les-demoiselles-davignon\/"},"modified":"2026-03-22T19:55:52","modified_gmt":"2026-03-22T18:55:52","slug":"les-demoiselles-davignon","status":"publish","type":"product","link":"https:\/\/svetslik.si\/de\/pablo-picasso-de\/les-demoiselles-davignon\/","title":{"rendered":"Pablo Picasso &#8211; Les Demoiselles d&#8217;Avignon"},"content":{"rendered":"<div class=\"wpb-content-wrapper\">[vc_row][vc_column][vc_column_text css=&#8221;&#8221;]\n<p data-pm-slice=\"1 1 []\"><div class=\"yt-lazy-video ratio-square\" data-id=\"U7Sz3f_Px8Y\"><\/div>\n[\/vc_column][\/vc_row][vc_row][vc_column][vc_column_text]\n<h1>Pablo Picasso \u2013 Les Demoiselles d&#8217;Avignon<\/h1>\n<p>&nbsp;<\/p>\n<table border=\"0\" width=\"673\" cellpadding=\"0\">\n<colgroup>\n<col style=\"width: 135pt;\" width=\"180\" \/>\n<col style=\"width: 370pt;\" width=\"493\" \/> <\/colgroup>\n<tbody>\n<tr style=\"height: 15.75pt;\">\n<td class=\"xl24\" style=\"height: 15,75pt; width: 135pt;\" height=\"21\">Jahr der Erstellung:<\/td>\n<td class=\"xl25\" style=\"width: 370pt;\">1907<\/td>\n<\/tr>\n<tr style=\"height: 15.75pt;\">\n<td class=\"xl24\" style=\"height: 15,75pt; width: 135pt;\" height=\"21\">Originalgr\u00f6\u00dfe:<\/td>\n<td class=\"xl24\" style=\"width: 370pt;\">233,7 cm x 243,8 cm<\/td>\n<\/tr>\n<tr style=\"height: 15.75pt;\">\n<td class=\"xl24\" style=\"height: 15,75pt; width: 135pt;\" height=\"21\">Malstil:<\/td>\n<td class=\"xl24\" style=\"width: 370pt;\">Expressionismus<\/td>\n<\/tr>\n<tr style=\"height: 15.75pt;\">\n<td class=\"xl24\" style=\"height: 15,75pt; width: 135pt;\" height=\"21\">Originaltechnik:<\/td>\n<td>\u00d6l auf Leinwand<\/td>\n<\/tr>\n<tr style=\"height: 15.75pt;\">\n<td class=\"xl24\" style=\"height: 15,75pt; width: 135pt;\" height=\"21\">Gefunden:<\/td>\n<td>Museum of Modern Art New York<\/td>\n<\/tr>\n<\/tbody>\n<\/table>\n[\/vc_column_text][\/vc_column][\/vc_row][vc_row css=&#8221;.vc_custom_1705592361187{margin-bottom: 10px !important;}&#8221;][vc_column]\t<div class=\"et-image-932 et-image     et_image_link\">\n\t\t<div class=\"et-image-inner \">\n\t\t\t\t\t\t\t<div class=\"et-image-thumb \">\n\t\t\t\t\t<img decoding=\"async\" width=\"1000\" height=\"1068\" src=\"https:\/\/svetslik.si\/wp-content\/uploads\/2021\/09\/Pablo-Picasso-\u2013-Les-Demoiselles-dAvignon-5.jpg\" class=\"attachment-full\" alt=\"Pablo Picasso \u2013 Les Demoiselles d\u2019Avignon\" title=\"Pablo-Picasso-\u2013-Les-Demoiselles-d\u2019Avignon-5\" srcset=\"https:\/\/svetslik.si\/wp-content\/uploads\/2021\/09\/Pablo-Picasso-\u2013-Les-Demoiselles-dAvignon-5.jpg 1000w, https:\/\/svetslik.si\/wp-content\/uploads\/2021\/09\/Pablo-Picasso-\u2013-Les-Demoiselles-dAvignon-5-600x641.jpg 600w, https:\/\/svetslik.si\/wp-content\/uploads\/2021\/09\/Pablo-Picasso-\u2013-Les-Demoiselles-dAvignon-5-281x300.jpg 281w, https:\/\/svetslik.si\/wp-content\/uploads\/2021\/09\/Pablo-Picasso-\u2013-Les-Demoiselles-dAvignon-5-959x1024.jpg 959w, https:\/\/svetslik.si\/wp-content\/uploads\/2021\/09\/Pablo-Picasso-\u2013-Les-Demoiselles-dAvignon-5-768x820.jpg 768w, https:\/\/svetslik.si\/wp-content\/uploads\/2021\/09\/Pablo-Picasso-\u2013-Les-Demoiselles-dAvignon-5-140x150.jpg 140w, https:\/\/svetslik.si\/wp-content\/uploads\/2021\/09\/Pablo-Picasso-\u2013-Les-Demoiselles-dAvignon-5-900x961.jpg 900w\" sizes=\"(max-width: 1000px) 100vw, 1000px\" \/>\t\t\t\t<\/div>\n\t\t\t\t\t\t\t\t\t\t\t<\/div>\n\t<\/div>\n  [\/vc_column][\/vc_row][vc_row css=&#8221;.vc_custom_1705592361187{margin-bottom: 10px !important;}&#8221;][vc_column]\t<div class=\"et-image-465 et-image     et_image_link\">\n\t\t<div class=\"et-image-inner \">\n\t\t\t\t\t\t\t<div class=\"et-image-thumb \">\n\t\t\t\t\t<img decoding=\"async\" width=\"1000\" height=\"1318\" src=\"https:\/\/svetslik.si\/wp-content\/uploads\/2021\/09\/Pablo-Picasso-\u2013-Les-Demoiselles-dAvignon-4.jpg\" class=\"attachment-full\" alt=\"Pablo Picasso \u2013 Les Demoiselles d\u2019Avignon\" title=\"Pablo-Picasso-\u2013-Les-Demoiselles-d\u2019Avignon-4\" srcset=\"https:\/\/svetslik.si\/wp-content\/uploads\/2021\/09\/Pablo-Picasso-\u2013-Les-Demoiselles-dAvignon-4.jpg 1000w, https:\/\/svetslik.si\/wp-content\/uploads\/2021\/09\/Pablo-Picasso-\u2013-Les-Demoiselles-dAvignon-4-600x791.jpg 600w, https:\/\/svetslik.si\/wp-content\/uploads\/2021\/09\/Pablo-Picasso-\u2013-Les-Demoiselles-dAvignon-4-228x300.jpg 228w, https:\/\/svetslik.si\/wp-content\/uploads\/2021\/09\/Pablo-Picasso-\u2013-Les-Demoiselles-dAvignon-4-777x1024.jpg 777w, https:\/\/svetslik.si\/wp-content\/uploads\/2021\/09\/Pablo-Picasso-\u2013-Les-Demoiselles-dAvignon-4-768x1012.jpg 768w, https:\/\/svetslik.si\/wp-content\/uploads\/2021\/09\/Pablo-Picasso-\u2013-Les-Demoiselles-dAvignon-4-114x150.jpg 114w, https:\/\/svetslik.si\/wp-content\/uploads\/2021\/09\/Pablo-Picasso-\u2013-Les-Demoiselles-dAvignon-4-900x1186.jpg 900w\" sizes=\"(max-width: 1000px) 100vw, 1000px\" \/>\t\t\t\t<\/div>\n\t\t\t\t\t\t\t\t\t\t\t<\/div>\n\t<\/div>\n  [\/vc_column][\/vc_row][vc_row css=&#8221;.vc_custom_1705592361187{margin-bottom: 10px !important;}&#8221;][vc_column]\t<div class=\"et-image-788 et-image     et_image_link\">\n\t\t<div class=\"et-image-inner \">\n\t\t\t\t\t\t\t<div class=\"et-image-thumb \">\n\t\t\t\t\t<img decoding=\"async\" width=\"1000\" height=\"1231\" src=\"https:\/\/svetslik.si\/wp-content\/uploads\/2021\/09\/Pablo-Picasso-\u2013-Les-Demoiselles-dAvignon3.jpg\" class=\"attachment-full\" alt=\"Pablo Picasso \u2013 Les Demoiselles d\u2019Avignon reprodukcija slike na platnu\" title=\"Pablo-Picasso-\u2013-Les-Demoiselles-d\u2019Avignon3\" srcset=\"https:\/\/svetslik.si\/wp-content\/uploads\/2021\/09\/Pablo-Picasso-\u2013-Les-Demoiselles-dAvignon3.jpg 1000w, https:\/\/svetslik.si\/wp-content\/uploads\/2021\/09\/Pablo-Picasso-\u2013-Les-Demoiselles-dAvignon3-600x739.jpg 600w, https:\/\/svetslik.si\/wp-content\/uploads\/2021\/09\/Pablo-Picasso-\u2013-Les-Demoiselles-dAvignon3-244x300.jpg 244w, https:\/\/svetslik.si\/wp-content\/uploads\/2021\/09\/Pablo-Picasso-\u2013-Les-Demoiselles-dAvignon3-832x1024.jpg 832w, https:\/\/svetslik.si\/wp-content\/uploads\/2021\/09\/Pablo-Picasso-\u2013-Les-Demoiselles-dAvignon3-768x945.jpg 768w, https:\/\/svetslik.si\/wp-content\/uploads\/2021\/09\/Pablo-Picasso-\u2013-Les-Demoiselles-dAvignon3-122x150.jpg 122w, https:\/\/svetslik.si\/wp-content\/uploads\/2021\/09\/Pablo-Picasso-\u2013-Les-Demoiselles-dAvignon3-900x1108.jpg 900w\" sizes=\"(max-width: 1000px) 100vw, 1000px\" \/>\t\t\t\t<\/div>\n\t\t\t\t\t\t\t\t\t\t\t<\/div>\n\t<\/div>\n  [\/vc_column][\/vc_row][vc_row css=&#8221;.vc_custom_1705592361187{margin-bottom: 10px !important;}&#8221;][vc_column]\t<div class=\"et-image-50 et-image     et_image_link\">\n\t\t<div class=\"et-image-inner \">\n\t\t\t\t\t\t\t<div class=\"et-image-thumb \">\n\t\t\t\t\t<img decoding=\"async\" width=\"1000\" height=\"686\" src=\"https:\/\/svetslik.si\/wp-content\/uploads\/2021\/09\/Pablo-Picasso-\u2013-Les-Demoiselles-dAvignon2.jpg\" class=\"attachment-full\" alt=\"Pablo Picasso \u2013 Les Demoiselles d\u2019Avignon reprodukcija slike na platnu\" title=\"Pablo-Picasso-\u2013-Les-Demoiselles-d\u2019Avignon2\" srcset=\"https:\/\/svetslik.si\/wp-content\/uploads\/2021\/09\/Pablo-Picasso-\u2013-Les-Demoiselles-dAvignon2.jpg 1000w, https:\/\/svetslik.si\/wp-content\/uploads\/2021\/09\/Pablo-Picasso-\u2013-Les-Demoiselles-dAvignon2-600x412.jpg 600w, https:\/\/svetslik.si\/wp-content\/uploads\/2021\/09\/Pablo-Picasso-\u2013-Les-Demoiselles-dAvignon2-300x206.jpg 300w, https:\/\/svetslik.si\/wp-content\/uploads\/2021\/09\/Pablo-Picasso-\u2013-Les-Demoiselles-dAvignon2-768x527.jpg 768w, https:\/\/svetslik.si\/wp-content\/uploads\/2021\/09\/Pablo-Picasso-\u2013-Les-Demoiselles-dAvignon2-150x103.jpg 150w, https:\/\/svetslik.si\/wp-content\/uploads\/2021\/09\/Pablo-Picasso-\u2013-Les-Demoiselles-dAvignon2-900x617.jpg 900w\" sizes=\"(max-width: 1000px) 100vw, 1000px\" \/>\t\t\t\t<\/div>\n\t\t\t\t\t\t\t\t\t\t\t<\/div>\n\t<\/div>\n  [\/vc_column][\/vc_row]\n<\/div>","protected":false},"excerpt":{"rendered":"<p>[vc_row][vc_column][vc_column_text css=&#8221;&#8221;] [\/vc_column][\/vc_row][vc_row][vc_column][vc_column_text] Pablo Picasso \u2013 Les Demoiselles d&#8217;Avignon &nbsp; Jahr der Erstellung: 1907 Originalgr\u00f6\u00dfe: 233,7 cm x 243,8 cm Malstil: Expressionismus Originaltechnik: \u00d6l auf Leinwand Gefunden: Museum of Modern Art New York [\/vc_column_text][\/vc_column][\/vc_row][vc_row css=&#8221;.vc_custom_1705592361187{margin-bottom: 10px !important;}&#8221;][vc_column][\/vc_column][\/vc_row][vc_row css=&#8221;.vc_custom_1705592361187{margin-bottom: 10px !important;}&#8221;][vc_column][\/vc_column][\/vc_row][vc_row css=&#8221;.vc_custom_1705592361187{margin-bottom: 10px !important;}&#8221;][vc_column][\/vc_column][\/vc_row][vc_row css=&#8221;.vc_custom_1705592361187{margin-bottom: 10px !important;}&#8221;][vc_column][\/vc_column][\/vc_row]<\/p>\n","protected":false},"featured_media":63747,"template":"","meta":{"_acf_changed":false},"product_brand":[],"product_cat":[8451],"product_tag":[8521,8506,8513,8514],"class_list":{"0":"post-67592","1":"product","2":"type-product","3":"status-publish","4":"has-post-thumbnail","6":"product_cat-pablo-picasso-de","7":"product_tag-maler","8":"product_tag-picasso-de","9":"product_tag-reproduktion","10":"product_tag-reproduktionen","11":"pa_dimenzija-110-x-120-cm","12":"pa_dimenzija-130-x-140-cm","13":"pa_dimenzija-150-x-160-cm","14":"pa_dimenzija-180-x-190-cm","15":"pa_dimenzija-200-x-210-cm","16":"pa_dimenzija-234-x-244-cm","17":"pa_dimenzija-70-x-70-cm","18":"pa_dimenzija-90-x-90-cm","19":"pa_oblika-vertikal","20":"pa_okvir-ohne-rahmen","21":"pa_podokvir-ja","22":"pa_podokvir-nein","24":"first","25":"onbackorder","26":"purchasable","27":"product-type-variable","28":"has-default-attributes"},"acf":[],"yoast_head":"<!-- This site is optimized with the Yoast SEO Premium plugin v26.0 (Yoast SEO v27.2) - https:\/\/yoast.com\/product\/yoast-seo-premium-wordpress\/ -->\n<title>Pablo Picasso - Les Demoiselles d&#039;Avignon - SVETSLIK.SI - 100% handgemalt<\/title>\n<meta name=\"description\" content=\"Pablo Picasso - Les Demoiselles d&#039;Avignon - 100% handgemalte Gem\u00e4lde - Verkauf von Reproduktionen ber\u00fchmter Gem\u00e4lde und abstrakter Kunst - Wandbilder f\u00fcr das Wohnzimmer\" \/>\n<meta name=\"robots\" content=\"index, follow, max-snippet:-1, max-image-preview:large, max-video-preview:-1\" \/>\n<link rel=\"canonical\" href=\"https:\/\/svetslik.si\/de\/pablo-picasso-de\/les-demoiselles-davignon\/\" \/>\n<meta property=\"og:locale\" content=\"de_DE\" \/>\n<meta property=\"og:type\" content=\"article\" \/>\n<meta property=\"og:title\" content=\"Pablo Picasso - Les Demoiselles d&#039;Avignon\" \/>\n<meta property=\"og:description\" content=\"100% ro\u010dno naslikane slike na platnu, reprodukcije znanih slikarjev in umetni\u0161ke slike po naro\u010dilu.\" \/>\n<meta property=\"og:url\" content=\"https:\/\/svetslik.si\/de\/pablo-picasso-de\/les-demoiselles-davignon\/\" \/>\n<meta property=\"og:site_name\" content=\"SVETSLIK.SI\" \/>\n<meta property=\"article:publisher\" content=\"https:\/\/www.facebook.com\/svetslik.si\" \/>\n<meta property=\"article:modified_time\" content=\"2026-03-22T18:55:52+00:00\" \/>\n<meta property=\"og:image\" content=\"https:\/\/svetslik.si\/wp-content\/uploads\/2021\/08\/image_Les-Demoiselles-dAvignon_680.jpg\" \/>\n\t<meta property=\"og:image:width\" content=\"1112\" \/>\n\t<meta property=\"og:image:height\" content=\"1200\" \/>\n\t<meta property=\"og:image:type\" content=\"image\/jpeg\" \/>\n<meta name=\"twitter:card\" content=\"summary_large_image\" \/>\n<meta name=\"twitter:site\" content=\"@svetslik\" \/>\n<meta name=\"twitter:label1\" content=\"Verf\u00fcgbarkeit\" \/>\n\t<meta name=\"twitter:data1\" content=\"bei Nachbestellung\" \/>\n<script type=\"application\/ld+json\" class=\"yoast-schema-graph\">{\"@context\":\"https:\/\/schema.org\",\"@graph\":[{\"@type\":[\"WebPage\",\"ItemPage\"],\"@id\":\"https:\/\/svetslik.si\/de\/pablo-picasso-de\/les-demoiselles-davignon\/\",\"url\":\"https:\/\/svetslik.si\/de\/pablo-picasso-de\/les-demoiselles-davignon\/\",\"name\":\"Pablo Picasso - Les Demoiselles d'Avignon - SVETSLIK.SI - 100% handgemalt\",\"isPartOf\":{\"@id\":\"https:\/\/svetslik.si\/de\/#website\"},\"primaryImageOfPage\":{\"@id\":\"https:\/\/svetslik.si\/de\/pablo-picasso-de\/les-demoiselles-davignon\/#primaryimage\"},\"image\":{\"@id\":\"https:\/\/svetslik.si\/de\/pablo-picasso-de\/les-demoiselles-davignon\/#primaryimage\"},\"thumbnailUrl\":\"https:\/\/svetslik.si\/wp-content\/uploads\/2021\/08\/image_Les-Demoiselles-dAvignon_680.jpg\",\"datePublished\":\"2021-09-02T15:53:37+00:00\",\"dateModified\":\"2026-03-22T18:55:52+00:00\",\"description\":\"Pablo Picasso - Les Demoiselles d'Avignon - 100% handgemalte Gem\u00e4lde - Verkauf von Reproduktionen ber\u00fchmter Gem\u00e4lde und abstrakter Kunst - Wandbilder f\u00fcr das Wohnzimmer\",\"breadcrumb\":{\"@id\":\"https:\/\/svetslik.si\/de\/pablo-picasso-de\/les-demoiselles-davignon\/#breadcrumb\"},\"inLanguage\":\"de\",\"potentialAction\":[{\"@type\":\"ReadAction\",\"target\":[\"https:\/\/svetslik.si\/de\/pablo-picasso-de\/les-demoiselles-davignon\/\"]}]},{\"@type\":\"ImageObject\",\"inLanguage\":\"de\",\"@id\":\"https:\/\/svetslik.si\/de\/pablo-picasso-de\/les-demoiselles-davignon\/#primaryimage\",\"url\":\"https:\/\/svetslik.si\/wp-content\/uploads\/2021\/08\/image_Les-Demoiselles-dAvignon_680.jpg\",\"contentUrl\":\"https:\/\/svetslik.si\/wp-content\/uploads\/2021\/08\/image_Les-Demoiselles-dAvignon_680.jpg\",\"width\":1112,\"height\":1200,\"caption\":\"Pablo Picasso - Les Demoiselles d'Avignon - Gem\u00e4lde, Leinwandbilder, Reproduktion\"},{\"@type\":\"BreadcrumbList\",\"@id\":\"https:\/\/svetslik.si\/de\/pablo-picasso-de\/les-demoiselles-davignon\/#breadcrumb\",\"itemListElement\":[{\"@type\":\"ListItem\",\"position\":1,\"name\":\"Wandkunst und Gem\u00e4lde auf Leinwand\",\"item\":\"https:\/\/svetslik.si\/de\/\"},{\"@type\":\"ListItem\",\"position\":2,\"name\":\"Verkauf von Gem\u00e4lden\",\"item\":\"https:\/\/svetslik.si\/prodaja-slik\/\"},{\"@type\":\"ListItem\",\"position\":3,\"name\":\"Pablo Picasso &#8211; Les Demoiselles d&#8217;Avignon\"}]},{\"@type\":\"WebSite\",\"@id\":\"https:\/\/svetslik.si\/de\/#website\",\"url\":\"https:\/\/svetslik.si\/de\/\",\"name\":\"SVETSLIK.SI\",\"description\":\"100% handgemalte Reproduktionen von Gem\u00e4lden ber\u00fchmter Maler und Gem\u00e4lde auf Leinwand.\",\"publisher\":{\"@id\":\"https:\/\/svetslik.si\/de\/#organization\"},\"potentialAction\":[{\"@type\":\"SearchAction\",\"target\":{\"@type\":\"EntryPoint\",\"urlTemplate\":\"https:\/\/svetslik.si\/de\/?s={search_term_string}\"},\"query-input\":{\"@type\":\"PropertyValueSpecification\",\"valueRequired\":true,\"valueName\":\"search_term_string\"}}],\"inLanguage\":\"de\"},{\"@type\":\"Organization\",\"@id\":\"https:\/\/svetslik.si\/de\/#organization\",\"name\":\"SvetSlik.si\",\"url\":\"https:\/\/svetslik.si\/de\/\",\"logo\":{\"@type\":\"ImageObject\",\"inLanguage\":\"de\",\"@id\":\"https:\/\/svetslik.si\/de\/#\/schema\/logo\/image\/\",\"url\":\"https:\/\/svetslik.si\/wp-content\/uploads\/2020\/12\/logo-512.png\",\"contentUrl\":\"https:\/\/svetslik.si\/wp-content\/uploads\/2020\/12\/logo-512.png\",\"width\":512,\"height\":512,\"caption\":\"SvetSlik.si\"},\"image\":{\"@id\":\"https:\/\/svetslik.si\/de\/#\/schema\/logo\/image\/\"},\"sameAs\":[\"https:\/\/www.facebook.com\/svetslik.si\",\"https:\/\/x.com\/svetslik\",\"https:\/\/www.instagram.com\/svetslik.si\/\",\"https:\/\/www.linkedin.com\/company\/svetslik-si\"]}]}<\/script>\n<meta property=\"og:availability\" content=\"backorder\" \/>\n<meta property=\"product:availability\" content=\"available for order\" \/>\n<meta property=\"product:retailer_item_id\" content=\"265__\" \/>\n<meta property=\"product:condition\" content=\"new\" \/>\n<!-- \/ Yoast SEO Premium plugin. -->","yoast_head_json":{"title":"Pablo Picasso - Les Demoiselles d'Avignon - SVETSLIK.SI - 100% handgemalt","description":"Pablo Picasso - Les Demoiselles d'Avignon - 100% handgemalte Gem\u00e4lde - Verkauf von Reproduktionen ber\u00fchmter Gem\u00e4lde und abstrakter Kunst - Wandbilder f\u00fcr das Wohnzimmer","robots":{"index":"index","follow":"follow","max-snippet":"max-snippet:-1","max-image-preview":"max-image-preview:large","max-video-preview":"max-video-preview:-1"},"canonical":"https:\/\/svetslik.si\/de\/pablo-picasso-de\/les-demoiselles-davignon\/","og_locale":"de_DE","og_type":"article","og_title":"Pablo Picasso - Les Demoiselles d'Avignon","og_description":"100% ro\u010dno naslikane slike na platnu, reprodukcije znanih slikarjev in umetni\u0161ke slike po naro\u010dilu.","og_url":"https:\/\/svetslik.si\/de\/pablo-picasso-de\/les-demoiselles-davignon\/","og_site_name":"SVETSLIK.SI","article_publisher":"https:\/\/www.facebook.com\/svetslik.si","article_modified_time":"2026-03-22T18:55:52+00:00","og_image":[{"width":1112,"height":1200,"url":"https:\/\/svetslik.si\/wp-content\/uploads\/2021\/08\/image_Les-Demoiselles-dAvignon_680.jpg","type":"image\/jpeg"}],"twitter_card":"summary_large_image","twitter_site":"@svetslik","twitter_misc":{"Verf\u00fcgbarkeit":"bei Nachbestellung"},"schema":{"@context":"https:\/\/schema.org","@graph":[{"@type":["WebPage","ItemPage"],"@id":"https:\/\/svetslik.si\/de\/pablo-picasso-de\/les-demoiselles-davignon\/","url":"https:\/\/svetslik.si\/de\/pablo-picasso-de\/les-demoiselles-davignon\/","name":"Pablo Picasso - Les Demoiselles d'Avignon - SVETSLIK.SI - 100% handgemalt","isPartOf":{"@id":"https:\/\/svetslik.si\/de\/#website"},"primaryImageOfPage":{"@id":"https:\/\/svetslik.si\/de\/pablo-picasso-de\/les-demoiselles-davignon\/#primaryimage"},"image":{"@id":"https:\/\/svetslik.si\/de\/pablo-picasso-de\/les-demoiselles-davignon\/#primaryimage"},"thumbnailUrl":"https:\/\/svetslik.si\/wp-content\/uploads\/2021\/08\/image_Les-Demoiselles-dAvignon_680.jpg","datePublished":"2021-09-02T15:53:37+00:00","dateModified":"2026-03-22T18:55:52+00:00","description":"Pablo Picasso - Les Demoiselles d'Avignon - 100% handgemalte Gem\u00e4lde - Verkauf von Reproduktionen ber\u00fchmter Gem\u00e4lde und abstrakter Kunst - Wandbilder f\u00fcr das Wohnzimmer","breadcrumb":{"@id":"https:\/\/svetslik.si\/de\/pablo-picasso-de\/les-demoiselles-davignon\/#breadcrumb"},"inLanguage":"de","potentialAction":[{"@type":"ReadAction","target":["https:\/\/svetslik.si\/de\/pablo-picasso-de\/les-demoiselles-davignon\/"]}]},{"@type":"ImageObject","inLanguage":"de","@id":"https:\/\/svetslik.si\/de\/pablo-picasso-de\/les-demoiselles-davignon\/#primaryimage","url":"https:\/\/svetslik.si\/wp-content\/uploads\/2021\/08\/image_Les-Demoiselles-dAvignon_680.jpg","contentUrl":"https:\/\/svetslik.si\/wp-content\/uploads\/2021\/08\/image_Les-Demoiselles-dAvignon_680.jpg","width":1112,"height":1200,"caption":"Pablo Picasso - Les Demoiselles d'Avignon - Gem\u00e4lde, Leinwandbilder, Reproduktion"},{"@type":"BreadcrumbList","@id":"https:\/\/svetslik.si\/de\/pablo-picasso-de\/les-demoiselles-davignon\/#breadcrumb","itemListElement":[{"@type":"ListItem","position":1,"name":"Wandkunst und Gem\u00e4lde auf Leinwand","item":"https:\/\/svetslik.si\/de\/"},{"@type":"ListItem","position":2,"name":"Verkauf von Gem\u00e4lden","item":"https:\/\/svetslik.si\/prodaja-slik\/"},{"@type":"ListItem","position":3,"name":"Pablo Picasso &#8211; Les Demoiselles d&#8217;Avignon"}]},{"@type":"WebSite","@id":"https:\/\/svetslik.si\/de\/#website","url":"https:\/\/svetslik.si\/de\/","name":"SVETSLIK.SI","description":"100% handgemalte Reproduktionen von Gem\u00e4lden ber\u00fchmter Maler und Gem\u00e4lde auf Leinwand.","publisher":{"@id":"https:\/\/svetslik.si\/de\/#organization"},"potentialAction":[{"@type":"SearchAction","target":{"@type":"EntryPoint","urlTemplate":"https:\/\/svetslik.si\/de\/?s={search_term_string}"},"query-input":{"@type":"PropertyValueSpecification","valueRequired":true,"valueName":"search_term_string"}}],"inLanguage":"de"},{"@type":"Organization","@id":"https:\/\/svetslik.si\/de\/#organization","name":"SvetSlik.si","url":"https:\/\/svetslik.si\/de\/","logo":{"@type":"ImageObject","inLanguage":"de","@id":"https:\/\/svetslik.si\/de\/#\/schema\/logo\/image\/","url":"https:\/\/svetslik.si\/wp-content\/uploads\/2020\/12\/logo-512.png","contentUrl":"https:\/\/svetslik.si\/wp-content\/uploads\/2020\/12\/logo-512.png","width":512,"height":512,"caption":"SvetSlik.si"},"image":{"@id":"https:\/\/svetslik.si\/de\/#\/schema\/logo\/image\/"},"sameAs":["https:\/\/www.facebook.com\/svetslik.si","https:\/\/x.com\/svetslik","https:\/\/www.instagram.com\/svetslik.si\/","https:\/\/www.linkedin.com\/company\/svetslik-si"]}]},"og_availability":"backorder","product_availability":"available for order","product_retailer_item_id":"265__","product_condition":"new"},"jetpack_sharing_enabled":true,"_links":{"self":[{"href":"https:\/\/svetslik.si\/de\/wp-json\/wp\/v2\/product\/67592","targetHints":{"allow":["GET"]}}],"collection":[{"href":"https:\/\/svetslik.si\/de\/wp-json\/wp\/v2\/product"}],"about":[{"href":"https:\/\/svetslik.si\/de\/wp-json\/wp\/v2\/types\/product"}],"wp:featuredmedia":[{"embeddable":true,"href":"https:\/\/svetslik.si\/de\/wp-json\/wp\/v2\/media\/63747"}],"wp:attachment":[{"href":"https:\/\/svetslik.si\/de\/wp-json\/wp\/v2\/media?parent=67592"}],"wp:term":[{"taxonomy":"product_brand","embeddable":true,"href":"https:\/\/svetslik.si\/de\/wp-json\/wp\/v2\/product_brand?post=67592"},{"taxonomy":"product_cat","embeddable":true,"href":"https:\/\/svetslik.si\/de\/wp-json\/wp\/v2\/product_cat?post=67592"},{"taxonomy":"product_tag","embeddable":true,"href":"https:\/\/svetslik.si\/de\/wp-json\/wp\/v2\/product_tag?post=67592"}],"curies":[{"name":"wp","href":"https:\/\/api.w.org\/{rel}","templated":true}]}}