{"id":67772,"date":"2021-09-02T17:55:20","date_gmt":"2021-09-02T15:55:20","guid":{"rendered":"https:\/\/svetslik.si\/unkategorisiert\/black-grid-schwarzer-raster\/"},"modified":"2026-03-22T20:00:28","modified_gmt":"2026-03-22T19:00:28","slug":"black-grid-schwarzer-raster","status":"publish","type":"product","link":"https:\/\/svetslik.si\/de\/vasilij-kandinski-de\/black-grid-schwarzer-raster\/","title":{"rendered":"Vasilij Kandinski &#8211; Black Grid (Schwarzer Raster)"},"content":{"rendered":"<h1>Wassily Kandinsky \u2013 Schwarzes Raster<\/h1>\n<table border=\"0\" width=\"673\" cellpadding=\"0\">\n<colgroup>\n<col style=\"width: 135pt\" width=\"180\" \/>\n<col style=\"width: 370pt\" width=\"493\" \/> <\/colgroup>\n<tbody>\n<tr style=\"height: 15.75pt\">\n<td class=\"xl24\" style=\"height: 15,75pt;width: 135pt\" width=\"180\" height=\"21\">Erstellungsjahr:<\/td>\n<td class=\"xl25\" style=\"width: 370pt\" width=\"493\">1922<\/td>\n<\/tr>\n<tr style=\"height: 15.75pt\">\n<td class=\"xl24\" style=\"height: 15,75pt;width: 135pt\" width=\"180\" height=\"21\">Originalgr\u00f6\u00dfe:<\/td>\n<td class=\"xl24\" style=\"width: 370pt\" width=\"493\">106 cm x 96 cm<\/td>\n<\/tr>\n<tr style=\"height: 15.75pt\">\n<td class=\"xl24\" style=\"height: 15,75pt;width: 135pt\" width=\"180\" height=\"21\">Lackstil:<\/td>\n<td class=\"xl24\" style=\"width: 370pt\" width=\"493\">Abstrakte Kunst<\/td>\n<\/tr>\n<tr style=\"height: 15.75pt\">\n<td class=\"xl24\" style=\"height: 15,75pt;width: 135pt\" width=\"180\" height=\"21\">Originaltechnik:<\/td>\n<td>\u00d6l auf Leinwand<\/td>\n<\/tr>\n<tr style=\"height: 15.75pt\">\n<td class=\"xl24\" style=\"height: 15,75pt;width: 135pt\" width=\"180\" height=\"21\">Standort:<\/td>\n<td>Museum f\u00fcr moderne Kunst Paris<\/td>\n<\/tr>\n<\/tbody>\n<\/table>\n<p>Wassily Kandinskys Black Grid ist ein beeindruckendes und k\u00fchnes Werk abstrakter Kunst, das den einzigartigen Stil und die innovative Verwendung von Farbe und Form des K\u00fcnstlers zeigt. Das 1913 entstandene Gem\u00e4lde gilt als Meisterwerk der fr\u00fchen Schaffensperiode Kandinskys und zeichnet sich durch seinen k\u00fchnen Einsatz von Schwarz und Wei\u00df und die dynamische Komposition aus.<\/p>\n<p>Eines der Hauptmerkmale des Gem\u00e4ldes \u201eBlack Grid\u201c ist die auff\u00e4llige Verwendung von Schwarz und Wei\u00df, die einen starken Kontrast erzeugen, der dem Betrachter sofort ins Auge f\u00e4llt. Das Bild ist in eine Reihe sich \u00fcberschneidender Linien und Formen unterteilt, wobei die schwarzen Linien ein Gef\u00fchl von Bewegung und Energie erzeugen, w\u00e4hrend der wei\u00dfe Hintergrund ein Gef\u00fchl von Ruhe und Ausgeglichenheit vermittelt.<\/p>\n<p>Bemerkenswert ist auch Kandinskys Verwendung von Farbe und Form in diesem Gem\u00e4lde, da er eine Vielzahl von Formen verwendet, darunter Kreise, Quadrate und Dreiecke, um ein Gef\u00fchl von Bewegung und Fl\u00fcssigkeit zu erzeugen. Auch die Komposition ist ausgewogen, da die schwarzen Linien und Formen so angeordnet sind, dass ein Gef\u00fchl von Harmonie und Ausgewogenheit entsteht.<\/p>\n<p>Ein weiterer wichtiger Aspekt des schwarzen Netzwerks ist seine Verbindung zu den breiteren k\u00fcnstlerischen Bewegungen der Zeit. Das Gem\u00e4lde gilt als Schl\u00fcsselwerk der expressionistischen Bewegung, die Emotionen und Gef\u00fchle durch Kunst zum Ausdruck bringen wollte. Die Verwendung kr\u00e4ftiger Farben und dynamischer Formen in diesem Gem\u00e4lde erinnert an die Grundwerte dieser Bewegung, die die rohe, emotionale Kraft menschlicher Erfahrung einfangen wollte.<\/p>\n<p>Insgesamt ist \u201eThe Black Grid\u201c ein kraftvolles und eindrucksvolles Gem\u00e4lde, das Wassily Kandinskys einzigartigen Stil und Talent zeigt. Das Gem\u00e4lde bleibt ein wichtiges Werk der modernen Kunst und erweckt aufgrund seiner k\u00fchnen Verwendung von Farbe und Form und seiner Verbindung zur expressionistischen Bewegung weiterhin Bewunderung. Das Gem\u00e4lde gilt als eines der bedeutendsten Werke der Fr\u00fchzeit Kandinskys und ist ein Muss f\u00fcr Kunstliebhaber und jeden, der sich f\u00fcr die Geschichte der modernen Kunst interessiert.<\/p>\n","protected":false},"excerpt":{"rendered":"<p>Wassily Kandinsky \u2013 Schwarzes Raster Erstellungsjahr: 1922 Originalgr\u00f6\u00dfe: 106 cm x 96 cm Lackstil: Abstrakte Kunst Originaltechnik: \u00d6l auf Leinwand Standort: Museum f\u00fcr moderne Kunst Paris Wassily Kandinskys Black Grid ist ein beeindruckendes und k\u00fchnes Werk abstrakter Kunst, das den einzigartigen Stil und die innovative Verwendung von Farbe und Form [&hellip;]<\/p>\n","protected":false},"featured_media":63410,"template":"","meta":{"_acf_changed":false},"product_brand":[],"product_cat":[8467],"product_tag":[8491,8492,8521,8513,8514],"class_list":{"0":"post-67772","1":"product","2":"type-product","3":"status-publish","4":"has-post-thumbnail","6":"product_cat-vasilij-kandinski-de","7":"product_tag-kandinski-de","8":"product_tag-kandinsky-de","9":"product_tag-maler","10":"product_tag-reproduktion","11":"product_tag-reproduktionen","12":"pa_dimenzija-106-x-96-cm-de","13":"pa_dimenzija-130-x-120-cm-de","14":"pa_dimenzija-150-x-140-cm-de","15":"pa_dimenzija-50-x-40-cm-de","16":"pa_dimenzija-60-x-50-cm-de","17":"pa_dimenzija-70-x-60-cm-de","18":"pa_dimenzija-80-x-70-cm-de","19":"pa_dimenzija-90-x-80-cm-de","20":"pa_oblika-horizontal-de","21":"pa_okvir-ohne-rahmen","22":"pa_podokvir-ja","23":"pa_podokvir-nein","25":"first","26":"onbackorder","27":"purchasable","28":"product-type-variable","29":"has-default-attributes"},"acf":[],"yoast_head":"<!-- This site is optimized with the Yoast SEO Premium plugin v26.0 (Yoast SEO v27.2) - https:\/\/yoast.com\/product\/yoast-seo-premium-wordpress\/ -->\n<title>Vasilij Kandinski - Black Grid (Schwarzer Raster) - SVETSLIK.SI - 100% handgemalt<\/title>\n<meta name=\"description\" content=\"Vasilij Kandinski - Black Grid (Schwarzer Raster) - 100% handgemalte Gem\u00e4lde - Verkauf von Reproduktionen ber\u00fchmter Gem\u00e4lde und abstrakter Kunst - Wandbilder f\u00fcr das Wohnzimmer\" \/>\n<meta name=\"robots\" content=\"index, follow, max-snippet:-1, max-image-preview:large, max-video-preview:-1\" \/>\n<link rel=\"canonical\" href=\"https:\/\/svetslik.si\/de\/vasilij-kandinski-de\/black-grid-schwarzer-raster\/\" \/>\n<meta property=\"og:locale\" content=\"de_DE\" \/>\n<meta property=\"og:type\" content=\"article\" \/>\n<meta property=\"og:title\" content=\"Vasilij Kandinski - Black Grid (Schwarzer Raster)\" \/>\n<meta property=\"og:description\" content=\"100% ro\u010dno naslikane slike na platnu, reprodukcije znanih slikarjev in umetni\u0161ke slike po naro\u010dilu.\" \/>\n<meta property=\"og:url\" content=\"https:\/\/svetslik.si\/de\/vasilij-kandinski-de\/black-grid-schwarzer-raster\/\" \/>\n<meta property=\"og:site_name\" content=\"SVETSLIK.SI\" \/>\n<meta property=\"article:publisher\" content=\"https:\/\/www.facebook.com\/svetslik.si\" \/>\n<meta property=\"article:modified_time\" content=\"2026-03-22T19:00:28+00:00\" \/>\n<meta property=\"og:image\" content=\"https:\/\/svetslik.si\/wp-content\/uploads\/2021\/08\/image_Black-Grid-Schwarzer-Raster_680.jpg\" \/>\n\t<meta property=\"og:image:width\" content=\"1800\" \/>\n\t<meta property=\"og:image:height\" content=\"1636\" \/>\n\t<meta property=\"og:image:type\" content=\"image\/jpeg\" \/>\n<meta name=\"twitter:card\" content=\"summary_large_image\" \/>\n<meta name=\"twitter:site\" content=\"@svetslik\" \/>\n<meta name=\"twitter:label1\" content=\"Verf\u00fcgbarkeit\" \/>\n\t<meta name=\"twitter:data1\" content=\"bei Nachbestellung\" \/>\n<script type=\"application\/ld+json\" class=\"yoast-schema-graph\">{\"@context\":\"https:\/\/schema.org\",\"@graph\":[{\"@type\":[\"WebPage\",\"ItemPage\"],\"@id\":\"https:\/\/svetslik.si\/de\/vasilij-kandinski-de\/black-grid-schwarzer-raster\/\",\"url\":\"https:\/\/svetslik.si\/de\/vasilij-kandinski-de\/black-grid-schwarzer-raster\/\",\"name\":\"Vasilij Kandinski - Black Grid (Schwarzer Raster) - SVETSLIK.SI - 100% handgemalt\",\"isPartOf\":{\"@id\":\"https:\/\/svetslik.si\/de\/#website\"},\"primaryImageOfPage\":{\"@id\":\"https:\/\/svetslik.si\/de\/vasilij-kandinski-de\/black-grid-schwarzer-raster\/#primaryimage\"},\"image\":{\"@id\":\"https:\/\/svetslik.si\/de\/vasilij-kandinski-de\/black-grid-schwarzer-raster\/#primaryimage\"},\"thumbnailUrl\":\"https:\/\/svetslik.si\/wp-content\/uploads\/2021\/08\/image_Black-Grid-Schwarzer-Raster_680.jpg\",\"datePublished\":\"2021-09-02T15:55:20+00:00\",\"dateModified\":\"2026-03-22T19:00:28+00:00\",\"description\":\"Vasilij Kandinski - Black Grid (Schwarzer Raster) - 100% handgemalte Gem\u00e4lde - Verkauf von Reproduktionen ber\u00fchmter Gem\u00e4lde und abstrakter Kunst - Wandbilder f\u00fcr das Wohnzimmer\",\"breadcrumb\":{\"@id\":\"https:\/\/svetslik.si\/de\/vasilij-kandinski-de\/black-grid-schwarzer-raster\/#breadcrumb\"},\"inLanguage\":\"de\",\"potentialAction\":[{\"@type\":\"ReadAction\",\"target\":[\"https:\/\/svetslik.si\/de\/vasilij-kandinski-de\/black-grid-schwarzer-raster\/\"]}]},{\"@type\":\"ImageObject\",\"inLanguage\":\"de\",\"@id\":\"https:\/\/svetslik.si\/de\/vasilij-kandinski-de\/black-grid-schwarzer-raster\/#primaryimage\",\"url\":\"https:\/\/svetslik.si\/wp-content\/uploads\/2021\/08\/image_Black-Grid-Schwarzer-Raster_680.jpg\",\"contentUrl\":\"https:\/\/svetslik.si\/wp-content\/uploads\/2021\/08\/image_Black-Grid-Schwarzer-Raster_680.jpg\",\"width\":1800,\"height\":1636,\"caption\":\"Vasilij Kandinski - Black Grid (Schwarzer Raster) Gem\u00e4lde, Leinwandbilder - 100% handgemalte, Reproduktionen ber\u00fchmter Gem\u00e4lde, Gem\u00e4lde kaufen, Wandbilder Wohnzimmer, ber\u00fchmtes Gem\u00e4lde, \u00d6lgem\u00e4lde, Bilderrahmen\"},{\"@type\":\"BreadcrumbList\",\"@id\":\"https:\/\/svetslik.si\/de\/vasilij-kandinski-de\/black-grid-schwarzer-raster\/#breadcrumb\",\"itemListElement\":[{\"@type\":\"ListItem\",\"position\":1,\"name\":\"Wandkunst und Gem\u00e4lde auf Leinwand\",\"item\":\"https:\/\/svetslik.si\/de\/\"},{\"@type\":\"ListItem\",\"position\":2,\"name\":\"Verkauf von Gem\u00e4lden\",\"item\":\"https:\/\/svetslik.si\/prodaja-slik\/\"},{\"@type\":\"ListItem\",\"position\":3,\"name\":\"Vasilij Kandinski &#8211; Black Grid (Schwarzer Raster)\"}]},{\"@type\":\"WebSite\",\"@id\":\"https:\/\/svetslik.si\/de\/#website\",\"url\":\"https:\/\/svetslik.si\/de\/\",\"name\":\"SVETSLIK.SI\",\"description\":\"100% handgemalte Reproduktionen von Gem\u00e4lden ber\u00fchmter Maler und Gem\u00e4lde auf Leinwand.\",\"publisher\":{\"@id\":\"https:\/\/svetslik.si\/de\/#organization\"},\"potentialAction\":[{\"@type\":\"SearchAction\",\"target\":{\"@type\":\"EntryPoint\",\"urlTemplate\":\"https:\/\/svetslik.si\/de\/?s={search_term_string}\"},\"query-input\":{\"@type\":\"PropertyValueSpecification\",\"valueRequired\":true,\"valueName\":\"search_term_string\"}}],\"inLanguage\":\"de\"},{\"@type\":\"Organization\",\"@id\":\"https:\/\/svetslik.si\/de\/#organization\",\"name\":\"SvetSlik.si\",\"url\":\"https:\/\/svetslik.si\/de\/\",\"logo\":{\"@type\":\"ImageObject\",\"inLanguage\":\"de\",\"@id\":\"https:\/\/svetslik.si\/de\/#\/schema\/logo\/image\/\",\"url\":\"https:\/\/svetslik.si\/wp-content\/uploads\/2020\/12\/logo-512.png\",\"contentUrl\":\"https:\/\/svetslik.si\/wp-content\/uploads\/2020\/12\/logo-512.png\",\"width\":512,\"height\":512,\"caption\":\"SvetSlik.si\"},\"image\":{\"@id\":\"https:\/\/svetslik.si\/de\/#\/schema\/logo\/image\/\"},\"sameAs\":[\"https:\/\/www.facebook.com\/svetslik.si\",\"https:\/\/x.com\/svetslik\",\"https:\/\/www.instagram.com\/svetslik.si\/\",\"https:\/\/www.linkedin.com\/company\/svetslik-si\"]}]}<\/script>\n<meta property=\"og:availability\" content=\"backorder\" \/>\n<meta property=\"product:availability\" content=\"available for order\" \/>\n<meta property=\"product:retailer_item_id\" content=\"295__\" \/>\n<meta property=\"product:condition\" content=\"new\" \/>\n<!-- \/ Yoast SEO Premium plugin. -->","yoast_head_json":{"title":"Vasilij Kandinski - Black Grid (Schwarzer Raster) - SVETSLIK.SI - 100% handgemalt","description":"Vasilij Kandinski - Black Grid (Schwarzer Raster) - 100% handgemalte Gem\u00e4lde - Verkauf von Reproduktionen ber\u00fchmter Gem\u00e4lde und abstrakter Kunst - Wandbilder f\u00fcr das Wohnzimmer","robots":{"index":"index","follow":"follow","max-snippet":"max-snippet:-1","max-image-preview":"max-image-preview:large","max-video-preview":"max-video-preview:-1"},"canonical":"https:\/\/svetslik.si\/de\/vasilij-kandinski-de\/black-grid-schwarzer-raster\/","og_locale":"de_DE","og_type":"article","og_title":"Vasilij Kandinski - Black Grid (Schwarzer Raster)","og_description":"100% ro\u010dno naslikane slike na platnu, reprodukcije znanih slikarjev in umetni\u0161ke slike po naro\u010dilu.","og_url":"https:\/\/svetslik.si\/de\/vasilij-kandinski-de\/black-grid-schwarzer-raster\/","og_site_name":"SVETSLIK.SI","article_publisher":"https:\/\/www.facebook.com\/svetslik.si","article_modified_time":"2026-03-22T19:00:28+00:00","og_image":[{"width":1800,"height":1636,"url":"https:\/\/svetslik.si\/wp-content\/uploads\/2021\/08\/image_Black-Grid-Schwarzer-Raster_680.jpg","type":"image\/jpeg"}],"twitter_card":"summary_large_image","twitter_site":"@svetslik","twitter_misc":{"Verf\u00fcgbarkeit":"bei Nachbestellung"},"schema":{"@context":"https:\/\/schema.org","@graph":[{"@type":["WebPage","ItemPage"],"@id":"https:\/\/svetslik.si\/de\/vasilij-kandinski-de\/black-grid-schwarzer-raster\/","url":"https:\/\/svetslik.si\/de\/vasilij-kandinski-de\/black-grid-schwarzer-raster\/","name":"Vasilij Kandinski - Black Grid (Schwarzer Raster) - SVETSLIK.SI - 100% handgemalt","isPartOf":{"@id":"https:\/\/svetslik.si\/de\/#website"},"primaryImageOfPage":{"@id":"https:\/\/svetslik.si\/de\/vasilij-kandinski-de\/black-grid-schwarzer-raster\/#primaryimage"},"image":{"@id":"https:\/\/svetslik.si\/de\/vasilij-kandinski-de\/black-grid-schwarzer-raster\/#primaryimage"},"thumbnailUrl":"https:\/\/svetslik.si\/wp-content\/uploads\/2021\/08\/image_Black-Grid-Schwarzer-Raster_680.jpg","datePublished":"2021-09-02T15:55:20+00:00","dateModified":"2026-03-22T19:00:28+00:00","description":"Vasilij Kandinski - Black Grid (Schwarzer Raster) - 100% handgemalte Gem\u00e4lde - Verkauf von Reproduktionen ber\u00fchmter Gem\u00e4lde und abstrakter Kunst - Wandbilder f\u00fcr das Wohnzimmer","breadcrumb":{"@id":"https:\/\/svetslik.si\/de\/vasilij-kandinski-de\/black-grid-schwarzer-raster\/#breadcrumb"},"inLanguage":"de","potentialAction":[{"@type":"ReadAction","target":["https:\/\/svetslik.si\/de\/vasilij-kandinski-de\/black-grid-schwarzer-raster\/"]}]},{"@type":"ImageObject","inLanguage":"de","@id":"https:\/\/svetslik.si\/de\/vasilij-kandinski-de\/black-grid-schwarzer-raster\/#primaryimage","url":"https:\/\/svetslik.si\/wp-content\/uploads\/2021\/08\/image_Black-Grid-Schwarzer-Raster_680.jpg","contentUrl":"https:\/\/svetslik.si\/wp-content\/uploads\/2021\/08\/image_Black-Grid-Schwarzer-Raster_680.jpg","width":1800,"height":1636,"caption":"Vasilij Kandinski - Black Grid (Schwarzer Raster) Gem\u00e4lde, Leinwandbilder - 100% handgemalte, Reproduktionen ber\u00fchmter Gem\u00e4lde, Gem\u00e4lde kaufen, Wandbilder Wohnzimmer, ber\u00fchmtes Gem\u00e4lde, \u00d6lgem\u00e4lde, Bilderrahmen"},{"@type":"BreadcrumbList","@id":"https:\/\/svetslik.si\/de\/vasilij-kandinski-de\/black-grid-schwarzer-raster\/#breadcrumb","itemListElement":[{"@type":"ListItem","position":1,"name":"Wandkunst und Gem\u00e4lde auf Leinwand","item":"https:\/\/svetslik.si\/de\/"},{"@type":"ListItem","position":2,"name":"Verkauf von Gem\u00e4lden","item":"https:\/\/svetslik.si\/prodaja-slik\/"},{"@type":"ListItem","position":3,"name":"Vasilij Kandinski &#8211; Black Grid (Schwarzer Raster)"}]},{"@type":"WebSite","@id":"https:\/\/svetslik.si\/de\/#website","url":"https:\/\/svetslik.si\/de\/","name":"SVETSLIK.SI","description":"100% handgemalte Reproduktionen von Gem\u00e4lden ber\u00fchmter Maler und Gem\u00e4lde auf Leinwand.","publisher":{"@id":"https:\/\/svetslik.si\/de\/#organization"},"potentialAction":[{"@type":"SearchAction","target":{"@type":"EntryPoint","urlTemplate":"https:\/\/svetslik.si\/de\/?s={search_term_string}"},"query-input":{"@type":"PropertyValueSpecification","valueRequired":true,"valueName":"search_term_string"}}],"inLanguage":"de"},{"@type":"Organization","@id":"https:\/\/svetslik.si\/de\/#organization","name":"SvetSlik.si","url":"https:\/\/svetslik.si\/de\/","logo":{"@type":"ImageObject","inLanguage":"de","@id":"https:\/\/svetslik.si\/de\/#\/schema\/logo\/image\/","url":"https:\/\/svetslik.si\/wp-content\/uploads\/2020\/12\/logo-512.png","contentUrl":"https:\/\/svetslik.si\/wp-content\/uploads\/2020\/12\/logo-512.png","width":512,"height":512,"caption":"SvetSlik.si"},"image":{"@id":"https:\/\/svetslik.si\/de\/#\/schema\/logo\/image\/"},"sameAs":["https:\/\/www.facebook.com\/svetslik.si","https:\/\/x.com\/svetslik","https:\/\/www.instagram.com\/svetslik.si\/","https:\/\/www.linkedin.com\/company\/svetslik-si"]}]},"og_availability":"backorder","product_availability":"available for order","product_retailer_item_id":"295__","product_condition":"new"},"jetpack_sharing_enabled":true,"_links":{"self":[{"href":"https:\/\/svetslik.si\/de\/wp-json\/wp\/v2\/product\/67772","targetHints":{"allow":["GET"]}}],"collection":[{"href":"https:\/\/svetslik.si\/de\/wp-json\/wp\/v2\/product"}],"about":[{"href":"https:\/\/svetslik.si\/de\/wp-json\/wp\/v2\/types\/product"}],"wp:featuredmedia":[{"embeddable":true,"href":"https:\/\/svetslik.si\/de\/wp-json\/wp\/v2\/media\/63410"}],"wp:attachment":[{"href":"https:\/\/svetslik.si\/de\/wp-json\/wp\/v2\/media?parent=67772"}],"wp:term":[{"taxonomy":"product_brand","embeddable":true,"href":"https:\/\/svetslik.si\/de\/wp-json\/wp\/v2\/product_brand?post=67772"},{"taxonomy":"product_cat","embeddable":true,"href":"https:\/\/svetslik.si\/de\/wp-json\/wp\/v2\/product_cat?post=67772"},{"taxonomy":"product_tag","embeddable":true,"href":"https:\/\/svetslik.si\/de\/wp-json\/wp\/v2\/product_tag?post=67772"}],"curies":[{"name":"wp","href":"https:\/\/api.w.org\/{rel}","templated":true}]}}