{"id":67781,"date":"2021-09-02T17:55:20","date_gmt":"2021-09-02T15:55:20","guid":{"rendered":"https:\/\/svetslik.si\/unkategorisiert\/white-cross-weises-kreuz\/"},"modified":"2026-03-22T20:01:12","modified_gmt":"2026-03-22T19:01:12","slug":"white-cross-weises-kreuz","status":"publish","type":"product","link":"https:\/\/svetslik.si\/de\/vasilij-kandinski-de\/white-cross-weises-kreuz\/","title":{"rendered":"Vasilij Kandinski &#8211; White Cross (Wei\u00dfes Kreuz)"},"content":{"rendered":"<h1>Wassily Kandinsky \u2013 Wei\u00dfes Kreuz<\/h1>\n<table border=\"0\" width=\"673\" cellpadding=\"0\">\n<colgroup>\n<col style=\"width: 135pt\" width=\"180\" \/>\n<col style=\"width: 370pt\" width=\"493\" \/> <\/colgroup>\n<tbody>\n<tr style=\"height: 15.75pt\">\n<td class=\"xl24\" style=\"height: 15,75pt;width: 135pt\" width=\"180\" height=\"21\">Erstellungsjahr:<\/td>\n<td class=\"xl25\" style=\"width: 370pt\" width=\"493\">1922<\/td>\n<\/tr>\n<tr style=\"height: 15.75pt\">\n<td class=\"xl24\" style=\"height: 15,75pt;width: 135pt\" width=\"180\" height=\"21\">Originalgr\u00f6\u00dfe:<\/td>\n<td class=\"xl24\" style=\"width: 370pt\" width=\"493\">110,6 cm x 100,5 cm<\/td>\n<\/tr>\n<tr style=\"height: 15.75pt\">\n<td class=\"xl24\" style=\"height: 15,75pt;width: 135pt\" width=\"180\" height=\"21\">Lackstil:<\/td>\n<td class=\"xl24\" style=\"width: 370pt\" width=\"493\">Abstrakte Kunst<\/td>\n<\/tr>\n<tr style=\"height: 15.75pt\">\n<td class=\"xl24\" style=\"height: 15,75pt;width: 135pt\" width=\"180\" height=\"21\">Originaltechnik:<\/td>\n<td>\u00d6l auf Leinwand<\/td>\n<\/tr>\n<tr style=\"height: 15.75pt\">\n<td class=\"xl24\" style=\"height: 15,75pt;width: 135pt\" width=\"180\" height=\"21\">Standort:<\/td>\n<td>Guggenheim Museum New York<\/td>\n<\/tr>\n<\/tbody>\n<\/table>\n<p>Wassily Kandinskys Wei\u00dfes Kreuz ist ein kraftvolles und eindrucksvolles Gem\u00e4lde, das den einzigartigen Stil und die Herangehensweise des K\u00fcnstlers an abstrakte Kunst zeigt. Das auch als \u201eWei\u00dfes Kreuz\u201c bekannte Gem\u00e4lde entstand 1912, auf dem H\u00f6hepunkt von Kandinskys Karriere als abstrakter K\u00fcnstler.<\/p>\n<p>Eines der auff\u00e4lligsten Merkmale des Gem\u00e4ldes \u201eWei\u00dfes Kreuz\u201c ist die Verwendung von Farbe. Das Bild wird von einem gro\u00dfen wei\u00dfen Kreuz dominiert, das sich von einem dunkelschwarzen Hintergrund abhebt. Das Kreuz ist in einem kr\u00e4ftigen, grafischen Stil mit scharfen Linien und Winkeln dargestellt, die ihm ein Gef\u00fchl von Bewegung und Energie verleihen. Der Kontrast zwischen dem wei\u00dfen Kreuz und dem schwarzen Hintergrund erzeugt einen markanten visuellen Effekt, der die Aufmerksamkeit des Betrachters sofort fesselt.<\/p>\n<p>Ein weiterer wichtiger Aspekt von \u201eDas Wei\u00dfe Kreuz\u201c ist die Art und Weise, wie Kandinsky die Leinwand als Experimentierfl\u00e4che nutzte. Ein Gem\u00e4lde ist nicht nur die Darstellung eines Objekts oder einer Szene, sondern vielmehr eine Erkundung des Mediums selbst. Der K\u00fcnstler nutzte die Leinwand, um ein Gef\u00fchl von Bewegung und Dynamik zu erzeugen, wobei das wei\u00dfe Kreuz auf einem schwarzen Hintergrund zu schweben schien. Dies ist eine Technik, die Kandinsky in seinen Werken h\u00e4ufig verwendete und die zu den Markenzeichen seines Stils z\u00e4hlt.<\/p>\n<p>\u201eDas Wei\u00dfe Kreuz\u201c ist ein kraftvolles und anregendes Gem\u00e4lde, das die einzigartige Vision eines der bedeutendsten K\u00fcnstler des 20. Jahrhunderts darstellt. Das Gem\u00e4lde ist ein Muss f\u00fcr jeden, der sich f\u00fcr abstrakte Kunst interessiert, und ein Beweis f\u00fcr Kandinskys bleibendes Erbe als Meister der Form.<\/p>\n<p>Im kunsthistorischen Kontext gilt dieses Gem\u00e4lde als eines der ikonischsten Werke Kandinskys. Es entstand auf dem H\u00f6hepunkt seiner \u201eabstrakten Periode\u201c, in der der K\u00fcnstler stark vom Werk der Theosophin Helena Blavatsky und der Mystik beeinflusst wurde. Das Gem\u00e4lde ist ein hervorragendes Beispiel f\u00fcr Kandinskys \u00dcberzeugung, dass Kunst in der Lage sein sollte, beim Betrachter eine spirituelle und emotionale Reaktion hervorzurufen und nicht nur eine Darstellung eines Objekts oder einer Szene zu sein.<\/p>\n","protected":false},"excerpt":{"rendered":"<p>Wassily Kandinsky \u2013 Wei\u00dfes Kreuz Erstellungsjahr: 1922 Originalgr\u00f6\u00dfe: 110,6 cm x 100,5 cm Lackstil: Abstrakte Kunst Originaltechnik: \u00d6l auf Leinwand Standort: Guggenheim Museum New York Wassily Kandinskys Wei\u00dfes Kreuz ist ein kraftvolles und eindrucksvolles Gem\u00e4lde, das den einzigartigen Stil und die Herangehensweise des K\u00fcnstlers an abstrakte Kunst zeigt. Das auch [&hellip;]<\/p>\n","protected":false},"featured_media":64357,"template":"","meta":{"_acf_changed":false},"product_brand":[],"product_cat":[8467],"product_tag":[8491,8492,8521,8513,8514],"class_list":{"0":"post-67781","1":"product","2":"type-product","3":"status-publish","4":"has-post-thumbnail","6":"product_cat-vasilij-kandinski-de","7":"product_tag-kandinski-de","8":"product_tag-kandinsky-de","9":"product_tag-maler","10":"product_tag-reproduktion","11":"product_tag-reproduktionen","12":"pa_dimenzija-111-x-101-cm-de","13":"pa_dimenzija-130-x-120-cm-de","14":"pa_dimenzija-150-x-140-cm-de","15":"pa_dimenzija-50-x-40-cm-de","16":"pa_dimenzija-60-x-50-cm-de","17":"pa_dimenzija-70-x-60-cm-de","18":"pa_dimenzija-80-x-70-cm-de","19":"pa_dimenzija-90-x-80-cm-de","20":"pa_oblika-horizontal-de","21":"pa_okvir-ohne-rahmen","22":"pa_podokvir-ja","23":"pa_podokvir-nein","25":"first","26":"onbackorder","27":"purchasable","28":"product-type-variable","29":"has-default-attributes"},"acf":[],"yoast_head":"<!-- This site is optimized with the Yoast SEO Premium plugin v26.0 (Yoast SEO v27.2) - https:\/\/yoast.com\/product\/yoast-seo-premium-wordpress\/ -->\n<title>Vasilij Kandinski - White Cross (Wei\u00dfes Kreuz) - SVETSLIK.SI - 100% handgemalt<\/title>\n<meta name=\"description\" content=\"Vasilij Kandinski - White Cross (Wei\u00dfes Kreuz) - 100% handgemalte Gem\u00e4lde - Verkauf von Reproduktionen ber\u00fchmter Gem\u00e4lde und abstrakter Kunst - Wandbilder f\u00fcr das Wohnzimmer\" \/>\n<meta name=\"robots\" content=\"index, follow, max-snippet:-1, max-image-preview:large, max-video-preview:-1\" \/>\n<link rel=\"canonical\" href=\"https:\/\/svetslik.si\/de\/vasilij-kandinski-de\/white-cross-weises-kreuz\/\" \/>\n<meta property=\"og:locale\" content=\"de_DE\" \/>\n<meta property=\"og:type\" content=\"article\" \/>\n<meta property=\"og:title\" content=\"Vasilij Kandinski - White Cross (Wei\u00dfes Kreuz)\" \/>\n<meta property=\"og:description\" content=\"100% ro\u010dno naslikane slike na platnu, reprodukcije znanih slikarjev in umetni\u0161ke slike po naro\u010dilu.\" \/>\n<meta property=\"og:url\" content=\"https:\/\/svetslik.si\/de\/vasilij-kandinski-de\/white-cross-weises-kreuz\/\" \/>\n<meta property=\"og:site_name\" content=\"SVETSLIK.SI\" \/>\n<meta property=\"article:publisher\" content=\"https:\/\/www.facebook.com\/svetslik.si\" \/>\n<meta property=\"article:modified_time\" content=\"2026-03-22T19:01:12+00:00\" \/>\n<meta property=\"og:image\" content=\"https:\/\/svetslik.si\/wp-content\/uploads\/2021\/08\/image_White-Cross-Weies-Kreuz_680.jpg\" \/>\n\t<meta property=\"og:image:width\" content=\"1832\" \/>\n\t<meta property=\"og:image:height\" content=\"1665\" \/>\n\t<meta property=\"og:image:type\" content=\"image\/jpeg\" \/>\n<meta name=\"twitter:card\" content=\"summary_large_image\" \/>\n<meta name=\"twitter:site\" content=\"@svetslik\" \/>\n<meta name=\"twitter:label1\" content=\"Verf\u00fcgbarkeit\" \/>\n\t<meta name=\"twitter:data1\" content=\"bei Nachbestellung\" \/>\n<script type=\"application\/ld+json\" class=\"yoast-schema-graph\">{\"@context\":\"https:\/\/schema.org\",\"@graph\":[{\"@type\":[\"WebPage\",\"ItemPage\"],\"@id\":\"https:\/\/svetslik.si\/de\/vasilij-kandinski-de\/white-cross-weises-kreuz\/\",\"url\":\"https:\/\/svetslik.si\/de\/vasilij-kandinski-de\/white-cross-weises-kreuz\/\",\"name\":\"Vasilij Kandinski - White Cross (Wei\u00dfes Kreuz) - SVETSLIK.SI - 100% handgemalt\",\"isPartOf\":{\"@id\":\"https:\/\/svetslik.si\/de\/#website\"},\"primaryImageOfPage\":{\"@id\":\"https:\/\/svetslik.si\/de\/vasilij-kandinski-de\/white-cross-weises-kreuz\/#primaryimage\"},\"image\":{\"@id\":\"https:\/\/svetslik.si\/de\/vasilij-kandinski-de\/white-cross-weises-kreuz\/#primaryimage\"},\"thumbnailUrl\":\"https:\/\/svetslik.si\/wp-content\/uploads\/2021\/08\/image_White-Cross-Weies-Kreuz_680.jpg\",\"datePublished\":\"2021-09-02T15:55:20+00:00\",\"dateModified\":\"2026-03-22T19:01:12+00:00\",\"description\":\"Vasilij Kandinski - White Cross (Wei\u00dfes Kreuz) - 100% handgemalte Gem\u00e4lde - Verkauf von Reproduktionen ber\u00fchmter Gem\u00e4lde und abstrakter Kunst - Wandbilder f\u00fcr das Wohnzimmer\",\"breadcrumb\":{\"@id\":\"https:\/\/svetslik.si\/de\/vasilij-kandinski-de\/white-cross-weises-kreuz\/#breadcrumb\"},\"inLanguage\":\"de\",\"potentialAction\":[{\"@type\":\"ReadAction\",\"target\":[\"https:\/\/svetslik.si\/de\/vasilij-kandinski-de\/white-cross-weises-kreuz\/\"]}]},{\"@type\":\"ImageObject\",\"inLanguage\":\"de\",\"@id\":\"https:\/\/svetslik.si\/de\/vasilij-kandinski-de\/white-cross-weises-kreuz\/#primaryimage\",\"url\":\"https:\/\/svetslik.si\/wp-content\/uploads\/2021\/08\/image_White-Cross-Weies-Kreuz_680.jpg\",\"contentUrl\":\"https:\/\/svetslik.si\/wp-content\/uploads\/2021\/08\/image_White-Cross-Weies-Kreuz_680.jpg\",\"width\":1832,\"height\":1665,\"caption\":\"Vasilij Kandinski - White Cross (Wei\u00dfes Kreuz) Gem\u00e4lde, Leinwandbilder - 100% handgemalte, Reproduktionen ber\u00fchmter Gem\u00e4lde, Gem\u00e4lde kaufen, Wandbilder Wohnzimmer, ber\u00fchmtes Gem\u00e4lde, \u00d6lgem\u00e4lde, Bilderrahmen\"},{\"@type\":\"BreadcrumbList\",\"@id\":\"https:\/\/svetslik.si\/de\/vasilij-kandinski-de\/white-cross-weises-kreuz\/#breadcrumb\",\"itemListElement\":[{\"@type\":\"ListItem\",\"position\":1,\"name\":\"Wandkunst und Gem\u00e4lde auf Leinwand\",\"item\":\"https:\/\/svetslik.si\/de\/\"},{\"@type\":\"ListItem\",\"position\":2,\"name\":\"Verkauf von Gem\u00e4lden\",\"item\":\"https:\/\/svetslik.si\/prodaja-slik\/\"},{\"@type\":\"ListItem\",\"position\":3,\"name\":\"Vasilij Kandinski &#8211; White Cross (Wei\u00dfes Kreuz)\"}]},{\"@type\":\"WebSite\",\"@id\":\"https:\/\/svetslik.si\/de\/#website\",\"url\":\"https:\/\/svetslik.si\/de\/\",\"name\":\"SVETSLIK.SI\",\"description\":\"100% handgemalte Reproduktionen von Gem\u00e4lden ber\u00fchmter Maler und Gem\u00e4lde auf Leinwand.\",\"publisher\":{\"@id\":\"https:\/\/svetslik.si\/de\/#organization\"},\"potentialAction\":[{\"@type\":\"SearchAction\",\"target\":{\"@type\":\"EntryPoint\",\"urlTemplate\":\"https:\/\/svetslik.si\/de\/?s={search_term_string}\"},\"query-input\":{\"@type\":\"PropertyValueSpecification\",\"valueRequired\":true,\"valueName\":\"search_term_string\"}}],\"inLanguage\":\"de\"},{\"@type\":\"Organization\",\"@id\":\"https:\/\/svetslik.si\/de\/#organization\",\"name\":\"SvetSlik.si\",\"url\":\"https:\/\/svetslik.si\/de\/\",\"logo\":{\"@type\":\"ImageObject\",\"inLanguage\":\"de\",\"@id\":\"https:\/\/svetslik.si\/de\/#\/schema\/logo\/image\/\",\"url\":\"https:\/\/svetslik.si\/wp-content\/uploads\/2020\/12\/logo-512.png\",\"contentUrl\":\"https:\/\/svetslik.si\/wp-content\/uploads\/2020\/12\/logo-512.png\",\"width\":512,\"height\":512,\"caption\":\"SvetSlik.si\"},\"image\":{\"@id\":\"https:\/\/svetslik.si\/de\/#\/schema\/logo\/image\/\"},\"sameAs\":[\"https:\/\/www.facebook.com\/svetslik.si\",\"https:\/\/x.com\/svetslik\",\"https:\/\/www.instagram.com\/svetslik.si\/\",\"https:\/\/www.linkedin.com\/company\/svetslik-si\"]}]}<\/script>\n<meta property=\"og:availability\" content=\"backorder\" \/>\n<meta property=\"product:availability\" content=\"available for order\" \/>\n<meta property=\"product:retailer_item_id\" content=\"296__\" \/>\n<meta property=\"product:condition\" content=\"new\" \/>\n<!-- \/ Yoast SEO Premium plugin. -->","yoast_head_json":{"title":"Vasilij Kandinski - White Cross (Wei\u00dfes Kreuz) - SVETSLIK.SI - 100% handgemalt","description":"Vasilij Kandinski - White Cross (Wei\u00dfes Kreuz) - 100% handgemalte Gem\u00e4lde - Verkauf von Reproduktionen ber\u00fchmter Gem\u00e4lde und abstrakter Kunst - Wandbilder f\u00fcr das Wohnzimmer","robots":{"index":"index","follow":"follow","max-snippet":"max-snippet:-1","max-image-preview":"max-image-preview:large","max-video-preview":"max-video-preview:-1"},"canonical":"https:\/\/svetslik.si\/de\/vasilij-kandinski-de\/white-cross-weises-kreuz\/","og_locale":"de_DE","og_type":"article","og_title":"Vasilij Kandinski - White Cross (Wei\u00dfes Kreuz)","og_description":"100% ro\u010dno naslikane slike na platnu, reprodukcije znanih slikarjev in umetni\u0161ke slike po naro\u010dilu.","og_url":"https:\/\/svetslik.si\/de\/vasilij-kandinski-de\/white-cross-weises-kreuz\/","og_site_name":"SVETSLIK.SI","article_publisher":"https:\/\/www.facebook.com\/svetslik.si","article_modified_time":"2026-03-22T19:01:12+00:00","og_image":[{"width":1832,"height":1665,"url":"https:\/\/svetslik.si\/wp-content\/uploads\/2021\/08\/image_White-Cross-Weies-Kreuz_680.jpg","type":"image\/jpeg"}],"twitter_card":"summary_large_image","twitter_site":"@svetslik","twitter_misc":{"Verf\u00fcgbarkeit":"bei Nachbestellung"},"schema":{"@context":"https:\/\/schema.org","@graph":[{"@type":["WebPage","ItemPage"],"@id":"https:\/\/svetslik.si\/de\/vasilij-kandinski-de\/white-cross-weises-kreuz\/","url":"https:\/\/svetslik.si\/de\/vasilij-kandinski-de\/white-cross-weises-kreuz\/","name":"Vasilij Kandinski - White Cross (Wei\u00dfes Kreuz) - SVETSLIK.SI - 100% handgemalt","isPartOf":{"@id":"https:\/\/svetslik.si\/de\/#website"},"primaryImageOfPage":{"@id":"https:\/\/svetslik.si\/de\/vasilij-kandinski-de\/white-cross-weises-kreuz\/#primaryimage"},"image":{"@id":"https:\/\/svetslik.si\/de\/vasilij-kandinski-de\/white-cross-weises-kreuz\/#primaryimage"},"thumbnailUrl":"https:\/\/svetslik.si\/wp-content\/uploads\/2021\/08\/image_White-Cross-Weies-Kreuz_680.jpg","datePublished":"2021-09-02T15:55:20+00:00","dateModified":"2026-03-22T19:01:12+00:00","description":"Vasilij Kandinski - White Cross (Wei\u00dfes Kreuz) - 100% handgemalte Gem\u00e4lde - Verkauf von Reproduktionen ber\u00fchmter Gem\u00e4lde und abstrakter Kunst - Wandbilder f\u00fcr das Wohnzimmer","breadcrumb":{"@id":"https:\/\/svetslik.si\/de\/vasilij-kandinski-de\/white-cross-weises-kreuz\/#breadcrumb"},"inLanguage":"de","potentialAction":[{"@type":"ReadAction","target":["https:\/\/svetslik.si\/de\/vasilij-kandinski-de\/white-cross-weises-kreuz\/"]}]},{"@type":"ImageObject","inLanguage":"de","@id":"https:\/\/svetslik.si\/de\/vasilij-kandinski-de\/white-cross-weises-kreuz\/#primaryimage","url":"https:\/\/svetslik.si\/wp-content\/uploads\/2021\/08\/image_White-Cross-Weies-Kreuz_680.jpg","contentUrl":"https:\/\/svetslik.si\/wp-content\/uploads\/2021\/08\/image_White-Cross-Weies-Kreuz_680.jpg","width":1832,"height":1665,"caption":"Vasilij Kandinski - White Cross (Wei\u00dfes Kreuz) Gem\u00e4lde, Leinwandbilder - 100% handgemalte, Reproduktionen ber\u00fchmter Gem\u00e4lde, Gem\u00e4lde kaufen, Wandbilder Wohnzimmer, ber\u00fchmtes Gem\u00e4lde, \u00d6lgem\u00e4lde, Bilderrahmen"},{"@type":"BreadcrumbList","@id":"https:\/\/svetslik.si\/de\/vasilij-kandinski-de\/white-cross-weises-kreuz\/#breadcrumb","itemListElement":[{"@type":"ListItem","position":1,"name":"Wandkunst und Gem\u00e4lde auf Leinwand","item":"https:\/\/svetslik.si\/de\/"},{"@type":"ListItem","position":2,"name":"Verkauf von Gem\u00e4lden","item":"https:\/\/svetslik.si\/prodaja-slik\/"},{"@type":"ListItem","position":3,"name":"Vasilij Kandinski &#8211; White Cross (Wei\u00dfes Kreuz)"}]},{"@type":"WebSite","@id":"https:\/\/svetslik.si\/de\/#website","url":"https:\/\/svetslik.si\/de\/","name":"SVETSLIK.SI","description":"100% handgemalte Reproduktionen von Gem\u00e4lden ber\u00fchmter Maler und Gem\u00e4lde auf Leinwand.","publisher":{"@id":"https:\/\/svetslik.si\/de\/#organization"},"potentialAction":[{"@type":"SearchAction","target":{"@type":"EntryPoint","urlTemplate":"https:\/\/svetslik.si\/de\/?s={search_term_string}"},"query-input":{"@type":"PropertyValueSpecification","valueRequired":true,"valueName":"search_term_string"}}],"inLanguage":"de"},{"@type":"Organization","@id":"https:\/\/svetslik.si\/de\/#organization","name":"SvetSlik.si","url":"https:\/\/svetslik.si\/de\/","logo":{"@type":"ImageObject","inLanguage":"de","@id":"https:\/\/svetslik.si\/de\/#\/schema\/logo\/image\/","url":"https:\/\/svetslik.si\/wp-content\/uploads\/2020\/12\/logo-512.png","contentUrl":"https:\/\/svetslik.si\/wp-content\/uploads\/2020\/12\/logo-512.png","width":512,"height":512,"caption":"SvetSlik.si"},"image":{"@id":"https:\/\/svetslik.si\/de\/#\/schema\/logo\/image\/"},"sameAs":["https:\/\/www.facebook.com\/svetslik.si","https:\/\/x.com\/svetslik","https:\/\/www.instagram.com\/svetslik.si\/","https:\/\/www.linkedin.com\/company\/svetslik-si"]}]},"og_availability":"backorder","product_availability":"available for order","product_retailer_item_id":"296__","product_condition":"new"},"jetpack_sharing_enabled":true,"_links":{"self":[{"href":"https:\/\/svetslik.si\/de\/wp-json\/wp\/v2\/product\/67781","targetHints":{"allow":["GET"]}}],"collection":[{"href":"https:\/\/svetslik.si\/de\/wp-json\/wp\/v2\/product"}],"about":[{"href":"https:\/\/svetslik.si\/de\/wp-json\/wp\/v2\/types\/product"}],"wp:featuredmedia":[{"embeddable":true,"href":"https:\/\/svetslik.si\/de\/wp-json\/wp\/v2\/media\/64357"}],"wp:attachment":[{"href":"https:\/\/svetslik.si\/de\/wp-json\/wp\/v2\/media?parent=67781"}],"wp:term":[{"taxonomy":"product_brand","embeddable":true,"href":"https:\/\/svetslik.si\/de\/wp-json\/wp\/v2\/product_brand?post=67781"},{"taxonomy":"product_cat","embeddable":true,"href":"https:\/\/svetslik.si\/de\/wp-json\/wp\/v2\/product_cat?post=67781"},{"taxonomy":"product_tag","embeddable":true,"href":"https:\/\/svetslik.si\/de\/wp-json\/wp\/v2\/product_tag?post=67781"}],"curies":[{"name":"wp","href":"https:\/\/api.w.org\/{rel}","templated":true}]}}