{"id":67790,"date":"2021-09-02T17:55:20","date_gmt":"2021-09-02T15:55:20","guid":{"rendered":"https:\/\/svetslik.si\/unkategorisiert\/in-the-black-square-im-schwarzen-viereck\/"},"modified":"2026-03-22T20:01:12","modified_gmt":"2026-03-22T19:01:12","slug":"in-the-black-square-im-schwarzen-viereck","status":"publish","type":"product","link":"https:\/\/svetslik.si\/de\/vasilij-kandinski-de\/in-the-black-square-im-schwarzen-viereck\/","title":{"rendered":"Vasilij Kandinski &#8211; In the Black Square (Im schwarzen Viereck)"},"content":{"rendered":"<h1>Wassily Kandinsky \u2013 Im schwarzen Viereck<\/h1>\n<table border=\"0\" width=\"673\" cellpadding=\"0\">\n<colgroup>\n<col style=\"width: 135pt\" width=\"180\" \/>\n<col style=\"width: 370pt\" width=\"493\" \/> <\/colgroup>\n<tbody>\n<tr style=\"height: 15.75pt\">\n<td class=\"xl24\" style=\"height: 15,75pt;width: 135pt\" width=\"180\" height=\"21\">Erstellungsjahr:<\/td>\n<td class=\"xl25\" style=\"width: 370pt\" width=\"493\">1923<\/td>\n<\/tr>\n<tr style=\"height: 15.75pt\">\n<td class=\"xl24\" style=\"height: 15,75pt;width: 135pt\" width=\"180\" height=\"21\">Originalgr\u00f6\u00dfe:<\/td>\n<td class=\"xl24\" style=\"width: 370pt\" width=\"493\">93 cm x 97,5 cm<\/td>\n<\/tr>\n<tr style=\"height: 15.75pt\">\n<td class=\"xl24\" style=\"height: 15,75pt;width: 135pt\" width=\"180\" height=\"21\">Lackstil:<\/td>\n<td class=\"xl24\" style=\"width: 370pt\" width=\"493\">Abstrakte Kunst<\/td>\n<\/tr>\n<tr style=\"height: 15.75pt\">\n<td class=\"xl24\" style=\"height: 15,75pt;width: 135pt\" width=\"180\" height=\"21\">Originaltechnik:<\/td>\n<td>\u00d6l auf Leinwand<\/td>\n<\/tr>\n<tr style=\"height: 15.75pt\">\n<td class=\"xl24\" style=\"height: 15,75pt;width: 135pt\" width=\"180\" height=\"21\">Standort:<\/td>\n<td>Guggenheim Museum New York<\/td>\n<\/tr>\n<\/tbody>\n<\/table>\n<p>Wassily Kandinskys Gem\u00e4lde \u201eAuf dem schwarzen Quadrat\u201c ist ein markantes und kraftvolles Gem\u00e4lde, das als eines seiner bedeutendsten Werke gilt. Das Gem\u00e4lde ist eine Darstellung der Auseinandersetzung des K\u00fcnstlers mit abstrakter Kunst und seines Fokus auf Form, Farbe und Bewegung.<\/p>\n<p>Das Gem\u00e4lde zeigt ein schwarzes Quadrat in der Mitte der Leinwand, umgeben von einer Reihe konzentrischer Kreise in verschiedenen Blau-, Rot- und Gelbt\u00f6nen. Die Kreise scheinen vom Quadrat auszustrahlen und erzeugen ein Gef\u00fchl von Bewegung und dynamischer Energie. Die Verwendung kontrastierender Farben und Formen verleiht dem Gem\u00e4lde Tiefe und Komplexit\u00e4t und macht das Gem\u00e4lde zu einem hypnotisierenden und anregenden Kunstwerk.<\/p>\n<p>Einer der auff\u00e4lligsten Aspekte dieses Gem\u00e4ldes ist die Art und Weise, wie Kandinsky das schwarze Quadrat als Mittelpunkt nutzt. Das Quadrat ist ein kraftvolles Symbol, das in der gesamten Kunstgeschichte verwendet wurde, und Kandinsky verwendet es in diesem Gem\u00e4lde, um ein Gef\u00fchl von Geheimnis und Intrige zu erzeugen. Der Platz ist von Kreisen umgeben, die sich scheinbar um ihn herum bewegen und so ein Gef\u00fchl von Bewegung und Dynamik erzeugen.<\/p>\n<p>Der Einsatz von Farben ist auch im Gem\u00e4lde \u201eIm schwarzen Quadrat\u201c sp\u00fcrbar. Kandinsky verwendete kr\u00e4ftige und kontrastierende Farben, die dem Gem\u00e4lde Tiefe und Dimension verleihen und ein Gef\u00fchl von Bewegung und Energie erzeugen. Die in den Kreisen verwendeten unterschiedlichen Blau-, Rot- und Gelbt\u00f6ne scheinen miteinander zu interagieren und ein Gef\u00fchl von Harmonie und Ausgeglichenheit zu erzeugen.<\/p>\n<p>Insgesamt ist \u201eIn the Black Square\u201c ein kraftvolles und anregendes Gem\u00e4lde, das Kandinskys Meisterschaft in der abstrakten Kunst unter Beweis stellt. Das Gem\u00e4lde ist ein gro\u00dfartiges Beispiel daf\u00fcr, wie ein K\u00fcnstler Form, Farbe und Bewegung nutzen kann, um ein kraftvolles und bedeutungsvolles Kunstwerk zu schaffen. Wenn Sie sich f\u00fcr Kandinskys Werk interessieren, m\u00fcssen Sie dieses Gem\u00e4lde sehen, da es als eines seiner bedeutendsten Werke gilt.<\/p>\n","protected":false},"excerpt":{"rendered":"<p>Wassily Kandinsky \u2013 Im schwarzen Viereck Erstellungsjahr: 1923 Originalgr\u00f6\u00dfe: 93 cm x 97,5 cm Lackstil: Abstrakte Kunst Originaltechnik: \u00d6l auf Leinwand Standort: Guggenheim Museum New York Wassily Kandinskys Gem\u00e4lde \u201eAuf dem schwarzen Quadrat\u201c ist ein markantes und kraftvolles Gem\u00e4lde, das als eines seiner bedeutendsten Werke gilt. Das Gem\u00e4lde ist eine [&hellip;]<\/p>\n","protected":false},"featured_media":63686,"template":"","meta":{"_acf_changed":false},"product_brand":[],"product_cat":[8467],"product_tag":[8491,8492,8521,8513,8514],"class_list":{"0":"post-67790","1":"product","2":"type-product","3":"status-publish","4":"has-post-thumbnail","6":"product_cat-vasilij-kandinski-de","7":"product_tag-kandinski-de","8":"product_tag-kandinsky-de","9":"product_tag-maler","10":"product_tag-reproduktion","11":"product_tag-reproduktionen","12":"pa_dimenzija-110-x-120-cm-de","13":"pa_dimenzija-130-x-140-cm-de","14":"pa_dimenzija-150-x-160-cm-de","15":"pa_dimenzija-50-x-50-cm-de","16":"pa_dimenzija-60-x-60-cm-de","17":"pa_dimenzija-70-x-70-cm-de","18":"pa_dimenzija-80-x-80-cm-de","19":"pa_dimenzija-93-x-98-cm-de","20":"pa_oblika-vertikal","21":"pa_okvir-ohne-rahmen","22":"pa_podokvir-ja","23":"pa_podokvir-nein","25":"first","26":"onbackorder","27":"purchasable","28":"product-type-variable","29":"has-default-attributes"},"acf":[],"yoast_head":"<!-- This site is optimized with the Yoast SEO Premium plugin v26.0 (Yoast SEO v27.2) - https:\/\/yoast.com\/product\/yoast-seo-premium-wordpress\/ -->\n<title>Vasilij Kandinski - In the Black Square (Im schwarzen Viereck) - SVETSLIK.SI - 100% handgemalt<\/title>\n<meta name=\"description\" content=\"Vasilij Kandinski - In the Black Square (Im schwarzen Viereck) - 100% handgemalte Gem\u00e4lde - Verkauf von Reproduktionen ber\u00fchmter Gem\u00e4lde und abstrakter Kunst - Wandbilder f\u00fcr das Wohnzimmer\" \/>\n<meta name=\"robots\" content=\"index, follow, max-snippet:-1, max-image-preview:large, max-video-preview:-1\" \/>\n<link rel=\"canonical\" href=\"https:\/\/svetslik.si\/de\/vasilij-kandinski-de\/in-the-black-square-im-schwarzen-viereck\/\" \/>\n<meta property=\"og:locale\" content=\"de_DE\" \/>\n<meta property=\"og:type\" content=\"article\" \/>\n<meta property=\"og:title\" content=\"Vasilij Kandinski - In the Black Square (Im schwarzen Viereck)\" \/>\n<meta property=\"og:description\" content=\"100% ro\u010dno naslikane slike na platnu, reprodukcije znanih slikarjev in umetni\u0161ke slike po naro\u010dilu.\" \/>\n<meta property=\"og:url\" content=\"https:\/\/svetslik.si\/de\/vasilij-kandinski-de\/in-the-black-square-im-schwarzen-viereck\/\" \/>\n<meta property=\"og:site_name\" content=\"SVETSLIK.SI\" \/>\n<meta property=\"article:publisher\" content=\"https:\/\/www.facebook.com\/svetslik.si\" \/>\n<meta property=\"article:modified_time\" content=\"2026-03-22T19:01:12+00:00\" \/>\n<meta property=\"og:image\" content=\"https:\/\/svetslik.si\/wp-content\/uploads\/2021\/08\/image_In-the-Black-Square-Im-schwarzen-Viereck_680.jpg\" \/>\n\t<meta property=\"og:image:width\" content=\"1200\" \/>\n\t<meta property=\"og:image:height\" content=\"1277\" \/>\n\t<meta property=\"og:image:type\" content=\"image\/jpeg\" \/>\n<meta name=\"twitter:card\" content=\"summary_large_image\" \/>\n<meta name=\"twitter:site\" content=\"@svetslik\" \/>\n<meta name=\"twitter:label1\" content=\"Verf\u00fcgbarkeit\" \/>\n\t<meta name=\"twitter:data1\" content=\"bei Nachbestellung\" \/>\n<script type=\"application\/ld+json\" class=\"yoast-schema-graph\">{\"@context\":\"https:\/\/schema.org\",\"@graph\":[{\"@type\":[\"WebPage\",\"ItemPage\"],\"@id\":\"https:\/\/svetslik.si\/de\/vasilij-kandinski-de\/in-the-black-square-im-schwarzen-viereck\/\",\"url\":\"https:\/\/svetslik.si\/de\/vasilij-kandinski-de\/in-the-black-square-im-schwarzen-viereck\/\",\"name\":\"Vasilij Kandinski - In the Black Square (Im schwarzen Viereck) - SVETSLIK.SI - 100% handgemalt\",\"isPartOf\":{\"@id\":\"https:\/\/svetslik.si\/de\/#website\"},\"primaryImageOfPage\":{\"@id\":\"https:\/\/svetslik.si\/de\/vasilij-kandinski-de\/in-the-black-square-im-schwarzen-viereck\/#primaryimage\"},\"image\":{\"@id\":\"https:\/\/svetslik.si\/de\/vasilij-kandinski-de\/in-the-black-square-im-schwarzen-viereck\/#primaryimage\"},\"thumbnailUrl\":\"https:\/\/svetslik.si\/wp-content\/uploads\/2021\/08\/image_In-the-Black-Square-Im-schwarzen-Viereck_680.jpg\",\"datePublished\":\"2021-09-02T15:55:20+00:00\",\"dateModified\":\"2026-03-22T19:01:12+00:00\",\"description\":\"Vasilij Kandinski - In the Black Square (Im schwarzen Viereck) - 100% handgemalte Gem\u00e4lde - Verkauf von Reproduktionen ber\u00fchmter Gem\u00e4lde und abstrakter Kunst - Wandbilder f\u00fcr das Wohnzimmer\",\"breadcrumb\":{\"@id\":\"https:\/\/svetslik.si\/de\/vasilij-kandinski-de\/in-the-black-square-im-schwarzen-viereck\/#breadcrumb\"},\"inLanguage\":\"de\",\"potentialAction\":[{\"@type\":\"ReadAction\",\"target\":[\"https:\/\/svetslik.si\/de\/vasilij-kandinski-de\/in-the-black-square-im-schwarzen-viereck\/\"]}]},{\"@type\":\"ImageObject\",\"inLanguage\":\"de\",\"@id\":\"https:\/\/svetslik.si\/de\/vasilij-kandinski-de\/in-the-black-square-im-schwarzen-viereck\/#primaryimage\",\"url\":\"https:\/\/svetslik.si\/wp-content\/uploads\/2021\/08\/image_In-the-Black-Square-Im-schwarzen-Viereck_680.jpg\",\"contentUrl\":\"https:\/\/svetslik.si\/wp-content\/uploads\/2021\/08\/image_In-the-Black-Square-Im-schwarzen-Viereck_680.jpg\",\"width\":1200,\"height\":1277,\"caption\":\"Vasilij Kandinski - In the Black Square (Im schwarzen Viereck) - Gem\u00e4lde, Leinwandbilder, Reproduktion - 100% handgemalte, Reproduktionen ber\u00fchmter Gem\u00e4lde, Gem\u00e4lde kaufen, Wandbilder Wohnzimmer, ber\u00fchmtes Gem\u00e4lde, \u00d6lgem\u00e4lde, Bilderrahmen\"},{\"@type\":\"BreadcrumbList\",\"@id\":\"https:\/\/svetslik.si\/de\/vasilij-kandinski-de\/in-the-black-square-im-schwarzen-viereck\/#breadcrumb\",\"itemListElement\":[{\"@type\":\"ListItem\",\"position\":1,\"name\":\"Wandkunst und Gem\u00e4lde auf Leinwand\",\"item\":\"https:\/\/svetslik.si\/de\/\"},{\"@type\":\"ListItem\",\"position\":2,\"name\":\"Verkauf von Gem\u00e4lden\",\"item\":\"https:\/\/svetslik.si\/prodaja-slik\/\"},{\"@type\":\"ListItem\",\"position\":3,\"name\":\"Vasilij Kandinski &#8211; In the Black Square (Im schwarzen Viereck)\"}]},{\"@type\":\"WebSite\",\"@id\":\"https:\/\/svetslik.si\/de\/#website\",\"url\":\"https:\/\/svetslik.si\/de\/\",\"name\":\"SVETSLIK.SI\",\"description\":\"100% handgemalte Reproduktionen von Gem\u00e4lden ber\u00fchmter Maler und Gem\u00e4lde auf Leinwand.\",\"publisher\":{\"@id\":\"https:\/\/svetslik.si\/de\/#organization\"},\"potentialAction\":[{\"@type\":\"SearchAction\",\"target\":{\"@type\":\"EntryPoint\",\"urlTemplate\":\"https:\/\/svetslik.si\/de\/?s={search_term_string}\"},\"query-input\":{\"@type\":\"PropertyValueSpecification\",\"valueRequired\":true,\"valueName\":\"search_term_string\"}}],\"inLanguage\":\"de\"},{\"@type\":\"Organization\",\"@id\":\"https:\/\/svetslik.si\/de\/#organization\",\"name\":\"SvetSlik.si\",\"url\":\"https:\/\/svetslik.si\/de\/\",\"logo\":{\"@type\":\"ImageObject\",\"inLanguage\":\"de\",\"@id\":\"https:\/\/svetslik.si\/de\/#\/schema\/logo\/image\/\",\"url\":\"https:\/\/svetslik.si\/wp-content\/uploads\/2020\/12\/logo-512.png\",\"contentUrl\":\"https:\/\/svetslik.si\/wp-content\/uploads\/2020\/12\/logo-512.png\",\"width\":512,\"height\":512,\"caption\":\"SvetSlik.si\"},\"image\":{\"@id\":\"https:\/\/svetslik.si\/de\/#\/schema\/logo\/image\/\"},\"sameAs\":[\"https:\/\/www.facebook.com\/svetslik.si\",\"https:\/\/x.com\/svetslik\",\"https:\/\/www.instagram.com\/svetslik.si\/\",\"https:\/\/www.linkedin.com\/company\/svetslik-si\"]}]}<\/script>\n<meta property=\"og:availability\" content=\"backorder\" \/>\n<meta property=\"product:availability\" content=\"available for order\" \/>\n<meta property=\"product:retailer_item_id\" content=\"297__\" \/>\n<meta property=\"product:condition\" content=\"new\" \/>\n<!-- \/ Yoast SEO Premium plugin. -->","yoast_head_json":{"title":"Vasilij Kandinski - In the Black Square (Im schwarzen Viereck) - SVETSLIK.SI - 100% handgemalt","description":"Vasilij Kandinski - In the Black Square (Im schwarzen Viereck) - 100% handgemalte Gem\u00e4lde - Verkauf von Reproduktionen ber\u00fchmter Gem\u00e4lde und abstrakter Kunst - Wandbilder f\u00fcr das Wohnzimmer","robots":{"index":"index","follow":"follow","max-snippet":"max-snippet:-1","max-image-preview":"max-image-preview:large","max-video-preview":"max-video-preview:-1"},"canonical":"https:\/\/svetslik.si\/de\/vasilij-kandinski-de\/in-the-black-square-im-schwarzen-viereck\/","og_locale":"de_DE","og_type":"article","og_title":"Vasilij Kandinski - In the Black Square (Im schwarzen Viereck)","og_description":"100% ro\u010dno naslikane slike na platnu, reprodukcije znanih slikarjev in umetni\u0161ke slike po naro\u010dilu.","og_url":"https:\/\/svetslik.si\/de\/vasilij-kandinski-de\/in-the-black-square-im-schwarzen-viereck\/","og_site_name":"SVETSLIK.SI","article_publisher":"https:\/\/www.facebook.com\/svetslik.si","article_modified_time":"2026-03-22T19:01:12+00:00","og_image":[{"width":1200,"height":1277,"url":"https:\/\/svetslik.si\/wp-content\/uploads\/2021\/08\/image_In-the-Black-Square-Im-schwarzen-Viereck_680.jpg","type":"image\/jpeg"}],"twitter_card":"summary_large_image","twitter_site":"@svetslik","twitter_misc":{"Verf\u00fcgbarkeit":"bei Nachbestellung"},"schema":{"@context":"https:\/\/schema.org","@graph":[{"@type":["WebPage","ItemPage"],"@id":"https:\/\/svetslik.si\/de\/vasilij-kandinski-de\/in-the-black-square-im-schwarzen-viereck\/","url":"https:\/\/svetslik.si\/de\/vasilij-kandinski-de\/in-the-black-square-im-schwarzen-viereck\/","name":"Vasilij Kandinski - In the Black Square (Im schwarzen Viereck) - SVETSLIK.SI - 100% handgemalt","isPartOf":{"@id":"https:\/\/svetslik.si\/de\/#website"},"primaryImageOfPage":{"@id":"https:\/\/svetslik.si\/de\/vasilij-kandinski-de\/in-the-black-square-im-schwarzen-viereck\/#primaryimage"},"image":{"@id":"https:\/\/svetslik.si\/de\/vasilij-kandinski-de\/in-the-black-square-im-schwarzen-viereck\/#primaryimage"},"thumbnailUrl":"https:\/\/svetslik.si\/wp-content\/uploads\/2021\/08\/image_In-the-Black-Square-Im-schwarzen-Viereck_680.jpg","datePublished":"2021-09-02T15:55:20+00:00","dateModified":"2026-03-22T19:01:12+00:00","description":"Vasilij Kandinski - In the Black Square (Im schwarzen Viereck) - 100% handgemalte Gem\u00e4lde - Verkauf von Reproduktionen ber\u00fchmter Gem\u00e4lde und abstrakter Kunst - Wandbilder f\u00fcr das Wohnzimmer","breadcrumb":{"@id":"https:\/\/svetslik.si\/de\/vasilij-kandinski-de\/in-the-black-square-im-schwarzen-viereck\/#breadcrumb"},"inLanguage":"de","potentialAction":[{"@type":"ReadAction","target":["https:\/\/svetslik.si\/de\/vasilij-kandinski-de\/in-the-black-square-im-schwarzen-viereck\/"]}]},{"@type":"ImageObject","inLanguage":"de","@id":"https:\/\/svetslik.si\/de\/vasilij-kandinski-de\/in-the-black-square-im-schwarzen-viereck\/#primaryimage","url":"https:\/\/svetslik.si\/wp-content\/uploads\/2021\/08\/image_In-the-Black-Square-Im-schwarzen-Viereck_680.jpg","contentUrl":"https:\/\/svetslik.si\/wp-content\/uploads\/2021\/08\/image_In-the-Black-Square-Im-schwarzen-Viereck_680.jpg","width":1200,"height":1277,"caption":"Vasilij Kandinski - In the Black Square (Im schwarzen Viereck) - Gem\u00e4lde, Leinwandbilder, Reproduktion - 100% handgemalte, Reproduktionen ber\u00fchmter Gem\u00e4lde, Gem\u00e4lde kaufen, Wandbilder Wohnzimmer, ber\u00fchmtes Gem\u00e4lde, \u00d6lgem\u00e4lde, Bilderrahmen"},{"@type":"BreadcrumbList","@id":"https:\/\/svetslik.si\/de\/vasilij-kandinski-de\/in-the-black-square-im-schwarzen-viereck\/#breadcrumb","itemListElement":[{"@type":"ListItem","position":1,"name":"Wandkunst und Gem\u00e4lde auf Leinwand","item":"https:\/\/svetslik.si\/de\/"},{"@type":"ListItem","position":2,"name":"Verkauf von Gem\u00e4lden","item":"https:\/\/svetslik.si\/prodaja-slik\/"},{"@type":"ListItem","position":3,"name":"Vasilij Kandinski &#8211; In the Black Square (Im schwarzen Viereck)"}]},{"@type":"WebSite","@id":"https:\/\/svetslik.si\/de\/#website","url":"https:\/\/svetslik.si\/de\/","name":"SVETSLIK.SI","description":"100% handgemalte Reproduktionen von Gem\u00e4lden ber\u00fchmter Maler und Gem\u00e4lde auf Leinwand.","publisher":{"@id":"https:\/\/svetslik.si\/de\/#organization"},"potentialAction":[{"@type":"SearchAction","target":{"@type":"EntryPoint","urlTemplate":"https:\/\/svetslik.si\/de\/?s={search_term_string}"},"query-input":{"@type":"PropertyValueSpecification","valueRequired":true,"valueName":"search_term_string"}}],"inLanguage":"de"},{"@type":"Organization","@id":"https:\/\/svetslik.si\/de\/#organization","name":"SvetSlik.si","url":"https:\/\/svetslik.si\/de\/","logo":{"@type":"ImageObject","inLanguage":"de","@id":"https:\/\/svetslik.si\/de\/#\/schema\/logo\/image\/","url":"https:\/\/svetslik.si\/wp-content\/uploads\/2020\/12\/logo-512.png","contentUrl":"https:\/\/svetslik.si\/wp-content\/uploads\/2020\/12\/logo-512.png","width":512,"height":512,"caption":"SvetSlik.si"},"image":{"@id":"https:\/\/svetslik.si\/de\/#\/schema\/logo\/image\/"},"sameAs":["https:\/\/www.facebook.com\/svetslik.si","https:\/\/x.com\/svetslik","https:\/\/www.instagram.com\/svetslik.si\/","https:\/\/www.linkedin.com\/company\/svetslik-si"]}]},"og_availability":"backorder","product_availability":"available for order","product_retailer_item_id":"297__","product_condition":"new"},"jetpack_sharing_enabled":true,"_links":{"self":[{"href":"https:\/\/svetslik.si\/de\/wp-json\/wp\/v2\/product\/67790","targetHints":{"allow":["GET"]}}],"collection":[{"href":"https:\/\/svetslik.si\/de\/wp-json\/wp\/v2\/product"}],"about":[{"href":"https:\/\/svetslik.si\/de\/wp-json\/wp\/v2\/types\/product"}],"wp:featuredmedia":[{"embeddable":true,"href":"https:\/\/svetslik.si\/de\/wp-json\/wp\/v2\/media\/63686"}],"wp:attachment":[{"href":"https:\/\/svetslik.si\/de\/wp-json\/wp\/v2\/media?parent=67790"}],"wp:term":[{"taxonomy":"product_brand","embeddable":true,"href":"https:\/\/svetslik.si\/de\/wp-json\/wp\/v2\/product_brand?post=67790"},{"taxonomy":"product_cat","embeddable":true,"href":"https:\/\/svetslik.si\/de\/wp-json\/wp\/v2\/product_cat?post=67790"},{"taxonomy":"product_tag","embeddable":true,"href":"https:\/\/svetslik.si\/de\/wp-json\/wp\/v2\/product_tag?post=67790"}],"curies":[{"name":"wp","href":"https:\/\/api.w.org\/{rel}","templated":true}]}}