{"id":67808,"date":"2021-09-02T17:55:32","date_gmt":"2021-09-02T15:55:32","guid":{"rendered":"https:\/\/svetslik.si\/unkategorisiert\/succession\/"},"modified":"2026-03-22T20:01:12","modified_gmt":"2026-03-22T19:01:12","slug":"succession","status":"publish","type":"product","link":"https:\/\/svetslik.si\/de\/vasilij-kandinski-de\/succession\/","title":{"rendered":"Vasilij Kandinski &#8211; Succession"},"content":{"rendered":"<h1>Wassili Kandinsky \u2013 Nachfolge<\/h1>\n<table border=\"0\" width=\"673\" cellpadding=\"0\">\n<colgroup>\n<col style=\"width: 135pt\" width=\"180\" \/>\n<col style=\"width: 370pt\" width=\"493\" \/> <\/colgroup>\n<tbody>\n<tr style=\"height: 15.75pt\">\n<td class=\"xl24\" style=\"height: 15,75pt;width: 135pt\" width=\"180\" height=\"21\">Erstellungsjahr:<\/td>\n<td class=\"xl25\" style=\"width: 370pt\" width=\"493\">1935<\/td>\n<\/tr>\n<tr style=\"height: 15.75pt\">\n<td class=\"xl24\" style=\"height: 15,75pt;width: 135pt\" width=\"180\" height=\"21\">Originalgr\u00f6\u00dfe:<\/td>\n<td class=\"xl24\" style=\"width: 370pt\" width=\"493\">100 cm x 81 cm<\/td>\n<\/tr>\n<tr style=\"height: 15.75pt\">\n<td class=\"xl24\" style=\"height: 15,75pt;width: 135pt\" width=\"180\" height=\"21\">Lackstil:<\/td>\n<td class=\"xl24\" style=\"width: 370pt\" width=\"493\">Abstrakte Kunst<\/td>\n<\/tr>\n<tr style=\"height: 15.75pt\">\n<td class=\"xl24\" style=\"height: 15,75pt;width: 135pt\" width=\"180\" height=\"21\">Originaltechnik:<\/td>\n<td>\u00d6l auf Leinwand<\/td>\n<\/tr>\n<tr style=\"height: 15.75pt\">\n<td class=\"xl24\" style=\"height: 15,75pt;width: 135pt\" width=\"180\" height=\"21\">Standort:<\/td>\n<td>Privatsammlung, USA<\/td>\n<\/tr>\n<\/tbody>\n<\/table>\n<p>Wassily Kandinsky, auch bekannt als Wassily Kandinsky, war ein Pionier der abstrakten Kunst und Gr\u00fcndungsmitglied der Blauen Reiter-Bewegung. Eines seiner ber\u00fchmtesten Werke ist das Gem\u00e4lde \u201eErbe\u201c, das seinen einzigartigen Stil und die Verwendung von Farben zeigt.<\/p>\n<p>In dem Gem\u00e4lde \u201eDas Erbe\u201c verwendet Kandinsky kr\u00e4ftige, kontrastierende Farben, um ein Gef\u00fchl von Bewegung und Energie zu erzeugen. Die Arbeit besteht aus einer Reihe \u00fcberlappender Kreise, jeder mit seiner eigenen einzigartigen Farbe und Textur. Die Kreise scheinen in Bewegung zu sein, als w\u00fcrden sie \u00fcber die Leinwand wirbeln. Besonders auff\u00e4llig ist der Einsatz von Farben in der Arbeit \u201eInheritance\u201c, die mit leuchtenden Blau-, Gelb- und Rott\u00f6nen kontrastiert.<\/p>\n<p>Kandinsky glaubte, dass Farbe ein kraftvolles Werkzeug zum Ausdruck von Emotionen und Ideen sei, wie im Gem\u00e4lde \u201eDas Erbe\u201c zu sehen ist. Die leuchtenden Farben und die dynamische Komposition des Werks erzeugen ein Gef\u00fchl von Bewegung und Energie und rufen Gef\u00fchle der Aufregung und Bewegung hervor. Dieses Bewegungsgef\u00fchl wird auch durch die Verwendung von Kreisen unterst\u00fctzt, die \u00fcber die Leinwand zu wirbeln und zu tanzen scheinen.<\/p>\n<p>Eines der Hauptmerkmale der Arbeit \u201eInheritance\u201c ist das Fehlen pr\u00e4sentativer Elemente. Auf dem Gem\u00e4lde sind keine Objekte oder Figuren erkennbar, und die Komposition basiert auf der Verwendung von Formen und Farben, die ein Gef\u00fchl von Bewegung und Energie erzeugen. Dies steht im Einklang mit Kandinskys \u00dcberzeugung, dass Kunst Emotionen und Ideen ausdr\u00fccken und nicht nur die physische Welt darstellen sollte.<\/p>\n<p>\u201eInheritance\u201c ist ein hervorragendes Beispiel f\u00fcr Kandinskys einzigartigen Stil und die Verwendung von Farben. Es zeigt seine F\u00e4higkeit, abstrakte Formen und lebendige Farbt\u00f6ne zu verwenden, um Emotionen hervorzurufen und Ideen zu vermitteln. Das Gem\u00e4lde ist ein Muss f\u00fcr jeden, der sich f\u00fcr die Entwicklung der abstrakten Kunst und das Werk von Wassily Kandinsky interessiert.<\/p>\n","protected":false},"excerpt":{"rendered":"<p>Wassili Kandinsky \u2013 Nachfolge Erstellungsjahr: 1935 Originalgr\u00f6\u00dfe: 100 cm x 81 cm Lackstil: Abstrakte Kunst Originaltechnik: \u00d6l auf Leinwand Standort: Privatsammlung, USA Wassily Kandinsky, auch bekannt als Wassily Kandinsky, war ein Pionier der abstrakten Kunst und Gr\u00fcndungsmitglied der Blauen Reiter-Bewegung. Eines seiner ber\u00fchmtesten Werke ist das Gem\u00e4lde \u201eErbe\u201c, das seinen [&hellip;]<\/p>\n","protected":false},"featured_media":64107,"template":"","meta":{"_acf_changed":false},"product_brand":[],"product_cat":[8467],"product_tag":[8491,8492,8521,8513,8514],"class_list":{"0":"post-67808","1":"product","2":"type-product","3":"status-publish","4":"has-post-thumbnail","6":"product_cat-vasilij-kandinski-de","7":"product_tag-kandinski-de","8":"product_tag-kandinsky-de","9":"product_tag-maler","10":"product_tag-reproduktion","11":"product_tag-reproduktionen","12":"pa_dimenzija-100-x-81-cm","13":"pa_dimenzija-110-x-90-cm","14":"pa_dimenzija-130-x-110-cm","15":"pa_dimenzija-150-x-120-cm","16":"pa_dimenzija-50-x-40-cm","17":"pa_dimenzija-60-x-50-cm","18":"pa_dimenzija-70-x-60-cm","19":"pa_dimenzija-90-x-70-cm","20":"pa_oblika-horizontal-de","21":"pa_okvir-ohne-rahmen","22":"pa_podokvir-ja","23":"pa_podokvir-nein","25":"first","26":"onbackorder","27":"purchasable","28":"product-type-variable","29":"has-default-attributes"},"acf":[],"yoast_head":"<!-- This site is optimized with the Yoast SEO Premium plugin v26.0 (Yoast SEO v27.2) - https:\/\/yoast.com\/product\/yoast-seo-premium-wordpress\/ -->\n<title>Vasilij Kandinski - Succession - SVETSLIK.SI - 100% handgemalt<\/title>\n<meta name=\"description\" content=\"Vasilij Kandinski - Succession - 100% handgemalte Gem\u00e4lde - Verkauf von Reproduktionen ber\u00fchmter Gem\u00e4lde und abstrakter Kunst - Wandbilder f\u00fcr das Wohnzimmer\" \/>\n<meta name=\"robots\" content=\"index, follow, max-snippet:-1, max-image-preview:large, max-video-preview:-1\" \/>\n<link rel=\"canonical\" href=\"https:\/\/svetslik.si\/de\/vasilij-kandinski-de\/succession\/\" \/>\n<meta property=\"og:locale\" content=\"de_DE\" \/>\n<meta property=\"og:type\" content=\"article\" \/>\n<meta property=\"og:title\" content=\"Vasilij Kandinski - Succession\" \/>\n<meta property=\"og:description\" content=\"100% ro\u010dno naslikane slike na platnu, reprodukcije znanih slikarjev in umetni\u0161ke slike po naro\u010dilu.\" \/>\n<meta property=\"og:url\" content=\"https:\/\/svetslik.si\/de\/vasilij-kandinski-de\/succession\/\" \/>\n<meta property=\"og:site_name\" content=\"SVETSLIK.SI\" \/>\n<meta property=\"article:publisher\" content=\"https:\/\/www.facebook.com\/svetslik.si\" \/>\n<meta property=\"article:modified_time\" content=\"2026-03-22T19:01:12+00:00\" \/>\n<meta property=\"og:image\" content=\"https:\/\/svetslik.si\/wp-content\/uploads\/2021\/08\/image_Succession_680.jpg\" \/>\n\t<meta property=\"og:image:width\" content=\"1200\" \/>\n\t<meta property=\"og:image:height\" content=\"967\" \/>\n\t<meta property=\"og:image:type\" content=\"image\/jpeg\" \/>\n<meta name=\"twitter:card\" content=\"summary_large_image\" \/>\n<meta name=\"twitter:site\" content=\"@svetslik\" \/>\n<meta name=\"twitter:label1\" content=\"Verf\u00fcgbarkeit\" \/>\n\t<meta name=\"twitter:data1\" content=\"bei Nachbestellung\" \/>\n<script type=\"application\/ld+json\" class=\"yoast-schema-graph\">{\"@context\":\"https:\/\/schema.org\",\"@graph\":[{\"@type\":[\"WebPage\",\"ItemPage\"],\"@id\":\"https:\/\/svetslik.si\/de\/vasilij-kandinski-de\/succession\/\",\"url\":\"https:\/\/svetslik.si\/de\/vasilij-kandinski-de\/succession\/\",\"name\":\"Vasilij Kandinski - Succession - SVETSLIK.SI - 100% handgemalt\",\"isPartOf\":{\"@id\":\"https:\/\/svetslik.si\/de\/#website\"},\"primaryImageOfPage\":{\"@id\":\"https:\/\/svetslik.si\/de\/vasilij-kandinski-de\/succession\/#primaryimage\"},\"image\":{\"@id\":\"https:\/\/svetslik.si\/de\/vasilij-kandinski-de\/succession\/#primaryimage\"},\"thumbnailUrl\":\"https:\/\/svetslik.si\/wp-content\/uploads\/2021\/08\/image_Succession_680.jpg\",\"datePublished\":\"2021-09-02T15:55:32+00:00\",\"dateModified\":\"2026-03-22T19:01:12+00:00\",\"description\":\"Vasilij Kandinski - Succession - 100% handgemalte Gem\u00e4lde - Verkauf von Reproduktionen ber\u00fchmter Gem\u00e4lde und abstrakter Kunst - Wandbilder f\u00fcr das Wohnzimmer\",\"breadcrumb\":{\"@id\":\"https:\/\/svetslik.si\/de\/vasilij-kandinski-de\/succession\/#breadcrumb\"},\"inLanguage\":\"de\",\"potentialAction\":[{\"@type\":\"ReadAction\",\"target\":[\"https:\/\/svetslik.si\/de\/vasilij-kandinski-de\/succession\/\"]}]},{\"@type\":\"ImageObject\",\"inLanguage\":\"de\",\"@id\":\"https:\/\/svetslik.si\/de\/vasilij-kandinski-de\/succession\/#primaryimage\",\"url\":\"https:\/\/svetslik.si\/wp-content\/uploads\/2021\/08\/image_Succession_680.jpg\",\"contentUrl\":\"https:\/\/svetslik.si\/wp-content\/uploads\/2021\/08\/image_Succession_680.jpg\",\"width\":1200,\"height\":967,\"caption\":\"Vasilij Kandinski - Succession (Nachfolge) Gem\u00e4lde, Leinwandbilder - 100% handgemalte, Reproduktionen ber\u00fchmter Gem\u00e4lde, Gem\u00e4lde kaufen, Wandbilder Wohnzimmer, ber\u00fchmtes Gem\u00e4lde, \u00d6lgem\u00e4lde, Bilderrahmen\"},{\"@type\":\"BreadcrumbList\",\"@id\":\"https:\/\/svetslik.si\/de\/vasilij-kandinski-de\/succession\/#breadcrumb\",\"itemListElement\":[{\"@type\":\"ListItem\",\"position\":1,\"name\":\"Wandkunst und Gem\u00e4lde auf Leinwand\",\"item\":\"https:\/\/svetslik.si\/de\/\"},{\"@type\":\"ListItem\",\"position\":2,\"name\":\"Verkauf von Gem\u00e4lden\",\"item\":\"https:\/\/svetslik.si\/prodaja-slik\/\"},{\"@type\":\"ListItem\",\"position\":3,\"name\":\"Vasilij Kandinski &#8211; Succession\"}]},{\"@type\":\"WebSite\",\"@id\":\"https:\/\/svetslik.si\/de\/#website\",\"url\":\"https:\/\/svetslik.si\/de\/\",\"name\":\"SVETSLIK.SI\",\"description\":\"100% handgemalte Reproduktionen von Gem\u00e4lden ber\u00fchmter Maler und Gem\u00e4lde auf Leinwand.\",\"publisher\":{\"@id\":\"https:\/\/svetslik.si\/de\/#organization\"},\"potentialAction\":[{\"@type\":\"SearchAction\",\"target\":{\"@type\":\"EntryPoint\",\"urlTemplate\":\"https:\/\/svetslik.si\/de\/?s={search_term_string}\"},\"query-input\":{\"@type\":\"PropertyValueSpecification\",\"valueRequired\":true,\"valueName\":\"search_term_string\"}}],\"inLanguage\":\"de\"},{\"@type\":\"Organization\",\"@id\":\"https:\/\/svetslik.si\/de\/#organization\",\"name\":\"SvetSlik.si\",\"url\":\"https:\/\/svetslik.si\/de\/\",\"logo\":{\"@type\":\"ImageObject\",\"inLanguage\":\"de\",\"@id\":\"https:\/\/svetslik.si\/de\/#\/schema\/logo\/image\/\",\"url\":\"https:\/\/svetslik.si\/wp-content\/uploads\/2020\/12\/logo-512.png\",\"contentUrl\":\"https:\/\/svetslik.si\/wp-content\/uploads\/2020\/12\/logo-512.png\",\"width\":512,\"height\":512,\"caption\":\"SvetSlik.si\"},\"image\":{\"@id\":\"https:\/\/svetslik.si\/de\/#\/schema\/logo\/image\/\"},\"sameAs\":[\"https:\/\/www.facebook.com\/svetslik.si\",\"https:\/\/x.com\/svetslik\",\"https:\/\/www.instagram.com\/svetslik.si\/\",\"https:\/\/www.linkedin.com\/company\/svetslik-si\"]}]}<\/script>\n<meta property=\"og:availability\" content=\"backorder\" \/>\n<meta property=\"product:availability\" content=\"available for order\" \/>\n<meta property=\"product:retailer_item_id\" content=\"299__\" \/>\n<meta property=\"product:condition\" content=\"new\" \/>\n<!-- \/ Yoast SEO Premium plugin. -->","yoast_head_json":{"title":"Vasilij Kandinski - Succession - SVETSLIK.SI - 100% handgemalt","description":"Vasilij Kandinski - Succession - 100% handgemalte Gem\u00e4lde - Verkauf von Reproduktionen ber\u00fchmter Gem\u00e4lde und abstrakter Kunst - Wandbilder f\u00fcr das Wohnzimmer","robots":{"index":"index","follow":"follow","max-snippet":"max-snippet:-1","max-image-preview":"max-image-preview:large","max-video-preview":"max-video-preview:-1"},"canonical":"https:\/\/svetslik.si\/de\/vasilij-kandinski-de\/succession\/","og_locale":"de_DE","og_type":"article","og_title":"Vasilij Kandinski - Succession","og_description":"100% ro\u010dno naslikane slike na platnu, reprodukcije znanih slikarjev in umetni\u0161ke slike po naro\u010dilu.","og_url":"https:\/\/svetslik.si\/de\/vasilij-kandinski-de\/succession\/","og_site_name":"SVETSLIK.SI","article_publisher":"https:\/\/www.facebook.com\/svetslik.si","article_modified_time":"2026-03-22T19:01:12+00:00","og_image":[{"width":1200,"height":967,"url":"https:\/\/svetslik.si\/wp-content\/uploads\/2021\/08\/image_Succession_680.jpg","type":"image\/jpeg"}],"twitter_card":"summary_large_image","twitter_site":"@svetslik","twitter_misc":{"Verf\u00fcgbarkeit":"bei Nachbestellung"},"schema":{"@context":"https:\/\/schema.org","@graph":[{"@type":["WebPage","ItemPage"],"@id":"https:\/\/svetslik.si\/de\/vasilij-kandinski-de\/succession\/","url":"https:\/\/svetslik.si\/de\/vasilij-kandinski-de\/succession\/","name":"Vasilij Kandinski - Succession - SVETSLIK.SI - 100% handgemalt","isPartOf":{"@id":"https:\/\/svetslik.si\/de\/#website"},"primaryImageOfPage":{"@id":"https:\/\/svetslik.si\/de\/vasilij-kandinski-de\/succession\/#primaryimage"},"image":{"@id":"https:\/\/svetslik.si\/de\/vasilij-kandinski-de\/succession\/#primaryimage"},"thumbnailUrl":"https:\/\/svetslik.si\/wp-content\/uploads\/2021\/08\/image_Succession_680.jpg","datePublished":"2021-09-02T15:55:32+00:00","dateModified":"2026-03-22T19:01:12+00:00","description":"Vasilij Kandinski - Succession - 100% handgemalte Gem\u00e4lde - Verkauf von Reproduktionen ber\u00fchmter Gem\u00e4lde und abstrakter Kunst - Wandbilder f\u00fcr das Wohnzimmer","breadcrumb":{"@id":"https:\/\/svetslik.si\/de\/vasilij-kandinski-de\/succession\/#breadcrumb"},"inLanguage":"de","potentialAction":[{"@type":"ReadAction","target":["https:\/\/svetslik.si\/de\/vasilij-kandinski-de\/succession\/"]}]},{"@type":"ImageObject","inLanguage":"de","@id":"https:\/\/svetslik.si\/de\/vasilij-kandinski-de\/succession\/#primaryimage","url":"https:\/\/svetslik.si\/wp-content\/uploads\/2021\/08\/image_Succession_680.jpg","contentUrl":"https:\/\/svetslik.si\/wp-content\/uploads\/2021\/08\/image_Succession_680.jpg","width":1200,"height":967,"caption":"Vasilij Kandinski - Succession (Nachfolge) Gem\u00e4lde, Leinwandbilder - 100% handgemalte, Reproduktionen ber\u00fchmter Gem\u00e4lde, Gem\u00e4lde kaufen, Wandbilder Wohnzimmer, ber\u00fchmtes Gem\u00e4lde, \u00d6lgem\u00e4lde, Bilderrahmen"},{"@type":"BreadcrumbList","@id":"https:\/\/svetslik.si\/de\/vasilij-kandinski-de\/succession\/#breadcrumb","itemListElement":[{"@type":"ListItem","position":1,"name":"Wandkunst und Gem\u00e4lde auf Leinwand","item":"https:\/\/svetslik.si\/de\/"},{"@type":"ListItem","position":2,"name":"Verkauf von Gem\u00e4lden","item":"https:\/\/svetslik.si\/prodaja-slik\/"},{"@type":"ListItem","position":3,"name":"Vasilij Kandinski &#8211; Succession"}]},{"@type":"WebSite","@id":"https:\/\/svetslik.si\/de\/#website","url":"https:\/\/svetslik.si\/de\/","name":"SVETSLIK.SI","description":"100% handgemalte Reproduktionen von Gem\u00e4lden ber\u00fchmter Maler und Gem\u00e4lde auf Leinwand.","publisher":{"@id":"https:\/\/svetslik.si\/de\/#organization"},"potentialAction":[{"@type":"SearchAction","target":{"@type":"EntryPoint","urlTemplate":"https:\/\/svetslik.si\/de\/?s={search_term_string}"},"query-input":{"@type":"PropertyValueSpecification","valueRequired":true,"valueName":"search_term_string"}}],"inLanguage":"de"},{"@type":"Organization","@id":"https:\/\/svetslik.si\/de\/#organization","name":"SvetSlik.si","url":"https:\/\/svetslik.si\/de\/","logo":{"@type":"ImageObject","inLanguage":"de","@id":"https:\/\/svetslik.si\/de\/#\/schema\/logo\/image\/","url":"https:\/\/svetslik.si\/wp-content\/uploads\/2020\/12\/logo-512.png","contentUrl":"https:\/\/svetslik.si\/wp-content\/uploads\/2020\/12\/logo-512.png","width":512,"height":512,"caption":"SvetSlik.si"},"image":{"@id":"https:\/\/svetslik.si\/de\/#\/schema\/logo\/image\/"},"sameAs":["https:\/\/www.facebook.com\/svetslik.si","https:\/\/x.com\/svetslik","https:\/\/www.instagram.com\/svetslik.si\/","https:\/\/www.linkedin.com\/company\/svetslik-si"]}]},"og_availability":"backorder","product_availability":"available for order","product_retailer_item_id":"299__","product_condition":"new"},"jetpack_sharing_enabled":true,"_links":{"self":[{"href":"https:\/\/svetslik.si\/de\/wp-json\/wp\/v2\/product\/67808","targetHints":{"allow":["GET"]}}],"collection":[{"href":"https:\/\/svetslik.si\/de\/wp-json\/wp\/v2\/product"}],"about":[{"href":"https:\/\/svetslik.si\/de\/wp-json\/wp\/v2\/types\/product"}],"wp:featuredmedia":[{"embeddable":true,"href":"https:\/\/svetslik.si\/de\/wp-json\/wp\/v2\/media\/64107"}],"wp:attachment":[{"href":"https:\/\/svetslik.si\/de\/wp-json\/wp\/v2\/media?parent=67808"}],"wp:term":[{"taxonomy":"product_brand","embeddable":true,"href":"https:\/\/svetslik.si\/de\/wp-json\/wp\/v2\/product_brand?post=67808"},{"taxonomy":"product_cat","embeddable":true,"href":"https:\/\/svetslik.si\/de\/wp-json\/wp\/v2\/product_cat?post=67808"},{"taxonomy":"product_tag","embeddable":true,"href":"https:\/\/svetslik.si\/de\/wp-json\/wp\/v2\/product_tag?post=67808"}],"curies":[{"name":"wp","href":"https:\/\/api.w.org\/{rel}","templated":true}]}}