{"id":67853,"date":"2021-09-02T17:56:07","date_gmt":"2021-09-02T15:56:07","guid":{"rendered":"https:\/\/svetslik.si\/unkategorisiert\/various-parts-parties-diverses\/"},"modified":"2026-03-22T20:02:38","modified_gmt":"2026-03-22T19:02:38","slug":"various-parts-parties-diverses","status":"publish","type":"product","link":"https:\/\/svetslik.si\/de\/vasilij-kandinski-de\/various-parts-parties-diverses\/","title":{"rendered":"Vasilij Kandinski &#8211; Various Parts (Parties diverses)"},"content":{"rendered":"<h1>Wassili Kandinsky \u2013 Verschiedene Teile (Parties diverses)<\/h1>\n<table border=\"0\" width=\"673\" cellpadding=\"0\">\n<colgroup>\n<col style=\"width: 135pt\" width=\"180\" \/>\n<col style=\"width: 370pt\" width=\"493\" \/> <\/colgroup>\n<tbody>\n<tr style=\"height: 15,75pt\">\n<td class=\"xl24\" style=\"height: 15.75pt;width: 135pt\" width=\"180\" height=\"21\">Erstellungsjahr:<\/td>\n<td class=\"xl25\" style=\"width: 370pt\" width=\"493\">1940<\/td>\n<\/tr>\n<tr style=\"height: 15,75pt\">\n<td class=\"xl24\" style=\"height: 15,75pt;width: 135pt\" width=\"180\" height=\"21\">Originalgr\u00f6\u00dfe:<\/td>\n<td class=\"xl24\" style=\"width: 370pt\" width=\"493\">116 cm x 89 cm<\/td>\n<\/tr>\n<tr style=\"height: 15,75pt\">\n<td class=\"xl24\" style=\"height: 15.75pt;width: 135pt\" width=\"180\" height=\"21\">Farbstil:<\/td>\n<td class=\"xl24\" style=\"width: 370pt\" width=\"493\">Abstrakte Kunst<\/td>\n<\/tr>\n<tr style=\"height: 15,75pt\">\n<td class=\"xl24\" style=\"height: 15,75pt;width: 135pt\" width=\"180\" height=\"21\">Originaltechnik:<\/td>\n<td>\u00d6l auf Leinwand<\/td>\n<\/tr>\n<tr style=\"height: 15,75pt\">\n<td class=\"xl24\" style=\"height: 15.75pt;width: 135pt\" width=\"180\" height=\"21\">Standort:<\/td>\n<td>St\u00e4dtische Galerie im Lenbachhaus, M\u00fcnchen.<\/td>\n<\/tr>\n<\/tbody>\n<\/table>\n<p>Wassily Kandinsky, auch bekannt als Wassily Kandinsky, war ein russischer Maler und Kunsttheoretiker, der als einer der Pioniere der abstrakten Kunst gilt. Sein Gem\u00e4lde \u201eParties diverses\u201c ist ein hervorragendes Beispiel seines abstrakten Stils, der den Einsatz von Farbe, Form und Gestalt zum Ausdruck von Emotionen und Bewegung betonte.<\/p>\n<p>Das Gem\u00e4lde \u201eDiverses Diverses\u201c ist dynamisch und \u00fcberraschend, reich an Farben und Bewegung. Das Gem\u00e4lde besteht aus verschiedenen geometrischen Formen, darunter Kreise, Quadrate und Rechtecke, die scheinbar zuf\u00e4llig, aber harmonisch angeordnet sind. Die Formen werden in einer kr\u00e4ftigen und lebendigen Farbpalette dargestellt, wobei Rot-, Blau-, Gelb- und Gr\u00fcnt\u00f6ne auf einem schwarzen Hintergrund hervorstechen.<\/p>\n<p>Kandinsky glaubte, dass Farben und Formen Emotionen hervorrufen und in einem Gem\u00e4lde ein Gef\u00fchl von Bewegung erzeugen k\u00f6nnen. Im Gem\u00e4lde \u201eDifferent Parts\u201c erzeugen kr\u00e4ftige und kontrastierende Farben und eine dynamische Komposition ein Gef\u00fchl von Bewegung und Energie, das den Betrachter in seinen Bann zieht.<\/p>\n<p>Das Gem\u00e4lde ist auch ein hervorragendes Beispiel f\u00fcr Kandinskys Glauben an die Kraft der Abstraktion. Er glaubte, dass die Abstraktion eine direktere und emotionalere Verbindung zwischen dem Kunstwerk und dem Betrachter erm\u00f6glicht, da abstrakte Formen und Farben nicht an bestimmte Objekte oder Darstellungen gebunden sind.<\/p>\n<p>Das Gem\u00e4lde \u201eVerschiedene Teile\u201c ist ein kraftvolles und eindrucksvolles Gem\u00e4lde, das Kandinskys meisterhaften Umgang mit Farbe, Form und Abstraktion zeigt. Dieses Gem\u00e4lde ist ein Muss f\u00fcr jeden, der sich f\u00fcr die Geschichte der abstrakten Kunst und das Werk von Wassily Kandinsky interessiert. Das Gem\u00e4lde befindet sich derzeit in der Sammlung des Centre Georges Pompidou in Paris, Frankreich.<\/p>\n<p>Erg\u00e4nzend sei darauf hingewiesen, dass Kandinsky einer der ersten K\u00fcnstler war, der den Begriff \u201eabstrakt\u201c f\u00fcr seine Werke verwendete, ihn aber schlie\u00dflich auf die gesamte nichtgegenst\u00e4ndliche Kunst verwendete. In seinem Werk ging es jedoch nicht nur um Abstraktion, sondern auch darum, wie Kunst ein Gef\u00fchl von Bewegung und Emotionen erzeugen kann. Er glaubte, dass der Betrachter sich auf einer tieferen Ebene mit dem Gem\u00e4lde verbinden sollte, und diese Idee spiegelt sich in der Arbeit \u201eDifferent Parts\u201c wider.<\/p>\n","protected":false},"excerpt":{"rendered":"<p>Wassili Kandinsky \u2013 Verschiedene Teile (Parties diverses) Erstellungsjahr: 1940 Originalgr\u00f6\u00dfe: 116 cm x 89 cm Farbstil: Abstrakte Kunst Originaltechnik: \u00d6l auf Leinwand Standort: St\u00e4dtische Galerie im Lenbachhaus, M\u00fcnchen. Wassily Kandinsky, auch bekannt als Wassily Kandinsky, war ein russischer Maler und Kunsttheoretiker, der als einer der Pioniere der abstrakten Kunst gilt. [&hellip;]<\/p>\n","protected":false},"featured_media":64303,"template":"","meta":{"_acf_changed":false},"product_brand":[],"product_cat":[8467],"product_tag":[8491,8492,8521,8513,8514],"class_list":{"0":"post-67853","1":"product","2":"type-product","3":"status-publish","4":"has-post-thumbnail","6":"product_cat-vasilij-kandinski-de","7":"product_tag-kandinski-de","8":"product_tag-kandinsky-de","9":"product_tag-maler","10":"product_tag-reproduktion","11":"product_tag-reproduktionen","12":"pa_dimenzija-100-x-80-cm-de","13":"pa_dimenzija-116-x-89-cm-de","14":"pa_dimenzija-130-x-100-cm-de","15":"pa_dimenzija-150-x-120-cm-de","16":"pa_dimenzija-50-x-40-cm-de","17":"pa_dimenzija-70-x-50-cm-de","18":"pa_dimenzija-80-x-60-cm-de","19":"pa_dimenzija-90-x-70-cm-de","20":"pa_oblika-horizontal-de","21":"pa_okvir-ohne-rahmen","22":"pa_podokvir-ja","23":"pa_podokvir-nein","25":"first","26":"onbackorder","27":"purchasable","28":"product-type-variable","29":"has-default-attributes"},"acf":[],"yoast_head":"<!-- This site is optimized with the Yoast SEO Premium plugin v26.0 (Yoast SEO v27.2) - https:\/\/yoast.com\/product\/yoast-seo-premium-wordpress\/ -->\n<title>Vasilij Kandinski - Various Parts (Parties diverses) - SVETSLIK.SI - 100% handgemalt<\/title>\n<meta name=\"description\" content=\"Vasilij Kandinski - Various Parts (Parties diverses) - 100% handgemalte Gem\u00e4lde - Verkauf von Reproduktionen ber\u00fchmter Gem\u00e4lde und abstrakter Kunst - Wandbilder f\u00fcr das Wohnzimmer\" \/>\n<meta name=\"robots\" content=\"index, follow, max-snippet:-1, max-image-preview:large, max-video-preview:-1\" \/>\n<link rel=\"canonical\" href=\"https:\/\/svetslik.si\/de\/vasilij-kandinski-de\/various-parts-parties-diverses\/\" \/>\n<meta property=\"og:locale\" content=\"de_DE\" \/>\n<meta property=\"og:type\" content=\"article\" \/>\n<meta property=\"og:title\" content=\"Vasilij Kandinski - Various Parts (Parties diverses)\" \/>\n<meta property=\"og:description\" content=\"100% ro\u010dno naslikane slike na platnu, reprodukcije znanih slikarjev in umetni\u0161ke slike po naro\u010dilu.\" \/>\n<meta property=\"og:url\" content=\"https:\/\/svetslik.si\/de\/vasilij-kandinski-de\/various-parts-parties-diverses\/\" \/>\n<meta property=\"og:site_name\" content=\"SVETSLIK.SI\" \/>\n<meta property=\"article:publisher\" content=\"https:\/\/www.facebook.com\/svetslik.si\" \/>\n<meta property=\"article:modified_time\" content=\"2026-03-22T19:02:38+00:00\" \/>\n<meta property=\"og:image\" content=\"https:\/\/svetslik.si\/wp-content\/uploads\/2021\/08\/image_Various-Parts-Parties-diverses_680.jpg\" \/>\n\t<meta property=\"og:image:width\" content=\"1797\" \/>\n\t<meta property=\"og:image:height\" content=\"1359\" \/>\n\t<meta property=\"og:image:type\" content=\"image\/jpeg\" \/>\n<meta name=\"twitter:card\" content=\"summary_large_image\" \/>\n<meta name=\"twitter:site\" content=\"@svetslik\" \/>\n<meta name=\"twitter:label1\" content=\"Verf\u00fcgbarkeit\" \/>\n\t<meta name=\"twitter:data1\" content=\"bei Nachbestellung\" \/>\n<script type=\"application\/ld+json\" class=\"yoast-schema-graph\">{\"@context\":\"https:\/\/schema.org\",\"@graph\":[{\"@type\":[\"WebPage\",\"ItemPage\"],\"@id\":\"https:\/\/svetslik.si\/de\/vasilij-kandinski-de\/various-parts-parties-diverses\/\",\"url\":\"https:\/\/svetslik.si\/de\/vasilij-kandinski-de\/various-parts-parties-diverses\/\",\"name\":\"Vasilij Kandinski - Various Parts (Parties diverses) - SVETSLIK.SI - 100% handgemalt\",\"isPartOf\":{\"@id\":\"https:\/\/svetslik.si\/de\/#website\"},\"primaryImageOfPage\":{\"@id\":\"https:\/\/svetslik.si\/de\/vasilij-kandinski-de\/various-parts-parties-diverses\/#primaryimage\"},\"image\":{\"@id\":\"https:\/\/svetslik.si\/de\/vasilij-kandinski-de\/various-parts-parties-diverses\/#primaryimage\"},\"thumbnailUrl\":\"https:\/\/svetslik.si\/wp-content\/uploads\/2021\/08\/image_Various-Parts-Parties-diverses_680.jpg\",\"datePublished\":\"2021-09-02T15:56:07+00:00\",\"dateModified\":\"2026-03-22T19:02:38+00:00\",\"description\":\"Vasilij Kandinski - Various Parts (Parties diverses) - 100% handgemalte Gem\u00e4lde - Verkauf von Reproduktionen ber\u00fchmter Gem\u00e4lde und abstrakter Kunst - Wandbilder f\u00fcr das Wohnzimmer\",\"breadcrumb\":{\"@id\":\"https:\/\/svetslik.si\/de\/vasilij-kandinski-de\/various-parts-parties-diverses\/#breadcrumb\"},\"inLanguage\":\"de\",\"potentialAction\":[{\"@type\":\"ReadAction\",\"target\":[\"https:\/\/svetslik.si\/de\/vasilij-kandinski-de\/various-parts-parties-diverses\/\"]}]},{\"@type\":\"ImageObject\",\"inLanguage\":\"de\",\"@id\":\"https:\/\/svetslik.si\/de\/vasilij-kandinski-de\/various-parts-parties-diverses\/#primaryimage\",\"url\":\"https:\/\/svetslik.si\/wp-content\/uploads\/2021\/08\/image_Various-Parts-Parties-diverses_680.jpg\",\"contentUrl\":\"https:\/\/svetslik.si\/wp-content\/uploads\/2021\/08\/image_Various-Parts-Parties-diverses_680.jpg\",\"width\":1797,\"height\":1359,\"caption\":\"Various Parts Parties - diverses (Verschiedene Teile Parteien - diverses) Gem\u00e4lde, Leinwandbilder - 100% handgemalte, Reproduktionen ber\u00fchmter Gem\u00e4lde, Gem\u00e4lde kaufen, Wandbilder Wohnzimmer, ber\u00fchmtes Gem\u00e4lde, \u00d6lgem\u00e4lde, Bilderrahmen\"},{\"@type\":\"BreadcrumbList\",\"@id\":\"https:\/\/svetslik.si\/de\/vasilij-kandinski-de\/various-parts-parties-diverses\/#breadcrumb\",\"itemListElement\":[{\"@type\":\"ListItem\",\"position\":1,\"name\":\"Wandkunst und Gem\u00e4lde auf Leinwand\",\"item\":\"https:\/\/svetslik.si\/de\/\"},{\"@type\":\"ListItem\",\"position\":2,\"name\":\"Verkauf von Gem\u00e4lden\",\"item\":\"https:\/\/svetslik.si\/prodaja-slik\/\"},{\"@type\":\"ListItem\",\"position\":3,\"name\":\"Vasilij Kandinski &#8211; Various Parts (Parties diverses)\"}]},{\"@type\":\"WebSite\",\"@id\":\"https:\/\/svetslik.si\/de\/#website\",\"url\":\"https:\/\/svetslik.si\/de\/\",\"name\":\"SVETSLIK.SI\",\"description\":\"100% handgemalte Reproduktionen von Gem\u00e4lden ber\u00fchmter Maler und Gem\u00e4lde auf Leinwand.\",\"publisher\":{\"@id\":\"https:\/\/svetslik.si\/de\/#organization\"},\"potentialAction\":[{\"@type\":\"SearchAction\",\"target\":{\"@type\":\"EntryPoint\",\"urlTemplate\":\"https:\/\/svetslik.si\/de\/?s={search_term_string}\"},\"query-input\":{\"@type\":\"PropertyValueSpecification\",\"valueRequired\":true,\"valueName\":\"search_term_string\"}}],\"inLanguage\":\"de\"},{\"@type\":\"Organization\",\"@id\":\"https:\/\/svetslik.si\/de\/#organization\",\"name\":\"SvetSlik.si\",\"url\":\"https:\/\/svetslik.si\/de\/\",\"logo\":{\"@type\":\"ImageObject\",\"inLanguage\":\"de\",\"@id\":\"https:\/\/svetslik.si\/de\/#\/schema\/logo\/image\/\",\"url\":\"https:\/\/svetslik.si\/wp-content\/uploads\/2020\/12\/logo-512.png\",\"contentUrl\":\"https:\/\/svetslik.si\/wp-content\/uploads\/2020\/12\/logo-512.png\",\"width\":512,\"height\":512,\"caption\":\"SvetSlik.si\"},\"image\":{\"@id\":\"https:\/\/svetslik.si\/de\/#\/schema\/logo\/image\/\"},\"sameAs\":[\"https:\/\/www.facebook.com\/svetslik.si\",\"https:\/\/x.com\/svetslik\",\"https:\/\/www.instagram.com\/svetslik.si\/\",\"https:\/\/www.linkedin.com\/company\/svetslik-si\"]}]}<\/script>\n<meta property=\"og:availability\" content=\"backorder\" \/>\n<meta property=\"product:availability\" content=\"available for order\" \/>\n<meta property=\"product:retailer_item_id\" content=\"304__\" \/>\n<meta property=\"product:condition\" content=\"new\" \/>\n<!-- \/ Yoast SEO Premium plugin. -->","yoast_head_json":{"title":"Vasilij Kandinski - Various Parts (Parties diverses) - SVETSLIK.SI - 100% handgemalt","description":"Vasilij Kandinski - Various Parts (Parties diverses) - 100% handgemalte Gem\u00e4lde - Verkauf von Reproduktionen ber\u00fchmter Gem\u00e4lde und abstrakter Kunst - Wandbilder f\u00fcr das Wohnzimmer","robots":{"index":"index","follow":"follow","max-snippet":"max-snippet:-1","max-image-preview":"max-image-preview:large","max-video-preview":"max-video-preview:-1"},"canonical":"https:\/\/svetslik.si\/de\/vasilij-kandinski-de\/various-parts-parties-diverses\/","og_locale":"de_DE","og_type":"article","og_title":"Vasilij Kandinski - Various Parts (Parties diverses)","og_description":"100% ro\u010dno naslikane slike na platnu, reprodukcije znanih slikarjev in umetni\u0161ke slike po naro\u010dilu.","og_url":"https:\/\/svetslik.si\/de\/vasilij-kandinski-de\/various-parts-parties-diverses\/","og_site_name":"SVETSLIK.SI","article_publisher":"https:\/\/www.facebook.com\/svetslik.si","article_modified_time":"2026-03-22T19:02:38+00:00","og_image":[{"width":1797,"height":1359,"url":"https:\/\/svetslik.si\/wp-content\/uploads\/2021\/08\/image_Various-Parts-Parties-diverses_680.jpg","type":"image\/jpeg"}],"twitter_card":"summary_large_image","twitter_site":"@svetslik","twitter_misc":{"Verf\u00fcgbarkeit":"bei Nachbestellung"},"schema":{"@context":"https:\/\/schema.org","@graph":[{"@type":["WebPage","ItemPage"],"@id":"https:\/\/svetslik.si\/de\/vasilij-kandinski-de\/various-parts-parties-diverses\/","url":"https:\/\/svetslik.si\/de\/vasilij-kandinski-de\/various-parts-parties-diverses\/","name":"Vasilij Kandinski - Various Parts (Parties diverses) - SVETSLIK.SI - 100% handgemalt","isPartOf":{"@id":"https:\/\/svetslik.si\/de\/#website"},"primaryImageOfPage":{"@id":"https:\/\/svetslik.si\/de\/vasilij-kandinski-de\/various-parts-parties-diverses\/#primaryimage"},"image":{"@id":"https:\/\/svetslik.si\/de\/vasilij-kandinski-de\/various-parts-parties-diverses\/#primaryimage"},"thumbnailUrl":"https:\/\/svetslik.si\/wp-content\/uploads\/2021\/08\/image_Various-Parts-Parties-diverses_680.jpg","datePublished":"2021-09-02T15:56:07+00:00","dateModified":"2026-03-22T19:02:38+00:00","description":"Vasilij Kandinski - Various Parts (Parties diverses) - 100% handgemalte Gem\u00e4lde - Verkauf von Reproduktionen ber\u00fchmter Gem\u00e4lde und abstrakter Kunst - Wandbilder f\u00fcr das Wohnzimmer","breadcrumb":{"@id":"https:\/\/svetslik.si\/de\/vasilij-kandinski-de\/various-parts-parties-diverses\/#breadcrumb"},"inLanguage":"de","potentialAction":[{"@type":"ReadAction","target":["https:\/\/svetslik.si\/de\/vasilij-kandinski-de\/various-parts-parties-diverses\/"]}]},{"@type":"ImageObject","inLanguage":"de","@id":"https:\/\/svetslik.si\/de\/vasilij-kandinski-de\/various-parts-parties-diverses\/#primaryimage","url":"https:\/\/svetslik.si\/wp-content\/uploads\/2021\/08\/image_Various-Parts-Parties-diverses_680.jpg","contentUrl":"https:\/\/svetslik.si\/wp-content\/uploads\/2021\/08\/image_Various-Parts-Parties-diverses_680.jpg","width":1797,"height":1359,"caption":"Various Parts Parties - diverses (Verschiedene Teile Parteien - diverses) Gem\u00e4lde, Leinwandbilder - 100% handgemalte, Reproduktionen ber\u00fchmter Gem\u00e4lde, Gem\u00e4lde kaufen, Wandbilder Wohnzimmer, ber\u00fchmtes Gem\u00e4lde, \u00d6lgem\u00e4lde, Bilderrahmen"},{"@type":"BreadcrumbList","@id":"https:\/\/svetslik.si\/de\/vasilij-kandinski-de\/various-parts-parties-diverses\/#breadcrumb","itemListElement":[{"@type":"ListItem","position":1,"name":"Wandkunst und Gem\u00e4lde auf Leinwand","item":"https:\/\/svetslik.si\/de\/"},{"@type":"ListItem","position":2,"name":"Verkauf von Gem\u00e4lden","item":"https:\/\/svetslik.si\/prodaja-slik\/"},{"@type":"ListItem","position":3,"name":"Vasilij Kandinski &#8211; Various Parts (Parties diverses)"}]},{"@type":"WebSite","@id":"https:\/\/svetslik.si\/de\/#website","url":"https:\/\/svetslik.si\/de\/","name":"SVETSLIK.SI","description":"100% handgemalte Reproduktionen von Gem\u00e4lden ber\u00fchmter Maler und Gem\u00e4lde auf Leinwand.","publisher":{"@id":"https:\/\/svetslik.si\/de\/#organization"},"potentialAction":[{"@type":"SearchAction","target":{"@type":"EntryPoint","urlTemplate":"https:\/\/svetslik.si\/de\/?s={search_term_string}"},"query-input":{"@type":"PropertyValueSpecification","valueRequired":true,"valueName":"search_term_string"}}],"inLanguage":"de"},{"@type":"Organization","@id":"https:\/\/svetslik.si\/de\/#organization","name":"SvetSlik.si","url":"https:\/\/svetslik.si\/de\/","logo":{"@type":"ImageObject","inLanguage":"de","@id":"https:\/\/svetslik.si\/de\/#\/schema\/logo\/image\/","url":"https:\/\/svetslik.si\/wp-content\/uploads\/2020\/12\/logo-512.png","contentUrl":"https:\/\/svetslik.si\/wp-content\/uploads\/2020\/12\/logo-512.png","width":512,"height":512,"caption":"SvetSlik.si"},"image":{"@id":"https:\/\/svetslik.si\/de\/#\/schema\/logo\/image\/"},"sameAs":["https:\/\/www.facebook.com\/svetslik.si","https:\/\/x.com\/svetslik","https:\/\/www.instagram.com\/svetslik.si\/","https:\/\/www.linkedin.com\/company\/svetslik-si"]}]},"og_availability":"backorder","product_availability":"available for order","product_retailer_item_id":"304__","product_condition":"new"},"jetpack_sharing_enabled":true,"_links":{"self":[{"href":"https:\/\/svetslik.si\/de\/wp-json\/wp\/v2\/product\/67853","targetHints":{"allow":["GET"]}}],"collection":[{"href":"https:\/\/svetslik.si\/de\/wp-json\/wp\/v2\/product"}],"about":[{"href":"https:\/\/svetslik.si\/de\/wp-json\/wp\/v2\/types\/product"}],"wp:featuredmedia":[{"embeddable":true,"href":"https:\/\/svetslik.si\/de\/wp-json\/wp\/v2\/media\/64303"}],"wp:attachment":[{"href":"https:\/\/svetslik.si\/de\/wp-json\/wp\/v2\/media?parent=67853"}],"wp:term":[{"taxonomy":"product_brand","embeddable":true,"href":"https:\/\/svetslik.si\/de\/wp-json\/wp\/v2\/product_brand?post=67853"},{"taxonomy":"product_cat","embeddable":true,"href":"https:\/\/svetslik.si\/de\/wp-json\/wp\/v2\/product_cat?post=67853"},{"taxonomy":"product_tag","embeddable":true,"href":"https:\/\/svetslik.si\/de\/wp-json\/wp\/v2\/product_tag?post=67853"}],"curies":[{"name":"wp","href":"https:\/\/api.w.org\/{rel}","templated":true}]}}