{"id":67889,"date":"2021-09-02T17:56:19","date_gmt":"2021-09-02T15:56:19","guid":{"rendered":"https:\/\/svetslik.si\/unkategorisiert\/the-blue-mountain-der-blaue-berg\/"},"modified":"2026-03-22T20:03:41","modified_gmt":"2026-03-22T19:03:41","slug":"the-blue-mountain-der-blaue-berg","status":"publish","type":"product","link":"https:\/\/svetslik.si\/de\/vasilij-kandinski-de\/the-blue-mountain-der-blaue-berg\/","title":{"rendered":"Vasilij Kandinski &#8211; The Blue Mountain (Der blaue Berg)"},"content":{"rendered":"<h1>Wassily Kandinsky \u2013 Der blaue Berg<\/h1>\n<table border=\"0\" width=\"673\" cellpadding=\"0\">\n<colgroup>\n<col style=\"width: 135pt\" width=\"180\" \/>\n<col style=\"width: 370pt\" width=\"493\" \/> <\/colgroup>\n<tbody>\n<tr style=\"height: 15.75pt\">\n<td class=\"xl24\" style=\"height: 15,75pt;width: 135pt\" width=\"180\" height=\"21\">Erstellungsjahr:<\/td>\n<td class=\"xl25\" style=\"width: 370pt\" width=\"493\">1908-1909<\/td>\n<\/tr>\n<tr style=\"height: 15.75pt\">\n<td class=\"xl24\" style=\"height: 15,75pt;width: 135pt\" width=\"180\" height=\"21\">Originalgr\u00f6\u00dfe:<\/td>\n<td class=\"xl24\" style=\"width: 370pt\" width=\"493\">96,5 cm x 106 cm<\/td>\n<\/tr>\n<tr style=\"height: 15.75pt\">\n<td class=\"xl24\" style=\"height: 15,75pt;width: 135pt\" width=\"180\" height=\"21\">Lackstil:<\/td>\n<td class=\"xl24\" style=\"width: 370pt\" width=\"493\">Expressionismus<\/td>\n<\/tr>\n<tr style=\"height: 15.75pt\">\n<td class=\"xl24\" style=\"height: 15,75pt;width: 135pt\" width=\"180\" height=\"21\">Originaltechnik:<\/td>\n<td>\u00d6l auf Leinwand<\/td>\n<\/tr>\n<tr style=\"height: 15.75pt\">\n<td class=\"xl24\" style=\"height: 15,75pt;width: 135pt\" width=\"180\" height=\"21\">Standort:<\/td>\n<td>Guggenheim Museum New York<\/td>\n<\/tr>\n<\/tbody>\n<\/table>\n<p>&nbsp;<\/p>\n<p>Wassily Kandinsky gilt als eine der bedeutendsten Figuren in der Entwicklung der abstrakten Kunst. Eines seiner bekanntesten Werke ist das Gem\u00e4lde \u201eDer blaue Berg\u201c. Das 1908 entstandene Gem\u00e4lde ist eine beeindruckende Demonstration von Kandinskys F\u00e4higkeit, Emotionen und Bewegung durch Farbe und Form auszudr\u00fccken.<\/p>\n<p>In diesem Gem\u00e4lde verwendet Kandinsky eine kr\u00e4ftige und auff\u00e4llige Farbpalette aus Blau, Lila und Wei\u00df, die ein Gef\u00fchl von Tiefe und Bewegung erzeugt. Der blaue Berg in der Mitte des Gem\u00e4ldes ist ein markanter Mittelpunkt, und die wirbelnden Linien und Formen, die ihn umgeben, vermitteln den Eindruck einer dynamischen und sich st\u00e4ndig ver\u00e4ndernden Landschaft. Dieses Gem\u00e4lde ist ein hervorragendes Beispiel f\u00fcr Kandinskys Einsatz von Farben, um ein Gef\u00fchl von Bewegung und Emotionen zu erzeugen, ein Markenzeichen seiner Arbeit.<\/p>\n<p>Das Besondere an diesem Gem\u00e4lde ist, dass es zu einer Zeit entstand, als Kandinsky noch im gegenst\u00e4ndlichen Stil schuf. Dieses Gem\u00e4lde ist einer seiner ersten Versuche, etwas Abstraktes darzustellen. Blue Mountain ist ein hervorragendes Beispiel f\u00fcr die Entwicklung von Kandinskys Malstil, da es den \u00dcbergang zwischen gegenst\u00e4ndlicher und abstrakter Kunst markierte.<\/p>\n<p>Kandinskys Blauer Berg ist ein wahres Meisterwerk, das jeder, der sich f\u00fcr die Geschichte der abstrakten Kunst interessiert, sehen muss. Es ist derzeit in der St\u00e4dtischen Galerie im Lenbachhaus in M\u00fcnchen ausgestellt. Wenn Sie es nicht pers\u00f6nlich sehen k\u00f6nnen, stehen Ihnen auch viele hochaufl\u00f6sende Bilder online zur Verf\u00fcgung, um die Sch\u00f6nheit und Komplexit\u00e4t dieses erstaunlichen Kunstwerks zu w\u00fcrdigen.<\/p>\n<p>Wenn Sie nach \u201eDer Blaue Berg\u201c von Wassily Kandinsky suchen, ist es wichtig, den Namen des K\u00fcnstlers und den Titel des Gem\u00e4ldes in Ihre Suchanfrage aufzunehmen, um relevante Ergebnisse bei Google zu erhalten. Dar\u00fcber hinaus erhalten Sie \u00fcber die Suche nach \u201eSt\u00e4dtische Galerie im Lenbachhaus\u201c oder \u201eWassily-Kandinsky-Ausstellung\u201c auch relevante Informationen zum Gem\u00e4lde und dem aktuellen Ausstellungsort.<\/p>\n","protected":false},"excerpt":{"rendered":"<p>Wassily Kandinsky \u2013 Der blaue Berg Erstellungsjahr: 1908-1909 Originalgr\u00f6\u00dfe: 96,5 cm x 106 cm Lackstil: Expressionismus Originaltechnik: \u00d6l auf Leinwand Standort: Guggenheim Museum New York &nbsp; Wassily Kandinsky gilt als eine der bedeutendsten Figuren in der Entwicklung der abstrakten Kunst. Eines seiner bekanntesten Werke ist das Gem\u00e4lde \u201eDer blaue Berg\u201c. [&hellip;]<\/p>\n","protected":false},"featured_media":64151,"template":"","meta":{"_acf_changed":false},"product_brand":[],"product_cat":[8467],"product_tag":[8491,8492,8521,8513,8514],"class_list":{"0":"post-67889","1":"product","2":"type-product","3":"status-publish","4":"has-post-thumbnail","6":"product_cat-vasilij-kandinski-de","7":"product_tag-kandinski-de","8":"product_tag-kandinsky-de","9":"product_tag-maler","10":"product_tag-reproduktion","11":"product_tag-reproduktionen","12":"pa_dimenzija-110-x-120-cm","13":"pa_dimenzija-130-x-140-cm","14":"pa_dimenzija-150-x-170-cm","15":"pa_dimenzija-50-x-55-cm","16":"pa_dimenzija-60-x-70-cm","17":"pa_dimenzija-70-x-80-cm","18":"pa_dimenzija-80-x-90-cm","19":"pa_dimenzija-97-x-106-cm","20":"pa_oblika-vertikal","21":"pa_okvir-ohne-rahmen","22":"pa_podokvir-ja","23":"pa_podokvir-nein","25":"first","26":"onbackorder","27":"purchasable","28":"product-type-variable","29":"has-default-attributes"},"acf":[],"yoast_head":"<!-- This site is optimized with the Yoast SEO Premium plugin v26.0 (Yoast SEO v27.2) - https:\/\/yoast.com\/product\/yoast-seo-premium-wordpress\/ -->\n<title>Vasilij Kandinski - The Blue Mountain (Der blaue Berg) - SVETSLIK.SI - 100% handgemalt<\/title>\n<meta name=\"description\" content=\"Vasilij Kandinski - The Blue Mountain (Der blaue Berg) - 100% handgemalte Gem\u00e4lde - Verkauf von Reproduktionen ber\u00fchmter Gem\u00e4lde und abstrakter Kunst - Wandbilder f\u00fcr das Wohnzimmer\" \/>\n<meta name=\"robots\" content=\"index, follow, max-snippet:-1, max-image-preview:large, max-video-preview:-1\" \/>\n<link rel=\"canonical\" href=\"https:\/\/svetslik.si\/de\/vasilij-kandinski-de\/the-blue-mountain-der-blaue-berg\/\" \/>\n<meta property=\"og:locale\" content=\"de_DE\" \/>\n<meta property=\"og:type\" content=\"article\" \/>\n<meta property=\"og:title\" content=\"Vasilij Kandinski - The Blue Mountain (Der blaue Berg)\" \/>\n<meta property=\"og:description\" content=\"100% ro\u010dno naslikane slike na platnu, reprodukcije znanih slikarjev in umetni\u0161ke slike po naro\u010dilu.\" \/>\n<meta property=\"og:url\" content=\"https:\/\/svetslik.si\/de\/vasilij-kandinski-de\/the-blue-mountain-der-blaue-berg\/\" \/>\n<meta property=\"og:site_name\" content=\"SVETSLIK.SI\" \/>\n<meta property=\"article:publisher\" content=\"https:\/\/www.facebook.com\/svetslik.si\" \/>\n<meta property=\"article:modified_time\" content=\"2026-03-22T19:03:41+00:00\" \/>\n<meta property=\"og:image\" content=\"https:\/\/svetslik.si\/wp-content\/uploads\/2021\/08\/image_The-Blue-Mountain-Der-blaue-Berg_680.jpg\" \/>\n\t<meta property=\"og:image:width\" content=\"1673\" \/>\n\t<meta property=\"og:image:height\" content=\"1848\" \/>\n\t<meta property=\"og:image:type\" content=\"image\/jpeg\" \/>\n<meta name=\"twitter:card\" content=\"summary_large_image\" \/>\n<meta name=\"twitter:site\" content=\"@svetslik\" \/>\n<meta name=\"twitter:label1\" content=\"Verf\u00fcgbarkeit\" \/>\n\t<meta name=\"twitter:data1\" content=\"bei Nachbestellung\" \/>\n<script type=\"application\/ld+json\" class=\"yoast-schema-graph\">{\"@context\":\"https:\/\/schema.org\",\"@graph\":[{\"@type\":[\"WebPage\",\"ItemPage\"],\"@id\":\"https:\/\/svetslik.si\/de\/vasilij-kandinski-de\/the-blue-mountain-der-blaue-berg\/\",\"url\":\"https:\/\/svetslik.si\/de\/vasilij-kandinski-de\/the-blue-mountain-der-blaue-berg\/\",\"name\":\"Vasilij Kandinski - The Blue Mountain (Der blaue Berg) - SVETSLIK.SI - 100% handgemalt\",\"isPartOf\":{\"@id\":\"https:\/\/svetslik.si\/de\/#website\"},\"primaryImageOfPage\":{\"@id\":\"https:\/\/svetslik.si\/de\/vasilij-kandinski-de\/the-blue-mountain-der-blaue-berg\/#primaryimage\"},\"image\":{\"@id\":\"https:\/\/svetslik.si\/de\/vasilij-kandinski-de\/the-blue-mountain-der-blaue-berg\/#primaryimage\"},\"thumbnailUrl\":\"https:\/\/svetslik.si\/wp-content\/uploads\/2021\/08\/image_The-Blue-Mountain-Der-blaue-Berg_680.jpg\",\"datePublished\":\"2021-09-02T15:56:19+00:00\",\"dateModified\":\"2026-03-22T19:03:41+00:00\",\"description\":\"Vasilij Kandinski - The Blue Mountain (Der blaue Berg) - 100% handgemalte Gem\u00e4lde - Verkauf von Reproduktionen ber\u00fchmter Gem\u00e4lde und abstrakter Kunst - Wandbilder f\u00fcr das Wohnzimmer\",\"breadcrumb\":{\"@id\":\"https:\/\/svetslik.si\/de\/vasilij-kandinski-de\/the-blue-mountain-der-blaue-berg\/#breadcrumb\"},\"inLanguage\":\"de\",\"potentialAction\":[{\"@type\":\"ReadAction\",\"target\":[\"https:\/\/svetslik.si\/de\/vasilij-kandinski-de\/the-blue-mountain-der-blaue-berg\/\"]}]},{\"@type\":\"ImageObject\",\"inLanguage\":\"de\",\"@id\":\"https:\/\/svetslik.si\/de\/vasilij-kandinski-de\/the-blue-mountain-der-blaue-berg\/#primaryimage\",\"url\":\"https:\/\/svetslik.si\/wp-content\/uploads\/2021\/08\/image_The-Blue-Mountain-Der-blaue-Berg_680.jpg\",\"contentUrl\":\"https:\/\/svetslik.si\/wp-content\/uploads\/2021\/08\/image_The-Blue-Mountain-Der-blaue-Berg_680.jpg\",\"width\":1673,\"height\":1848,\"caption\":\"Vasilij Kandinski - The Blue Mountain (Der blaue Berg) Gem\u00e4lde, Leinwandbilder - 100% handgemalte, Reproduktionen ber\u00fchmter Gem\u00e4lde, Gem\u00e4lde kaufen, Wandbilder Wohnzimmer, ber\u00fchmtes Gem\u00e4lde, \u00d6lgem\u00e4lde, Bilderrahmen\"},{\"@type\":\"BreadcrumbList\",\"@id\":\"https:\/\/svetslik.si\/de\/vasilij-kandinski-de\/the-blue-mountain-der-blaue-berg\/#breadcrumb\",\"itemListElement\":[{\"@type\":\"ListItem\",\"position\":1,\"name\":\"Wandkunst und Gem\u00e4lde auf Leinwand\",\"item\":\"https:\/\/svetslik.si\/de\/\"},{\"@type\":\"ListItem\",\"position\":2,\"name\":\"Verkauf von Gem\u00e4lden\",\"item\":\"https:\/\/svetslik.si\/prodaja-slik\/\"},{\"@type\":\"ListItem\",\"position\":3,\"name\":\"Vasilij Kandinski &#8211; The Blue Mountain (Der blaue Berg)\"}]},{\"@type\":\"WebSite\",\"@id\":\"https:\/\/svetslik.si\/de\/#website\",\"url\":\"https:\/\/svetslik.si\/de\/\",\"name\":\"SVETSLIK.SI\",\"description\":\"100% handgemalte Reproduktionen von Gem\u00e4lden ber\u00fchmter Maler und Gem\u00e4lde auf Leinwand.\",\"publisher\":{\"@id\":\"https:\/\/svetslik.si\/de\/#organization\"},\"potentialAction\":[{\"@type\":\"SearchAction\",\"target\":{\"@type\":\"EntryPoint\",\"urlTemplate\":\"https:\/\/svetslik.si\/de\/?s={search_term_string}\"},\"query-input\":{\"@type\":\"PropertyValueSpecification\",\"valueRequired\":true,\"valueName\":\"search_term_string\"}}],\"inLanguage\":\"de\"},{\"@type\":\"Organization\",\"@id\":\"https:\/\/svetslik.si\/de\/#organization\",\"name\":\"SvetSlik.si\",\"url\":\"https:\/\/svetslik.si\/de\/\",\"logo\":{\"@type\":\"ImageObject\",\"inLanguage\":\"de\",\"@id\":\"https:\/\/svetslik.si\/de\/#\/schema\/logo\/image\/\",\"url\":\"https:\/\/svetslik.si\/wp-content\/uploads\/2020\/12\/logo-512.png\",\"contentUrl\":\"https:\/\/svetslik.si\/wp-content\/uploads\/2020\/12\/logo-512.png\",\"width\":512,\"height\":512,\"caption\":\"SvetSlik.si\"},\"image\":{\"@id\":\"https:\/\/svetslik.si\/de\/#\/schema\/logo\/image\/\"},\"sameAs\":[\"https:\/\/www.facebook.com\/svetslik.si\",\"https:\/\/x.com\/svetslik\",\"https:\/\/www.instagram.com\/svetslik.si\/\",\"https:\/\/www.linkedin.com\/company\/svetslik-si\"]}]}<\/script>\n<meta property=\"og:availability\" content=\"backorder\" \/>\n<meta property=\"product:availability\" content=\"available for order\" \/>\n<meta property=\"product:retailer_item_id\" content=\"308__\" \/>\n<meta property=\"product:condition\" content=\"new\" \/>\n<!-- \/ Yoast SEO Premium plugin. -->","yoast_head_json":{"title":"Vasilij Kandinski - The Blue Mountain (Der blaue Berg) - SVETSLIK.SI - 100% handgemalt","description":"Vasilij Kandinski - The Blue Mountain (Der blaue Berg) - 100% handgemalte Gem\u00e4lde - Verkauf von Reproduktionen ber\u00fchmter Gem\u00e4lde und abstrakter Kunst - Wandbilder f\u00fcr das Wohnzimmer","robots":{"index":"index","follow":"follow","max-snippet":"max-snippet:-1","max-image-preview":"max-image-preview:large","max-video-preview":"max-video-preview:-1"},"canonical":"https:\/\/svetslik.si\/de\/vasilij-kandinski-de\/the-blue-mountain-der-blaue-berg\/","og_locale":"de_DE","og_type":"article","og_title":"Vasilij Kandinski - The Blue Mountain (Der blaue Berg)","og_description":"100% ro\u010dno naslikane slike na platnu, reprodukcije znanih slikarjev in umetni\u0161ke slike po naro\u010dilu.","og_url":"https:\/\/svetslik.si\/de\/vasilij-kandinski-de\/the-blue-mountain-der-blaue-berg\/","og_site_name":"SVETSLIK.SI","article_publisher":"https:\/\/www.facebook.com\/svetslik.si","article_modified_time":"2026-03-22T19:03:41+00:00","og_image":[{"width":1673,"height":1848,"url":"https:\/\/svetslik.si\/wp-content\/uploads\/2021\/08\/image_The-Blue-Mountain-Der-blaue-Berg_680.jpg","type":"image\/jpeg"}],"twitter_card":"summary_large_image","twitter_site":"@svetslik","twitter_misc":{"Verf\u00fcgbarkeit":"bei Nachbestellung"},"schema":{"@context":"https:\/\/schema.org","@graph":[{"@type":["WebPage","ItemPage"],"@id":"https:\/\/svetslik.si\/de\/vasilij-kandinski-de\/the-blue-mountain-der-blaue-berg\/","url":"https:\/\/svetslik.si\/de\/vasilij-kandinski-de\/the-blue-mountain-der-blaue-berg\/","name":"Vasilij Kandinski - The Blue Mountain (Der blaue Berg) - SVETSLIK.SI - 100% handgemalt","isPartOf":{"@id":"https:\/\/svetslik.si\/de\/#website"},"primaryImageOfPage":{"@id":"https:\/\/svetslik.si\/de\/vasilij-kandinski-de\/the-blue-mountain-der-blaue-berg\/#primaryimage"},"image":{"@id":"https:\/\/svetslik.si\/de\/vasilij-kandinski-de\/the-blue-mountain-der-blaue-berg\/#primaryimage"},"thumbnailUrl":"https:\/\/svetslik.si\/wp-content\/uploads\/2021\/08\/image_The-Blue-Mountain-Der-blaue-Berg_680.jpg","datePublished":"2021-09-02T15:56:19+00:00","dateModified":"2026-03-22T19:03:41+00:00","description":"Vasilij Kandinski - The Blue Mountain (Der blaue Berg) - 100% handgemalte Gem\u00e4lde - Verkauf von Reproduktionen ber\u00fchmter Gem\u00e4lde und abstrakter Kunst - Wandbilder f\u00fcr das Wohnzimmer","breadcrumb":{"@id":"https:\/\/svetslik.si\/de\/vasilij-kandinski-de\/the-blue-mountain-der-blaue-berg\/#breadcrumb"},"inLanguage":"de","potentialAction":[{"@type":"ReadAction","target":["https:\/\/svetslik.si\/de\/vasilij-kandinski-de\/the-blue-mountain-der-blaue-berg\/"]}]},{"@type":"ImageObject","inLanguage":"de","@id":"https:\/\/svetslik.si\/de\/vasilij-kandinski-de\/the-blue-mountain-der-blaue-berg\/#primaryimage","url":"https:\/\/svetslik.si\/wp-content\/uploads\/2021\/08\/image_The-Blue-Mountain-Der-blaue-Berg_680.jpg","contentUrl":"https:\/\/svetslik.si\/wp-content\/uploads\/2021\/08\/image_The-Blue-Mountain-Der-blaue-Berg_680.jpg","width":1673,"height":1848,"caption":"Vasilij Kandinski - The Blue Mountain (Der blaue Berg) Gem\u00e4lde, Leinwandbilder - 100% handgemalte, Reproduktionen ber\u00fchmter Gem\u00e4lde, Gem\u00e4lde kaufen, Wandbilder Wohnzimmer, ber\u00fchmtes Gem\u00e4lde, \u00d6lgem\u00e4lde, Bilderrahmen"},{"@type":"BreadcrumbList","@id":"https:\/\/svetslik.si\/de\/vasilij-kandinski-de\/the-blue-mountain-der-blaue-berg\/#breadcrumb","itemListElement":[{"@type":"ListItem","position":1,"name":"Wandkunst und Gem\u00e4lde auf Leinwand","item":"https:\/\/svetslik.si\/de\/"},{"@type":"ListItem","position":2,"name":"Verkauf von Gem\u00e4lden","item":"https:\/\/svetslik.si\/prodaja-slik\/"},{"@type":"ListItem","position":3,"name":"Vasilij Kandinski &#8211; The Blue Mountain (Der blaue Berg)"}]},{"@type":"WebSite","@id":"https:\/\/svetslik.si\/de\/#website","url":"https:\/\/svetslik.si\/de\/","name":"SVETSLIK.SI","description":"100% handgemalte Reproduktionen von Gem\u00e4lden ber\u00fchmter Maler und Gem\u00e4lde auf Leinwand.","publisher":{"@id":"https:\/\/svetslik.si\/de\/#organization"},"potentialAction":[{"@type":"SearchAction","target":{"@type":"EntryPoint","urlTemplate":"https:\/\/svetslik.si\/de\/?s={search_term_string}"},"query-input":{"@type":"PropertyValueSpecification","valueRequired":true,"valueName":"search_term_string"}}],"inLanguage":"de"},{"@type":"Organization","@id":"https:\/\/svetslik.si\/de\/#organization","name":"SvetSlik.si","url":"https:\/\/svetslik.si\/de\/","logo":{"@type":"ImageObject","inLanguage":"de","@id":"https:\/\/svetslik.si\/de\/#\/schema\/logo\/image\/","url":"https:\/\/svetslik.si\/wp-content\/uploads\/2020\/12\/logo-512.png","contentUrl":"https:\/\/svetslik.si\/wp-content\/uploads\/2020\/12\/logo-512.png","width":512,"height":512,"caption":"SvetSlik.si"},"image":{"@id":"https:\/\/svetslik.si\/de\/#\/schema\/logo\/image\/"},"sameAs":["https:\/\/www.facebook.com\/svetslik.si","https:\/\/x.com\/svetslik","https:\/\/www.instagram.com\/svetslik.si\/","https:\/\/www.linkedin.com\/company\/svetslik-si"]}]},"og_availability":"backorder","product_availability":"available for order","product_retailer_item_id":"308__","product_condition":"new"},"jetpack_sharing_enabled":true,"_links":{"self":[{"href":"https:\/\/svetslik.si\/de\/wp-json\/wp\/v2\/product\/67889","targetHints":{"allow":["GET"]}}],"collection":[{"href":"https:\/\/svetslik.si\/de\/wp-json\/wp\/v2\/product"}],"about":[{"href":"https:\/\/svetslik.si\/de\/wp-json\/wp\/v2\/types\/product"}],"wp:featuredmedia":[{"embeddable":true,"href":"https:\/\/svetslik.si\/de\/wp-json\/wp\/v2\/media\/64151"}],"wp:attachment":[{"href":"https:\/\/svetslik.si\/de\/wp-json\/wp\/v2\/media?parent=67889"}],"wp:term":[{"taxonomy":"product_brand","embeddable":true,"href":"https:\/\/svetslik.si\/de\/wp-json\/wp\/v2\/product_brand?post=67889"},{"taxonomy":"product_cat","embeddable":true,"href":"https:\/\/svetslik.si\/de\/wp-json\/wp\/v2\/product_cat?post=67889"},{"taxonomy":"product_tag","embeddable":true,"href":"https:\/\/svetslik.si\/de\/wp-json\/wp\/v2\/product_tag?post=67889"}],"curies":[{"name":"wp","href":"https:\/\/api.w.org\/{rel}","templated":true}]}}