{"id":67916,"date":"2021-09-02T17:56:43","date_gmt":"2021-09-02T15:56:43","guid":{"rendered":"https:\/\/svetslik.si\/unkategorisiert\/sketch-for-composition-ii-skizze-fur-komposition-ii\/"},"modified":"2026-03-22T20:03:41","modified_gmt":"2026-03-22T19:03:41","slug":"sketch-for-composition-ii-skizze-fur-komposition-ii","status":"publish","type":"product","link":"https:\/\/svetslik.si\/de\/vasilij-kandinski-de\/sketch-for-composition-ii-skizze-fur-komposition-ii\/","title":{"rendered":"Vasilij Kandinski &#8211; Sketch for Composition II (Skizze f\u00fcr Komposition II)"},"content":{"rendered":"<h1>Wassily Kandinsky \u2013 Skizze f\u00fcr Komposition II<\/h1>\n<table border=\"0\" width=\"673\" cellpadding=\"0\">\n<colgroup>\n<col style=\"width: 135pt\" width=\"180\" \/>\n<col style=\"width: 370pt\" width=\"493\" \/> <\/colgroup>\n<tbody>\n<tr style=\"height: 15.75pt\">\n<td class=\"xl24\" style=\"height: 15,75pt;width: 135pt\" width=\"180\" height=\"21\">Erstellungsjahr:<\/td>\n<td class=\"xl25\" style=\"width: 370pt\" width=\"493\">1910<\/td>\n<\/tr>\n<tr style=\"height: 15.75pt\">\n<td class=\"xl24\" style=\"height: 15,75pt;width: 135pt\" width=\"180\" height=\"21\">Originalgr\u00f6\u00dfe:<\/td>\n<td class=\"xl24\" style=\"width: 370pt\" width=\"493\">130,5 cm x 97,5 cm<\/td>\n<\/tr>\n<tr style=\"height: 15.75pt\">\n<td class=\"xl24\" style=\"height: 15,75pt;width: 135pt\" width=\"180\" height=\"21\">Lackstil:<\/td>\n<td class=\"xl24\" style=\"width: 370pt\" width=\"493\">Expressionismus<\/td>\n<\/tr>\n<tr style=\"height: 15.75pt\">\n<td class=\"xl24\" style=\"height: 15,75pt;width: 135pt\" width=\"180\" height=\"21\">Originaltechnik:<\/td>\n<td>\u00d6l auf Leinwand<\/td>\n<\/tr>\n<tr style=\"height: 15.75pt\">\n<td class=\"xl24\" style=\"height: 15,75pt;width: 135pt\" width=\"180\" height=\"21\">Standort:<\/td>\n<td>Guggenheim Museum New York<\/td>\n<\/tr>\n<\/tbody>\n<\/table>\n<p>Wassily Kandinsky, auch bekannt als Wassily Kandinsky, war ein russischer Maler und Kunsttheoretiker, der als einer der Pioniere der abstrakten Kunst gilt. Eines seiner bekanntesten Werke ist das Gem\u00e4lde \u201eSkizze zur Komposition II\u201c. Das um 1910 entstandene Gem\u00e4lde gilt als Schl\u00fcsselwerk im Schaffen Kandinskys, markierte es doch einen wichtigen Wendepunkt in seinem k\u00fcnstlerischen Stil.<\/p>\n<p>\u201eSketch for Composition II\u201c ist ein kleines \u00d6lgem\u00e4lde auf Karton im Format 30 x 30 cm. Das Bild wird von einem zentralen Kreis dominiert, der von vielen kleineren Kreisen und geometrischen Formen umgeben ist. Die Kreise sind in Blaut\u00f6nen gehalten, w\u00e4hrend der Hintergrund in leuchtendem Orange gehalten ist. Der Gesamteffekt ist Bewegung und Energie, da sich die Kreise um den zentralen Kreis zu drehen scheinen.<\/p>\n<p>Eines der auff\u00e4lligsten Merkmale des Gem\u00e4ldes \u201eSkizze zur Komposition II\u201c ist das Fehlen erkennbarer Objekte oder Figuren. Stattdessen nutzte Kandinsky Farbe, Form und Linie, um ein Gef\u00fchl f\u00fcr Bewegung und Rhythmus zu erzeugen. Dieser Ansatz ist charakteristisch f\u00fcr Kandinskys Werk in dieser Zeit, in der er sich zunehmend von der gegenst\u00e4ndlichen Kunst entfernte und sich der Abstraktion n\u00e4herte.<\/p>\n<p>Besonders auff\u00e4llig ist Kandinskys Einsatz von Farbe in den \u201eSkizzen zur Komposition II\u201c. Er verwendete eine begrenzte Palette an Blau- und Oranget\u00f6nen und schuf so ein Gef\u00fchl von Harmonie und Ausgewogenheit. Die blauen Kreise in der Bildmitte sind eine Hommage an die traditionelle Verwendung von Blau in der religi\u00f6sen Ikonographie, w\u00e4hrend der orangefarbene Hintergrund die Energie und Vitalit\u00e4t der Natur darstellt.<\/p>\n<p>\u201eSkizze zur Komposition II\u201c gilt als eines der bedeutendsten Werke Kandinskys, markierte es doch einen Wendepunkt in seiner k\u00fcnstlerischen Laufbahn. Das Gem\u00e4lde befindet sich derzeit in der St\u00e4dtischen Galerie im Lenbachhaus in M\u00fcnchen, Deutschland, wo es dauerhaft ausgestellt ist.<\/p>\n<p>Wassily Kandinskys Skizze zur Komposition II ist ein wirklich bemerkenswertes Gem\u00e4lde, das den Wandel des K\u00fcnstlers hin zur Abstraktion und gegenstandslosen Kunst darstellt. Der Einsatz von Farbe und Form in diesem Gem\u00e4lde ist meisterhaft und erzeugt ein Gesamtgef\u00fchl von Bewegung und Energie. Dieses Gem\u00e4lde ist ein Muss f\u00fcr jeden, der sich f\u00fcr die Entwicklung der abstrakten Kunst und das Werk von Wassily Kandinsky interessiert. Mit seinen leuchtenden Farben und der dynamischen Komposition wird es bei jedem Betrachter einen bleibenden Eindruck hinterlassen.<\/p>\n","protected":false},"excerpt":{"rendered":"<p>Wassily Kandinsky \u2013 Skizze f\u00fcr Komposition II Erstellungsjahr: 1910 Originalgr\u00f6\u00dfe: 130,5 cm x 97,5 cm Lackstil: Expressionismus Originaltechnik: \u00d6l auf Leinwand Standort: Guggenheim Museum New York Wassily Kandinsky, auch bekannt als Wassily Kandinsky, war ein russischer Maler und Kunsttheoretiker, der als einer der Pioniere der abstrakten Kunst gilt. Eines seiner [&hellip;]<\/p>\n","protected":false},"featured_media":64022,"template":"","meta":{"_acf_changed":false},"product_brand":[],"product_cat":[8467],"product_tag":[8491,8492,8521,8513,8514],"class_list":{"0":"post-67916","1":"product","2":"type-product","3":"status-publish","4":"has-post-thumbnail","6":"product_cat-vasilij-kandinski-de","7":"product_tag-kandinski-de","8":"product_tag-kandinsky-de","9":"product_tag-maler","10":"product_tag-reproduktion","11":"product_tag-reproduktionen","12":"pa_dimenzija-110-x-80-cm-de","13":"pa_dimenzija-130-x-97-cm-de","14":"pa_dimenzija-150-x-112-cm-de","15":"pa_dimenzija-180-x-130-cm-de","16":"pa_dimenzija-50-x-40-cm-de","17":"pa_dimenzija-70-x-50-cm-de","18":"pa_dimenzija-80-x-60-cm-de","19":"pa_dimenzija-90-x-70-cm-de","20":"pa_oblika-horizontal-de","21":"pa_okvir-ohne-rahmen","22":"pa_podokvir-ja","23":"pa_podokvir-nein","25":"first","26":"onbackorder","27":"purchasable","28":"product-type-variable","29":"has-default-attributes"},"acf":[],"yoast_head":"<!-- This site is optimized with the Yoast SEO Premium plugin v26.0 (Yoast SEO v27.2) - https:\/\/yoast.com\/product\/yoast-seo-premium-wordpress\/ -->\n<title>Vasilij Kandinski - Sketch for Composition II (Skizze f\u00fcr Komposition II) - SVETSLIK.SI - 100% handgemalt<\/title>\n<meta name=\"description\" content=\"Vasilij Kandinski - Sketch for Composition II (Skizze f\u00fcr Komposition II) - 100% handgemalte Gem\u00e4lde - Verkauf von Reproduktionen ber\u00fchmter Gem\u00e4lde und abstrakter Kunst - Wandbilder f\u00fcr das Wohnzimmer\" \/>\n<meta name=\"robots\" content=\"index, follow, max-snippet:-1, max-image-preview:large, max-video-preview:-1\" \/>\n<link rel=\"canonical\" href=\"https:\/\/svetslik.si\/de\/vasilij-kandinski-de\/sketch-for-composition-ii-skizze-fur-komposition-ii\/\" \/>\n<meta property=\"og:locale\" content=\"de_DE\" \/>\n<meta property=\"og:type\" content=\"article\" \/>\n<meta property=\"og:title\" content=\"Vasilij Kandinski - Sketch for Composition II (Skizze f\u00fcr Komposition II)\" \/>\n<meta property=\"og:description\" content=\"100% ro\u010dno naslikane slike na platnu, reprodukcije znanih slikarjev in umetni\u0161ke slike po naro\u010dilu.\" \/>\n<meta property=\"og:url\" content=\"https:\/\/svetslik.si\/de\/vasilij-kandinski-de\/sketch-for-composition-ii-skizze-fur-komposition-ii\/\" \/>\n<meta property=\"og:site_name\" content=\"SVETSLIK.SI\" \/>\n<meta property=\"article:publisher\" content=\"https:\/\/www.facebook.com\/svetslik.si\" \/>\n<meta property=\"article:modified_time\" content=\"2026-03-22T19:03:41+00:00\" \/>\n<meta property=\"og:image\" content=\"https:\/\/svetslik.si\/wp-content\/uploads\/2021\/08\/image_Sketch-for-Composition-II-Skizze-fr-Komposition-II_680-scaled.jpg\" \/>\n\t<meta property=\"og:image:width\" content=\"2560\" \/>\n\t<meta property=\"og:image:height\" content=\"1848\" \/>\n\t<meta property=\"og:image:type\" content=\"image\/jpeg\" \/>\n<meta name=\"twitter:card\" content=\"summary_large_image\" \/>\n<meta name=\"twitter:site\" content=\"@svetslik\" \/>\n<meta name=\"twitter:label1\" content=\"Verf\u00fcgbarkeit\" \/>\n\t<meta name=\"twitter:data1\" content=\"bei Nachbestellung\" \/>\n<script type=\"application\/ld+json\" class=\"yoast-schema-graph\">{\"@context\":\"https:\/\/schema.org\",\"@graph\":[{\"@type\":[\"WebPage\",\"ItemPage\"],\"@id\":\"https:\/\/svetslik.si\/de\/vasilij-kandinski-de\/sketch-for-composition-ii-skizze-fur-komposition-ii\/\",\"url\":\"https:\/\/svetslik.si\/de\/vasilij-kandinski-de\/sketch-for-composition-ii-skizze-fur-komposition-ii\/\",\"name\":\"Vasilij Kandinski - Sketch for Composition II (Skizze f\u00fcr Komposition II) - SVETSLIK.SI - 100% handgemalt\",\"isPartOf\":{\"@id\":\"https:\/\/svetslik.si\/de\/#website\"},\"primaryImageOfPage\":{\"@id\":\"https:\/\/svetslik.si\/de\/vasilij-kandinski-de\/sketch-for-composition-ii-skizze-fur-komposition-ii\/#primaryimage\"},\"image\":{\"@id\":\"https:\/\/svetslik.si\/de\/vasilij-kandinski-de\/sketch-for-composition-ii-skizze-fur-komposition-ii\/#primaryimage\"},\"thumbnailUrl\":\"https:\/\/svetslik.si\/wp-content\/uploads\/2021\/08\/image_Sketch-for-Composition-II-Skizze-fr-Komposition-II_680-scaled.jpg\",\"datePublished\":\"2021-09-02T15:56:43+00:00\",\"dateModified\":\"2026-03-22T19:03:41+00:00\",\"description\":\"Vasilij Kandinski - Sketch for Composition II (Skizze f\u00fcr Komposition II) - 100% handgemalte Gem\u00e4lde - Verkauf von Reproduktionen ber\u00fchmter Gem\u00e4lde und abstrakter Kunst - Wandbilder f\u00fcr das Wohnzimmer\",\"breadcrumb\":{\"@id\":\"https:\/\/svetslik.si\/de\/vasilij-kandinski-de\/sketch-for-composition-ii-skizze-fur-komposition-ii\/#breadcrumb\"},\"inLanguage\":\"de\",\"potentialAction\":[{\"@type\":\"ReadAction\",\"target\":[\"https:\/\/svetslik.si\/de\/vasilij-kandinski-de\/sketch-for-composition-ii-skizze-fur-komposition-ii\/\"]}]},{\"@type\":\"ImageObject\",\"inLanguage\":\"de\",\"@id\":\"https:\/\/svetslik.si\/de\/vasilij-kandinski-de\/sketch-for-composition-ii-skizze-fur-komposition-ii\/#primaryimage\",\"url\":\"https:\/\/svetslik.si\/wp-content\/uploads\/2021\/08\/image_Sketch-for-Composition-II-Skizze-fr-Komposition-II_680-scaled.jpg\",\"contentUrl\":\"https:\/\/svetslik.si\/wp-content\/uploads\/2021\/08\/image_Sketch-for-Composition-II-Skizze-fr-Komposition-II_680-scaled.jpg\",\"width\":2560,\"height\":1848,\"caption\":\"Vasilij Kandinski - Sketch for Composition II (Skizze f\u00fcr Komposition II) Gem\u00e4lde, Leinwandbilder - 100% handgemalte, Reproduktionen ber\u00fchmter Gem\u00e4lde, Gem\u00e4lde kaufen, Wandbilder Wohnzimmer, ber\u00fchmtes Gem\u00e4lde, \u00d6lgem\u00e4lde, Bilderrahmen\"},{\"@type\":\"BreadcrumbList\",\"@id\":\"https:\/\/svetslik.si\/de\/vasilij-kandinski-de\/sketch-for-composition-ii-skizze-fur-komposition-ii\/#breadcrumb\",\"itemListElement\":[{\"@type\":\"ListItem\",\"position\":1,\"name\":\"Wandkunst und Gem\u00e4lde auf Leinwand\",\"item\":\"https:\/\/svetslik.si\/de\/\"},{\"@type\":\"ListItem\",\"position\":2,\"name\":\"Verkauf von Gem\u00e4lden\",\"item\":\"https:\/\/svetslik.si\/prodaja-slik\/\"},{\"@type\":\"ListItem\",\"position\":3,\"name\":\"Vasilij Kandinski &#8211; Sketch for Composition II (Skizze f\u00fcr Komposition II)\"}]},{\"@type\":\"WebSite\",\"@id\":\"https:\/\/svetslik.si\/de\/#website\",\"url\":\"https:\/\/svetslik.si\/de\/\",\"name\":\"SVETSLIK.SI\",\"description\":\"100% handgemalte Reproduktionen von Gem\u00e4lden ber\u00fchmter Maler und Gem\u00e4lde auf Leinwand.\",\"publisher\":{\"@id\":\"https:\/\/svetslik.si\/de\/#organization\"},\"potentialAction\":[{\"@type\":\"SearchAction\",\"target\":{\"@type\":\"EntryPoint\",\"urlTemplate\":\"https:\/\/svetslik.si\/de\/?s={search_term_string}\"},\"query-input\":{\"@type\":\"PropertyValueSpecification\",\"valueRequired\":true,\"valueName\":\"search_term_string\"}}],\"inLanguage\":\"de\"},{\"@type\":\"Organization\",\"@id\":\"https:\/\/svetslik.si\/de\/#organization\",\"name\":\"SvetSlik.si\",\"url\":\"https:\/\/svetslik.si\/de\/\",\"logo\":{\"@type\":\"ImageObject\",\"inLanguage\":\"de\",\"@id\":\"https:\/\/svetslik.si\/de\/#\/schema\/logo\/image\/\",\"url\":\"https:\/\/svetslik.si\/wp-content\/uploads\/2020\/12\/logo-512.png\",\"contentUrl\":\"https:\/\/svetslik.si\/wp-content\/uploads\/2020\/12\/logo-512.png\",\"width\":512,\"height\":512,\"caption\":\"SvetSlik.si\"},\"image\":{\"@id\":\"https:\/\/svetslik.si\/de\/#\/schema\/logo\/image\/\"},\"sameAs\":[\"https:\/\/www.facebook.com\/svetslik.si\",\"https:\/\/x.com\/svetslik\",\"https:\/\/www.instagram.com\/svetslik.si\/\",\"https:\/\/www.linkedin.com\/company\/svetslik-si\"]}]}<\/script>\n<meta property=\"og:availability\" content=\"backorder\" \/>\n<meta property=\"product:availability\" content=\"available for order\" \/>\n<meta property=\"product:retailer_item_id\" content=\"311__\" \/>\n<meta property=\"product:condition\" content=\"new\" \/>\n<!-- \/ Yoast SEO Premium plugin. -->","yoast_head_json":{"title":"Vasilij Kandinski - Sketch for Composition II (Skizze f\u00fcr Komposition II) - SVETSLIK.SI - 100% handgemalt","description":"Vasilij Kandinski - Sketch for Composition II (Skizze f\u00fcr Komposition II) - 100% handgemalte Gem\u00e4lde - Verkauf von Reproduktionen ber\u00fchmter Gem\u00e4lde und abstrakter Kunst - Wandbilder f\u00fcr das Wohnzimmer","robots":{"index":"index","follow":"follow","max-snippet":"max-snippet:-1","max-image-preview":"max-image-preview:large","max-video-preview":"max-video-preview:-1"},"canonical":"https:\/\/svetslik.si\/de\/vasilij-kandinski-de\/sketch-for-composition-ii-skizze-fur-komposition-ii\/","og_locale":"de_DE","og_type":"article","og_title":"Vasilij Kandinski - Sketch for Composition II (Skizze f\u00fcr Komposition II)","og_description":"100% ro\u010dno naslikane slike na platnu, reprodukcije znanih slikarjev in umetni\u0161ke slike po naro\u010dilu.","og_url":"https:\/\/svetslik.si\/de\/vasilij-kandinski-de\/sketch-for-composition-ii-skizze-fur-komposition-ii\/","og_site_name":"SVETSLIK.SI","article_publisher":"https:\/\/www.facebook.com\/svetslik.si","article_modified_time":"2026-03-22T19:03:41+00:00","og_image":[{"width":2560,"height":1848,"url":"https:\/\/svetslik.si\/wp-content\/uploads\/2021\/08\/image_Sketch-for-Composition-II-Skizze-fr-Komposition-II_680-scaled.jpg","type":"image\/jpeg"}],"twitter_card":"summary_large_image","twitter_site":"@svetslik","twitter_misc":{"Verf\u00fcgbarkeit":"bei Nachbestellung"},"schema":{"@context":"https:\/\/schema.org","@graph":[{"@type":["WebPage","ItemPage"],"@id":"https:\/\/svetslik.si\/de\/vasilij-kandinski-de\/sketch-for-composition-ii-skizze-fur-komposition-ii\/","url":"https:\/\/svetslik.si\/de\/vasilij-kandinski-de\/sketch-for-composition-ii-skizze-fur-komposition-ii\/","name":"Vasilij Kandinski - Sketch for Composition II (Skizze f\u00fcr Komposition II) - SVETSLIK.SI - 100% handgemalt","isPartOf":{"@id":"https:\/\/svetslik.si\/de\/#website"},"primaryImageOfPage":{"@id":"https:\/\/svetslik.si\/de\/vasilij-kandinski-de\/sketch-for-composition-ii-skizze-fur-komposition-ii\/#primaryimage"},"image":{"@id":"https:\/\/svetslik.si\/de\/vasilij-kandinski-de\/sketch-for-composition-ii-skizze-fur-komposition-ii\/#primaryimage"},"thumbnailUrl":"https:\/\/svetslik.si\/wp-content\/uploads\/2021\/08\/image_Sketch-for-Composition-II-Skizze-fr-Komposition-II_680-scaled.jpg","datePublished":"2021-09-02T15:56:43+00:00","dateModified":"2026-03-22T19:03:41+00:00","description":"Vasilij Kandinski - Sketch for Composition II (Skizze f\u00fcr Komposition II) - 100% handgemalte Gem\u00e4lde - Verkauf von Reproduktionen ber\u00fchmter Gem\u00e4lde und abstrakter Kunst - Wandbilder f\u00fcr das Wohnzimmer","breadcrumb":{"@id":"https:\/\/svetslik.si\/de\/vasilij-kandinski-de\/sketch-for-composition-ii-skizze-fur-komposition-ii\/#breadcrumb"},"inLanguage":"de","potentialAction":[{"@type":"ReadAction","target":["https:\/\/svetslik.si\/de\/vasilij-kandinski-de\/sketch-for-composition-ii-skizze-fur-komposition-ii\/"]}]},{"@type":"ImageObject","inLanguage":"de","@id":"https:\/\/svetslik.si\/de\/vasilij-kandinski-de\/sketch-for-composition-ii-skizze-fur-komposition-ii\/#primaryimage","url":"https:\/\/svetslik.si\/wp-content\/uploads\/2021\/08\/image_Sketch-for-Composition-II-Skizze-fr-Komposition-II_680-scaled.jpg","contentUrl":"https:\/\/svetslik.si\/wp-content\/uploads\/2021\/08\/image_Sketch-for-Composition-II-Skizze-fr-Komposition-II_680-scaled.jpg","width":2560,"height":1848,"caption":"Vasilij Kandinski - Sketch for Composition II (Skizze f\u00fcr Komposition II) Gem\u00e4lde, Leinwandbilder - 100% handgemalte, Reproduktionen ber\u00fchmter Gem\u00e4lde, Gem\u00e4lde kaufen, Wandbilder Wohnzimmer, ber\u00fchmtes Gem\u00e4lde, \u00d6lgem\u00e4lde, Bilderrahmen"},{"@type":"BreadcrumbList","@id":"https:\/\/svetslik.si\/de\/vasilij-kandinski-de\/sketch-for-composition-ii-skizze-fur-komposition-ii\/#breadcrumb","itemListElement":[{"@type":"ListItem","position":1,"name":"Wandkunst und Gem\u00e4lde auf Leinwand","item":"https:\/\/svetslik.si\/de\/"},{"@type":"ListItem","position":2,"name":"Verkauf von Gem\u00e4lden","item":"https:\/\/svetslik.si\/prodaja-slik\/"},{"@type":"ListItem","position":3,"name":"Vasilij Kandinski &#8211; Sketch for Composition II (Skizze f\u00fcr Komposition II)"}]},{"@type":"WebSite","@id":"https:\/\/svetslik.si\/de\/#website","url":"https:\/\/svetslik.si\/de\/","name":"SVETSLIK.SI","description":"100% handgemalte Reproduktionen von Gem\u00e4lden ber\u00fchmter Maler und Gem\u00e4lde auf Leinwand.","publisher":{"@id":"https:\/\/svetslik.si\/de\/#organization"},"potentialAction":[{"@type":"SearchAction","target":{"@type":"EntryPoint","urlTemplate":"https:\/\/svetslik.si\/de\/?s={search_term_string}"},"query-input":{"@type":"PropertyValueSpecification","valueRequired":true,"valueName":"search_term_string"}}],"inLanguage":"de"},{"@type":"Organization","@id":"https:\/\/svetslik.si\/de\/#organization","name":"SvetSlik.si","url":"https:\/\/svetslik.si\/de\/","logo":{"@type":"ImageObject","inLanguage":"de","@id":"https:\/\/svetslik.si\/de\/#\/schema\/logo\/image\/","url":"https:\/\/svetslik.si\/wp-content\/uploads\/2020\/12\/logo-512.png","contentUrl":"https:\/\/svetslik.si\/wp-content\/uploads\/2020\/12\/logo-512.png","width":512,"height":512,"caption":"SvetSlik.si"},"image":{"@id":"https:\/\/svetslik.si\/de\/#\/schema\/logo\/image\/"},"sameAs":["https:\/\/www.facebook.com\/svetslik.si","https:\/\/x.com\/svetslik","https:\/\/www.instagram.com\/svetslik.si\/","https:\/\/www.linkedin.com\/company\/svetslik-si"]}]},"og_availability":"backorder","product_availability":"available for order","product_retailer_item_id":"311__","product_condition":"new"},"jetpack_sharing_enabled":true,"_links":{"self":[{"href":"https:\/\/svetslik.si\/de\/wp-json\/wp\/v2\/product\/67916","targetHints":{"allow":["GET"]}}],"collection":[{"href":"https:\/\/svetslik.si\/de\/wp-json\/wp\/v2\/product"}],"about":[{"href":"https:\/\/svetslik.si\/de\/wp-json\/wp\/v2\/types\/product"}],"wp:featuredmedia":[{"embeddable":true,"href":"https:\/\/svetslik.si\/de\/wp-json\/wp\/v2\/media\/64022"}],"wp:attachment":[{"href":"https:\/\/svetslik.si\/de\/wp-json\/wp\/v2\/media?parent=67916"}],"wp:term":[{"taxonomy":"product_brand","embeddable":true,"href":"https:\/\/svetslik.si\/de\/wp-json\/wp\/v2\/product_brand?post=67916"},{"taxonomy":"product_cat","embeddable":true,"href":"https:\/\/svetslik.si\/de\/wp-json\/wp\/v2\/product_cat?post=67916"},{"taxonomy":"product_tag","embeddable":true,"href":"https:\/\/svetslik.si\/de\/wp-json\/wp\/v2\/product_tag?post=67916"}],"curies":[{"name":"wp","href":"https:\/\/api.w.org\/{rel}","templated":true}]}}