{"id":67961,"date":"2021-09-02T17:57:09","date_gmt":"2021-09-02T15:57:09","guid":{"rendered":"https:\/\/svetslik.si\/unkategorisiert\/improvisation-28-second-version-improvisation-28-zweite-fassung\/"},"modified":"2026-03-22T20:05:22","modified_gmt":"2026-03-22T19:05:22","slug":"improvisation-28-second-version-improvisation-28-zweite-fassung","status":"publish","type":"product","link":"https:\/\/svetslik.si\/de\/vasilij-kandinski-de\/improvisation-28-second-version-improvisation-28-zweite-fassung\/","title":{"rendered":"Vasilij Kandinski &#8211; Improvisation 28 (second version) (Improvisation 28 [zweite Fassung])"},"content":{"rendered":"<h1>Wassily Kandinsky &#8211; Improvisation 28 (zweite Fassung) (Improvisation 28 [zweite Fassung])<\/h1>\n<table border=\"0\" width=\"673\" cellpadding=\"0\">\n<colgroup>\n<col style=\"width: 135pt\" width=\"180\" \/>\n<col style=\"width: 370pt\" width=\"493\" \/> <\/colgroup>\n<tbody>\n<tr style=\"height: 15.75pt\">\n<td class=\"xl24\" style=\"height: 15,75pt;width: 135pt\" width=\"180\" height=\"21\">Erstellungsjahr:<\/td>\n<td class=\"xl25\" style=\"width: 370pt\" width=\"493\">1912<\/td>\n<\/tr>\n<tr style=\"height: 15.75pt\">\n<td class=\"xl24\" style=\"height: 15,75pt;width: 135pt\" width=\"180\" height=\"21\">Originalgr\u00f6\u00dfe:<\/td>\n<td class=\"xl24\" style=\"width: 370pt\" width=\"493\">162,1 cm x 111,4 cm<\/td>\n<\/tr>\n<tr style=\"height: 15.75pt\">\n<td class=\"xl24\" style=\"height: 15,75pt;width: 135pt\" width=\"180\" height=\"21\">Lackstil:<\/td>\n<td class=\"xl24\" style=\"width: 370pt\" width=\"493\">Abstrakter Expressionismus<\/td>\n<\/tr>\n<tr style=\"height: 15.75pt\">\n<td class=\"xl24\" style=\"height: 15,75pt;width: 135pt\" width=\"180\" height=\"21\">Originaltechnik:<\/td>\n<td>\u00d6l auf Leinwand<\/td>\n<\/tr>\n<tr style=\"height: 15.75pt\">\n<td class=\"xl24\" style=\"height: 15,75pt;width: 135pt\" width=\"180\" height=\"21\">Standort:<\/td>\n<td>Guggenheim Museum New York<\/td>\n<\/tr>\n<\/tbody>\n<\/table>\n<p>&nbsp;<\/p>\n<p>Improvisation 28 (Zweite Version) von Wassily Kandinsky ist ein dynamisches und atemberaubendes Gem\u00e4lde, das den einzigartigen Stil und die Herangehensweise des K\u00fcnstlers an die Abstraktion zeigt. Dieses 1912 entstandene Werk gilt als eines der bedeutendsten Werke Kandinskys aus seiner fr\u00fchen Phase der Abstraktion.<\/p>\n<p>Das Gem\u00e4lde ist \u00d6l auf Leinwand und zeichnet sich durch eine k\u00fchne, dynamische Komposition mit einem auff\u00e4lligen Farbeinsatz aus. Das Bild wird von einem gro\u00dfen schwarzen Bogen dominiert, der die Mittelachse f\u00fcr die im Bild sichtbaren wirbelnden Linien, Formen und Farben zu sein scheint. Der schwarze Bogen ist von einer Vielzahl von Farben umgeben, die in Bewegung zu sein scheinen und ein Gef\u00fchl von Bewegung und Energie erzeugen. Die Farben werden mit dicken, pastosen Pinselstrichen aufgetragen, wodurch ein Gef\u00fchl von Tiefe und Bewegung entsteht.<\/p>\n<p>Der Titel \u201eImprovisation 28\u201c betont den spontanen und intuitiven Charakter von Kandinskys Schaffensprozess. Er glaubte, dass Kunst Ausdruck der tiefsten Gef\u00fchle und Emotionen des K\u00fcnstlers sein sollte und nicht eine Darstellung der Au\u00dfenwelt. Dieses Gem\u00e4lde ist ein perfektes Beispiel f\u00fcr diese Philosophie, da es eine visuelle Darstellung der tiefsten Emotionen und Gef\u00fchle des K\u00fcnstlers ist.<\/p>\n<p>Das Gem\u00e4lde ist ein wichtiges Werk in der Geschichte der abstrakten Kunst und gilt als Meisterwerk der Fr\u00fchzeit der Abstraktion. Es ist nicht nur wegen seines \u00e4sthetischen Wertes, sondern auch wegen seiner historischen Bedeutung ein bedeutendes Kunstwerk. Es ist ein gro\u00dfartiges Beispiel daf\u00fcr, wie es einem K\u00fcnstler gelang, sich von der traditionellen gegenst\u00e4ndlichen Kunst zu l\u00f6sen und eine neue Kunstform zu schaffen, die ausdrucksvoller und emotionaler war.<\/p>\n<p>Abschlie\u00dfend m\u00f6chte ich sagen, dass \u201eImprovisation 28 (Zweite Version)\u201c ein kraftvolles und visuell beeindruckendes Gem\u00e4lde ist, das den einzigartigen Stil und die Herangehensweise des K\u00fcnstlers an die Abstraktion demonstriert. Das Gem\u00e4lde ist ein bedeutendes Werk der Kunstgeschichte und gilt als Meisterwerk der Fr\u00fchzeit der Abstraktion. Wenn Sie nach einem Kunstwerk suchen, das sowohl optisch beeindruckend als auch historisch bedeutsam ist, ist dieses Gem\u00e4lde eine gute Wahl.<\/p>\n<p>&nbsp;<\/p>\n","protected":false},"excerpt":{"rendered":"<p>Wassily Kandinsky &#8211; Improvisation 28 (zweite Fassung) (Improvisation 28 [zweite Fassung]) Erstellungsjahr: 1912 Originalgr\u00f6\u00dfe: 162,1 cm x 111,4 cm Lackstil: Abstrakter Expressionismus Originaltechnik: \u00d6l auf Leinwand Standort: Guggenheim Museum New York &nbsp; Improvisation 28 (Zweite Version) von Wassily Kandinsky ist ein dynamisches und atemberaubendes Gem\u00e4lde, das den einzigartigen Stil und [&hellip;]<\/p>\n","protected":false},"featured_media":63684,"template":"","meta":{"_acf_changed":false},"product_brand":[],"product_cat":[8467],"product_tag":[8491,8492,8521,8513,8514],"class_list":{"0":"post-67961","1":"product","2":"type-product","3":"status-publish","4":"has-post-thumbnail","6":"product_cat-vasilij-kandinski-de","7":"product_tag-kandinski-de","8":"product_tag-kandinsky-de","9":"product_tag-maler","10":"product_tag-reproduktion","11":"product_tag-reproduktionen","12":"pa_dimenzija-100-x-70-cm","13":"pa_dimenzija-120-x-80-cm","14":"pa_dimenzija-140-x-100-cm","15":"pa_dimenzija-162-x-111-cm","16":"pa_dimenzija-200-x-140-cm","17":"pa_dimenzija-60-x-40-cm","18":"pa_dimenzija-70-x-50-cm","19":"pa_dimenzija-90-x-60-cm","20":"pa_oblika-horizontal-de","21":"pa_okvir-ohne-rahmen","22":"pa_podokvir-ja","23":"pa_podokvir-nein","25":"first","26":"onbackorder","27":"purchasable","28":"product-type-variable","29":"has-default-attributes"},"acf":[],"yoast_head":"<!-- This site is optimized with the Yoast SEO Premium plugin v26.0 (Yoast SEO v27.2) - https:\/\/yoast.com\/product\/yoast-seo-premium-wordpress\/ -->\n<title>Vasilij Kandinski - Improvisation 28 (second version) (Improvisation 28 [zweite Fassung]) - SVETSLIK.SI - 100% handgemalt<\/title>\n<meta name=\"description\" content=\"Vasilij Kandinski - Improvisation 28 (second version) (Improvisation 28 [zweite Fassung]) - 100% handgemalte Gem\u00e4lde - Verkauf von Reproduktionen ber\u00fchmter Gem\u00e4lde und abstrakter Kunst - Wandbilder f\u00fcr das Wohnzimmer\" \/>\n<meta name=\"robots\" content=\"index, follow, max-snippet:-1, max-image-preview:large, max-video-preview:-1\" \/>\n<link rel=\"canonical\" href=\"https:\/\/svetslik.si\/de\/vasilij-kandinski-de\/improvisation-28-second-version-improvisation-28-zweite-fassung\/\" \/>\n<meta property=\"og:locale\" content=\"de_DE\" \/>\n<meta property=\"og:type\" content=\"article\" \/>\n<meta property=\"og:title\" content=\"Vasilij Kandinski - Improvisation 28 (second version) (Improvisation 28 [zweite Fassung])\" \/>\n<meta property=\"og:description\" content=\"100% ro\u010dno naslikane slike na platnu, reprodukcije znanih slikarjev in umetni\u0161ke slike po naro\u010dilu.\" \/>\n<meta property=\"og:url\" content=\"https:\/\/svetslik.si\/de\/vasilij-kandinski-de\/improvisation-28-second-version-improvisation-28-zweite-fassung\/\" \/>\n<meta property=\"og:site_name\" content=\"SVETSLIK.SI\" \/>\n<meta property=\"article:publisher\" content=\"https:\/\/www.facebook.com\/svetslik.si\" \/>\n<meta property=\"article:modified_time\" content=\"2026-03-22T19:05:22+00:00\" \/>\n<meta property=\"og:image\" content=\"https:\/\/svetslik.si\/wp-content\/uploads\/2021\/08\/image_Improvisation-28-second-version-Improvisation-28-zweite-Fassung_680-scaled.jpg\" \/>\n\t<meta property=\"og:image:width\" content=\"2560\" \/>\n\t<meta property=\"og:image:height\" content=\"1733\" \/>\n\t<meta property=\"og:image:type\" content=\"image\/jpeg\" \/>\n<meta name=\"twitter:card\" content=\"summary_large_image\" \/>\n<meta name=\"twitter:site\" content=\"@svetslik\" \/>\n<meta name=\"twitter:label1\" content=\"Verf\u00fcgbarkeit\" \/>\n\t<meta name=\"twitter:data1\" content=\"bei Nachbestellung\" \/>\n<script type=\"application\/ld+json\" class=\"yoast-schema-graph\">{\"@context\":\"https:\/\/schema.org\",\"@graph\":[{\"@type\":[\"WebPage\",\"ItemPage\"],\"@id\":\"https:\/\/svetslik.si\/de\/vasilij-kandinski-de\/improvisation-28-second-version-improvisation-28-zweite-fassung\/\",\"url\":\"https:\/\/svetslik.si\/de\/vasilij-kandinski-de\/improvisation-28-second-version-improvisation-28-zweite-fassung\/\",\"name\":\"Vasilij Kandinski - Improvisation 28 (second version) (Improvisation 28 [zweite Fassung]) - SVETSLIK.SI - 100% handgemalt\",\"isPartOf\":{\"@id\":\"https:\/\/svetslik.si\/de\/#website\"},\"primaryImageOfPage\":{\"@id\":\"https:\/\/svetslik.si\/de\/vasilij-kandinski-de\/improvisation-28-second-version-improvisation-28-zweite-fassung\/#primaryimage\"},\"image\":{\"@id\":\"https:\/\/svetslik.si\/de\/vasilij-kandinski-de\/improvisation-28-second-version-improvisation-28-zweite-fassung\/#primaryimage\"},\"thumbnailUrl\":\"https:\/\/svetslik.si\/wp-content\/uploads\/2021\/08\/image_Improvisation-28-second-version-Improvisation-28-zweite-Fassung_680-scaled.jpg\",\"datePublished\":\"2021-09-02T15:57:09+00:00\",\"dateModified\":\"2026-03-22T19:05:22+00:00\",\"description\":\"Vasilij Kandinski - Improvisation 28 (second version) (Improvisation 28 [zweite Fassung]) - 100% handgemalte Gem\u00e4lde - Verkauf von Reproduktionen ber\u00fchmter Gem\u00e4lde und abstrakter Kunst - Wandbilder f\u00fcr das Wohnzimmer\",\"breadcrumb\":{\"@id\":\"https:\/\/svetslik.si\/de\/vasilij-kandinski-de\/improvisation-28-second-version-improvisation-28-zweite-fassung\/#breadcrumb\"},\"inLanguage\":\"de\",\"potentialAction\":[{\"@type\":\"ReadAction\",\"target\":[\"https:\/\/svetslik.si\/de\/vasilij-kandinski-de\/improvisation-28-second-version-improvisation-28-zweite-fassung\/\"]}]},{\"@type\":\"ImageObject\",\"inLanguage\":\"de\",\"@id\":\"https:\/\/svetslik.si\/de\/vasilij-kandinski-de\/improvisation-28-second-version-improvisation-28-zweite-fassung\/#primaryimage\",\"url\":\"https:\/\/svetslik.si\/wp-content\/uploads\/2021\/08\/image_Improvisation-28-second-version-Improvisation-28-zweite-Fassung_680-scaled.jpg\",\"contentUrl\":\"https:\/\/svetslik.si\/wp-content\/uploads\/2021\/08\/image_Improvisation-28-second-version-Improvisation-28-zweite-Fassung_680-scaled.jpg\",\"width\":2560,\"height\":1733,\"caption\":\"Vasilij Kandinski - Improvisation 28 (second version) (Improvisation 28 [zweite Fassung]) - Gem\u00e4lde, Leinwandbilder, Reproduktion - 100% handgemalte, Reproduktionen ber\u00fchmter Gem\u00e4lde, Gem\u00e4lde kaufen, Wandbilder Wohnzimmer, ber\u00fchmtes Gem\u00e4lde, \u00d6lgem\u00e4lde, Bilderrahmen\"},{\"@type\":\"BreadcrumbList\",\"@id\":\"https:\/\/svetslik.si\/de\/vasilij-kandinski-de\/improvisation-28-second-version-improvisation-28-zweite-fassung\/#breadcrumb\",\"itemListElement\":[{\"@type\":\"ListItem\",\"position\":1,\"name\":\"Wandkunst und Gem\u00e4lde auf Leinwand\",\"item\":\"https:\/\/svetslik.si\/de\/\"},{\"@type\":\"ListItem\",\"position\":2,\"name\":\"Verkauf von Gem\u00e4lden\",\"item\":\"https:\/\/svetslik.si\/prodaja-slik\/\"},{\"@type\":\"ListItem\",\"position\":3,\"name\":\"Vasilij Kandinski &#8211; Improvisation 28 (second version) (Improvisation 28 [zweite Fassung])\"}]},{\"@type\":\"WebSite\",\"@id\":\"https:\/\/svetslik.si\/de\/#website\",\"url\":\"https:\/\/svetslik.si\/de\/\",\"name\":\"SVETSLIK.SI\",\"description\":\"100% handgemalte Reproduktionen von Gem\u00e4lden ber\u00fchmter Maler und Gem\u00e4lde auf Leinwand.\",\"publisher\":{\"@id\":\"https:\/\/svetslik.si\/de\/#organization\"},\"potentialAction\":[{\"@type\":\"SearchAction\",\"target\":{\"@type\":\"EntryPoint\",\"urlTemplate\":\"https:\/\/svetslik.si\/de\/?s={search_term_string}\"},\"query-input\":{\"@type\":\"PropertyValueSpecification\",\"valueRequired\":true,\"valueName\":\"search_term_string\"}}],\"inLanguage\":\"de\"},{\"@type\":\"Organization\",\"@id\":\"https:\/\/svetslik.si\/de\/#organization\",\"name\":\"SvetSlik.si\",\"url\":\"https:\/\/svetslik.si\/de\/\",\"logo\":{\"@type\":\"ImageObject\",\"inLanguage\":\"de\",\"@id\":\"https:\/\/svetslik.si\/de\/#\/schema\/logo\/image\/\",\"url\":\"https:\/\/svetslik.si\/wp-content\/uploads\/2020\/12\/logo-512.png\",\"contentUrl\":\"https:\/\/svetslik.si\/wp-content\/uploads\/2020\/12\/logo-512.png\",\"width\":512,\"height\":512,\"caption\":\"SvetSlik.si\"},\"image\":{\"@id\":\"https:\/\/svetslik.si\/de\/#\/schema\/logo\/image\/\"},\"sameAs\":[\"https:\/\/www.facebook.com\/svetslik.si\",\"https:\/\/x.com\/svetslik\",\"https:\/\/www.instagram.com\/svetslik.si\/\",\"https:\/\/www.linkedin.com\/company\/svetslik-si\"]}]}<\/script>\n<meta property=\"og:availability\" content=\"backorder\" \/>\n<meta property=\"product:availability\" content=\"available for order\" \/>\n<meta property=\"product:retailer_item_id\" content=\"316__\" \/>\n<meta property=\"product:condition\" content=\"new\" \/>\n<!-- \/ Yoast SEO Premium plugin. -->","yoast_head_json":{"title":"Vasilij Kandinski - Improvisation 28 (second version) (Improvisation 28 [zweite Fassung]) - SVETSLIK.SI - 100% handgemalt","description":"Vasilij Kandinski - Improvisation 28 (second version) (Improvisation 28 [zweite Fassung]) - 100% handgemalte Gem\u00e4lde - Verkauf von Reproduktionen ber\u00fchmter Gem\u00e4lde und abstrakter Kunst - Wandbilder f\u00fcr das Wohnzimmer","robots":{"index":"index","follow":"follow","max-snippet":"max-snippet:-1","max-image-preview":"max-image-preview:large","max-video-preview":"max-video-preview:-1"},"canonical":"https:\/\/svetslik.si\/de\/vasilij-kandinski-de\/improvisation-28-second-version-improvisation-28-zweite-fassung\/","og_locale":"de_DE","og_type":"article","og_title":"Vasilij Kandinski - Improvisation 28 (second version) (Improvisation 28 [zweite Fassung])","og_description":"100% ro\u010dno naslikane slike na platnu, reprodukcije znanih slikarjev in umetni\u0161ke slike po naro\u010dilu.","og_url":"https:\/\/svetslik.si\/de\/vasilij-kandinski-de\/improvisation-28-second-version-improvisation-28-zweite-fassung\/","og_site_name":"SVETSLIK.SI","article_publisher":"https:\/\/www.facebook.com\/svetslik.si","article_modified_time":"2026-03-22T19:05:22+00:00","og_image":[{"width":2560,"height":1733,"url":"https:\/\/svetslik.si\/wp-content\/uploads\/2021\/08\/image_Improvisation-28-second-version-Improvisation-28-zweite-Fassung_680-scaled.jpg","type":"image\/jpeg"}],"twitter_card":"summary_large_image","twitter_site":"@svetslik","twitter_misc":{"Verf\u00fcgbarkeit":"bei Nachbestellung"},"schema":{"@context":"https:\/\/schema.org","@graph":[{"@type":["WebPage","ItemPage"],"@id":"https:\/\/svetslik.si\/de\/vasilij-kandinski-de\/improvisation-28-second-version-improvisation-28-zweite-fassung\/","url":"https:\/\/svetslik.si\/de\/vasilij-kandinski-de\/improvisation-28-second-version-improvisation-28-zweite-fassung\/","name":"Vasilij Kandinski - Improvisation 28 (second version) (Improvisation 28 [zweite Fassung]) - SVETSLIK.SI - 100% handgemalt","isPartOf":{"@id":"https:\/\/svetslik.si\/de\/#website"},"primaryImageOfPage":{"@id":"https:\/\/svetslik.si\/de\/vasilij-kandinski-de\/improvisation-28-second-version-improvisation-28-zweite-fassung\/#primaryimage"},"image":{"@id":"https:\/\/svetslik.si\/de\/vasilij-kandinski-de\/improvisation-28-second-version-improvisation-28-zweite-fassung\/#primaryimage"},"thumbnailUrl":"https:\/\/svetslik.si\/wp-content\/uploads\/2021\/08\/image_Improvisation-28-second-version-Improvisation-28-zweite-Fassung_680-scaled.jpg","datePublished":"2021-09-02T15:57:09+00:00","dateModified":"2026-03-22T19:05:22+00:00","description":"Vasilij Kandinski - Improvisation 28 (second version) (Improvisation 28 [zweite Fassung]) - 100% handgemalte Gem\u00e4lde - Verkauf von Reproduktionen ber\u00fchmter Gem\u00e4lde und abstrakter Kunst - Wandbilder f\u00fcr das Wohnzimmer","breadcrumb":{"@id":"https:\/\/svetslik.si\/de\/vasilij-kandinski-de\/improvisation-28-second-version-improvisation-28-zweite-fassung\/#breadcrumb"},"inLanguage":"de","potentialAction":[{"@type":"ReadAction","target":["https:\/\/svetslik.si\/de\/vasilij-kandinski-de\/improvisation-28-second-version-improvisation-28-zweite-fassung\/"]}]},{"@type":"ImageObject","inLanguage":"de","@id":"https:\/\/svetslik.si\/de\/vasilij-kandinski-de\/improvisation-28-second-version-improvisation-28-zweite-fassung\/#primaryimage","url":"https:\/\/svetslik.si\/wp-content\/uploads\/2021\/08\/image_Improvisation-28-second-version-Improvisation-28-zweite-Fassung_680-scaled.jpg","contentUrl":"https:\/\/svetslik.si\/wp-content\/uploads\/2021\/08\/image_Improvisation-28-second-version-Improvisation-28-zweite-Fassung_680-scaled.jpg","width":2560,"height":1733,"caption":"Vasilij Kandinski - Improvisation 28 (second version) (Improvisation 28 [zweite Fassung]) - Gem\u00e4lde, Leinwandbilder, Reproduktion - 100% handgemalte, Reproduktionen ber\u00fchmter Gem\u00e4lde, Gem\u00e4lde kaufen, Wandbilder Wohnzimmer, ber\u00fchmtes Gem\u00e4lde, \u00d6lgem\u00e4lde, Bilderrahmen"},{"@type":"BreadcrumbList","@id":"https:\/\/svetslik.si\/de\/vasilij-kandinski-de\/improvisation-28-second-version-improvisation-28-zweite-fassung\/#breadcrumb","itemListElement":[{"@type":"ListItem","position":1,"name":"Wandkunst und Gem\u00e4lde auf Leinwand","item":"https:\/\/svetslik.si\/de\/"},{"@type":"ListItem","position":2,"name":"Verkauf von Gem\u00e4lden","item":"https:\/\/svetslik.si\/prodaja-slik\/"},{"@type":"ListItem","position":3,"name":"Vasilij Kandinski &#8211; Improvisation 28 (second version) (Improvisation 28 [zweite Fassung])"}]},{"@type":"WebSite","@id":"https:\/\/svetslik.si\/de\/#website","url":"https:\/\/svetslik.si\/de\/","name":"SVETSLIK.SI","description":"100% handgemalte Reproduktionen von Gem\u00e4lden ber\u00fchmter Maler und Gem\u00e4lde auf Leinwand.","publisher":{"@id":"https:\/\/svetslik.si\/de\/#organization"},"potentialAction":[{"@type":"SearchAction","target":{"@type":"EntryPoint","urlTemplate":"https:\/\/svetslik.si\/de\/?s={search_term_string}"},"query-input":{"@type":"PropertyValueSpecification","valueRequired":true,"valueName":"search_term_string"}}],"inLanguage":"de"},{"@type":"Organization","@id":"https:\/\/svetslik.si\/de\/#organization","name":"SvetSlik.si","url":"https:\/\/svetslik.si\/de\/","logo":{"@type":"ImageObject","inLanguage":"de","@id":"https:\/\/svetslik.si\/de\/#\/schema\/logo\/image\/","url":"https:\/\/svetslik.si\/wp-content\/uploads\/2020\/12\/logo-512.png","contentUrl":"https:\/\/svetslik.si\/wp-content\/uploads\/2020\/12\/logo-512.png","width":512,"height":512,"caption":"SvetSlik.si"},"image":{"@id":"https:\/\/svetslik.si\/de\/#\/schema\/logo\/image\/"},"sameAs":["https:\/\/www.facebook.com\/svetslik.si","https:\/\/x.com\/svetslik","https:\/\/www.instagram.com\/svetslik.si\/","https:\/\/www.linkedin.com\/company\/svetslik-si"]}]},"og_availability":"backorder","product_availability":"available for order","product_retailer_item_id":"316__","product_condition":"new"},"jetpack_sharing_enabled":true,"_links":{"self":[{"href":"https:\/\/svetslik.si\/de\/wp-json\/wp\/v2\/product\/67961","targetHints":{"allow":["GET"]}}],"collection":[{"href":"https:\/\/svetslik.si\/de\/wp-json\/wp\/v2\/product"}],"about":[{"href":"https:\/\/svetslik.si\/de\/wp-json\/wp\/v2\/types\/product"}],"wp:featuredmedia":[{"embeddable":true,"href":"https:\/\/svetslik.si\/de\/wp-json\/wp\/v2\/media\/63684"}],"wp:attachment":[{"href":"https:\/\/svetslik.si\/de\/wp-json\/wp\/v2\/media?parent=67961"}],"wp:term":[{"taxonomy":"product_brand","embeddable":true,"href":"https:\/\/svetslik.si\/de\/wp-json\/wp\/v2\/product_brand?post=67961"},{"taxonomy":"product_cat","embeddable":true,"href":"https:\/\/svetslik.si\/de\/wp-json\/wp\/v2\/product_cat?post=67961"},{"taxonomy":"product_tag","embeddable":true,"href":"https:\/\/svetslik.si\/de\/wp-json\/wp\/v2\/product_tag?post=67961"}],"curies":[{"name":"wp","href":"https:\/\/api.w.org\/{rel}","templated":true}]}}